{"id":2290,"date":"2026-01-07T16:16:31","date_gmt":"2026-01-07T16:16:31","guid":{"rendered":"https:\/\/sentrimax.com\/?page_id=2290"},"modified":"2026-04-21T21:15:06","modified_gmt":"2026-04-21T21:15:06","slug":"sharples-centrifuge-parts-in-baltimore-md-washington-dc","status":"publish","type":"page","link":"https:\/\/sentrimax.com\/fr\/sharples-centrifuge-parts-in-baltimore-md-washington-dc\/","title":{"rendered":"Pi\u00e8ces d\u00e9tach\u00e9es pour centrifugeuses Sharples \u00e0 Baltimore (MD) et Washington (DC)"},"content":{"rendered":"<p data-start=\"320\" data-end=\"856\"><img fetchpriority=\"high\" decoding=\"async\" class=\"aligncenter size-full wp-image-1618\" src=\"https:\/\/sentrimax.com\/wp-content\/uploads\/2025\/07\/Pharmaceuticals.png\" alt=\"\" width=\"1536\" height=\"1024\" srcset=\"https:\/\/sentrimax.com\/wp-content\/uploads\/2025\/07\/Pharmaceuticals.png 1536w, https:\/\/sentrimax.com\/wp-content\/uploads\/2025\/07\/Pharmaceuticals-300x200.png 300w, https:\/\/sentrimax.com\/wp-content\/uploads\/2025\/07\/Pharmaceuticals-1024x683.png 1024w, https:\/\/sentrimax.com\/wp-content\/uploads\/2025\/07\/Pharmaceuticals-768x512.png 768w, https:\/\/sentrimax.com\/wp-content\/uploads\/2025\/07\/Pharmaceuticals-600x400.png 600w\" sizes=\"(max-width: 1536px) 100vw, 1536px\" \/><\/p>\n<p data-start=\"320\" data-end=\"856\">Sentrimax fournit des pi\u00e8ces de centrifugeuses Sharples de qualit\u00e9 sup\u00e9rieure aux stations d&#039;\u00e9puration et aux op\u00e9rations industrielles dans le monde entier. <strong data-start=\"445\" data-end=\"468\">Baltimore, Maryland<\/strong> et <strong data-start=\"473\" data-end=\"493\">Washington, D.C.<\/strong> Fort d&#039;une vaste exp\u00e9rience dans la maintenance, la r\u00e9paration et la fourniture de pi\u00e8ces d\u00e9tach\u00e9es pour centrifugeuses, <strong data-start=\"574\" data-end=\"587\">Sentrimax<\/strong> Sentrimax aide les installations \u00e0 maintenir le fonctionnement efficace et fiable de leurs \u00e9quipements de s\u00e9paration critiques. Qu&#039;il s&#039;agisse de la maintenance d&#039;\u00e9quipements vieillissants ou de la maintenance pr\u00e9ventive, Sentrimax fournit des composants de qualit\u00e9 d&#039;origine et une expertise sectorielle qui prolongent la dur\u00e9e de vie des \u00e9quipements et r\u00e9duisent les temps d&#039;arr\u00eat.<\/p>\n<p data-start=\"858\" data-end=\"1428\">Les centrifugeuses d\u00e9canteuses Sharples et les \u00e9quipements similaires de s\u00e9paration solide-liquide sont des \u00e9l\u00e9ments essentiels des stations d&#039;\u00e9puration, du traitement des biosolides et de la d\u00e9shydratation industrielle. Ces machines fonctionnent dans des environnements exigeants, avec des mat\u00e9riaux abrasifs, des particules solides denses et des couples de serrage continus. Au fil du temps, les composants cl\u00e9s tels que les roulements, les joints d&#039;\u00e9tanch\u00e9it\u00e9, les rev\u00eatements anti-usure, les spirales et les r\u00e9ducteurs subissent une usure susceptible de nuire \u00e0 leurs performances. Sentrimax comprend ces enjeux et propose une vaste gamme de pi\u00e8ces de rechange de qualit\u00e9, con\u00e7ues pour r\u00e9pondre aux exigences d&#039;une utilisation r\u00e9elle.<\/p>\n<p data-start=\"1430\" data-end=\"1674\">Cette page d&#039;accueil pr\u00e9sente les pi\u00e8ces d\u00e9tach\u00e9es pour centrifugeuse Sharples disponibles en <strong data-start=\"1500\" data-end=\"1517\">Baltimore, Maryland<\/strong> et <strong data-start=\"1522\" data-end=\"1540\">Washington, D.C.<\/strong>, explique pourquoi les installations font confiance \u00e0 Sentrimax et souligne comment le soutien cibl\u00e9 en mati\u00e8re de pi\u00e8ces d\u00e9tach\u00e9es contribue \u00e0 la performance \u00e0 long terme des \u00e9quipements.<\/p>\n<hr data-start=\"1676\" data-end=\"1679\" \/>\n<p data-start=\"1681\" data-end=\"1747\"><strong data-start=\"1681\" data-end=\"1747\">Assistance locale en pi\u00e8ces d\u00e9tach\u00e9es pour les installations de Baltimore et de Washington DC<\/strong><\/p>\n<p data-start=\"1749\" data-end=\"2130\">stations d&#039;\u00e9puration des eaux us\u00e9es dans <strong data-start=\"1770\" data-end=\"1783\">Baltimore<\/strong> et <strong data-start=\"1788\" data-end=\"1805\">Washington DC<\/strong> Le bon fonctionnement des centrifugeuses est essentiel pour respecter les exigences r\u00e9glementaires et g\u00e9rer efficacement les biosolides. En cas d&#039;usure des composants, un acc\u00e8s rapide \u00e0 des pi\u00e8ces de rechange fiables est crucial. Sentrimax assure un service d&#039;assistance r\u00e9actif dans les deux zones m\u00e9tropolitaines, permettant ainsi aux installations de se procurer les pi\u00e8ces n\u00e9cessaires sans retards co\u00fbteux.<\/p>\n<p data-start=\"2132\" data-end=\"2419\">Le r\u00e9seau de service local de Sentrimax contribue \u00e0 r\u00e9duire les co\u00fbts logistiques et les d\u00e9lais de livraison. Gr\u00e2ce \u00e0 un stock important et \u00e0 un acc\u00e8s direct aux circuits de production, les installations de la r\u00e9gion peuvent se procurer des composants essentiels et garantir leur disponibilit\u00e9, m\u00eame pendant les p\u00e9riodes de maintenance intensive.<\/p>\n<hr data-start=\"2421\" data-end=\"2424\" \/>\n<p data-start=\"2426\" data-end=\"2479\"><strong data-start=\"2426\" data-end=\"2479\">Inventaire complet des pi\u00e8ces d\u00e9tach\u00e9es pour centrifugeuses Sharples<\/strong><\/p>\n<p data-start=\"2481\" data-end=\"2725\">Sentrimax dispose d&#039;un stock complet de pi\u00e8ces de rechange pour les centrifugeuses Sharples et les \u00e9quipements de s\u00e9paration associ\u00e9s. Toutes les pi\u00e8ces sont inspect\u00e9es et v\u00e9rifi\u00e9es avant distribution afin de garantir un ajustement parfait, des performances optimales et une dur\u00e9e de vie prolong\u00e9e.<\/p>\n<ul data-start=\"2727\" data-end=\"3470\">\n<li data-start=\"2727\" data-end=\"2845\">\n<p data-start=\"2729\" data-end=\"2845\"><strong data-start=\"2729\" data-end=\"2764\">Roulements et ensembles de roulements<\/strong> \u2013 des pi\u00e8ces de rechange de pr\u00e9cision con\u00e7ues pour r\u00e9sister \u00e0 de fortes charges radiales et axiales.<\/p>\n<\/li>\n<li data-start=\"2846\" data-end=\"2948\">\n<p data-start=\"2848\" data-end=\"2948\"><strong data-start=\"2848\" data-end=\"2869\">Joints et garnitures<\/strong> \u2013 des mat\u00e9riaux de haute qualit\u00e9 con\u00e7us pour r\u00e9sister \u00e0 la contamination et \u00e0 la p\u00e9n\u00e9tration de liquides.<\/p>\n<\/li>\n<li data-start=\"2949\" data-end=\"3072\">\n<p data-start=\"2951\" data-end=\"3072\"><strong data-start=\"2951\" data-end=\"2976\">Rev\u00eatements d&#039;usure et carreaux<\/strong> \u2013 des composants r\u00e9sistants \u00e0 l&#039;abrasion qui prot\u00e8gent les spirales et les bo\u00eetiers contre l&#039;usure excessive due aux solides.<\/p>\n<\/li>\n<li data-start=\"3073\" data-end=\"3189\">\n<p data-start=\"3075\" data-end=\"3189\"><strong data-start=\"3075\" data-end=\"3105\">\u00c9l\u00e9ments de volute et de convoyeur<\/strong> \u2013 G\u00e9om\u00e9trie optimis\u00e9e pour un transport efficace des solides et une siccit\u00e9 homog\u00e8ne du g\u00e2teau.<\/p>\n<\/li>\n<li data-start=\"3190\" data-end=\"3296\">\n<p data-start=\"3192\" data-end=\"3296\"><strong data-start=\"3192\" data-end=\"3214\">Composants de bo\u00eete de vitesses<\/strong> \u2013 arbres, engrenages et lubrifiants n\u00e9cessaires pour assurer une transmission de couple fluide.<\/p>\n<\/li>\n<li data-start=\"3297\" data-end=\"3389\">\n<p data-start=\"3299\" data-end=\"3389\"><strong data-start=\"3299\" data-end=\"3324\">Assemblages de bol et de moyeu<\/strong> \u2013 les composants rotatifs centraux qui d\u00e9finissent les performances de s\u00e9paration.<\/p>\n<\/li>\n<li data-start=\"3390\" data-end=\"3470\">\n<p data-start=\"3392\" data-end=\"3470\"><strong data-start=\"3392\" data-end=\"3423\">Kits de fixation et de quincaillerie<\/strong> \u2013 \u00e9l\u00e9ments essentiels pour les t\u00e2ches de remontage et d&#039;entretien.<\/p>\n<\/li>\n<\/ul>\n<p data-start=\"3472\" data-end=\"3650\">Ces pi\u00e8ces conviennent aussi bien aux programmes de maintenance pr\u00e9ventive qu&#039;aux r\u00e9parations non planifi\u00e9es, permettant ainsi aux installations de planifier la maintenance en toute confiance et d&#039;\u00e9viter les pannes inattendues.<\/p>\n<p data-start=\"3652\" data-end=\"3843\">Pour plus d&#039;informations sur la disponibilit\u00e9 des pi\u00e8ces et leur compatibilit\u00e9 avec les mod\u00e8les de centrifugeuses Sharples sp\u00e9cifiques, consultez la page des pi\u00e8ces d\u00e9tach\u00e9es pour centrifugeuses Sentrimax sur <a class=\"decorated-link cursor-pointer\" target=\"_new\" rel=\"noopener\" data-start=\"3803\" data-end=\"3842\">https:\/\/sentrimax.com\/centrifuge-parts\/<\/a>.<\/p>\n<hr data-start=\"3845\" data-end=\"3848\" \/>\n<p data-start=\"3850\" data-end=\"3893\"><strong data-start=\"3850\" data-end=\"3893\">Qualit\u00e9 et compatibilit\u00e9 sur lesquelles vous pouvez compter<\/strong><\/p>\n<p data-start=\"3895\" data-end=\"4171\">Sentrimax fournit des pi\u00e8ces conformes, voire sup\u00e9rieures, aux sp\u00e9cifications des fabricants d&#039;\u00e9quipement d&#039;origine. La qualit\u00e9 des mat\u00e9riaux, le respect des tol\u00e9rances et la garantie de compatibilit\u00e9 sont essentiels pour les pi\u00e8ces destin\u00e9es \u00e0 \u00eatre install\u00e9es dans des machines tournantes \u00e0 grande vitesse soumises \u00e0 des conditions d&#039;utilisation exigeantes.<\/p>\n<p data-start=\"4173\" data-end=\"4578\">Avant exp\u00e9dition, chaque pi\u00e8ce est inspect\u00e9e afin de v\u00e9rifier sa pr\u00e9cision dimensionnelle et l&#039;int\u00e9grit\u00e9 des mat\u00e9riaux. Cette approche ax\u00e9e sur la qualit\u00e9 minimise les risques d&#039;usure pr\u00e9matur\u00e9e ou de probl\u00e8mes d&#039;ajustement et permet aux installations d&#039;atteindre des performances pr\u00e9visibles. <strong data-start=\"4427\" data-end=\"4443\">Baltimore, Maryland<\/strong> et <strong data-start=\"4448\" data-end=\"4465\">Washington DC<\/strong> peuvent commander des pi\u00e8ces individuellement ou dans le cadre d&#039;un kit de reconstruction complet adapt\u00e9 \u00e0 leur plan d&#039;entretien sp\u00e9cifique.<\/p>\n<p data-start=\"4580\" data-end=\"4753\">Qu\u2019il s\u2019agisse de remplacer une spirale us\u00e9e ou de moderniser les joints pour un meilleur contr\u00f4le de la contamination, les installations ont tout int\u00e9r\u00eat \u00e0 savoir que les composants qu\u2019elles re\u00e7oivent sont con\u00e7us pour \u00eatre performants.<\/p>\n<hr data-start=\"4755\" data-end=\"4758\" \/>\n<p data-start=\"4760\" data-end=\"4822\"><strong data-start=\"4760\" data-end=\"4822\">Pi\u00e8ces pour la maintenance pr\u00e9ventive et la fiabilit\u00e9 \u00e0 long terme<\/strong><\/p>\n<p data-start=\"4824\" data-end=\"5228\">La maintenance pr\u00e9ventive bien planifi\u00e9e est l&#039;un des moyens les plus efficaces d&#039;am\u00e9liorer la fiabilit\u00e9 des centrifugeuses Sharples. Sentrimax aide les installations \u00e0 concevoir des programmes de remplacement de pi\u00e8ces bas\u00e9s sur les heures de fonctionnement, la charge en solides, les donn\u00e9es de vibration et l&#039;historique d&#039;usure. En rempla\u00e7ant les composants cl\u00e9s selon un calendrier \u00e9tabli, les installations peuvent maintenir l&#039;efficacit\u00e9 de la d\u00e9shydratation et r\u00e9duire la fr\u00e9quence des r\u00e9parations d&#039;urgence.<\/p>\n<p data-start=\"5230\" data-end=\"5555\">Sentrimax propose \u00e9galement des services d&#039;analyse vibratoire, d&#039;\u00e9chantillonnage d&#039;huile et de surveillance de l&#039;\u00e9tat des \u00e9quipements, dans le cadre d&#039;une strat\u00e9gie de maintenance globale. En combinant des analyses pr\u00e9dictives et un stock de pi\u00e8ces d\u00e9tach\u00e9es, les installations\u2026 <strong data-start=\"5450\" data-end=\"5463\">Baltimore<\/strong> et <strong data-start=\"5468\" data-end=\"5485\">Washington DC<\/strong> peut passer de solutions correctives r\u00e9actives \u00e0 une planification proactive de la maintenance.<\/p>\n<p data-start=\"5557\" data-end=\"5677\">Pour b\u00e9n\u00e9ficier de services d&#039;entretien et de r\u00e9paration complets qui compl\u00e8tent la fourniture de pi\u00e8ces d\u00e9tach\u00e9es, explorez <a class=\"decorated-link cursor-pointer\" target=\"_new\" rel=\"noopener\" data-start=\"5636\" data-end=\"5676\">https:\/\/sentrimax.com\/centrifuge-repair\/<\/a>.<\/p>\n<hr data-start=\"5679\" data-end=\"5682\" \/>\n<p data-start=\"5684\" data-end=\"5753\"><strong data-start=\"5684\" data-end=\"5753\">Pi\u00e8ces destin\u00e9es aux applications de traitement des eaux us\u00e9es et de proc\u00e9d\u00e9s industriels<\/strong><\/p>\n<p data-start=\"5755\" data-end=\"6031\">Les centrifugeuses Sharples sont utilis\u00e9es dans diverses applications, notamment la d\u00e9shydratation des boues d&#039;\u00e9puration municipales, la s\u00e9paration des mati\u00e8res solides des effluents industriels et le traitement des biosolides. Sentrimax sait que chaque application impose des exigences sp\u00e9cifiques aux composants des centrifugeuses. Par exemple\u00a0:<\/p>\n<ul data-start=\"6033\" data-end=\"6355\">\n<li data-start=\"6033\" data-end=\"6136\">\n<p data-start=\"6035\" data-end=\"6136\">Les eaux us\u00e9es municipales contiennent souvent des quantit\u00e9s variables de mati\u00e8res solides et n\u00e9cessitent des joints d&#039;\u00e9tanch\u00e9it\u00e9 r\u00e9sistants \u00e0 la corrosion.<\/p>\n<\/li>\n<li data-start=\"6137\" data-end=\"6261\">\n<p data-start=\"6139\" data-end=\"6261\">La s\u00e9paration industrielle peut exposer les composants \u00e0 des environnements abrasifs ou chimiques, ce qui n\u00e9cessite des mat\u00e9riaux r\u00e9sistants \u00e0 l&#039;usure.<\/p>\n<\/li>\n<li data-start=\"6262\" data-end=\"6355\">\n<p data-start=\"6264\" data-end=\"6355\">La manutention des biosolides exige des roulements et des composants d&#039;engrenage capables de supporter un fonctionnement continu.<\/p>\n<\/li>\n<\/ul>\n<p data-start=\"6357\" data-end=\"6631\">Sentrimax conseille les installations sur le choix des pi\u00e8ces les plus adapt\u00e9es en fonction des conditions de process, des performances historiques et des objectifs de maintenance. Cette approche ax\u00e9e sur l&#039;application permet de garantir que le remplacement des pi\u00e8ces apporte des am\u00e9liorations mesurables en termes de disponibilit\u00e9 et de performance.<\/p>\n<p data-start=\"6633\" data-end=\"6751\">Pour d\u00e9couvrir comment Sentrimax accompagne sp\u00e9cifiquement les exploitants de stations d&#039;\u00e9puration, consultez le site web. <a class=\"decorated-link cursor-pointer\" target=\"_new\" rel=\"noopener\" data-start=\"6706\" data-end=\"6750\">https:\/\/sentrimax.com\/industries\/wastewater\/<\/a>.<\/p>\n<hr data-start=\"6753\" data-end=\"6756\" \/>\n<p data-start=\"6758\" data-end=\"6807\"><strong data-start=\"6758\" data-end=\"6807\">Soutien aux objectifs environnementaux et r\u00e9glementaires<\/strong><\/p>\n<p data-start=\"6809\" data-end=\"7168\">La fiabilit\u00e9 des \u00e9quipements est directement li\u00e9e au respect des normes environnementales. Les installations dont l&#039;efficacit\u00e9 de s\u00e9paration est r\u00e9duite peuvent faire face \u00e0 une augmentation des co\u00fbts de transport, \u00e0 des perturbations des processus en aval ou \u00e0 des difficult\u00e9s \u00e0 obtenir les permis de rejet. Le remplacement ad\u00e9quat des pi\u00e8ces contribue au maintien du bon fonctionnement des \u00e9quipements et favorise la conformit\u00e9 aux exigences r\u00e9glementaires.<\/p>\n<p data-start=\"7170\" data-end=\"7526\">Pour obtenir des conseils faisant autorit\u00e9 sur la r\u00e9glementation des eaux us\u00e9es et les cadres de conformit\u00e9, consultez des sources telles que\u2026 <strong data-start=\"7270\" data-end=\"7316\">Agence am\u00e9ricaine de protection de l&#039;environnement (EPA)<\/strong> fournir une r\u00e9f\u00e9rence pr\u00e9cieuse\u00a0: <a class=\"decorated-link cursor-pointer\" target=\"_new\" rel=\"noopener\" data-start=\"7345\" data-end=\"7370\">https:\/\/www.epa.gov\/water<\/a>. Le <strong data-start=\"7376\" data-end=\"7414\">F\u00e9d\u00e9ration pour l&#039;environnement de l&#039;eau (WEF)<\/strong> propose \u00e9galement des ressources techniques et des normes industrielles utiles aux professionnels de la sant\u00e9\u00a0: <a class=\"decorated-link\" href=\"https:\/\/www.wef.org\/\" target=\"_new\" rel=\"noopener\" data-start=\"7505\" data-end=\"7525\">https:\/\/www.wef.org\/<\/a>.<\/p>\n<p data-start=\"7528\" data-end=\"7674\">En alignant le support des pi\u00e8ces d\u00e9tach\u00e9es sur la connaissance de la r\u00e9glementation, Sentrimax aide les installations \u00e0 anticiper leurs besoins en mati\u00e8re de service et \u00e0 maintenir le contr\u00f4le des risques op\u00e9rationnels.<\/p>\n<hr data-start=\"7676\" data-end=\"7679\" \/>\n<p data-start=\"7681\" data-end=\"7744\"><strong data-start=\"7681\" data-end=\"7744\">Pourquoi les entreprises de Baltimore et de Washington D.C. choisissent Sentrimax<\/strong><\/p>\n<p data-start=\"7746\" data-end=\"8096\">Les installations dans le <strong data-start=\"7764\" data-end=\"7780\">Baltimore, Maryland<\/strong> et <strong data-start=\"7785\" data-end=\"7802\">Washington DC<\/strong> Dans la r\u00e9gion, Sentrimax est le fournisseur de pi\u00e8ces d\u00e9tach\u00e9es pour centrifugeuses Sharples privil\u00e9gi\u00e9 en raison de son expertise technique pointue, de sa r\u00e9activit\u00e9 et de son engagement envers la qualit\u00e9. Les techniciens de Sentrimax ma\u00eetrisent la conception des \u00e9quipements, les contraintes op\u00e9rationnelles et l&#039;impact d&#039;un choix judicieux des pi\u00e8ces sur la fiabilit\u00e9 \u00e0 long terme.<\/p>\n<p data-start=\"8098\" data-end=\"8372\">Sentrimax assure une communication transparente tout au long du processus de commande de pi\u00e8ces, garantissant ainsi la livraison des composants ad\u00e9quats dans les d\u00e9lais impartis. Chaque commande est accompagn\u00e9e d&#039;une documentation d\u00e9taill\u00e9e, offrant tra\u00e7abilit\u00e9 et informations de r\u00e9f\u00e9rence conformes aux dossiers de maintenance.<\/p>\n<p data-start=\"8374\" data-end=\"8614\">Outre la fourniture de pi\u00e8ces d\u00e9tach\u00e9es, Sentrimax propose des services de conseil sur l&#039;allongement de la dur\u00e9e de vie des composants, la s\u00e9lection des mat\u00e9riaux et l&#039;int\u00e9gration aux strat\u00e9gies de maintenance pr\u00e9ventive, aidant ainsi les installations \u00e0 optimiser leurs investissements et \u00e0 minimiser les r\u00e9parations impr\u00e9vues.<\/p>\n<hr data-start=\"8616\" data-end=\"8619\" \/>\n<p data-start=\"8621\" data-end=\"8654\"><strong data-start=\"8621\" data-end=\"8654\">Services de commande et d&#039;assistance<\/strong><\/p>\n<p data-start=\"8656\" data-end=\"8976\">Commander des pi\u00e8ces pour centrifugeuses Sharples aupr\u00e8s de Sentrimax est simple et rapide. Les \u00e9tablissements peuvent soumettre des demandes de pi\u00e8ces ou solliciter des devis d\u00e9taill\u00e9s, incluant les r\u00e9f\u00e9rences, les d\u00e9lais de livraison et les prix. Une assistance technique est disponible pour v\u00e9rifier la compatibilit\u00e9, recommander des mises \u00e0 niveau ou vous accompagner dans la planification de vos approvisionnements.<\/p>\n<p data-start=\"8978\" data-end=\"9248\">Sentrimax propose \u00e9galement des options de livraison express en cas d&#039;urgence. Qu&#039;il s&#039;agisse de remplacer une garniture d&#039;usure critique avant un arr\u00eat programm\u00e9 ou d&#039;intervenir suite \u00e0 une panne impr\u00e9vue, son \u00e9quipe d&#039;assistance collabore avec les installations pour respecter les d\u00e9lais et assurer la continuit\u00e9 des op\u00e9rations.<\/p>\n<hr data-start=\"9250\" data-end=\"9253\" \/>\n<p data-start=\"9255\" data-end=\"9314\"><strong data-start=\"9255\" data-end=\"9314\">Pi\u00e8ces qui contribuent \u00e0 la performance, \u00e0 la fiabilit\u00e9 et \u00e0 la disponibilit\u00e9<\/strong><\/p>\n<p data-start=\"9316\" data-end=\"9593\">Disposer des pi\u00e8ces d\u00e9tach\u00e9es ad\u00e9quates pour centrifugeuses, ainsi que d&#039;une assistance comp\u00e9tente, fait une r\u00e9elle diff\u00e9rence en mati\u00e8re de fiabilit\u00e9 et de stabilit\u00e9 op\u00e9rationnelle des \u00e9quipements. Les solutions de pi\u00e8ces d\u00e9tach\u00e9es Sentrimax pour centrifugeuses Sharples aident les installations \u00e0 <strong data-start=\"9546\" data-end=\"9562\">Baltimore, Maryland<\/strong> et <strong data-start=\"9567\" data-end=\"9584\">Washington DC<\/strong> atteindre:<\/p>\n<ul data-start=\"9595\" data-end=\"9771\">\n<li data-start=\"9595\" data-end=\"9633\">\n<p data-start=\"9597\" data-end=\"9633\">R\u00e9duction du risque d&#039;interruption de service non planifi\u00e9e<\/p>\n<\/li>\n<li data-start=\"9634\" data-end=\"9672\">\n<p data-start=\"9636\" data-end=\"9672\">Intervalles d&#039;entretien des \u00e9quipements plus longs<\/p>\n<\/li>\n<li data-start=\"9673\" data-end=\"9705\">\n<p data-start=\"9675\" data-end=\"9705\">Meilleure efficacit\u00e9 de d\u00e9shydratation<\/p>\n<\/li>\n<li data-start=\"9706\" data-end=\"9739\">\n<p data-start=\"9708\" data-end=\"9739\">Am\u00e9lioration de la planification de la maintenance<\/p>\n<\/li>\n<li data-start=\"9740\" data-end=\"9771\">\n<p data-start=\"9742\" data-end=\"9771\">Co\u00fbt total de possession inf\u00e9rieur<\/p>\n<\/li>\n<\/ul>\n<p data-start=\"9773\" data-end=\"9928\">Gr\u00e2ce \u00e0 des pi\u00e8ces de qualit\u00e9, des conseils d&#039;experts et un service r\u00e9actif, Sentrimax permet aux installations de maintenir les performances de leurs centrifugeuses m\u00eame dans des conditions exigeantes.<\/p>\n<hr data-start=\"9930\" data-end=\"9933\" \/>\n<p data-start=\"9935\" data-end=\"9986\"><strong data-start=\"9935\" data-end=\"9986\">Commandez d\u00e8s aujourd&#039;hui des pi\u00e8ces d\u00e9tach\u00e9es de qualit\u00e9 pour centrifugeuse Sharples.<\/strong><\/p>\n<p data-start=\"9988\" data-end=\"10282\">Prot\u00e9gez votre investissement dans la centrifugeuse d\u00e9canteuse Sharples et assurez-vous de performances fiables. <strong data-start=\"10078\" data-end=\"10094\">Baltimore, Maryland<\/strong> et <strong data-start=\"10099\" data-end=\"10116\">Washington DC<\/strong> Avec des pi\u00e8ces de rechange de qualit\u00e9 Sentrimax, des roulements et joints aux kits de r\u00e9fection complets, Sentrimax fournit les composants et l&#039;expertise sur lesquels votre \u00e9quipe peut compter.<\/p>\n<p data-start=\"10284\" data-end=\"10338\" data-is-last-node=\"\" data-is-only-node=\"\"><strong data-start=\"10284\" data-end=\"10338\" data-is-last-node=\"\"><a class=\"decorated-link\" href=\"https:\/\/sentrimax.com\/fr\/contact\/\" target=\"_new\" rel=\"noopener\" data-start=\"10286\" data-end=\"10336\">Demandez un devis !<\/a><\/strong><\/p>","protected":false},"excerpt":{"rendered":"<p>Sentrimax provides premium Sharples centrifuge parts to wastewater treatment facilities and industrial operations throughout Baltimore, Maryland and Washington, D.C. With extensive experience in centrifuge maintenance, repair, and parts support, Sentrimax helps facilities keep critical separation equipment operating efficiently and reliably. Whether servicing aging assets or performing proactive maintenance, Sentrimax supplies OEM-quality components and industry expertise [&hellip;]<\/p>\n","protected":false},"author":3,"featured_media":0,"parent":0,"menu_order":0,"comment_status":"closed","ping_status":"closed","template":"seo-page-template.php","meta":{"_acf_changed":false,"inline_featured_image":false,"footnotes":""},"class_list":["post-2290","page","type-page","status-publish","hentry"],"acf":[],"_links":{"self":[{"href":"https:\/\/sentrimax.com\/fr\/wp-json\/wp\/v2\/pages\/2290","targetHints":{"allow":["GET"]}}],"collection":[{"href":"https:\/\/sentrimax.com\/fr\/wp-json\/wp\/v2\/pages"}],"about":[{"href":"https:\/\/sentrimax.com\/fr\/wp-json\/wp\/v2\/types\/page"}],"author":[{"embeddable":true,"href":"https:\/\/sentrimax.com\/fr\/wp-json\/wp\/v2\/users\/3"}],"replies":[{"embeddable":true,"href":"https:\/\/sentrimax.com\/fr\/wp-json\/wp\/v2\/comments?post=2290"}],"version-history":[{"count":1,"href":"https:\/\/sentrimax.com\/fr\/wp-json\/wp\/v2\/pages\/2290\/revisions"}],"predecessor-version":[{"id":2535,"href":"https:\/\/sentrimax.com\/fr\/wp-json\/wp\/v2\/pages\/2290\/revisions\/2535"}],"wp:attachment":[{"href":"https:\/\/sentrimax.com\/fr\/wp-json\/wp\/v2\/media?parent=2290"}],"curies":[{"name":"wp","href":"https:\/\/api.w.org\/{rel}","templated":true}]}}