{"id":2292,"date":"2026-01-07T16:20:10","date_gmt":"2026-01-07T16:20:10","guid":{"rendered":"https:\/\/sentrimax.com\/?page_id=2292"},"modified":"2026-04-21T21:15:05","modified_gmt":"2026-04-21T21:15:05","slug":"flottweg-decanter-centrifuge-service-in-houston-tx","status":"publish","type":"page","link":"https:\/\/sentrimax.com\/fr\/flottweg-decanter-centrifuge-service-in-houston-tx\/","title":{"rendered":"Service de d\u00e9cantation et de centrifugation Flottweg \u00e0 Houston, Texas"},"content":{"rendered":"<p data-start=\"313\" data-end=\"978\"><img fetchpriority=\"high\" decoding=\"async\" class=\"aligncenter size-full wp-image-1613\" src=\"https:\/\/sentrimax.com\/wp-content\/uploads\/2025\/07\/Food-Bev.png\" alt=\"\" width=\"1536\" height=\"1024\" srcset=\"https:\/\/sentrimax.com\/wp-content\/uploads\/2025\/07\/Food-Bev.png 1536w, https:\/\/sentrimax.com\/wp-content\/uploads\/2025\/07\/Food-Bev-300x200.png 300w, https:\/\/sentrimax.com\/wp-content\/uploads\/2025\/07\/Food-Bev-1024x683.png 1024w, https:\/\/sentrimax.com\/wp-content\/uploads\/2025\/07\/Food-Bev-768x512.png 768w, https:\/\/sentrimax.com\/wp-content\/uploads\/2025\/07\/Food-Bev-600x400.png 600w\" sizes=\"(max-width: 1536px) 100vw, 1536px\" \/><\/p>\n<p data-start=\"313\" data-end=\"978\">Sentrimax propose un service complet de centrifugation d\u00e9canteuse Flottweg pour les op\u00e9rations industrielles et de traitement des eaux us\u00e9es. <strong data-start=\"435\" data-end=\"453\">Houston, Texas<\/strong>. Fort de plusieurs d\u00e9cennies d&#039;exp\u00e9rience sur le terrain et de connaissances techniques approfondies, <strong data-start=\"518\" data-end=\"531\">Sentrimax<\/strong> Nous proposons des solutions professionnelles d&#039;inspection, de r\u00e9paration, de maintenance et de remise \u00e0 neuf con\u00e7ues pour garantir le fonctionnement efficace, fiable et conforme aux exigences de performance des centrifugeuses d\u00e9canteuses Flottweg. L&#039;environnement op\u00e9rationnel exigeant de Houston, caract\u00e9ris\u00e9 par des charges \u00e9lev\u00e9es en solides, des mat\u00e9riaux abrasifs et un fonctionnement continu, requiert des partenaires de service poss\u00e9dant une expertise pratique, une assistance r\u00e9active et une priorit\u00e9 accord\u00e9e \u00e0 la performance \u00e0 long terme des centrifugeuses.<\/p>\n<p data-start=\"980\" data-end=\"1536\">Les centrifugeuses d\u00e9canteuses Flottweg sont essentielles \u00e0 la s\u00e9paration solide-liquide dans le traitement des eaux us\u00e9es, la d\u00e9shydratation industrielle et l&#039;optimisation des proc\u00e9d\u00e9s. Bien que ces machines soient con\u00e7ues pour la robustesse et l&#039;efficacit\u00e9, tout \u00e9quipement rotatif \u00e0 grande vitesse subit une usure au fil du temps. Les roulements, les joints, les spirales, les \u00e9l\u00e9ments de convoyeur et les r\u00e9ducteurs n\u00e9cessitent \u00e0 terme l&#039;intervention d&#039;un professionnel. Sentrimax ma\u00eetrise ces m\u00e9canismes et propose des solutions de maintenance permettant de restaurer les performances, de prolonger la dur\u00e9e de vie des \u00e9quipements et d&#039;aider les installations de Houston \u00e0 \u00e9viter les arr\u00eats de production co\u00fbteux.<\/p>\n<hr data-start=\"1538\" data-end=\"1541\" \/>\n<p data-start=\"1543\" data-end=\"1591\"><strong data-start=\"1543\" data-end=\"1591\">Soutenir les infrastructures critiques de Houston<\/strong><\/p>\n<p data-start=\"1593\" data-end=\"2036\">Stations d&#039;\u00e9puration des eaux us\u00e9es, usines de traitement industriel et installations chimiques dans tout le pays <strong data-start=\"1684\" data-end=\"1713\">r\u00e9gion m\u00e9tropolitaine de Houston<\/strong> Les centrifugeuses d\u00e9canteuses Flottweg sont utilis\u00e9es pour la gestion des biosolides, la s\u00e9paration des flux de production et le maintien d&#039;un d\u00e9bit op\u00e9rationnel optimal. En cas de baisse de performance ou de panne m\u00e9canique, les cons\u00e9quences peuvent se r\u00e9percuter sur l&#039;ensemble du processus, entra\u00eenant une r\u00e9duction de la capacit\u00e9, des risques r\u00e9glementaires et une augmentation des co\u00fbts d&#039;exploitation.<\/p>\n<p data-start=\"2038\" data-end=\"2450\">Sentrimax propose un service d&#039;intervention rapide et adapt\u00e9 \u00e0 la r\u00e9gion de Houston. Ses techniciens interviennent sur chaque site avec leur expertise, leurs outils sp\u00e9cialis\u00e9s et des proc\u00e9dures ax\u00e9es sur la s\u00e9curit\u00e9. En combinant l&#039;assistance sur site \u00e0 des capacit\u00e9s d&#039;atelier avanc\u00e9es (\u00e9quilibrage dynamique, usinage de pr\u00e9cision et assemblage), Sentrimax r\u00e9duit les d\u00e9lais de r\u00e9paration et permet aux \u00e9tablissements de remettre rapidement leurs d\u00e9canteurs en service.<\/p>\n<hr data-start=\"2452\" data-end=\"2455\" \/>\n<p data-start=\"2457\" data-end=\"2521\"><strong data-start=\"2457\" data-end=\"2521\">Offre compl\u00e8te de services de d\u00e9cantation et de centrifugation Flottweg<\/strong><\/p>\n<p data-start=\"2523\" data-end=\"2691\">Sentrimax propose un service complet d&#039;entretien des centrifugeuses d\u00e9canteuses Flottweg, con\u00e7u pour r\u00e9pondre aux besoins de maintenance pr\u00e9ventive et de r\u00e9paration urgente. Ses principales prestations comprennent\u00a0:<\/p>\n<ul data-start=\"2693\" data-end=\"3137\">\n<li data-start=\"2693\" data-end=\"2756\">\n<p data-start=\"2695\" data-end=\"2756\">Inspections m\u00e9caniques d\u00e9taill\u00e9es et \u00e9valuations des performances<\/p>\n<\/li>\n<li data-start=\"2757\" data-end=\"2804\">\n<p data-start=\"2759\" data-end=\"2804\">Diagnostic des causes profondes et analyse des d\u00e9faillances<\/p>\n<\/li>\n<li data-start=\"2805\" data-end=\"2857\">\n<p data-start=\"2807\" data-end=\"2857\">r\u00e9paration ou remplacement de rouleaux, de bols et de convoyeurs<\/p>\n<\/li>\n<li data-start=\"2858\" data-end=\"2916\">\n<p data-start=\"2860\" data-end=\"2916\">D\u00e9pose, pose et alignement de pr\u00e9cision des roulements<\/p>\n<\/li>\n<li data-start=\"2917\" data-end=\"2973\">\n<p data-start=\"2919\" data-end=\"2973\">\u00c9valuation, r\u00e9fection et v\u00e9rification du couple de la bo\u00eete de vitesses<\/p>\n<\/li>\n<li data-start=\"2974\" data-end=\"3030\">\n<p data-start=\"2976\" data-end=\"3030\">\u00c9quilibrage dynamique conforme aux normes OEM pour un fonctionnement optimal<\/p>\n<\/li>\n<li data-start=\"3031\" data-end=\"3079\">\n<p data-start=\"3033\" data-end=\"3079\">Remplacement des joints et mise \u00e0 niveau des composants d&#039;usure<\/p>\n<\/li>\n<li data-start=\"3080\" data-end=\"3137\">\n<p data-start=\"3082\" data-end=\"3137\">Processus d&#039;assistance au d\u00e9marrage et de v\u00e9rification des performances<\/p>\n<\/li>\n<\/ul>\n<p data-start=\"3139\" data-end=\"3456\">Au lieu de se contenter de traiter les sympt\u00f4mes d&#039;une panne, les techniciens de Sentrimax \u00e9valuent l&#039;ensemble du syst\u00e8me m\u00e9canique afin d&#039;identifier les causes sous-jacentes, telles qu&#039;un mauvais alignement, une lubrification inad\u00e9quate, la fatigue des composants ou des vibrations irr\u00e9guli\u00e8res. Cette approche globale am\u00e9liore la dur\u00e9e de vie du syst\u00e8me et r\u00e9duit le risque de r\u00e9cidive.<\/p>\n<p data-start=\"3458\" data-end=\"3666\">Pour les installations utilisant diff\u00e9rentes marques ou mod\u00e8les de centrifugeuses, Sentrimax offre une assistance compl\u00e8te pour tous les types d&#039;\u00e9quipements. Pour en savoir plus sur ces services, consultez le site web. <a class=\"decorated-link cursor-pointer\" target=\"_new\" rel=\"noopener\" data-start=\"3625\" data-end=\"3665\">https:\/\/sentrimax.com\/centrifuge-repair\/<\/a>.<\/p>\n<hr data-start=\"3668\" data-end=\"3671\" \/>\n<p data-start=\"3673\" data-end=\"3720\"><strong data-start=\"3673\" data-end=\"3720\">Service sur le terrain et intervention rapide \u00e0 Houston<\/strong><\/p>\n<p data-start=\"3722\" data-end=\"4085\">En cas de probl\u00e8me impr\u00e9vu avec une centrifugeuse, une intervention rapide est essentielle. Un arr\u00eat non planifi\u00e9 peut interrompre le traitement des eaux us\u00e9es, compromettre la continuit\u00e9 des processus et engendrer des difficult\u00e9s r\u00e9glementaires. L&#039;\u00e9quipe d&#039;intervention de Sentrimax \u00e0 Houston est \u00e9quip\u00e9e pour r\u00e9pondre rapidement aux demandes d&#039;assistance, en d\u00e9ployant des techniciens exp\u00e9riment\u00e9s et du mat\u00e9riel sp\u00e9cialis\u00e9 directement sur les sites des clients.<\/p>\n<p data-start=\"4087\" data-end=\"4436\">L&#039;intervention sur site r\u00e9duit les temps d&#039;arr\u00eat, \u00e9limine les co\u00fbts de transport du mat\u00e9riel et permet \u00e0 Sentrimax d&#039;\u00e9valuer les conditions dans le contexte de l&#039;environnement op\u00e9rationnel de l&#039;installation. Qu&#039;il s&#039;agisse d&#039;une inspection sur site, du remplacement d&#039;un composant ou de tests de performance, l&#039;objectif est de r\u00e9tablir un fonctionnement stable avec un minimum de perturbations.<\/p>\n<hr data-start=\"4438\" data-end=\"4441\" \/>\n<p data-start=\"4443\" data-end=\"4483\"><strong data-start=\"4443\" data-end=\"4483\">R\u00e9parations de pr\u00e9cision avec des pi\u00e8ces de qualit\u00e9<\/strong><\/p>\n<p data-start=\"4485\" data-end=\"4876\">La durabilit\u00e9 et la fiabilit\u00e9 d\u00e9pendent avant tout des pi\u00e8ces utilis\u00e9es pour l&#039;entretien et la r\u00e9paration. Sentrimax fournit des composants de qualit\u00e9 \u00e9quivalente \u00e0 celle des pi\u00e8ces d&#039;origine pour les centrifugeuses d\u00e9canteuses Flottweg, notamment des roulements, des joints d&#039;\u00e9tanch\u00e9it\u00e9, des rev\u00eatements anti-usure, des spirales et des pi\u00e8ces de r\u00e9ducteur. Chaque pi\u00e8ce est inspect\u00e9e avant installation afin de v\u00e9rifier sa pr\u00e9cision dimensionnelle, l&#039;int\u00e9grit\u00e9 des mat\u00e9riaux et son ajustement, et ainsi garantir des performances optimales.<\/p>\n<p data-start=\"4878\" data-end=\"5237\">Pour les \u00e9quipements fortement us\u00e9s ou anciens, Sentrimax propose des services de remise \u00e0 neuf complets. Ces remises \u00e0 neuf consistent \u00e0 r\u00e9tablir les tol\u00e9rances critiques, \u00e0 remplacer les composants us\u00e9s et \u00e0 v\u00e9rifier l&#039;\u00e9quilibrage m\u00e9canique de l&#039;ensemble. Une remise \u00e0 neuf professionnelle peut prolonger consid\u00e9rablement la dur\u00e9e de vie d&#039;une centrifugeuse d\u00e9canteuse Flottweg et am\u00e9liorer ses performances globales.<\/p>\n<p data-start=\"5239\" data-end=\"5366\">Les \u00e9tablissements int\u00e9ress\u00e9s par le support en pi\u00e8ces d\u00e9tach\u00e9es peuvent consulter les composants de remplacement disponibles sur <a class=\"decorated-link cursor-pointer\" target=\"_new\" rel=\"noopener\" data-start=\"5326\" data-end=\"5365\">https:\/\/sentrimax.com\/centrifuge-parts\/<\/a>.<\/p>\n<hr data-start=\"5368\" data-end=\"5371\" \/>\n<p data-start=\"5373\" data-end=\"5425\"><strong data-start=\"5373\" data-end=\"5425\">Maintenance pr\u00e9ventive pour une fiabilit\u00e9 \u00e0 long terme<\/strong><\/p>\n<p data-start=\"5427\" data-end=\"5677\">Les r\u00e9parations r\u00e9actives engendrent des co\u00fbts en temps, en argent et perturbent la continuit\u00e9 des op\u00e9rations. Sentrimax collabore avec les installations de Houston pour mettre en \u0153uvre des programmes de maintenance pr\u00e9ventive permettant d&#039;identifier les probl\u00e8mes rapidement et de r\u00e9duire les arr\u00eats impr\u00e9vus. Un plan de maintenance bien con\u00e7u peut inclure\u00a0:<\/p>\n<ul data-start=\"5679\" data-end=\"5891\">\n<li data-start=\"5679\" data-end=\"5713\">\n<p data-start=\"5681\" data-end=\"5713\">Inspections m\u00e9caniques de routine<\/p>\n<\/li>\n<li data-start=\"5714\" data-end=\"5757\">\n<p data-start=\"5716\" data-end=\"5757\">Analyse des vibrations et surveillance des tendances<\/p>\n<\/li>\n<li data-start=\"5758\" data-end=\"5799\">\n<p data-start=\"5760\" data-end=\"5799\">\u00c9chantillonnage et \u00e9valuation de l&#039;\u00e9tat de l&#039;huile<\/p>\n<\/li>\n<li data-start=\"5800\" data-end=\"5848\">\n<p data-start=\"5802\" data-end=\"5848\">Mesure de l&#039;usure et suivi de la dur\u00e9e de vie des composants<\/p>\n<\/li>\n<li data-start=\"5849\" data-end=\"5891\">\n<p data-start=\"5851\" data-end=\"5891\">Remplacement programm\u00e9 des pi\u00e8ces \u00e0 forte usure<\/p>\n<\/li>\n<\/ul>\n<p data-start=\"5893\" data-end=\"6262\">En mettant en \u0153uvre une maintenance pr\u00e9ventive bas\u00e9e sur les donn\u00e9es op\u00e9rationnelles, les installations peuvent am\u00e9liorer leur disponibilit\u00e9, optimiser leurs budgets de maintenance et planifier les interventions lors des arr\u00eats programm\u00e9s plut\u00f4t qu&#039;en situation d&#039;urgence. Sentrimax propose \u00e9galement des contrats de service offrant une planification prioritaire, un support continu et une planification de la maintenance \u00e0 long terme adapt\u00e9e aux besoins de chaque installation.<\/p>\n<hr data-start=\"6264\" data-end=\"6267\" \/>\n<p data-start=\"6269\" data-end=\"6330\"><strong data-start=\"6269\" data-end=\"6330\">Soutien \u00e0 la conformit\u00e9 environnementale et aux objectifs op\u00e9rationnels<\/strong><\/p>\n<p data-start=\"6332\" data-end=\"6743\">Pour les stations d&#039;\u00e9puration, un fonctionnement efficace des centrifugeuses est essentiel au respect des normes environnementales, \u00e0 la gestion des mati\u00e8res solides et \u00e0 la stabilit\u00e9 des proc\u00e9d\u00e9s. Une s\u00e9paration inefficace peut accro\u00eetre les volumes transport\u00e9s, surcharger les \u00e9tapes de traitement biologique et entra\u00eener un risque de non-conformit\u00e9 aux permis de rejet. Les services de Sentrimax sont con\u00e7us pour aider les installations de Houston \u00e0 maintenir les performances de leurs \u00e9quipements afin de r\u00e9pondre aux exigences r\u00e9glementaires.<\/p>\n<p data-start=\"6745\" data-end=\"7208\">Pour obtenir des informations fiables sur la conformit\u00e9 environnementale et les normes de traitement des eaux us\u00e9es, les installations peuvent se r\u00e9f\u00e9rer \u00e0 <strong data-start=\"6868\" data-end=\"6914\">Agence am\u00e9ricaine de protection de l&#039;environnement (EPA)<\/strong> \u00e0 <a class=\"decorated-link cursor-pointer\" target=\"_new\" rel=\"noopener\" data-start=\"6918\" data-end=\"6943\">https:\/\/www.epa.gov\/water<\/a> et les meilleures pratiques du secteur <strong data-start=\"6981\" data-end=\"7019\">F\u00e9d\u00e9ration pour l&#039;environnement de l&#039;eau (WEF)<\/strong> \u00e0 <a class=\"decorated-link\" href=\"https:\/\/www.wef.org\/\" target=\"_new\" rel=\"noopener\" data-start=\"7023\" data-end=\"7043\">https:\/\/www.wef.org\/<\/a>. Ces organisations fournissent des conseils pr\u00e9cieux sur la r\u00e9glementation des eaux us\u00e9es, les technologies de traitement et les strat\u00e9gies op\u00e9rationnelles pertinentes pour la planification des services de centrifugation.<\/p>\n<hr data-start=\"7210\" data-end=\"7213\" \/>\n<p data-start=\"7215\" data-end=\"7258\"><strong data-start=\"7215\" data-end=\"7258\">Pourquoi les entreprises de Houston choisissent Sentrimax<\/strong><\/p>\n<p data-start=\"7260\" data-end=\"7632\">Les installations de Houston choisissent Sentrimax pour l&#039;entretien de leurs centrifugeuses d\u00e9canteuses Flottweg en raison de son expertise technique pointue, de sa r\u00e9activit\u00e9 et de son engagement envers un travail de qualit\u00e9. Les techniciens de Sentrimax ma\u00eetrisent parfaitement la dynamique m\u00e9canique des \u00e9quipements de s\u00e9paration \u00e0 grande vitesse et comprennent les contraintes op\u00e9rationnelles auxquelles sont confront\u00e9es les stations d&#039;\u00e9puration et les installations industrielles.<\/p>\n<p data-start=\"7634\" data-end=\"7969\">Tout au long du processus de service, Sentrimax privil\u00e9gie une communication claire, des rapports d\u00e9taill\u00e9s et une documentation transparente. Les installations re\u00e7oivent des rapports de service complets pr\u00e9sentant les constatations, les travaux effectu\u00e9s, les recommandations et les r\u00e9sultats attendus. Ces informations permettent une prise de d\u00e9cision \u00e9clair\u00e9e et l&#039;\u00e9laboration de strat\u00e9gies de maintenance \u00e0 long terme.<\/p>\n<p data-start=\"7971\" data-end=\"8067\">Pour une expertise en centrifugeuses sp\u00e9cialis\u00e9es dans le traitement des eaux us\u00e9es, consultez <a class=\"decorated-link cursor-pointer\" target=\"_new\" rel=\"noopener\" data-start=\"8022\" data-end=\"8066\">https:\/\/sentrimax.com\/industries\/wastewater\/<\/a>.<\/p>\n<hr data-start=\"8069\" data-end=\"8072\" \/>\n<p data-start=\"8074\" data-end=\"8126\"><strong data-start=\"8074\" data-end=\"8126\">De l&#039;\u00e9valuation diagnostique \u00e0 l&#039;assistance au d\u00e9marrage<\/strong><\/p>\n<p data-start=\"8128\" data-end=\"8514\">Les services offerts par Sentrimax vont bien au-del\u00e0 de la simple r\u00e9paration de composants. Les techniciens sur site interviennent pour le d\u00e9montage et le remontage, la v\u00e9rification de l&#039;alignement, l&#039;assistance au d\u00e9marrage et le contr\u00f4le des performances apr\u00e8s intervention. Cette approche globale garantit que les centrifugeuses d\u00e9canteuses Flottweg r\u00e9par\u00e9es ou remises \u00e0 neuf fonctionnent de mani\u00e8re s\u00fbre, fluide et conforme aux sp\u00e9cifications techniques.<\/p>\n<p data-start=\"8516\" data-end=\"8703\">En combinant expertise technique et exp\u00e9rience pratique sur le terrain, Sentrimax aide les entreprises de Houston \u00e0 r\u00e9duire les temps d&#039;arr\u00eat, \u00e0 ma\u00eetriser les co\u00fbts de maintenance et \u00e0 prot\u00e9ger leurs investissements en infrastructures.<\/p>\n<hr data-start=\"8705\" data-end=\"8708\" \/>\n<p data-start=\"8710\" data-end=\"8761\"><strong data-start=\"8710\" data-end=\"8761\">Analyse op\u00e9rationnelle et am\u00e9lioration continue<\/strong><\/p>\n<p data-start=\"8763\" data-end=\"9205\">L&#039;am\u00e9lioration continue est essentielle \u00e0 la fiabilit\u00e9 \u00e0 long terme. Sentrimax aide les installations \u00e0 suivre l&#039;historique des interventions, \u00e0 surveiller l&#039;\u00e9volution des performances et \u00e0 appliquer des strat\u00e9gies de maintenance bas\u00e9es sur les donn\u00e9es afin d&#039;optimiser la dur\u00e9e de vie des \u00e9quipements. En combinant des observations pratiques sur le terrain avec des donn\u00e9es mesurables, telles que les tendances de vibration et les taux d&#039;usure, les installations de Houston b\u00e9n\u00e9ficient d&#039;une vision claire de leurs centrifugeuses et peuvent planifier la maintenance future en toute s\u00e9r\u00e9nit\u00e9.<\/p>\n<hr data-start=\"9207\" data-end=\"9210\" \/>\n<p data-start=\"9212\" data-end=\"9240\"><strong data-start=\"9212\" data-end=\"9240\">Un service sur lequel vous pouvez compter<\/strong><\/p>\n<p data-start=\"9242\" data-end=\"9612\">Lorsque le service professionnel de centrifugation d\u00e9canteuse Flottweg est requis <strong data-start=\"9312\" data-end=\"9327\">Houston, Texas<\/strong>, Les entreprises font confiance \u00e0 Sentrimax pour son assistance r\u00e9active, son expertise technique et ses r\u00e9sultats fiables. Qu&#039;il s&#039;agisse de r\u00e9pondre \u00e0 un besoin de r\u00e9paration urgente ou de planifier un programme de maintenance pr\u00e9ventive, Sentrimax propose des solutions adapt\u00e9es aux exigences op\u00e9rationnelles et aux objectifs de performance \u00e0 long terme.<\/p>\n<p data-start=\"9614\" data-end=\"9668\"><strong data-start=\"9614\" data-end=\"9668\"><a class=\"decorated-link\" href=\"https:\/\/sentrimax.com\/fr\/contact\/\" target=\"_new\" rel=\"noopener\" data-start=\"9616\" data-end=\"9666\">Demandez un devis !<\/a><\/strong><\/p>","protected":false},"excerpt":{"rendered":"<p>Sentrimax provides comprehensive Flottweg decanter centrifuge service for industrial and wastewater operations throughout Houston, Texas. With decades of field experience and deep technical knowledge, Sentrimax delivers professional inspection, repair, maintenance, and rebuild solutions designed to keep Flottweg decanter centrifuges operating efficiently, reliably, and in compliance with performance expectations. Houston\u2019s demanding operational environment\u2014characterized by high solids [&hellip;]<\/p>\n","protected":false},"author":3,"featured_media":0,"parent":0,"menu_order":0,"comment_status":"closed","ping_status":"closed","template":"seo-page-template.php","meta":{"_acf_changed":false,"inline_featured_image":false,"footnotes":""},"class_list":["post-2292","page","type-page","status-publish","hentry"],"acf":[],"_links":{"self":[{"href":"https:\/\/sentrimax.com\/fr\/wp-json\/wp\/v2\/pages\/2292","targetHints":{"allow":["GET"]}}],"collection":[{"href":"https:\/\/sentrimax.com\/fr\/wp-json\/wp\/v2\/pages"}],"about":[{"href":"https:\/\/sentrimax.com\/fr\/wp-json\/wp\/v2\/types\/page"}],"author":[{"embeddable":true,"href":"https:\/\/sentrimax.com\/fr\/wp-json\/wp\/v2\/users\/3"}],"replies":[{"embeddable":true,"href":"https:\/\/sentrimax.com\/fr\/wp-json\/wp\/v2\/comments?post=2292"}],"version-history":[{"count":1,"href":"https:\/\/sentrimax.com\/fr\/wp-json\/wp\/v2\/pages\/2292\/revisions"}],"predecessor-version":[{"id":2533,"href":"https:\/\/sentrimax.com\/fr\/wp-json\/wp\/v2\/pages\/2292\/revisions\/2533"}],"wp:attachment":[{"href":"https:\/\/sentrimax.com\/fr\/wp-json\/wp\/v2\/media?parent=2292"}],"curies":[{"name":"wp","href":"https:\/\/api.w.org\/{rel}","templated":true}]}}