{"id":2293,"date":"2026-01-07T16:25:50","date_gmt":"2026-01-07T16:25:50","guid":{"rendered":"https:\/\/sentrimax.com\/?page_id=2293"},"modified":"2026-04-21T21:15:04","modified_gmt":"2026-04-21T21:15:04","slug":"flottweg-centrifuge-parts-in-toronto-on","status":"publish","type":"page","link":"https:\/\/sentrimax.com\/fr\/flottweg-centrifuge-parts-in-toronto-on\/","title":{"rendered":"Pi\u00e8ces d\u00e9tach\u00e9es pour centrifugeuses Flottweg \u00e0 Toronto, Ontario"},"content":{"rendered":"<p data-start=\"412\" data-end=\"764\"><img fetchpriority=\"high\" decoding=\"async\" class=\"aligncenter size-full wp-image-1610\" src=\"https:\/\/sentrimax.com\/wp-content\/uploads\/2025\/07\/Chemicals-scaled.jpg\" alt=\"\" width=\"2560\" height=\"1748\" srcset=\"https:\/\/sentrimax.com\/wp-content\/uploads\/2025\/07\/Chemicals-scaled.jpg 2560w, https:\/\/sentrimax.com\/wp-content\/uploads\/2025\/07\/Chemicals-300x205.jpg 300w, https:\/\/sentrimax.com\/wp-content\/uploads\/2025\/07\/Chemicals-1024x699.jpg 1024w, https:\/\/sentrimax.com\/wp-content\/uploads\/2025\/07\/Chemicals-768x524.jpg 768w, https:\/\/sentrimax.com\/wp-content\/uploads\/2025\/07\/Chemicals-1536x1049.jpg 1536w, https:\/\/sentrimax.com\/wp-content\/uploads\/2025\/07\/Chemicals-2048x1398.jpg 2048w, https:\/\/sentrimax.com\/wp-content\/uploads\/2025\/07\/Chemicals-600x410.jpg 600w\" sizes=\"(max-width: 2560px) 100vw, 2560px\" \/><\/p>\n<p data-start=\"412\" data-end=\"764\">Sentrimax fournit des pi\u00e8ces d\u00e9tach\u00e9es pour centrifugeuses Flottweg aux installations industrielles et aux stations d&#039;\u00e9puration des eaux us\u00e9es de la r\u00e9gion de Toronto, en Ontario. Forte d&#039;une vaste exp\u00e9rience en mati\u00e8re d&#039;entretien, de r\u00e9paration et de support technique de centrifugeuses, Sentrimax aide les exploitants \u00e0 maintenir des performances de s\u00e9paration solide-liquide optimales, tout en r\u00e9duisant les temps d&#039;arr\u00eat et en prolongeant la dur\u00e9e de vie des \u00e9quipements.<\/p>\n<p data-start=\"766\" data-end=\"1206\">Les centrifugeuses Flottweg sont con\u00e7ues pour une s\u00e9paration en continu dans des environnements exigeants, notamment le traitement des eaux us\u00e9es, l&#039;industrie agroalimentaire, la production chimique et la d\u00e9shydratation industrielle. Avec le temps, l&#039;usure des composants critiques tels que les roulements, les joints, les spirales et les rev\u00eatements anti-usure peut impacter leurs performances. Sentrimax fournit des pi\u00e8ces de rechange de qualit\u00e9 \u00e9quivalente \u00e0 celle des pi\u00e8ces d&#039;origine, con\u00e7ues pour r\u00e9tablir un fonctionnement optimal et garantir une fiabilit\u00e9 \u00e0 long terme.<\/p>\n<hr data-start=\"1208\" data-end=\"1211\" \/>\n<h2 data-start=\"1213\" data-end=\"1261\">Soutien aux op\u00e9rations de centrifugation dans la r\u00e9gion de Toronto<\/h2>\n<p data-start=\"1263\" data-end=\"1631\">Dans toute la r\u00e9gion de Toronto, les installations font confiance aux centrifugeuses Flottweg pour r\u00e9pondre aux exigences de production, garantir la stabilit\u00e9 des proc\u00e9d\u00e9s et assurer la conformit\u00e9 environnementale. En cas d&#039;usure ou de panne de pi\u00e8ces, un acc\u00e8s rapide \u00e0 des pi\u00e8ces de rechange de qualit\u00e9 est essentiel. Sentrimax accompagne les entreprises de la r\u00e9gion de Toronto en leur fournissant des pi\u00e8ces d\u00e9tach\u00e9es disponibles rapidement et un soutien technique afin de minimiser les d\u00e9lais d&#039;intervention.<\/p>\n<p data-start=\"1633\" data-end=\"1847\">En entretenant des relations solides avec ses fournisseurs et en s&#039;appuyant sur des processus d&#039;approvisionnement en pi\u00e8ces \u00e9prouv\u00e9s, Sentrimax contribue \u00e0 r\u00e9duire les d\u00e9lais de livraison et assure la compatibilit\u00e9 avec une large gamme de mod\u00e8les de centrifugeuses Flottweg utilis\u00e9s dans tout l&#039;Ontario.<\/p>\n<hr data-start=\"1849\" data-end=\"1852\" \/>\n<h2 data-start=\"1854\" data-end=\"1907\">Pi\u00e8ces d\u00e9tach\u00e9es pour centrifugeuse Flottweg disponibles chez Sentrimax<\/h2>\n<p data-start=\"1909\" data-end=\"2075\">Sentrimax dispose d&#039;un large stock de pi\u00e8ces de rechange pour les centrifugeuses Flottweg, r\u00e9pondant ainsi aux besoins de maintenance pr\u00e9ventive et de r\u00e9paration impr\u00e9vue.<\/p>\n<ul data-start=\"2077\" data-end=\"2640\">\n<li data-start=\"2077\" data-end=\"2171\">\n<p data-start=\"2079\" data-end=\"2171\"><strong data-start=\"2079\" data-end=\"2114\">Roulements et ensembles de roulements<\/strong> con\u00e7u pour la rotation \u00e0 grande vitesse et les charges axiales importantes<\/p>\n<\/li>\n<li data-start=\"2172\" data-end=\"2251\">\n<p data-start=\"2174\" data-end=\"2251\"><strong data-start=\"2174\" data-end=\"2195\">Joints et garnitures<\/strong> Con\u00e7u pour emp\u00eacher la contamination et l&#039;infiltration de fluides<\/p>\n<\/li>\n<li data-start=\"2252\" data-end=\"2332\">\n<p data-start=\"2254\" data-end=\"2332\"><strong data-start=\"2254\" data-end=\"2284\">Rev\u00eatements d&#039;usure et carreaux d&#039;usure<\/strong> fabriqu\u00e9 \u00e0 partir de mat\u00e9riaux r\u00e9sistants \u00e0 l&#039;abrasion<\/p>\n<\/li>\n<li data-start=\"2333\" data-end=\"2417\">\n<p data-start=\"2335\" data-end=\"2417\"><strong data-start=\"2335\" data-end=\"2369\">Composants de volute et de convoyeur<\/strong> pour un transport et un rejet constants des solides<\/p>\n<\/li>\n<li data-start=\"2418\" data-end=\"2499\">\n<p data-start=\"2420\" data-end=\"2499\"><strong data-start=\"2420\" data-end=\"2452\">composants de bo\u00eete de vitesses et de transmission<\/strong> assistance au transfert de couple et \u00e0 la r\u00e9gulation de vitesse<\/p>\n<\/li>\n<li data-start=\"2500\" data-end=\"2565\">\n<p data-start=\"2502\" data-end=\"2565\"><strong data-start=\"2502\" data-end=\"2529\">Ensembles de bol et de moyeu<\/strong> essentiel \u00e0 l&#039;efficacit\u00e9 de la s\u00e9paration<\/p>\n<\/li>\n<li data-start=\"2566\" data-end=\"2640\">\n<p data-start=\"2568\" data-end=\"2640\"><strong data-start=\"2568\" data-end=\"2599\">Kits de fixation et de quincaillerie<\/strong> pour un r\u00e9assemblage fiable lors de l&#039;entretien<\/p>\n<\/li>\n<\/ul>\n<p data-start=\"2642\" data-end=\"2758\">Chaque composant est inspect\u00e9 afin de v\u00e9rifier sa pr\u00e9cision dimensionnelle, la qualit\u00e9 des mat\u00e9riaux et sa compatibilit\u00e9 avant distribution.<\/p>\n<p data-start=\"2760\" data-end=\"2877\">Des informations suppl\u00e9mentaires concernant la disponibilit\u00e9 et le support des pi\u00e8ces sont disponibles sur<br data-start=\"2835\" data-end=\"2838\" \/><a class=\"decorated-link cursor-pointer\" target=\"_new\" rel=\"noopener\" data-start=\"2838\" data-end=\"2877\">https:\/\/sentrimax.com\/centrifuge-parts\/<\/a><\/p>\n<hr data-start=\"2879\" data-end=\"2882\" \/>\n<h2 data-start=\"2884\" data-end=\"2929\">Pi\u00e8ces de qualit\u00e9 d&#039;origine pour des performances fiables<\/h2>\n<p data-start=\"2931\" data-end=\"3172\">Les pi\u00e8ces de rechange utilis\u00e9es dans les \u00e9quipements rotatifs \u00e0 grande vitesse doivent r\u00e9pondre \u00e0 des exigences strictes en mati\u00e8re de qualit\u00e9 et de tol\u00e9rance. Sentrimax fournit des composants de centrifugeuse Flottweg de qualit\u00e9 \u00e9quivalente et d&#039;origine, conformes ou sup\u00e9rieurs aux sp\u00e9cifications du fabricant d&#039;origine.<\/p>\n<p data-start=\"3174\" data-end=\"3459\">Avant exp\u00e9dition, toutes les pi\u00e8ces sont contr\u00f4l\u00e9es afin de v\u00e9rifier leur compatibilit\u00e9, leur \u00e9quilibrage et leur durabilit\u00e9. Cette d\u00e9marche ax\u00e9e sur la qualit\u00e9 contribue \u00e0 r\u00e9duire l&#039;usure pr\u00e9matur\u00e9e, les vibrations et la baisse de performance apr\u00e8s installation. Les installations de Toronto b\u00e9n\u00e9ficient ainsi de r\u00e9sultats pr\u00e9visibles et d&#039;une disponibilit\u00e9 accrue de leurs \u00e9quipements.<\/p>\n<hr data-start=\"3461\" data-end=\"3464\" \/>\n<h2 data-start=\"3466\" data-end=\"3519\">Pi\u00e8ces qui soutiennent les programmes d&#039;entretien pr\u00e9ventif<\/h2>\n<p data-start=\"3521\" data-end=\"3791\">Le remplacement proactif des pi\u00e8ces est un \u00e9l\u00e9ment essentiel d&#039;une strat\u00e9gie de maintenance pr\u00e9ventive efficace. Sentrimax collabore avec les installations de la r\u00e9gion de Toronto pour les aider \u00e0 planifier les programmes de remplacement des pi\u00e8ces en fonction des heures de fonctionnement, de la charge en solides, des tendances vibratoires et des donn\u00e9es d&#039;usure historiques.<\/p>\n<p data-start=\"3793\" data-end=\"3880\">Des programmes de maintenance pr\u00e9ventive, associ\u00e9s \u00e0 une planification ad\u00e9quate des pi\u00e8ces d\u00e9tach\u00e9es, peuvent aider les installations\u00a0:<\/p>\n<ul data-start=\"3882\" data-end=\"4054\">\n<li data-start=\"3882\" data-end=\"3923\">\n<p data-start=\"3884\" data-end=\"3923\">R\u00e9duire les pannes inattendues des centrifugeuses<\/p>\n<\/li>\n<li data-start=\"3924\" data-end=\"3958\">\n<p data-start=\"3926\" data-end=\"3958\">Am\u00e9liorer la consistance de d\u00e9shydratation<\/p>\n<\/li>\n<li data-start=\"3959\" data-end=\"3987\">\n<p data-start=\"3961\" data-end=\"3987\">Prolonger les intervalles d&#039;entretien<\/p>\n<\/li>\n<li data-start=\"3988\" data-end=\"4017\">\n<p data-start=\"3990\" data-end=\"4017\">Ma\u00eetriser les co\u00fbts de maintenance<\/p>\n<\/li>\n<li data-start=\"4018\" data-end=\"4054\">\n<p data-start=\"4020\" data-end=\"4054\">Minimiser les interventions de r\u00e9paration d&#039;urgence<\/p>\n<\/li>\n<\/ul>\n<p data-start=\"4056\" data-end=\"4184\">Les \u00e9tablissements qui recherchent une assistance compl\u00e8te en plus de la fourniture de pi\u00e8ces d\u00e9tach\u00e9es peuvent en savoir plus sur<br data-start=\"4141\" data-end=\"4144\" \/><a class=\"decorated-link cursor-pointer\" target=\"_new\" rel=\"noopener\" data-start=\"4144\" data-end=\"4184\">https:\/\/sentrimax.com\/centrifuge-repair\/<\/a><\/p>\n<hr data-start=\"4186\" data-end=\"4189\" \/>\n<h2 data-start=\"4191\" data-end=\"4230\">Expertise en pi\u00e8ces sp\u00e9cifiques \u00e0 l&#039;application<\/h2>\n<p data-start=\"4232\" data-end=\"4398\">Les diff\u00e9rents environnements d&#039;exploitation imposent des exigences diff\u00e9rentes aux composants des centrifugeuses. Sentrimax aide les installations \u00e0 s\u00e9lectionner les pi\u00e8ces en fonction des exigences sp\u00e9cifiques de chaque application.<\/p>\n<p data-start=\"4400\" data-end=\"4719\">Les op\u00e9rations de traitement des eaux us\u00e9es municipales n\u00e9cessitent souvent une protection accrue contre l&#039;usure et des mat\u00e9riaux r\u00e9sistants \u00e0 la corrosion. Les proc\u00e9d\u00e9s industriels peuvent exiger des composants capables de supporter des particules abrasives ou d&#039;\u00eatre expos\u00e9s \u00e0 des produits chimiques. Les applications dans l&#039;industrie agroalimentaire peuvent n\u00e9cessiter des tol\u00e9rances pr\u00e9cises et des mat\u00e9riaux compatibles avec les proc\u00e9d\u00e9s de traitement sanitaire.<\/p>\n<p data-start=\"4721\" data-end=\"4882\">En adaptant la s\u00e9lection des pi\u00e8ces aux conditions r\u00e9elles d&#039;exploitation, Sentrimax aide les installations de Toronto \u00e0 prolonger la dur\u00e9e de vie des composants et \u00e0 am\u00e9liorer les performances des centrifugeuses.<\/p>\n<p data-start=\"4884\" data-end=\"4984\">Le support sp\u00e9cifique pour centrifugeuses de traitement des eaux us\u00e9es est d\u00e9taill\u00e9 \u00e0 l&#039;adresse suivante\u00a0:<br data-start=\"4937\" data-end=\"4940\" \/><a class=\"decorated-link cursor-pointer\" target=\"_new\" rel=\"noopener\" data-start=\"4940\" data-end=\"4984\">https:\/\/sentrimax.com\/industries\/wastewater\/<\/a><\/p>\n<hr data-start=\"4986\" data-end=\"4989\" \/>\n<h2 data-start=\"4991\" data-end=\"5041\">Soutien \u00e0 la conformit\u00e9 et \u00e0 la stabilit\u00e9 op\u00e9rationnelle<\/h2>\n<p data-start=\"5043\" data-end=\"5281\">Le bon fonctionnement de la centrifugeuse est essentiel au respect des normes environnementales et \u00e0 la stabilit\u00e9 des proc\u00e9d\u00e9s. Des pi\u00e8ces us\u00e9es ou endommag\u00e9es peuvent r\u00e9duire l&#039;efficacit\u00e9 de la s\u00e9paration, augmenter les co\u00fbts de traitement des boues et perturber les \u00e9tapes de traitement en aval.<\/p>\n<p data-start=\"5283\" data-end=\"5662\">Le remplacement ad\u00e9quat des pi\u00e8ces permet aux installations de maintenir leur d\u00e9bit, d&#039;atteindre les objectifs de traitement et de r\u00e9duire les risques r\u00e9glementaires. Les recommandations sectorielles d&#039;organismes tels que l&#039;Agence am\u00e9ricaine de protection de l&#039;environnement (EPA)<a class=\"decorated-link cursor-pointer\" target=\"_new\" rel=\"noopener\" data-start=\"5491\" data-end=\"5516\">https:\/\/www.epa.gov\/water<\/a>) et la F\u00e9d\u00e9ration pour l&#039;environnement de l&#039;eau (<a class=\"decorated-link\" href=\"https:\/\/www.wef.org\/\" target=\"_new\" rel=\"noopener\" data-start=\"5556\" data-end=\"5576\">https:\/\/www.wef.org\/<\/a>) fournit un contexte suppl\u00e9mentaire sur les performances du traitement des eaux us\u00e9es et les consid\u00e9rations de conformit\u00e9.<\/p>\n<hr data-start=\"5664\" data-end=\"5667\" \/>\n<h2 data-start=\"5669\" data-end=\"5730\">Pourquoi les installations de Toronto choisissent Sentrimax pour les pi\u00e8ces Flottweg<\/h2>\n<p data-start=\"5732\" data-end=\"6065\">Les entreprises de la r\u00e9gion de Toronto choisissent Sentrimax pour leurs pi\u00e8ces de centrifugeuses Flottweg gr\u00e2ce \u00e0 son expertise technique, sa r\u00e9activit\u00e9 et son engagement envers la qualit\u00e9. Sentrimax offre un soutien pour l&#039;identification des pi\u00e8ces, la v\u00e9rification de leur compatibilit\u00e9 et la planification des remplacements, afin de garantir la livraison des composants ad\u00e9quats dans les d\u00e9lais impartis.<\/p>\n<p data-start=\"6067\" data-end=\"6290\">Chaque commande est accompagn\u00e9e d&#039;une documentation claire, facilitant la tenue des registres de maintenance et la planification de la gestion des actifs. Ce niveau d&#039;assistance permet aux installations d&#039;int\u00e9grer le remplacement des pi\u00e8ces dans des strat\u00e9gies globales de fiabilit\u00e9 et de cycle de vie.<\/p>\n<hr data-start=\"6292\" data-end=\"6295\" \/>\n<h2 data-start=\"6297\" data-end=\"6348\">Commande de pi\u00e8ces pour centrifugeuse Flottweg \u00e0 Toronto (Ontario)<\/h2>\n<p data-start=\"6350\" data-end=\"6601\">Commander des pi\u00e8ces chez Sentrimax est con\u00e7u pour \u00eatre efficace et fiable. Les \u00e9tablissements peuvent demander des devis d\u00e9taill\u00e9s incluant les r\u00e9f\u00e9rences des pi\u00e8ces, les d\u00e9lais de livraison et des recommandations techniques. Des options de livraison express sont disponibles pour les remplacements urgents.<\/p>\n<p data-start=\"6603\" data-end=\"6767\">Qu\u2019il s\u2019agisse de prendre en charge un arr\u00eat programm\u00e9 ou de r\u00e9pondre \u00e0 une panne inattendue, Sentrimax aide les installations de Toronto \u00e0 assurer le bon fonctionnement de leurs centrifugeuses critiques.<\/p>\n<hr data-start=\"6769\" data-end=\"6772\" \/>\n<h2 data-start=\"6774\" data-end=\"6824\">Commandez des pi\u00e8ces pour centrifugeuse Flottweg \u00e0 Toronto (Ontario).<\/h2>\n<p data-start=\"6826\" data-end=\"7050\">Assurez le bon fonctionnement de votre centrifugeuse gr\u00e2ce aux pi\u00e8ces de rechange Flottweg de qualit\u00e9 Sentrimax. Des roulements et joints aux kits complets de composants d&#039;usure, Sentrimax vous fournit les pi\u00e8ces et l&#039;expertise n\u00e9cessaires \u00e0 votre exploitation.<\/p>\n<p data-start=\"7052\" data-end=\"7106\" data-is-last-node=\"\" data-is-only-node=\"\"><strong data-start=\"7052\" data-end=\"7106\" data-is-last-node=\"\"><a class=\"decorated-link\" href=\"https:\/\/sentrimax.com\/fr\/contact\/\" target=\"_new\" rel=\"noopener\" data-start=\"7054\" data-end=\"7104\">Demandez un devis !<\/a><\/strong><\/p>","protected":false},"excerpt":{"rendered":"<p>Sentrimax supplies Flottweg centrifuge parts to industrial facilities and wastewater treatment operations throughout Toronto, Ontario. With extensive experience in centrifuge maintenance, repair, and component support, Sentrimax helps operators maintain reliable solid-liquid separation performance while reducing downtime and extending equipment life. Flottweg centrifuges are engineered for continuous-duty separation in demanding environments, including wastewater treatment, food and [&hellip;]<\/p>\n","protected":false},"author":3,"featured_media":0,"parent":0,"menu_order":0,"comment_status":"closed","ping_status":"closed","template":"seo-page-template.php","meta":{"_acf_changed":false,"inline_featured_image":false,"footnotes":""},"class_list":["post-2293","page","type-page","status-publish","hentry"],"acf":[],"_links":{"self":[{"href":"https:\/\/sentrimax.com\/fr\/wp-json\/wp\/v2\/pages\/2293","targetHints":{"allow":["GET"]}}],"collection":[{"href":"https:\/\/sentrimax.com\/fr\/wp-json\/wp\/v2\/pages"}],"about":[{"href":"https:\/\/sentrimax.com\/fr\/wp-json\/wp\/v2\/types\/page"}],"author":[{"embeddable":true,"href":"https:\/\/sentrimax.com\/fr\/wp-json\/wp\/v2\/users\/3"}],"replies":[{"embeddable":true,"href":"https:\/\/sentrimax.com\/fr\/wp-json\/wp\/v2\/comments?post=2293"}],"version-history":[{"count":1,"href":"https:\/\/sentrimax.com\/fr\/wp-json\/wp\/v2\/pages\/2293\/revisions"}],"predecessor-version":[{"id":2532,"href":"https:\/\/sentrimax.com\/fr\/wp-json\/wp\/v2\/pages\/2293\/revisions\/2532"}],"wp:attachment":[{"href":"https:\/\/sentrimax.com\/fr\/wp-json\/wp\/v2\/media?parent=2293"}],"curies":[{"name":"wp","href":"https:\/\/api.w.org\/{rel}","templated":true}]}}