{"id":2294,"date":"2026-01-07T16:27:35","date_gmt":"2026-01-07T16:27:35","guid":{"rendered":"https:\/\/sentrimax.com\/?page_id=2294"},"modified":"2026-04-21T21:15:04","modified_gmt":"2026-04-21T21:15:04","slug":"flottweg-industrial-centrifuge-repair-in-los-angeles-ca","status":"publish","type":"page","link":"https:\/\/sentrimax.com\/fr\/flottweg-industrial-centrifuge-repair-in-los-angeles-ca\/","title":{"rendered":"R\u00e9paration de centrifugeuses industrielles Flottweg \u00e0 Los Angeles, Californie"},"content":{"rendered":"<p data-start=\"318\" data-end=\"843\"><img fetchpriority=\"high\" decoding=\"async\" class=\"aligncenter size-full wp-image-1190\" src=\"https:\/\/sentrimax.com\/wp-content\/uploads\/2025\/06\/image-1.jpg\" alt=\"\" width=\"1440\" height=\"694\" srcset=\"https:\/\/sentrimax.com\/wp-content\/uploads\/2025\/06\/image-1.jpg 1440w, https:\/\/sentrimax.com\/wp-content\/uploads\/2025\/06\/image-1-600x289.jpg 600w, https:\/\/sentrimax.com\/wp-content\/uploads\/2025\/06\/image-1-300x145.jpg 300w, https:\/\/sentrimax.com\/wp-content\/uploads\/2025\/06\/image-1-1024x494.jpg 1024w, https:\/\/sentrimax.com\/wp-content\/uploads\/2025\/06\/image-1-768x370.jpg 768w\" sizes=\"(max-width: 1440px) 100vw, 1440px\" \/><\/p>\n<p data-start=\"318\" data-end=\"843\">Sentrimax propose des services professionnels de r\u00e9paration de centrifugeuses industrielles Flottweg pour les installations de la r\u00e9gion de Los Angeles, en Californie. Forte de plusieurs d\u00e9cennies d&#039;exp\u00e9rience dans la maintenance d&#039;\u00e9quipements de s\u00e9paration \u00e0 grande vitesse, <strong data-start=\"518\" data-end=\"559\"><span class=\"hover:entity-accent entity-underline inline cursor-pointer align-baseline\"><span class=\"whitespace-normal\">Sentrimax<\/span><\/span><\/strong> Sentrimax accompagne les industriels en leur fournissant des diagnostics pr\u00e9cis, des r\u00e9parations de pr\u00e9cision et des solutions de fiabilit\u00e9 \u00e0 long terme. Qu&#039;il s&#039;agisse d&#039;interventions d&#039;urgence ou de r\u00e9visions planifi\u00e9es, Sentrimax aide les installations de Los Angeles \u00e0 garantir le fonctionnement optimal des centrifugeuses Flottweg, m\u00eame dans des conditions exigeantes.<\/p>\n<p data-start=\"845\" data-end=\"1312\">Les centrifugeuses industrielles Flottweg sont largement utilis\u00e9es dans les secteurs de la fabrication, de la chimie, de l&#039;agroalimentaire, de l&#039;\u00e9nergie et du traitement des eaux us\u00e9es. Con\u00e7ues pour un fonctionnement continu, ces machines subissent in\u00e9vitablement une usure m\u00e9canique due \u00e0 une forte charge en solides, \u00e0 l&#039;utilisation de mat\u00e9riaux abrasifs et \u00e0 une utilisation 24 h\/24. Sentrimax met en \u0153uvre des m\u00e9thodes de maintenance \u00e9prouv\u00e9es pour optimiser les performances, r\u00e9duire les temps d&#039;arr\u00eat et prolonger la dur\u00e9e de vie des \u00e9quipements Flottweg.<\/p>\n<hr data-start=\"1314\" data-end=\"1317\" \/>\n<h2 data-start=\"1319\" data-end=\"1373\">Soutien aux op\u00e9rations industrielles dans la r\u00e9gion de Los Angeles<\/h2>\n<p data-start=\"1375\" data-end=\"1829\">Installations industrielles \u00e0 travers <strong data-start=\"1404\" data-end=\"1445\"><span class=\"hover:entity-accent entity-underline inline cursor-pointer align-baseline\"><span class=\"whitespace-normal\">Los Angeles<\/span><\/span><\/strong> Les centrifugeuses sont des \u00e9quipements essentiels \u00e0 leurs processus de production et de traitement. Lorsqu&#039;une centrifugeuse Flottweg pr\u00e9sente des vibrations, une d\u00e9faillance de roulement, une fuite d&#039;\u00e9tanch\u00e9it\u00e9 ou un probl\u00e8me de bo\u00eete de vitesses, les pertes de production peuvent rapidement s&#039;aggraver. Sentrimax assure un service d&#039;assistance r\u00e9actif dans la r\u00e9gion de Los Angeles, garantissant ainsi aux entreprises une prise en charge rapide en cas de baisse de performance de leurs \u00e9quipements.<\/p>\n<p data-start=\"1831\" data-end=\"2152\">En combinant l&#039;intervention sur site \u00e0 des capacit\u00e9s de r\u00e9paration internes de pointe, telles que l&#039;usinage de pr\u00e9cision et l&#039;\u00e9quilibrage dynamique, Sentrimax r\u00e9duit les d\u00e9lais de r\u00e9paration et la complexit\u00e9 logistique. Cette approche int\u00e9gr\u00e9e permet aux op\u00e9rateurs industriels de remettre leurs \u00e9quipements en service plus rapidement tout en garantissant la qualit\u00e9 des r\u00e9parations.<\/p>\n<hr data-start=\"2154\" data-end=\"2157\" \/>\n<h2 data-start=\"2159\" data-end=\"2222\">Services complets de r\u00e9paration de centrifugeuses industrielles Flottweg<\/h2>\n<p data-start=\"2224\" data-end=\"2383\">Sentrimax propose des solutions compl\u00e8tes de r\u00e9paration de centrifugeuses industrielles Flottweg, adapt\u00e9es aux exigences op\u00e9rationnelles des installations industrielles. Ses services comprennent\u00a0:<\/p>\n<ul data-start=\"2385\" data-end=\"2833\">\n<li data-start=\"2385\" data-end=\"2439\">\n<p data-start=\"2387\" data-end=\"2439\"><strong data-start=\"2387\" data-end=\"2437\">Inspections d\u00e9taill\u00e9es et \u00e9valuations de l&#039;\u00e9tat<\/strong><\/p>\n<\/li>\n<li data-start=\"2440\" data-end=\"2491\">\n<p data-start=\"2442\" data-end=\"2491\"><strong data-start=\"2442\" data-end=\"2489\">Analyse et diagnostic des causes profondes de d\u00e9faillance<\/strong><\/p>\n<\/li>\n<li data-start=\"2492\" data-end=\"2548\">\n<p data-start=\"2494\" data-end=\"2548\"><strong data-start=\"2494\" data-end=\"2546\">r\u00e9paration ou remplacement de bols, de volutes et de convoyeurs<\/strong><\/p>\n<\/li>\n<li data-start=\"2549\" data-end=\"2611\">\n<p data-start=\"2551\" data-end=\"2611\"><strong data-start=\"2551\" data-end=\"2609\">D\u00e9pose, pose et alignement de pr\u00e9cision des roulements<\/strong><\/p>\n<\/li>\n<li data-start=\"2612\" data-end=\"2672\">\n<p data-start=\"2614\" data-end=\"2672\"><strong data-start=\"2614\" data-end=\"2670\">Inspection, r\u00e9fection et v\u00e9rification du couple de la bo\u00eete de vitesses<\/strong><\/p>\n<\/li>\n<li data-start=\"2673\" data-end=\"2716\">\n<p data-start=\"2675\" data-end=\"2716\"><strong data-start=\"2675\" data-end=\"2714\">\u00c9quilibrage dynamique selon les tol\u00e9rances du constructeur<\/strong><\/p>\n<\/li>\n<li data-start=\"2717\" data-end=\"2770\">\n<p data-start=\"2719\" data-end=\"2770\"><strong data-start=\"2719\" data-end=\"2768\">Am\u00e9liorations du remplacement des joints et de la protection contre l&#039;usure<\/strong><\/p>\n<\/li>\n<li data-start=\"2771\" data-end=\"2833\">\n<p data-start=\"2773\" data-end=\"2833\"><strong data-start=\"2773\" data-end=\"2833\">Assistance au d\u00e9marrage et v\u00e9rification des performances apr\u00e8s r\u00e9paration<\/strong><\/p>\n<\/li>\n<\/ul>\n<p data-start=\"2835\" data-end=\"3203\">Chaque r\u00e9paration est effectu\u00e9e selon des proc\u00e9dures document\u00e9es et conformes aux sp\u00e9cifications d&#039;origine. Au lieu de se limiter aux dommages visibles, Sentrimax \u00e9value l&#039;ensemble du syst\u00e8me m\u00e9canique afin d&#039;identifier les facteurs contributifs tels que les d\u00e9fauts d&#039;alignement, les d\u00e9faillances de lubrification ou les contraintes li\u00e9es au processus. Cette approche contribue \u00e0 r\u00e9duire les pannes r\u00e9currentes et \u00e0 am\u00e9liorer la fiabilit\u00e9 \u00e0 long terme.<\/p>\n<p data-start=\"3205\" data-end=\"3388\">Les installations utilisant plusieurs marques de centrifugeuses peuvent \u00e9galement compter sur Sentrimax pour un service apr\u00e8s-vente complet. Des informations compl\u00e9mentaires sont disponibles sur [lien manquant].<br data-start=\"3345\" data-end=\"3348\" \/><a class=\"decorated-link cursor-pointer\" target=\"_new\" rel=\"noopener\" data-start=\"3348\" data-end=\"3388\">https:\/\/sentrimax.com\/centrifuge-repair\/<\/a><\/p>\n<hr data-start=\"3390\" data-end=\"3393\" \/>\n<h2 data-start=\"3395\" data-end=\"3453\">Service sur le terrain et intervention rapide en Californie du Sud<\/h2>\n<p data-start=\"3455\" data-end=\"3714\">Les arr\u00eats impr\u00e9vus des centrifugeuses peuvent perturber les calendriers de production et augmenter les co\u00fbts d&#039;exploitation. Sentrimax propose un service d&#039;intervention rapide sur site dans toute la r\u00e9gion de Los Angeles, assurant des inspections, un d\u00e9pannage et une stabilisation en cas de probl\u00e8me urgent.<\/p>\n<p data-start=\"3716\" data-end=\"4058\">L&#039;intervention sur site permet aux techniciens d&#039;\u00e9valuer les \u00e9quipements dans leurs conditions d&#039;exploitation r\u00e9elles. Ceci facilite l&#039;identification des facteurs de processus qui pourraient passer inaper\u00e7us lors d&#039;inspections hors site. L&#039;intervention sur site r\u00e9duit \u00e9galement les besoins de transport des \u00e9quipements, minimisant ainsi les temps d&#039;arr\u00eat et les co\u00fbts globaux de maintenance pour les op\u00e9rateurs industriels.<\/p>\n<hr data-start=\"4060\" data-end=\"4063\" \/>\n<h2 data-start=\"4065\" data-end=\"4109\">R\u00e9parations de pr\u00e9cision avec des pi\u00e8ces de qualit\u00e9 d&#039;origine<\/h2>\n<p data-start=\"4111\" data-end=\"4508\">La fiabilit\u00e9 d&#039;une centrifugeuse r\u00e9par\u00e9e d\u00e9pend fortement de la qualit\u00e9 des composants install\u00e9s. Sentrimax fournit des pi\u00e8ces de rechange d&#039;origine et \u00e9quivalentes pour les centrifugeuses industrielles Flottweg, notamment des roulements, des joints d&#039;\u00e9tanch\u00e9it\u00e9, des rev\u00eatements anti-usure, des composants de spirale et des r\u00e9ducteurs. Chaque composant est inspect\u00e9 avant son installation afin de v\u00e9rifier sa pr\u00e9cision dimensionnelle, l&#039;int\u00e9grit\u00e9 des mat\u00e9riaux et sa compatibilit\u00e9.<\/p>\n<p data-start=\"4510\" data-end=\"4843\">Pour les centrifugeuses fortement us\u00e9es ou vieillissantes, Sentrimax propose des services de remise \u00e0 neuf complets. Ces remises \u00e0 neuf r\u00e9tablissent les tol\u00e9rances critiques, corrigent l&#039;usure cumulative et am\u00e9liorent l&#039;\u00e9quilibrage m\u00e9canique de l&#039;ensemble. Une centrifugeuse Flottweg remise \u00e0 neuf par des professionnels peut ainsi prolonger sa dur\u00e9e de vie de plusieurs ann\u00e9es tout en am\u00e9liorant sa stabilit\u00e9 de fonctionnement.<\/p>\n<p data-start=\"4845\" data-end=\"4941\">Les installations qui recherchent une assistance pour les composants peuvent en apprendre davantage sur le site suivant\u00a0:<br data-start=\"4899\" data-end=\"4902\" \/><a class=\"decorated-link cursor-pointer\" target=\"_new\" rel=\"noopener\" data-start=\"4902\" data-end=\"4941\">https:\/\/sentrimax.com\/centrifuge-parts\/<\/a><\/p>\n<hr data-start=\"4943\" data-end=\"4946\" \/>\n<h2 data-start=\"4948\" data-end=\"5000\">Maintenance pr\u00e9ventive pour la fiabilit\u00e9 industrielle<\/h2>\n<p data-start=\"5002\" data-end=\"5228\">Les r\u00e9parations r\u00e9actives peuvent s&#039;av\u00e9rer co\u00fbteuses et perturbatrices en milieu industriel. Sentrimax collabore avec des installations de Los Angeles pour mettre en \u0153uvre des programmes de maintenance pr\u00e9ventive visant \u00e0 identifier les probl\u00e8mes au plus t\u00f4t et \u00e0 r\u00e9duire les arr\u00eats impr\u00e9vus.<\/p>\n<p data-start=\"5230\" data-end=\"5274\">Les services d&#039;entretien pr\u00e9ventif peuvent comprendre\u00a0:<\/p>\n<ul data-start=\"5276\" data-end=\"5495\">\n<li data-start=\"5276\" data-end=\"5310\">\n<p data-start=\"5278\" data-end=\"5310\">Inspections m\u00e9caniques de routine<\/p>\n<\/li>\n<li data-start=\"5311\" data-end=\"5354\">\n<p data-start=\"5313\" data-end=\"5354\">Analyse des vibrations et surveillance des tendances<\/p>\n<\/li>\n<li data-start=\"5355\" data-end=\"5396\">\n<p data-start=\"5357\" data-end=\"5396\">\u00c9chantillonnage et surveillance de l&#039;\u00e9tat de l&#039;huile<\/p>\n<\/li>\n<li data-start=\"5397\" data-end=\"5445\">\n<p data-start=\"5399\" data-end=\"5445\">Mesure de l&#039;usure et suivi de la dur\u00e9e de vie des composants<\/p>\n<\/li>\n<li data-start=\"5446\" data-end=\"5495\">\n<p data-start=\"5448\" data-end=\"5495\">Remplacement programm\u00e9 des composants \u00e0 forte usure<\/p>\n<\/li>\n<\/ul>\n<p data-start=\"5497\" data-end=\"5763\">En planifiant la maintenance en fonction des donn\u00e9es d&#039;exploitation plut\u00f4t que des pannes, les installations peuvent am\u00e9liorer la disponibilit\u00e9, ma\u00eetriser les co\u00fbts de maintenance et programmer les interventions lors des arr\u00eats planifi\u00e9s. Sentrimax propose \u00e9galement des contrats de service garantissant une assistance continue et une intervention prioritaire.<\/p>\n<hr data-start=\"5765\" data-end=\"5768\" \/>\n<h2 data-start=\"5770\" data-end=\"5819\">Soutien aux objectifs environnementaux et de s\u00e9curit\u00e9<\/h2>\n<p data-start=\"5821\" data-end=\"6109\">Dans de nombreuses applications industrielles, les performances des centrifugeuses ont un impact direct sur la conformit\u00e9 environnementale, l&#039;efficacit\u00e9 du traitement des d\u00e9chets et la s\u00e9curit\u00e9 au travail. Des performances de s\u00e9paration insuffisantes ou une instabilit\u00e9 m\u00e9canique peuvent augmenter les volumes de d\u00e9chets, perturber les processus en aval et accro\u00eetre les risques op\u00e9rationnels.<\/p>\n<p data-start=\"6111\" data-end=\"6390\">Les proc\u00e9dures de r\u00e9paration de Sentrimax sont con\u00e7ues pour garantir un fonctionnement stable et la conformit\u00e9 aux normes environnementales et de s\u00e9curit\u00e9 applicables. Pour un contexte r\u00e9glementaire plus large, les installations peuvent consulter les directives de l&#039;Agence am\u00e9ricaine de protection de l&#039;environnement (EPA) \u00e0 l&#039;adresse suivante\u00a0:<br data-start=\"6360\" data-end=\"6363\" \/><a class=\"decorated-link cursor-pointer\" target=\"_new\" rel=\"noopener\" data-start=\"6363\" data-end=\"6388\">https:\/\/www.epa.gov\/water<\/a><\/p>\n<p data-start=\"6392\" data-end=\"6525\">Les meilleures pratiques du secteur et les ressources techniques sont \u00e9galement disponibles aupr\u00e8s de la Water Environment Federation.<br data-start=\"6502\" data-end=\"6505\" \/><a class=\"decorated-link\" href=\"https:\/\/www.wef.org\/\" target=\"_new\" rel=\"noopener\" data-start=\"6505\" data-end=\"6525\">https:\/\/www.wef.org\/<\/a><\/p>\n<hr data-start=\"6527\" data-end=\"6530\" \/>\n<h2 data-start=\"6532\" data-end=\"6578\">Pourquoi les entreprises de Los Angeles choisissent Sentrimax<\/h2>\n<p data-start=\"6580\" data-end=\"6893\">Les sites industriels de Los Angeles choisissent Sentrimax pour la r\u00e9paration de leurs centrifugeuses Flottweg en raison de son expertise technique, de sa r\u00e9activit\u00e9 et de son engagement envers la qualit\u00e9. Les techniciens de Sentrimax ma\u00eetrisent les complexit\u00e9s m\u00e9caniques des \u00e9quipements de s\u00e9paration \u00e0 grande vitesse et les contraintes op\u00e9rationnelles auxquelles sont confront\u00e9es les usines.<\/p>\n<p data-start=\"6895\" data-end=\"7165\">Tout au long de chaque projet, Sentrimax privil\u00e9gie une communication claire et une documentation d\u00e9taill\u00e9e. Les installations re\u00e7oivent des rapports de service complets pr\u00e9sentant les r\u00e9sultats des inspections, les travaux r\u00e9alis\u00e9s et les recommandations de maintenance, permettant ainsi de prendre des d\u00e9cisions \u00e9clair\u00e9es en mati\u00e8re de gestion des actifs.<\/p>\n<p data-start=\"7167\" data-end=\"7283\">Pour obtenir une expertise sp\u00e9cifique \u00e0 l&#039;industrie en mati\u00e8re de traitement des eaux us\u00e9es et des solides, consultez<br data-start=\"7236\" data-end=\"7239\" \/><a class=\"decorated-link cursor-pointer\" target=\"_new\" rel=\"noopener\" data-start=\"7239\" data-end=\"7283\">https:\/\/sentrimax.com\/industries\/wastewater\/<\/a><\/p>\n<hr data-start=\"7285\" data-end=\"7288\" \/>\n<h2 data-start=\"7290\" data-end=\"7338\">Assistance compl\u00e8te, de l&#039;inspection \u00e0 la mise en service<\/h2>\n<p data-start=\"7340\" data-end=\"7689\">Sentrimax propose bien plus que la simple r\u00e9paration de composants. Ses services comprennent l&#039;assistance au d\u00e9montage et au remontage, la v\u00e9rification de l&#039;alignement, l&#039;assistance \u00e0 la mise en service et les contr\u00f4les de performance apr\u00e8s r\u00e9paration. Cette approche globale garantit que les centrifugeuses industrielles Flottweg reprennent du service en toute s\u00e9curit\u00e9, fonctionnent correctement et conform\u00e9ment aux sp\u00e9cifications techniques.<\/p>\n<p data-start=\"7691\" data-end=\"7884\">En combinant connaissances en ing\u00e9nierie et exp\u00e9rience pratique sur le terrain, Sentrimax aide les installations de Los Angeles \u00e0 r\u00e9duire les temps d&#039;arr\u00eat, \u00e0 prot\u00e9ger les actifs critiques et \u00e0 am\u00e9liorer la fiabilit\u00e9 \u00e0 long terme des \u00e9quipements.<\/p>\n<hr data-start=\"7886\" data-end=\"7889\" \/>\n<h2 data-start=\"7891\" data-end=\"7957\">Demande de r\u00e9paration de centrifugeuse industrielle Flottweg \u00e0 Los Angeles, Californie<\/h2>\n<p data-start=\"7959\" data-end=\"8284\">\u00c0 Los Angeles, en Californie, les entreprises font confiance \u00e0 Sentrimax pour la r\u00e9paration professionnelle de leurs centrifugeuses industrielles Flottweg, gr\u00e2ce \u00e0 son expertise fiable et \u00e0 son service r\u00e9actif. Qu&#039;il s&#039;agisse d&#039;une r\u00e9paration urgente ou d&#039;une maintenance \u00e0 long terme, Sentrimax propose des solutions con\u00e7ues pour garantir le bon fonctionnement de vos op\u00e9rations industrielles.<\/p>\n<p data-start=\"8286\" data-end=\"8340\" data-is-last-node=\"\" data-is-only-node=\"\"><strong data-start=\"8286\" data-end=\"8340\" data-is-last-node=\"\"><a class=\"decorated-link\" href=\"https:\/\/sentrimax.com\/fr\/contact\/\" target=\"_new\" rel=\"noopener\" data-start=\"8288\" data-end=\"8338\">Demandez un devis !<\/a><\/strong><\/p>","protected":false},"excerpt":{"rendered":"<p>Sentrimax provides professional Flottweg industrial centrifuge repair services for facilities throughout Los Angeles, California. With decades of experience servicing high-speed separation equipment, Sentrimax supports industrial operators with accurate diagnostics, precision repairs, and long-term reliability solutions. From emergency breakdown response to planned overhauls, Sentrimax helps Los Angeles facilities keep Flottweg centrifuges operating efficiently under demanding conditions. [&hellip;]<\/p>\n","protected":false},"author":3,"featured_media":0,"parent":0,"menu_order":0,"comment_status":"closed","ping_status":"closed","template":"seo-page-template.php","meta":{"_acf_changed":false,"inline_featured_image":false,"footnotes":""},"class_list":["post-2294","page","type-page","status-publish","hentry"],"acf":[],"_links":{"self":[{"href":"https:\/\/sentrimax.com\/fr\/wp-json\/wp\/v2\/pages\/2294","targetHints":{"allow":["GET"]}}],"collection":[{"href":"https:\/\/sentrimax.com\/fr\/wp-json\/wp\/v2\/pages"}],"about":[{"href":"https:\/\/sentrimax.com\/fr\/wp-json\/wp\/v2\/types\/page"}],"author":[{"embeddable":true,"href":"https:\/\/sentrimax.com\/fr\/wp-json\/wp\/v2\/users\/3"}],"replies":[{"embeddable":true,"href":"https:\/\/sentrimax.com\/fr\/wp-json\/wp\/v2\/comments?post=2294"}],"version-history":[{"count":1,"href":"https:\/\/sentrimax.com\/fr\/wp-json\/wp\/v2\/pages\/2294\/revisions"}],"predecessor-version":[{"id":2531,"href":"https:\/\/sentrimax.com\/fr\/wp-json\/wp\/v2\/pages\/2294\/revisions\/2531"}],"wp:attachment":[{"href":"https:\/\/sentrimax.com\/fr\/wp-json\/wp\/v2\/media?parent=2294"}],"curies":[{"name":"wp","href":"https:\/\/api.w.org\/{rel}","templated":true}]}}