{"id":2295,"date":"2026-01-07T16:30:05","date_gmt":"2026-01-07T16:30:05","guid":{"rendered":"https:\/\/sentrimax.com\/?page_id=2295"},"modified":"2026-04-21T21:15:03","modified_gmt":"2026-04-21T21:15:03","slug":"flottweg-wastewater-centrifuge-service-in-phoenix-az","status":"publish","type":"page","link":"https:\/\/sentrimax.com\/fr\/flottweg-wastewater-centrifuge-service-in-phoenix-az\/","title":{"rendered":"Service de centrifugation des eaux us\u00e9es Flottweg \u00e0 Phoenix, Arizona"},"content":{"rendered":"<p data-start=\"307\" data-end=\"767\"><img fetchpriority=\"high\" decoding=\"async\" class=\"aligncenter size-full wp-image-910\" src=\"https:\/\/sentrimax.com\/wp-content\/uploads\/2025\/05\/image-4.png\" alt=\"\" width=\"1648\" height=\"1013\" srcset=\"https:\/\/sentrimax.com\/wp-content\/uploads\/2025\/05\/image-4.png 1648w, https:\/\/sentrimax.com\/wp-content\/uploads\/2025\/05\/image-4-600x369.png 600w, https:\/\/sentrimax.com\/wp-content\/uploads\/2025\/05\/image-4-300x184.png 300w, https:\/\/sentrimax.com\/wp-content\/uploads\/2025\/05\/image-4-1024x629.png 1024w, https:\/\/sentrimax.com\/wp-content\/uploads\/2025\/05\/image-4-768x472.png 768w, https:\/\/sentrimax.com\/wp-content\/uploads\/2025\/05\/image-4-1536x944.png 1536w\" sizes=\"(max-width: 1648px) 100vw, 1648px\" \/><\/p>\n<p data-start=\"307\" data-end=\"767\">Sentrimax propose un service professionnel de centrifugation des eaux us\u00e9es Flottweg pour les stations d&#039;\u00e9puration municipales et industrielles de Phoenix, en Arizona. Forte de plusieurs d\u00e9cennies d&#039;exp\u00e9rience dans la maintenance d&#039;\u00e9quipements de s\u00e9paration \u00e0 grande vitesse, <strong data-start=\"538\" data-end=\"579\"><span class=\"hover:entity-accent entity-underline inline cursor-pointer align-baseline\"><span class=\"whitespace-normal\">Sentrimax<\/span><\/span><\/strong> propose des solutions fiables d&#039;inspection, de maintenance, de r\u00e9paration et de remise en \u00e9tat con\u00e7ues pour assurer le fonctionnement efficace et constant des centrifugeuses Flottweg dans des environnements de traitement des eaux us\u00e9es exigeants.<\/p>\n<p data-start=\"769\" data-end=\"1249\">Les centrifugeuses Flottweg sont un \u00e9l\u00e9ment essentiel des proc\u00e9d\u00e9s modernes de traitement des eaux us\u00e9es, contribuant \u00e0 la d\u00e9shydratation des boues, \u00e0 la gestion des biosolides et \u00e0 la r\u00e9duction des mati\u00e8res en suspension. Con\u00e7ues pour un fonctionnement continu, ces machines peuvent toutefois s&#039;user au fil du temps sous l&#039;effet de particules abrasives, de conditions d&#039;alimentation variables et de fortes contraintes de couple. Sentrimax met en \u0153uvre des m\u00e9thodes de maintenance \u00e9prouv\u00e9es pour optimiser les performances, minimiser les temps d&#039;arr\u00eat et prolonger la dur\u00e9e de vie des centrifugeuses Flottweg.<\/p>\n<hr data-start=\"1251\" data-end=\"1254\" \/>\n<h2 data-start=\"1256\" data-end=\"1306\">Soutien aux op\u00e9rations de traitement des eaux us\u00e9es dans la r\u00e9gion de Phoenix<\/h2>\n<p data-start=\"1308\" data-end=\"1699\">installations de traitement des eaux us\u00e9es dans tout le pays <strong data-start=\"1351\" data-end=\"1392\"><span class=\"hover:entity-accent entity-underline inline cursor-pointer align-baseline\"><span class=\"whitespace-normal\">Ph\u00e9nix<\/span><\/span><\/strong> Pour respecter les exigences r\u00e9glementaires, ma\u00eetriser les co\u00fbts d&#039;exploitation et prot\u00e9ger les proc\u00e9d\u00e9s en aval, il est essentiel de compter sur la fiabilit\u00e9 des centrifugeuses. En cas de vibrations, de diminution du degr\u00e9 de siccit\u00e9 du g\u00e2teau de filtration, de fuite d&#039;\u00e9tanch\u00e9it\u00e9 ou d&#039;usure m\u00e9canique d&#039;une centrifugeuse Flottweg pour eaux us\u00e9es, une intervention rapide est indispensable pour \u00e9viter toute interruption de proc\u00e9d\u00e9.<\/p>\n<p data-start=\"1701\" data-end=\"2004\">Sentrimax assure un service d&#039;assistance r\u00e9actif dans la r\u00e9gion de Phoenix, combinant intervention sur site et ateliers de r\u00e9paration de pointe. Cette approche int\u00e9gr\u00e9e permet aux installations de r\u00e9soudre rapidement les probl\u00e8mes de centrifugeuses tout en garantissant des r\u00e9parations effectu\u00e9es selon des normes rigoureuses.<\/p>\n<hr data-start=\"2006\" data-end=\"2009\" \/>\n<h2 data-start=\"2011\" data-end=\"2067\">Services complets de centrifugation des eaux us\u00e9es de Flottweg<\/h2>\n<p data-start=\"2069\" data-end=\"2237\">Sentrimax propose une gamme compl\u00e8te de services d&#039;assistance pour les centrifugeuses de traitement des eaux us\u00e9es Flottweg, adapt\u00e9s aux besoins op\u00e9rationnels des stations d&#039;\u00e9puration municipales et industrielles. Ces services comprennent\u00a0:<\/p>\n<ul data-start=\"2239\" data-end=\"2702\">\n<li data-start=\"2239\" data-end=\"2304\">\n<p data-start=\"2241\" data-end=\"2304\"><strong data-start=\"2241\" data-end=\"2302\">Inspections m\u00e9caniques d\u00e9taill\u00e9es et \u00e9valuations de l&#039;\u00e9tat<\/strong><\/p>\n<\/li>\n<li data-start=\"2305\" data-end=\"2356\">\n<p data-start=\"2307\" data-end=\"2356\"><strong data-start=\"2307\" data-end=\"2354\">Analyse et diagnostic des causes profondes de d\u00e9faillance<\/strong><\/p>\n<\/li>\n<li data-start=\"2357\" data-end=\"2413\">\n<p data-start=\"2359\" data-end=\"2413\"><strong data-start=\"2359\" data-end=\"2411\">r\u00e9paration ou remplacement de bols, de volutes et de convoyeurs<\/strong><\/p>\n<\/li>\n<li data-start=\"2414\" data-end=\"2476\">\n<p data-start=\"2416\" data-end=\"2476\"><strong data-start=\"2416\" data-end=\"2474\">D\u00e9pose, pose et alignement de pr\u00e9cision des roulements<\/strong><\/p>\n<\/li>\n<li data-start=\"2477\" data-end=\"2537\">\n<p data-start=\"2479\" data-end=\"2537\"><strong data-start=\"2479\" data-end=\"2535\">Inspection, r\u00e9fection et v\u00e9rification du couple de la bo\u00eete de vitesses<\/strong><\/p>\n<\/li>\n<li data-start=\"2538\" data-end=\"2581\">\n<p data-start=\"2540\" data-end=\"2581\"><strong data-start=\"2540\" data-end=\"2579\">\u00c9quilibrage dynamique selon les tol\u00e9rances du constructeur<\/strong><\/p>\n<\/li>\n<li data-start=\"2582\" data-end=\"2635\">\n<p data-start=\"2584\" data-end=\"2635\"><strong data-start=\"2584\" data-end=\"2633\">Am\u00e9liorations du remplacement des joints et de la protection contre l&#039;usure<\/strong><\/p>\n<\/li>\n<li data-start=\"2636\" data-end=\"2702\">\n<p data-start=\"2638\" data-end=\"2702\"><strong data-start=\"2638\" data-end=\"2702\">Assistance au d\u00e9marrage et v\u00e9rification des performances apr\u00e8s service<\/strong><\/p>\n<\/li>\n<\/ul>\n<p data-start=\"2704\" data-end=\"3068\">Chaque intervention suit des proc\u00e9dures document\u00e9es conformes aux sp\u00e9cifications d&#039;origine. Au lieu de se concentrer uniquement sur l&#039;usure visible, Sentrimax \u00e9value l&#039;ensemble du syst\u00e8me m\u00e9canique afin d&#039;identifier les facteurs contributifs tels que le d\u00e9salignement, la d\u00e9faillance de la lubrification ou les contraintes li\u00e9es au processus. Cette approche contribue \u00e0 r\u00e9duire les pannes r\u00e9currentes et \u00e0 am\u00e9liorer la fiabilit\u00e9 \u00e0 long terme.<\/p>\n<p data-start=\"3070\" data-end=\"3255\">Les installations utilisant plusieurs marques de centrifugeuses peuvent \u00e9galement compter sur Sentrimax pour un service apr\u00e8s-vente plus \u00e9tendu. Des informations compl\u00e9mentaires sont disponibles sur [lien manquant].<br data-start=\"3212\" data-end=\"3215\" \/><a class=\"decorated-link cursor-pointer\" target=\"_new\" rel=\"noopener\" data-start=\"3215\" data-end=\"3255\">https:\/\/sentrimax.com\/centrifuge-repair\/<\/a><\/p>\n<hr data-start=\"3257\" data-end=\"3260\" \/>\n<h2 data-start=\"3262\" data-end=\"3308\">Service sur le terrain et intervention rapide en Arizona<\/h2>\n<p data-start=\"3310\" data-end=\"3578\">Un arr\u00eat impr\u00e9vu d&#039;une centrifugeuse peut perturber le traitement des eaux us\u00e9es et accro\u00eetre les risques de non-conformit\u00e9. Sentrimax propose un service d&#039;intervention rapide dans toute la r\u00e9gion de Phoenix, assurant des inspections sur site, le d\u00e9pannage et la stabilisation en cas d&#039;urgence.<\/p>\n<p data-start=\"3580\" data-end=\"3874\">L&#039;intervention sur site permet aux techniciens d&#039;\u00e9valuer les centrifugeuses dans leurs conditions de fonctionnement r\u00e9elles. Cela permet d&#039;identifier les facteurs d&#039;usure li\u00e9s au processus qui pourraient ne pas \u00eatre apparents lors d&#039;inspections hors site. L&#039;intervention sur site r\u00e9duit \u00e9galement le temps de transport des \u00e9quipements et les temps d&#039;arr\u00eat globaux.<\/p>\n<hr data-start=\"3876\" data-end=\"3879\" \/>\n<h2 data-start=\"3881\" data-end=\"3923\">Pi\u00e8ces de qualit\u00e9 d&#039;origine et r\u00e9parations de pr\u00e9cision<\/h2>\n<p data-start=\"3925\" data-end=\"4267\">La qualit\u00e9 des r\u00e9parations d\u00e9pend fortement des composants utilis\u00e9s. Sentrimax fournit des pi\u00e8ces de rechange d&#039;origine et \u00e9quivalentes pour les centrifugeuses de traitement des eaux us\u00e9es Flottweg, notamment des roulements, des joints d&#039;\u00e9tanch\u00e9it\u00e9, des rev\u00eatements anti-usure, des spirales et des composants de r\u00e9ducteur. Chaque pi\u00e8ce est inspect\u00e9e avant installation afin de v\u00e9rifier sa pr\u00e9cision dimensionnelle, l&#039;int\u00e9grit\u00e9 des mat\u00e9riaux et sa compatibilit\u00e9.<\/p>\n<p data-start=\"4269\" data-end=\"4653\">Pour les centrifugeuses pr\u00e9sentant une usure importante ou une d\u00e9gradation li\u00e9e \u00e0 l&#039;\u00e2ge, Sentrimax propose des services de remise \u00e0 neuf complets. Ces remises \u00e0 neuf r\u00e9tablissent les tol\u00e9rances critiques, corrigent l&#039;usure cumulative et am\u00e9liorent l&#039;\u00e9quilibrage m\u00e9canique de l&#039;ensemble. Une centrifugeuse Flottweg remise \u00e0 neuf par des professionnels peut ainsi prolonger sa dur\u00e9e de vie de plusieurs ann\u00e9es, tout en am\u00e9liorant l&#039;efficacit\u00e9 de la d\u00e9shydratation et la stabilit\u00e9 de fonctionnement.<\/p>\n<p data-start=\"4655\" data-end=\"4751\">Les installations qui recherchent une assistance pour les composants peuvent en apprendre davantage sur le site suivant\u00a0:<br data-start=\"4709\" data-end=\"4712\" \/><a class=\"decorated-link cursor-pointer\" target=\"_new\" rel=\"noopener\" data-start=\"4712\" data-end=\"4751\">https:\/\/sentrimax.com\/centrifuge-parts\/<\/a><\/p>\n<hr data-start=\"4753\" data-end=\"4756\" \/>\n<h2 data-start=\"4758\" data-end=\"4810\">Maintenance pr\u00e9ventive pour la fiabilit\u00e9 des eaux us\u00e9es<\/h2>\n<p data-start=\"4812\" data-end=\"5046\">Les r\u00e9parations d&#039;urgence sont co\u00fbteuses et perturbatrices dans les stations d&#039;\u00e9puration. Sentrimax collabore avec les installations de la r\u00e9gion de Phoenix pour mettre en \u0153uvre des programmes de maintenance pr\u00e9ventive visant \u00e0 identifier les probl\u00e8mes au plus t\u00f4t et \u00e0 r\u00e9duire les arr\u00eats impr\u00e9vus.<\/p>\n<p data-start=\"5048\" data-end=\"5092\">Les services d&#039;entretien pr\u00e9ventif peuvent comprendre\u00a0:<\/p>\n<ul data-start=\"5094\" data-end=\"5313\">\n<li data-start=\"5094\" data-end=\"5128\">\n<p data-start=\"5096\" data-end=\"5128\">Inspections m\u00e9caniques de routine<\/p>\n<\/li>\n<li data-start=\"5129\" data-end=\"5172\">\n<p data-start=\"5131\" data-end=\"5172\">Analyse des vibrations et surveillance des tendances<\/p>\n<\/li>\n<li data-start=\"5173\" data-end=\"5214\">\n<p data-start=\"5175\" data-end=\"5214\">\u00c9chantillonnage et surveillance de l&#039;\u00e9tat de l&#039;huile<\/p>\n<\/li>\n<li data-start=\"5215\" data-end=\"5263\">\n<p data-start=\"5217\" data-end=\"5263\">Mesure de l&#039;usure et suivi de la dur\u00e9e de vie des composants<\/p>\n<\/li>\n<li data-start=\"5264\" data-end=\"5313\">\n<p data-start=\"5266\" data-end=\"5313\">Remplacement programm\u00e9 des composants \u00e0 forte usure<\/p>\n<\/li>\n<\/ul>\n<p data-start=\"5315\" data-end=\"5588\">En planifiant la maintenance en fonction des donn\u00e9es d&#039;exploitation plut\u00f4t que des pannes, les installations peuvent am\u00e9liorer la disponibilit\u00e9, stabiliser les performances de d\u00e9shydratation et ma\u00eetriser les co\u00fbts de maintenance. Sentrimax propose \u00e9galement des contrats de service garantissant une intervention prioritaire et une planification pr\u00e9visible de la maintenance.<\/p>\n<hr data-start=\"5590\" data-end=\"5593\" \/>\n<h2 data-start=\"5595\" data-end=\"5654\">Soutien \u00e0 la conformit\u00e9 r\u00e9glementaire et aux objectifs environnementaux<\/h2>\n<p data-start=\"5656\" data-end=\"6045\">Le bon fonctionnement des centrifugeuses est essentiel \u00e0 la conformit\u00e9 environnementale et \u00e0 l&#039;efficacit\u00e9 du traitement des eaux us\u00e9es. Une efficacit\u00e9 de s\u00e9paration r\u00e9duite peut augmenter les volumes transport\u00e9s, surcharger les proc\u00e9d\u00e9s en aval et accro\u00eetre le risque d&#039;infractions aux permis. Les services de Sentrimax sont con\u00e7us pour garantir un fonctionnement optimal des centrifugeuses et le respect de la r\u00e9glementation applicable en mati\u00e8re de traitement des eaux us\u00e9es.<\/p>\n<p data-start=\"6047\" data-end=\"6213\">Pour obtenir des conseils r\u00e9glementaires et conna\u00eetre les meilleures pratiques du secteur, les installations peuvent consulter les ressources de l&#039;Agence am\u00e9ricaine de protection de l&#039;environnement (EPA) sur le site suivant\u00a0:<br data-start=\"6183\" data-end=\"6186\" \/><a class=\"decorated-link cursor-pointer\" target=\"_new\" rel=\"noopener\" data-start=\"6186\" data-end=\"6211\">https:\/\/www.epa.gov\/water<\/a><\/p>\n<p data-start=\"6215\" data-end=\"6350\">Des informations techniques suppl\u00e9mentaires et des normes op\u00e9rationnelles sont disponibles aupr\u00e8s de la Water Environment Federation.<br data-start=\"6327\" data-end=\"6330\" \/><a class=\"decorated-link\" href=\"https:\/\/www.wef.org\/\" target=\"_new\" rel=\"noopener\" data-start=\"6330\" data-end=\"6350\">https:\/\/www.wef.org\/<\/a><\/p>\n<hr data-start=\"6352\" data-end=\"6355\" \/>\n<h2 data-start=\"6357\" data-end=\"6399\">Pourquoi les installations de Phoenix choisissent Sentrimax<\/h2>\n<p data-start=\"6401\" data-end=\"6700\">Les stations d&#039;\u00e9puration de Phoenix choisissent Sentrimax pour l&#039;entretien de leurs centrifugeuses Flottweg en raison de son expertise technique, de sa r\u00e9activit\u00e9 et de son engagement envers la qualit\u00e9. Les techniciens de Sentrimax ma\u00eetrisent les exigences m\u00e9caniques des centrifugeuses et les contraintes op\u00e9rationnelles auxquelles sont confront\u00e9es les stations d&#039;\u00e9puration.<\/p>\n<p data-start=\"6702\" data-end=\"6966\">Une communication claire et une documentation d\u00e9taill\u00e9e sont essentielles tout au long de chaque projet. Les installations re\u00e7oivent des rapports de service complets pr\u00e9sentant les r\u00e9sultats des inspections, les travaux effectu\u00e9s et les recommandations de maintenance, permettant ainsi de prendre des d\u00e9cisions \u00e9clair\u00e9es en mati\u00e8re de gestion des actifs.<\/p>\n<p data-start=\"6968\" data-end=\"7063\">Pour une expertise sp\u00e9cifique en mati\u00e8re de traitement des eaux us\u00e9es, consultez<br data-start=\"7016\" data-end=\"7019\" \/><a class=\"decorated-link cursor-pointer\" target=\"_new\" rel=\"noopener\" data-start=\"7019\" data-end=\"7063\">https:\/\/sentrimax.com\/industries\/wastewater\/<\/a><\/p>\n<hr data-start=\"7065\" data-end=\"7068\" \/>\n<h2 data-start=\"7070\" data-end=\"7118\">Assistance compl\u00e8te, de l&#039;inspection \u00e0 la mise en service<\/h2>\n<p data-start=\"7120\" data-end=\"7467\">Sentrimax propose une assistance compl\u00e8te, allant au-del\u00e0 de la simple r\u00e9paration des composants. Son accompagnement inclut le d\u00e9montage et le remontage des \u00e9quipements, la v\u00e9rification de l&#039;alignement, l&#039;assistance au d\u00e9marrage et les contr\u00f4les de performance apr\u00e8s intervention. Cette approche globale garantit la remise en service des centrifugeuses de traitement des eaux us\u00e9es de Flottweg, fonctionnant en toute s\u00e9curit\u00e9, sans \u00e0-coups et conform\u00e9ment aux sp\u00e9cifications techniques.<\/p>\n<p data-start=\"7469\" data-end=\"7677\">En combinant connaissances en ing\u00e9nierie et exp\u00e9rience pratique sur le terrain, Sentrimax aide les stations d&#039;\u00e9puration de Phoenix \u00e0 r\u00e9duire les temps d&#039;arr\u00eat, \u00e0 prot\u00e9ger les infrastructures critiques et \u00e0 am\u00e9liorer la fiabilit\u00e9 \u00e0 long terme des \u00e9quipements.<\/p>\n<hr data-start=\"7679\" data-end=\"7682\" \/>\n<h2 data-start=\"7684\" data-end=\"7747\">Demande de service de centrifugation des eaux us\u00e9es Flottweg \u00e0 Phoenix, Arizona<\/h2>\n<p data-start=\"7749\" data-end=\"8091\">\u00c0 Phoenix, en Arizona, les installations qui ont besoin d&#039;un service professionnel de centrifugation des eaux us\u00e9es Flottweg font confiance \u00e0 Sentrimax pour son expertise fiable et son assistance r\u00e9active. Qu&#039;il s&#039;agisse de r\u00e9pondre \u00e0 des besoins urgents ou de planifier la maintenance \u00e0 long terme, Sentrimax propose des solutions con\u00e7ues pour assurer le fonctionnement efficace et conforme des stations d&#039;\u00e9puration.<\/p>\n<p data-start=\"8093\" data-end=\"8147\" data-is-last-node=\"\" data-is-only-node=\"\"><strong data-start=\"8093\" data-end=\"8147\" data-is-last-node=\"\"><a class=\"decorated-link\" href=\"https:\/\/sentrimax.com\/fr\/contact\/\" target=\"_new\" rel=\"noopener\" data-start=\"8095\" data-end=\"8145\">Demandez un devis !<\/a><\/strong><\/p>","protected":false},"excerpt":{"rendered":"<p>Sentrimax provides professional Flottweg wastewater centrifuge service for municipal and industrial wastewater treatment facilities throughout Phoenix, Arizona. With decades of experience servicing high-speed separation equipment, Sentrimax delivers reliable inspection, maintenance, repair, and rebuild solutions designed to keep Flottweg centrifuges operating efficiently and consistently in demanding wastewater environments. Flottweg centrifuges are a critical component of modern [&hellip;]<\/p>\n","protected":false},"author":3,"featured_media":0,"parent":0,"menu_order":0,"comment_status":"closed","ping_status":"closed","template":"seo-page-template.php","meta":{"_acf_changed":false,"inline_featured_image":false,"footnotes":""},"class_list":["post-2295","page","type-page","status-publish","hentry"],"acf":[],"_links":{"self":[{"href":"https:\/\/sentrimax.com\/fr\/wp-json\/wp\/v2\/pages\/2295","targetHints":{"allow":["GET"]}}],"collection":[{"href":"https:\/\/sentrimax.com\/fr\/wp-json\/wp\/v2\/pages"}],"about":[{"href":"https:\/\/sentrimax.com\/fr\/wp-json\/wp\/v2\/types\/page"}],"author":[{"embeddable":true,"href":"https:\/\/sentrimax.com\/fr\/wp-json\/wp\/v2\/users\/3"}],"replies":[{"embeddable":true,"href":"https:\/\/sentrimax.com\/fr\/wp-json\/wp\/v2\/comments?post=2295"}],"version-history":[{"count":1,"href":"https:\/\/sentrimax.com\/fr\/wp-json\/wp\/v2\/pages\/2295\/revisions"}],"predecessor-version":[{"id":2530,"href":"https:\/\/sentrimax.com\/fr\/wp-json\/wp\/v2\/pages\/2295\/revisions\/2530"}],"wp:attachment":[{"href":"https:\/\/sentrimax.com\/fr\/wp-json\/wp\/v2\/media?parent=2295"}],"curies":[{"name":"wp","href":"https:\/\/api.w.org\/{rel}","templated":true}]}}