{"id":2296,"date":"2026-01-07T16:31:48","date_gmt":"2026-01-07T16:31:48","guid":{"rendered":"https:\/\/sentrimax.com\/?page_id=2296"},"modified":"2026-04-21T21:15:03","modified_gmt":"2026-04-21T21:15:03","slug":"flottweg-centrifuge-maintenance-in-dallas-tx","status":"publish","type":"page","link":"https:\/\/sentrimax.com\/fr\/flottweg-centrifuge-maintenance-in-dallas-tx\/","title":{"rendered":"Maintenance de centrifugeuses Flottweg \u00e0 Dallas, Texas"},"content":{"rendered":"<p data-start=\"288\" data-end=\"712\"><img fetchpriority=\"high\" decoding=\"async\" class=\"aligncenter size-full wp-image-904\" src=\"https:\/\/sentrimax.com\/wp-content\/uploads\/2025\/05\/image-3-1.png\" alt=\"\" width=\"1236\" height=\"760\" srcset=\"https:\/\/sentrimax.com\/wp-content\/uploads\/2025\/05\/image-3-1.png 1236w, https:\/\/sentrimax.com\/wp-content\/uploads\/2025\/05\/image-3-1-600x369.png 600w, https:\/\/sentrimax.com\/wp-content\/uploads\/2025\/05\/image-3-1-300x184.png 300w, https:\/\/sentrimax.com\/wp-content\/uploads\/2025\/05\/image-3-1-1024x630.png 1024w, https:\/\/sentrimax.com\/wp-content\/uploads\/2025\/05\/image-3-1-768x472.png 768w\" sizes=\"(max-width: 1236px) 100vw, 1236px\" \/><\/p>\n<p data-start=\"288\" data-end=\"712\">Sentrimax propose des services professionnels de maintenance des centrifugeuses Flottweg pour les installations industrielles et de traitement des eaux us\u00e9es de la r\u00e9gion de Dallas, au Texas. Forte de plusieurs d\u00e9cennies d&#039;exp\u00e9rience dans le support des \u00e9quipements de s\u00e9paration \u00e0 grande vitesse, <strong data-start=\"499\" data-end=\"540\"><span class=\"hover:entity-accent entity-underline inline cursor-pointer align-baseline\"><span class=\"whitespace-normal\">Sentrimax<\/span><\/span><\/strong> aide les op\u00e9rateurs \u00e0 prot\u00e9ger leurs actifs critiques, \u00e0 r\u00e9duire les temps d&#039;arr\u00eat impr\u00e9vus et \u00e0 prolonger la dur\u00e9e de vie des centrifugeuses Flottweg gr\u00e2ce \u00e0 des programmes de maintenance pr\u00e9ventive structur\u00e9s.<\/p>\n<p data-start=\"714\" data-end=\"1211\">Les centrifugeuses Flottweg sont con\u00e7ues pour un fonctionnement continu dans des applications exigeantes, telles que le traitement des eaux us\u00e9es, les proc\u00e9d\u00e9s industriels, la production agroalimentaire et la fabrication de produits chimiques. Avec le temps, l&#039;usure normale due aux particules abrasives, aux variations d&#039;alimentation et aux couples de serrage soutenus peut affecter les roulements, les joints, les r\u00e9ducteurs et les ensembles rotatifs. Un entretien r\u00e9gulier effectu\u00e9 par des techniciens qualifi\u00e9s est essentiel pour garantir les performances et \u00e9viter les pannes co\u00fbteuses.<\/p>\n<hr data-start=\"1213\" data-end=\"1216\" \/>\n<h2 data-start=\"1218\" data-end=\"1280\">Soutien aux op\u00e9rations industrielles et de traitement des eaux us\u00e9es de la r\u00e9gion de Dallas<\/h2>\n<p data-start=\"1282\" data-end=\"1721\">Des installations \u00e0 travers <strong data-start=\"1300\" data-end=\"1341\"><span class=\"hover:entity-accent entity-underline inline cursor-pointer align-baseline\"><span class=\"whitespace-normal\">Dallas<\/span><\/span><\/strong> Les centrifugeuses sont des \u00e9quipements essentiels \u00e0 leurs processus. Un entretien n\u00e9glig\u00e9 ou irr\u00e9gulier peut entra\u00eener des pannes m\u00e9caniques majeures dues \u00e0 des probl\u00e8mes mineurs tels que des vibrations, une d\u00e9gradation de la lubrification ou l&#039;usure des joints. Sentrimax accompagne les entreprises de la r\u00e9gion de Dallas gr\u00e2ce \u00e0 un service r\u00e9actif et des programmes de maintenance adapt\u00e9s \u00e0 leurs conditions d&#039;exploitation r\u00e9elles.<\/p>\n<p data-start=\"1723\" data-end=\"2004\">En combinant l&#039;intervention sur site et des capacit\u00e9s internes de pointe, Sentrimax aide les installations \u00e0 r\u00e9pondre efficacement \u00e0 leurs besoins de maintenance tout en minimisant les interruptions d&#039;exploitation. Cette approche permet aux centrifugeuses de rester des \u00e9quipements fiables plut\u00f4t que des sources d&#039;arr\u00eats de production r\u00e9currents.<\/p>\n<hr data-start=\"2006\" data-end=\"2009\" \/>\n<h2 data-start=\"2011\" data-end=\"2068\">Services complets d&#039;entretien des centrifugeuses Flottweg<\/h2>\n<p data-start=\"2070\" data-end=\"2238\">Sentrimax propose des services de maintenance structur\u00e9s pour les centrifugeuses Flottweg, con\u00e7us pour d\u00e9tecter l&#039;usure pr\u00e9cocement et pr\u00e9server l&#039;int\u00e9grit\u00e9 m\u00e9canique. Ces services comprennent\u00a0:<\/p>\n<ul data-start=\"2240\" data-end=\"2670\">\n<li data-start=\"2240\" data-end=\"2306\">\n<p data-start=\"2242\" data-end=\"2306\"><strong data-start=\"2242\" data-end=\"2304\">Inspections m\u00e9caniques planifi\u00e9es et \u00e9valuations de l&#039;\u00e9tat<\/strong><\/p>\n<\/li>\n<li data-start=\"2307\" data-end=\"2354\">\n<p data-start=\"2309\" data-end=\"2354\"><strong data-start=\"2309\" data-end=\"2352\">Analyse des vibrations et surveillance des tendances<\/strong><\/p>\n<\/li>\n<li data-start=\"2355\" data-end=\"2414\">\n<p data-start=\"2357\" data-end=\"2414\"><strong data-start=\"2357\" data-end=\"2412\">\u00c9valuation de l&#039;\u00e9tat des roulements et contr\u00f4les de lubrification<\/strong><\/p>\n<\/li>\n<li data-start=\"2415\" data-end=\"2463\">\n<p data-start=\"2417\" data-end=\"2463\"><strong data-start=\"2417\" data-end=\"2461\">Planification de l&#039;inspection et du remplacement des joints<\/strong><\/p>\n<\/li>\n<li data-start=\"2464\" data-end=\"2507\">\n<p data-start=\"2466\" data-end=\"2507\"><strong data-start=\"2466\" data-end=\"2505\">Inspection de la bo\u00eete de vitesses et analyse d&#039;huile<\/strong><\/p>\n<\/li>\n<li data-start=\"2508\" data-end=\"2562\">\n<p data-start=\"2510\" data-end=\"2562\"><strong data-start=\"2510\" data-end=\"2560\">Mesure de l&#039;usure des volutes, des bols et des doublures<\/strong><\/p>\n<\/li>\n<li data-start=\"2563\" data-end=\"2613\">\n<p data-start=\"2565\" data-end=\"2613\"><strong data-start=\"2565\" data-end=\"2611\">V\u00e9rification dynamique de l&#039;\u00e9quilibre lorsque n\u00e9cessaire<\/strong><\/p>\n<\/li>\n<li data-start=\"2614\" data-end=\"2670\">\n<p data-start=\"2616\" data-end=\"2670\"><strong data-start=\"2616\" data-end=\"2670\">Examen des performances op\u00e9rationnelles et recommandations<\/strong><\/p>\n<\/li>\n<\/ul>\n<p data-start=\"2672\" data-end=\"2939\">Chaque intervention de maintenance suit des proc\u00e9dures document\u00e9es conformes aux sp\u00e9cifications d&#039;origine. Plut\u00f4t que de se concentrer uniquement sur les probl\u00e8mes visibles, Sentrimax \u00e9value l&#039;ensemble du syst\u00e8me m\u00e9canique afin d&#039;identifier les probl\u00e8mes naissants avant qu&#039;ils n&#039;entra\u00eenent une panne.<\/p>\n<p data-start=\"2941\" data-end=\"3125\">Les installations poss\u00e9dant plusieurs marques de centrifugeuses peuvent \u00e9galement compter sur Sentrimax pour un service de maintenance plus complet. Des informations suppl\u00e9mentaires sont disponibles sur [lien manquant].<br data-start=\"3082\" data-end=\"3085\" \/><a class=\"decorated-link cursor-pointer\" target=\"_new\" rel=\"noopener\" data-start=\"3085\" data-end=\"3125\">https:\/\/sentrimax.com\/centrifuge-repair\/<\/a><\/p>\n<hr data-start=\"3127\" data-end=\"3130\" \/>\n<h2 data-start=\"3132\" data-end=\"3194\">Des programmes de maintenance pr\u00e9ventive con\u00e7us sur mesure pour votre exploitation<\/h2>\n<p data-start=\"3196\" data-end=\"3486\">La maintenance pr\u00e9ventive est l&#039;un des moyens les plus efficaces de ma\u00eetriser les co\u00fbts du cycle de vie et d&#039;am\u00e9liorer la fiabilit\u00e9 des \u00e9quipements. Sentrimax collabore \u00e9troitement avec les installations de Dallas pour \u00e9laborer des programmes de maintenance bas\u00e9s sur les heures de fonctionnement, la charge en solides, la variabilit\u00e9 des proc\u00e9d\u00e9s et l&#039;historique d&#039;usure.<\/p>\n<p data-start=\"3488\" data-end=\"3798\">Les programmes de maintenance pr\u00e9ventive peuvent \u00eatre structur\u00e9s de mani\u00e8re \u00e0 co\u00efncider avec les arr\u00eats planifi\u00e9s ou les calendriers de production, permettant ainsi aux installations d&#039;\u00e9viter les r\u00e9parations d&#039;urgence et de stabiliser leurs performances. En analysant les tendances au fil du temps, Sentrimax aide les op\u00e9rateurs \u00e0 prendre des d\u00e9cisions \u00e9clair\u00e9es concernant le remplacement des composants et les intervalles d&#039;entretien.<\/p>\n<p data-start=\"3800\" data-end=\"3957\">Des contrats de service sont \u00e9galement disponibles, assurant une couverture de maintenance constante, une intervention prioritaire et une planification pr\u00e9visible pour la gestion des actifs \u00e0 long terme.<\/p>\n<hr data-start=\"3959\" data-end=\"3962\" \/>\n<h2 data-start=\"3964\" data-end=\"4008\">Pi\u00e8ces de qualit\u00e9 d&#039;origine et assistance technique<\/h2>\n<p data-start=\"4010\" data-end=\"4370\">L&#039;efficacit\u00e9 de la maintenance repose sur la qualit\u00e9 des pi\u00e8ces de rechange utilis\u00e9es. Sentrimax fournit des pi\u00e8ces d&#039;origine et \u00e9quivalentes pour les centrifugeuses Flottweg, notamment des roulements, des joints d&#039;\u00e9tanch\u00e9it\u00e9, des rev\u00eatements anti-usure, des composants de spirale et des pi\u00e8ces de r\u00e9ducteur. Chaque composant est contr\u00f4l\u00e9 avant son installation afin de v\u00e9rifier sa pr\u00e9cision dimensionnelle, l&#039;int\u00e9grit\u00e9 des mat\u00e9riaux et sa compatibilit\u00e9.<\/p>\n<p data-start=\"4372\" data-end=\"4634\">Lorsque les inspections r\u00e9v\u00e8lent une usure avanc\u00e9e ou le vieillissement de composants, Sentrimax peut coordonner la maintenance avec des r\u00e9parations ou des remises \u00e0 neuf cibl\u00e9es afin de r\u00e9tablir l&#039;int\u00e9grit\u00e9 m\u00e9canique compl\u00e8te. Les \u00e9tablissements souhaitant obtenir des pi\u00e8ces d\u00e9tach\u00e9es peuvent en savoir plus sur [lien manquant].<br data-start=\"4592\" data-end=\"4595\" \/><a class=\"decorated-link cursor-pointer\" target=\"_new\" rel=\"noopener\" data-start=\"4595\" data-end=\"4634\">https:\/\/sentrimax.com\/centrifuge-parts\/<\/a><\/p>\n<hr data-start=\"4636\" data-end=\"4639\" \/>\n<h2 data-start=\"4641\" data-end=\"4694\">Service sur le terrain et expertise sur site dans le nord du Texas<\/h2>\n<p data-start=\"4696\" data-end=\"4987\">Sentrimax propose un service d&#039;intervention sur site dans toute la r\u00e9gion de Dallas, permettant aux techniciens d&#039;\u00e9valuer les centrifugeuses en conditions r\u00e9elles d&#039;utilisation. Cette approche permet d&#039;identifier les facteurs d&#039;usure li\u00e9s au processus, tels que la variabilit\u00e9 de l&#039;alimentation, la concentration en solides ou les variations de vitesse de fonctionnement.<\/p>\n<p data-start=\"4989\" data-end=\"5293\">La maintenance sur site r\u00e9duit les besoins de transport d&#039;\u00e9quipement, raccourcit les d\u00e9lais d&#039;intervention et permet de r\u00e9soudre les probl\u00e8mes avant qu&#039;ils n&#039;affectent la production ou les performances du traitement. Des proc\u00e9dures ax\u00e9es sur la s\u00e9curit\u00e9 et un personnel exp\u00e9riment\u00e9 garantissent que les op\u00e9rations de maintenance sont r\u00e9alis\u00e9es de mani\u00e8re efficace et responsable.<\/p>\n<hr data-start=\"5295\" data-end=\"5298\" \/>\n<h2 data-start=\"5300\" data-end=\"5360\">Soutien \u00e0 la conformit\u00e9 environnementale et \u00e0 la stabilit\u00e9 des proc\u00e9d\u00e9s<\/h2>\n<p data-start=\"5362\" data-end=\"5655\">Pour les installations de traitement des eaux us\u00e9es et les sites industriels, des performances constantes des centrifugeuses garantissent la conformit\u00e9 environnementale, une gestion efficace des mati\u00e8res solides et la stabilit\u00e9 des proc\u00e9d\u00e9s en aval. Un entretien diff\u00e9r\u00e9 peut entra\u00eener une baisse de l&#039;efficacit\u00e9 de s\u00e9paration, une augmentation des co\u00fbts de transport et un risque accru de non-conformit\u00e9.<\/p>\n<p data-start=\"5657\" data-end=\"5932\">Les pratiques de maintenance de Sentrimax sont con\u00e7ues pour assurer un fonctionnement stable et la conformit\u00e9 aux exigences environnementales applicables. Pour un contexte r\u00e9glementaire plus large, les installations peuvent consulter les directives de l&#039;Agence am\u00e9ricaine de protection de l&#039;environnement (EPA) \u00e0 l&#039;adresse suivante\u00a0:<br data-start=\"5902\" data-end=\"5905\" \/><a class=\"decorated-link cursor-pointer\" target=\"_new\" rel=\"noopener\" data-start=\"5905\" data-end=\"5930\">https:\/\/www.epa.gov\/water<\/a><\/p>\n<p data-start=\"5934\" data-end=\"6067\">Les meilleures pratiques et normes techniques du secteur sont \u00e9galement disponibles aupr\u00e8s de la Water Environment Federation.<br data-start=\"6044\" data-end=\"6047\" \/><a class=\"decorated-link\" href=\"https:\/\/www.wef.org\/\" target=\"_new\" rel=\"noopener\" data-start=\"6047\" data-end=\"6067\">https:\/\/www.wef.org\/<\/a><\/p>\n<hr data-start=\"6069\" data-end=\"6072\" \/>\n<h2 data-start=\"6074\" data-end=\"6115\">Pourquoi les entreprises de Dallas choisissent Sentrimax<\/h2>\n<p data-start=\"6117\" data-end=\"6454\">Les installations de Dallas choisissent Sentrimax pour la maintenance de leurs centrifugeuses Flottweg en raison de son expertise technique, de son exp\u00e9rience pratique et de son engagement envers une fiabilit\u00e9 \u00e0 long terme. Les techniciens de Sentrimax ma\u00eetrisent les complexit\u00e9s m\u00e9caniques des \u00e9quipements de s\u00e9paration \u00e0 grande vitesse et les contraintes op\u00e9rationnelles auxquelles sont confront\u00e9es les usines industrielles et les stations d&#039;\u00e9puration.<\/p>\n<p data-start=\"6456\" data-end=\"6734\">Une communication claire et une documentation d\u00e9taill\u00e9e sont privil\u00e9gi\u00e9es pour chaque intervention de maintenance. Les installations re\u00e7oivent des rapports de service complets pr\u00e9sentant les r\u00e9sultats des inspections, l&#039;usure constat\u00e9e et les recommandations de maintenance, permettant ainsi une gestion \u00e9clair\u00e9e des actifs.<\/p>\n<p data-start=\"6736\" data-end=\"6834\">Pour une expertise sp\u00e9cifique en mati\u00e8re de centrifugeuses pour le traitement des eaux us\u00e9es, consultez<br data-start=\"6787\" data-end=\"6790\" \/><a class=\"decorated-link cursor-pointer\" target=\"_new\" rel=\"noopener\" data-start=\"6790\" data-end=\"6834\">https:\/\/sentrimax.com\/industries\/wastewater\/<\/a><\/p>\n<hr data-start=\"6836\" data-end=\"6839\" \/>\n<h2 data-start=\"6841\" data-end=\"6896\">Des inspections de routine \u00e0 la planification \u00e0 long terme des actifs<\/h2>\n<p data-start=\"6898\" data-end=\"7154\">Les services de maintenance de Sentrimax vont bien au-del\u00e0 des inspections de routine. En analysant l&#039;historique des interventions et les tendances de performance, Sentrimax aide les installations \u00e0 \u00e9laborer des strat\u00e9gies de maintenance \u00e0 long terme qui r\u00e9duisent le co\u00fbt total de possession et am\u00e9liorent la fiabilit\u00e9 des \u00e9quipements.<\/p>\n<p data-start=\"7156\" data-end=\"7322\">Cette approche fond\u00e9e sur les donn\u00e9es permet aux installations de Dallas d&#039;anticiper les besoins en mati\u00e8re de service, de planifier le remplacement des composants et d&#039;aligner les activit\u00e9s de maintenance sur les objectifs op\u00e9rationnels.<\/p>\n<hr data-start=\"7324\" data-end=\"7327\" \/>\n<h2 data-start=\"7329\" data-end=\"7384\">Demande de maintenance de centrifugeuse Flottweg \u00e0 Dallas, Texas<\/h2>\n<p data-start=\"7386\" data-end=\"7726\">\u00c0 Dallas, au Texas, les entreprises font confiance \u00e0 Sentrimax pour la maintenance professionnelle de leurs centrifugeuses Flottweg, gr\u00e2ce \u00e0 son expertise reconnue et \u00e0 son assistance r\u00e9active. Qu&#039;il s&#039;agisse de mettre en place un programme de maintenance pr\u00e9ventive ou de r\u00e9pondre \u00e0 des besoins sp\u00e9cifiques, Sentrimax propose des solutions con\u00e7ues pour garantir le fonctionnement efficace et fiable des centrifugeuses.<\/p>\n<p data-start=\"7728\" data-end=\"7782\" data-is-last-node=\"\" data-is-only-node=\"\"><strong data-start=\"7728\" data-end=\"7782\" data-is-last-node=\"\"><a class=\"decorated-link\" href=\"https:\/\/sentrimax.com\/fr\/contact\/\" target=\"_new\" rel=\"noopener\" data-start=\"7730\" data-end=\"7780\">Demandez un devis !<\/a><\/strong><\/p>","protected":false},"excerpt":{"rendered":"<p>Sentrimax provides professional Flottweg centrifuge maintenance services for industrial and wastewater facilities throughout Dallas, Texas. With decades of experience supporting high-speed separation equipment, Sentrimax helps operators protect critical assets, reduce unplanned downtime, and extend the service life of Flottweg centrifuges through structured preventive maintenance programs. Flottweg centrifuges are engineered for continuous-duty operation across demanding applications, [&hellip;]<\/p>\n","protected":false},"author":3,"featured_media":0,"parent":0,"menu_order":0,"comment_status":"closed","ping_status":"closed","template":"seo-page-template.php","meta":{"_acf_changed":false,"inline_featured_image":false,"footnotes":""},"class_list":["post-2296","page","type-page","status-publish","hentry"],"acf":[],"_links":{"self":[{"href":"https:\/\/sentrimax.com\/fr\/wp-json\/wp\/v2\/pages\/2296","targetHints":{"allow":["GET"]}}],"collection":[{"href":"https:\/\/sentrimax.com\/fr\/wp-json\/wp\/v2\/pages"}],"about":[{"href":"https:\/\/sentrimax.com\/fr\/wp-json\/wp\/v2\/types\/page"}],"author":[{"embeddable":true,"href":"https:\/\/sentrimax.com\/fr\/wp-json\/wp\/v2\/users\/3"}],"replies":[{"embeddable":true,"href":"https:\/\/sentrimax.com\/fr\/wp-json\/wp\/v2\/comments?post=2296"}],"version-history":[{"count":1,"href":"https:\/\/sentrimax.com\/fr\/wp-json\/wp\/v2\/pages\/2296\/revisions"}],"predecessor-version":[{"id":2529,"href":"https:\/\/sentrimax.com\/fr\/wp-json\/wp\/v2\/pages\/2296\/revisions\/2529"}],"wp:attachment":[{"href":"https:\/\/sentrimax.com\/fr\/wp-json\/wp\/v2\/media?parent=2296"}],"curies":[{"name":"wp","href":"https:\/\/api.w.org\/{rel}","templated":true}]}}