{"id":2297,"date":"2026-01-07T16:33:49","date_gmt":"2026-01-07T16:33:49","guid":{"rendered":"https:\/\/sentrimax.com\/?page_id=2297"},"modified":"2026-04-21T21:15:02","modified_gmt":"2026-04-21T21:15:02","slug":"flottweg-centrifuge-repair-in-boston-ma","status":"publish","type":"page","link":"https:\/\/sentrimax.com\/fr\/flottweg-centrifuge-repair-in-boston-ma\/","title":{"rendered":"R\u00e9paration de centrifugeuses Flottweg \u00e0 Boston, Massachusetts"},"content":{"rendered":"<p data-start=\"286\" data-end=\"892\"><img fetchpriority=\"high\" decoding=\"async\" class=\"aligncenter size-full wp-image-546\" src=\"https:\/\/sentrimax.com\/wp-content\/uploads\/2025\/05\/image-11.jpg\" alt=\"\" width=\"1440\" height=\"504\" srcset=\"https:\/\/sentrimax.com\/wp-content\/uploads\/2025\/05\/image-11.jpg 1440w, https:\/\/sentrimax.com\/wp-content\/uploads\/2025\/05\/image-11-600x210.jpg 600w, https:\/\/sentrimax.com\/wp-content\/uploads\/2025\/05\/image-11-300x105.jpg 300w, https:\/\/sentrimax.com\/wp-content\/uploads\/2025\/05\/image-11-1024x358.jpg 1024w, https:\/\/sentrimax.com\/wp-content\/uploads\/2025\/05\/image-11-768x269.jpg 768w\" sizes=\"(max-width: 1440px) 100vw, 1440px\" \/><\/p>\n<p data-start=\"286\" data-end=\"892\">Sentrimax propose des services professionnels de r\u00e9paration de centrifugeuses Flottweg pour les installations de traitement des eaux us\u00e9es, industrielles et de process dans toute la r\u00e9gion. <strong data-start=\"416\" data-end=\"441\">Boston, Massachusetts<\/strong>. Fort de plusieurs d\u00e9cennies d&#039;exp\u00e9rience dans le secteur et d&#039;une expertise reconnue dans la r\u00e9paration d&#039;\u00e9quipements de s\u00e9paration \u00e0 grande vitesse, <strong data-start=\"548\" data-end=\"561\">Sentrimax<\/strong> Sentrimax aide ses clients \u00e0 diagnostiquer rapidement les probl\u00e8mes, \u00e0 r\u00e9parer les composants critiques et \u00e0 r\u00e9tablir le fonctionnement fiable des centrifugeuses Flottweg. Qu&#039;il s&#039;agisse de g\u00e9rer des pannes d&#039;urgence ou de planifier des projets de maintenance et de r\u00e9vision \u00e0 long terme, Sentrimax propose des solutions con\u00e7ues pour minimiser les temps d&#039;arr\u00eat, prolonger la dur\u00e9e de vie des \u00e9quipements et am\u00e9liorer leurs performances.<\/p>\n<p data-start=\"894\" data-end=\"1520\">Les centrifugeuses Flottweg sont largement utilis\u00e9es pour une s\u00e9paration solide-liquide efficace dans des environnements exigeants tels que les stations d&#039;\u00e9puration, les proc\u00e9d\u00e9s industriels, l&#039;agroalimentaire, la chimie et d&#039;autres applications industrielles. Con\u00e7ues pour une utilisation intensive et continue, ces machines peuvent toutefois subir une usure des composants, des vibrations ou une baisse de performance au fil du temps, en raison d&#039;une exposition constante \u00e0 des particules abrasives, de variations d&#039;alimentation et de fortes contraintes de couple. Sentrimax comprend ces r\u00e9alit\u00e9s op\u00e9rationnelles et met en \u0153uvre des strat\u00e9gies de r\u00e9paration adapt\u00e9es aux besoins sp\u00e9cifiques des installations de Boston.<\/p>\n<hr data-start=\"1522\" data-end=\"1525\" \/>\n<h2 data-start=\"1527\" data-end=\"1574\">Soutien aux op\u00e9rations critiques \u00e0 Boston<\/h2>\n<p data-start=\"1576\" data-end=\"1970\">Des installations dans tout le <strong data-start=\"1602\" data-end=\"1630\">r\u00e9gion m\u00e9tropolitaine de Boston<\/strong> Le bon fonctionnement des centrifugeuses Flottweg est essentiel pour r\u00e9pondre aux exigences r\u00e9glementaires, maintenir le d\u00e9bit de production et prot\u00e9ger les syst\u00e8mes en aval. En cas de probl\u00e8me (vibrations accrues, d\u00e9faillance d&#039;un joint, usure des roulements ou r\u00e9duction de la capacit\u00e9 de traitement), une intervention rapide et fiable est indispensable pour \u00e9viter tout arr\u00eat impr\u00e9vu.<\/p>\n<p data-start=\"1972\" data-end=\"2295\">Sentrimax propose un service d&#039;assistance technique de proximit\u00e9 \u00e0 Boston et dans les environs, combinant diagnostics sur site et r\u00e9parations en atelier. Cette approche int\u00e9gr\u00e9e permet de r\u00e9duire les d\u00e9lais de transport, d&#039;acc\u00e9l\u00e9rer les interventions et de garantir des r\u00e9parations efficaces, ax\u00e9es sur la s\u00e9curit\u00e9 et la fiabilit\u00e9 \u00e0 long terme.<\/p>\n<hr data-start=\"2297\" data-end=\"2300\" \/>\n<h2 data-start=\"2302\" data-end=\"2354\">Services complets de r\u00e9paration de centrifugeuses Flottweg<\/h2>\n<p data-start=\"2356\" data-end=\"2547\">Sentrimax propose une gamme compl\u00e8te de services de r\u00e9paration et d&#039;entretien pour les centrifugeuses Flottweg, con\u00e7us pour r\u00e9tablir leurs performances et garantir une utilisation optimale. Ses principales prestations comprennent\u00a0:<\/p>\n<ul data-start=\"2549\" data-end=\"3056\">\n<li data-start=\"2549\" data-end=\"2602\">\n<p data-start=\"2551\" data-end=\"2602\"><strong data-start=\"2551\" data-end=\"2600\">Inspection et \u00e9valuation m\u00e9caniques d\u00e9taill\u00e9es<\/strong><\/p>\n<\/li>\n<li data-start=\"2603\" data-end=\"2654\">\n<p data-start=\"2605\" data-end=\"2654\"><strong data-start=\"2605\" data-end=\"2652\">Analyse et diagnostic des causes profondes de d\u00e9faillance<\/strong><\/p>\n<\/li>\n<li data-start=\"2655\" data-end=\"2711\">\n<p data-start=\"2657\" data-end=\"2711\"><strong data-start=\"2657\" data-end=\"2709\">r\u00e9paration ou remplacement de bols, de volutes et de convoyeurs<\/strong><\/p>\n<\/li>\n<li data-start=\"2712\" data-end=\"2774\">\n<p data-start=\"2714\" data-end=\"2774\"><strong data-start=\"2714\" data-end=\"2772\">D\u00e9pose, pose et alignement de pr\u00e9cision des roulements<\/strong><\/p>\n<\/li>\n<li data-start=\"2775\" data-end=\"2835\">\n<p data-start=\"2777\" data-end=\"2835\"><strong data-start=\"2777\" data-end=\"2833\">Inspection, r\u00e9fection et v\u00e9rification du couple de la bo\u00eete de vitesses<\/strong><\/p>\n<\/li>\n<li data-start=\"2836\" data-end=\"2881\">\n<p data-start=\"2838\" data-end=\"2881\"><strong data-start=\"2838\" data-end=\"2879\">\u00c9quilibrage dynamique avec des tol\u00e9rances serr\u00e9es<\/strong><\/p>\n<\/li>\n<li data-start=\"2882\" data-end=\"2939\">\n<p data-start=\"2884\" data-end=\"2939\"><strong data-start=\"2884\" data-end=\"2937\">Am\u00e9liorations du remplacement des joints et de la protection contre l&#039;usure<\/strong><\/p>\n<\/li>\n<li data-start=\"2940\" data-end=\"3001\">\n<p data-start=\"2942\" data-end=\"3001\"><strong data-start=\"2942\" data-end=\"2999\">Assistance au d\u00e9pannage des syst\u00e8mes \u00e9lectriques et de contr\u00f4le<\/strong><\/p>\n<\/li>\n<li data-start=\"3002\" data-end=\"3056\">\n<p data-start=\"3004\" data-end=\"3056\"><strong data-start=\"3004\" data-end=\"3056\">Tests de performance et v\u00e9rification op\u00e9rationnelle<\/strong><\/p>\n<\/li>\n<\/ul>\n<p data-start=\"3058\" data-end=\"3508\">Chaque intervention fait l&#039;objet de proc\u00e9dures document\u00e9es conformes aux sp\u00e9cifications d&#039;origine et aux meilleures pratiques du secteur. Plut\u00f4t que de se concentrer uniquement sur les dommages visibles, les techniciens de Sentrimax analysent l&#039;ensemble du syst\u00e8me m\u00e9canique afin d&#039;identifier les causes sous-jacentes telles que les d\u00e9fauts d&#039;alignement, les probl\u00e8mes de lubrification ou les contraintes li\u00e9es au processus. Cette approche globale contribue \u00e0 r\u00e9duire la fr\u00e9quence des pannes et \u00e0 garantir la performance des machines sur le long terme.<\/p>\n<p data-start=\"3510\" data-end=\"3758\">Pour les installations utilisant plusieurs marques de centrifugeuses, Sentrimax offre une assistance compl\u00e8te pour de nombreux types d&#039;\u00e9quipements de s\u00e9paration. Plus d&#039;informations sur l&#039;ensemble des services propos\u00e9s pour vos centrifugeuses sont disponibles sur [lien manquant]. <a class=\"decorated-link cursor-pointer\" target=\"_new\" rel=\"noopener\" data-start=\"3717\" data-end=\"3757\">https:\/\/sentrimax.com\/centrifuge-repair\/<\/a>.<\/p>\n<hr data-start=\"3760\" data-end=\"3763\" \/>\n<h2 data-start=\"3765\" data-end=\"3815\">Service sur le terrain et intervention rapide en Nouvelle-Angleterre<\/h2>\n<p data-start=\"3817\" data-end=\"4218\">En cas de panne impr\u00e9vue d&#039;un \u00e9quipement, une intervention rapide et un d\u00e9pannage expert sont essentiels. Sentrimax propose un service d&#039;intervention rapide sur site dans tout Boston et sa r\u00e9gion (Nouvelle-Angleterre). Des techniciens qualifi\u00e9s se d\u00e9placent chez les clients avec des outils sp\u00e9cialis\u00e9s et du mat\u00e9riel de diagnostic pour \u00e9valuer les probl\u00e8mes de performance, stabiliser les \u00e9quipements et effectuer les r\u00e9parations dans les meilleurs d\u00e9lais.<\/p>\n<p data-start=\"4220\" data-end=\"4520\">L&#039;intervention sur site permet aux \u00e9quipes de Sentrimax d&#039;observer les conditions de production, d&#039;identifier les facteurs op\u00e9rationnels en cause et d&#039;\u00e9laborer des strat\u00e9gies de r\u00e9paration qui traitent \u00e0 la fois les sympt\u00f4mes et les causes profondes. Cette approche r\u00e9duit les temps d&#039;arr\u00eat et am\u00e9liore la pr\u00e9cision des recommandations de maintenance future.<\/p>\n<hr data-start=\"4522\" data-end=\"4525\" \/>\n<h2 data-start=\"4527\" data-end=\"4566\">R\u00e9parations de qualit\u00e9 avec des pi\u00e8ces de qualit\u00e9 d&#039;origine<\/h2>\n<p data-start=\"4568\" data-end=\"5001\">La fiabilit\u00e9 des r\u00e9parations repose sur des pi\u00e8ces de rechange de haute qualit\u00e9. Sentrimax fournit des pi\u00e8ces de rechange de qualit\u00e9 \u00e9quivalente \u00e0 celles d&#039;origine pour les centrifugeuses Flottweg, notamment des roulements, des joints d&#039;\u00e9tanch\u00e9it\u00e9, des rev\u00eatements anti-usure, des composants de spirale, des pi\u00e8ces de r\u00e9ducteur, des fixations et autres ensembles critiques. Avant leur installation, toutes les pi\u00e8ces sont contr\u00f4l\u00e9es afin de v\u00e9rifier leur pr\u00e9cision dimensionnelle, l&#039;int\u00e9grit\u00e9 des mat\u00e9riaux et leur compatibilit\u00e9, et ainsi garantir des performances optimales.<\/p>\n<p data-start=\"5003\" data-end=\"5439\">Pour les unit\u00e9s pr\u00e9sentant une usure importante ou une d\u00e9gradation li\u00e9e \u00e0 l&#039;\u00e2ge, Sentrimax propose des services de remise \u00e0 neuf complets. Ces remises \u00e0 neuf consistent \u00e0 r\u00e9tablir les tol\u00e9rances critiques, \u00e0 remplacer les ensembles us\u00e9s et \u00e0 \u00e9quilibrer dynamiquement les \u00e9l\u00e9ments rotatifs afin d&#039;am\u00e9liorer la fluidit\u00e9 de fonctionnement et la fiabilit\u00e9. Une centrifugeuse Flottweg remise \u00e0 neuf par des professionnels peut offrir plusieurs ann\u00e9es de dur\u00e9e de vie suppl\u00e9mentaires et r\u00e9duire les co\u00fbts de maintenance par rapport aux r\u00e9parations ponctuelles r\u00e9p\u00e9t\u00e9es.<\/p>\n<p data-start=\"5441\" data-end=\"5557\">Des informations suppl\u00e9mentaires concernant la disponibilit\u00e9 et le support des pi\u00e8ces sont disponibles \u00e0 l&#039;adresse suivante\u00a0: <a class=\"decorated-link cursor-pointer\" target=\"_new\" rel=\"noopener\" data-start=\"5517\" data-end=\"5556\">https:\/\/sentrimax.com\/centrifuge-parts\/<\/a>.<\/p>\n<hr data-start=\"5559\" data-end=\"5562\" \/>\n<h2 data-start=\"5564\" data-end=\"5608\">Maintenance pr\u00e9ventive pour maximiser la disponibilit\u00e9<\/h2>\n<p data-start=\"5610\" data-end=\"5820\">Outre ses services de r\u00e9paration, Sentrimax collabore avec les installations de Boston pour mettre en \u0153uvre des programmes de maintenance pr\u00e9ventive visant \u00e0 r\u00e9duire les risques de pannes impr\u00e9vues. Ces programmes peuvent inclure\u00a0:<\/p>\n<ul data-start=\"5822\" data-end=\"6105\">\n<li data-start=\"5822\" data-end=\"5880\">\n<p data-start=\"5824\" data-end=\"5880\">Inspection m\u00e9canique de routine et \u00e9valuation de l&#039;\u00e9tat<\/p>\n<\/li>\n<li data-start=\"5881\" data-end=\"5924\">\n<p data-start=\"5883\" data-end=\"5924\">Analyse des vibrations et surveillance des tendances<\/p>\n<\/li>\n<li data-start=\"5925\" data-end=\"5964\">\n<p data-start=\"5927\" data-end=\"5964\">\u00c9chantillonnage et suivi de l&#039;\u00e9tat de l&#039;huile<\/p>\n<\/li>\n<li data-start=\"5965\" data-end=\"6004\">\n<p data-start=\"5967\" data-end=\"6004\">Mesure de l&#039;usure et contr\u00f4les de l&#039;\u00e9rosion<\/p>\n<\/li>\n<li data-start=\"6005\" data-end=\"6054\">\n<p data-start=\"6007\" data-end=\"6054\">Remplacement programm\u00e9 des composants \u00e0 forte usure<\/p>\n<\/li>\n<li data-start=\"6055\" data-end=\"6105\">\n<p data-start=\"6057\" data-end=\"6105\">Contr\u00f4les d&#039;alignement et \u00e9quilibrage dynamique selon les besoins<\/p>\n<\/li>\n<\/ul>\n<p data-start=\"6107\" data-end=\"6452\">En planifiant les interventions de maintenance en fonction des donn\u00e9es op\u00e9rationnelles plut\u00f4t que des pannes, les installations peuvent am\u00e9liorer leur disponibilit\u00e9, r\u00e9duire leurs co\u00fbts de maintenance et programmer les interventions lors des arr\u00eats planifi\u00e9s. Sentrimax propose \u00e9galement des contrats de service garantissant une intervention prioritaire, une couverture de maintenance continue et une planification pr\u00e9visible pour la gestion \u00e0 long terme des actifs.<\/p>\n<hr data-start=\"6454\" data-end=\"6457\" \/>\n<h2 data-start=\"6459\" data-end=\"6519\">Soutien \u00e0 la conformit\u00e9 environnementale et aux objectifs op\u00e9rationnels<\/h2>\n<p data-start=\"6521\" data-end=\"6938\">La fiabilit\u00e9 des performances des centrifugeuses est essentielle au respect des normes environnementales et \u00e0 la stabilit\u00e9 op\u00e9rationnelle. En cas d&#039;irr\u00e9gularit\u00e9 de la s\u00e9paration solide-liquide ou de baisse de performance des \u00e9quipements, les installations peuvent subir une augmentation des co\u00fbts de transport des d\u00e9chets, une r\u00e9duction du d\u00e9bit et des risques de non-conformit\u00e9. Les proc\u00e9dures de r\u00e9paration de Sentrimax sont con\u00e7ues pour garantir un fonctionnement constant, conforme aux exigences r\u00e9glementaires et aux objectifs des proc\u00e9d\u00e9s.<\/p>\n<p data-start=\"6940\" data-end=\"7448\">Pour obtenir des directives environnementales faisant autorit\u00e9 concernant les eaux us\u00e9es et les proc\u00e9d\u00e9s de s\u00e9paration industrielle, les installations peuvent consulter l&#039;Agence am\u00e9ricaine de protection de l&#039;environnement (EPA) \u00e0 l&#039;adresse suivante\u00a0: <a class=\"decorated-link cursor-pointer\" target=\"_new\" rel=\"noopener\" data-start=\"7110\" data-end=\"7135\">https:\/\/www.epa.gov\/water<\/a>. Des ressources techniques et des normes industrielles sont \u00e9galement disponibles aupr\u00e8s de la Water Environment Federation. <a class=\"decorated-link\" href=\"https:\/\/www.wef.org\/\" target=\"_new\" rel=\"noopener\" data-start=\"7243\" data-end=\"7263\">https:\/\/www.wef.org\/<\/a>. Ces ressources externes permettent de mieux comprendre les tendances en mati\u00e8re de traitement, les exigences de conformit\u00e9 et les indicateurs de performance pertinents pour le fonctionnement des centrifugeuses et la planification du traitement des eaux us\u00e9es.<\/p>\n<hr data-start=\"7450\" data-end=\"7453\" \/>\n<h2 data-start=\"7455\" data-end=\"7496\">Pourquoi les entreprises de Boston choisissent Sentrimax<\/h2>\n<p data-start=\"7498\" data-end=\"7882\">Dans toute la r\u00e9gion de Boston, les op\u00e9rateurs font confiance \u00e0 Sentrimax pour la r\u00e9paration de leurs centrifugeuses Flottweg gr\u00e2ce \u00e0 son expertise technique, sa r\u00e9activit\u00e9 et son engagement envers un travail de qualit\u00e9. Les techniciens de Sentrimax ma\u00eetrisent parfaitement la dynamique m\u00e9canique des \u00e9quipements de s\u00e9paration \u00e0 grande vitesse et comprennent les contraintes op\u00e9rationnelles auxquelles sont confront\u00e9es les installations de traitement des eaux us\u00e9es, les sites industriels et les usines de proc\u00e9d\u00e9s.<\/p>\n<p data-start=\"7884\" data-end=\"8278\">Pour chaque intervention de r\u00e9paration, Sentrimax privil\u00e9gie une communication claire et une documentation d\u00e9taill\u00e9e. Les installations re\u00e7oivent des rapports de service complets pr\u00e9sentant les r\u00e9sultats des inspections, les probl\u00e8mes identifi\u00e9s, les actions correctives mises en \u0153uvre et les recommandations pour la maintenance future. Ces informations permettent aux \u00e9quipes d&#039;exploitation de prendre des d\u00e9cisions \u00e9clair\u00e9es concernant le budget, la planification de la maintenance et la gestion des actifs.<\/p>\n<p data-start=\"8280\" data-end=\"8366\">Pour une expertise sp\u00e9cifique en mati\u00e8re de traitement des eaux us\u00e9es, consultez <a class=\"decorated-link cursor-pointer\" target=\"_new\" rel=\"noopener\" data-start=\"8321\" data-end=\"8365\">https:\/\/sentrimax.com\/industries\/wastewater\/<\/a>.<\/p>\n<hr data-start=\"8368\" data-end=\"8371\" \/>\n<h2 data-start=\"8373\" data-end=\"8420\">Assistance compl\u00e8te, du diagnostic \u00e0 la mise en service<\/h2>\n<p data-start=\"8422\" data-end=\"8520\">Les services offerts par Sentrimax ne se limitent pas \u00e0 la r\u00e9paration de composants. Les techniciens sur le terrain interviennent \u00e9galement pour\u00a0:<\/p>\n<ul data-start=\"8522\" data-end=\"8707\">\n<li data-start=\"8522\" data-end=\"8556\">\n<p data-start=\"8524\" data-end=\"8556\">Retrait du gr\u00e9ement et de la centrifugeuse<\/p>\n<\/li>\n<li data-start=\"8557\" data-end=\"8609\">\n<p data-start=\"8559\" data-end=\"8609\">v\u00e9rification de l&#039;alignement et des dimensions<\/p>\n<\/li>\n<li data-start=\"8610\" data-end=\"8636\">\n<p data-start=\"8612\" data-end=\"8636\">Assistance \u00e0 la r\u00e9installation<\/p>\n<\/li>\n<li data-start=\"8637\" data-end=\"8670\">\n<p data-start=\"8639\" data-end=\"8670\">Assistance au d\u00e9marrage et r\u00e9glage<\/p>\n<\/li>\n<li data-start=\"8671\" data-end=\"8707\">\n<p data-start=\"8673\" data-end=\"8707\">\u00c9valuation des performances apr\u00e8s r\u00e9paration<\/p>\n<\/li>\n<\/ul>\n<p data-start=\"8709\" data-end=\"9043\">Cette approche de service int\u00e9gr\u00e9e garantit que les centrifugeuses Flottweg r\u00e9par\u00e9es ou remises \u00e0 neuf reprennent du service en toute s\u00e9curit\u00e9, efficacit\u00e9 et fiabilit\u00e9. En combinant expertise technique et exp\u00e9rience pratique sur le terrain, Sentrimax aide les installations de Boston \u00e0 r\u00e9duire les temps d&#039;arr\u00eat, \u00e0 prot\u00e9ger leurs infrastructures critiques et \u00e0 am\u00e9liorer leurs performances \u00e0 long terme.<\/p>\n<hr data-start=\"9045\" data-end=\"9048\" \/>\n<h2 data-start=\"9050\" data-end=\"9100\">Analyse op\u00e9rationnelle et am\u00e9lioration continue<\/h2>\n<p data-start=\"9102\" data-end=\"9520\">Sentrimax soutient \u00e9galement les initiatives d&#039;am\u00e9lioration continue en aidant les installations \u00e0 suivre l&#039;historique des interventions, \u00e0 surveiller les tendances de performance et \u00e0 appliquer des strat\u00e9gies de maintenance bas\u00e9es sur les donn\u00e9es. En collectant et en analysant les donn\u00e9es op\u00e9rationnelles (comme les profils de vibration, les tendances de temp\u00e9rature et les taux d&#039;usure), les installations peuvent anticiper les besoins de maintenance, optimiser les calendriers d&#039;entretien et prendre des d\u00e9cisions plus \u00e9clair\u00e9es concernant le cycle de vie des composants.<\/p>\n<p data-start=\"9522\" data-end=\"9684\">Cette approche proactive et fond\u00e9e sur les donn\u00e9es aide les op\u00e9rateurs de Boston \u00e0 am\u00e9liorer l&#039;efficacit\u00e9 de la maintenance et \u00e0 r\u00e9duire le co\u00fbt total de possession des centrifugeuses Flottweg.<\/p>\n<hr data-start=\"9686\" data-end=\"9689\" \/>\n<h2 data-start=\"9691\" data-end=\"9741\">R\u00e9paration de centrifugeuse Flottweg \u00e0 Boston, Massachusetts<\/h2>\n<p data-start=\"9743\" data-end=\"10073\">\u00c0 Boston, dans le Massachusetts, les entreprises font confiance \u00e0 Sentrimax pour la r\u00e9paration experte de leurs centrifugeuses Flottweg, reconnues pour son service fiable et son excellence technique. Qu&#039;il s&#039;agisse de d\u00e9pannages urgents ou de projets de maintenance et de r\u00e9vision \u00e0 long terme, Sentrimax propose des solutions con\u00e7ues pour garantir le fonctionnement fiable et efficace des centrifugeuses.<\/p>\n<p data-start=\"10075\" data-end=\"10129\"><strong data-start=\"10075\" data-end=\"10129\"><a class=\"decorated-link\" href=\"https:\/\/sentrimax.com\/fr\/contact\/\" target=\"_new\" rel=\"noopener\" data-start=\"10077\" data-end=\"10127\">Demandez un devis !<\/a><\/strong><\/p>","protected":false},"excerpt":{"rendered":"<p>Sentrimax provides professional Flottweg centrifuge repair services for wastewater, industrial, and process facilities throughout Boston, Massachusetts. With decades of industry experience and a proven track record repairing high-speed separation equipment, Sentrimax helps customers quickly diagnose issues, repair critical components, and restore reliable operation for Flottweg centrifuges. Whether addressing emergency breakdowns or planning long-term maintenance and [&hellip;]<\/p>\n","protected":false},"author":3,"featured_media":0,"parent":0,"menu_order":0,"comment_status":"closed","ping_status":"closed","template":"seo-page-template.php","meta":{"_acf_changed":false,"inline_featured_image":false,"footnotes":""},"class_list":["post-2297","page","type-page","status-publish","hentry"],"acf":[],"_links":{"self":[{"href":"https:\/\/sentrimax.com\/fr\/wp-json\/wp\/v2\/pages\/2297","targetHints":{"allow":["GET"]}}],"collection":[{"href":"https:\/\/sentrimax.com\/fr\/wp-json\/wp\/v2\/pages"}],"about":[{"href":"https:\/\/sentrimax.com\/fr\/wp-json\/wp\/v2\/types\/page"}],"author":[{"embeddable":true,"href":"https:\/\/sentrimax.com\/fr\/wp-json\/wp\/v2\/users\/3"}],"replies":[{"embeddable":true,"href":"https:\/\/sentrimax.com\/fr\/wp-json\/wp\/v2\/comments?post=2297"}],"version-history":[{"count":1,"href":"https:\/\/sentrimax.com\/fr\/wp-json\/wp\/v2\/pages\/2297\/revisions"}],"predecessor-version":[{"id":2528,"href":"https:\/\/sentrimax.com\/fr\/wp-json\/wp\/v2\/pages\/2297\/revisions\/2528"}],"wp:attachment":[{"href":"https:\/\/sentrimax.com\/fr\/wp-json\/wp\/v2\/media?parent=2297"}],"curies":[{"name":"wp","href":"https:\/\/api.w.org\/{rel}","templated":true}]}}