{"id":2298,"date":"2026-01-07T16:35:40","date_gmt":"2026-01-07T16:35:40","guid":{"rendered":"https:\/\/sentrimax.com\/?page_id=2298"},"modified":"2026-04-21T21:15:02","modified_gmt":"2026-04-21T21:15:02","slug":"flottweg-decanter-centrifuge-service-in-new-york-ny","status":"publish","type":"page","link":"https:\/\/sentrimax.com\/fr\/flottweg-decanter-centrifuge-service-in-new-york-ny\/","title":{"rendered":"Service de d\u00e9cantation et de centrifugation Flottweg \u00e0 New York, NY"},"content":{"rendered":"<p data-start=\"304\" data-end=\"751\"><img fetchpriority=\"high\" decoding=\"async\" class=\"aligncenter size-full wp-image-168\" src=\"https:\/\/sentrimax.com\/wp-content\/uploads\/2025\/05\/image-6.jpg\" alt=\"\" width=\"1269\" height=\"519\" srcset=\"https:\/\/sentrimax.com\/wp-content\/uploads\/2025\/05\/image-6.jpg 1269w, https:\/\/sentrimax.com\/wp-content\/uploads\/2025\/05\/image-6-600x245.jpg 600w, https:\/\/sentrimax.com\/wp-content\/uploads\/2025\/05\/image-6-300x123.jpg 300w, https:\/\/sentrimax.com\/wp-content\/uploads\/2025\/05\/image-6-1024x419.jpg 1024w, https:\/\/sentrimax.com\/wp-content\/uploads\/2025\/05\/image-6-768x314.jpg 768w\" sizes=\"(max-width: 1269px) 100vw, 1269px\" \/><\/p>\n<p data-start=\"304\" data-end=\"751\">Sentrimax propose un service professionnel de centrifugation d\u00e9canteuse Flottweg pour les stations d&#039;\u00e9puration et les installations industrielles. <strong data-start=\"442\" data-end=\"464\">New York, New York<\/strong>. Forts de plusieurs d\u00e9cennies d&#039;exp\u00e9rience dans la maintenance d&#039;\u00e9quipements de s\u00e9paration \u00e0 grande vitesse, <strong data-start=\"536\" data-end=\"577\"><span class=\"hover:entity-accent entity-underline inline cursor-pointer align-baseline\"><span class=\"whitespace-normal\">Sentrimax<\/span><\/span><\/strong> propose des solutions d&#039;inspection experte, de maintenance pr\u00e9ventive, de r\u00e9paration de pr\u00e9cision et de reconstruction adapt\u00e9es aux conditions d&#039;exploitation exigeantes de la r\u00e9gion m\u00e9tropolitaine de New York.<\/p>\n<p data-start=\"753\" data-end=\"1284\">Les centrifugeuses d\u00e9canteuses Flottweg jouent un r\u00f4le essentiel dans la s\u00e9paration solide-liquide pour le traitement des eaux us\u00e9es, des biosolides, la s\u00e9paration industrielle et l&#039;optimisation des proc\u00e9d\u00e9s. Con\u00e7ues pour un fonctionnement continu, ces machines subissent n\u00e9anmoins une usure des composants due \u00e0 l&#039;abrasivit\u00e9 des solides, aux couples de serrage \u00e9lev\u00e9s et aux variations de l&#039;alimentation. Sentrimax met en \u0153uvre des m\u00e9thodes de maintenance \u00e9prouv\u00e9es pour r\u00e9tablir les performances, prolonger la dur\u00e9e de vie des \u00e9quipements et am\u00e9liorer la fiabilit\u00e9 des installations ne pouvant tol\u00e9rer des arr\u00eats prolong\u00e9s.<\/p>\n<hr data-start=\"1286\" data-end=\"1289\" \/>\n<h2 data-start=\"1291\" data-end=\"1340\">Soutien aux op\u00e9rations critiques dans tout l&#039;\u00c9tat de New York<\/h2>\n<p data-start=\"1342\" data-end=\"1750\">Des installations partout <strong data-start=\"1364\" data-end=\"1405\"><span class=\"hover:entity-accent entity-underline inline cursor-pointer align-baseline\"><span class=\"whitespace-normal\">New York<\/span><\/span><\/strong> Le maintien du d\u00e9bit de production, le respect des normes environnementales et la r\u00e9duction des co\u00fbts d&#039;exploitation d\u00e9pendent de la fiabilit\u00e9 des performances des centrifugeuses. En cas de vibrations, de bruits anormaux, de diminution de la siccit\u00e9 du g\u00e2teau de filtration, de fuites d&#039;\u00e9tanch\u00e9it\u00e9 ou d&#039;usure m\u00e9canique d&#039;une centrifugeuse d\u00e9canteuse Flottweg, une intervention rapide et fiable est essentielle pour \u00e9viter tout arr\u00eat impr\u00e9vu.<\/p>\n<p data-start=\"1752\" data-end=\"2020\">Sentrimax assure une couverture rapide dans la r\u00e9gion de New York, en combinant une expertise en intervention sur site et des capacit\u00e9s de r\u00e9paration en atelier de pointe. Cette approche int\u00e9gr\u00e9e r\u00e9duit les temps d&#039;arr\u00eat, diminue les co\u00fbts logistiques et garantit des r\u00e9parations efficaces et s\u00e9curis\u00e9es.<\/p>\n<hr data-start=\"2022\" data-end=\"2025\" \/>\n<h2 data-start=\"2027\" data-end=\"2081\">Services complets de d\u00e9cantation et de centrifugation Flottweg<\/h2>\n<p data-start=\"2083\" data-end=\"2169\">Sentrimax propose des solutions compl\u00e8tes de maintenance pour les centrifugeuses d\u00e9canteuses Flottweg, notamment\u00a0:<\/p>\n<ul data-start=\"2171\" data-end=\"2617\">\n<li data-start=\"2171\" data-end=\"2236\">\n<p data-start=\"2173\" data-end=\"2236\"><strong data-start=\"2173\" data-end=\"2234\">Inspections m\u00e9caniques d\u00e9taill\u00e9es et \u00e9valuations de l&#039;\u00e9tat<\/strong><\/p>\n<\/li>\n<li data-start=\"2237\" data-end=\"2288\">\n<p data-start=\"2239\" data-end=\"2288\"><strong data-start=\"2239\" data-end=\"2286\">Diagnostic et analyse des causes profondes de d\u00e9faillance<\/strong><\/p>\n<\/li>\n<li data-start=\"2289\" data-end=\"2345\">\n<p data-start=\"2291\" data-end=\"2345\"><strong data-start=\"2291\" data-end=\"2343\">r\u00e9paration ou remplacement de bols, de volutes et de convoyeurs<\/strong><\/p>\n<\/li>\n<li data-start=\"2346\" data-end=\"2408\">\n<p data-start=\"2348\" data-end=\"2408\"><strong data-start=\"2348\" data-end=\"2406\">D\u00e9pose, pose et alignement de pr\u00e9cision des roulements<\/strong><\/p>\n<\/li>\n<li data-start=\"2409\" data-end=\"2464\">\n<p data-start=\"2411\" data-end=\"2464\"><strong data-start=\"2411\" data-end=\"2462\">Inspection, r\u00e9fection et essai de couple de la bo\u00eete de vitesses<\/strong><\/p>\n<\/li>\n<li data-start=\"2465\" data-end=\"2508\">\n<p data-start=\"2467\" data-end=\"2508\"><strong data-start=\"2467\" data-end=\"2506\">\u00c9quilibrage dynamique selon les tol\u00e9rances du constructeur<\/strong><\/p>\n<\/li>\n<li data-start=\"2509\" data-end=\"2562\">\n<p data-start=\"2511\" data-end=\"2562\"><strong data-start=\"2511\" data-end=\"2560\">Am\u00e9liorations du remplacement des joints et de la protection contre l&#039;usure<\/strong><\/p>\n<\/li>\n<li data-start=\"2563\" data-end=\"2617\">\n<p data-start=\"2565\" data-end=\"2617\"><strong data-start=\"2565\" data-end=\"2617\">Assistance au d\u00e9marrage et v\u00e9rification apr\u00e8s service<\/strong><\/p>\n<\/li>\n<\/ul>\n<p data-start=\"2619\" data-end=\"2967\">Chaque intervention est r\u00e9alis\u00e9e selon des proc\u00e9dures document\u00e9es et conformes aux sp\u00e9cifications d&#039;origine. Plut\u00f4t que de se contenter de traiter les sympt\u00f4mes, les techniciens s&#039;attachent \u00e0 identifier les causes profondes, telles que les d\u00e9fauts d&#039;alignement, les d\u00e9faillances de lubrification ou les contraintes li\u00e9es au processus. Cette approche rigoureuse contribue \u00e0 r\u00e9duire les pannes r\u00e9currentes et \u00e0 am\u00e9liorer la fiabilit\u00e9 des \u00e9quipements.<\/p>\n<p data-start=\"2969\" data-end=\"3163\">Pour les installations utilisant des centrifugeuses de marques diff\u00e9rentes, Sentrimax offre un soutien complet pour divers types d&#039;\u00e9quipements. Des informations suppl\u00e9mentaires sont disponibles sur [lien manquant].<br data-start=\"3120\" data-end=\"3123\" \/><a class=\"decorated-link cursor-pointer\" target=\"_new\" rel=\"noopener\" data-start=\"3123\" data-end=\"3163\">https:\/\/sentrimax.com\/centrifuge-repair\/<\/a><\/p>\n<hr data-start=\"3165\" data-end=\"3168\" \/>\n<h2 data-start=\"3170\" data-end=\"3226\">Service sur le terrain et intervention rapide dans la r\u00e9gion de New York<\/h2>\n<p data-start=\"3228\" data-end=\"3623\">Des dysfonctionnements impr\u00e9vus des centrifugeuses d\u00e9canteuses peuvent perturber les programmes de traitement des eaux us\u00e9es et les processus industriels. Sentrimax propose un service d&#039;intervention rapide sur site dans toute la ville de New York et sa r\u00e9gion m\u00e9tropolitaine. Des techniciens qualifi\u00e9s se d\u00e9placent avec des outils sp\u00e9cialis\u00e9s et du mat\u00e9riel de diagnostic pour \u00e9valuer les probl\u00e8mes de performance, stabiliser les unit\u00e9s et effectuer les r\u00e9parations dans les meilleurs d\u00e9lais.<\/p>\n<p data-start=\"3625\" data-end=\"3911\">L&#039;intervention sur site permet aux techniciens d&#039;\u00e9valuer les \u00e9quipements en conditions r\u00e9elles d&#039;utilisation et d&#039;identifier les variables de processus influentes qui pourraient ne pas \u00eatre apparentes lors d&#039;inspections \u00e0 distance. Ce type d&#039;intervention r\u00e9duit les besoins en transport, acc\u00e9l\u00e8re les r\u00e9parations et minimise les temps d&#039;arr\u00eat.<\/p>\n<hr data-start=\"3913\" data-end=\"3916\" \/>\n<h2 data-start=\"3918\" data-end=\"3962\">R\u00e9parations de pr\u00e9cision avec des pi\u00e8ces de haute qualit\u00e9<\/h2>\n<p data-start=\"3964\" data-end=\"4305\">La qualit\u00e9 des r\u00e9parations d\u00e9pend des composants utilis\u00e9s. Sentrimax fournit des pi\u00e8ces de rechange de qualit\u00e9 \u00e9quivalente \u00e0 celle des pi\u00e8ces d&#039;origine pour les centrifugeuses d\u00e9canteuses Flottweg, notamment des roulements, des joints d&#039;\u00e9tanch\u00e9it\u00e9, des rev\u00eatements anti-usure, des composants de spirale et des r\u00e9ducteurs. Chaque composant est contr\u00f4l\u00e9 avant installation afin de v\u00e9rifier sa pr\u00e9cision dimensionnelle, l&#039;int\u00e9grit\u00e9 des mat\u00e9riaux et sa compatibilit\u00e9.<\/p>\n<p data-start=\"4307\" data-end=\"4710\">Pour les centrifugeuses pr\u00e9sentant une usure importante ou une d\u00e9gradation li\u00e9e \u00e0 l&#039;\u00e2ge, Sentrimax propose des services de remise \u00e0 neuf complets. Ces remises \u00e0 neuf permettent de r\u00e9tablir les tol\u00e9rances critiques, de remplacer les pi\u00e8ces us\u00e9es et d&#039;\u00e9quilibrer les \u00e9l\u00e9ments rotatifs afin d&#039;am\u00e9liorer la stabilit\u00e9 et les performances. Une centrifugeuse d\u00e9canteuse Flottweg remise \u00e0 neuf par des professionnels offre une dur\u00e9e de vie consid\u00e9rablement prolong\u00e9e et une meilleure r\u00e9gularit\u00e9 de fonctionnement, comparativement aux r\u00e9parations ponctuelles.<\/p>\n<p data-start=\"4712\" data-end=\"4810\">Les \u00e9tablissements int\u00e9ress\u00e9s par le support des pi\u00e8ces d\u00e9tach\u00e9es peuvent obtenir plus d&#039;informations sur<br data-start=\"4768\" data-end=\"4771\" \/><a class=\"decorated-link cursor-pointer\" target=\"_new\" rel=\"noopener\" data-start=\"4771\" data-end=\"4810\">https:\/\/sentrimax.com\/centrifuge-parts\/<\/a><\/p>\n<hr data-start=\"4812\" data-end=\"4815\" \/>\n<h2 data-start=\"4817\" data-end=\"4868\">Maintenance pr\u00e9ventive pour une fiabilit\u00e9 \u00e0 long terme<\/h2>\n<p data-start=\"4870\" data-end=\"5098\">Outre ses services de r\u00e9paration r\u00e9active, Sentrimax aide les installations new-yorkaises \u00e0 mettre en \u0153uvre des programmes de maintenance pr\u00e9ventive con\u00e7us pour identifier les probl\u00e8mes au plus t\u00f4t et r\u00e9duire les pannes impr\u00e9vues. Une maintenance pr\u00e9ventive efficace peut comprendre\u00a0:<\/p>\n<ul data-start=\"5100\" data-end=\"5321\">\n<li data-start=\"5100\" data-end=\"5133\">\n<p data-start=\"5102\" data-end=\"5133\">\u00c9valuations de routine de l&#039;\u00e9tat de sant\u00e9<\/p>\n<\/li>\n<li data-start=\"5134\" data-end=\"5177\">\n<p data-start=\"5136\" data-end=\"5177\">Analyse des vibrations et surveillance des tendances<\/p>\n<\/li>\n<li data-start=\"5178\" data-end=\"5212\">\n<p data-start=\"5180\" data-end=\"5212\">\u00c9chantillonnage d&#039;huile et suivi de l&#039;usure<\/p>\n<\/li>\n<li data-start=\"5213\" data-end=\"5262\">\n<p data-start=\"5215\" data-end=\"5262\">Remplacement programm\u00e9 des composants \u00e0 forte usure<\/p>\n<\/li>\n<li data-start=\"5263\" data-end=\"5321\">\n<p data-start=\"5265\" data-end=\"5321\">V\u00e9rification de l&#039;alignement et \u00e9quilibrage dynamique si n\u00e9cessaire<\/p>\n<\/li>\n<\/ul>\n<p data-start=\"5323\" data-end=\"5648\">En planifiant la maintenance \u00e0 partir des donn\u00e9es op\u00e9rationnelles, les installations peuvent am\u00e9liorer leur disponibilit\u00e9, r\u00e9duire leurs co\u00fbts de maintenance et optimiser la planification des interventions lors des arr\u00eats programm\u00e9s. Sentrimax propose \u00e9galement des contrats de service garantissant une couverture continue, une intervention prioritaire et une planification de maintenance pr\u00e9visible pour une gestion d&#039;actifs \u00e0 long terme.<\/p>\n<hr data-start=\"5650\" data-end=\"5653\" \/>\n<h2 data-start=\"5655\" data-end=\"5715\">Soutien \u00e0 la conformit\u00e9 environnementale et aux objectifs op\u00e9rationnels<\/h2>\n<p data-start=\"5717\" data-end=\"5979\">Le bon fonctionnement de la centrifugeuse d\u00e9canteuse garantit la conformit\u00e9 environnementale, l&#039;efficacit\u00e9 du traitement des solides et la stabilit\u00e9 des proc\u00e9d\u00e9s. Des performances de s\u00e9paration ou m\u00e9caniques irr\u00e9guli\u00e8res peuvent augmenter les volumes transport\u00e9s, surcharger les syst\u00e8mes en aval et accro\u00eetre les risques r\u00e9glementaires.<\/p>\n<p data-start=\"5981\" data-end=\"6216\">Les pratiques de service de Sentrimax sont con\u00e7ues pour aider les installations \u00e0 assurer un fonctionnement constant. Pour des conseils plus g\u00e9n\u00e9raux sur le secteur, les installations peuvent consulter les ressources de l&#039;Agence am\u00e9ricaine de protection de l&#039;environnement (EPA) \u00e0 l&#039;adresse suivante\u00a0:<br data-start=\"6186\" data-end=\"6189\" \/><a class=\"decorated-link cursor-pointer\" target=\"_new\" rel=\"noopener\" data-start=\"6189\" data-end=\"6214\">https:\/\/www.epa.gov\/water<\/a><\/p>\n<p data-start=\"6218\" data-end=\"6347\">Des informations techniques suppl\u00e9mentaires et des bonnes pratiques sont disponibles aupr\u00e8s de la Water Environment Federation.<br data-start=\"6323\" data-end=\"6326\" \/><a class=\"decorated-link\" href=\"https:\/\/www.wef.org\/\" target=\"_new\" rel=\"noopener\" data-start=\"6326\" data-end=\"6346\">https:\/\/www.wef.org\/<\/a>.<\/p>\n<p data-start=\"6349\" data-end=\"6531\">Ces sources externes fournissent des informations sur les technologies de traitement, les exigences r\u00e9glementaires et les points de r\u00e9f\u00e9rence op\u00e9rationnels pertinents pour les applications de traitement des eaux us\u00e9es et de centrifugation industrielle.<\/p>\n<hr data-start=\"6533\" data-end=\"6536\" \/>\n<h2 data-start=\"6538\" data-end=\"6581\">Pourquoi les entreprises new-yorkaises choisissent Sentrimax<\/h2>\n<p data-start=\"6583\" data-end=\"6941\">Dans la r\u00e9gion m\u00e9tropolitaine de New York, les installations choisissent Sentrimax pour l&#039;entretien de leurs centrifugeuses d\u00e9canteuses Flottweg en raison de son expertise technique, de sa r\u00e9activit\u00e9 et de son engagement envers un travail de qualit\u00e9. Les techniciens de Sentrimax ma\u00eetrisent la dynamique m\u00e9canique des \u00e9quipements de s\u00e9paration \u00e0 grande vitesse et les contraintes op\u00e9rationnelles auxquelles sont confront\u00e9es les stations d&#039;\u00e9puration et les installations industrielles.<\/p>\n<p data-start=\"6943\" data-end=\"7276\">Tout au long de chaque projet, Sentrimax privil\u00e9gie une communication claire et des rapports d\u00e9taill\u00e9s. Les installations re\u00e7oivent une documentation compl\u00e8te d\u00e9crivant les constats, les mesures correctives prises et les recommandations pour la maintenance pr\u00e9ventive future. Ces informations permettent une prise de d\u00e9cision \u00e9clair\u00e9e et une planification de la maintenance \u00e0 long terme.<\/p>\n<p data-start=\"7278\" data-end=\"7364\">Pour obtenir une expertise en mati\u00e8re de traitement des eaux us\u00e9es, consultez<br data-start=\"7317\" data-end=\"7320\" \/><a class=\"decorated-link cursor-pointer\" target=\"_new\" rel=\"noopener\" data-start=\"7320\" data-end=\"7364\">https:\/\/sentrimax.com\/industries\/wastewater\/<\/a><\/p>\n<hr data-start=\"7366\" data-end=\"7369\" \/>\n<h2 data-start=\"7371\" data-end=\"7419\">Assistance compl\u00e8te, de l&#039;inspection \u00e0 la mise en service<\/h2>\n<p data-start=\"7421\" data-end=\"7509\">Sentrimax propose bien plus que la simple r\u00e9paration de composants. Ses techniciens interviennent \u00e9galement sur\u00a0:<\/p>\n<ul data-start=\"7511\" data-end=\"7686\">\n<li data-start=\"7511\" data-end=\"7545\">\n<p data-start=\"7513\" data-end=\"7545\">Retrait du gr\u00e9ement et de la centrifugeuse<\/p>\n<\/li>\n<li data-start=\"7546\" data-end=\"7587\">\n<p data-start=\"7548\" data-end=\"7587\">V\u00e9rifications de pr\u00e9cision de l&#039;alignement et de la configuration<\/p>\n<\/li>\n<li data-start=\"7588\" data-end=\"7614\">\n<p data-start=\"7590\" data-end=\"7614\">Assistance \u00e0 la r\u00e9installation<\/p>\n<\/li>\n<li data-start=\"7615\" data-end=\"7648\">\n<p data-start=\"7617\" data-end=\"7648\">Assistance au d\u00e9marrage et r\u00e9glage<\/p>\n<\/li>\n<li data-start=\"7649\" data-end=\"7686\">\n<p data-start=\"7651\" data-end=\"7686\">\u00c9valuation des performances apr\u00e8s la prestation de services<\/p>\n<\/li>\n<\/ul>\n<p data-start=\"7688\" data-end=\"7835\">Cette approche de service globale garantit que les centrifugeuses d\u00e9canteuses Flottweg r\u00e9par\u00e9es ou remises en \u00e9tat reprennent du service en toute s\u00e9curit\u00e9 et de mani\u00e8re fiable.<\/p>\n<p data-start=\"7837\" data-end=\"8040\">En combinant expertise technique et exp\u00e9rience pratique sur le terrain, Sentrimax aide les installations de New York \u00e0 r\u00e9duire les temps d&#039;arr\u00eat, \u00e0 am\u00e9liorer la pr\u00e9visibilit\u00e9 de la maintenance et \u00e0 prot\u00e9ger les investissements critiques dans les infrastructures.<\/p>\n<hr data-start=\"8042\" data-end=\"8045\" \/>\n<h2 data-start=\"8047\" data-end=\"8109\">Demande de service de d\u00e9cantation et de centrifugation Flottweg \u00e0 New York, NY<\/h2>\n<p data-start=\"8111\" data-end=\"8465\">\u00c0 New York, les entreprises font confiance \u00e0 Sentrimax pour l&#039;entretien de leurs centrifugeuses d\u00e9canteuses Flottweg. Son expertise et sa r\u00e9activit\u00e9 sont reconnues. Qu&#039;il s&#039;agisse de r\u00e9parations urgentes, de maintenance pr\u00e9ventive ou de remises \u00e0 neuf compl\u00e8tes, Sentrimax propose des solutions pour garantir le fonctionnement optimal et fiable de vos centrifugeuses.<\/p>\n<p data-start=\"8467\" data-end=\"8521\" data-is-last-node=\"\" data-is-only-node=\"\"><strong data-start=\"8467\" data-end=\"8521\" data-is-last-node=\"\"><a class=\"decorated-link\" href=\"https:\/\/sentrimax.com\/fr\/contact\/\" target=\"_new\" rel=\"noopener\" data-start=\"8469\" data-end=\"8519\">Demandez un devis !<\/a><\/strong><\/p>","protected":false},"excerpt":{"rendered":"<p>Sentrimax provides professional Flottweg decanter centrifuge service for wastewater treatment plants and industrial facilities throughout New York, New York. With decades of experience servicing high-speed separation equipment, Sentrimax delivers expert inspection, preventive maintenance, precision repair, and rebuild solutions tailored to the demanding operating conditions in the New York metropolitan area. Flottweg decanter centrifuges play a [&hellip;]<\/p>\n","protected":false},"author":3,"featured_media":0,"parent":0,"menu_order":0,"comment_status":"closed","ping_status":"closed","template":"seo-page-template.php","meta":{"_acf_changed":false,"inline_featured_image":false,"footnotes":""},"class_list":["post-2298","page","type-page","status-publish","hentry"],"acf":[],"_links":{"self":[{"href":"https:\/\/sentrimax.com\/fr\/wp-json\/wp\/v2\/pages\/2298","targetHints":{"allow":["GET"]}}],"collection":[{"href":"https:\/\/sentrimax.com\/fr\/wp-json\/wp\/v2\/pages"}],"about":[{"href":"https:\/\/sentrimax.com\/fr\/wp-json\/wp\/v2\/types\/page"}],"author":[{"embeddable":true,"href":"https:\/\/sentrimax.com\/fr\/wp-json\/wp\/v2\/users\/3"}],"replies":[{"embeddable":true,"href":"https:\/\/sentrimax.com\/fr\/wp-json\/wp\/v2\/comments?post=2298"}],"version-history":[{"count":1,"href":"https:\/\/sentrimax.com\/fr\/wp-json\/wp\/v2\/pages\/2298\/revisions"}],"predecessor-version":[{"id":2527,"href":"https:\/\/sentrimax.com\/fr\/wp-json\/wp\/v2\/pages\/2298\/revisions\/2527"}],"wp:attachment":[{"href":"https:\/\/sentrimax.com\/fr\/wp-json\/wp\/v2\/media?parent=2298"}],"curies":[{"name":"wp","href":"https:\/\/api.w.org\/{rel}","templated":true}]}}