{"id":2299,"date":"2026-01-07T16:37:24","date_gmt":"2026-01-07T16:37:24","guid":{"rendered":"https:\/\/sentrimax.com\/?page_id=2299"},"modified":"2026-04-21T21:15:01","modified_gmt":"2026-04-21T21:15:01","slug":"flottweg-centrifuge-parts-in-detroit-mi","status":"publish","type":"page","link":"https:\/\/sentrimax.com\/fr\/flottweg-centrifuge-parts-in-detroit-mi\/","title":{"rendered":"Pi\u00e8ces d\u00e9tach\u00e9es pour centrifugeuses Flottweg \u00e0 D\u00e9troit, Michigan"},"content":{"rendered":"<p data-start=\"276\" data-end=\"954\"><img fetchpriority=\"high\" decoding=\"async\" class=\"aligncenter size-full wp-image-2204\" src=\"https:\/\/sentrimax.com\/wp-content\/uploads\/2025\/10\/Sentrimax-PM95000-scaled-e1761191933425.jpg\" alt=\"centrifuge 40&quot; sharples rental\" width=\"1000\" height=\"718\" \/><\/p>\n<p data-start=\"276\" data-end=\"954\">Sentrimax fournit des pi\u00e8ces de haute qualit\u00e9 pour centrifugeuses Flottweg aux stations d&#039;\u00e9puration, aux entreprises de transformation industrielle et aux sites de production dans le monde entier. <strong data-start=\"429\" data-end=\"450\">D\u00e9troit, Michigan<\/strong>. Forte d&#039;une vaste exp\u00e9rience dans la maintenance des centrifugeuses et le support des composants, Sentrimax aide les installations \u00e0 maintenir des performances fiables de s\u00e9paration solide-liquide et \u00e0 optimiser leur temps de fonctionnement. Les centrifugeuses Flottweg sont con\u00e7ues pour offrir des performances robustes dans des environnements exigeants, mais l&#039;usure r\u00e9guli\u00e8re des roulements, des joints, des spirales et autres pi\u00e8ces de pr\u00e9cision peut r\u00e9duire leur efficacit\u00e9 au fil du temps. Sentrimax propose des solutions de pi\u00e8ces d\u00e9tach\u00e9es con\u00e7ues pour restaurer les performances, prolonger la dur\u00e9e de vie et soutenir les strat\u00e9gies de maintenance pr\u00e9ventive.<\/p>\n<hr data-start=\"956\" data-end=\"959\" \/>\n<h2 data-start=\"961\" data-end=\"1006\">Assistance locale pour les op\u00e9rations de D\u00e9troit<\/h2>\n<p data-start=\"1008\" data-end=\"1392\">Des installations partout <strong data-start=\"1030\" data-end=\"1041\">D\u00e9troit<\/strong> Pour atteindre leurs objectifs op\u00e9rationnels, maintenir la stabilit\u00e9 des proc\u00e9d\u00e9s et garantir la conformit\u00e9 environnementale, les centrifugeuses doivent \u00eatre performantes et fiables. En cas d&#039;usure ou de d\u00e9faillance de composants cl\u00e9s, un acc\u00e8s rapide \u00e0 des pi\u00e8ces de rechange de qualit\u00e9 est essentiel. Sentrimax fournit des pi\u00e8ces dans la r\u00e9gion de D\u00e9troit et propose un support r\u00e9actif et une assistance technique afin de minimiser les temps d&#039;arr\u00eat.<\/p>\n<p data-start=\"1394\" data-end=\"1698\">En associant un soutien local \u00e0 un approvisionnement fiable en pi\u00e8ces d\u00e9tach\u00e9es, Sentrimax aide les installations \u00e0 r\u00e9duire les d\u00e9lais logistiques et \u00e0 optimiser la planification des interventions. Qu&#039;il s&#039;agisse de se pr\u00e9parer \u00e0 un arr\u00eat programm\u00e9 ou de r\u00e9agir \u00e0 une panne impr\u00e9vue d&#039;un composant, les op\u00e9rations \u00e0 D\u00e9troit b\u00e9n\u00e9ficient d&#039;une disponibilit\u00e9 rapide des pi\u00e8ces et d&#039;une assistance experte.<\/p>\n<hr data-start=\"1700\" data-end=\"1703\" \/>\n<h2 data-start=\"1705\" data-end=\"1760\">Inventaire complet des pi\u00e8ces d\u00e9tach\u00e9es pour centrifugeuses Flottweg<\/h2>\n<p data-start=\"1762\" data-end=\"1939\">Sentrimax dispose d&#039;un vaste stock de pi\u00e8ces de rechange compatibles avec les centrifugeuses Flottweg pour le traitement des eaux us\u00e9es et les applications industrielles. Les pi\u00e8ces principales comprennent\u00a0:<\/p>\n<ul data-start=\"1941\" data-end=\"2496\">\n<li data-start=\"1941\" data-end=\"2032\">\n<p data-start=\"1943\" data-end=\"2032\"><strong data-start=\"1943\" data-end=\"1978\">Roulements et ensembles de roulements<\/strong> con\u00e7u pour des performances \u00e0 haute vitesse et \u00e0 charge \u00e9lev\u00e9e<\/p>\n<\/li>\n<li data-start=\"2033\" data-end=\"2109\">\n<p data-start=\"2035\" data-end=\"2109\"><strong data-start=\"2035\" data-end=\"2056\">Joints et garnitures<\/strong> con\u00e7u pour r\u00e9sister \u00e0 la p\u00e9n\u00e9tration de liquides et \u00e0 la contamination<\/p>\n<\/li>\n<li data-start=\"2110\" data-end=\"2196\">\n<p data-start=\"2112\" data-end=\"2196\"><strong data-start=\"2112\" data-end=\"2137\">Rev\u00eatements d&#039;usure et carreaux<\/strong> Fabriqu\u00e9 \u00e0 partir de mat\u00e9riaux r\u00e9sistants \u00e0 l&#039;abrasion pour une dur\u00e9e de vie prolong\u00e9e<\/p>\n<\/li>\n<li data-start=\"2197\" data-end=\"2266\">\n<p data-start=\"2199\" data-end=\"2266\"><strong data-start=\"2199\" data-end=\"2233\">Composants de volute et de convoyeur<\/strong> essentiel pour le transport des solides<\/p>\n<\/li>\n<li data-start=\"2267\" data-end=\"2344\">\n<p data-start=\"2269\" data-end=\"2344\"><strong data-start=\"2269\" data-end=\"2301\">composants de bo\u00eete de vitesses et de transmission<\/strong> pour soutenir le transfert de couple et l&#039;alignement<\/p>\n<\/li>\n<li data-start=\"2345\" data-end=\"2421\">\n<p data-start=\"2347\" data-end=\"2421\"><strong data-start=\"2347\" data-end=\"2385\">Bol, moyeu et ensembles rotatifs<\/strong> pour une dynamique de s\u00e9paration efficace<\/p>\n<\/li>\n<li data-start=\"2422\" data-end=\"2496\">\n<p data-start=\"2424\" data-end=\"2496\"><strong data-start=\"2424\" data-end=\"2455\">Kits de fixation et de quincaillerie<\/strong> adapt\u00e9 aux t\u00e2ches de service et de reconstruction<\/p>\n<\/li>\n<\/ul>\n<p data-start=\"2498\" data-end=\"2709\">Avant leur distribution, toutes les pi\u00e8ces sont inspect\u00e9es afin de garantir un ajustement parfait, des dimensions pr\u00e9cises et l&#039;int\u00e9grit\u00e9 des mat\u00e9riaux. Les \u00e9tablissements peuvent commander des composants individuels ou des ensembles complets pour faciliter la maintenance ou la planification des remises en \u00e9tat.<\/p>\n<p data-start=\"2711\" data-end=\"2808\">Des informations d\u00e9taill\u00e9es sur les pi\u00e8ces disponibles sont disponibles \u00e0 l&#039;adresse suivante :<br data-start=\"2766\" data-end=\"2769\" \/><a class=\"decorated-link cursor-pointer\" target=\"_new\" rel=\"noopener\" data-start=\"2769\" data-end=\"2808\">https:\/\/sentrimax.com\/centrifuge-parts\/<\/a><\/p>\n<hr data-start=\"2810\" data-end=\"2813\" \/>\n<h2 data-start=\"2815\" data-end=\"2851\">Pi\u00e8ces de qualit\u00e9 d&#039;origine et fiabilit\u00e9<\/h2>\n<p data-start=\"2853\" data-end=\"3130\">Pour la maintenance des machines rotatives \u00e0 grande vitesse, il est essentiel de disposer de pi\u00e8ces de rechange conformes ou sup\u00e9rieures aux sp\u00e9cifications d&#039;origine. Sentrimax fournit des pi\u00e8ces de qualit\u00e9 \u00e9quivalente \u00e0 celles des \u00e9quipementiers pour les centrifugeuses Flottweg, dont la qualit\u00e9 des mat\u00e9riaux, les tol\u00e9rances et la compatibilit\u00e9 sont v\u00e9rifi\u00e9es.<\/p>\n<p data-start=\"3132\" data-end=\"3441\">Des roulements, des joints d&#039;\u00e9tanch\u00e9it\u00e9 et des pi\u00e8ces d&#039;usure de haute qualit\u00e9 contribuent \u00e0 r\u00e9duire les vibrations, \u00e0 am\u00e9liorer l&#039;\u00e9quilibrage et \u00e0 espacer les intervalles d&#039;entretien. Le choix judicieux des pi\u00e8ces assure \u00e9galement un fonctionnement plus fluide et des performances de s\u00e9paration constantes, notamment en pr\u00e9sence de fortes charges de mati\u00e8res solides, fr\u00e9quentes dans les proc\u00e9d\u00e9s de traitement des eaux us\u00e9es et les processus industriels.<\/p>\n<hr data-start=\"3443\" data-end=\"3446\" \/>\n<h2 data-start=\"3448\" data-end=\"3499\">Pi\u00e8ces \u00e0 l&#039;appui des programmes de maintenance pr\u00e9ventive<\/h2>\n<p data-start=\"3501\" data-end=\"3740\">Le remplacement proactif des pi\u00e8ces est un \u00e9l\u00e9ment cl\u00e9 d&#039;une maintenance pr\u00e9ventive efficace. Sentrimax aide les installations de Detroit \u00e0 planifier les programmes de remplacement des pi\u00e8ces en fonction des heures de fonctionnement, de la charge en solides, des tendances vibratoires et des historiques d&#039;usure.<\/p>\n<p data-start=\"3742\" data-end=\"3776\">Les strat\u00e9gies pr\u00e9ventives peuvent inclure\u00a0:<\/p>\n<ul data-start=\"3778\" data-end=\"4018\">\n<li data-start=\"3778\" data-end=\"3842\">\n<p data-start=\"3780\" data-end=\"3842\">Inspection et remplacement programm\u00e9s des composants \u00e0 forte usure<\/p>\n<\/li>\n<li data-start=\"3843\" data-end=\"3902\">\n<p data-start=\"3845\" data-end=\"3902\">Surveillance de l&#039;\u00e9tat par analyse des vibrations et de l&#039;huile<\/p>\n<\/li>\n<li data-start=\"3903\" data-end=\"3957\">\n<p data-start=\"3905\" data-end=\"3957\">Contr\u00f4les d&#039;assemblage lors des fen\u00eatres de maintenance planifi\u00e9es<\/p>\n<\/li>\n<li data-start=\"3958\" data-end=\"4018\">\n<p data-start=\"3960\" data-end=\"4018\">Documentation et suivi des tendances pour pr\u00e9voir les besoins en services<\/p>\n<\/li>\n<\/ul>\n<p data-start=\"4020\" data-end=\"4306\">En planifiant le remplacement des pi\u00e8ces avant toute panne, les \u00e9tablissements peuvent r\u00e9duire les r\u00e9parations d&#039;urgence, prolonger la dur\u00e9e de vie des \u00e9quipements et optimiser leur budget de maintenance. Pour les \u00e9tablissements n\u00e9cessitant une assistance compl\u00e8te, incluant les r\u00e9parations et les \u00e9valuations de l&#039;\u00e9tat des \u00e9quipements, veuillez consulter [lien manquant].<br data-start=\"4263\" data-end=\"4266\" \/><a class=\"decorated-link cursor-pointer\" target=\"_new\" rel=\"noopener\" data-start=\"4266\" data-end=\"4306\">https:\/\/sentrimax.com\/centrifuge-repair\/<\/a><\/p>\n<hr data-start=\"4308\" data-end=\"4311\" \/>\n<h2 data-start=\"4313\" data-end=\"4351\">Guide des pi\u00e8ces sp\u00e9cifiques \u00e0 l&#039;application<\/h2>\n<p data-start=\"4353\" data-end=\"4491\">Les centrifugeuses Flottweg sont utilis\u00e9es dans de nombreuses applications, et les besoins en pi\u00e8ces d\u00e9tach\u00e9es peuvent varier consid\u00e9rablement en fonction des conditions de traitement. Par exemple\u00a0:<\/p>\n<ul data-start=\"4493\" data-end=\"4878\">\n<li data-start=\"4493\" data-end=\"4640\">\n<p data-start=\"4495\" data-end=\"4640\">La d\u00e9shydratation des eaux us\u00e9es municipales implique g\u00e9n\u00e9ralement des solides abrasifs et des conditions d&#039;alimentation variables, n\u00e9cessitant des pi\u00e8ces d&#039;usure durables et des joints robustes.<\/p>\n<\/li>\n<li data-start=\"4641\" data-end=\"4757\">\n<p data-start=\"4643\" data-end=\"4757\">Les environnements de traitement industriel peuvent exposer les composants \u00e0 des produits chimiques ou \u00e0 un fonctionnement continu \u00e0 cadence \u00e9lev\u00e9e.<\/p>\n<\/li>\n<li data-start=\"4758\" data-end=\"4878\">\n<p data-start=\"4760\" data-end=\"4878\">Les applications de s\u00e9paration des aliments et des boissons exigent des pi\u00e8ces et des mat\u00e9riaux de pr\u00e9cision compatibles avec les normes d&#039;hygi\u00e8ne.<\/p>\n<\/li>\n<\/ul>\n<p data-start=\"4880\" data-end=\"5067\">Sentrimax conseille les installations de Detroit sur la s\u00e9lection des pi\u00e8ces en fonction des exigences sp\u00e9cifiques de l&#039;application, garantissant ainsi que les pi\u00e8ces de rechange offrent des am\u00e9liorations de performance mesurables et une dur\u00e9e de vie prolong\u00e9e.<\/p>\n<p data-start=\"5069\" data-end=\"5184\">Pour obtenir des conseils sp\u00e9cifiques \u00e0 l&#039;industrie concernant les op\u00e9rations de traitement des eaux us\u00e9es, consultez<br data-start=\"5137\" data-end=\"5140\" \/><a class=\"decorated-link cursor-pointer\" target=\"_new\" rel=\"noopener\" data-start=\"5140\" data-end=\"5184\">https:\/\/sentrimax.com\/industries\/wastewater\/<\/a><\/p>\n<hr data-start=\"5186\" data-end=\"5189\" \/>\n<h2 data-start=\"5191\" data-end=\"5231\">Soutien \u00e0 la fiabilit\u00e9 et \u00e0 la conformit\u00e9<\/h2>\n<p data-start=\"5233\" data-end=\"5604\">Le bon fonctionnement des centrifugeuses est essentiel \u00e0 la stabilit\u00e9 op\u00e9rationnelle et au respect des normes environnementales. L&#039;usure ou l&#039;endommagement de pi\u00e8ces r\u00e9duisant l&#039;efficacit\u00e9 de s\u00e9paration peuvent accro\u00eetre les volumes transport\u00e9s, surcharger les \u00e9tapes de traitement en aval et augmenter les risques de non-conformit\u00e9. Le remplacement des pi\u00e8ces permettant de r\u00e9tablir les performances aide les installations \u00e0 maintenir leur d\u00e9bit et \u00e0 satisfaire aux exigences r\u00e9glementaires.<\/p>\n<p data-start=\"5606\" data-end=\"5794\">Pour obtenir des directives environnementales faisant autorit\u00e9 en mati\u00e8re de traitement de l&#039;eau et des eaux us\u00e9es, les installations peuvent se r\u00e9f\u00e9rer \u00e0 <strong data-start=\"5720\" data-end=\"5760\">Agence am\u00e9ricaine de protection de l&#039;environnement<\/strong> \u00e0<br data-start=\"5763\" data-end=\"5766\" \/><a class=\"decorated-link cursor-pointer\" target=\"_new\" rel=\"noopener\" data-start=\"5766\" data-end=\"5791\">https:\/\/www.epa.gov\/water<\/a>.<\/p>\n<p data-start=\"5796\" data-end=\"5929\">Des informations techniques suppl\u00e9mentaires et les normes industrielles sont disponibles aupr\u00e8s de la Water Environment Federation.<br data-start=\"5905\" data-end=\"5908\" \/><a class=\"decorated-link\" href=\"https:\/\/www.wef.org\/\" target=\"_new\" rel=\"noopener\" data-start=\"5908\" data-end=\"5928\">https:\/\/www.wef.org\/<\/a>.<\/p>\n<hr data-start=\"5931\" data-end=\"5934\" \/>\n<h2 data-start=\"5936\" data-end=\"5988\">Pourquoi les usines de D\u00e9troit choisissent Sentrimax pour leurs pi\u00e8ces d\u00e9tach\u00e9es<\/h2>\n<p data-start=\"5990\" data-end=\"6283\">Dans toute la r\u00e9gion de D\u00e9troit, les entreprises choisissent Sentrimax pour leurs pi\u00e8ces de centrifugeuses Flottweg gr\u00e2ce \u00e0 son assistance technique, sa r\u00e9activit\u00e9 et son engagement envers la qualit\u00e9. Sentrimax aide ses clients \u00e0 identifier les pi\u00e8ces ad\u00e9quates, \u00e0 v\u00e9rifier leur compatibilit\u00e9 et \u00e0 planifier les remplacements en fonction de leurs strat\u00e9gies de maintenance.<\/p>\n<p data-start=\"6285\" data-end=\"6566\">Chaque commande est accompagn\u00e9e d&#039;une documentation claire, fournissant les sp\u00e9cifications et la tra\u00e7abilit\u00e9 n\u00e9cessaires \u00e0 la tenue des dossiers de maintenance et \u00e0 la planification de la gestion des actifs. Notre \u00e9quipe d&#039;assistance sp\u00e9cialis\u00e9e est \u00e0 votre disposition pour l&#039;identification des pi\u00e8ces, les questions techniques et la coordination avec les plannings de maintenance ou les interruptions de service.<\/p>\n<hr data-start=\"6568\" data-end=\"6571\" \/>\n<h2 data-start=\"6573\" data-end=\"6624\">Commande de pi\u00e8ces d\u00e9tach\u00e9es pour centrifugeuse Flottweg \u00e0 Detroit, Michigan<\/h2>\n<p data-start=\"6626\" data-end=\"6966\">Commander des pi\u00e8ces pour centrifugeuses Flottweg aupr\u00e8s de Sentrimax est simple et efficace, et ax\u00e9 sur le client. Les entreprises peuvent demander des devis d\u00e9taill\u00e9s incluant les r\u00e9f\u00e9rences des pi\u00e8ces, les d\u00e9lais de livraison, les prix et la v\u00e9rification de la compatibilit\u00e9. Des options de livraison express sont disponibles pour les pi\u00e8ces urgentes n\u00e9cessaires en cas d&#039;arr\u00eats programm\u00e9s ou de pannes impr\u00e9vues.<\/p>\n<p data-start=\"6968\" data-end=\"7114\">Disposer de pi\u00e8ces d\u00e9tach\u00e9es fiables permet aux installations de Detroit de maintenir leur disponibilit\u00e9, de r\u00e9duire les r\u00e9parations impr\u00e9vues et d&#039;am\u00e9liorer la confiance dans les performances des \u00e9quipements.<\/p>\n<hr data-start=\"7116\" data-end=\"7119\" \/>\n<h2 data-start=\"7121\" data-end=\"7171\">Commande de pi\u00e8ces d\u00e9tach\u00e9es pour centrifugeuse Flottweg \u00e0 Detroit, Michigan.<\/h2>\n<p data-start=\"7173\" data-end=\"7398\">Pr\u00e9servez les performances de votre centrifugeuse Flottweg gr\u00e2ce aux pi\u00e8ces de rechange de qualit\u00e9 Sentrimax. Roulements, joints, pi\u00e8ces d&#039;usure, composants d&#039;assemblage\u00a0: Sentrimax fournit aux installations de Detroit des pi\u00e8ces et un support fiables.<\/p>\n<p data-start=\"7400\" data-end=\"7454\"><strong data-start=\"7400\" data-end=\"7454\"><a class=\"decorated-link\" href=\"https:\/\/sentrimax.com\/fr\/contact\/\" target=\"_new\" rel=\"noopener\" data-start=\"7402\" data-end=\"7452\">Demandez un devis !<\/a><\/strong><\/p>","protected":false},"excerpt":{"rendered":"<p>Sentrimax provides high-quality Flottweg centrifuge parts to wastewater treatment plants, industrial processors, and manufacturing facilities throughout Detroit, Michigan. With extensive experience in centrifuge maintenance and component support, Sentrimax helps facilities maintain reliable solids-liquid separation performance and maximize uptime. Flottweg centrifuges are engineered for robust performance in demanding environments, but routine wear on bearings, seals, scrolls, [&hellip;]<\/p>\n","protected":false},"author":3,"featured_media":0,"parent":0,"menu_order":0,"comment_status":"closed","ping_status":"closed","template":"seo-page-template.php","meta":{"_acf_changed":false,"inline_featured_image":false,"footnotes":""},"class_list":["post-2299","page","type-page","status-publish","hentry"],"acf":[],"_links":{"self":[{"href":"https:\/\/sentrimax.com\/fr\/wp-json\/wp\/v2\/pages\/2299","targetHints":{"allow":["GET"]}}],"collection":[{"href":"https:\/\/sentrimax.com\/fr\/wp-json\/wp\/v2\/pages"}],"about":[{"href":"https:\/\/sentrimax.com\/fr\/wp-json\/wp\/v2\/types\/page"}],"author":[{"embeddable":true,"href":"https:\/\/sentrimax.com\/fr\/wp-json\/wp\/v2\/users\/3"}],"replies":[{"embeddable":true,"href":"https:\/\/sentrimax.com\/fr\/wp-json\/wp\/v2\/comments?post=2299"}],"version-history":[{"count":1,"href":"https:\/\/sentrimax.com\/fr\/wp-json\/wp\/v2\/pages\/2299\/revisions"}],"predecessor-version":[{"id":2526,"href":"https:\/\/sentrimax.com\/fr\/wp-json\/wp\/v2\/pages\/2299\/revisions\/2526"}],"wp:attachment":[{"href":"https:\/\/sentrimax.com\/fr\/wp-json\/wp\/v2\/media?parent=2299"}],"curies":[{"name":"wp","href":"https:\/\/api.w.org\/{rel}","templated":true}]}}