{"id":2301,"date":"2026-01-07T16:40:49","date_gmt":"2026-01-07T16:40:49","guid":{"rendered":"https:\/\/sentrimax.com\/?page_id=2301"},"modified":"2026-04-21T21:15:00","modified_gmt":"2026-04-21T21:15:00","slug":"andritz-centrifuge-repair-services-in-houston-tx","status":"publish","type":"page","link":"https:\/\/sentrimax.com\/fr\/andritz-centrifuge-repair-services-in-houston-tx\/","title":{"rendered":"Services de r\u00e9paration de centrifugeuses Andritz \u00e0 Houston, Texas"},"content":{"rendered":"<p data-start=\"311\" data-end=\"884\"><img fetchpriority=\"high\" decoding=\"async\" class=\"aligncenter size-full wp-image-2032\" src=\"https:\/\/sentrimax.com\/wp-content\/uploads\/2025\/07\/imgi_28_blog-image-1024x463-1.jpg\" alt=\"\" width=\"1024\" height=\"463\" srcset=\"https:\/\/sentrimax.com\/wp-content\/uploads\/2025\/07\/imgi_28_blog-image-1024x463-1.jpg 1024w, https:\/\/sentrimax.com\/wp-content\/uploads\/2025\/07\/imgi_28_blog-image-1024x463-1-300x136.jpg 300w, https:\/\/sentrimax.com\/wp-content\/uploads\/2025\/07\/imgi_28_blog-image-1024x463-1-768x347.jpg 768w, https:\/\/sentrimax.com\/wp-content\/uploads\/2025\/07\/imgi_28_blog-image-1024x463-1-18x8.jpg 18w, https:\/\/sentrimax.com\/wp-content\/uploads\/2025\/07\/imgi_28_blog-image-1024x463-1-600x271.jpg 600w\" sizes=\"(max-width: 1024px) 100vw, 1024px\" \/><\/p>\n<p data-start=\"311\" data-end=\"884\">Sentrimax propose des services professionnels de r\u00e9paration de centrifugeuses Andritz pour les installations industrielles et de traitement des eaux us\u00e9es dans toute la r\u00e9gion. <strong data-start=\"430\" data-end=\"448\">Houston, Texas<\/strong>. Fort de plusieurs d\u00e9cennies d&#039;exp\u00e9rience dans le support des \u00e9quipements de s\u00e9paration \u00e0 grande vitesse, <strong data-start=\"521\" data-end=\"534\">Sentrimax<\/strong> Sentrimax propose des diagnostics experts, des r\u00e9parations de pr\u00e9cision et des solutions de service compl\u00e8tes, adapt\u00e9es aux exigences des environnements op\u00e9rationnels les plus complexes de Houston. Qu&#039;il s&#039;agisse de pannes d&#039;urgence, de maintenance planifi\u00e9e ou de r\u00e9visions compl\u00e8tes, Sentrimax aide les installations \u00e0 r\u00e9tablir la performance, \u00e0 prolonger la dur\u00e9e de vie des \u00e9quipements et \u00e0 r\u00e9duire les temps d&#039;arr\u00eat co\u00fbteux.<\/p>\n<p data-start=\"886\" data-end=\"1448\">Les centrifugeuses Andritz sont largement utilis\u00e9es dans des applications telles que le traitement des eaux us\u00e9es, la chimie, l&#039;industrie p\u00e9troli\u00e8re et gazi\u00e8re, l&#039;agroalimentaire et la d\u00e9shydratation industrielle. Con\u00e7ues pour un fonctionnement robuste et continu, ces machines ne sont pas \u00e0 l&#039;abri de l&#039;usure des roulements, joints, spirales et autres composants critiques, m\u00eame les plus performantes, lorsqu&#039;elles sont expos\u00e9es \u00e0 des particules abrasives, \u00e0 des d\u00e9bits d&#039;alimentation variables et \u00e0 des couples \u00e9lev\u00e9s. Sentrimax met en \u0153uvre des strat\u00e9gies de r\u00e9paration et des processus de contr\u00f4le qualit\u00e9 \u00e9prouv\u00e9s pour aider les installations de Houston \u00e0 garantir un fonctionnement optimal et fiable de leurs centrifugeuses.<\/p>\n<hr data-start=\"1450\" data-end=\"1453\" \/>\n<h2 data-start=\"1455\" data-end=\"1510\">Soutien aux op\u00e9rations critiques de centrifugation \u00e0 Houston<\/h2>\n<p data-start=\"1512\" data-end=\"2039\">Installations industrielles et de traitement des eaux us\u00e9es dans l&#039;ensemble de la <strong data-start=\"1564\" data-end=\"1593\">r\u00e9gion m\u00e9tropolitaine de Houston<\/strong> Les centrifugeuses sont des \u00e9quipements essentiels \u00e0 leurs proc\u00e9d\u00e9s de fabrication. Lorsqu&#039;une centrifugeuse pr\u00e9sente des signes de vibration, de baisse de d\u00e9bit, de bruit anormal ou de panne m\u00e9canique, une intervention rapide et pr\u00e9cise est indispensable pour \u00e9viter toute interruption de production. Sentrimax assure un service d&#039;assistance r\u00e9actif dans la r\u00e9gion de Houston, en partenariat avec les ing\u00e9nieurs et les \u00e9quipes de maintenance des usines, afin d&#039;\u00e9valuer rapidement les probl\u00e8mes et de mettre en \u0153uvre des plans de r\u00e9paration efficaces.<\/p>\n<p data-start=\"2041\" data-end=\"2312\">En combinant le service sur le terrain avec des capacit\u00e9s de r\u00e9paration en atelier avanc\u00e9es, notamment l&#039;\u00e9quilibrage dynamique, l&#039;usinage de pr\u00e9cision et l&#039;analyse des causes profondes, Sentrimax minimise les d\u00e9lais de r\u00e9paration tout en garantissant que le travail est effectu\u00e9 selon des normes de qualit\u00e9 qui soutiennent la performance \u00e0 long terme.<\/p>\n<hr data-start=\"2314\" data-end=\"2317\" \/>\n<h2 data-start=\"2319\" data-end=\"2370\">Services complets de r\u00e9paration de centrifugeuses Andritz<\/h2>\n<p data-start=\"2372\" data-end=\"2532\">Sentrimax propose des services de r\u00e9paration complets pour les centrifugeuses Andritz, adapt\u00e9s aux besoins de maintenance corrective et pr\u00e9ventive. Ses principales comp\u00e9tences en mati\u00e8re de r\u00e9paration comprennent\u00a0:<\/p>\n<ul data-start=\"2534\" data-end=\"2998\">\n<li data-start=\"2534\" data-end=\"2601\">\n<p data-start=\"2536\" data-end=\"2601\"><strong data-start=\"2536\" data-end=\"2599\">Inspections m\u00e9caniques d\u00e9taill\u00e9es et \u00e9valuations des performances<\/strong><\/p>\n<\/li>\n<li data-start=\"2602\" data-end=\"2653\">\n<p data-start=\"2604\" data-end=\"2653\"><strong data-start=\"2604\" data-end=\"2651\">Diagnostic des d\u00e9faillances et analyse des causes profondes<\/strong><\/p>\n<\/li>\n<li data-start=\"2654\" data-end=\"2715\">\n<p data-start=\"2656\" data-end=\"2715\"><strong data-start=\"2656\" data-end=\"2713\">D\u00e9pose, remplacement et alignement de pr\u00e9cision des roulements<\/strong><\/p>\n<\/li>\n<li data-start=\"2716\" data-end=\"2772\">\n<p data-start=\"2718\" data-end=\"2772\"><strong data-start=\"2718\" data-end=\"2770\">r\u00e9paration ou remplacement de bols, de volutes et de convoyeurs<\/strong><\/p>\n<\/li>\n<li data-start=\"2773\" data-end=\"2833\">\n<p data-start=\"2775\" data-end=\"2833\"><strong data-start=\"2775\" data-end=\"2831\">Inspection, r\u00e9fection et v\u00e9rification du couple de la bo\u00eete de vitesses<\/strong><\/p>\n<\/li>\n<li data-start=\"2834\" data-end=\"2877\">\n<p data-start=\"2836\" data-end=\"2877\"><strong data-start=\"2836\" data-end=\"2875\">\u00c9quilibrage dynamique selon les tol\u00e9rances du constructeur<\/strong><\/p>\n<\/li>\n<li data-start=\"2878\" data-end=\"2935\">\n<p data-start=\"2880\" data-end=\"2935\"><strong data-start=\"2880\" data-end=\"2933\">Am\u00e9liorations du remplacement des joints et de la protection contre l&#039;usure<\/strong><\/p>\n<\/li>\n<li data-start=\"2936\" data-end=\"2998\">\n<p data-start=\"2938\" data-end=\"2998\"><strong data-start=\"2938\" data-end=\"2998\">Assistance au d\u00e9marrage et v\u00e9rification des performances apr\u00e8s r\u00e9paration<\/strong><\/p>\n<\/li>\n<\/ul>\n<p data-start=\"3000\" data-end=\"3311\">Chaque r\u00e9paration est effectu\u00e9e selon des proc\u00e9dures document\u00e9es conformes aux sp\u00e9cifications d&#039;origine. Les techniciens s&#039;attachent non seulement aux dommages visibles, mais aussi aux causes sous-jacentes telles que le d\u00e9salignement, la d\u00e9faillance de la lubrification et les vibrations, afin de pr\u00e9venir les pannes r\u00e9currentes et d&#039;am\u00e9liorer la fiabilit\u00e9 des machines.<\/p>\n<p data-start=\"3313\" data-end=\"3524\">Pour les op\u00e9rateurs disposant de flottes compos\u00e9es de centrifugeuses de marques multiples, Sentrimax propose \u00e9galement un service apr\u00e8s-vente complet. Pour en savoir plus sur nos services de r\u00e9paration de centrifugeuses, consultez notre site web. <a class=\"decorated-link cursor-pointer\" target=\"_new\" rel=\"noopener\" data-start=\"3483\" data-end=\"3523\">https:\/\/sentrimax.com\/centrifuge-repair\/<\/a>.<\/p>\n<hr data-start=\"3526\" data-end=\"3529\" \/>\n<h2 data-start=\"3531\" data-end=\"3577\">Service sur le terrain et intervention rapide \u00e0 Houston<\/h2>\n<p data-start=\"3579\" data-end=\"4066\">Les pannes impr\u00e9vues de centrifugeuses peuvent interrompre la production, r\u00e9duire l&#039;efficacit\u00e9 de s\u00e9paration et augmenter les co\u00fbts de maintenance. Sentrimax propose un service d&#039;intervention rapide sur site dans toute la r\u00e9gion de Houston, en d\u00e9ployant des techniciens exp\u00e9riment\u00e9s et des outils sp\u00e9cialis\u00e9s directement chez le client. Les \u00e9valuations sur site permettent aux techniciens d&#039;analyser l&#039;\u00e9quipement dans son environnement d&#039;exploitation, d&#039;identifier les facteurs de processus influents et de mettre en \u0153uvre des actions correctives sans d\u00e9lai de transport inutile.<\/p>\n<p data-start=\"4068\" data-end=\"4229\">Les \u00e9quipes d&#039;intervention sur le terrain travaillent \u00e9galement aux c\u00f4t\u00e9s du personnel de l&#039;usine pour coordonner les r\u00e9parations avec les calendriers de production, r\u00e9duisant ainsi l&#039;impact sur le flux de travail et am\u00e9liorant la planification des r\u00e9parations.<\/p>\n<hr data-start=\"4231\" data-end=\"4234\" \/>\n<h2 data-start=\"4236\" data-end=\"4275\">R\u00e9parations de qualit\u00e9 avec des pi\u00e8ces de qualit\u00e9 d&#039;origine<\/h2>\n<p data-start=\"4277\" data-end=\"4701\">La qualit\u00e9 des r\u00e9parations d\u00e9pend fortement des composants install\u00e9s lors de l&#039;intervention. Sentrimax fournit des pi\u00e8ces de rechange de qualit\u00e9 d&#039;origine et \u00e9quivalentes pour les centrifugeuses Andritz, notamment des roulements, des joints d&#039;\u00e9tanch\u00e9it\u00e9, des rev\u00eatements anti-usure, des spirales et des composants de r\u00e9ducteur. Toutes les pi\u00e8ces sont contr\u00f4l\u00e9es avant installation afin de garantir leur pr\u00e9cision dimensionnelle, l&#039;int\u00e9grit\u00e9 des mat\u00e9riaux et leur compatibilit\u00e9, assurant ainsi un fonctionnement fiable m\u00eame \u00e0 haute vitesse.<\/p>\n<p data-start=\"4703\" data-end=\"5130\">Pour les unit\u00e9s pr\u00e9sentant une usure importante ou une d\u00e9gradation li\u00e9e \u00e0 l&#039;\u00e2ge, Sentrimax propose des services de remise \u00e0 neuf complets. Ces remises \u00e0 neuf r\u00e9tablissent les tol\u00e9rances critiques, remplacent les pi\u00e8ces us\u00e9es et \u00e9quilibrent dynamiquement les \u00e9l\u00e9ments rotatifs afin d&#039;am\u00e9liorer la fluidit\u00e9 de fonctionnement et la dur\u00e9e de vie. Une centrifugeuse remise \u00e0 neuf par des professionnels permet d&#039;allonger consid\u00e9rablement sa dur\u00e9e de vie et de r\u00e9duire les co\u00fbts de r\u00e9paration \u00e0 long terme par rapport aux interventions ponctuelles.<\/p>\n<p data-start=\"5132\" data-end=\"5245\">Les \u00e9tablissements qui recherchent des pi\u00e8ces d\u00e9tach\u00e9es et des options de composants peuvent en apprendre davantage sur le site suivant\u00a0: <a class=\"decorated-link cursor-pointer\" target=\"_new\" rel=\"noopener\" data-start=\"5205\" data-end=\"5244\">https:\/\/sentrimax.com\/centrifuge-parts\/<\/a>.<\/p>\n<hr data-start=\"5247\" data-end=\"5250\" \/>\n<h2 data-start=\"5252\" data-end=\"5296\">Maintenance pr\u00e9ventive pour maximiser la disponibilit\u00e9<\/h2>\n<p data-start=\"5298\" data-end=\"5606\">Les r\u00e9parations r\u00e9actives sont co\u00fbteuses, non seulement en pi\u00e8ces et en main-d&#039;\u0153uvre, mais aussi en raison des pertes de production et des perturbations op\u00e9rationnelles. Sentrimax collabore avec les installations de Houston pour concevoir et mettre en \u0153uvre des programmes de maintenance pr\u00e9ventive permettant d&#039;identifier les probl\u00e8mes \u00e9mergents avant qu&#039;ils ne s&#039;aggravent. Les principaux services de maintenance pr\u00e9ventive peuvent inclure\u00a0:<\/p>\n<ul data-start=\"5608\" data-end=\"5931\">\n<li data-start=\"5608\" data-end=\"5668\">\n<p data-start=\"5610\" data-end=\"5668\">Inspections m\u00e9caniques de routine et \u00e9valuations de l&#039;\u00e9tat<\/p>\n<\/li>\n<li data-start=\"5669\" data-end=\"5712\">\n<p data-start=\"5671\" data-end=\"5712\">Analyse des vibrations et surveillance des tendances<\/p>\n<\/li>\n<li data-start=\"5713\" data-end=\"5764\">\n<p data-start=\"5715\" data-end=\"5764\">\u00c9chantillonnage d&#039;huile et suivi de l&#039;\u00e9tat de la lubrification<\/p>\n<\/li>\n<li data-start=\"5765\" data-end=\"5835\">\n<p data-start=\"5767\" data-end=\"5835\">Mesure de l&#039;usure des roulements, des joints d&#039;\u00e9tanch\u00e9it\u00e9 et autres composants rotatifs<\/p>\n<\/li>\n<li data-start=\"5836\" data-end=\"5880\">\n<p data-start=\"5838\" data-end=\"5880\">Remplacement programm\u00e9 des pi\u00e8ces \u00e0 forte usure<\/p>\n<\/li>\n<li data-start=\"5881\" data-end=\"5931\">\n<p data-start=\"5883\" data-end=\"5931\">Contr\u00f4les d&#039;alignement et \u00e9quilibrage dynamique selon les besoins<\/p>\n<\/li>\n<\/ul>\n<p data-start=\"5933\" data-end=\"6258\">En planifiant la maintenance en fonction des tendances op\u00e9rationnelles plut\u00f4t que des pannes, les installations peuvent am\u00e9liorer leur disponibilit\u00e9, stabiliser leurs performances et r\u00e9duire les co\u00fbts de maintenance corrective. Sentrimax propose \u00e9galement des contrats de service offrant une intervention prioritaire, des inspections r\u00e9guli\u00e8res et une budg\u00e9tisation pr\u00e9visible pour une gestion d&#039;actifs \u00e0 long terme.<\/p>\n<hr data-start=\"6260\" data-end=\"6263\" \/>\n<h2 data-start=\"6265\" data-end=\"6313\">Soutien aux objectifs environnementaux et r\u00e9glementaires<\/h2>\n<p data-start=\"6315\" data-end=\"6761\">Les performances des centrifugeuses ont un impact direct sur la conformit\u00e9 environnementale et les r\u00e9sultats des proc\u00e9d\u00e9s, notamment dans le traitement des eaux us\u00e9es et les applications de s\u00e9paration industrielle. Une s\u00e9paration inefficace des solides peut accro\u00eetre les volumes de d\u00e9chets \u00e0 \u00e9liminer, surcharger les proc\u00e9d\u00e9s en aval et augmenter le risque de non-conformit\u00e9 r\u00e9glementaire. Les services de Sentrimax sont con\u00e7us pour garantir des performances optimales des \u00e9quipements, conformes aux exigences op\u00e9rationnelles et aux normes environnementales.<\/p>\n<p data-start=\"6763\" data-end=\"7329\">Pour obtenir des informations faisant autorit\u00e9 sur les normes r\u00e9glementaires et environnementales, les exploitants peuvent se r\u00e9f\u00e9rer aux directives de <strong data-start=\"6878\" data-end=\"6924\">Agence am\u00e9ricaine de protection de l&#039;environnement (EPA)<\/strong> \u00e0 <a class=\"decorated-link cursor-pointer\" target=\"_new\" rel=\"noopener\" data-start=\"6928\" data-end=\"6953\">https:\/\/www.epa.gov\/water<\/a>, qui fournit un contexte sur le traitement des eaux us\u00e9es et les cadres de conformit\u00e9. Des ressources sectorielles suppl\u00e9mentaires et des normes de bonnes pratiques sont disponibles aupr\u00e8s de <strong data-start=\"7110\" data-end=\"7148\">F\u00e9d\u00e9ration pour l&#039;environnement de l&#039;eau (WEF)<\/strong> \u00e0 <a class=\"decorated-link\" href=\"https:\/\/www.wef.org\/\" target=\"_new\" rel=\"noopener\" data-start=\"7152\" data-end=\"7172\">https:\/\/www.wef.org\/<\/a>, offrant un \u00e9clairage technique pr\u00e9cieux sur les strat\u00e9gies de traitement et les attentes en mati\u00e8re de performance qui influent sur l&#039;utilisation des centrifugeuses dans les contextes municipaux et industriels.<\/p>\n<hr data-start=\"7331\" data-end=\"7334\" \/>\n<h2 data-start=\"7336\" data-end=\"7378\">Pourquoi les entreprises de Houston choisissent Sentrimax<\/h2>\n<p data-start=\"7380\" data-end=\"7707\">\u00c0 Houston, les op\u00e9rateurs choisissent Sentrimax pour la r\u00e9paration de leurs centrifugeuses Andritz en raison de son expertise technique pointue, de sa r\u00e9activit\u00e9 et de son engagement envers la qualit\u00e9. Les techniciens de Sentrimax ma\u00eetrisent les complexit\u00e9s m\u00e9caniques des \u00e9quipements de s\u00e9paration \u00e0 grande vitesse et les contraintes op\u00e9rationnelles auxquelles sont confront\u00e9es les usines et les stations d&#039;\u00e9puration.<\/p>\n<p data-start=\"7709\" data-end=\"8031\">Une communication claire et une documentation d\u00e9taill\u00e9e caract\u00e9risent chacune de nos prestations. Les installations re\u00e7oivent des rapports complets qui synth\u00e9tisent les r\u00e9sultats des inspections, les actions correctives, les composants remplac\u00e9s et les recommandations de maintenance, permettant ainsi de prendre des d\u00e9cisions \u00e9clair\u00e9es en mati\u00e8re de budget et de planification de la maintenance \u00e0 long terme.<\/p>\n<p data-start=\"8033\" data-end=\"8234\">Pour une expertise sp\u00e9cifique en mati\u00e8re de centrifugeuses pour le traitement des eaux us\u00e9es, consultez <a class=\"decorated-link cursor-pointer\" target=\"_new\" rel=\"noopener\" data-start=\"8085\" data-end=\"8129\">https:\/\/sentrimax.com\/industries\/wastewater\/<\/a> explorer les capacit\u00e9s de services connexes adapt\u00e9es aux op\u00e9rations de manutention des solides municipaux et industriels.<\/p>\n<hr data-start=\"8236\" data-end=\"8239\" \/>\n<h2 data-start=\"8241\" data-end=\"8288\">Assistance compl\u00e8te, du diagnostic \u00e0 la mise en service<\/h2>\n<p data-start=\"8290\" data-end=\"8400\">Le mod\u00e8le de service de Sentrimax va au-del\u00e0 de la simple r\u00e9paration de composants et propose une assistance compl\u00e8te pour les projets, incluant\u00a0:<\/p>\n<ul data-start=\"8402\" data-end=\"8615\">\n<li data-start=\"8402\" data-end=\"8446\">\n<p data-start=\"8404\" data-end=\"8446\">Assistance au gr\u00e9age et au d\u00e9montage d&#039;\u00e9quipements<\/p>\n<\/li>\n<li data-start=\"8447\" data-end=\"8499\">\n<p data-start=\"8449\" data-end=\"8499\">v\u00e9rification de l&#039;alignement et des dimensions<\/p>\n<\/li>\n<li data-start=\"8500\" data-end=\"8544\">\n<p data-start=\"8502\" data-end=\"8544\">Assistance \u00e0 la r\u00e9installation et tests sur le terrain<\/p>\n<\/li>\n<li data-start=\"8545\" data-end=\"8578\">\n<p data-start=\"8547\" data-end=\"8578\">Assistance au d\u00e9marrage et r\u00e9glage<\/p>\n<\/li>\n<li data-start=\"8579\" data-end=\"8615\">\n<p data-start=\"8581\" data-end=\"8615\">\u00c9valuation des performances apr\u00e8s r\u00e9paration<\/p>\n<\/li>\n<\/ul>\n<p data-start=\"8617\" data-end=\"8958\">Cette approche globale garantit la remise en service des centrifugeuses r\u00e9par\u00e9es, assurant un fonctionnement s\u00fbr et fiable, avec des performances conformes aux sp\u00e9cifications. En combinant expertise technique et exp\u00e9rience pratique sur le terrain, Sentrimax aide les installations de Houston \u00e0 r\u00e9duire les temps d&#039;arr\u00eat, \u00e0 am\u00e9liorer la fiabilit\u00e9 et \u00e0 prot\u00e9ger leurs investissements dans les infrastructures critiques.<\/p>\n<hr data-start=\"8960\" data-end=\"8963\" \/>\n<h2 data-start=\"8965\" data-end=\"9015\">Analyse op\u00e9rationnelle et am\u00e9lioration continue<\/h2>\n<p data-start=\"9017\" data-end=\"9437\">L&#039;am\u00e9lioration continue des performances des centrifugeuses repose sur des strat\u00e9gies de maintenance bas\u00e9es sur les donn\u00e9es. Sentrimax accompagne les op\u00e9rateurs de Houston dans le suivi de l&#039;historique d&#039;entretien, des tendances de performance, des donn\u00e9es de vibration et des profils d&#039;usure des composants. L&#039;analyse de ces donn\u00e9es au fil du temps permet aux installations d&#039;identifier les besoins en maintenance, d&#039;anticiper les r\u00e9parations et d&#039;optimiser les intervalles de maintenance afin de r\u00e9duire la fiabilit\u00e9 et le co\u00fbt total de possession.<\/p>\n<p data-start=\"9439\" data-end=\"9602\">Cette approche proactive et fond\u00e9e sur les donn\u00e9es permet aux op\u00e9rateurs de planifier la maintenance avec clart\u00e9, de r\u00e9duire les arr\u00eats impr\u00e9vus et d&#039;am\u00e9liorer les performances \u00e0 long terme des centrifugeuses.<\/p>\n<hr data-start=\"9604\" data-end=\"9607\" \/>\n<h2 data-start=\"9609\" data-end=\"9668\">Demandez un service de r\u00e9paration de centrifugeuse Andritz \u00e0 Houston, Texas.<\/h2>\n<p data-start=\"9670\" data-end=\"10040\">\u00c0 Houston, au Texas, les entreprises font confiance \u00e0 Sentrimax pour la r\u00e9paration de leurs centrifugeuses Andritz. Son expertise, sa r\u00e9activit\u00e9 et son professionnalisme garantissent des r\u00e9sultats impeccables. Qu&#039;il s&#039;agisse de d\u00e9pannages urgents, de maintenance pr\u00e9ventive ou de remises \u00e0 neuf compl\u00e8tes, Sentrimax propose des solutions pour assurer le fonctionnement optimal et fiable de vos centrifugeuses.<\/p>\n<p data-start=\"10042\" data-end=\"10096\"><strong data-start=\"10042\" data-end=\"10096\"><a class=\"decorated-link\" href=\"https:\/\/sentrimax.com\/fr\/contact\/\" target=\"_new\" rel=\"noopener\" data-start=\"10044\" data-end=\"10094\">Demandez un devis !<\/a><\/strong><\/p>","protected":false},"excerpt":{"rendered":"<p>Sentrimax provides professional Andritz centrifuge repair services for industrial and wastewater facilities throughout Houston, Texas. With decades of experience supporting high-speed separation equipment, Sentrimax delivers expert diagnostics, precision repairs, and comprehensive service solutions tailored to the demands of Houston\u2019s most challenging operational environments. Whether addressing emergency breakdowns, scheduled maintenance, or complete overhauls, Sentrimax helps facilities [&hellip;]<\/p>\n","protected":false},"author":3,"featured_media":0,"parent":0,"menu_order":0,"comment_status":"closed","ping_status":"closed","template":"seo-page-template.php","meta":{"_acf_changed":false,"inline_featured_image":false,"footnotes":""},"class_list":["post-2301","page","type-page","status-publish","hentry"],"acf":[],"_links":{"self":[{"href":"https:\/\/sentrimax.com\/fr\/wp-json\/wp\/v2\/pages\/2301","targetHints":{"allow":["GET"]}}],"collection":[{"href":"https:\/\/sentrimax.com\/fr\/wp-json\/wp\/v2\/pages"}],"about":[{"href":"https:\/\/sentrimax.com\/fr\/wp-json\/wp\/v2\/types\/page"}],"author":[{"embeddable":true,"href":"https:\/\/sentrimax.com\/fr\/wp-json\/wp\/v2\/users\/3"}],"replies":[{"embeddable":true,"href":"https:\/\/sentrimax.com\/fr\/wp-json\/wp\/v2\/comments?post=2301"}],"version-history":[{"count":1,"href":"https:\/\/sentrimax.com\/fr\/wp-json\/wp\/v2\/pages\/2301\/revisions"}],"predecessor-version":[{"id":2524,"href":"https:\/\/sentrimax.com\/fr\/wp-json\/wp\/v2\/pages\/2301\/revisions\/2524"}],"wp:attachment":[{"href":"https:\/\/sentrimax.com\/fr\/wp-json\/wp\/v2\/media?parent=2301"}],"curies":[{"name":"wp","href":"https:\/\/api.w.org\/{rel}","templated":true}]}}