{"id":2302,"date":"2026-01-07T16:42:21","date_gmt":"2026-01-07T16:42:21","guid":{"rendered":"https:\/\/sentrimax.com\/?page_id=2302"},"modified":"2026-04-21T21:14:59","modified_gmt":"2026-04-21T21:14:59","slug":"andritz-decanter-centrifuge-service-in-chicago-il","status":"publish","type":"page","link":"https:\/\/sentrimax.com\/fr\/andritz-decanter-centrifuge-service-in-chicago-il\/","title":{"rendered":"Service de centrifugeuse \u00e0 d\u00e9canteur Andritz \u00e0 Chicago IL"},"content":{"rendered":"<p data-start=\"294\" data-end=\"878\"><img fetchpriority=\"high\" decoding=\"async\" class=\"aligncenter size-full wp-image-2026\" src=\"https:\/\/sentrimax.com\/wp-content\/uploads\/2025\/07\/imgi_4_c1a73b_67d9bd780e544ea3924fdef1b967ae4fmv2-1.webp\" alt=\"\" width=\"980\" height=\"551\" srcset=\"https:\/\/sentrimax.com\/wp-content\/uploads\/2025\/07\/imgi_4_c1a73b_67d9bd780e544ea3924fdef1b967ae4fmv2-1.webp 980w, https:\/\/sentrimax.com\/wp-content\/uploads\/2025\/07\/imgi_4_c1a73b_67d9bd780e544ea3924fdef1b967ae4fmv2-1-300x169.webp 300w, https:\/\/sentrimax.com\/wp-content\/uploads\/2025\/07\/imgi_4_c1a73b_67d9bd780e544ea3924fdef1b967ae4fmv2-1-768x432.webp 768w, https:\/\/sentrimax.com\/wp-content\/uploads\/2025\/07\/imgi_4_c1a73b_67d9bd780e544ea3924fdef1b967ae4fmv2-1-18x10.webp 18w, https:\/\/sentrimax.com\/wp-content\/uploads\/2025\/07\/imgi_4_c1a73b_67d9bd780e544ea3924fdef1b967ae4fmv2-1-600x337.webp 600w\" sizes=\"(max-width: 980px) 100vw, 980px\" \/><\/p>\n<p data-start=\"294\" data-end=\"878\">Sentrimax propose un service professionnel de centrifugation d\u00e9canteuse Andritz pour les stations d&#039;\u00e9puration des eaux us\u00e9es et les installations industrielles. <strong data-start=\"431\" data-end=\"452\">Chicago, Illinois<\/strong>. Forts de plusieurs d\u00e9cennies d&#039;exp\u00e9rience dans la maintenance d&#039;\u00e9quipements de s\u00e9paration \u00e0 grande vitesse, <strong data-start=\"524\" data-end=\"537\">Sentrimax<\/strong> Andritz propose des services d&#039;inspection, de maintenance pr\u00e9ventive, de r\u00e9paration de pr\u00e9cision et de remise \u00e0 neuf con\u00e7us pour garantir un fonctionnement fiable m\u00eame dans des conditions exigeantes. Les centrifugeuses d\u00e9canteuses Andritz sont des \u00e9quipements essentiels \u00e0 la s\u00e9paration solide-liquide\u00a0; un entretien appropri\u00e9 assure leur long\u00e9vit\u00e9, la stabilit\u00e9 de leurs performances et minimise les temps d&#039;arr\u00eat impr\u00e9vus.<\/p>\n<p data-start=\"880\" data-end=\"1457\">Les centrifugeuses d\u00e9canteuses Andritz sont utilis\u00e9es dans de nombreuses applications, notamment la d\u00e9shydratation des eaux us\u00e9es municipales, la s\u00e9paration dans les proc\u00e9d\u00e9s industriels, la fabrication de produits chimiques, la production agroalimentaire et le traitement des effluents. Con\u00e7ues pour un usage intensif et continu, ces machines subissent n\u00e9anmoins une usure normale due aux particules abrasives, aux variations d&#039;alimentation et aux fortes contraintes de couple. Un entretien professionnel est donc indispensable pour garantir leur bon fonctionnement. Sentrimax met en \u0153uvre des m\u00e9thodes de maintenance \u00e9prouv\u00e9es qui permettent de r\u00e9tablir les performances, d&#039;allonger la dur\u00e9e de vie des machines et d&#039;\u00e9viter les arr\u00eats co\u00fbteux dans les installations de Chicago.<\/p>\n<hr data-start=\"1459\" data-end=\"1462\" \/>\n<h2 data-start=\"1464\" data-end=\"1512\">Soutien aux op\u00e9rations critiques \u00e0 travers Chicago<\/h2>\n<p data-start=\"1514\" data-end=\"1900\">Des installations dans tout le <strong data-start=\"1540\" data-end=\"1569\">r\u00e9gion m\u00e9tropolitaine de Chicago<\/strong> Pour atteindre les objectifs de d\u00e9bit, maintenir une efficacit\u00e9 de s\u00e9paration constante et garantir la conformit\u00e9 r\u00e9glementaire, il est essentiel de s&#039;appuyer sur les centrifugeuses d\u00e9canteuses Andritz. Lorsqu&#039;une centrifugeuse d\u00e9canteuse Andritz pr\u00e9sente des signes de vibration, une diminution de la siccit\u00e9 du g\u00e2teau de filtration, une d\u00e9faillance du joint ou tout autre probl\u00e8me m\u00e9canique, une intervention rapide et efficace est indispensable pour \u00e9viter toute interruption de production.<\/p>\n<p data-start=\"1902\" data-end=\"2221\">Sentrimax assure un service d&#039;assistance r\u00e9actif \u00e0 Chicago et dans les environs, en combinant intervention sur site et ateliers de pointe. Cette approche int\u00e9gr\u00e9e r\u00e9duit les temps d&#039;arr\u00eat, am\u00e9liore les d\u00e9lais de r\u00e9paration et garantit des op\u00e9rations de maintenance et de r\u00e9paration conformes aux normes les plus strictes en mati\u00e8re de s\u00e9curit\u00e9 et de fiabilit\u00e9.<\/p>\n<p data-start=\"2223\" data-end=\"2332\">Pour des services de r\u00e9paration de centrifugeuses plus complets, toutes marques confondues, consultez <a class=\"decorated-link cursor-pointer\" target=\"_new\" rel=\"noopener\" data-start=\"2291\" data-end=\"2331\">https:\/\/sentrimax.com\/centrifuge-repair\/<\/a>.<\/p>\n<hr data-start=\"2334\" data-end=\"2337\" \/>\n<h2 data-start=\"2339\" data-end=\"2392\">Services complets de d\u00e9cantation et de centrifugation Andritz<\/h2>\n<p data-start=\"2394\" data-end=\"2555\">Sentrimax propose un service complet de d\u00e9cantation par centrifugation adapt\u00e9 aux besoins des stations d&#039;\u00e9puration et des installations industrielles de Chicago. Ses principaux services comprennent\u00a0:<\/p>\n<ul data-start=\"2557\" data-end=\"3018\">\n<li data-start=\"2557\" data-end=\"2620\">\n<p data-start=\"2559\" data-end=\"2620\"><strong data-start=\"2559\" data-end=\"2618\">Inspection m\u00e9canique et \u00e9valuation d\u00e9taill\u00e9e de l&#039;\u00e9tat<\/strong><\/p>\n<\/li>\n<li data-start=\"2621\" data-end=\"2672\">\n<p data-start=\"2623\" data-end=\"2672\"><strong data-start=\"2623\" data-end=\"2670\">Diagnostic et analyse des causes profondes de d\u00e9faillance<\/strong><\/p>\n<\/li>\n<li data-start=\"2673\" data-end=\"2729\">\n<p data-start=\"2675\" data-end=\"2729\"><strong data-start=\"2675\" data-end=\"2727\">r\u00e9paration ou remplacement de bols, de volutes et de convoyeurs<\/strong><\/p>\n<\/li>\n<li data-start=\"2730\" data-end=\"2792\">\n<p data-start=\"2732\" data-end=\"2792\"><strong data-start=\"2732\" data-end=\"2790\">D\u00e9pose, pose et alignement de pr\u00e9cision des roulements<\/strong><\/p>\n<\/li>\n<li data-start=\"2793\" data-end=\"2853\">\n<p data-start=\"2795\" data-end=\"2853\"><strong data-start=\"2795\" data-end=\"2851\">Inspection, r\u00e9fection et v\u00e9rification du couple de la bo\u00eete de vitesses<\/strong><\/p>\n<\/li>\n<li data-start=\"2854\" data-end=\"2897\">\n<p data-start=\"2856\" data-end=\"2897\"><strong data-start=\"2856\" data-end=\"2895\">\u00c9quilibrage dynamique selon les tol\u00e9rances du constructeur<\/strong><\/p>\n<\/li>\n<li data-start=\"2898\" data-end=\"2951\">\n<p data-start=\"2900\" data-end=\"2951\"><strong data-start=\"2900\" data-end=\"2949\">Am\u00e9liorations du remplacement des joints et de la protection contre l&#039;usure<\/strong><\/p>\n<\/li>\n<li data-start=\"2952\" data-end=\"3018\">\n<p data-start=\"2954\" data-end=\"3018\"><strong data-start=\"2954\" data-end=\"3018\">Assistance au d\u00e9marrage et v\u00e9rification des performances apr\u00e8s service<\/strong><\/p>\n<\/li>\n<\/ul>\n<p data-start=\"3020\" data-end=\"3438\">Chaque intervention est r\u00e9alis\u00e9e selon des proc\u00e9dures document\u00e9es, conformes aux sp\u00e9cifications d&#039;origine et aux meilleures pratiques du secteur. Au lieu de se concentrer uniquement sur les probl\u00e8mes visibles, les techniciens \u00e9valuent l&#039;ensemble des syst\u00e8mes m\u00e9caniques afin d&#039;identifier les causes sous-jacentes telles que les d\u00e9fauts d&#039;alignement, les d\u00e9faillances de lubrification et les contraintes li\u00e9es au processus. Cette approche globale contribue \u00e0 r\u00e9duire les pannes r\u00e9currentes et \u00e0 am\u00e9liorer la fiabilit\u00e9 \u00e0 long terme.<\/p>\n<hr data-start=\"3440\" data-end=\"3443\" \/>\n<h2 data-start=\"3445\" data-end=\"3492\">Service sur le terrain et intervention rapide dans l&#039;Illinois<\/h2>\n<p data-start=\"3494\" data-end=\"3948\">Les pannes inattendues des centrifugeuses d\u00e9canteuses peuvent perturber les programmes de traitement des eaux us\u00e9es et les processus industriels. Sentrimax propose un service d&#039;intervention rapide dans toute la r\u00e9gion de Chicago, en d\u00e9ployant des techniciens exp\u00e9riment\u00e9s et des outils sp\u00e9cialis\u00e9s directement sur les sites des clients. Ce service sur site permet aux techniciens d&#039;\u00e9valuer les \u00e9quipements en conditions r\u00e9elles d&#039;utilisation, d&#039;identifier les facteurs influen\u00e7ant l&#039;usure et les performances, et de mettre en \u0153uvre efficacement des actions correctives.<\/p>\n<p data-start=\"3950\" data-end=\"4121\">En assurant l&#039;\u00e9valuation et la r\u00e9paration sur site, Sentrimax minimise les besoins de transport co\u00fbteux d&#039;\u00e9quipements, r\u00e9duit les temps d&#039;arr\u00eat globaux et aide les installations \u00e0 respecter leurs d\u00e9lais.<\/p>\n<hr data-start=\"4123\" data-end=\"4126\" \/>\n<h2 data-start=\"4128\" data-end=\"4167\">R\u00e9parations de pr\u00e9cision avec des pi\u00e8ces de qualit\u00e9<\/h2>\n<p data-start=\"4169\" data-end=\"4607\">Des composants de haute qualit\u00e9 sont essentiels au bon fonctionnement des centrifugeuses d\u00e9canteuses. Sentrimax fournit des pi\u00e8ces de rechange de qualit\u00e9 \u00e9quivalente \u00e0 celle des pi\u00e8ces d&#039;origine pour les centrifugeuses d\u00e9canteuses Andritz, notamment des roulements, des joints d&#039;\u00e9tanch\u00e9it\u00e9, des rev\u00eatements anti-usure, des ensembles de spirales et des composants de r\u00e9ducteur. Toutes les pi\u00e8ces sont inspect\u00e9es avant installation afin de garantir leur pr\u00e9cision dimensionnelle, l&#039;int\u00e9grit\u00e9 des mat\u00e9riaux et leur compatibilit\u00e9, assurant ainsi des performances fiables m\u00eame \u00e0 haute vitesse.<\/p>\n<p data-start=\"4609\" data-end=\"5013\">Pour les d\u00e9canteurs pr\u00e9sentant une usure importante ou une d\u00e9gradation li\u00e9e \u00e0 l&#039;\u00e2ge, Sentrimax propose \u00e9galement des services de remise \u00e0 neuf complets. Ces remises \u00e0 neuf r\u00e9tablissent les tol\u00e9rances critiques et remplacent les pi\u00e8ces us\u00e9es, am\u00e9liorant ainsi l&#039;\u00e9quilibre m\u00e9canique et prolongeant la dur\u00e9e de vie de l&#039;\u00e9quipement. Une centrifugeuse d\u00e9canteuse remise \u00e0 neuf par des professionnels offre des performances nettement sup\u00e9rieures et des intervalles d&#039;entretien plus longs qu&#039;avec des r\u00e9parations ponctuelles r\u00e9p\u00e9t\u00e9es.<\/p>\n<p data-start=\"5015\" data-end=\"5134\">Les \u00e9tablissements int\u00e9ress\u00e9s par le support des pi\u00e8ces d\u00e9tach\u00e9es et les options de composants peuvent obtenir plus d&#039;informations sur <a class=\"decorated-link cursor-pointer\" target=\"_new\" rel=\"noopener\" data-start=\"5094\" data-end=\"5133\">https:\/\/sentrimax.com\/centrifuge-parts\/<\/a>.<\/p>\n<hr data-start=\"5136\" data-end=\"5139\" \/>\n<h2 data-start=\"5141\" data-end=\"5192\">Maintenance pr\u00e9ventive pour des performances \u00e0 long terme<\/h2>\n<p data-start=\"5194\" data-end=\"5529\">Au-del\u00e0 des services de r\u00e9paration d&#039;urgence, Sentrimax collabore avec les installations de Chicago pour mettre en \u0153uvre des programmes de maintenance pr\u00e9ventive con\u00e7us pour identifier rapidement l&#039;usure et les probl\u00e8mes \u00e9mergents. Des pratiques de maintenance pr\u00e9ventive efficaces contribuent \u00e0 limiter les arr\u00eats impr\u00e9vus et \u00e0 stabiliser les performances des centrifugeuses. Les principaux \u00e9l\u00e9ments de ces programmes peuvent inclure\u00a0:<\/p>\n<ul data-start=\"5531\" data-end=\"5817\">\n<li data-start=\"5531\" data-end=\"5575\">\n<p data-start=\"5533\" data-end=\"5575\">\u00c9valuations de routine de l&#039;\u00e9tat m\u00e9canique<\/p>\n<\/li>\n<li data-start=\"5576\" data-end=\"5619\">\n<p data-start=\"5578\" data-end=\"5619\">Analyse des vibrations et surveillance des tendances<\/p>\n<\/li>\n<li data-start=\"5620\" data-end=\"5671\">\n<p data-start=\"5622\" data-end=\"5671\">\u00c9chantillonnage d&#039;huile et suivi de l&#039;\u00e9tat de la lubrification<\/p>\n<\/li>\n<li data-start=\"5672\" data-end=\"5720\">\n<p data-start=\"5674\" data-end=\"5720\">Mesure de l&#039;usure et suivi de la dur\u00e9e de vie des composants<\/p>\n<\/li>\n<li data-start=\"5721\" data-end=\"5765\">\n<p data-start=\"5723\" data-end=\"5765\">Remplacement programm\u00e9 des pi\u00e8ces \u00e0 forte usure<\/p>\n<\/li>\n<li data-start=\"5766\" data-end=\"5817\">\n<p data-start=\"5768\" data-end=\"5817\">Contr\u00f4les d&#039;alignement et v\u00e9rification dynamique de l&#039;\u00e9quilibre<\/p>\n<\/li>\n<\/ul>\n<p data-start=\"5819\" data-end=\"6138\">En planifiant les interventions de maintenance en fonction des donn\u00e9es op\u00e9rationnelles plut\u00f4t que des pannes, les installations peuvent am\u00e9liorer leur disponibilit\u00e9, stabiliser leurs performances et optimiser leurs budgets de maintenance gr\u00e2ce \u00e0 une planification pr\u00e9visible. Sentrimax propose \u00e9galement des contrats de service garantissant une couverture continue et une intervention prioritaire pour un support \u00e0 long terme.<\/p>\n<hr data-start=\"6140\" data-end=\"6143\" \/>\n<h2 data-start=\"6145\" data-end=\"6191\">Soutien aux objectifs de conformit\u00e9 et op\u00e9rationnels<\/h2>\n<p data-start=\"6193\" data-end=\"6569\">Des performances stables de la centrifugeuse garantissent la conformit\u00e9 environnementale, l&#039;efficacit\u00e9 du traitement des solides et la stabilit\u00e9 des proc\u00e9d\u00e9s. Les performances de la centrifugeuse d\u00e9canteuse peuvent avoir un impact sur le volume transport\u00e9, l&#039;efficacit\u00e9 du traitement en aval et les risques r\u00e9glementaires. Les services de Sentrimax sont con\u00e7us pour aider les installations \u00e0 atteindre un fonctionnement constant, conforme aux objectifs de proc\u00e9d\u00e9s et aux exigences r\u00e9glementaires.<\/p>\n<p data-start=\"6571\" data-end=\"7061\">Pour des orientations r\u00e9glementaires plus g\u00e9n\u00e9rales relatives aux proc\u00e9d\u00e9s de traitement des eaux us\u00e9es et de s\u00e9paration industrielle, les exploitants peuvent consulter les ressources de <strong data-start=\"6705\" data-end=\"6751\">Agence am\u00e9ricaine de protection de l&#039;environnement (EPA)<\/strong> \u00e0 <a class=\"decorated-link cursor-pointer\" target=\"_new\" rel=\"noopener\" data-start=\"6755\" data-end=\"6780\">https:\/\/www.epa.gov\/water<\/a>, qui fournit un contexte sur les normes de traitement des eaux us\u00e9es et les cadres de conformit\u00e9. Des informations suppl\u00e9mentaires sur l&#039;industrie et les meilleures pratiques sont disponibles via le <strong data-start=\"6939\" data-end=\"6977\">F\u00e9d\u00e9ration pour l&#039;environnement de l&#039;eau (WEF)<\/strong> \u00e0 <a class=\"decorated-link\" href=\"https:\/\/www.wef.org\/\" target=\"_new\" rel=\"noopener\" data-start=\"6981\" data-end=\"7001\">https:\/\/www.wef.org\/<\/a>, offrant des ressources pratiques aux professionnels du traitement des eaux us\u00e9es.<\/p>\n<hr data-start=\"7063\" data-end=\"7066\" \/>\n<h2 data-start=\"7068\" data-end=\"7110\">Pourquoi les entreprises de Chicago choisissent Sentrimax<\/h2>\n<p data-start=\"7112\" data-end=\"7462\">Dans toute la r\u00e9gion de Chicago, les op\u00e9rateurs choisissent Sentrimax pour l&#039;entretien de leurs centrifugeuses d\u00e9canteuses Andritz en raison de son expertise technique, de sa r\u00e9activit\u00e9 et de son souci constant de la qualit\u00e9. Les techniciens de Sentrimax ma\u00eetrisent la complexit\u00e9 m\u00e9canique des \u00e9quipements de s\u00e9paration \u00e0 grande vitesse et les contraintes op\u00e9rationnelles auxquelles sont confront\u00e9es les stations d&#039;\u00e9puration et les installations industrielles.<\/p>\n<p data-start=\"7464\" data-end=\"7850\">Pour chaque intervention, Sentrimax privil\u00e9gie une communication claire et une documentation compl\u00e8te. Les installations re\u00e7oivent des rapports d&#039;intervention d\u00e9taill\u00e9s pr\u00e9sentant les r\u00e9sultats du diagnostic, les actions correctives mises en \u0153uvre, les composants remplac\u00e9s et des recommandations pour la planification de la maintenance future. Ces informations permettent aux \u00e9quipes d&#039;exploitation de prendre des d\u00e9cisions \u00e9clair\u00e9es, gage d&#039;une fiabilit\u00e9 \u00e0 long terme.<\/p>\n<p data-start=\"7852\" data-end=\"7959\">Pour une expertise sp\u00e9cifique en mati\u00e8re de traitement des eaux us\u00e9es et des services connexes, veuillez consulter <a class=\"decorated-link cursor-pointer\" target=\"_new\" rel=\"noopener\" data-start=\"7914\" data-end=\"7958\">https:\/\/sentrimax.com\/industries\/wastewater\/<\/a>.<\/p>\n<hr data-start=\"7961\" data-end=\"7964\" \/>\n<h2 data-start=\"7966\" data-end=\"8014\">Assistance compl\u00e8te, de l&#039;inspection \u00e0 la mise en service<\/h2>\n<p data-start=\"8016\" data-end=\"8130\">Sentrimax offre une assistance compl\u00e8te qui va au-del\u00e0 de la simple r\u00e9paration des composants. Ses techniciens sur site interviennent \u00e9galement pour\u00a0:<\/p>\n<ul data-start=\"8132\" data-end=\"8335\">\n<li data-start=\"8132\" data-end=\"8165\">\n<p data-start=\"8134\" data-end=\"8165\">D\u00e9chargement de gr\u00e9age et d&#039;\u00e9quipement<\/p>\n<\/li>\n<li data-start=\"8166\" data-end=\"8218\">\n<p data-start=\"8168\" data-end=\"8218\">v\u00e9rification de l&#039;alignement et des dimensions<\/p>\n<\/li>\n<li data-start=\"8219\" data-end=\"8266\">\n<p data-start=\"8221\" data-end=\"8266\">Assistance \u00e0 la r\u00e9installation et essais sur le terrain<\/p>\n<\/li>\n<li data-start=\"8267\" data-end=\"8297\">\n<p data-start=\"8269\" data-end=\"8297\">Assistance au d\u00e9marrage et r\u00e9glage<\/p>\n<\/li>\n<li data-start=\"8298\" data-end=\"8335\">\n<p data-start=\"8300\" data-end=\"8335\">\u00c9valuation des performances apr\u00e8s la prestation de services<\/p>\n<\/li>\n<\/ul>\n<p data-start=\"8337\" data-end=\"8674\">Cette approche globale garantit que les centrifugeuses d\u00e9canteuses r\u00e9par\u00e9es ou remises \u00e0 neuf fonctionnent en toute s\u00e9curit\u00e9, sans \u00e0-coups et conform\u00e9ment aux sp\u00e9cifications de conception. En combinant expertise technique et exp\u00e9rience pratique sur le terrain, Sentrimax aide les installations de Chicago \u00e0 r\u00e9duire les temps d&#039;arr\u00eat, \u00e0 am\u00e9liorer la fiabilit\u00e9 et \u00e0 prot\u00e9ger leurs \u00e9quipements critiques.<\/p>\n<hr data-start=\"8676\" data-end=\"8679\" \/>\n<h2 data-start=\"8681\" data-end=\"8741\">Demander un service de centrifugeuse \u00e0 d\u00e9canteur Andritz \u00e0 Chicago IL<\/h2>\n<p data-start=\"8743\" data-end=\"9071\">\u00c0 Chicago, dans l&#039;Illinois, les entreprises font confiance \u00e0 Sentrimax pour l&#039;entretien fiable de leurs centrifugeuses d\u00e9canteuses Andritz. Qu&#039;il s&#039;agisse de d\u00e9pannages urgents, de planification de la maintenance pr\u00e9ventive ou de remises \u00e0 neuf compl\u00e8tes, Sentrimax garantit des r\u00e9sultats optimaux pour vos \u00e9quipements de s\u00e9paration.<\/p>\n<p data-start=\"9073\" data-end=\"9127\"><strong data-start=\"9073\" data-end=\"9127\"><a class=\"decorated-link\" href=\"https:\/\/sentrimax.com\/fr\/contact\/\" target=\"_new\" rel=\"noopener\" data-start=\"9075\" data-end=\"9125\">Demandez un devis !<\/a><\/strong><\/p>","protected":false},"excerpt":{"rendered":"<p>Sentrimax provides professional Andritz decanter centrifuge service for wastewater treatment plants and industrial facilities throughout Chicago, Illinois. With decades of experience servicing high-speed separation equipment, Sentrimax delivers expert inspection, preventive maintenance, precision repair, and rebuild solutions designed to support reliable operation under demanding conditions. Andritz decanter centrifuges are essential assets in solids-liquid separation, and proper [&hellip;]<\/p>\n","protected":false},"author":3,"featured_media":0,"parent":0,"menu_order":0,"comment_status":"closed","ping_status":"closed","template":"seo-page-template.php","meta":{"_acf_changed":false,"inline_featured_image":false,"footnotes":""},"class_list":["post-2302","page","type-page","status-publish","hentry"],"acf":[],"_links":{"self":[{"href":"https:\/\/sentrimax.com\/fr\/wp-json\/wp\/v2\/pages\/2302","targetHints":{"allow":["GET"]}}],"collection":[{"href":"https:\/\/sentrimax.com\/fr\/wp-json\/wp\/v2\/pages"}],"about":[{"href":"https:\/\/sentrimax.com\/fr\/wp-json\/wp\/v2\/types\/page"}],"author":[{"embeddable":true,"href":"https:\/\/sentrimax.com\/fr\/wp-json\/wp\/v2\/users\/3"}],"replies":[{"embeddable":true,"href":"https:\/\/sentrimax.com\/fr\/wp-json\/wp\/v2\/comments?post=2302"}],"version-history":[{"count":1,"href":"https:\/\/sentrimax.com\/fr\/wp-json\/wp\/v2\/pages\/2302\/revisions"}],"predecessor-version":[{"id":2523,"href":"https:\/\/sentrimax.com\/fr\/wp-json\/wp\/v2\/pages\/2302\/revisions\/2523"}],"wp:attachment":[{"href":"https:\/\/sentrimax.com\/fr\/wp-json\/wp\/v2\/media?parent=2302"}],"curies":[{"name":"wp","href":"https:\/\/api.w.org\/{rel}","templated":true}]}}