{"id":2304,"date":"2026-01-07T16:45:41","date_gmt":"2026-01-07T16:45:41","guid":{"rendered":"https:\/\/sentrimax.com\/?page_id=2304"},"modified":"2026-04-21T21:14:27","modified_gmt":"2026-04-21T21:14:27","slug":"bird-centrifuge-repair-in-los-angeles-ca","status":"publish","type":"page","link":"https:\/\/sentrimax.com\/fr\/bird-centrifuge-repair-in-los-angeles-ca\/","title":{"rendered":"R\u00e9paration de centrifugeuses pour oiseaux \u00e0 Los Angeles, Californie"},"content":{"rendered":"<p data-start=\"298\" data-end=\"892\"><img fetchpriority=\"high\" decoding=\"async\" class=\"aligncenter size-full wp-image-1614\" src=\"https:\/\/sentrimax.com\/wp-content\/uploads\/2025\/07\/Manufacturing-1.png\" alt=\"\" width=\"1536\" height=\"1024\" srcset=\"https:\/\/sentrimax.com\/wp-content\/uploads\/2025\/07\/Manufacturing-1.png 1536w, https:\/\/sentrimax.com\/wp-content\/uploads\/2025\/07\/Manufacturing-1-300x200.png 300w, https:\/\/sentrimax.com\/wp-content\/uploads\/2025\/07\/Manufacturing-1-1024x683.png 1024w, https:\/\/sentrimax.com\/wp-content\/uploads\/2025\/07\/Manufacturing-1-768x512.png 768w, https:\/\/sentrimax.com\/wp-content\/uploads\/2025\/07\/Manufacturing-1-600x400.png 600w\" sizes=\"(max-width: 1536px) 100vw, 1536px\" \/><\/p>\n<p data-start=\"298\" data-end=\"892\">Sentrimax propose des services professionnels de r\u00e9paration de centrifugeuses Bird pour les stations d&#039;\u00e9puration municipales, les entreprises de transformation industrielle et les sites de production. <strong data-start=\"462\" data-end=\"489\">Los Angeles, Californie<\/strong>. Les centrifugeuses Bird, r\u00e9put\u00e9es pour leur robustesse et leur fiabilit\u00e9, jouent un r\u00f4le essentiel dans la s\u00e9paration solide-liquide, la d\u00e9shydratation des biosolides et l&#039;optimisation des proc\u00e9d\u00e9s. En cas de probl\u00e8me m\u00e9canique, d&#039;usure ou de baisse de performance, une intervention rapide et des r\u00e9parations expertes sont indispensables pour minimiser les temps d&#039;arr\u00eat, garantir la conformit\u00e9 r\u00e9glementaire et pr\u00e9server la productivit\u00e9.<\/p>\n<p data-start=\"894\" data-end=\"1338\">Forts de plusieurs d\u00e9cennies d&#039;exp\u00e9rience cumul\u00e9e dans la maintenance d&#039;une large gamme de technologies de centrifugeuses, <strong data-start=\"984\" data-end=\"997\">Sentrimax<\/strong> Sentrimax accompagne les op\u00e9rateurs de Los Angeles en leur fournissant des diagnostics pr\u00e9cis, des r\u00e9parations m\u00e9caniques de haute pr\u00e9cision et des solutions de service compl\u00e8tes, adapt\u00e9es aux exigences sp\u00e9cifiques des centrifugeuses Bird. De l&#039;intervention d&#039;urgence en cas de panne \u00e0 la maintenance planifi\u00e9e et aux remises \u00e0 neuf compl\u00e8tes, Sentrimax aide les installations \u00e0 r\u00e9tablir les performances de leurs \u00e9quipements et \u00e0 prolonger la dur\u00e9e de vie de leurs machines.<\/p>\n<hr data-start=\"1340\" data-end=\"1343\" \/>\n<h2 data-start=\"1345\" data-end=\"1397\">Soutien aux op\u00e9rations critiques \u00e0 travers Los Angeles<\/h2>\n<p data-start=\"1399\" data-end=\"1941\">Des installations dans tout le <strong data-start=\"1425\" data-end=\"1458\">r\u00e9gion m\u00e9tropolitaine de Los Angeles<\/strong> On s&#039;appuie sur des centrifugeuses haute performance pour assurer un traitement stable des solides, contr\u00f4ler la qualit\u00e9 des rejets et optimiser le fonctionnement des syst\u00e8mes en aval. Les centrifugeuses Bird sont souvent int\u00e9gr\u00e9es aux cha\u00eenes de traitement des eaux us\u00e9es et aux proc\u00e9d\u00e9s de s\u00e9paration industrielle o\u00f9 la constance des performances est primordiale. En cas d&#039;augmentation des vibrations, de baisse de d\u00e9bit, de d\u00e9faillance des joints ou de signes d&#039;usure des roulements, le risque d&#039;arr\u00eats impr\u00e9vus et prolong\u00e9s s&#039;accro\u00eet, \u00e0 moins que les r\u00e9parations ne soient effectu\u00e9es par des techniciens qualifi\u00e9s.<\/p>\n<p data-start=\"1943\" data-end=\"2436\">Sentrimax assure un service d&#039;intervention sur site dans tout Los Angeles et les communes environnantes du sud de la Californie. Gr\u00e2ce \u00e0 leur r\u00e9activit\u00e9 et \u00e0 leur priorit\u00e9 accord\u00e9e \u00e0 la s\u00e9curit\u00e9, les techniciens arrivent sur place \u00e9quip\u00e9s des outils et du savoir-faire n\u00e9cessaires pour \u00e9valuer l&#039;\u00e9tat de la machine, recommander des solutions de r\u00e9paration et entreprendre rapidement les travaux. Que votre centrifugeuse Bird serve \u00e0 la d\u00e9shydratation des boues municipales ou \u00e0 la s\u00e9paration des solides industriels, Sentrimax propose des services con\u00e7us pour garantir la continuit\u00e9 de vos proc\u00e9d\u00e9s.<\/p>\n<hr data-start=\"2438\" data-end=\"2441\" \/>\n<h2 data-start=\"2443\" data-end=\"2491\">Services complets de r\u00e9paration de centrifugeuses pour oiseaux<\/h2>\n<p data-start=\"2493\" data-end=\"2664\">Sentrimax propose une gamme compl\u00e8te de services de r\u00e9paration pour les centrifugeuses Bird, couvrant \u00e0 la fois les pannes correctives et la remise en \u00e9tat pr\u00e9ventive des machines. Ses principaux services de r\u00e9paration comprennent\u00a0:<\/p>\n<ul data-start=\"2666\" data-end=\"3120\">\n<li data-start=\"2666\" data-end=\"2720\">\n<p data-start=\"2668\" data-end=\"2720\"><strong data-start=\"2668\" data-end=\"2718\">Inspection m\u00e9canique et \u00e9valuation de l&#039;\u00e9tat<\/strong><\/p>\n<\/li>\n<li data-start=\"2721\" data-end=\"2772\">\n<p data-start=\"2723\" data-end=\"2772\"><strong data-start=\"2723\" data-end=\"2770\">Diagnostic des d\u00e9faillances et analyse des causes profondes<\/strong><\/p>\n<\/li>\n<li data-start=\"2773\" data-end=\"2834\">\n<p data-start=\"2775\" data-end=\"2834\"><strong data-start=\"2775\" data-end=\"2832\">D\u00e9pose, remplacement et alignement de pr\u00e9cision des roulements<\/strong><\/p>\n<\/li>\n<li data-start=\"2835\" data-end=\"2891\">\n<p data-start=\"2837\" data-end=\"2891\"><strong data-start=\"2837\" data-end=\"2889\">r\u00e9paration ou remplacement de bols, de volutes et de convoyeurs<\/strong><\/p>\n<\/li>\n<li data-start=\"2892\" data-end=\"2947\">\n<p data-start=\"2894\" data-end=\"2947\"><strong data-start=\"2894\" data-end=\"2945\">\u00c9valuation, r\u00e9fection et essais de couple des bo\u00eetes de vitesses<\/strong><\/p>\n<\/li>\n<li data-start=\"2948\" data-end=\"2996\">\n<p data-start=\"2950\" data-end=\"2996\"><strong data-start=\"2950\" data-end=\"2994\">\u00c9quilibrage dynamique selon les tol\u00e9rances d&#039;origine<\/strong><\/p>\n<\/li>\n<li data-start=\"2997\" data-end=\"3054\">\n<p data-start=\"2999\" data-end=\"3054\"><strong data-start=\"2999\" data-end=\"3052\">Am\u00e9liorations du remplacement des joints et de la protection contre l&#039;usure<\/strong><\/p>\n<\/li>\n<li data-start=\"3055\" data-end=\"3120\">\n<p data-start=\"3057\" data-end=\"3120\"><strong data-start=\"3057\" data-end=\"3120\">Assistance au d\u00e9marrage et v\u00e9rification des performances apr\u00e8s r\u00e9paration<\/strong><\/p>\n<\/li>\n<\/ul>\n<p data-start=\"3122\" data-end=\"3528\">Chaque r\u00e9paration est effectu\u00e9e selon des proc\u00e9dures document\u00e9es conformes aux pratiques du fabricant. Plut\u00f4t que de se concentrer uniquement sur les sympt\u00f4mes visibles, les techniciens de Sentrimax analysent l&#039;ensemble du syst\u00e8me m\u00e9canique afin d&#039;identifier les causes sous-jacentes telles que le d\u00e9salignement, une lubrification insuffisante, la fatigue des roulements ou les contraintes li\u00e9es au processus. Cette approche globale contribue \u00e0 r\u00e9duire les pannes r\u00e9currentes et \u00e0 am\u00e9liorer la fiabilit\u00e9 des machines sur le long terme.<\/p>\n<p data-start=\"3530\" data-end=\"3722\">Pour les installations disposant de parcs de centrifugeuses mixtes, Sentrimax propose un service d&#039;assistance multimarque. Pour en savoir plus sur l&#039;ensemble des capacit\u00e9s de centrifugation, consultez le site web. <a class=\"decorated-link cursor-pointer\" target=\"_new\" rel=\"noopener\" data-start=\"3681\" data-end=\"3721\">https:\/\/sentrimax.com\/centrifuge-repair\/<\/a>.<\/p>\n<hr data-start=\"3724\" data-end=\"3727\" \/>\n<h2 data-start=\"3729\" data-end=\"3778\">Diagnostic d\u00e9taill\u00e9 et \u00e9valuation des causes profondes<\/h2>\n<p data-start=\"3780\" data-end=\"4052\">Un diagnostic pr\u00e9cis est essentiel \u00e0 la r\u00e9ussite de toute r\u00e9paration. Les centrifugeuses pour oiseaux pr\u00e9sentent souvent les m\u00eames signes ext\u00e9rieurs (vibrations, bruit, chaleur) que d&#039;autres \u00e9quipements rotatifs \u00e0 grande vitesse en cas de probl\u00e8mes sous-jacents. Les techniciens de Sentrimax utilisent des techniques de diagnostic avanc\u00e9es pour\u00a0:<\/p>\n<ul data-start=\"4054\" data-end=\"4294\">\n<li data-start=\"4054\" data-end=\"4098\">\n<p data-start=\"4056\" data-end=\"4098\">\u00c9valuer l&#039;\u00e9tat et le jeu des roulements<\/p>\n<\/li>\n<li data-start=\"4099\" data-end=\"4143\">\n<p data-start=\"4101\" data-end=\"4143\">\u00c9valuer l&#039;alignement et la concentricit\u00e9 de l&#039;arbre<\/p>\n<\/li>\n<li data-start=\"4144\" data-end=\"4190\">\n<p data-start=\"4146\" data-end=\"4190\">Mesurer les signatures vibratoires et le d\u00e9s\u00e9quilibre<\/p>\n<\/li>\n<li data-start=\"4191\" data-end=\"4239\">\n<p data-start=\"4193\" data-end=\"4239\">Inspectez les joints pour d\u00e9tecter toute usure et tout risque de fuite.<\/p>\n<\/li>\n<li data-start=\"4240\" data-end=\"4294\">\n<p data-start=\"4242\" data-end=\"4294\">Analyser l&#039;\u00e9tat de la bo\u00eete de vitesses et l&#039;int\u00e9grit\u00e9 du transfert de couple<\/p>\n<\/li>\n<\/ul>\n<p data-start=\"4296\" data-end=\"4581\">En combinant l&#039;inspection visuelle et les outils de mesure techniques, les techniciens de Sentrimax identifient les facteurs contribuant \u00e0 la d\u00e9gradation des machines et con\u00e7oivent des strat\u00e9gies de r\u00e9paration sur mesure qui traitent \u00e0 la fois les sympt\u00f4mes et les causes profondes. Un diagnostic pr\u00e9cis permet de gagner du temps, de r\u00e9duire les co\u00fbts des pi\u00e8ces et d&#039;am\u00e9liorer la fiabilit\u00e9.<\/p>\n<hr data-start=\"4583\" data-end=\"4586\" \/>\n<h2 data-start=\"4588\" data-end=\"4647\">Service apr\u00e8s-vente et assistance sur site en Californie du Sud<\/h2>\n<p data-start=\"4649\" data-end=\"4997\">En cas de panne inattendue d&#039;une centrifugeuse Bird, il est crucial de minimiser les temps d&#039;arr\u00eat. Sentrimax propose un service d&#039;intervention rapide sur site \u00e0 Los Angeles et dans toute la r\u00e9gion de la Californie du Sud. Ses techniciens se d\u00e9placent avec des outils sp\u00e9cialis\u00e9s et en respectant les proc\u00e9dures de s\u00e9curit\u00e9 afin d&#039;effectuer des \u00e9valuations sur place, une stabilisation temporaire et les r\u00e9parations n\u00e9cessaires.<\/p>\n<p data-start=\"4999\" data-end=\"5051\">Le service d&#039;intervention sur site offre plusieurs avantages cl\u00e9s\u00a0:<\/p>\n<ul data-start=\"5053\" data-end=\"5346\">\n<li data-start=\"5053\" data-end=\"5127\">\n<p data-start=\"5055\" data-end=\"5127\">\u00c9valuation rapide de l&#039;\u00e9tat m\u00e9canique en environnement d&#039;exploitation r\u00e9el<\/p>\n<\/li>\n<li data-start=\"5128\" data-end=\"5202\">\n<p data-start=\"5130\" data-end=\"5202\">Mise en \u0153uvre imm\u00e9diate des mesures correctives lorsque cela est s\u00fbr et possible<\/p>\n<\/li>\n<li data-start=\"5203\" data-end=\"5260\">\n<p data-start=\"5205\" data-end=\"5260\">Besoin r\u00e9duit de transporter du mat\u00e9riel lourd hors site<\/p>\n<\/li>\n<li data-start=\"5261\" data-end=\"5346\">\n<p data-start=\"5263\" data-end=\"5346\">Collaboration avec le personnel de l&#039;\u00e9tablissement pour coordonner le travail avec les horaires op\u00e9rationnels<\/p>\n<\/li>\n<\/ul>\n<p data-start=\"5348\" data-end=\"5556\">En travaillant dans le contexte des processus de l&#039;installation, les \u00e9quipes de Sentrimax peuvent identifier les influences li\u00e9es au processus \u2014 telles que la variabilit\u00e9 de l&#039;alimentation ou les caract\u00e9ristiques des solides \u2014 qui contribuent aux sch\u00e9mas d&#039;usure ou aux contraintes sur la machine.<\/p>\n<hr data-start=\"5558\" data-end=\"5561\" \/>\n<h2 data-start=\"5563\" data-end=\"5607\">R\u00e9parations de pr\u00e9cision avec des pi\u00e8ces de haute qualit\u00e9<\/h2>\n<p data-start=\"5609\" data-end=\"5810\">Le succ\u00e8s \u00e0 long terme de toute r\u00e9paration d\u00e9pend de la qualit\u00e9 des pi\u00e8ces de rechange et des m\u00e9thodes de r\u00e9paration. Sentrimax fournit des composants certifi\u00e9s, de qualit\u00e9 \u00e9quivalente \u00e0 celle des pi\u00e8ces d&#039;origine, pour les centrifugeuses Bird, notamment\u00a0:<\/p>\n<ul data-start=\"5812\" data-end=\"6046\">\n<li data-start=\"5812\" data-end=\"5847\">\n<p data-start=\"5814\" data-end=\"5847\">Roulements et ensembles de roulements<\/p>\n<\/li>\n<li data-start=\"5848\" data-end=\"5882\">\n<p data-start=\"5850\" data-end=\"5882\">Joints d&#039;\u00e9tanch\u00e9it\u00e9, bagues d&#039;\u00e9tanch\u00e9it\u00e9 et anneaux d&#039;usure<\/p>\n<\/li>\n<li data-start=\"5883\" data-end=\"5930\">\n<p data-start=\"5885\" data-end=\"5930\">Rouleaux, convoyeurs et ensembles rotatifs<\/p>\n<\/li>\n<li data-start=\"5931\" data-end=\"5983\">\n<p data-start=\"5933\" data-end=\"5983\">Pi\u00e8ces de bo\u00eete de vitesses et composants de transmission de couple<\/p>\n<\/li>\n<li data-start=\"5984\" data-end=\"6046\">\n<p data-start=\"5986\" data-end=\"6046\">Fixations et kits de quincaillerie de service con\u00e7us pour la fiabilit\u00e9<\/p>\n<\/li>\n<\/ul>\n<p data-start=\"6048\" data-end=\"6274\">Avant leur installation, tous les composants sont inspect\u00e9s afin de v\u00e9rifier leur pr\u00e9cision dimensionnelle, l&#039;int\u00e9grit\u00e9 des mat\u00e9riaux et leur compatibilit\u00e9. L&#039;utilisation de pi\u00e8ces de haute qualit\u00e9 contribue \u00e0 r\u00e9duire l&#039;usure pr\u00e9matur\u00e9e, \u00e0 am\u00e9liorer l&#039;\u00e9quilibre et \u00e0 espacer les intervalles d&#039;entretien.<\/p>\n<p data-start=\"6276\" data-end=\"6388\">Les installations int\u00e9ress\u00e9es par les options et la disponibilit\u00e9 des composants peuvent explorer <a class=\"decorated-link cursor-pointer\" target=\"_new\" rel=\"noopener\" data-start=\"6348\" data-end=\"6387\">https:\/\/sentrimax.com\/centrifuge-parts\/<\/a>.<\/p>\n<hr data-start=\"6390\" data-end=\"6393\" \/>\n<h2 data-start=\"6395\" data-end=\"6447\">Reconstruction compl\u00e8te de machines et restauration des performances<\/h2>\n<p data-start=\"6449\" data-end=\"6740\">Pour les centrifugeuses ayant accumul\u00e9 un nombre important d&#039;heures de service ou pr\u00e9sentant une usure avanc\u00e9e, Sentrimax propose des services de remise \u00e0 neuf complets. Une remise \u00e0 neuf professionnelle permet de redonner \u00e0 une centrifugeuse Bird un \u00e9tat quasi neuf, de r\u00e9duire les vibrations, d&#039;am\u00e9liorer les performances de s\u00e9paration et d&#039;accro\u00eetre sa fiabilit\u00e9 globale.<\/p>\n<p data-start=\"6742\" data-end=\"6777\">Les projets de reconstruction comprennent g\u00e9n\u00e9ralement\u00a0:<\/p>\n<ul data-start=\"6779\" data-end=\"7038\">\n<li data-start=\"6779\" data-end=\"6816\">\n<p data-start=\"6781\" data-end=\"6816\">D\u00e9montage et nettoyage complets<\/p>\n<\/li>\n<li data-start=\"6817\" data-end=\"6870\">\n<p data-start=\"6819\" data-end=\"6870\">Inspection et mesure des tol\u00e9rances critiques<\/p>\n<\/li>\n<li data-start=\"6871\" data-end=\"6905\">\n<p data-start=\"6873\" data-end=\"6905\">Remplacement des composants us\u00e9s<\/p>\n<\/li>\n<li data-start=\"6906\" data-end=\"6956\">\n<p data-start=\"6908\" data-end=\"6956\">Usinage de pr\u00e9cision pour r\u00e9tablir l&#039;ajustement et l&#039;\u00e9quilibre<\/p>\n<\/li>\n<li data-start=\"6957\" data-end=\"7001\">\n<p data-start=\"6959\" data-end=\"7001\">\u00c9quilibrage dynamique des ensembles rotatifs<\/p>\n<\/li>\n<li data-start=\"7002\" data-end=\"7038\">\n<p data-start=\"7004\" data-end=\"7038\">R\u00e9assemblage et tests de performance<\/p>\n<\/li>\n<\/ul>\n<p data-start=\"7040\" data-end=\"7154\">Les reconstructions sont planifi\u00e9es en concertation avec le personnel de l&#039;installation afin de s&#039;aligner sur les calendriers d&#039;arr\u00eats et les objectifs op\u00e9rationnels.<\/p>\n<hr data-start=\"7156\" data-end=\"7159\" \/>\n<h2 data-start=\"7161\" data-end=\"7209\">Maintenance pr\u00e9ventive pour prolonger la dur\u00e9e de vie<\/h2>\n<p data-start=\"7211\" data-end=\"7536\">Les r\u00e9parations r\u00e9actives sont co\u00fbteuses, non seulement en pi\u00e8ces et en main-d&#039;\u0153uvre, mais aussi en raison des pertes de production et des perturbations op\u00e9rationnelles. La maintenance pr\u00e9ventive permet aux installations d&#039;identifier les premiers signes d&#039;usure et d&#039;y rem\u00e9dier avant qu&#039;ils ne d\u00e9g\u00e9n\u00e8rent en pannes. Sentrimax collabore avec des installations de Los Angeles pour cr\u00e9er des programmes de maintenance qui comprennent\u00a0:<\/p>\n<ul data-start=\"7538\" data-end=\"7755\">\n<li data-start=\"7538\" data-end=\"7572\">\n<p data-start=\"7540\" data-end=\"7572\">Inspections m\u00e9caniques de routine<\/p>\n<\/li>\n<li data-start=\"7573\" data-end=\"7601\">\n<p data-start=\"7575\" data-end=\"7601\">analyse des tendances vibratoires<\/p>\n<\/li>\n<li data-start=\"7602\" data-end=\"7649\">\n<p data-start=\"7604\" data-end=\"7649\">\u00c9chantillonnage de la lubrification et suivi de l&#039;\u00e9tat<\/p>\n<\/li>\n<li data-start=\"7650\" data-end=\"7712\">\n<p data-start=\"7652\" data-end=\"7712\">Mesure de l&#039;usure des roulements, des joints d&#039;\u00e9tanch\u00e9it\u00e9 et des \u00e9l\u00e9ments de convoyeur<\/p>\n<\/li>\n<li data-start=\"7713\" data-end=\"7755\">\n<p data-start=\"7715\" data-end=\"7755\">Remplacement programm\u00e9 des pi\u00e8ces \u00e0 forte usure<\/p>\n<\/li>\n<\/ul>\n<p data-start=\"7757\" data-end=\"7915\">La maintenance pr\u00e9ventive permet d&#039;am\u00e9liorer la disponibilit\u00e9 des \u00e9quipements, de rationaliser la planification des r\u00e9parations et de prolonger leur dur\u00e9e de vie, tout en aidant les installations \u00e0 stabiliser leurs co\u00fbts d&#039;exploitation au fil du temps.<\/p>\n<hr data-start=\"7917\" data-end=\"7920\" \/>\n<h2 data-start=\"7922\" data-end=\"7987\">Soutien \u00e0 la conformit\u00e9 environnementale et \u00e0 l&#039;efficacit\u00e9 op\u00e9rationnelle<\/h2>\n<p data-start=\"7989\" data-end=\"8373\">Dans le traitement des eaux us\u00e9es municipales et des d\u00e9chets industriels, les performances des centrifugeuses influent sur la conformit\u00e9 r\u00e9glementaire, l&#039;efficacit\u00e9 des proc\u00e9d\u00e9s et la ma\u00eetrise des co\u00fbts. Une centrifugeuse mal entretenue peut compromettre l&#039;\u00e9limination des mati\u00e8res en suspension, augmenter les volumes transport\u00e9s ou surcharger les syst\u00e8mes en aval. Des centrifugeuses r\u00e9par\u00e9es et bien entretenues permettent aux installations d&#039;atteindre leurs objectifs de gestion des rejets et des mati\u00e8res en suspension.<\/p>\n<p data-start=\"8375\" data-end=\"8701\">Pour obtenir des conseils r\u00e9glementaires et techniques relatifs \u00e0 la gestion des eaux us\u00e9es, les exploitants peuvent consulter les ressources suivantes\u00a0: <strong data-start=\"8491\" data-end=\"8537\">Agence am\u00e9ricaine de protection de l&#039;environnement (EPA)<\/strong> \u00e0 <a class=\"decorated-link cursor-pointer\" target=\"_new\" rel=\"noopener\" data-start=\"8541\" data-end=\"8566\">https:\/\/www.epa.gov\/water<\/a>. Des pratiques exemplaires suppl\u00e9mentaires et des informations sur le secteur sont disponibles aupr\u00e8s de <strong data-start=\"8638\" data-end=\"8676\">F\u00e9d\u00e9ration pour l&#039;environnement de l&#039;eau (WEF)<\/strong> \u00e0 <a class=\"decorated-link\" href=\"https:\/\/www.wef.org\/\" target=\"_new\" rel=\"noopener\" data-start=\"8680\" data-end=\"8700\">https:\/\/www.wef.org\/<\/a>.<\/p>\n<hr data-start=\"8703\" data-end=\"8706\" \/>\n<h2 data-start=\"8708\" data-end=\"8754\">Pourquoi les entreprises de Los Angeles choisissent Sentrimax<\/h2>\n<p data-start=\"8756\" data-end=\"8836\">Les op\u00e9rateurs de Los Angeles font confiance \u00e0 Sentrimax pour la r\u00e9paration de leurs centrifugeuses Bird en raison de\u00a0:<\/p>\n<ul data-start=\"8838\" data-end=\"9083\">\n<li data-start=\"8838\" data-end=\"8907\">\n<p data-start=\"8840\" data-end=\"8907\">Des d\u00e9cennies d&#039;exp\u00e9rience pratique dans la maintenance des technologies de centrifugation<\/p>\n<\/li>\n<li data-start=\"8908\" data-end=\"8969\">\n<p data-start=\"8910\" data-end=\"8969\">Techniciens qualifi\u00e9s poss\u00e9dant une expertise m\u00e9canique multimarque<\/p>\n<\/li>\n<li data-start=\"8970\" data-end=\"9024\">\n<p data-start=\"8972\" data-end=\"9024\">Privil\u00e9gier les r\u00e9parations de qualit\u00e9 et la fiabilit\u00e9 \u00e0 long terme<\/p>\n<\/li>\n<li data-start=\"9025\" data-end=\"9083\">\n<p data-start=\"9027\" data-end=\"9083\">Communication claire et documentation de service d\u00e9taill\u00e9e<\/p>\n<\/li>\n<\/ul>\n<p data-start=\"9085\" data-end=\"9393\">Chaque intervention de r\u00e9paration donne lieu \u00e0 un rapport complet d\u00e9taillant les r\u00e9sultats du diagnostic, les actions correctives, les composants remplac\u00e9s et les recommandations pour la maintenance pr\u00e9ventive. Ces informations facilitent la prise de d\u00e9cision et aident les installations \u00e0 aligner leurs activit\u00e9s de maintenance sur leurs objectifs op\u00e9rationnels.<\/p>\n<p data-start=\"9395\" data-end=\"9477\">Pour obtenir une assistance sp\u00e9cifique concernant les eaux us\u00e9es, consultez <a class=\"decorated-link cursor-pointer\" target=\"_new\" rel=\"noopener\" data-start=\"9432\" data-end=\"9476\">https:\/\/sentrimax.com\/industries\/wastewater\/<\/a>.<\/p>\n<hr data-start=\"9479\" data-end=\"9482\" \/>\n<h2 data-start=\"9484\" data-end=\"9521\">De l&#039;inspection au soutien au d\u00e9marrage<\/h2>\n<p data-start=\"9523\" data-end=\"9600\">Les services offerts par Sentrimax ne se limitent pas aux r\u00e9parations m\u00e9caniques et comprennent\u00a0:<\/p>\n<ul data-start=\"9602\" data-end=\"9817\">\n<li data-start=\"9602\" data-end=\"9648\">\n<p data-start=\"9604\" data-end=\"9648\">Coordination du gr\u00e9age et du retrait du mat\u00e9riel<\/p>\n<\/li>\n<li data-start=\"9649\" data-end=\"9701\">\n<p data-start=\"9651\" data-end=\"9701\">v\u00e9rification de l&#039;alignement et des dimensions<\/p>\n<\/li>\n<li data-start=\"9702\" data-end=\"9749\">\n<p data-start=\"9704\" data-end=\"9749\">Assistance \u00e0 la r\u00e9installation et essais sur le terrain<\/p>\n<\/li>\n<li data-start=\"9750\" data-end=\"9780\">\n<p data-start=\"9752\" data-end=\"9780\">Assistance au d\u00e9marrage et r\u00e9glage<\/p>\n<\/li>\n<li data-start=\"9781\" data-end=\"9817\">\n<p data-start=\"9783\" data-end=\"9817\">\u00c9valuation des performances apr\u00e8s r\u00e9paration<\/p>\n<\/li>\n<\/ul>\n<p data-start=\"9819\" data-end=\"9987\">Ce mod\u00e8le de service complet garantit que les centrifugeuses Bird r\u00e9par\u00e9es ou remises en \u00e9tat reprennent du service en toute s\u00e9curit\u00e9, efficacement et conform\u00e9ment aux sp\u00e9cifications de conception.<\/p>\n<hr data-start=\"9989\" data-end=\"9992\" \/>\n<h2 data-start=\"9994\" data-end=\"10044\">Am\u00e9lioration continue gr\u00e2ce aux donn\u00e9es op\u00e9rationnelles<\/h2>\n<p data-start=\"10046\" data-end=\"10452\">La fiabilit\u00e9 \u00e0 long terme des centrifugeuses repose sur des strat\u00e9gies de maintenance bas\u00e9es sur les donn\u00e9es. Sentrimax aide les installations \u00e0 suivre les tendances op\u00e9rationnelles telles que les donn\u00e9es de vibration, les profils de couple et les sch\u00e9mas d&#039;usure. En analysant l&#039;historique des performances et les donn\u00e9es d&#039;\u00e9tat, les installations peuvent anticiper les besoins de maintenance, ajuster les intervalles de maintenance et optimiser la planification des r\u00e9parations afin de r\u00e9duire les arr\u00eats impr\u00e9vus et de prolonger la dur\u00e9e de vie des composants.<\/p>\n<hr data-start=\"10454\" data-end=\"10457\" \/>\n<h2 data-start=\"10459\" data-end=\"10510\">R\u00e9paration de centrifugeuse \u00e0 oiseaux \u00e0 Los Angeles, Californie<\/h2>\n<p data-start=\"10512\" data-end=\"10870\">\u00c0 Los Angeles, en Californie, les entreprises font confiance \u00e0 Sentrimax pour la r\u00e9paration professionnelle de leurs centrifugeuses Bird. Son expertise, sa r\u00e9activit\u00e9 et la qualit\u00e9 de ses interventions garantissent un service irr\u00e9prochable. Qu&#039;il s&#039;agisse de d\u00e9pannages urgents, de maintenance pr\u00e9ventive ou de remises \u00e0 neuf compl\u00e8tes, Sentrimax propose des solutions pour assurer le fonctionnement fiable et efficace des centrifugeuses.<\/p>\n<p data-start=\"10872\" data-end=\"10926\"><strong data-start=\"10872\" data-end=\"10926\"><a class=\"decorated-link\" href=\"https:\/\/sentrimax.com\/fr\/contact\/\" target=\"_new\" rel=\"noopener\" data-start=\"10874\" data-end=\"10924\">Demandez un devis !<\/a><\/strong><\/p>","protected":false},"excerpt":{"rendered":"<p>Sentrimax provides professional Bird centrifuge repair services for municipal wastewater facilities, industrial processors, and manufacturing operations throughout Los Angeles, California. Bird centrifuges, known for their rugged design and dependable performance, play a critical role in solids-liquid separation, biosolids dewatering, and process optimization. When these machines experience mechanical issues, wear-related degradation, or performance decline, timely service [&hellip;]<\/p>\n","protected":false},"author":3,"featured_media":0,"parent":0,"menu_order":0,"comment_status":"closed","ping_status":"closed","template":"seo-page-template.php","meta":{"_acf_changed":false,"inline_featured_image":false,"footnotes":""},"class_list":["post-2304","page","type-page","status-publish","hentry"],"acf":[],"_links":{"self":[{"href":"https:\/\/sentrimax.com\/fr\/wp-json\/wp\/v2\/pages\/2304","targetHints":{"allow":["GET"]}}],"collection":[{"href":"https:\/\/sentrimax.com\/fr\/wp-json\/wp\/v2\/pages"}],"about":[{"href":"https:\/\/sentrimax.com\/fr\/wp-json\/wp\/v2\/types\/page"}],"author":[{"embeddable":true,"href":"https:\/\/sentrimax.com\/fr\/wp-json\/wp\/v2\/users\/3"}],"replies":[{"embeddable":true,"href":"https:\/\/sentrimax.com\/fr\/wp-json\/wp\/v2\/comments?post=2304"}],"version-history":[{"count":1,"href":"https:\/\/sentrimax.com\/fr\/wp-json\/wp\/v2\/pages\/2304\/revisions"}],"predecessor-version":[{"id":2521,"href":"https:\/\/sentrimax.com\/fr\/wp-json\/wp\/v2\/pages\/2304\/revisions\/2521"}],"wp:attachment":[{"href":"https:\/\/sentrimax.com\/fr\/wp-json\/wp\/v2\/media?parent=2304"}],"curies":[{"name":"wp","href":"https:\/\/api.w.org\/{rel}","templated":true}]}}