{"id":2305,"date":"2026-01-07T16:47:16","date_gmt":"2026-01-07T16:47:16","guid":{"rendered":"https:\/\/sentrimax.com\/?page_id=2305"},"modified":"2026-04-21T21:14:26","modified_gmt":"2026-04-21T21:14:26","slug":"bird-decanter-centrifuge-service-in-dallas-tx","status":"publish","type":"page","link":"https:\/\/sentrimax.com\/fr\/bird-decanter-centrifuge-service-in-dallas-tx\/","title":{"rendered":"Service de d\u00e9cantation et de centrifugation pour oiseaux \u00e0 Dallas, Texas"},"content":{"rendered":"<p data-start=\"301\" data-end=\"969\"><img fetchpriority=\"high\" decoding=\"async\" class=\"aligncenter size-full wp-image-1613\" src=\"https:\/\/sentrimax.com\/wp-content\/uploads\/2025\/07\/Food-Bev.png\" alt=\"\" width=\"1536\" height=\"1024\" srcset=\"https:\/\/sentrimax.com\/wp-content\/uploads\/2025\/07\/Food-Bev.png 1536w, https:\/\/sentrimax.com\/wp-content\/uploads\/2025\/07\/Food-Bev-300x200.png 300w, https:\/\/sentrimax.com\/wp-content\/uploads\/2025\/07\/Food-Bev-1024x683.png 1024w, https:\/\/sentrimax.com\/wp-content\/uploads\/2025\/07\/Food-Bev-768x512.png 768w, https:\/\/sentrimax.com\/wp-content\/uploads\/2025\/07\/Food-Bev-600x400.png 600w\" sizes=\"(max-width: 1536px) 100vw, 1536px\" \/><\/p>\n<p data-start=\"301\" data-end=\"969\">Sentrimax propose un service professionnel de centrifugation d\u00e9canteuse Bird pour les stations d&#039;\u00e9puration et les installations industrielles. <strong data-start=\"435\" data-end=\"452\">Dallas, Texas<\/strong>. Les centrifugeuses d\u00e9canteuses Bird sont des machines essentielles pour les applications de s\u00e9paration solide-liquide. En cas d&#039;usure, de vibrations ou de baisse de performance, un service fiable est indispensable pour garantir la continuit\u00e9 des proc\u00e9d\u00e9s, la conformit\u00e9 r\u00e9glementaire et l&#039;efficacit\u00e9 op\u00e9rationnelle. Forts de plusieurs d\u00e9cennies d&#039;exp\u00e9rience dans la maintenance d&#039;\u00e9quipements de s\u00e9paration \u00e0 grande vitesse, <strong data-start=\"791\" data-end=\"804\">Sentrimax<\/strong> Nous proposons des diagnostics pr\u00e9cis, des r\u00e9parations m\u00e9caniques de pr\u00e9cision, une maintenance pr\u00e9ventive et des solutions de reconstruction compl\u00e8tes adapt\u00e9es aux exigences sp\u00e9cifiques des op\u00e9rations \u00e0 Dallas.<\/p>\n<p data-start=\"971\" data-end=\"1455\">Ces centrifugeuses sont largement utilis\u00e9es pour le traitement des eaux us\u00e9es municipales, la s\u00e9paration industrielle, la transformation chimique, l&#039;industrie agroalimentaire et d&#039;autres proc\u00e9d\u00e9s impliquant des concentrations \u00e9lev\u00e9es de solides. Bien que les centrifugeuses Bird soient con\u00e7ues pour un fonctionnement continu et intensif, l&#039;abrasion des mat\u00e9riaux, le couple \u00e9lev\u00e9 et les variations de l&#039;alimentation finissent par entra\u00eener l&#039;usure des composants. Sentrimax met en \u0153uvre des m\u00e9thodes de maintenance \u00e9prouv\u00e9es pour r\u00e9tablir les performances, prolonger la dur\u00e9e de vie des \u00e9quipements et minimiser les temps d&#039;arr\u00eat.<\/p>\n<hr data-start=\"1457\" data-end=\"1460\" \/>\n<h2 data-start=\"1462\" data-end=\"1509\">Soutien aux op\u00e9rations critiques \u00e0 travers Dallas<\/h2>\n<p data-start=\"1511\" data-end=\"1870\">Des installations dans tout le <strong data-start=\"1537\" data-end=\"1565\">r\u00e9gion m\u00e9tropolitaine de Dallas<\/strong> Pour atteindre les objectifs de d\u00e9bit, respecter les objectifs environnementaux et maintenir la stabilit\u00e9 des proc\u00e9d\u00e9s, il est essentiel de compter sur la fiabilit\u00e9 des centrifugeuses d\u00e9canteuses. En cas de vibrations, de fuites d&#039;\u00e9tanch\u00e9it\u00e9, d&#039;usure des roulements ou de diminution de la siccit\u00e9 du g\u00e2teau de filtration d&#039;une centrifugeuse d\u00e9canteuse Bird, une intervention rapide est indispensable pour \u00e9viter les arr\u00eats prolong\u00e9s.<\/p>\n<p data-start=\"1872\" data-end=\"2228\">Sentrimax assure une couverture rapide \u00e0 Dallas et dans les environs, en proposant un service d&#039;intervention sur site expert et une assistance en atelier de pointe pour identifier rapidement les probl\u00e8mes et mettre en \u0153uvre des solutions correctives. Cette combinaison de diagnostics sur site et d&#039;expertise technique en r\u00e9paration permet aux entreprises de r\u00e9duire les d\u00e9lais de r\u00e9paration et de reprendre leur activit\u00e9 en toute confiance.<\/p>\n<hr data-start=\"2230\" data-end=\"2233\" \/>\n<h2 data-start=\"2235\" data-end=\"2285\">Services complets de d\u00e9cantation et de centrifugation pour oiseaux<\/h2>\n<p data-start=\"2287\" data-end=\"2428\">Sentrimax propose une gamme compl\u00e8te de services de d\u00e9cantation centrifuge adapt\u00e9s aux besoins des installations municipales et industrielles, notamment\u00a0:<\/p>\n<ul data-start=\"2430\" data-end=\"2880\">\n<li data-start=\"2430\" data-end=\"2484\">\n<p data-start=\"2432\" data-end=\"2484\"><strong data-start=\"2432\" data-end=\"2482\">Inspection m\u00e9canique et \u00e9valuation de l&#039;\u00e9tat<\/strong><\/p>\n<\/li>\n<li data-start=\"2485\" data-end=\"2536\">\n<p data-start=\"2487\" data-end=\"2536\"><strong data-start=\"2487\" data-end=\"2534\">Diagnostic des d\u00e9faillances et analyse des causes profondes<\/strong><\/p>\n<\/li>\n<li data-start=\"2537\" data-end=\"2593\">\n<p data-start=\"2539\" data-end=\"2593\"><strong data-start=\"2539\" data-end=\"2591\">r\u00e9paration ou remplacement de bols, de volutes et de convoyeurs<\/strong><\/p>\n<\/li>\n<li data-start=\"2594\" data-end=\"2655\">\n<p data-start=\"2596\" data-end=\"2655\"><strong data-start=\"2596\" data-end=\"2653\">D\u00e9pose, remplacement et alignement de pr\u00e9cision des roulements<\/strong><\/p>\n<\/li>\n<li data-start=\"2656\" data-end=\"2716\">\n<p data-start=\"2658\" data-end=\"2716\"><strong data-start=\"2658\" data-end=\"2714\">Inspection, r\u00e9fection et v\u00e9rification du couple de la bo\u00eete de vitesses<\/strong><\/p>\n<\/li>\n<li data-start=\"2717\" data-end=\"2760\">\n<p data-start=\"2719\" data-end=\"2760\"><strong data-start=\"2719\" data-end=\"2758\">\u00c9quilibrage dynamique selon les tol\u00e9rances du constructeur<\/strong><\/p>\n<\/li>\n<li data-start=\"2761\" data-end=\"2813\">\n<p data-start=\"2763\" data-end=\"2813\"><strong data-start=\"2763\" data-end=\"2811\">Remplacement des joints et mise \u00e0 niveau des composants d&#039;usure<\/strong><\/p>\n<\/li>\n<li data-start=\"2814\" data-end=\"2880\">\n<p data-start=\"2816\" data-end=\"2880\"><strong data-start=\"2816\" data-end=\"2880\">Assistance au d\u00e9marrage et v\u00e9rification des performances apr\u00e8s service<\/strong><\/p>\n<\/li>\n<\/ul>\n<p data-start=\"2882\" data-end=\"3271\">Toutes les interventions de maintenance sont r\u00e9alis\u00e9es selon des proc\u00e9dures document\u00e9es, conformes aux exigences du fabricant et aux meilleures pratiques du secteur. Plut\u00f4t que de se contenter de traiter les sympt\u00f4mes visibles, les techniciens de Sentrimax recherchent les causes sous-jacentes, telles que les d\u00e9fauts d&#039;alignement, les probl\u00e8mes de lubrification, les vibrations irr\u00e9guli\u00e8res ou les contraintes li\u00e9es au processus, contribuant ainsi \u00e0 pr\u00e9venir les probl\u00e8mes r\u00e9currents et \u00e0 am\u00e9liorer la fiabilit\u00e9 \u00e0 long terme.<\/p>\n<p data-start=\"3273\" data-end=\"3479\">Pour les installations disposant de parcs de centrifugeuses mixtes, Sentrimax offre un soutien \u00e9tendu pour toutes les marques. Des informations compl\u00e9mentaires sur l&#039;ensemble des services propos\u00e9s sont disponibles sur [lien manquant]. <a class=\"decorated-link cursor-pointer\" target=\"_new\" rel=\"noopener\" data-start=\"3438\" data-end=\"3478\">https:\/\/sentrimax.com\/centrifuge-repair\/<\/a>.<\/p>\n<hr data-start=\"3481\" data-end=\"3484\" \/>\n<h2 data-start=\"3486\" data-end=\"3536\">Service sur le terrain et intervention rapide dans le nord du Texas<\/h2>\n<p data-start=\"3538\" data-end=\"3894\">Les pannes impr\u00e9vues de centrifugeuses peuvent perturber les programmes de traitement des eaux us\u00e9es, ralentir la production industrielle et augmenter les co\u00fbts d&#039;exploitation. Sentrimax propose un service d&#039;intervention rapide sur site dans toute la r\u00e9gion de Dallas-Fort Worth, en d\u00e9ployant des techniciens qualifi\u00e9s \u00e9quip\u00e9s d&#039;outils de diagnostic et appliquant des proc\u00e9dures ax\u00e9es sur la s\u00e9curit\u00e9 afin d&#039;\u00e9valuer et de stabiliser les centrifugeuses d\u00e9canteuses directement sur place.<\/p>\n<p data-start=\"3896\" data-end=\"4298\">L&#039;intervention sur site offre des avantages essentiels, notamment l&#039;observation en temps r\u00e9el des conditions d&#039;exploitation, la stabilisation imm\u00e9diate et la mise en \u0153uvre de mesures correctives lorsque cela est possible et sans danger, ainsi que la r\u00e9duction des co\u00fbts li\u00e9s au transport du mat\u00e9riel. Elle permet \u00e9galement aux \u00e9quipes de Sentrimax de collaborer avec le personnel de l&#039;installation afin de coordonner les r\u00e9parations avec les programmes de production ou de traitement et de minimiser les interruptions d&#039;activit\u00e9.<\/p>\n<hr data-start=\"4300\" data-end=\"4303\" \/>\n<h2 data-start=\"4305\" data-end=\"4349\">R\u00e9parations de pr\u00e9cision avec des composants de qualit\u00e9<\/h2>\n<p data-start=\"4351\" data-end=\"4783\">La fiabilit\u00e9 des r\u00e9parations repose sur la qualit\u00e9 des pi\u00e8ces de rechange. Sentrimax fournit des pi\u00e8ces de rechange de qualit\u00e9 \u00e9quivalente \u00e0 celle des pi\u00e8ces d&#039;origine pour les centrifugeuses d\u00e9canteuses Bird, notamment des roulements, des joints d&#039;\u00e9tanch\u00e9it\u00e9, des rev\u00eatements anti-usure, des ensembles de spirales, des pi\u00e8ces de r\u00e9ducteur et des kits de quincaillerie d&#039;entretien. Avant leur installation, les pi\u00e8ces sont inspect\u00e9es afin de v\u00e9rifier leur pr\u00e9cision dimensionnelle, l&#039;int\u00e9grit\u00e9 des mat\u00e9riaux et leur compatibilit\u00e9, garantissant ainsi un fonctionnement fiable m\u00eame \u00e0 haute vitesse.<\/p>\n<p data-start=\"4785\" data-end=\"5179\">Pour les centrifugeuses pr\u00e9sentant une usure importante ou une d\u00e9gradation li\u00e9e \u00e0 l&#039;\u00e2ge, Sentrimax propose des services de remise \u00e0 neuf complets. Une remise \u00e0 neuf professionnelle permet de r\u00e9tablir les tol\u00e9rances, de remplacer les composants us\u00e9s et d&#039;\u00e9quilibrer dynamiquement les \u00e9l\u00e9ments rotatifs afin d&#039;am\u00e9liorer la stabilit\u00e9 de fonctionnement et de prolonger la dur\u00e9e de vie de l&#039;\u00e9quipement. Les \u00e9tablissements souhaitant conna\u00eetre la disponibilit\u00e9 des composants et les options disponibles peuvent obtenir plus d&#039;informations sur [lien manquant]. <a class=\"decorated-link cursor-pointer\" target=\"_new\" rel=\"noopener\" data-start=\"5139\" data-end=\"5178\">https:\/\/sentrimax.com\/centrifuge-parts\/<\/a>.<\/p>\n<hr data-start=\"5181\" data-end=\"5184\" \/>\n<h2 data-start=\"5186\" data-end=\"5237\">Maintenance pr\u00e9ventive pour une fiabilit\u00e9 \u00e0 long terme<\/h2>\n<p data-start=\"5239\" data-end=\"5521\">Les r\u00e9parations r\u00e9actives peuvent perturber les op\u00e9rations et faire grimper les co\u00fbts de maintenance. Sentrimax collabore avec les installations de Dallas pour \u00e9laborer des programmes de maintenance pr\u00e9ventive con\u00e7us pour identifier l&#039;usure et les probl\u00e8mes \u00e9mergents avant qu&#039;ils ne s&#039;aggravent. Les \u00e9l\u00e9ments cl\u00e9s de la planification de la maintenance pr\u00e9ventive peuvent inclure\u00a0:<\/p>\n<ul data-start=\"5523\" data-end=\"5820\">\n<li data-start=\"5523\" data-end=\"5583\">\n<p data-start=\"5525\" data-end=\"5583\">Inspections m\u00e9caniques de routine et \u00e9valuations de l&#039;\u00e9tat<\/p>\n<\/li>\n<li data-start=\"5584\" data-end=\"5627\">\n<p data-start=\"5586\" data-end=\"5627\">Analyse des vibrations et surveillance des tendances<\/p>\n<\/li>\n<li data-start=\"5628\" data-end=\"5679\">\n<p data-start=\"5630\" data-end=\"5679\">\u00c9chantillonnage d&#039;huile et suivi de l&#039;\u00e9tat de la lubrification<\/p>\n<\/li>\n<li data-start=\"5680\" data-end=\"5723\">\n<p data-start=\"5682\" data-end=\"5723\">Mesure de l&#039;usure des composants critiques<\/p>\n<\/li>\n<li data-start=\"5724\" data-end=\"5768\">\n<p data-start=\"5726\" data-end=\"5768\">Remplacement programm\u00e9 des pi\u00e8ces \u00e0 forte usure<\/p>\n<\/li>\n<li data-start=\"5769\" data-end=\"5820\">\n<p data-start=\"5771\" data-end=\"5820\">Contr\u00f4les d&#039;alignement et v\u00e9rification dynamique de l&#039;\u00e9quilibre<\/p>\n<\/li>\n<\/ul>\n<p data-start=\"5822\" data-end=\"6142\">En planifiant les interventions de maintenance \u00e0 partir des donn\u00e9es op\u00e9rationnelles, les installations peuvent am\u00e9liorer leur disponibilit\u00e9, ma\u00eetriser les co\u00fbts de maintenance et programmer les interventions lors des arr\u00eats planifi\u00e9s. Sentrimax propose \u00e9galement des contrats de service structur\u00e9s garantissant une couverture continue, une intervention prioritaire et une planification de maintenance pr\u00e9visible \u00e0 long terme.<\/p>\n<hr data-start=\"6144\" data-end=\"6147\" \/>\n<h2 data-start=\"6149\" data-end=\"6200\">Soutien aux objectifs de conformit\u00e9 et op\u00e9rationnels<\/h2>\n<p data-start=\"6202\" data-end=\"6611\">Des performances constantes des centrifugeuses contribuent au respect des normes environnementales, \u00e0 l&#039;efficacit\u00e9 du traitement des solides et \u00e0 la stabilit\u00e9 globale des proc\u00e9d\u00e9s. Une s\u00e9paration inefficace ou une instabilit\u00e9 m\u00e9canique peuvent accro\u00eetre les volumes transport\u00e9s, surcharger les syst\u00e8mes en aval et augmenter le risque de non-conformit\u00e9 aux permis. Les services de Sentrimax aident les installations \u00e0 maintenir des performances conformes aux objectifs de proc\u00e9d\u00e9s et aux exigences r\u00e9glementaires.<\/p>\n<p data-start=\"6613\" data-end=\"6976\">Pour des orientations sectorielles plus g\u00e9n\u00e9rales, les \u00e9tablissements peuvent se r\u00e9f\u00e9rer \u00e0 <strong data-start=\"6673\" data-end=\"6719\">Agence am\u00e9ricaine de protection de l&#039;environnement (EPA)<\/strong> \u00e0 <a class=\"decorated-link cursor-pointer\" target=\"_new\" rel=\"noopener\" data-start=\"6723\" data-end=\"6748\">https:\/\/www.epa.gov\/water<\/a> Pour en savoir plus sur les normes de traitement des eaux us\u00e9es et les cadres de conformit\u00e9, consultez [lien manquant]. Des ressources techniques suppl\u00e9mentaires et des exemples de bonnes pratiques op\u00e9rationnelles sont disponibles via [lien manquant]. <strong data-start=\"6913\" data-end=\"6951\">F\u00e9d\u00e9ration pour l&#039;environnement de l&#039;eau (WEF)<\/strong> \u00e0 <a class=\"decorated-link\" href=\"https:\/\/www.wef.org\/\" target=\"_new\" rel=\"noopener\" data-start=\"6955\" data-end=\"6975\">https:\/\/www.wef.org\/<\/a>.<\/p>\n<hr data-start=\"6978\" data-end=\"6981\" \/>\n<h2 data-start=\"6983\" data-end=\"7024\">Pourquoi les entreprises de Dallas choisissent Sentrimax<\/h2>\n<p data-start=\"7026\" data-end=\"7375\">Dans toute la r\u00e9gion de Dallas, les op\u00e9rateurs choisissent Sentrimax pour l&#039;entretien de leurs centrifugeuses d\u00e9canteuses Bird en raison de son expertise technique, de sa r\u00e9activit\u00e9 et de son engagement envers la qualit\u00e9. Les techniciens de Sentrimax ma\u00eetrisent la dynamique m\u00e9canique des \u00e9quipements de s\u00e9paration \u00e0 grande vitesse et les contraintes op\u00e9rationnelles auxquelles sont confront\u00e9es les installations de traitement des eaux us\u00e9es et les sites industriels.<\/p>\n<p data-start=\"7377\" data-end=\"7768\">Pour chaque intervention, Sentrimax privil\u00e9gie une communication claire et une documentation compl\u00e8te. Les installations re\u00e7oivent des rapports d\u00e9taill\u00e9s pr\u00e9sentant les r\u00e9sultats des diagnostics, les actions correctives mises en \u0153uvre, les composants remplac\u00e9s et des recommandations pour la planification de la maintenance future. Ces informations permettent aux \u00e9quipes d&#039;exploitation de prendre des d\u00e9cisions \u00e9clair\u00e9es, garantissant ainsi la fiabilit\u00e9 \u00e0 long terme des \u00e9quipements.<\/p>\n<p data-start=\"7770\" data-end=\"7865\">Pour une expertise sp\u00e9cifique en mati\u00e8re de centrifugeuses pour le traitement des eaux us\u00e9es, voir <a class=\"decorated-link cursor-pointer\" target=\"_new\" rel=\"noopener\" data-start=\"7820\" data-end=\"7864\">https:\/\/sentrimax.com\/industries\/wastewater\/<\/a>.<\/p>\n<hr data-start=\"7867\" data-end=\"7870\" \/>\n<h2 data-start=\"7872\" data-end=\"7920\">Assistance compl\u00e8te, de l&#039;\u00e9valuation au d\u00e9marrage<\/h2>\n<p data-start=\"7922\" data-end=\"8036\">Sentrimax offre une assistance compl\u00e8te qui va au-del\u00e0 de la simple r\u00e9paration des composants. Ses techniciens sur site interviennent \u00e9galement pour\u00a0:<\/p>\n<ul data-start=\"8038\" data-end=\"8254\">\n<li data-start=\"8038\" data-end=\"8084\">\n<p data-start=\"8040\" data-end=\"8084\">Coordination du gr\u00e9age et du retrait du mat\u00e9riel<\/p>\n<\/li>\n<li data-start=\"8085\" data-end=\"8137\">\n<p data-start=\"8087\" data-end=\"8137\">v\u00e9rification de l&#039;alignement et des dimensions<\/p>\n<\/li>\n<li data-start=\"8138\" data-end=\"8185\">\n<p data-start=\"8140\" data-end=\"8185\">Assistance \u00e0 la r\u00e9installation et essais sur le terrain<\/p>\n<\/li>\n<li data-start=\"8186\" data-end=\"8216\">\n<p data-start=\"8188\" data-end=\"8216\">Assistance au d\u00e9marrage et r\u00e9glage<\/p>\n<\/li>\n<li data-start=\"8217\" data-end=\"8254\">\n<p data-start=\"8219\" data-end=\"8254\">\u00c9valuation des performances apr\u00e8s la prestation de services<\/p>\n<\/li>\n<\/ul>\n<p data-start=\"8256\" data-end=\"8590\">Cette approche globale garantit que les centrifugeuses d\u00e9canteuses Bird r\u00e9par\u00e9es ou remises \u00e0 neuf reprennent du service en toute s\u00e9curit\u00e9, avec une efficacit\u00e9 optimale et conform\u00e9ment aux sp\u00e9cifications techniques. En combinant expertise technique et exp\u00e9rience pratique sur le terrain, Sentrimax aide les installations de Dallas \u00e0 am\u00e9liorer la disponibilit\u00e9 de leurs \u00e9quipements, \u00e0 prolonger leur dur\u00e9e de vie et \u00e0 prot\u00e9ger leurs actifs critiques.<\/p>\n<hr data-start=\"8592\" data-end=\"8595\" \/>\n<h2 data-start=\"8597\" data-end=\"8641\">Am\u00e9lioration continue par le suivi<\/h2>\n<p data-start=\"8643\" data-end=\"9054\">La fiabilit\u00e9 \u00e0 long terme des centrifugeuses repose sur des strat\u00e9gies de maintenance bas\u00e9es sur les donn\u00e9es. Sentrimax accompagne les installations dans le suivi des tendances de performance, telles que les donn\u00e9es de vibration, les r\u00e9sultats d&#039;analyse d&#039;huile et les profils d&#039;usure. L&#039;analyse de ces informations au fil du temps permet d&#039;anticiper les besoins de maintenance, d&#039;optimiser les calendriers d&#039;entretien et d&#039;affiner la planification des r\u00e9parations afin de r\u00e9duire les temps d&#039;arr\u00eat impr\u00e9vus et le co\u00fbt total de possession.<\/p>\n<hr data-start=\"9056\" data-end=\"9059\" \/>\n<h2 data-start=\"9061\" data-end=\"9117\">Service de centrifugation pour d\u00e9canteurs d&#039;oiseaux \u00e0 Dallas, Texas<\/h2>\n<p data-start=\"9119\" data-end=\"9475\">\u00c0 Dallas, au Texas, les entreprises font confiance \u00e0 Sentrimax pour l&#039;entretien et la maintenance de leurs centrifugeuses d\u00e9canteuses Bird. Sentrimax leur offre un soutien fiable, une r\u00e9activit\u00e9 optimale et des r\u00e9sultats professionnels. Qu&#039;il s&#039;agisse de d\u00e9pannages urgents, de planification de la maintenance pr\u00e9ventive ou de remises \u00e0 neuf compl\u00e8tes, Sentrimax propose des solutions con\u00e7ues pour garantir le fonctionnement optimal de vos centrifugeuses.<\/p>\n<p data-start=\"9477\" data-end=\"9531\"><strong data-start=\"9477\" data-end=\"9531\"><a class=\"decorated-link\" href=\"https:\/\/sentrimax.com\/fr\/contact\/\" target=\"_new\" rel=\"noopener\" data-start=\"9479\" data-end=\"9529\">Demandez un devis !<\/a><\/strong><\/p>","protected":false},"excerpt":{"rendered":"<p>Sentrimax provides professional Bird decanter centrifuge service for wastewater treatment plants and industrial facilities throughout Dallas, Texas. Bird decanter centrifuges are critical machines in solids-liquid separation applications, and when they experience wear, vibration, or performance decline, reliable service is essential to maintain process continuity, regulatory compliance, and operational efficiency. With decades of experience serving high-speed [&hellip;]<\/p>\n","protected":false},"author":3,"featured_media":0,"parent":0,"menu_order":0,"comment_status":"closed","ping_status":"closed","template":"seo-page-template.php","meta":{"_acf_changed":false,"inline_featured_image":false,"footnotes":""},"class_list":["post-2305","page","type-page","status-publish","hentry"],"acf":[],"_links":{"self":[{"href":"https:\/\/sentrimax.com\/fr\/wp-json\/wp\/v2\/pages\/2305","targetHints":{"allow":["GET"]}}],"collection":[{"href":"https:\/\/sentrimax.com\/fr\/wp-json\/wp\/v2\/pages"}],"about":[{"href":"https:\/\/sentrimax.com\/fr\/wp-json\/wp\/v2\/types\/page"}],"author":[{"embeddable":true,"href":"https:\/\/sentrimax.com\/fr\/wp-json\/wp\/v2\/users\/3"}],"replies":[{"embeddable":true,"href":"https:\/\/sentrimax.com\/fr\/wp-json\/wp\/v2\/comments?post=2305"}],"version-history":[{"count":1,"href":"https:\/\/sentrimax.com\/fr\/wp-json\/wp\/v2\/pages\/2305\/revisions"}],"predecessor-version":[{"id":2520,"href":"https:\/\/sentrimax.com\/fr\/wp-json\/wp\/v2\/pages\/2305\/revisions\/2520"}],"wp:attachment":[{"href":"https:\/\/sentrimax.com\/fr\/wp-json\/wp\/v2\/media?parent=2305"}],"curies":[{"name":"wp","href":"https:\/\/api.w.org\/{rel}","templated":true}]}}