{"id":2306,"date":"2026-01-07T16:48:56","date_gmt":"2026-01-07T16:48:56","guid":{"rendered":"https:\/\/sentrimax.com\/?page_id=2306"},"modified":"2026-04-21T21:14:26","modified_gmt":"2026-04-21T21:14:26","slug":"bird-centrifuge-parts-in-denver-co","status":"publish","type":"page","link":"https:\/\/sentrimax.com\/fr\/bird-centrifuge-parts-in-denver-co\/","title":{"rendered":"Pi\u00e8ces d\u00e9tach\u00e9es pour centrifugeuses \u00e0 oiseaux \u00e0 Denver, Colorado"},"content":{"rendered":"<p data-start=\"268\" data-end=\"962\"><img fetchpriority=\"high\" decoding=\"async\" class=\"aligncenter size-full wp-image-1612\" src=\"https:\/\/sentrimax.com\/wp-content\/uploads\/2025\/07\/Environmental-services.png\" alt=\"\" width=\"1536\" height=\"1024\" srcset=\"https:\/\/sentrimax.com\/wp-content\/uploads\/2025\/07\/Environmental-services.png 1536w, https:\/\/sentrimax.com\/wp-content\/uploads\/2025\/07\/Environmental-services-300x200.png 300w, https:\/\/sentrimax.com\/wp-content\/uploads\/2025\/07\/Environmental-services-1024x683.png 1024w, https:\/\/sentrimax.com\/wp-content\/uploads\/2025\/07\/Environmental-services-768x512.png 768w, https:\/\/sentrimax.com\/wp-content\/uploads\/2025\/07\/Environmental-services-600x400.png 600w\" sizes=\"(max-width: 1536px) 100vw, 1536px\" \/><\/p>\n<p data-start=\"268\" data-end=\"962\">Sentrimax fournit des pi\u00e8ces de haute qualit\u00e9 pour centrifugeuses Bird aux stations d&#039;\u00e9puration, aux entreprises de transformation industrielle et aux sites de production manufacturi\u00e8re dans le monde entier. <strong data-start=\"421\" data-end=\"441\">Denver, Colorado<\/strong>. Des pi\u00e8ces de rechange fiables sont essentielles pour garantir des performances optimales de s\u00e9paration solide-liquide dans les applications exigeantes. Les centrifugeuses Bird sont con\u00e7ues pour un usage intensif, mais leur fonctionnement continu avec des solides abrasifs, des couples \u00e9lev\u00e9s et des conditions d&#039;alimentation variables entra\u00eene naturellement une usure des roulements, des joints, des spirales et autres pi\u00e8ces critiques. Sentrimax aide les installations de Denver \u00e0 trouver les pi\u00e8ces de rechange adapt\u00e9es pour r\u00e9tablir les performances, prolonger la dur\u00e9e de vie des \u00e9quipements et faciliter la planification de la maintenance pr\u00e9ventive.<\/p>\n<hr data-start=\"964\" data-end=\"967\" \/>\n<h2 data-start=\"969\" data-end=\"1013\">Assistance locale pour les op\u00e9rations de Denver<\/h2>\n<p data-start=\"1015\" data-end=\"1460\">Des installations dans tout le <strong data-start=\"1041\" data-end=\"1069\">r\u00e9gion m\u00e9tropolitaine de Denver<\/strong> Les performances des centrifugeuses sont essentielles pour atteindre les objectifs de d\u00e9bit, optimiser les processus et garantir la conformit\u00e9 environnementale. En cas d&#039;usure ou de panne de composants cl\u00e9s, un acc\u00e8s rapide \u00e0 des pi\u00e8ces de rechange de qualit\u00e9 est indispensable pour minimiser les temps d&#039;arr\u00eat. Sentrimax propose un service d&#039;assistance technique et de pi\u00e8ces d\u00e9tach\u00e9es r\u00e9actif pour aider les op\u00e9rateurs de Denver \u00e0 s\u00e9lectionner des composants compatibles et \u00e0 planifier efficacement les remplacements.<\/p>\n<p data-start=\"1462\" data-end=\"1662\">En combinant la disponibilit\u00e9 locale et l&#039;expertise de ses \u00e9quipes avec un approvisionnement fiable en pi\u00e8ces d\u00e9tach\u00e9es, Sentrimax aide les installations \u00e0 r\u00e9duire les d\u00e9lais logistiques, \u00e0 am\u00e9liorer la planification de la maintenance et \u00e0 remettre les \u00e9quipements en service plus rapidement.<\/p>\n<hr data-start=\"1664\" data-end=\"1667\" \/>\n<h2 data-start=\"1669\" data-end=\"1720\">S\u00e9lection compl\u00e8te de pi\u00e8ces pour centrifugeuses \u00e0 oiseaux<\/h2>\n<p data-start=\"1722\" data-end=\"1920\">Sentrimax permet aux installations de Denver d&#039;acc\u00e9der \u00e0 un vaste stock de pi\u00e8ces de rechange compatibles avec les centrifugeuses Bird utilis\u00e9es dans le traitement des eaux us\u00e9es, l&#039;industrie et les proc\u00e9d\u00e9s industriels. Les principaux composants sont les suivants\u00a0:<\/p>\n<ul data-start=\"1922\" data-end=\"2549\">\n<li data-start=\"1922\" data-end=\"2027\">\n<p data-start=\"1924\" data-end=\"2027\"><strong data-start=\"1924\" data-end=\"1959\">Roulements et ensembles de roulements<\/strong> con\u00e7u pour la rotation \u00e0 grande vitesse et les charges axiales et radiales importantes<\/p>\n<\/li>\n<li data-start=\"2028\" data-end=\"2121\">\n<p data-start=\"2030\" data-end=\"2121\"><strong data-start=\"2030\" data-end=\"2051\">Joints et garnitures<\/strong> pour prot\u00e9ger les composants internes contre les infiltrations de fluides et la contamination<\/p>\n<\/li>\n<li data-start=\"2122\" data-end=\"2218\">\n<p data-start=\"2124\" data-end=\"2218\"><strong data-start=\"2124\" data-end=\"2168\">Rev\u00eatements anti-usure et carreaux r\u00e9sistants \u00e0 l&#039;abrasion<\/strong> pour les bols, les logements de volutes et les zones \u00e0 forte usure<\/p>\n<\/li>\n<li data-start=\"2219\" data-end=\"2307\">\n<p data-start=\"2221\" data-end=\"2307\"><strong data-start=\"2221\" data-end=\"2255\">Composants de volute et de convoyeur<\/strong> qui assurent le transport des solides et l&#039;\u00e9vacuation des g\u00e2teaux<\/p>\n<\/li>\n<li data-start=\"2308\" data-end=\"2384\">\n<p data-start=\"2310\" data-end=\"2384\"><strong data-start=\"2310\" data-end=\"2342\">composants de bo\u00eete de vitesses et de transmission<\/strong> pour assurer une transmission de couple fiable<\/p>\n<\/li>\n<li data-start=\"2385\" data-end=\"2462\">\n<p data-start=\"2387\" data-end=\"2462\"><strong data-start=\"2387\" data-end=\"2425\">Bol, moyeu et ensembles rotatifs<\/strong> essentiel \u00e0 la performance de s\u00e9paration<\/p>\n<\/li>\n<li data-start=\"2463\" data-end=\"2549\">\n<p data-start=\"2465\" data-end=\"2549\"><strong data-start=\"2465\" data-end=\"2504\">Kits de fixation et de quincaillerie de service<\/strong> pour des t\u00e2ches de maintenance et de reconstruction fiables<\/p>\n<\/li>\n<\/ul>\n<p data-start=\"2551\" data-end=\"2710\">Ces pi\u00e8ces r\u00e9pondent aux besoins de r\u00e9paration r\u00e9active et aux programmes de maintenance proactive, aidant ainsi les op\u00e9rateurs de Denver \u00e0 maintenir leur temps de fonctionnement et \u00e0 am\u00e9liorer la fiabilit\u00e9 de la s\u00e9paration.<\/p>\n<p data-start=\"2712\" data-end=\"2819\">Pour plus d&#039;informations sur la disponibilit\u00e9 des pi\u00e8ces et l&#039;assistance, veuillez consulter le site web.<br data-start=\"2776\" data-end=\"2779\" \/><a class=\"decorated-link cursor-pointer\" target=\"_new\" rel=\"noopener\" data-start=\"2779\" data-end=\"2818\">https:\/\/sentrimax.com\/centrifuge-parts\/<\/a>.<\/p>\n<hr data-start=\"2821\" data-end=\"2824\" \/>\n<h2 data-start=\"2826\" data-end=\"2872\">Des pi\u00e8ces de haute qualit\u00e9 pour des performances fiables<\/h2>\n<p data-start=\"2874\" data-end=\"3452\">Les pi\u00e8ces de rechange conformes aux sp\u00e9cifications du fabricant d&#039;origine sont essentielles pour garantir les performances et la long\u00e9vit\u00e9 des \u00e9quipements rotatifs \u00e0 grande vitesse, tels que les centrifugeuses Bird. Sentrimax fournit des composants de qualit\u00e9 \u00e9quivalente \u00e0 celle des pi\u00e8ces d&#039;origine, dont la pr\u00e9cision dimensionnelle, l&#039;int\u00e9grit\u00e9 des mat\u00e9riaux et la compatibilit\u00e9 sont v\u00e9rifi\u00e9es avant exp\u00e9dition. Des roulements haute performance, des joints robustes et des rev\u00eatements r\u00e9sistants \u00e0 l&#039;abrasion contribuent \u00e0 r\u00e9duire les vibrations, \u00e0 am\u00e9liorer l&#039;\u00e9quilibrage et \u00e0 prolonger les intervalles d&#039;entretien, assurant ainsi aux installations de Denver la fiabilit\u00e9 des composants, m\u00eame dans des conditions d&#039;utilisation exigeantes.<\/p>\n<hr data-start=\"3454\" data-end=\"3457\" \/>\n<h2 data-start=\"3459\" data-end=\"3503\">Pi\u00e8ces qui soutiennent la maintenance pr\u00e9ventive<\/h2>\n<p data-start=\"3505\" data-end=\"3895\">Le remplacement proactif des pi\u00e8ces est une strat\u00e9gie cl\u00e9 pour une maintenance pr\u00e9ventive efficace. Sentrimax collabore avec les installations de Denver pour \u00e9laborer des plans de remplacement adapt\u00e9s aux heures de fonctionnement, \u00e0 la charge en solides, \u00e0 l&#039;historique d&#039;usure et aux donn\u00e9es de surveillance de l&#039;\u00e9tat des \u00e9quipements. En programmant les changements de pi\u00e8ces avant toute panne, les installations peuvent r\u00e9duire les r\u00e9parations d&#039;urgence, stabiliser les co\u00fbts de maintenance et am\u00e9liorer la disponibilit\u00e9 globale des \u00e9quipements.<\/p>\n<p data-start=\"3897\" data-end=\"3931\">Les strat\u00e9gies pr\u00e9ventives peuvent inclure\u00a0:<\/p>\n<ul data-start=\"3933\" data-end=\"4203\">\n<li data-start=\"3933\" data-end=\"4013\">\n<p data-start=\"3935\" data-end=\"4013\">Inspection et remplacement programm\u00e9s des roulements, des joints d&#039;\u00e9tanch\u00e9it\u00e9 et des pi\u00e8ces d&#039;usure<\/p>\n<\/li>\n<li data-start=\"4014\" data-end=\"4078\">\n<p data-start=\"4016\" data-end=\"4078\">Coordination des livraisons de pi\u00e8ces avec les fen\u00eatres de coupure planifi\u00e9es<\/p>\n<\/li>\n<li data-start=\"4079\" data-end=\"4128\">\n<p data-start=\"4081\" data-end=\"4128\">Suivi du taux d&#039;usure et pr\u00e9vision de la dur\u00e9e de vie des pi\u00e8ces<\/p>\n<\/li>\n<li data-start=\"4129\" data-end=\"4203\">\n<p data-start=\"4131\" data-end=\"4203\">Int\u00e9gration de la planification des pi\u00e8ces d\u00e9tach\u00e9es \u00e0 la planification des interventions sur site et des r\u00e9parations<\/p>\n<\/li>\n<\/ul>\n<p data-start=\"4205\" data-end=\"4317\">Planifier le remplacement des pi\u00e8ces de cette mani\u00e8re permet aux installations d&#039;\u00e9viter des r\u00e9parations r\u00e9actives co\u00fbteuses et de maximiser la dur\u00e9e de vie des composants.<\/p>\n<p data-start=\"4319\" data-end=\"4422\">Pour un service d&#039;assistance complet qui compl\u00e8te la fourniture de pi\u00e8ces d\u00e9tach\u00e9es, voir<br data-start=\"4378\" data-end=\"4381\" \/><a class=\"decorated-link cursor-pointer\" target=\"_new\" rel=\"noopener\" data-start=\"4381\" data-end=\"4421\">https:\/\/sentrimax.com\/centrifuge-repair\/<\/a>.<\/p>\n<hr data-start=\"4424\" data-end=\"4427\" \/>\n<h2 data-start=\"4429\" data-end=\"4466\">Guide des pi\u00e8ces ax\u00e9 sur l&#039;application<\/h2>\n<p data-start=\"4468\" data-end=\"4596\">Les centrifugeuses Bird servent \u00e0 diverses applications, et les besoins en pi\u00e8ces d\u00e9tach\u00e9es peuvent varier consid\u00e9rablement en fonction des conditions de traitement. Par exemple\u00a0:<\/p>\n<ul data-start=\"4598\" data-end=\"5014\">\n<li data-start=\"4598\" data-end=\"4738\">\n<p data-start=\"4600\" data-end=\"4738\">La d\u00e9shydratation des eaux us\u00e9es municipales implique g\u00e9n\u00e9ralement des boues abrasives et des mati\u00e8res solides variables, n\u00e9cessitant des rev\u00eatements anti-usure durables et des joints robustes.<\/p>\n<\/li>\n<li data-start=\"4739\" data-end=\"4889\">\n<p data-start=\"4741\" data-end=\"4889\">Les environnements de traitement industriel peuvent exposer les composants \u00e0 des produits chimiques corrosifs ou \u00e0 des temp\u00e9ratures \u00e9lev\u00e9es, ce qui n\u00e9cessite des mat\u00e9riaux r\u00e9sistants \u00e0 la corrosion.<\/p>\n<\/li>\n<li data-start=\"4890\" data-end=\"5014\">\n<p data-start=\"4892\" data-end=\"5014\">La manutention des biosolides et des boues n\u00e9cessite souvent des roulements et des composants de bo\u00eete de vitesses capables de supporter un fonctionnement continu et des charges importantes.<\/p>\n<\/li>\n<\/ul>\n<p data-start=\"5016\" data-end=\"5128\">Sentrimax aide les op\u00e9rateurs de Denver \u00e0 s\u00e9lectionner les pi\u00e8ces qui correspondent aux exigences de l&#039;application et aux objectifs de performance.<\/p>\n<p data-start=\"5130\" data-end=\"5242\">Pour plus d&#039;informations sur les applications et le soutien en mati\u00e8re de traitement des eaux us\u00e9es, consultez<br data-start=\"5194\" data-end=\"5197\" \/><a class=\"decorated-link cursor-pointer\" target=\"_new\" rel=\"noopener\" data-start=\"5197\" data-end=\"5241\">https:\/\/sentrimax.com\/industries\/wastewater\/<\/a>.<\/p>\n<hr data-start=\"5244\" data-end=\"5247\" \/>\n<h2 data-start=\"5249\" data-end=\"5301\">Soutien \u00e0 la fiabilit\u00e9 op\u00e9rationnelle et \u00e0 la conformit\u00e9<\/h2>\n<p data-start=\"5303\" data-end=\"5663\">Le bon fonctionnement des centrifugeuses contribue \u00e0 la stabilit\u00e9 des proc\u00e9d\u00e9s, \u00e0 l&#039;augmentation du d\u00e9bit et au respect des normes environnementales. Les pi\u00e8ces us\u00e9es ou endommag\u00e9es peuvent r\u00e9duire l&#039;efficacit\u00e9 de la s\u00e9paration, accro\u00eetre les volumes transport\u00e9s et perturber les proc\u00e9d\u00e9s en aval. Le remplacement des composants us\u00e9s par des pi\u00e8ces de qualit\u00e9 permet aux installations de maintenir un fonctionnement constant et de r\u00e9pondre aux objectifs r\u00e9glementaires.<\/p>\n<p data-start=\"5665\" data-end=\"6000\">Pour obtenir des conseils faisant autorit\u00e9 sur les normes de traitement des eaux us\u00e9es et les exigences environnementales, les exploitants peuvent consulter le <strong data-start=\"5784\" data-end=\"5830\">Agence am\u00e9ricaine de protection de l&#039;environnement (EPA)<\/strong> \u00e0 <a class=\"decorated-link cursor-pointer\" target=\"_new\" rel=\"noopener\" data-start=\"5834\" data-end=\"5859\">https:\/\/www.epa.gov\/water<\/a>. Des ressources techniques suppl\u00e9mentaires et des bonnes pratiques sont disponibles via le <strong data-start=\"5937\" data-end=\"5975\">F\u00e9d\u00e9ration pour l&#039;environnement de l&#039;eau (WEF)<\/strong> \u00e0 <a class=\"decorated-link\" href=\"https:\/\/www.wef.org\/\" target=\"_new\" rel=\"noopener\" data-start=\"5979\" data-end=\"5999\">https:\/\/www.wef.org\/<\/a>.<\/p>\n<hr data-start=\"6002\" data-end=\"6005\" \/>\n<h2 data-start=\"6007\" data-end=\"6048\">Pourquoi les entreprises de Denver choisissent Sentrimax<\/h2>\n<p data-start=\"6050\" data-end=\"6369\">Les entreprises de Denver choisissent Sentrimax pour les pi\u00e8ces de leurs centrifugeuses Bird en raison de son assistance technique, de sa r\u00e9activit\u00e9 et de son engagement envers la qualit\u00e9. Sentrimax aide ses clients \u00e0 identifier les composants ad\u00e9quats, \u00e0 v\u00e9rifier leur compatibilit\u00e9 avec les \u00e9quipements existants et \u00e0 planifier le remplacement des pi\u00e8ces en fonction de leurs objectifs de maintenance.<\/p>\n<p data-start=\"6371\" data-end=\"6686\">Chaque commande est accompagn\u00e9e d&#039;une documentation compl\u00e8te, fournissant les sp\u00e9cifications des pi\u00e8ces et leur tra\u00e7abilit\u00e9, et s&#039;int\u00e9grant aux dossiers de maintenance et \u00e0 la planification de la gestion des actifs. Notre \u00e9quipe d&#039;assistance est disponible pour r\u00e9pondre \u00e0 vos questions concernant le choix des pi\u00e8ces, leur compatibilit\u00e9 et la planification des interventions, afin de garantir une coordination optimale avec les activit\u00e9s de service.<\/p>\n<hr data-start=\"6688\" data-end=\"6691\" \/>\n<h2 data-start=\"6693\" data-end=\"6739\">Commande de pi\u00e8ces pour centrifugeuse \u00e0 oiseaux \u00e0 Denver, Colorado<\/h2>\n<p data-start=\"6741\" data-end=\"7061\">Commander des pi\u00e8ces chez Sentrimax est con\u00e7u pour \u00eatre efficace et simple d&#039;utilisation. Les \u00e9tablissements peuvent demander des devis d\u00e9taill\u00e9s incluant les r\u00e9f\u00e9rences des pi\u00e8ces, les prix, les d\u00e9lais de livraison et la confirmation de compatibilit\u00e9. Des options de livraison express sont disponibles pour les composants urgents n\u00e9cessaires suite \u00e0 des arr\u00eats planifi\u00e9s ou des pannes impr\u00e9vues.<\/p>\n<p data-start=\"7063\" data-end=\"7223\">Disposer de pi\u00e8ces d\u00e9tach\u00e9es fiables en stock permet aux installations de Denver de minimiser les temps d&#039;arr\u00eat impr\u00e9vus, de ma\u00eetriser les co\u00fbts de maintenance et d&#039;am\u00e9liorer la fiabilit\u00e9 des performances des centrifugeuses.<\/p>\n<hr data-start=\"7225\" data-end=\"7228\" \/>\n<h2 data-start=\"7230\" data-end=\"7275\">Pi\u00e8ces d\u00e9tach\u00e9es pour centrifugeuse \u00e0 oiseaux disponibles \u00e0 Denver, Colorado.<\/h2>\n<p data-start=\"7277\" data-end=\"7511\">Assurez le bon fonctionnement de votre centrifugeuse Bird gr\u00e2ce aux pi\u00e8ces de rechange de qualit\u00e9 Sentrimax. Roulements, joints, rev\u00eatements anti-usure, ensembles rotatifs\u00a0: Sentrimax fournit des pi\u00e8ces et un support fiables pour les op\u00e9rations \u00e0 Denver.<\/p>\n<p data-start=\"7513\" data-end=\"7567\"><strong data-start=\"7513\" data-end=\"7567\"><a class=\"decorated-link\" href=\"https:\/\/sentrimax.com\/fr\/contact\/\" target=\"_new\" rel=\"noopener\" data-start=\"7515\" data-end=\"7565\">Demandez un devis !<\/a><\/strong><\/p>","protected":false},"excerpt":{"rendered":"<p>Sentrimax supplies high-quality Bird centrifuge parts to wastewater treatment facilities, industrial processors, and manufacturing operations throughout Denver, Colorado. Reliable replacement components are essential to maintaining dependable solids-liquid separation performance in demanding applications. Bird centrifuges are built for rugged duty, but continuous operation with abrasive solids, high torque loads, and variable feed conditions naturally leads to [&hellip;]<\/p>\n","protected":false},"author":3,"featured_media":0,"parent":0,"menu_order":0,"comment_status":"closed","ping_status":"closed","template":"seo-page-template.php","meta":{"_acf_changed":false,"inline_featured_image":false,"footnotes":""},"class_list":["post-2306","page","type-page","status-publish","hentry"],"acf":[],"_links":{"self":[{"href":"https:\/\/sentrimax.com\/fr\/wp-json\/wp\/v2\/pages\/2306","targetHints":{"allow":["GET"]}}],"collection":[{"href":"https:\/\/sentrimax.com\/fr\/wp-json\/wp\/v2\/pages"}],"about":[{"href":"https:\/\/sentrimax.com\/fr\/wp-json\/wp\/v2\/types\/page"}],"author":[{"embeddable":true,"href":"https:\/\/sentrimax.com\/fr\/wp-json\/wp\/v2\/users\/3"}],"replies":[{"embeddable":true,"href":"https:\/\/sentrimax.com\/fr\/wp-json\/wp\/v2\/comments?post=2306"}],"version-history":[{"count":1,"href":"https:\/\/sentrimax.com\/fr\/wp-json\/wp\/v2\/pages\/2306\/revisions"}],"predecessor-version":[{"id":2519,"href":"https:\/\/sentrimax.com\/fr\/wp-json\/wp\/v2\/pages\/2306\/revisions\/2519"}],"wp:attachment":[{"href":"https:\/\/sentrimax.com\/fr\/wp-json\/wp\/v2\/media?parent=2306"}],"curies":[{"name":"wp","href":"https:\/\/api.w.org\/{rel}","templated":true}]}}