{"id":2307,"date":"2026-01-07T16:50:33","date_gmt":"2026-01-07T16:50:33","guid":{"rendered":"https:\/\/sentrimax.com\/?page_id=2307"},"modified":"2026-04-21T21:14:25","modified_gmt":"2026-04-21T21:14:25","slug":"gea-westfalia-centrifuge-repair-in-chicago-il","status":"publish","type":"page","link":"https:\/\/sentrimax.com\/fr\/gea-westfalia-centrifuge-repair-in-chicago-il\/","title":{"rendered":"R\u00e9paration de centrifugeuse GEA Westfalia \u00e0 Chicago IL"},"content":{"rendered":"<p data-start=\"294\" data-end=\"1024\"><img fetchpriority=\"high\" decoding=\"async\" class=\"aligncenter size-full wp-image-1610\" src=\"https:\/\/sentrimax.com\/wp-content\/uploads\/2025\/07\/Chemicals-scaled.jpg\" alt=\"\" width=\"2560\" height=\"1748\" srcset=\"https:\/\/sentrimax.com\/wp-content\/uploads\/2025\/07\/Chemicals-scaled.jpg 2560w, https:\/\/sentrimax.com\/wp-content\/uploads\/2025\/07\/Chemicals-300x205.jpg 300w, https:\/\/sentrimax.com\/wp-content\/uploads\/2025\/07\/Chemicals-1024x699.jpg 1024w, https:\/\/sentrimax.com\/wp-content\/uploads\/2025\/07\/Chemicals-768x524.jpg 768w, https:\/\/sentrimax.com\/wp-content\/uploads\/2025\/07\/Chemicals-1536x1049.jpg 1536w, https:\/\/sentrimax.com\/wp-content\/uploads\/2025\/07\/Chemicals-2048x1398.jpg 2048w, https:\/\/sentrimax.com\/wp-content\/uploads\/2025\/07\/Chemicals-600x410.jpg 600w\" sizes=\"(max-width: 2560px) 100vw, 2560px\" \/><\/p>\n<p data-start=\"294\" data-end=\"1024\">Sentrimax fournit des services de r\u00e9paration sp\u00e9cialis\u00e9s pour les centrifugeuses GEA Westfalia destin\u00e9es aux installations industrielles, agroalimentaires et de traitement des eaux us\u00e9es municipales. <strong data-start=\"441\" data-end=\"462\">Chicago, Illinois<\/strong>. Les d\u00e9canteurs et centrifugeuses s\u00e9parateurs Westfalia sont essentiels aux proc\u00e9d\u00e9s de s\u00e9paration continue solide-liquide. En cas de probl\u00e8me m\u00e9canique ou de baisse de performance, les installations ont besoin d&#039;un service d&#039;entretien r\u00e9actif et exp\u00e9riment\u00e9 pour minimiser les temps d&#039;arr\u00eat et pr\u00e9server la productivit\u00e9. Forts de plusieurs d\u00e9cennies d&#039;exp\u00e9rience pratique dans la maintenance d&#039;\u00e9quipements de s\u00e9paration \u00e0 grande vitesse, <strong data-start=\"822\" data-end=\"835\">Sentrimax<\/strong> propose des diagnostics fiables, des r\u00e9parations m\u00e9caniques de pr\u00e9cision, la remise \u00e0 neuf de composants et des solutions de service compl\u00e8tes con\u00e7ues pour restaurer les performances des \u00e9quipements et prolonger leur dur\u00e9e de vie.<\/p>\n<p data-start=\"1026\" data-end=\"1427\">Les centrifugeuses GEA Westfalia sont con\u00e7ues pour un usage industriel intensif, mais l&#039;exposition constante \u00e0 des particules abrasives, aux variations de l&#039;alimentation et aux couples \u00e9lev\u00e9s peut acc\u00e9l\u00e9rer l&#039;usure des roulements, des joints, des spirales et des composants de la bo\u00eete de vitesses. Sentrimax ma\u00eetrise la conception de ces machines et applique des m\u00e9thodes de r\u00e9paration \u00e9prouv\u00e9es qui r\u00e9duisent les risques op\u00e9rationnels tout en am\u00e9liorant leur fiabilit\u00e9 globale.<\/p>\n<hr data-start=\"1429\" data-end=\"1432\" \/>\n<h2 data-start=\"1434\" data-end=\"1493\">Soutien aux op\u00e9rations de s\u00e9paration critiques \u00e0 travers Chicago<\/h2>\n<p data-start=\"1495\" data-end=\"2077\">Des installations dans tout le <strong data-start=\"1521\" data-end=\"1550\">r\u00e9gion m\u00e9tropolitaine de Chicago<\/strong> Les centrifugeuses Westfalia sont indispensables pour maintenir le d\u00e9bit, atteindre les objectifs de qualit\u00e9 et garantir la conformit\u00e9 r\u00e9glementaire. Dans les stations d&#039;\u00e9puration, la fiabilit\u00e9 des centrifugeuses contribue \u00e0 optimiser l&#039;efficacit\u00e9 de la d\u00e9shydratation et \u00e0 ma\u00eetriser les co\u00fbts de traitement des boues. Dans les usines agroalimentaires, une s\u00e9paration homog\u00e8ne garantit la qualit\u00e9 des produits et l&#039;efficacit\u00e9 des proc\u00e9d\u00e9s. En cas de probl\u00e8mes tels que vibrations excessives, augmentation du bruit, r\u00e9duction du couple, fuites d&#039;\u00e9tanch\u00e9it\u00e9 ou dysfonctionnement des commandes, une strat\u00e9gie de r\u00e9paration efficace est essentielle.<\/p>\n<p data-start=\"2079\" data-end=\"2474\">Sentrimax propose un service d&#039;assistance technique local et r\u00e9actif \u00e0 Chicago et dans les environs. Nos techniciens sont disponibles pour r\u00e9aliser des \u00e9valuations rapides, des diagnostics pr\u00e9cis et des r\u00e9parations cibl\u00e9es, en tenant compte des contraintes budg\u00e9taires et du planning d&#039;exploitation de chaque installation. Notre objectif\u00a0: r\u00e9duire les d\u00e9lais de r\u00e9paration et garantir un retour en service fiable et s\u00e9curis\u00e9 des centrifugeuses.<\/p>\n<hr data-start=\"2476\" data-end=\"2479\" \/>\n<h2 data-start=\"2481\" data-end=\"2536\">Pourquoi la r\u00e9paration professionnelle des centrifugeuses Westfalia est importante<\/h2>\n<p data-start=\"2538\" data-end=\"2954\">Les \u00e9quipements GEA Westfalia sont des machines de pr\u00e9cision aux tol\u00e9rances m\u00e9caniques strictes et aux ensembles rotatifs complexes. Des r\u00e9parations inad\u00e9quates peuvent entra\u00eener une usure pr\u00e9matur\u00e9e, des vibrations, un d\u00e9s\u00e9quilibre ou une d\u00e9faillance pr\u00e9matur\u00e9e des composants. Les techniciens de Sentrimax sont form\u00e9s pour suivre les proc\u00e9dures document\u00e9es et les meilleures pratiques lors de la maintenance des centrifugeuses Westfalia, en s&#039;attachant \u00e0 la fois \u00e0 r\u00e9soudre les sympt\u00f4mes et \u00e0 identifier la cause premi\u00e8re du probl\u00e8me.<\/p>\n<p data-start=\"2956\" data-end=\"3263\">Une r\u00e9paration r\u00e9ussie ne se limite pas \u00e0 corriger le d\u00e9faut visible\u00a0; elle examine \u00e9galement les facteurs contributifs tels que le d\u00e9salignement, la d\u00e9faillance de la lubrification, le d\u00e9s\u00e9quilibre, la fatigue des roulements ou les contraintes li\u00e9es au processus. Cette approche globale permet aux installations de r\u00e9duire les pannes r\u00e9currentes et d\u2019am\u00e9liorer durablement leurs performances.<\/p>\n<hr data-start=\"3265\" data-end=\"3268\" \/>\n<h2 data-start=\"3270\" data-end=\"3323\">Services complets de r\u00e9paration de centrifugeuses Westfalia<\/h2>\n<p data-start=\"3325\" data-end=\"3481\">Sentrimax propose une gamme compl\u00e8te de services de r\u00e9paration de centrifugeuses GEA Westfalia con\u00e7us pour accompagner les installations de Chicago \u00e0 toutes les \u00e9tapes du cycle de maintenance\u00a0:<\/p>\n<ul data-start=\"3483\" data-end=\"4006\">\n<li data-start=\"3483\" data-end=\"3546\">\n<p data-start=\"3485\" data-end=\"3546\"><strong data-start=\"3485\" data-end=\"3544\">Inspection m\u00e9canique et \u00e9valuation d\u00e9taill\u00e9e de l&#039;\u00e9tat<\/strong><\/p>\n<\/li>\n<li data-start=\"3547\" data-end=\"3598\">\n<p data-start=\"3549\" data-end=\"3598\"><strong data-start=\"3549\" data-end=\"3596\">Diagnostic des d\u00e9faillances et analyse des causes profondes<\/strong><\/p>\n<\/li>\n<li data-start=\"3599\" data-end=\"3660\">\n<p data-start=\"3601\" data-end=\"3660\"><strong data-start=\"3601\" data-end=\"3658\">D\u00e9pose, remplacement et alignement de pr\u00e9cision des roulements<\/strong><\/p>\n<\/li>\n<li data-start=\"3661\" data-end=\"3724\">\n<p data-start=\"3663\" data-end=\"3724\"><strong data-start=\"3663\" data-end=\"3722\">Remise \u00e0 neuf ou remplacement des bols, des volutes et des convoyeurs<\/strong><\/p>\n<\/li>\n<li data-start=\"3725\" data-end=\"3785\">\n<p data-start=\"3727\" data-end=\"3785\"><strong data-start=\"3727\" data-end=\"3783\">Inspection, r\u00e9fection et v\u00e9rification du couple de la bo\u00eete de vitesses<\/strong><\/p>\n<\/li>\n<li data-start=\"3786\" data-end=\"3838\">\n<p data-start=\"3788\" data-end=\"3838\"><strong data-start=\"3788\" data-end=\"3836\">\u00c9quilibrage dynamique selon les tol\u00e9rances du fabricant<\/strong><\/p>\n<\/li>\n<li data-start=\"3839\" data-end=\"3892\">\n<p data-start=\"3841\" data-end=\"3892\"><strong data-start=\"3841\" data-end=\"3890\">Am\u00e9liorations du remplacement des joints et de la protection contre l&#039;usure<\/strong><\/p>\n<\/li>\n<li data-start=\"3893\" data-end=\"3952\">\n<p data-start=\"3895\" data-end=\"3952\"><strong data-start=\"3895\" data-end=\"3950\">Assistance au d\u00e9pannage des syst\u00e8mes de contr\u00f4le et d&#039;instrumentation<\/strong><\/p>\n<\/li>\n<li data-start=\"3953\" data-end=\"4006\">\n<p data-start=\"3955\" data-end=\"4006\"><strong data-start=\"3955\" data-end=\"4006\">V\u00e9rification des performances et assistance au d\u00e9marrage<\/strong><\/p>\n<\/li>\n<\/ul>\n<p data-start=\"4008\" data-end=\"4274\">Chaque intervention est r\u00e9alis\u00e9e selon des proc\u00e9dures document\u00e9es, conformes aux normes du constructeur et aux meilleures pratiques du secteur. Les techniciens analysent l&#039;ensemble du syst\u00e8me m\u00e9canique et op\u00e9rationnel afin de s&#039;attaquer \u00e0 la cause profonde de la panne, et non pas seulement aux sympt\u00f4mes apparents.<\/p>\n<p data-start=\"4276\" data-end=\"4490\">Les installations disposant de parcs de centrifugeuses mixtes peuvent \u00e9galement compter sur Sentrimax pour une assistance multimarque compl\u00e8te. Des informations compl\u00e9mentaires sur les services complets offerts en mati\u00e8re de centrifugeuses sont disponibles \u00e0 l&#039;adresse suivante\u00a0: <a class=\"decorated-link cursor-pointer\" target=\"_new\" rel=\"noopener\" data-start=\"4449\" data-end=\"4489\">https:\/\/sentrimax.com\/centrifuge-repair\/<\/a>.<\/p>\n<hr data-start=\"4492\" data-end=\"4495\" \/>\n<h2 data-start=\"4497\" data-end=\"4552\">Service sur le terrain et intervention rapide dans la r\u00e9gion de Chicago<\/h2>\n<p data-start=\"4554\" data-end=\"4992\">Les pannes impr\u00e9vues d&#039;\u00e9quipement peuvent perturber les calendriers de production, compromettre la qualit\u00e9 des produits ou interrompre les processus critiques de traitement des eaux us\u00e9es. Sentrimax propose un service d&#039;intervention rapide sur site dans toute la r\u00e9gion de Chicago afin d&#039;\u00e9valuer et de stabiliser les centrifugeuses Westfalia. Les techniciens se d\u00e9placent \u00e9quip\u00e9s d&#039;outils de diagnostic et appliquent des proc\u00e9dures ax\u00e9es sur la s\u00e9curit\u00e9 pour \u00e9valuer l&#039;\u00e9tat des machines en conditions r\u00e9elles d&#039;utilisation.<\/p>\n<p data-start=\"4994\" data-end=\"5422\">L&#039;intervention sur site offre plusieurs avantages op\u00e9rationnels\u00a0: les techniciens peuvent observer les variations d&#039;alimentation r\u00e9elles, \u00e9valuer les profils thermiques et vibratoires en situation r\u00e9elle, tester la r\u00e9activit\u00e9 des syst\u00e8mes de contr\u00f4le et collaborer directement avec le personnel de l&#039;usine. Le d\u00e9pannage et les interventions correctives imm\u00e9diats permettent de r\u00e9duire les co\u00fbts de transport des \u00e9quipements vers des ateliers de r\u00e9paration externes, d&#039;acc\u00e9l\u00e9rer la remise en service et de minimiser l&#039;impact sur la production.<\/p>\n<hr data-start=\"5424\" data-end=\"5427\" \/>\n<h2 data-start=\"5429\" data-end=\"5474\">R\u00e9parations de pr\u00e9cision avec des pi\u00e8ces de haute qualit\u00e9<\/h2>\n<p data-start=\"5476\" data-end=\"5924\">La fiabilit\u00e9 d&#039;une centrifugeuse r\u00e9par\u00e9e d\u00e9pend fortement de la qualit\u00e9 des pi\u00e8ces et mat\u00e9riaux install\u00e9s lors de sa maintenance. Sentrimax fournit des composants de rechange de qualit\u00e9 \u00e9quivalente \u00e0 celle des pi\u00e8ces d&#039;origine pour les centrifugeuses GEA Westfalia, notamment des roulements, des joints d&#039;\u00e9tanch\u00e9it\u00e9, des rev\u00eatements anti-usure, des \u00e9l\u00e9ments de convoyeur et de spirale, des r\u00e9ducteurs et de la visserie de qualit\u00e9 industrielle. Tous les composants sont contr\u00f4l\u00e9s avant leur installation afin de v\u00e9rifier leur compatibilit\u00e9, leur pr\u00e9cision dimensionnelle et l&#039;int\u00e9grit\u00e9 des mat\u00e9riaux.<\/p>\n<p data-start=\"5926\" data-end=\"6356\">En cas d&#039;usure avanc\u00e9e ou de d\u00e9gradation li\u00e9e \u00e0 l&#039;\u00e2ge, Sentrimax propose \u00e9galement des services complets de remise \u00e0 neuf et de reconstruction. Les reconstructions comprennent le r\u00e9tablissement des tol\u00e9rances m\u00e9caniques critiques, le remplacement des ensembles us\u00e9s et l&#039;\u00e9quilibrage dynamique des composants rotatifs afin d&#039;am\u00e9liorer l&#039;harmonie m\u00e9canique et l&#039;efficacit\u00e9 de s\u00e9paration. Les installations int\u00e9ress\u00e9es par l&#039;assistance en pi\u00e8ces et composants peuvent obtenir plus d&#039;informations sur [lien manquant]. <a class=\"decorated-link cursor-pointer\" target=\"_new\" rel=\"noopener\" data-start=\"6316\" data-end=\"6355\">https:\/\/sentrimax.com\/centrifuge-parts\/<\/a>.<\/p>\n<hr data-start=\"6358\" data-end=\"6361\" \/>\n<h2 data-start=\"6363\" data-end=\"6407\">Maintenance pr\u00e9ventive pour maximiser la disponibilit\u00e9<\/h2>\n<p data-start=\"6409\" data-end=\"6702\">Les r\u00e9parations r\u00e9actives peuvent \u00eatre perturbatrices et co\u00fbteuses. La maintenance pr\u00e9ventive permet aux installations d&#039;identifier rapidement les probl\u00e8mes \u00e9mergents, de r\u00e9duire les arr\u00eats impr\u00e9vus et de prolonger la dur\u00e9e de vie globale des \u00e9quipements. Sentrimax collabore avec les exploitants de Chicago pour d\u00e9velopper des programmes de maintenance pr\u00e9ventive personnalis\u00e9s qui peuvent inclure\u00a0:<\/p>\n<ul data-start=\"6704\" data-end=\"7025\">\n<li data-start=\"6704\" data-end=\"6764\">\n<p data-start=\"6706\" data-end=\"6764\">Inspections m\u00e9caniques de routine et \u00e9valuations de l&#039;\u00e9tat<\/p>\n<\/li>\n<li data-start=\"6765\" data-end=\"6808\">\n<p data-start=\"6767\" data-end=\"6808\">Analyse des vibrations et surveillance des tendances<\/p>\n<\/li>\n<li data-start=\"6809\" data-end=\"6860\">\n<p data-start=\"6811\" data-end=\"6860\">\u00c9chantillonnage d&#039;huile et suivi de l&#039;\u00e9tat de la lubrification<\/p>\n<\/li>\n<li data-start=\"6861\" data-end=\"6902\">\n<p data-start=\"6863\" data-end=\"6902\">Mesure de l&#039;usure et contr\u00f4les de jeu<\/p>\n<\/li>\n<li data-start=\"6903\" data-end=\"6973\">\n<p data-start=\"6905\" data-end=\"6973\">Remplacement programm\u00e9 des roulements, des joints d&#039;\u00e9tanch\u00e9it\u00e9 et des composants \u00e0 forte usure<\/p>\n<\/li>\n<li data-start=\"6974\" data-end=\"7025\">\n<p data-start=\"6976\" data-end=\"7025\">Contr\u00f4les d&#039;alignement et v\u00e9rification dynamique de l&#039;\u00e9quilibre<\/p>\n<\/li>\n<\/ul>\n<p data-start=\"7027\" data-end=\"7221\">En planifiant les activit\u00e9s de maintenance en fonction des donn\u00e9es op\u00e9rationnelles plut\u00f4t que des pannes, les installations peuvent stabiliser leurs performances, optimiser leurs d\u00e9penses de maintenance et programmer les interventions lors des arr\u00eats planifi\u00e9s.<\/p>\n<hr data-start=\"7223\" data-end=\"7226\" \/>\n<h2 data-start=\"7228\" data-end=\"7292\">Soutien \u00e0 la conformit\u00e9 environnementale et \u00e0 la stabilit\u00e9 op\u00e9rationnelle<\/h2>\n<p data-start=\"7294\" data-end=\"7664\">Dans le traitement des eaux us\u00e9es, les performances des centrifugeuses influent sur la conformit\u00e9 environnementale, l&#039;efficacit\u00e9 du traitement des solides et la stabilit\u00e9 des proc\u00e9d\u00e9s en aval. Une performance de s\u00e9paration r\u00e9duite peut accro\u00eetre les volumes transport\u00e9s, augmenter les co\u00fbts d&#039;\u00e9limination et engendrer des risques de non-conformit\u00e9 aux permis. En milieu industriel, la constance de la s\u00e9paration est essentielle \u00e0 la qualit\u00e9 des produits, au d\u00e9bit et \u00e0 l&#039;efficacit\u00e9 \u00e9nerg\u00e9tique.<\/p>\n<p data-start=\"7666\" data-end=\"8297\">Les pratiques de r\u00e9paration de Sentrimax aident les installations \u00e0 maintenir les performances de leurs \u00e9quipements conform\u00e9ment aux exigences op\u00e9rationnelles et r\u00e9glementaires. Pour un contexte sectoriel plus large et des recommandations environnementales relatives aux normes de traitement des eaux us\u00e9es et industrielles, les exploitants peuvent consulter le site web de l&#039;Agence am\u00e9ricaine de protection de l&#039;environnement (EPA). <a class=\"decorated-link cursor-pointer\" target=\"_new\" rel=\"noopener\" data-start=\"7980\" data-end=\"8005\">https:\/\/www.epa.gov\/water<\/a>, qui fournit des informations faisant autorit\u00e9 sur les cadres environnementaux de gestion de l&#039;eau. Des informations techniques suppl\u00e9mentaires et des bonnes pratiques sont disponibles aupr\u00e8s de la Water Environment Federation \u00e0 l&#039;adresse suivante : <a class=\"decorated-link\" href=\"https:\/\/www.wef.org\/\" target=\"_new\" rel=\"noopener\" data-start=\"8204\" data-end=\"8224\">https:\/\/www.wef.org\/<\/a>, offrant des conseils pratiques aux professionnels et ing\u00e9nieurs du traitement des eaux us\u00e9es.<\/p>\n<hr data-start=\"8299\" data-end=\"8302\" \/>\n<h2 data-start=\"8304\" data-end=\"8346\">Pourquoi les entreprises de Chicago choisissent Sentrimax<\/h2>\n<p data-start=\"8348\" data-end=\"8694\">Les entreprises de Chicago choisissent Sentrimax pour la r\u00e9paration de leurs centrifugeuses GEA Westfalia en raison de son expertise technique pointue, de sa r\u00e9activit\u00e9 et de son engagement envers la qualit\u00e9. Les techniciens de Sentrimax ma\u00eetrisent les subtilit\u00e9s m\u00e9caniques des \u00e9quipements de s\u00e9paration \u00e0 grande vitesse et les contraintes op\u00e9rationnelles auxquelles sont confront\u00e9es les usines industrielles, municipales et de traitement.<\/p>\n<p data-start=\"8696\" data-end=\"9087\">Une communication claire et une documentation exhaustive sont essentielles \u00e0 chaque intervention de r\u00e9paration. Les installations re\u00e7oivent des rapports de service d\u00e9taill\u00e9s pr\u00e9sentant les r\u00e9sultats du diagnostic, les actions correctives entreprises, les composants remplac\u00e9s et des recommandations pour la planification de la maintenance future. Ces informations permettent aux \u00e9quipes d&#039;exploitation de prendre des d\u00e9cisions \u00e9clair\u00e9es et d&#039;optimiser les strat\u00e9gies de maintenance pour une fiabilit\u00e9 \u00e0 long terme.<\/p>\n<p data-start=\"9089\" data-end=\"9186\">Pour une expertise sp\u00e9cifique en mati\u00e8re de centrifugeuses pour le traitement des eaux us\u00e9es, consultez <a class=\"decorated-link cursor-pointer\" target=\"_new\" rel=\"noopener\" data-start=\"9141\" data-end=\"9185\">https:\/\/sentrimax.com\/industries\/wastewater\/<\/a>.<\/p>\n<hr data-start=\"9188\" data-end=\"9191\" \/>\n<h2 data-start=\"9193\" data-end=\"9241\">Assistance compl\u00e8te, de l&#039;\u00e9valuation au d\u00e9marrage<\/h2>\n<p data-start=\"9243\" data-end=\"9375\">Les capacit\u00e9s de service de Sentrimax vont au-del\u00e0 de la r\u00e9paration et du diagnostic des composants et offrent un soutien complet aux projets, notamment\u00a0:<\/p>\n<ul data-start=\"9377\" data-end=\"9604\">\n<li data-start=\"9377\" data-end=\"9423\">\n<p data-start=\"9379\" data-end=\"9423\">Coordination du gr\u00e9age et du retrait du mat\u00e9riel<\/p>\n<\/li>\n<li data-start=\"9424\" data-end=\"9471\">\n<p data-start=\"9426\" data-end=\"9471\">V\u00e9rification de l&#039;alignement et de la configuration de pr\u00e9cision<\/p>\n<\/li>\n<li data-start=\"9472\" data-end=\"9521\">\n<p data-start=\"9474\" data-end=\"9521\">Assistance \u00e0 la r\u00e9installation et \u00e0 l&#039;\u00e9talonnage du syst\u00e8me<\/p>\n<\/li>\n<li data-start=\"9522\" data-end=\"9567\">\n<p data-start=\"9524\" data-end=\"9567\">Assistance au d\u00e9marrage et mise au point op\u00e9rationnelle<\/p>\n<\/li>\n<li data-start=\"9568\" data-end=\"9604\">\n<p data-start=\"9570\" data-end=\"9604\">\u00c9valuation des performances apr\u00e8s r\u00e9paration<\/p>\n<\/li>\n<\/ul>\n<p data-start=\"9606\" data-end=\"9763\">Cette approche globale garantit que les centrifugeuses Westfalia r\u00e9par\u00e9es ou reconstruites reprennent du service en fonctionnant de mani\u00e8re fluide, s\u00fbre et conforme aux sp\u00e9cifications de conception.<\/p>\n<hr data-start=\"9765\" data-end=\"9768\" \/>\n<h2 data-start=\"9770\" data-end=\"9826\">Am\u00e9lioration continue gr\u00e2ce au suivi op\u00e9rationnel<\/h2>\n<p data-start=\"9828\" data-end=\"10267\">La fiabilit\u00e9 \u00e0 long terme des centrifugeuses repose sur des strat\u00e9gies de maintenance bas\u00e9es sur les donn\u00e9es. Sentrimax accompagne les installations dans le suivi d&#039;indicateurs de performance tels que les tendances de vibration, les profils de couple, les temp\u00e9ratures des roulements et les taux d&#039;usure. En int\u00e9grant ces donn\u00e9es \u00e0 la planification de la maintenance, les installations anticipent les besoins d&#039;entretien, optimisent les intervalles de r\u00e9paration et r\u00e9duisent les arr\u00eats impr\u00e9vus, tout en diminuant le co\u00fbt total de possession.<\/p>\n<hr data-start=\"10269\" data-end=\"10272\" \/>\n<h2 data-start=\"10274\" data-end=\"10330\">Demander une r\u00e9paration de centrifugeuse GEA Westfalia \u00e0 Chicago IL<\/h2>\n<p data-start=\"10332\" data-end=\"10709\">Lorsque vous avez besoin d&#039;une r\u00e9paration professionnelle de votre centrifugeuse GEA Westfalia <strong data-start=\"10395\" data-end=\"10410\">Chicago, Illinois<\/strong>, Les installations font confiance \u00e0 Sentrimax pour son expertise fiable, sa r\u00e9activit\u00e9 et la qualit\u00e9 de ses r\u00e9sultats. Qu&#039;il s&#039;agisse de r\u00e9soudre des pannes urgentes, de planifier la maintenance pr\u00e9ventive ou de proc\u00e9der \u00e0 des reconstructions compl\u00e8tes, Sentrimax propose des solutions con\u00e7ues pour optimiser les performances de vos \u00e9quipements de s\u00e9paration.<\/p>\n<p data-start=\"10711\" data-end=\"10765\"><strong data-start=\"10711\" data-end=\"10765\"><a class=\"decorated-link\" href=\"https:\/\/sentrimax.com\/fr\/contact\/\" target=\"_new\" rel=\"noopener\" data-start=\"10713\" data-end=\"10763\">Demandez un devis !<\/a><\/strong><\/p>","protected":false},"excerpt":{"rendered":"<p>Sentrimax provides expert GEA Westfalia centrifuge repair services for industrial, food &amp; beverage, and municipal wastewater facilities throughout Chicago, Illinois. Westfalia decanter and separator centrifuges are critical to continuous solid-liquid separation processes, and when these machines experience mechanical issues or performance decline, facilities need responsive, experienced service to minimize downtime and protect productivity. With decades [&hellip;]<\/p>\n","protected":false},"author":3,"featured_media":0,"parent":0,"menu_order":0,"comment_status":"closed","ping_status":"closed","template":"seo-page-template.php","meta":{"_acf_changed":false,"inline_featured_image":false,"footnotes":""},"class_list":["post-2307","page","type-page","status-publish","hentry"],"acf":[],"_links":{"self":[{"href":"https:\/\/sentrimax.com\/fr\/wp-json\/wp\/v2\/pages\/2307","targetHints":{"allow":["GET"]}}],"collection":[{"href":"https:\/\/sentrimax.com\/fr\/wp-json\/wp\/v2\/pages"}],"about":[{"href":"https:\/\/sentrimax.com\/fr\/wp-json\/wp\/v2\/types\/page"}],"author":[{"embeddable":true,"href":"https:\/\/sentrimax.com\/fr\/wp-json\/wp\/v2\/users\/3"}],"replies":[{"embeddable":true,"href":"https:\/\/sentrimax.com\/fr\/wp-json\/wp\/v2\/comments?post=2307"}],"version-history":[{"count":1,"href":"https:\/\/sentrimax.com\/fr\/wp-json\/wp\/v2\/pages\/2307\/revisions"}],"predecessor-version":[{"id":2518,"href":"https:\/\/sentrimax.com\/fr\/wp-json\/wp\/v2\/pages\/2307\/revisions\/2518"}],"wp:attachment":[{"href":"https:\/\/sentrimax.com\/fr\/wp-json\/wp\/v2\/media?parent=2307"}],"curies":[{"name":"wp","href":"https:\/\/api.w.org\/{rel}","templated":true}]}}