{"id":2311,"date":"2026-01-07T16:55:20","date_gmt":"2026-01-07T16:55:20","guid":{"rendered":"https:\/\/sentrimax.com\/?page_id=2311"},"modified":"2026-04-21T21:14:24","modified_gmt":"2026-04-21T21:14:24","slug":"gea-westfalia-centrifuge-parts-in-toronto-on","status":"publish","type":"page","link":"https:\/\/sentrimax.com\/fr\/gea-westfalia-centrifuge-parts-in-toronto-on\/","title":{"rendered":"Pi\u00e8ces d\u00e9tach\u00e9es pour centrifugeuses GEA Westfalia \u00e0 Toronto (Ontario)"},"content":{"rendered":"<p data-start=\"298\" data-end=\"1030\"><img fetchpriority=\"high\" decoding=\"async\" class=\"aligncenter size-full wp-image-1190\" src=\"https:\/\/sentrimax.com\/wp-content\/uploads\/2025\/06\/image-1.jpg\" alt=\"\" width=\"1440\" height=\"694\" srcset=\"https:\/\/sentrimax.com\/wp-content\/uploads\/2025\/06\/image-1.jpg 1440w, https:\/\/sentrimax.com\/wp-content\/uploads\/2025\/06\/image-1-600x289.jpg 600w, https:\/\/sentrimax.com\/wp-content\/uploads\/2025\/06\/image-1-300x145.jpg 300w, https:\/\/sentrimax.com\/wp-content\/uploads\/2025\/06\/image-1-1024x494.jpg 1024w, https:\/\/sentrimax.com\/wp-content\/uploads\/2025\/06\/image-1-768x370.jpg 768w\" sizes=\"(max-width: 1440px) 100vw, 1440px\" \/><\/p>\n<p data-start=\"298\" data-end=\"1030\">Sentrimax fournit des pi\u00e8ces de haute qualit\u00e9 pour centrifugeuses GEA Westfalia aux stations d&#039;\u00e9puration, aux entreprises de transformation industrielle et aux sites de production dans le monde entier. <strong data-start=\"456\" data-end=\"476\">Toronto, Ontario<\/strong>. Des pi\u00e8ces de rechange fiables sont essentielles pour garantir des performances constantes de s\u00e9paration solide-liquide et minimiser les arr\u00eats impr\u00e9vus dans les applications exigeantes. Les centrifugeuses Westfalia sont con\u00e7ues pour un fonctionnement robuste et continu, mais l&#039;usure normale due aux particules abrasives, aux couples de serrage \u00e9lev\u00e9s et \u00e0 la variabilit\u00e9 du processus finit par affecter les roulements, les joints, les spirales et autres composants critiques. Sentrimax aide les installations de Toronto \u00e0 se procurer les pi\u00e8ces ad\u00e9quates pour r\u00e9tablir les performances, prolonger la dur\u00e9e de vie des \u00e9quipements et faciliter la planification de la maintenance pr\u00e9ventive.<\/p>\n<hr data-start=\"1032\" data-end=\"1035\" \/>\n<h2 data-start=\"1037\" data-end=\"1082\">Assistance locale pour les op\u00e9rations de Toronto<\/h2>\n<p data-start=\"1084\" data-end=\"1540\">Des op\u00e9rateurs dans tout le <strong data-start=\"1109\" data-end=\"1138\">r\u00e9gion m\u00e9tropolitaine de Toronto<\/strong> Pour atteindre les objectifs de production, ma\u00eetriser les co\u00fbts de maintenance et respecter les normes environnementales, il est essentiel de compter sur la fiabilit\u00e9 des centrifugeuses. En cas d&#039;usure ou de panne de composants cl\u00e9s, un acc\u00e8s rapide \u00e0 des pi\u00e8ces de rechange de qualit\u00e9 est indispensable pour minimiser les temps d&#039;arr\u00eat. Sentrimax propose un service d&#039;assistance technique et de pi\u00e8ces d\u00e9tach\u00e9es r\u00e9actif pour aider les installations \u00e0 s\u00e9lectionner des composants compatibles et \u00e0 planifier efficacement les remplacements.<\/p>\n<p data-start=\"1542\" data-end=\"1734\">En combinant la disponibilit\u00e9 locale, l&#039;assistance d&#039;experts et un approvisionnement fiable en pi\u00e8ces d\u00e9tach\u00e9es, Sentrimax aide les installations \u00e0 r\u00e9duire les d\u00e9lais d&#039;intervention, \u00e0 am\u00e9liorer la planification des services et \u00e0 remettre les \u00e9quipements en service plus rapidement.<\/p>\n<hr data-start=\"1736\" data-end=\"1739\" \/>\n<h2 data-start=\"1741\" data-end=\"1797\">S\u00e9lection compl\u00e8te de pi\u00e8ces d\u00e9tach\u00e9es pour centrifugeuses Westfalia<\/h2>\n<p data-start=\"1799\" data-end=\"2003\">Sentrimax permet aux clients de Toronto d&#039;acc\u00e9der \u00e0 un vaste stock de pi\u00e8ces de rechange compatibles avec les centrifugeuses GEA Westfalia utilis\u00e9es dans le traitement des eaux us\u00e9es, les proc\u00e9d\u00e9s industriels et les applications de transformation. Les pi\u00e8ces principales comprennent\u00a0:<\/p>\n<ul data-start=\"2005\" data-end=\"2599\">\n<li data-start=\"2005\" data-end=\"2108\">\n<p data-start=\"2007\" data-end=\"2108\"><strong data-start=\"2007\" data-end=\"2042\">Roulements et ensembles de roulements<\/strong> con\u00e7u pour la rotation \u00e0 grande vitesse et les charges axiales\/radiales importantes<\/p>\n<\/li>\n<li data-start=\"2109\" data-end=\"2186\">\n<p data-start=\"2111\" data-end=\"2186\"><strong data-start=\"2111\" data-end=\"2132\">Joints et garnitures<\/strong> con\u00e7u pour emp\u00eacher les infiltrations de liquides et la contamination<\/p>\n<\/li>\n<li data-start=\"2187\" data-end=\"2283\">\n<p data-start=\"2189\" data-end=\"2283\"><strong data-start=\"2189\" data-end=\"2233\">Rev\u00eatements anti-usure et carreaux r\u00e9sistants \u00e0 l&#039;abrasion<\/strong> pour les bols, les logements de volutes et les zones \u00e0 forte usure<\/p>\n<\/li>\n<li data-start=\"2284\" data-end=\"2368\">\n<p data-start=\"2286\" data-end=\"2368\"><strong data-start=\"2286\" data-end=\"2320\">Composants de volute et de convoyeur<\/strong> qui assurent le transport et l&#039;\u00e9vacuation des solides<\/p>\n<\/li>\n<li data-start=\"2369\" data-end=\"2434\">\n<p data-start=\"2371\" data-end=\"2434\"><strong data-start=\"2371\" data-end=\"2403\">composants de bo\u00eete de vitesses et de transmission<\/strong> pour un transfert de couple fiable<\/p>\n<\/li>\n<li data-start=\"2435\" data-end=\"2512\">\n<p data-start=\"2437\" data-end=\"2512\"><strong data-start=\"2437\" data-end=\"2475\">Bol, moyeu et ensembles rotatifs<\/strong> essentiel \u00e0 la performance de s\u00e9paration<\/p>\n<\/li>\n<li data-start=\"2513\" data-end=\"2599\">\n<p data-start=\"2515\" data-end=\"2599\"><strong data-start=\"2515\" data-end=\"2554\">Kits de fixation et de quincaillerie de service<\/strong> pour des t\u00e2ches de maintenance et de reconstruction fiables<\/p>\n<\/li>\n<\/ul>\n<p data-start=\"2601\" data-end=\"2757\">Ces pi\u00e8ces permettent \u00e0 la fois des r\u00e9parations r\u00e9actives et des programmes de maintenance proactive, aidant ainsi les op\u00e9rateurs de Toronto \u00e0 maintenir le temps de fonctionnement et \u00e0 optimiser les performances des centrifugeuses.<\/p>\n<p data-start=\"2759\" data-end=\"2866\">Pour plus d&#039;informations sur la disponibilit\u00e9 des pi\u00e8ces et l&#039;assistance, veuillez consulter le site web.<br data-start=\"2823\" data-end=\"2826\" \/><a class=\"decorated-link cursor-pointer\" target=\"_new\" rel=\"noopener\" data-start=\"2826\" data-end=\"2865\">https:\/\/sentrimax.com\/centrifuge-parts\/<\/a>.<\/p>\n<hr data-start=\"2868\" data-end=\"2871\" \/>\n<h2 data-start=\"2873\" data-end=\"2919\">Des pi\u00e8ces de haute qualit\u00e9 pour des performances fiables<\/h2>\n<p data-start=\"2921\" data-end=\"3487\">Les pi\u00e8ces de rechange conformes aux sp\u00e9cifications d&#039;origine sont essentielles au maintien des performances et de la dur\u00e9e de vie des \u00e9quipements rotatifs \u00e0 grande vitesse, tels que les centrifugeuses Westfalia. Sentrimax fournit des pi\u00e8ces de qualit\u00e9 \u00e9quivalente \u00e0 celles des \u00e9quipementiers d&#039;origine, dont la pr\u00e9cision dimensionnelle, l&#039;int\u00e9grit\u00e9 des mat\u00e9riaux et la compatibilit\u00e9 sont v\u00e9rifi\u00e9es avant exp\u00e9dition. L&#039;utilisation de roulements, de joints et de garnitures d&#039;usure de haute qualit\u00e9 contribue \u00e0 r\u00e9duire les vibrations, \u00e0 am\u00e9liorer l&#039;\u00e9quilibrage et \u00e0 prolonger les intervalles d&#039;entretien, offrant ainsi aux installations de Toronto l&#039;assurance que leurs pi\u00e8ces de rechange fonctionneront dans des conditions exigeantes.<\/p>\n<hr data-start=\"3489\" data-end=\"3492\" \/>\n<h2 data-start=\"3494\" data-end=\"3538\">Pi\u00e8ces qui soutiennent la maintenance pr\u00e9ventive<\/h2>\n<p data-start=\"3540\" data-end=\"3933\">Le remplacement proactif des pi\u00e8ces est une strat\u00e9gie cl\u00e9 pour une maintenance pr\u00e9ventive efficace. Sentrimax collabore avec les installations de Toronto pour \u00e9laborer des plans de remplacement adapt\u00e9s aux heures de fonctionnement, \u00e0 la charge en solides, \u00e0 l&#039;historique d&#039;usure et aux donn\u00e9es de surveillance de l&#039;\u00e9tat des \u00e9quipements. En programmant les changements de pi\u00e8ces avant toute panne, les installations peuvent minimiser les r\u00e9parations d&#039;urgence, stabiliser les co\u00fbts de maintenance et am\u00e9liorer la disponibilit\u00e9 globale des \u00e9quipements.<\/p>\n<p data-start=\"3935\" data-end=\"3975\">Les strat\u00e9gies de maintenance pr\u00e9ventive peuvent inclure\u00a0:<\/p>\n<ul data-start=\"3977\" data-end=\"4247\">\n<li data-start=\"3977\" data-end=\"4057\">\n<p data-start=\"3979\" data-end=\"4057\">Inspection et remplacement programm\u00e9s des roulements, des joints d&#039;\u00e9tanch\u00e9it\u00e9 et des pi\u00e8ces d&#039;usure<\/p>\n<\/li>\n<li data-start=\"4058\" data-end=\"4122\">\n<p data-start=\"4060\" data-end=\"4122\">Coordination des livraisons de pi\u00e8ces avec les fen\u00eatres de coupure planifi\u00e9es<\/p>\n<\/li>\n<li data-start=\"4123\" data-end=\"4172\">\n<p data-start=\"4125\" data-end=\"4172\">Suivi du taux d&#039;usure et pr\u00e9vision de la dur\u00e9e de vie des pi\u00e8ces<\/p>\n<\/li>\n<li data-start=\"4173\" data-end=\"4247\">\n<p data-start=\"4175\" data-end=\"4247\">Int\u00e9gration de la planification des pi\u00e8ces d\u00e9tach\u00e9es \u00e0 la planification des interventions sur site et des r\u00e9parations<\/p>\n<\/li>\n<\/ul>\n<p data-start=\"4249\" data-end=\"4463\">Planifier le remplacement des pi\u00e8ces de cette mani\u00e8re permet aux installations d&#039;\u00e9viter des r\u00e9parations d&#039;urgence co\u00fbteuses et de maximiser la dur\u00e9e de vie des composants. Pour une assistance compl\u00e8te en compl\u00e9ment de la fourniture de pi\u00e8ces, consultez<br data-start=\"4419\" data-end=\"4422\" \/><a class=\"decorated-link cursor-pointer\" target=\"_new\" rel=\"noopener\" data-start=\"4422\" data-end=\"4462\">https:\/\/sentrimax.com\/centrifuge-repair\/<\/a>.<\/p>\n<hr data-start=\"4465\" data-end=\"4468\" \/>\n<h2 data-start=\"4470\" data-end=\"4507\">Guide des pi\u00e8ces ax\u00e9 sur l&#039;application<\/h2>\n<p data-start=\"4509\" data-end=\"4655\">Les centrifugeuses Westfalia sont utilis\u00e9es dans une grande vari\u00e9t\u00e9 d&#039;applications, et les besoins en pi\u00e8ces d\u00e9tach\u00e9es peuvent varier consid\u00e9rablement en fonction des conditions de traitement. Par exemple\u00a0:<\/p>\n<ul data-start=\"4657\" data-end=\"5064\">\n<li data-start=\"4657\" data-end=\"4805\">\n<p data-start=\"4659\" data-end=\"4805\">La d\u00e9shydratation des eaux us\u00e9es municipales implique souvent des boues abrasives et une teneur variable en mati\u00e8res solides, n\u00e9cessitant des composants d&#039;usure durables et des joints robustes.<\/p>\n<\/li>\n<li data-start=\"4806\" data-end=\"4952\">\n<p data-start=\"4808\" data-end=\"4952\">Les environnements de traitement industriel peuvent exposer les composants \u00e0 des produits chimiques corrosifs ou \u00e0 des temp\u00e9ratures \u00e9lev\u00e9es, ce qui n\u00e9cessite des mat\u00e9riaux r\u00e9sistants \u00e0 la corrosion.<\/p>\n<\/li>\n<li data-start=\"4953\" data-end=\"5064\">\n<p data-start=\"4955\" data-end=\"5064\">Les applications de s\u00e9paration des aliments et des boissons exigent des composants de pr\u00e9cision compatibles avec les normes d&#039;hygi\u00e8ne.<\/p>\n<\/li>\n<\/ul>\n<p data-start=\"5066\" data-end=\"5214\">Sentrimax aide les exploitants de Toronto \u00e0 s\u00e9lectionner les pi\u00e8ces et leur fournit des recommandations techniques adapt\u00e9es \u00e0 leurs exigences op\u00e9rationnelles et \u00e0 leurs objectifs de performance sp\u00e9cifiques.<\/p>\n<p data-start=\"5216\" data-end=\"5353\">Pour en savoir plus sur les applications du traitement des eaux us\u00e9es et le r\u00f4le des centrifugeuses dans les proc\u00e9d\u00e9s de traitement, consultez<br data-start=\"5305\" data-end=\"5308\" \/><a class=\"decorated-link cursor-pointer\" target=\"_new\" rel=\"noopener\" data-start=\"5308\" data-end=\"5352\">https:\/\/sentrimax.com\/industries\/wastewater\/<\/a>.<\/p>\n<hr data-start=\"5355\" data-end=\"5358\" \/>\n<h2 data-start=\"5360\" data-end=\"5412\">Soutien \u00e0 la fiabilit\u00e9 op\u00e9rationnelle et \u00e0 la conformit\u00e9<\/h2>\n<p data-start=\"5414\" data-end=\"5785\">Le bon fonctionnement des centrifugeuses contribue \u00e0 la stabilit\u00e9 op\u00e9rationnelle, \u00e0 la constance du d\u00e9bit et au respect des normes environnementales. Les pi\u00e8ces us\u00e9es ou endommag\u00e9es peuvent r\u00e9duire l&#039;efficacit\u00e9 de la s\u00e9paration, augmenter le volume des d\u00e9chets transport\u00e9s et perturber les processus en aval. Le remplacement des composants us\u00e9s par des pi\u00e8ces de qualit\u00e9 permet aux installations de maintenir un fonctionnement constant et de r\u00e9pondre aux objectifs r\u00e9glementaires.<\/p>\n<p data-start=\"5787\" data-end=\"6107\">Pour obtenir des directives faisant autorit\u00e9 sur les normes de traitement des eaux us\u00e9es et de s\u00e9paration industrielle, les exploitants peuvent consulter le <strong data-start=\"5891\" data-end=\"5937\">Agence am\u00e9ricaine de protection de l&#039;environnement (EPA)<\/strong> \u00e0 <a class=\"decorated-link cursor-pointer\" target=\"_new\" rel=\"noopener\" data-start=\"5941\" data-end=\"5966\">https:\/\/www.epa.gov\/water<\/a>. Des ressources techniques et des bonnes pratiques suppl\u00e9mentaires sont disponibles via le <strong data-start=\"6044\" data-end=\"6082\">F\u00e9d\u00e9ration pour l&#039;environnement de l&#039;eau (WEF)<\/strong> \u00e0 <a class=\"decorated-link\" href=\"https:\/\/www.wef.org\/\" target=\"_new\" rel=\"noopener\" data-start=\"6086\" data-end=\"6106\">https:\/\/www.wef.org\/<\/a>.<\/p>\n<hr data-start=\"6109\" data-end=\"6112\" \/>\n<h2 data-start=\"6114\" data-end=\"6156\">Pourquoi les installations de Toronto choisissent Sentrimax<\/h2>\n<p data-start=\"6158\" data-end=\"6487\">Les entreprises de Toronto choisissent Sentrimax pour les pi\u00e8ces de leurs centrifugeuses GEA Westfalia en raison de son assistance technique, de sa r\u00e9activit\u00e9 et de son engagement envers la qualit\u00e9. Sentrimax aide ses clients \u00e0 identifier les composants appropri\u00e9s, \u00e0 v\u00e9rifier leur compatibilit\u00e9 avec les \u00e9quipements existants et \u00e0 planifier le remplacement des pi\u00e8ces en fonction de leurs objectifs de maintenance.<\/p>\n<p data-start=\"6489\" data-end=\"6809\">Chaque commande est accompagn\u00e9e d&#039;une documentation claire, fournissant les sp\u00e9cifications et la tra\u00e7abilit\u00e9 n\u00e9cessaires \u00e0 son int\u00e9gration dans les dossiers de maintenance et la planification de la gestion des actifs. Une \u00e9quipe d&#039;assistance est disponible pour vous aider \u00e0 identifier les pi\u00e8ces, \u00e0 v\u00e9rifier leur compatibilit\u00e9 et \u00e0 planifier les interventions afin de garantir une coordination optimale avec les services apr\u00e8s-vente.<\/p>\n<hr data-start=\"6811\" data-end=\"6814\" \/>\n<h2 data-start=\"6816\" data-end=\"6872\">Commande de pi\u00e8ces pour centrifugeuse GEA Westfalia \u00e0 Toronto (Ontario)<\/h2>\n<p data-start=\"6874\" data-end=\"7195\">Commander des pi\u00e8ces chez Sentrimax est con\u00e7u pour \u00eatre efficace et ax\u00e9 sur le client. Les \u00e9tablissements peuvent demander des devis d\u00e9taill\u00e9s incluant les r\u00e9f\u00e9rences des pi\u00e8ces, les prix, les d\u00e9lais de livraison et la confirmation de compatibilit\u00e9. Des options de livraison express sont disponibles pour les composants urgents n\u00e9cessaires lors d&#039;arr\u00eats planifi\u00e9s ou de pannes impr\u00e9vues.<\/p>\n<p data-start=\"7197\" data-end=\"7358\">Disposer de pi\u00e8ces fiables en stock aide les installations de Toronto \u00e0 minimiser les temps d&#039;arr\u00eat impr\u00e9vus, \u00e0 contr\u00f4ler les co\u00fbts de maintenance et \u00e0 am\u00e9liorer la confiance dans les performances des centrifugeuses.<\/p>\n<hr data-start=\"7360\" data-end=\"7363\" \/>\n<h2 data-start=\"7365\" data-end=\"7420\">Commandez des pi\u00e8ces pour centrifugeuse GEA Westfalia \u00e0 Toronto (Ontario).<\/h2>\n<p data-start=\"7422\" data-end=\"7666\">Assurez le bon fonctionnement de votre centrifugeuse GEA Westfalia gr\u00e2ce aux pi\u00e8ces de rechange de qualit\u00e9 Sentrimax. Roulements, joints, rev\u00eatements anti-usure, ensembles rotatifs\u00a0: Sentrimax fournit des pi\u00e8ces et un soutien fiables pour les op\u00e9rations \u00e0 Toronto.<\/p>\n<p data-start=\"7668\" data-end=\"7722\"><strong data-start=\"7668\" data-end=\"7722\"><a class=\"decorated-link\" href=\"https:\/\/sentrimax.com\/fr\/contact\/\" target=\"_new\" rel=\"noopener\" data-start=\"7670\" data-end=\"7720\">Demandez un devis !<\/a><\/strong><\/p>","protected":false},"excerpt":{"rendered":"<p>Sentrimax supplies high-quality GEA Westfalia centrifuge parts to wastewater treatment plants, industrial processors, and manufacturing operations throughout Toronto, Ontario. Reliable replacement components are essential to maintaining consistent solids-liquid separation performance and minimizing unplanned downtime in demanding applications. Westfalia centrifuges are engineered for rugged, continuous-duty operation, but normal wear from abrasive solids, high torque loads, and [&hellip;]<\/p>\n","protected":false},"author":3,"featured_media":0,"parent":0,"menu_order":0,"comment_status":"closed","ping_status":"closed","template":"seo-page-template.php","meta":{"_acf_changed":false,"inline_featured_image":false,"footnotes":""},"class_list":["post-2311","page","type-page","status-publish","hentry"],"acf":[],"_links":{"self":[{"href":"https:\/\/sentrimax.com\/fr\/wp-json\/wp\/v2\/pages\/2311","targetHints":{"allow":["GET"]}}],"collection":[{"href":"https:\/\/sentrimax.com\/fr\/wp-json\/wp\/v2\/pages"}],"about":[{"href":"https:\/\/sentrimax.com\/fr\/wp-json\/wp\/v2\/types\/page"}],"author":[{"embeddable":true,"href":"https:\/\/sentrimax.com\/fr\/wp-json\/wp\/v2\/users\/3"}],"replies":[{"embeddable":true,"href":"https:\/\/sentrimax.com\/fr\/wp-json\/wp\/v2\/comments?post=2311"}],"version-history":[{"count":1,"href":"https:\/\/sentrimax.com\/fr\/wp-json\/wp\/v2\/pages\/2311\/revisions"}],"predecessor-version":[{"id":2516,"href":"https:\/\/sentrimax.com\/fr\/wp-json\/wp\/v2\/pages\/2311\/revisions\/2516"}],"wp:attachment":[{"href":"https:\/\/sentrimax.com\/fr\/wp-json\/wp\/v2\/media?parent=2311"}],"curies":[{"name":"wp","href":"https:\/\/api.w.org\/{rel}","templated":true}]}}