{"id":2312,"date":"2026-01-07T16:57:05","date_gmt":"2026-01-07T16:57:05","guid":{"rendered":"https:\/\/sentrimax.com\/?page_id=2312"},"modified":"2026-04-21T21:14:24","modified_gmt":"2026-04-21T21:14:24","slug":"bird-industrial-centrifuge-repair-in-st-louis-mo","status":"publish","type":"page","link":"https:\/\/sentrimax.com\/fr\/bird-industrial-centrifuge-repair-in-st-louis-mo\/","title":{"rendered":"R\u00e9paration de centrifugeuses industrielles Bird \u00e0 Saint-Louis, Missouri"},"content":{"rendered":"<p data-start=\"315\" data-end=\"857\"><img fetchpriority=\"high\" decoding=\"async\" class=\"aligncenter size-full wp-image-1032\" src=\"https:\/\/sentrimax.com\/wp-content\/uploads\/2025\/05\/image-12.png\" alt=\"\" width=\"1440\" height=\"504\" srcset=\"https:\/\/sentrimax.com\/wp-content\/uploads\/2025\/05\/image-12.png 1440w, https:\/\/sentrimax.com\/wp-content\/uploads\/2025\/05\/image-12-600x210.png 600w, https:\/\/sentrimax.com\/wp-content\/uploads\/2025\/05\/image-12-300x105.png 300w, https:\/\/sentrimax.com\/wp-content\/uploads\/2025\/05\/image-12-1024x358.png 1024w, https:\/\/sentrimax.com\/wp-content\/uploads\/2025\/05\/image-12-768x269.png 768w\" sizes=\"(max-width: 1440px) 100vw, 1440px\" \/><\/p>\n<p data-start=\"315\" data-end=\"857\">Sentrimax propose des services professionnels de r\u00e9paration de centrifugeuses industrielles Bird pour les op\u00e9rations de fabrication, les stations d&#039;\u00e9puration et les usines de traitement dans toute la r\u00e9gion. <strong data-start=\"473\" data-end=\"496\">Saint-Louis, Missouri<\/strong>. Les centrifugeuses Bird sont des machines de s\u00e9paration robustes utilis\u00e9es dans de nombreuses applications industrielles o\u00f9 une s\u00e9paration efficace solide-liquide est essentielle. En cas de probl\u00e8mes m\u00e9caniques, d&#039;usure ou de baisse de performance, un service de r\u00e9paration fiable est crucial pour \u00e9viter des arr\u00eats de production co\u00fbteux et pr\u00e9server la productivit\u00e9.<\/p>\n<p data-start=\"859\" data-end=\"1288\">Forts de plusieurs d\u00e9cennies d&#039;exp\u00e9rience dans la maintenance d&#039;\u00e9quipements de s\u00e9paration \u00e0 grande vitesse, <strong data-start=\"932\" data-end=\"945\">Sentrimax<\/strong> Sentrimax propose des services d&#039;inspection compl\u00e8te, de diagnostic pr\u00e9cis, de r\u00e9paration m\u00e9canique de pr\u00e9cision et de remise \u00e0 neuf adapt\u00e9s aux exigences sp\u00e9cifiques de l&#039;entretien des centrifugeuses industrielles. Qu&#039;il s&#039;agisse d&#039;interventions d&#039;urgence ou de projets de maintenance et de r\u00e9vision planifi\u00e9s, Sentrimax aide les installations de Saint-Louis \u00e0 optimiser les performances de leurs \u00e9quipements et \u00e0 prolonger leur dur\u00e9e de vie.<\/p>\n<hr data-start=\"1290\" data-end=\"1293\" \/>\n<h2 data-start=\"1295\" data-end=\"1358\">Soutien aux op\u00e9rations de centrifugation industrielle dans la r\u00e9gion de Saint-Louis<\/h2>\n<p data-start=\"1360\" data-end=\"1789\">Des installations dans tout le <strong data-start=\"1386\" data-end=\"1417\">r\u00e9gion m\u00e9tropolitaine de Saint-Louis<\/strong> Les centrifugeuses sont essentielles au traitement des eaux us\u00e9es, \u00e0 la s\u00e9paration chimique, aux industries agroalimentaires et \u00e0 la d\u00e9shydratation industrielle. Lorsqu&#039;une centrifugeuse industrielle Bird pr\u00e9sente des vibrations, une baisse de d\u00e9bit, une fuite d&#039;\u00e9tanch\u00e9it\u00e9 ou une usure des roulements, les \u00e9quipes de maintenance ont besoin de techniciens exp\u00e9riment\u00e9s capables de diagnostiquer rapidement le probl\u00e8me et de mettre en \u0153uvre des solutions efficaces.<\/p>\n<p data-start=\"1791\" data-end=\"2119\">Sentrimax propose un service d&#039;intervention rapide sur site \u00e0 Saint-Louis et dans sa r\u00e9gion, en associant des techniciens experts \u00e0 des outils de diagnostic ax\u00e9s sur la s\u00e9curit\u00e9 pour \u00e9valuer l&#039;\u00e9tat des centrifugeuses directement sur place. Cette approche permet une identification plus rapide des pannes m\u00e9caniques, une planification coordonn\u00e9e des r\u00e9parations et une remise en service fiable dans les meilleurs d\u00e9lais.<\/p>\n<hr data-start=\"2121\" data-end=\"2124\" \/>\n<h2 data-start=\"2126\" data-end=\"2176\">Pourquoi la r\u00e9paration professionnelle des centrifugeuses pour oiseaux est importante<\/h2>\n<p data-start=\"2178\" data-end=\"2646\">Les centrifugeuses pour oiseaux int\u00e8grent des ensembles rotatifs, des roulements, des joints d&#039;\u00e9tanch\u00e9it\u00e9 et des composants de bo\u00eete de vitesses de pr\u00e9cision, con\u00e7us pour un fonctionnement continu. Des r\u00e9parations inad\u00e9quates ou un diagnostic incomplet peuvent entra\u00eener des vibrations r\u00e9currentes, un d\u00e9s\u00e9quilibre, une usure pr\u00e9matur\u00e9e ou la d\u00e9faillance d&#039;autres composants. Les techniciens de Sentrimax suivent des proc\u00e9dures document\u00e9es conformes aux normes des fabricants d&#039;\u00e9quipement d&#039;origine et aux meilleures pratiques du secteur, en s&#039;attachant \u00e0 la fois \u00e0 r\u00e9soudre les sympt\u00f4mes et \u00e0 identifier la cause profonde du probl\u00e8me.<\/p>\n<p data-start=\"2648\" data-end=\"2967\">Une r\u00e9paration approfondie permet non seulement de rem\u00e9dier aux dommages visibles, mais aussi d&#039;identifier les probl\u00e8mes sous-jacents tels que le d\u00e9salignement, la d\u00e9faillance de la lubrification, le d\u00e9s\u00e9quilibre ou les contraintes li\u00e9es au processus. Cette m\u00e9thodologie globale am\u00e9liore la fiabilit\u00e9 \u00e0 long terme et aide les installations de Saint-Louis \u00e0 r\u00e9duire les interventions de maintenance r\u00e9p\u00e9t\u00e9es et les arr\u00eats impr\u00e9vus.<\/p>\n<hr data-start=\"2969\" data-end=\"2972\" \/>\n<h2 data-start=\"2974\" data-end=\"3033\">Services complets de r\u00e9paration de centrifugeuses industrielles pour oiseaux<\/h2>\n<p data-start=\"3035\" data-end=\"3172\">Sentrimax propose une gamme compl\u00e8te de services de r\u00e9paration de centrifugeuses Bird, con\u00e7us pour r\u00e9pondre \u00e0 un large \u00e9ventail de probl\u00e8mes m\u00e9caniques et de besoins de maintenance\u00a0:<\/p>\n<ul data-start=\"3174\" data-end=\"3695\">\n<li data-start=\"3174\" data-end=\"3237\">\n<p data-start=\"3176\" data-end=\"3237\"><strong data-start=\"3176\" data-end=\"3235\">Inspection m\u00e9canique et \u00e9valuation d\u00e9taill\u00e9e de l&#039;\u00e9tat<\/strong><\/p>\n<\/li>\n<li data-start=\"3238\" data-end=\"3291\">\n<p data-start=\"3240\" data-end=\"3291\"><strong data-start=\"3240\" data-end=\"3289\">Diagnostic des pannes et \u00e9valuation des causes profondes<\/strong><\/p>\n<\/li>\n<li data-start=\"3292\" data-end=\"3353\">\n<p data-start=\"3294\" data-end=\"3353\"><strong data-start=\"3294\" data-end=\"3351\">D\u00e9pose, remplacement et alignement de pr\u00e9cision des roulements<\/strong><\/p>\n<\/li>\n<li data-start=\"3354\" data-end=\"3410\">\n<p data-start=\"3356\" data-end=\"3410\"><strong data-start=\"3356\" data-end=\"3408\">r\u00e9paration ou remplacement de bols, de volutes et de convoyeurs<\/strong><\/p>\n<\/li>\n<li data-start=\"3411\" data-end=\"3471\">\n<p data-start=\"3413\" data-end=\"3471\"><strong data-start=\"3413\" data-end=\"3469\">Inspection, r\u00e9fection et v\u00e9rification du couple de la bo\u00eete de vitesses<\/strong><\/p>\n<\/li>\n<li data-start=\"3472\" data-end=\"3519\">\n<p data-start=\"3474\" data-end=\"3519\"><strong data-start=\"3474\" data-end=\"3517\">\u00c9quilibrage dynamique avec des tol\u00e9rances pr\u00e9cises<\/strong><\/p>\n<\/li>\n<li data-start=\"3520\" data-end=\"3581\">\n<p data-start=\"3522\" data-end=\"3581\"><strong data-start=\"3522\" data-end=\"3579\">Remplacement des joints et am\u00e9liorations des composants d&#039;usure<\/strong><\/p>\n<\/li>\n<li data-start=\"3582\" data-end=\"3641\">\n<p data-start=\"3584\" data-end=\"3641\"><strong data-start=\"3584\" data-end=\"3639\">Assistance au d\u00e9pannage des instruments et des syst\u00e8mes de contr\u00f4le<\/strong><\/p>\n<\/li>\n<li data-start=\"3642\" data-end=\"3695\">\n<p data-start=\"3644\" data-end=\"3695\"><strong data-start=\"3644\" data-end=\"3695\">V\u00e9rification des performances et assistance au d\u00e9marrage<\/strong><\/p>\n<\/li>\n<\/ul>\n<p data-start=\"3697\" data-end=\"4053\">Chaque intervention suit des proc\u00e9dures document\u00e9es, conformes aux normes des \u00e9quipementiers et aux meilleures pratiques techniques. Les techniciens \u00e9valuent non seulement les sympt\u00f4mes visibles, mais aussi des facteurs tels que la variabilit\u00e9 de l&#039;alimentation, l&#039;\u00e9tat de la lubrification et les vibrations, afin d&#039;\u00e9laborer un plan de r\u00e9paration complet qui am\u00e9liore \u00e0 la fois les performances imm\u00e9diates et la fiabilit\u00e9 \u00e0 long terme.<\/p>\n<p data-start=\"4055\" data-end=\"4178\">Pour en savoir plus sur nos capacit\u00e9s compl\u00e8tes de r\u00e9paration de centrifugeuses pour tous types d&#039;\u00e9quipements, consultez notre site web. <a class=\"decorated-link cursor-pointer\" target=\"_new\" rel=\"noopener\" data-start=\"4137\" data-end=\"4177\">https:\/\/sentrimax.com\/centrifuge-repair\/<\/a>.<\/p>\n<hr data-start=\"4180\" data-end=\"4183\" \/>\n<h2 data-start=\"4185\" data-end=\"4232\">Service sur le terrain et intervention rapide dans le Missouri<\/h2>\n<p data-start=\"4234\" data-end=\"4600\">Les pannes impr\u00e9vues de centrifugeuses peuvent rapidement perturber les calendriers de production, affecter la qualit\u00e9 des produits et faire grimper les co\u00fbts de maintenance. Sentrimax assure un service d&#039;intervention rapide sur site dans toute la r\u00e9gion de Saint-Louis, en d\u00e9p\u00eache des techniciens directement chez le client, munis d&#039;outils de diagnostic et appliquant des proc\u00e9dures conformes aux normes de s\u00e9curit\u00e9, afin d&#039;\u00e9valuer l&#039;\u00e9tat des \u00e9quipements et d&#039;entreprendre les r\u00e9parations n\u00e9cessaires.<\/p>\n<p data-start=\"4602\" data-end=\"4658\">Le service sur site offre plusieurs avantages op\u00e9rationnels\u00a0:<\/p>\n<ul data-start=\"4660\" data-end=\"4921\">\n<li data-start=\"4660\" data-end=\"4733\">\n<p data-start=\"4662\" data-end=\"4733\">\u00c9valuation imm\u00e9diate de l&#039;\u00e9quipement dans son environnement d&#039;exploitation r\u00e9el<\/p>\n<\/li>\n<li data-start=\"4734\" data-end=\"4806\">\n<p data-start=\"4736\" data-end=\"4806\">Observation en temps r\u00e9el des effets des vibrations, de la temp\u00e9rature et du processus<\/p>\n<\/li>\n<li data-start=\"4807\" data-end=\"4853\">\n<p data-start=\"4809\" data-end=\"4853\">Mise en \u0153uvre rapide des mesures correctives<\/p>\n<\/li>\n<li data-start=\"4854\" data-end=\"4921\">\n<p data-start=\"4856\" data-end=\"4921\">R\u00e9duction du besoin de transport co\u00fbteux vers les ateliers de r\u00e9paration externes<\/p>\n<\/li>\n<\/ul>\n<p data-start=\"4923\" data-end=\"5087\">Les techniciens de terrain collaborent avec le personnel de l&#039;\u00e9tablissement pour coordonner l&#039;intervention avec les horaires d&#039;exploitation, contribuant ainsi \u00e0 minimiser les perturbations et \u00e0 acc\u00e9l\u00e9rer la remise en service.<\/p>\n<hr data-start=\"5089\" data-end=\"5092\" \/>\n<h2 data-start=\"5094\" data-end=\"5134\">R\u00e9parations de pr\u00e9cision avec des pi\u00e8ces de qualit\u00e9<\/h2>\n<p data-start=\"5136\" data-end=\"5347\">La r\u00e9ussite d&#039;une r\u00e9paration repose sur la qualit\u00e9 des pi\u00e8ces et mat\u00e9riaux de rechange utilis\u00e9s. Sentrimax fournit des composants de rechange de qualit\u00e9 \u00e9quivalente \u00e0 celle des pi\u00e8ces d&#039;origine pour les centrifugeuses industrielles Bird, notamment\u00a0:<\/p>\n<ul data-start=\"5349\" data-end=\"5583\">\n<li data-start=\"5349\" data-end=\"5384\">\n<p data-start=\"5351\" data-end=\"5384\">Roulements et ensembles de roulements<\/p>\n<\/li>\n<li data-start=\"5385\" data-end=\"5419\">\n<p data-start=\"5387\" data-end=\"5419\">Joints d&#039;\u00e9tanch\u00e9it\u00e9, bagues d&#039;\u00e9tanch\u00e9it\u00e9 et anneaux d&#039;usure<\/p>\n<\/li>\n<li data-start=\"5420\" data-end=\"5467\">\n<p data-start=\"5422\" data-end=\"5467\">Rouleaux, convoyeurs et ensembles rotatifs<\/p>\n<\/li>\n<li data-start=\"5468\" data-end=\"5520\">\n<p data-start=\"5470\" data-end=\"5520\">Composants de bo\u00eete de vitesses et pi\u00e8ces de transmission de couple<\/p>\n<\/li>\n<li data-start=\"5521\" data-end=\"5583\">\n<p data-start=\"5523\" data-end=\"5583\">Fixations et kits de quincaillerie de service con\u00e7us pour la fiabilit\u00e9<\/p>\n<\/li>\n<\/ul>\n<p data-start=\"5585\" data-end=\"5761\">Avant leur installation, toutes les pi\u00e8ces sont inspect\u00e9es afin de v\u00e9rifier leur pr\u00e9cision dimensionnelle, l&#039;int\u00e9grit\u00e9 des mat\u00e9riaux et leur compatibilit\u00e9, garantissant ainsi des performances fiables m\u00eame dans des conditions d&#039;utilisation exigeantes.<\/p>\n<p data-start=\"5763\" data-end=\"5865\">Pour les \u00e9tablissements int\u00e9ress\u00e9s par les options de support des composants, veuillez consulter\u00a0: <a class=\"decorated-link cursor-pointer\" target=\"_new\" rel=\"noopener\" data-start=\"5825\" data-end=\"5864\">https:\/\/sentrimax.com\/centrifuge-parts\/<\/a>.<\/p>\n<hr data-start=\"5867\" data-end=\"5870\" \/>\n<h2 data-start=\"5872\" data-end=\"5923\">Services de reconstruction compl\u00e8te pour une dur\u00e9e de vie maximale<\/h2>\n<p data-start=\"5925\" data-end=\"6126\">Pour les centrifugeuses pr\u00e9sentant une usure importante ou une d\u00e9gradation li\u00e9e \u00e0 l&#039;\u00e2ge, Sentrimax propose des services de remise \u00e0 neuf complets qui permettent de redonner aux machines des performances quasi neuves. Une remise \u00e0 neuf professionnelle comprend g\u00e9n\u00e9ralement\u00a0:<\/p>\n<ul data-start=\"6128\" data-end=\"6388\">\n<li data-start=\"6128\" data-end=\"6174\">\n<p data-start=\"6130\" data-end=\"6174\">D\u00e9montage complet et nettoyage approfondi<\/p>\n<\/li>\n<li data-start=\"6175\" data-end=\"6229\">\n<p data-start=\"6177\" data-end=\"6229\">Mesure et restauration des tol\u00e9rances critiques<\/p>\n<\/li>\n<li data-start=\"6230\" data-end=\"6264\">\n<p data-start=\"6232\" data-end=\"6264\">Remplacement des composants us\u00e9s<\/p>\n<\/li>\n<li data-start=\"6265\" data-end=\"6308\">\n<p data-start=\"6267\" data-end=\"6308\">Usinage de pr\u00e9cision pour un ajustement et un \u00e9quilibre parfaits<\/p>\n<\/li>\n<li data-start=\"6309\" data-end=\"6351\">\n<p data-start=\"6311\" data-end=\"6351\">\u00c9quilibrage dynamique des \u00e9l\u00e9ments rotatifs<\/p>\n<\/li>\n<li data-start=\"6352\" data-end=\"6388\">\n<p data-start=\"6354\" data-end=\"6388\">R\u00e9assemblage et tests de performance<\/p>\n<\/li>\n<\/ul>\n<p data-start=\"6390\" data-end=\"6597\">Les projets de reconstruction sont planifi\u00e9s en concertation avec les \u00e9quipes des installations et programm\u00e9s de mani\u00e8re \u00e0 co\u00efncider avec les arr\u00eats ou les p\u00e9riodes de maintenance pr\u00e9vus, minimisant ainsi l&#039;impact sur les op\u00e9rations tout en maximisant la dur\u00e9e de vie des \u00e9quipements.<\/p>\n<hr data-start=\"6599\" data-end=\"6602\" \/>\n<h2 data-start=\"6604\" data-end=\"6648\">Maintenance pr\u00e9ventive pour r\u00e9duire les temps d&#039;arr\u00eat<\/h2>\n<p data-start=\"6650\" data-end=\"6913\">Les r\u00e9parations r\u00e9actives peuvent s&#039;av\u00e9rer co\u00fbteuses et perturbatrices. La maintenance pr\u00e9ventive permet aux installations d&#039;identifier rapidement les probl\u00e8mes \u00e9mergents et de planifier les interventions avant que des pannes ne surviennent. Sentrimax collabore avec les installations de Saint-Louis pour concevoir des programmes de maintenance pr\u00e9ventive pouvant inclure\u00a0:<\/p>\n<ul data-start=\"6915\" data-end=\"7215\">\n<li data-start=\"6915\" data-end=\"6972\">\n<p data-start=\"6917\" data-end=\"6972\">Inspections m\u00e9caniques de routine et suivi de l&#039;\u00e9tat<\/p>\n<\/li>\n<li data-start=\"6973\" data-end=\"7016\">\n<p data-start=\"6975\" data-end=\"7016\">Analyse des vibrations et surveillance des tendances<\/p>\n<\/li>\n<li data-start=\"7017\" data-end=\"7066\">\n<p data-start=\"7019\" data-end=\"7066\">Pr\u00e9l\u00e8vement d&#039;\u00e9chantillons d&#039;huile et contr\u00f4le de l&#039;\u00e9tat de la lubrification<\/p>\n<\/li>\n<li data-start=\"7067\" data-end=\"7121\">\n<p data-start=\"7069\" data-end=\"7121\">Mesure de l&#039;usure des roulements, des joints d&#039;\u00e9tanch\u00e9it\u00e9 et des convoyeurs<\/p>\n<\/li>\n<li data-start=\"7122\" data-end=\"7171\">\n<p data-start=\"7124\" data-end=\"7171\">Remplacement programm\u00e9 des composants \u00e0 forte usure<\/p>\n<\/li>\n<li data-start=\"7172\" data-end=\"7215\">\n<p data-start=\"7174\" data-end=\"7215\">V\u00e9rification de l&#039;alignement et contr\u00f4les d&#039;\u00e9quilibre<\/p>\n<\/li>\n<\/ul>\n<p data-start=\"7217\" data-end=\"7371\">La planification des activit\u00e9s de maintenance bas\u00e9e sur les donn\u00e9es op\u00e9rationnelles permet aux installations d&#039;am\u00e9liorer leur temps de fonctionnement, de contr\u00f4ler les co\u00fbts de maintenance et de r\u00e9duire les interventions non planifi\u00e9es.<\/p>\n<hr data-start=\"7373\" data-end=\"7376\" \/>\n<h2 data-start=\"7378\" data-end=\"7428\">Soutien \u00e0 la stabilit\u00e9 op\u00e9rationnelle et \u00e0 la conformit\u00e9<\/h2>\n<p data-start=\"7430\" data-end=\"7740\">Des performances fiables de la centrifugeuse garantissent la stabilit\u00e9 op\u00e9rationnelle, un d\u00e9bit constant et la conformit\u00e9 aux normes environnementales et internes. L&#039;usure ou l&#039;endommagement de composants r\u00e9duisant l&#039;efficacit\u00e9 de s\u00e9paration peuvent accro\u00eetre les volumes transport\u00e9s, surcharger les syst\u00e8mes en aval et engendrer des co\u00fbts d&#039;exploitation impr\u00e9vus.<\/p>\n<p data-start=\"7742\" data-end=\"8149\">Pour obtenir des directives environnementales faisant autorit\u00e9 concernant les proc\u00e9d\u00e9s de s\u00e9paration des eaux us\u00e9es, les exploitants peuvent se r\u00e9f\u00e9rer \u00e0 <strong data-start=\"7856\" data-end=\"7902\">Agence am\u00e9ricaine de protection de l&#039;environnement (EPA)<\/strong> \u00e0 <a class=\"decorated-link cursor-pointer\" target=\"_new\" rel=\"noopener\" data-start=\"7906\" data-end=\"7931\">https:\/\/www.epa.gov\/water<\/a>. Des informations suppl\u00e9mentaires sur le secteur et les meilleures pratiques sont disponibles via le <strong data-start=\"8006\" data-end=\"8044\">F\u00e9d\u00e9ration pour l&#039;environnement de l&#039;eau (WEF)<\/strong> \u00e0 <a class=\"decorated-link\" href=\"https:\/\/www.wef.org\/\" target=\"_new\" rel=\"noopener\" data-start=\"8048\" data-end=\"8068\">https:\/\/www.wef.org\/<\/a>, offrant de pr\u00e9cieuses ressources techniques aux professionnels du traitement des eaux us\u00e9es et des proc\u00e9d\u00e9s.<\/p>\n<hr data-start=\"8151\" data-end=\"8154\" \/>\n<h2 data-start=\"8156\" data-end=\"8200\">Pourquoi les \u00e9tablissements de Saint-Louis choisissent Sentrimax<\/h2>\n<p data-start=\"8202\" data-end=\"8539\">Les op\u00e9rateurs de Saint-Louis choisissent Sentrimax pour la r\u00e9paration de leurs centrifugeuses industrielles Bird en raison de son expertise technique pointue, de sa r\u00e9activit\u00e9 et de son engagement envers la qualit\u00e9. Les techniciens de Sentrimax allient savoir-faire m\u00e9canique et exp\u00e9rience pratique sur le terrain, aidant ainsi les installations \u00e0 r\u00e9soudre des probl\u00e8mes m\u00e9caniques complexes et \u00e0 prot\u00e9ger leurs \u00e9quipements critiques.<\/p>\n<p data-start=\"8541\" data-end=\"8901\">Une communication claire et une documentation d\u00e9taill\u00e9e sont essentielles \u00e0 chaque intervention de r\u00e9paration. Les installations re\u00e7oivent des rapports de service complets d\u00e9taillant les r\u00e9sultats des inspections, les actions correctives entreprises, les composants remplac\u00e9s et les recommandations pour la planification de la maintenance pr\u00e9ventive. Ces informations permettent une prise de d\u00e9cision \u00e9clair\u00e9e et des strat\u00e9gies de gestion des actifs performantes.<\/p>\n<p data-start=\"8903\" data-end=\"8997\">Pour une expertise en centrifugeuses sp\u00e9cialis\u00e9es dans le traitement des eaux us\u00e9es, voir <a class=\"decorated-link cursor-pointer\" target=\"_new\" rel=\"noopener\" data-start=\"8952\" data-end=\"8996\">https:\/\/sentrimax.com\/industries\/wastewater\/<\/a>.<\/p>\n<hr data-start=\"8999\" data-end=\"9002\" \/>\n<h2 data-start=\"9004\" data-end=\"9051\">Assistance compl\u00e8te, du diagnostic \u00e0 la mise en service<\/h2>\n<p data-start=\"9053\" data-end=\"9129\">Les services offerts par Sentrimax vont au-del\u00e0 de la simple r\u00e9paration m\u00e9canique et comprennent\u00a0:<\/p>\n<ul data-start=\"9131\" data-end=\"9363\">\n<li data-start=\"9131\" data-end=\"9177\">\n<p data-start=\"9133\" data-end=\"9177\">Coordination du gr\u00e9age et du retrait du mat\u00e9riel<\/p>\n<\/li>\n<li data-start=\"9178\" data-end=\"9230\">\n<p data-start=\"9180\" data-end=\"9230\">v\u00e9rification de l&#039;alignement et des dimensions<\/p>\n<\/li>\n<li data-start=\"9231\" data-end=\"9280\">\n<p data-start=\"9233\" data-end=\"9280\">Assistance \u00e0 la r\u00e9installation et \u00e0 l&#039;\u00e9talonnage du syst\u00e8me<\/p>\n<\/li>\n<li data-start=\"9281\" data-end=\"9326\">\n<p data-start=\"9283\" data-end=\"9326\">Assistance au d\u00e9marrage et mise au point op\u00e9rationnelle<\/p>\n<\/li>\n<li data-start=\"9327\" data-end=\"9363\">\n<p data-start=\"9329\" data-end=\"9363\">\u00c9valuation des performances apr\u00e8s r\u00e9paration<\/p>\n<\/li>\n<\/ul>\n<p data-start=\"9365\" data-end=\"9522\">Ce mod\u00e8le de service complet garantit que les centrifugeuses r\u00e9par\u00e9es ou remises en \u00e9tat reprennent du service en toute s\u00e9curit\u00e9, de mani\u00e8re fiable et conform\u00e9ment aux sp\u00e9cifications de conception.<\/p>\n<hr data-start=\"9524\" data-end=\"9527\" \/>\n<h2 data-start=\"9529\" data-end=\"9585\">Am\u00e9lioration continue gr\u00e2ce au suivi des performances<\/h2>\n<p data-start=\"9587\" data-end=\"9954\">La fiabilit\u00e9 \u00e0 long terme repose sur des strat\u00e9gies de maintenance bas\u00e9es sur les donn\u00e9es. Sentrimax aide les installations \u00e0 suivre l&#039;\u00e9volution des performances, notamment les mesures de vibrations, les profils de couple et les sch\u00e9mas d&#039;usure. L&#039;analyse de ces donn\u00e9es au fil du temps permet d&#039;anticiper les besoins de maintenance, d&#039;optimiser les intervalles d&#039;entretien et de r\u00e9duire le co\u00fbt total de possession, tout en am\u00e9liorant la disponibilit\u00e9 des \u00e9quipements.<\/p>\n<hr data-start=\"9956\" data-end=\"9959\" \/>\n<h2 data-start=\"9961\" data-end=\"10021\">Demande de r\u00e9paration de centrifugeuse industrielle Bird \u00e0 Saint-Louis, Missouri<\/h2>\n<p data-start=\"10023\" data-end=\"10390\">\u00c0 Saint-Louis (Missouri), les entreprises font confiance \u00e0 Sentrimax pour la r\u00e9paration professionnelle de leurs centrifugeuses industrielles Bird. Son expertise, sa r\u00e9activit\u00e9 et la qualit\u00e9 de ses interventions en font un partenaire de choix. Qu&#039;il s&#039;agisse de d\u00e9pannages urgents, de maintenance pr\u00e9ventive ou de remises \u00e0 neuf compl\u00e8tes, Sentrimax propose des solutions con\u00e7ues pour garantir le fonctionnement fiable et performant de vos centrifugeuses.<\/p>\n<p data-start=\"10392\" data-end=\"10446\"><strong data-start=\"10392\" data-end=\"10446\"><a class=\"decorated-link\" href=\"https:\/\/sentrimax.com\/fr\/contact\/\" target=\"_new\" rel=\"noopener\" data-start=\"10394\" data-end=\"10444\">Demandez un devis !<\/a><\/strong><\/p>","protected":false},"excerpt":{"rendered":"<p>Sentrimax provides professional Bird industrial centrifuge repair services for manufacturing operations, wastewater facilities, and process plants throughout St. Louis, Missouri. Bird centrifuges are rugged separation machines used in a wide range of industrial applications where efficient solids-liquid separation is essential. When these machines experience mechanical issues, wear-related degradation, or emerging performance problems, reliable repair support [&hellip;]<\/p>\n","protected":false},"author":3,"featured_media":0,"parent":0,"menu_order":0,"comment_status":"closed","ping_status":"closed","template":"seo-page-template.php","meta":{"_acf_changed":false,"inline_featured_image":false,"footnotes":""},"class_list":["post-2312","page","type-page","status-publish","hentry"],"acf":[],"_links":{"self":[{"href":"https:\/\/sentrimax.com\/fr\/wp-json\/wp\/v2\/pages\/2312","targetHints":{"allow":["GET"]}}],"collection":[{"href":"https:\/\/sentrimax.com\/fr\/wp-json\/wp\/v2\/pages"}],"about":[{"href":"https:\/\/sentrimax.com\/fr\/wp-json\/wp\/v2\/types\/page"}],"author":[{"embeddable":true,"href":"https:\/\/sentrimax.com\/fr\/wp-json\/wp\/v2\/users\/3"}],"replies":[{"embeddable":true,"href":"https:\/\/sentrimax.com\/fr\/wp-json\/wp\/v2\/comments?post=2312"}],"version-history":[{"count":1,"href":"https:\/\/sentrimax.com\/fr\/wp-json\/wp\/v2\/pages\/2312\/revisions"}],"predecessor-version":[{"id":2515,"href":"https:\/\/sentrimax.com\/fr\/wp-json\/wp\/v2\/pages\/2312\/revisions\/2515"}],"wp:attachment":[{"href":"https:\/\/sentrimax.com\/fr\/wp-json\/wp\/v2\/media?parent=2312"}],"curies":[{"name":"wp","href":"https:\/\/api.w.org\/{rel}","templated":true}]}}