{"id":2313,"date":"2026-01-07T17:01:06","date_gmt":"2026-01-07T17:01:06","guid":{"rendered":"https:\/\/sentrimax.com\/?page_id=2313"},"modified":"2026-04-21T21:14:23","modified_gmt":"2026-04-21T21:14:23","slug":"rendering-centrifuge-repair-services-in-chicago-il","status":"publish","type":"page","link":"https:\/\/sentrimax.com\/fr\/rendering-centrifuge-repair-services-in-chicago-il\/","title":{"rendered":"Services de r\u00e9paration de centrifugeuses \u00e0 Chicago, Illinois"},"content":{"rendered":"<p data-start=\"300\" data-end=\"850\"><img fetchpriority=\"high\" decoding=\"async\" class=\"aligncenter size-full wp-image-910\" src=\"https:\/\/sentrimax.com\/wp-content\/uploads\/2025\/05\/image-4.png\" alt=\"\" width=\"1648\" height=\"1013\" srcset=\"https:\/\/sentrimax.com\/wp-content\/uploads\/2025\/05\/image-4.png 1648w, https:\/\/sentrimax.com\/wp-content\/uploads\/2025\/05\/image-4-600x369.png 600w, https:\/\/sentrimax.com\/wp-content\/uploads\/2025\/05\/image-4-300x184.png 300w, https:\/\/sentrimax.com\/wp-content\/uploads\/2025\/05\/image-4-1024x629.png 1024w, https:\/\/sentrimax.com\/wp-content\/uploads\/2025\/05\/image-4-768x472.png 768w, https:\/\/sentrimax.com\/wp-content\/uploads\/2025\/05\/image-4-1536x944.png 1536w\" sizes=\"(max-width: 1648px) 100vw, 1648px\" \/><\/p>\n<p data-start=\"300\" data-end=\"850\">Sentrimax propose des services professionnels de r\u00e9paration de centrifugeuses pour les transformateurs industriels, les usines d&#039;\u00e9quarrissage et les exploitations de transformation des produits alimentaires et animaux. <strong data-start=\"468\" data-end=\"489\">Chicago, Illinois<\/strong>. Les centrifugeuses de transformation jouent un r\u00f4le crucial dans la s\u00e9paration des solides et des liquides dans des environnements exigeants \u00e0 haute temp\u00e9rature et \u00e0 forte teneur en mati\u00e8res grasses. En cas de vibrations, de surchauffe, de d\u00e9faillance des roulements ou de baisse de performance, un service de r\u00e9paration sp\u00e9cialis\u00e9 est indispensable pour garantir la continuit\u00e9 de la production, r\u00e9duire les risques d&#039;exploitation et minimiser les temps d&#039;arr\u00eat co\u00fbteux.<\/p>\n<p data-start=\"852\" data-end=\"1297\">Fort d&#039;une exp\u00e9rience de plusieurs d\u00e9cennies dans la maintenance d&#039;\u00e9quipements de s\u00e9paration \u00e0 grande vitesse, <strong data-start=\"922\" data-end=\"935\">Sentrimax<\/strong> Sentrimax propose des inspections compl\u00e8tes, des diagnostics pr\u00e9cis, des r\u00e9parations m\u00e9caniques de pr\u00e9cision et des solutions de remise \u00e0 neuf adapt\u00e9es aux exigences sp\u00e9cifiques des applications de centrifugation. De l&#039;intervention d&#039;urgence en cas de panne \u00e0 la planification de la maintenance pr\u00e9ventive et aux r\u00e9visions compl\u00e8tes, Sentrimax aide les installations de Chicago \u00e0 r\u00e9tablir la fiabilit\u00e9 et \u00e0 prolonger la dur\u00e9e de vie de leurs \u00e9quipements.<\/p>\n<hr data-start=\"1299\" data-end=\"1302\" \/>\n<h2 data-start=\"1304\" data-end=\"1353\">Soutien aux op\u00e9rations de rendu \u00e0 travers Chicago<\/h2>\n<p data-start=\"1355\" data-end=\"1909\">Des installations dans tout le <strong data-start=\"1381\" data-end=\"1410\">r\u00e9gion m\u00e9tropolitaine de Chicago<\/strong> Les centrifugeuses de traitement sont essentielles pour obtenir des r\u00e9sultats de s\u00e9paration constants et faciliter les \u00e9tapes de purification en aval, la r\u00e9cup\u00e9ration des graisses et la manutention des solides. Les proc\u00e9d\u00e9s de traitement exposent les composants des centrifugeuses \u00e0 des temp\u00e9ratures \u00e9lev\u00e9es, des fluides visqueux et des mati\u00e8res organiques corrosives qui acc\u00e9l\u00e8rent l&#039;usure des roulements, des joints, des spirales et des engrenages. En cas de probl\u00e8mes tels que des pics de vibration, une surchauffe, des fuites d&#039;\u00e9tanch\u00e9it\u00e9 ou une baisse de d\u00e9bit, une r\u00e9paration rapide et pr\u00e9cise est cruciale pour maintenir l&#039;efficacit\u00e9 du proc\u00e9d\u00e9.<\/p>\n<p data-start=\"1911\" data-end=\"2211\">Sentrimax offre une assistance sur site r\u00e9active dans tout Chicago et sa r\u00e9gion, en associant des techniciens exp\u00e9riment\u00e9s \u00e0 des outils de diagnostic avanc\u00e9s pour \u00e9valuer l&#039;\u00e9tat des machines, recommander des mesures correctives et mettre en \u0153uvre des plans de r\u00e9paration efficaces qui correspondent aux calendriers op\u00e9rationnels et aux budgets.<\/p>\n<p data-start=\"2213\" data-end=\"2336\">Pour b\u00e9n\u00e9ficier de capacit\u00e9s de r\u00e9paration plus \u00e9tendues pour plusieurs types d&#039;\u00e9quipements de centrifugeuses, veuillez consulter notre site web. <a class=\"decorated-link cursor-pointer\" target=\"_new\" rel=\"noopener\" data-start=\"2295\" data-end=\"2335\">https:\/\/sentrimax.com\/centrifuge-repair\/<\/a>.<\/p>\n<hr data-start=\"2338\" data-end=\"2341\" \/>\n<h2 data-start=\"2343\" data-end=\"2398\">Pourquoi la r\u00e9paration professionnelle des centrifugeuses \u00e0 rendu est importante<\/h2>\n<p data-start=\"2400\" data-end=\"2848\">Les centrifugeuses de traitement fonctionnent dans des conditions parmi les plus exigeantes de tous les \u00e9quipements de s\u00e9paration. Des r\u00e9parations inad\u00e9quates, des diagnostics incomplets ou des pi\u00e8ces incompatibles peuvent entra\u00eener des probl\u00e8mes r\u00e9currents, une dur\u00e9e de vie r\u00e9duite des composants principaux et une instabilit\u00e9 du processus. Les techniciens de Sentrimax sont form\u00e9s pour suivre des proc\u00e9dures document\u00e9es et des pratiques exemplaires conformes aux normes des fabricants d&#039;\u00e9quipement d&#039;origine afin de garantir que les r\u00e9parations traitent \u00e0 la fois les sympt\u00f4mes et les causes sous-jacentes.<\/p>\n<p data-start=\"2850\" data-end=\"3137\">Une r\u00e9paration compl\u00e8te prend en compte non seulement les dommages visibles, mais aussi les facteurs contributifs tels que le d\u00e9salignement, la d\u00e9faillance de la lubrification, le d\u00e9s\u00e9quilibre et l&#039;usure. En identifiant et en corrigeant les causes profondes des pannes, les installations b\u00e9n\u00e9ficient d&#039;une fiabilit\u00e9 accrue des machines et d&#039;une r\u00e9duction des arr\u00eats impr\u00e9vus.<\/p>\n<hr data-start=\"3139\" data-end=\"3142\" \/>\n<h2 data-start=\"3144\" data-end=\"3197\">Services complets de r\u00e9paration de centrifugeuses de rendu<\/h2>\n<p data-start=\"3199\" data-end=\"3359\">Sentrimax propose une gamme compl\u00e8te de services de r\u00e9paration de centrifugeuses d&#039;\u00e9quarrissage con\u00e7us pour accompagner les entreprises de transformation de Chicago \u00e0 toutes les \u00e9tapes de leurs besoins en mati\u00e8re de maintenance et d&#039;entretien\u00a0:<\/p>\n<ul data-start=\"3361\" data-end=\"3869\">\n<li data-start=\"3361\" data-end=\"3424\">\n<p data-start=\"3363\" data-end=\"3424\"><strong data-start=\"3363\" data-end=\"3422\">Inspection m\u00e9canique et \u00e9valuation d\u00e9taill\u00e9e de l&#039;\u00e9tat<\/strong><\/p>\n<\/li>\n<li data-start=\"3425\" data-end=\"3476\">\n<p data-start=\"3427\" data-end=\"3476\"><strong data-start=\"3427\" data-end=\"3474\">Diagnostic des d\u00e9faillances et analyse des causes profondes<\/strong><\/p>\n<\/li>\n<li data-start=\"3477\" data-end=\"3538\">\n<p data-start=\"3479\" data-end=\"3538\"><strong data-start=\"3479\" data-end=\"3536\">D\u00e9pose, remplacement et alignement de pr\u00e9cision des roulements<\/strong><\/p>\n<\/li>\n<li data-start=\"3539\" data-end=\"3595\">\n<p data-start=\"3541\" data-end=\"3595\"><strong data-start=\"3541\" data-end=\"3593\">r\u00e9paration ou remplacement de bols, de volutes et de convoyeurs<\/strong><\/p>\n<\/li>\n<li data-start=\"3596\" data-end=\"3656\">\n<p data-start=\"3598\" data-end=\"3656\"><strong data-start=\"3598\" data-end=\"3654\">Inspection, r\u00e9fection et v\u00e9rification du couple de la bo\u00eete de vitesses<\/strong><\/p>\n<\/li>\n<li data-start=\"3657\" data-end=\"3704\">\n<p data-start=\"3659\" data-end=\"3704\"><strong data-start=\"3659\" data-end=\"3702\">\u00c9quilibrage dynamique avec des tol\u00e9rances pr\u00e9cises<\/strong><\/p>\n<\/li>\n<li data-start=\"3705\" data-end=\"3758\">\n<p data-start=\"3707\" data-end=\"3758\"><strong data-start=\"3707\" data-end=\"3756\">Am\u00e9liorations du remplacement des joints et de la protection contre l&#039;usure<\/strong><\/p>\n<\/li>\n<li data-start=\"3759\" data-end=\"3818\">\n<p data-start=\"3761\" data-end=\"3818\"><strong data-start=\"3761\" data-end=\"3816\">Assistance au d\u00e9pannage des syst\u00e8mes de contr\u00f4le et d&#039;instrumentation<\/strong><\/p>\n<\/li>\n<li data-start=\"3819\" data-end=\"3869\">\n<p data-start=\"3821\" data-end=\"3869\"><strong data-start=\"3821\" data-end=\"3867\">Tests de performance et assistance au d\u00e9marrage<\/strong><\/p>\n<\/li>\n<\/ul>\n<p data-start=\"3871\" data-end=\"4126\">Chaque intervention suit des proc\u00e9dures document\u00e9es, conformes aux sp\u00e9cifications du constructeur et aux meilleures pratiques du secteur. Les techniciens analysent l&#039;ensemble du syst\u00e8me m\u00e9canique, et non seulement les sympt\u00f4mes apparents, afin d&#039;identifier et de corriger les facteurs contribuant \u00e0 la panne.<\/p>\n<hr data-start=\"4128\" data-end=\"4131\" \/>\n<h2 data-start=\"4133\" data-end=\"4188\">Service sur le terrain et intervention rapide dans la r\u00e9gion de Chicago<\/h2>\n<p data-start=\"4190\" data-end=\"4548\">Les pannes impr\u00e9vues des centrifugeuses de traitement peuvent perturber la planification de la production, mettre \u00e0 rude \u00e9preuve les ressources humaines et faire grimper les co\u00fbts de maintenance. Sentrimax propose un service d&#039;intervention rapide sur site dans toute la r\u00e9gion de Chicago, en d\u00e9p\u00eache des techniciens directement chez le client avec les outils et les diagnostics n\u00e9cessaires pour \u00e9valuer l&#039;\u00e9quipement dans son environnement d&#039;utilisation r\u00e9el.<\/p>\n<p data-start=\"4550\" data-end=\"4616\">L&#039;intervention sur site offre des avantages op\u00e9rationnels significatifs\u00a0:<\/p>\n<ul data-start=\"4618\" data-end=\"4851\">\n<li data-start=\"4618\" data-end=\"4682\">\n<p data-start=\"4620\" data-end=\"4682\">Observation directe du comportement de la machine en conditions r\u00e9elles<\/p>\n<\/li>\n<li data-start=\"4683\" data-end=\"4734\">\n<p data-start=\"4685\" data-end=\"4734\">D\u00e9pannage imm\u00e9diat et mesures correctives<\/p>\n<\/li>\n<li data-start=\"4735\" data-end=\"4781\">\n<p data-start=\"4737\" data-end=\"4781\">Besoin r\u00e9duit de transport d&#039;\u00e9quipement lourd<\/p>\n<\/li>\n<li data-start=\"4782\" data-end=\"4851\">\n<p data-start=\"4784\" data-end=\"4851\">Collaboration avec le personnel de l&#039;installation pour minimiser l&#039;impact sur la production<\/p>\n<\/li>\n<\/ul>\n<p data-start=\"4853\" data-end=\"5020\">En collaborant avec le personnel de l&#039;usine, les techniciens de terrain peuvent coordonner les interventions de maintenance avec les calendriers de production afin de r\u00e9duire les perturbations et d&#039;acc\u00e9l\u00e9rer la remise en service.<\/p>\n<hr data-start=\"5022\" data-end=\"5025\" \/>\n<h2 data-start=\"5027\" data-end=\"5071\">R\u00e9parations de pr\u00e9cision avec des pi\u00e8ces de haute qualit\u00e9<\/h2>\n<p data-start=\"5073\" data-end=\"5265\">La pr\u00e9cision des r\u00e9parations d\u00e9pend de la qualit\u00e9 des pi\u00e8ces de rechange install\u00e9es lors de l&#039;intervention. Sentrimax fournit des pi\u00e8ces de rechange de qualit\u00e9 \u00e9quivalente \u00e0 celle des pi\u00e8ces d&#039;origine pour les centrifugeuses de traitement, notamment\u00a0:<\/p>\n<ul data-start=\"5267\" data-end=\"5502\">\n<li data-start=\"5267\" data-end=\"5302\">\n<p data-start=\"5269\" data-end=\"5302\">Roulements et ensembles de roulements<\/p>\n<\/li>\n<li data-start=\"5303\" data-end=\"5337\">\n<p data-start=\"5305\" data-end=\"5337\">Joints d&#039;\u00e9tanch\u00e9it\u00e9, bagues d&#039;\u00e9tanch\u00e9it\u00e9 et anneaux d&#039;usure<\/p>\n<\/li>\n<li data-start=\"5338\" data-end=\"5370\">\n<p data-start=\"5340\" data-end=\"5370\">\u00c9l\u00e9ments de d\u00e9filement et de convoyage<\/p>\n<\/li>\n<li data-start=\"5371\" data-end=\"5423\">\n<p data-start=\"5373\" data-end=\"5423\">Composants de bo\u00eete de vitesses et pi\u00e8ces de transmission de couple<\/p>\n<\/li>\n<li data-start=\"5424\" data-end=\"5462\">\n<p data-start=\"5426\" data-end=\"5462\">Bol, moyeu et ensembles rotatifs<\/p>\n<\/li>\n<li data-start=\"5463\" data-end=\"5502\">\n<p data-start=\"5465\" data-end=\"5502\">Kits de fixation et de quincaillerie de service<\/p>\n<\/li>\n<\/ul>\n<p data-start=\"5504\" data-end=\"5682\">Avant leur installation, toutes les pi\u00e8ces sont inspect\u00e9es afin de v\u00e9rifier leur pr\u00e9cision dimensionnelle, l&#039;int\u00e9grit\u00e9 des mat\u00e9riaux et leur compatibilit\u00e9, et ainsi garantir des performances fiables m\u00eame dans des conditions de rendu exigeantes.<\/p>\n<p data-start=\"5684\" data-end=\"5769\">Pour conna\u00eetre les options de support des composants et des pi\u00e8ces, consultez <a class=\"decorated-link cursor-pointer\" target=\"_new\" rel=\"noopener\" data-start=\"5729\" data-end=\"5768\">https:\/\/sentrimax.com\/centrifuge-parts\/<\/a>.<\/p>\n<hr data-start=\"5771\" data-end=\"5774\" \/>\n<h2 data-start=\"5776\" data-end=\"5820\">Reconstructions compl\u00e8tes et restauration des performances<\/h2>\n<p data-start=\"5822\" data-end=\"6030\">Pour les machines pr\u00e9sentant une usure importante ou une d\u00e9gradation li\u00e9e \u00e0 l&#039;\u00e2ge, Sentrimax propose des services de remise \u00e0 neuf complets qui redonnent aux centrifugeuses des performances quasi neuves. Une remise \u00e0 neuf professionnelle comprend g\u00e9n\u00e9ralement\u00a0:<\/p>\n<ul data-start=\"6032\" data-end=\"6295\">\n<li data-start=\"6032\" data-end=\"6078\">\n<p data-start=\"6034\" data-end=\"6078\">D\u00e9montage complet et nettoyage approfondi<\/p>\n<\/li>\n<li data-start=\"6079\" data-end=\"6133\">\n<p data-start=\"6081\" data-end=\"6133\">Mesure et restauration des tol\u00e9rances critiques<\/p>\n<\/li>\n<li data-start=\"6134\" data-end=\"6168\">\n<p data-start=\"6136\" data-end=\"6168\">Remplacement des composants us\u00e9s<\/p>\n<\/li>\n<li data-start=\"6169\" data-end=\"6212\">\n<p data-start=\"6171\" data-end=\"6212\">Usinage de pr\u00e9cision pour un ajustement et un \u00e9quilibre parfaits<\/p>\n<\/li>\n<li data-start=\"6213\" data-end=\"6255\">\n<p data-start=\"6215\" data-end=\"6255\">\u00c9quilibrage dynamique des \u00e9l\u00e9ments rotatifs<\/p>\n<\/li>\n<li data-start=\"6256\" data-end=\"6295\">\n<p data-start=\"6258\" data-end=\"6295\">R\u00e9assemblage et validation des performances<\/p>\n<\/li>\n<\/ul>\n<p data-start=\"6297\" data-end=\"6442\">Les projets de reconstruction sont coordonn\u00e9s avec les \u00e9quipes des installations afin de s&#039;aligner sur les arr\u00eats planifi\u00e9s et les objectifs op\u00e9rationnels, tout en maximisant la prolongation de la dur\u00e9e de vie du service.<\/p>\n<hr data-start=\"6444\" data-end=\"6447\" \/>\n<h2 data-start=\"6449\" data-end=\"6500\">Maintenance pr\u00e9ventive pour une fiabilit\u00e9 \u00e0 long terme<\/h2>\n<p data-start=\"6502\" data-end=\"6774\">Les r\u00e9parations r\u00e9actives sont co\u00fbteuses et perturbatrices. La maintenance pr\u00e9ventive permet aux installations de d\u00e9tecter les premiers signes d&#039;usure, de r\u00e9duire les arr\u00eats impr\u00e9vus et d&#039;optimiser les budgets de maintenance. Sentrimax collabore avec les entreprises de transformation de Chicago pour \u00e9laborer des plans de maintenance pr\u00e9ventive pouvant inclure\u00a0:<\/p>\n<ul data-start=\"6776\" data-end=\"7081\">\n<li data-start=\"6776\" data-end=\"6833\">\n<p data-start=\"6778\" data-end=\"6833\">Inspections m\u00e9caniques de routine et suivi de l&#039;\u00e9tat<\/p>\n<\/li>\n<li data-start=\"6834\" data-end=\"6869\">\n<p data-start=\"6836\" data-end=\"6869\">Analyse et tendances des vibrations<\/p>\n<\/li>\n<li data-start=\"6870\" data-end=\"6919\">\n<p data-start=\"6872\" data-end=\"6919\">Pr\u00e9l\u00e8vement d&#039;\u00e9chantillons d&#039;huile et contr\u00f4le de l&#039;\u00e9tat de la lubrification<\/p>\n<\/li>\n<li data-start=\"6920\" data-end=\"6974\">\n<p data-start=\"6922\" data-end=\"6974\">Mesure de l&#039;usure des roulements, des joints d&#039;\u00e9tanch\u00e9it\u00e9 et des convoyeurs<\/p>\n<\/li>\n<li data-start=\"6975\" data-end=\"7024\">\n<p data-start=\"6977\" data-end=\"7024\">Remplacement programm\u00e9 des composants \u00e0 forte usure<\/p>\n<\/li>\n<li data-start=\"7025\" data-end=\"7081\">\n<p data-start=\"7027\" data-end=\"7081\">V\u00e9rification de l&#039;alignement et \u00e9quilibrage dynamique selon les besoins<\/p>\n<\/li>\n<\/ul>\n<p data-start=\"7083\" data-end=\"7222\">En planifiant les services en fonction des donn\u00e9es op\u00e9rationnelles plut\u00f4t que des pannes inattendues, les installations peuvent am\u00e9liorer leur temps de fonctionnement et stabiliser leurs co\u00fbts de maintenance.<\/p>\n<hr data-start=\"7224\" data-end=\"7227\" \/>\n<h2 data-start=\"7229\" data-end=\"7279\">Soutien \u00e0 la stabilit\u00e9 op\u00e9rationnelle et \u00e0 la conformit\u00e9<\/h2>\n<p data-start=\"7281\" data-end=\"7563\">Des performances fiables des centrifugeuses contribuent \u00e0 une qualit\u00e9 de production constante, \u00e0 une gestion efficace des solides et au respect des r\u00e9glementations dans les op\u00e9rations d&#039;\u00e9quarrissage. Une faible efficacit\u00e9 de s\u00e9paration peut augmenter les co\u00fbts de traitement des d\u00e9chets, mettre \u00e0 rude \u00e9preuve les processus en aval et compromettre les normes de qualit\u00e9.<\/p>\n<p data-start=\"7565\" data-end=\"7985\">Pour un contexte plus large sur les normes de processus et les exigences environnementales, les op\u00e9rateurs peuvent consulter le <strong data-start=\"7664\" data-end=\"7710\">Agence am\u00e9ricaine de protection de l&#039;environnement (EPA)<\/strong> \u00e0 <a class=\"decorated-link cursor-pointer\" target=\"_new\" rel=\"noopener\" data-start=\"7714\" data-end=\"7739\">https:\/\/www.epa.gov\/water<\/a>. Des informations techniques suppl\u00e9mentaires et les meilleures pratiques du secteur sont disponibles aupr\u00e8s de <strong data-start=\"7821\" data-end=\"7859\">F\u00e9d\u00e9ration pour l&#039;environnement de l&#039;eau (WEF)<\/strong> \u00e0 <a class=\"decorated-link\" href=\"https:\/\/www.wef.org\/\" target=\"_new\" rel=\"noopener\" data-start=\"7863\" data-end=\"7883\">https:\/\/www.wef.org\/<\/a>, offrant des ressources pr\u00e9cieuses pour la planification des proc\u00e9d\u00e9s de s\u00e9paration et les consid\u00e9rations relatives au traitement des eaux us\u00e9es.<\/p>\n<hr data-start=\"7987\" data-end=\"7990\" \/>\n<h2 data-start=\"7992\" data-end=\"8034\">Pourquoi les entreprises de Chicago choisissent Sentrimax<\/h2>\n<p data-start=\"8036\" data-end=\"8402\">Les exploitants de Chicago choisissent Sentrimax pour la r\u00e9paration de leurs centrifugeuses en raison de son expertise technique, de son assistance technique r\u00e9active et de son engagement envers des r\u00e9sultats de qualit\u00e9. Les techniciens de Sentrimax ma\u00eetrisent la dynamique m\u00e9canique des \u00e9quipements de s\u00e9paration \u00e0 grande vitesse et les contraintes op\u00e9rationnelles auxquelles sont confront\u00e9es les installations d&#039;\u00e9quarrissage, les sites industriels et les stations d&#039;\u00e9puration.<\/p>\n<p data-start=\"8404\" data-end=\"8755\">Une communication claire et une documentation compl\u00e8te sont essentielles \u00e0 chaque intervention. Les installations re\u00e7oivent des rapports d\u00e9taill\u00e9s pr\u00e9sentant les r\u00e9sultats du diagnostic, les actions correctives, les composants remplac\u00e9s et des recommandations pour la planification de la maintenance future. Ces informations permettent une prise de d\u00e9cision proactive et des strat\u00e9gies de gestion des actifs \u00e0 long terme.<\/p>\n<p data-start=\"8757\" data-end=\"8864\">Pour les applications li\u00e9es aux eaux us\u00e9es et autres services de centrifugation, voir <a class=\"decorated-link cursor-pointer\" target=\"_new\" rel=\"noopener\" data-start=\"8819\" data-end=\"8863\">https:\/\/sentrimax.com\/industries\/wastewater\/<\/a>.<\/p>\n<hr data-start=\"8866\" data-end=\"8869\" \/>\n<h2 data-start=\"8871\" data-end=\"8919\">Assistance compl\u00e8te, de l&#039;inspection \u00e0 la mise en service<\/h2>\n<p data-start=\"8921\" data-end=\"8998\">Les services offerts par Sentrimax ne se limitent pas aux r\u00e9parations m\u00e9caniques et comprennent\u00a0:<\/p>\n<ul data-start=\"9000\" data-end=\"9222\">\n<li data-start=\"9000\" data-end=\"9047\">\n<p data-start=\"9002\" data-end=\"9047\">Coordination du montage et du retrait de la centrifugeuse<\/p>\n<\/li>\n<li data-start=\"9048\" data-end=\"9100\">\n<p data-start=\"9050\" data-end=\"9100\">v\u00e9rification de l&#039;alignement et des dimensions<\/p>\n<\/li>\n<li data-start=\"9101\" data-end=\"9150\">\n<p data-start=\"9103\" data-end=\"9150\">Assistance \u00e0 la r\u00e9installation et \u00e0 l&#039;\u00e9talonnage du syst\u00e8me<\/p>\n<\/li>\n<li data-start=\"9151\" data-end=\"9184\">\n<p data-start=\"9153\" data-end=\"9184\">Assistance au d\u00e9marrage et r\u00e9glage<\/p>\n<\/li>\n<li data-start=\"9185\" data-end=\"9222\">\n<p data-start=\"9187\" data-end=\"9222\">\u00c9valuation des performances apr\u00e8s la prestation de services<\/p>\n<\/li>\n<\/ul>\n<p data-start=\"9224\" data-end=\"9361\">Cette approche de service globale garantit une remise en service des centrifugeuses de rendu sans encombre, de mani\u00e8re fiable et conform\u00e9ment aux sp\u00e9cifications de conception.<\/p>\n<hr data-start=\"9363\" data-end=\"9366\" \/>\n<h2 data-start=\"9368\" data-end=\"9424\">Am\u00e9lioration continue gr\u00e2ce au suivi des performances<\/h2>\n<p data-start=\"9426\" data-end=\"9809\">La fiabilit\u00e9 \u00e0 long terme repose sur des strat\u00e9gies de maintenance bas\u00e9es sur les donn\u00e9es. Sentrimax aide les installations \u00e0 suivre des indicateurs cl\u00e9s de performance tels que les niveaux de vibration, les profils de couple et les tendances d&#039;usure des composants. L&#039;analyse de ces donn\u00e9es dans le temps permet aux installations d&#039;anticiper les besoins de maintenance, d&#039;optimiser les intervalles d&#039;entretien et de r\u00e9duire les arr\u00eats impr\u00e9vus, tout en diminuant le co\u00fbt total de possession.<\/p>\n<hr data-start=\"9811\" data-end=\"9814\" \/>\n<h2 data-start=\"9816\" data-end=\"9877\">Demande de services de r\u00e9paration de centrifugeuses \u00e0 Chicago (Illinois)<\/h2>\n<p data-start=\"9879\" data-end=\"10264\">Lorsque des services de r\u00e9paration de centrifugeuses par des experts sont n\u00e9cessaires <strong data-start=\"9944\" data-end=\"9959\">Chicago, Illinois<\/strong>, Les entreprises du secteur font confiance \u00e0 Sentrimax pour son expertise reconnue, sa r\u00e9activit\u00e9 et son professionnalisme. Qu&#039;il s&#039;agisse de d\u00e9pannages urgents, de maintenance pr\u00e9ventive ou de r\u00e9novations compl\u00e8tes, Sentrimax propose des solutions con\u00e7ues pour garantir le fonctionnement fiable et efficace de vos \u00e9quipements de s\u00e9paration.<\/p>\n<p data-start=\"10266\" data-end=\"10320\"><strong data-start=\"10266\" data-end=\"10320\"><a class=\"decorated-link\" href=\"https:\/\/sentrimax.com\/fr\/contact\/\" target=\"_new\" rel=\"noopener\" data-start=\"10268\" data-end=\"10318\">Demandez un devis !<\/a><\/strong><\/p>","protected":false},"excerpt":{"rendered":"<p>Sentrimax provides professional rendering centrifuge repair services for industrial processors, rendering facilities, and food &amp; animal byproduct operations throughout Chicago, Illinois. Rendering centrifuges play a critical role in separating solids from liquids in demanding high-temperature, high-fat environments. When these machines experience vibration, elevated temperatures, bearing failures, or performance decline, expert repair support is essential to [&hellip;]<\/p>\n","protected":false},"author":3,"featured_media":0,"parent":0,"menu_order":0,"comment_status":"closed","ping_status":"closed","template":"seo-page-template.php","meta":{"_acf_changed":false,"inline_featured_image":false,"footnotes":""},"class_list":["post-2313","page","type-page","status-publish","hentry"],"acf":[],"_links":{"self":[{"href":"https:\/\/sentrimax.com\/fr\/wp-json\/wp\/v2\/pages\/2313","targetHints":{"allow":["GET"]}}],"collection":[{"href":"https:\/\/sentrimax.com\/fr\/wp-json\/wp\/v2\/pages"}],"about":[{"href":"https:\/\/sentrimax.com\/fr\/wp-json\/wp\/v2\/types\/page"}],"author":[{"embeddable":true,"href":"https:\/\/sentrimax.com\/fr\/wp-json\/wp\/v2\/users\/3"}],"replies":[{"embeddable":true,"href":"https:\/\/sentrimax.com\/fr\/wp-json\/wp\/v2\/comments?post=2313"}],"version-history":[{"count":1,"href":"https:\/\/sentrimax.com\/fr\/wp-json\/wp\/v2\/pages\/2313\/revisions"}],"predecessor-version":[{"id":2514,"href":"https:\/\/sentrimax.com\/fr\/wp-json\/wp\/v2\/pages\/2313\/revisions\/2514"}],"wp:attachment":[{"href":"https:\/\/sentrimax.com\/fr\/wp-json\/wp\/v2\/media?parent=2313"}],"curies":[{"name":"wp","href":"https:\/\/api.w.org\/{rel}","templated":true}]}}