{"id":2314,"date":"2026-01-07T17:02:51","date_gmt":"2026-01-07T17:02:51","guid":{"rendered":"https:\/\/sentrimax.com\/?page_id=2314"},"modified":"2026-04-21T21:14:22","modified_gmt":"2026-04-21T21:14:22","slug":"rendering-plant-centrifuge-service-in-houston-tx","status":"publish","type":"page","link":"https:\/\/sentrimax.com\/fr\/rendering-plant-centrifuge-service-in-houston-tx\/","title":{"rendered":"Service de centrifugation pour usines d&#039;\u00e9quarrissage \u00e0 Houston, Texas"},"content":{"rendered":"<p data-start=\"315\" data-end=\"796\"><img fetchpriority=\"high\" decoding=\"async\" class=\"aligncenter size-full wp-image-905\" src=\"https:\/\/sentrimax.com\/wp-content\/uploads\/2025\/05\/image-77.png\" alt=\"\" width=\"1440\" height=\"504\" srcset=\"https:\/\/sentrimax.com\/wp-content\/uploads\/2025\/05\/image-77.png 1440w, https:\/\/sentrimax.com\/wp-content\/uploads\/2025\/05\/image-77-600x210.png 600w, https:\/\/sentrimax.com\/wp-content\/uploads\/2025\/05\/image-77-300x105.png 300w, https:\/\/sentrimax.com\/wp-content\/uploads\/2025\/05\/image-77-1024x358.png 1024w, https:\/\/sentrimax.com\/wp-content\/uploads\/2025\/05\/image-77-768x269.png 768w\" sizes=\"(max-width: 1440px) 100vw, 1440px\" \/><\/p>\n<p data-start=\"315\" data-end=\"796\">Sentrimax propose un service professionnel de centrifugation pour les usines d&#039;\u00e9quarrissage destin\u00e9es aux transformateurs industriels dans toute la r\u00e9gion. <strong data-start=\"419\" data-end=\"437\">Houston, Texas<\/strong>. Les centrifugeuses d&#039;\u00e9quarrissage sont indispensables \u00e0 la s\u00e9paration des solides, des graisses et des liquides lors de la transformation \u00e0 grande \u00e9chelle des sous-produits animaux. En cas d&#039;usure, de d\u00e9s\u00e9quilibre, de d\u00e9faillance des roulements, de vibrations ou de baisse de performance de ces machines, un service de maintenance fiable est essentiel pour garantir la continuit\u00e9 de la production, r\u00e9duire les co\u00fbts de maintenance et \u00e9viter les arr\u00eats de production co\u00fbteux.<\/p>\n<p data-start=\"798\" data-end=\"1318\">Forts de plusieurs d\u00e9cennies d&#039;exp\u00e9rience dans la maintenance d&#039;\u00e9quipements de s\u00e9paration solide-liquide \u00e0 grande vitesse, <strong data-start=\"882\" data-end=\"895\">Sentrimax<\/strong> Sentrimax propose des diagnostics pr\u00e9cis, des r\u00e9parations m\u00e9caniques compl\u00e8tes, des plans de maintenance pr\u00e9ventive et des solutions de reconstruction int\u00e9grale adapt\u00e9es aux conditions et exigences op\u00e9rationnelles sp\u00e9cifiques des usines d&#039;\u00e9quarrissage. Qu&#039;il s&#039;agisse d&#039;intervenir en urgence, de mettre en \u0153uvre un programme de maintenance planifi\u00e9 ou de planifier une r\u00e9vision compl\u00e8te, Sentrimax accompagne les op\u00e9rateurs de Houston gr\u00e2ce \u00e0 une expertise qui garantit la disponibilit\u00e9 des \u00e9quipements et prolonge leur dur\u00e9e de vie.<\/p>\n<hr data-start=\"1320\" data-end=\"1323\" \/>\n<h2 data-start=\"1325\" data-end=\"1374\">Soutien aux op\u00e9rations de rendu dans tout Houston<\/h2>\n<p data-start=\"1376\" data-end=\"1890\">Des installations dans tout le <strong data-start=\"1402\" data-end=\"1431\">r\u00e9gion m\u00e9tropolitaine de Houston<\/strong> Les centrifugeuses d&#039;\u00e9quarrissage permettent de s\u00e9parer efficacement les graisses, les huiles, les solides et les liquides \u2013 un proc\u00e9d\u00e9 essentiel \u00e0 la valorisation des sous-produits, \u00e0 la gestion des flux de d\u00e9chets et au traitement en aval. Les environnements d&#039;\u00e9quarrissage sont parmi les plus exigeants pour les \u00e9quipements de s\u00e9paration, exposant les composants des centrifugeuses \u00e0 des temp\u00e9ratures \u00e9lev\u00e9es, des charges importantes et des boues visqueuses et abrasives. Ces conditions acc\u00e9l\u00e8rent l&#039;usure des roulements, des joints, des spirales, des \u00e9l\u00e9ments de convoyeur et des composants de la bo\u00eete de vitesses.<\/p>\n<p data-start=\"1892\" data-end=\"2250\">En cas de probl\u00e8mes tels que vibrations, surchauffe des roulements, fuites d&#039;\u00e9tanch\u00e9it\u00e9 ou baisse d&#039;efficacit\u00e9 de s\u00e9paration, une intervention rapide de techniciens exp\u00e9riment\u00e9s est essentielle. Sentrimax propose une assistance sur site r\u00e9active pour \u00e9valuer l&#039;\u00e9tat des machines, diagnostiquer les probl\u00e8mes et mettre en \u0153uvre des plans de maintenance efficaces, adapt\u00e9s aux calendriers d&#039;exploitation et aux normes de s\u00e9curit\u00e9.<\/p>\n<p data-start=\"2252\" data-end=\"2414\">Pour conna\u00eetre les capacit\u00e9s de service offertes pour plusieurs types de centrifugeuses, y compris les d\u00e9canteurs, les s\u00e9parateurs et les technologies \u00e0 spirale, consultez <a class=\"decorated-link cursor-pointer\" target=\"_new\" rel=\"noopener\" data-start=\"2373\" data-end=\"2413\">https:\/\/sentrimax.com\/centrifuge-repair\/<\/a>.<\/p>\n<hr data-start=\"2416\" data-end=\"2419\" \/>\n<h2 data-start=\"2421\" data-end=\"2472\">Ce que comprend le service de centrifugation pour usine d&#039;\u00e9quarrissage<\/h2>\n<p data-start=\"2474\" data-end=\"2651\">Sentrimax propose une gamme compl\u00e8te de services pour centrifugeuses de traitement des d\u00e9chets, con\u00e7us pour r\u00e9tablir leurs performances, prolonger leur dur\u00e9e de vie et r\u00e9duire les risques d&#039;arr\u00eats impr\u00e9vus. Ses principaux services comprennent\u00a0:<\/p>\n<ul data-start=\"2653\" data-end=\"3184\">\n<li data-start=\"2653\" data-end=\"2716\">\n<p data-start=\"2655\" data-end=\"2716\"><strong data-start=\"2655\" data-end=\"2714\">Inspection m\u00e9canique et \u00e9valuation d\u00e9taill\u00e9e de l&#039;\u00e9tat<\/strong><\/p>\n<\/li>\n<li data-start=\"2717\" data-end=\"2768\">\n<p data-start=\"2719\" data-end=\"2768\"><strong data-start=\"2719\" data-end=\"2766\">Diagnostic des d\u00e9faillances et analyse des causes profondes<\/strong><\/p>\n<\/li>\n<li data-start=\"2769\" data-end=\"2830\">\n<p data-start=\"2771\" data-end=\"2830\"><strong data-start=\"2771\" data-end=\"2828\">D\u00e9pose, remplacement et alignement de pr\u00e9cision des roulements<\/strong><\/p>\n<\/li>\n<li data-start=\"2831\" data-end=\"2894\">\n<p data-start=\"2833\" data-end=\"2894\"><strong data-start=\"2833\" data-end=\"2892\">r\u00e9paration ou remplacement de bols, de volutes, de vis et de convoyeurs<\/strong><\/p>\n<\/li>\n<li data-start=\"2895\" data-end=\"2955\">\n<p data-start=\"2897\" data-end=\"2955\"><strong data-start=\"2897\" data-end=\"2953\">\u00c9valuation, r\u00e9fection et v\u00e9rification du couple de la bo\u00eete de vitesses<\/strong><\/p>\n<\/li>\n<li data-start=\"2956\" data-end=\"3003\">\n<p data-start=\"2958\" data-end=\"3003\"><strong data-start=\"2958\" data-end=\"3001\">\u00c9quilibrage dynamique avec des tol\u00e9rances pr\u00e9cises<\/strong><\/p>\n<\/li>\n<li data-start=\"3004\" data-end=\"3057\">\n<p data-start=\"3006\" data-end=\"3057\"><strong data-start=\"3006\" data-end=\"3055\">Remplacement des joints et protection renforc\u00e9e contre l&#039;usure<\/strong><\/p>\n<\/li>\n<li data-start=\"3058\" data-end=\"3117\">\n<p data-start=\"3060\" data-end=\"3117\"><strong data-start=\"3060\" data-end=\"3115\">Assistance au d\u00e9pannage des syst\u00e8mes de contr\u00f4le et d&#039;instrumentation<\/strong><\/p>\n<\/li>\n<li data-start=\"3118\" data-end=\"3184\">\n<p data-start=\"3120\" data-end=\"3184\"><strong data-start=\"3120\" data-end=\"3184\">Assistance au d\u00e9marrage et v\u00e9rification des performances apr\u00e8s service<\/strong><\/p>\n<\/li>\n<\/ul>\n<p data-start=\"3186\" data-end=\"3455\">Chaque intervention suit des proc\u00e9dures document\u00e9es, conformes aux normes des \u00e9quipementiers et aux meilleures pratiques du secteur. En analysant l&#039;ensemble du syst\u00e8me d&#039;exploitation \u2013 et non seulement les sympt\u00f4mes apparents \u2013, les techniciens aident les installations \u00e0 att\u00e9nuer les probl\u00e8mes r\u00e9currents et \u00e0 am\u00e9liorer la fiabilit\u00e9 \u00e0 long terme.<\/p>\n<hr data-start=\"3457\" data-end=\"3460\" \/>\n<h2 data-start=\"3462\" data-end=\"3506\">Service sur le terrain et intervention rapide au Texas<\/h2>\n<p data-start=\"3508\" data-end=\"3810\">Les pannes inattendues de centrifugeuses peuvent perturber la production, mettre \u00e0 rude \u00e9preuve les ressources de maintenance et faire grimper les co\u00fbts d&#039;exploitation. Sentrimax propose un service d&#039;intervention rapide sur site dans tout Houston et sa r\u00e9gion, en d\u00e9p\u00eache des techniciens exp\u00e9riment\u00e9s \u00e9quip\u00e9s d&#039;outils de diagnostic directement chez ses clients.<\/p>\n<p data-start=\"3812\" data-end=\"3857\">Le service sur site offre des avantages essentiels\u00a0:<\/p>\n<ul data-start=\"3859\" data-end=\"4109\">\n<li data-start=\"3859\" data-end=\"3918\">\n<p data-start=\"3861\" data-end=\"3918\">\u00c9valuation des \u00e9quipements dans des conditions de processus r\u00e9elles<\/p>\n<\/li>\n<li data-start=\"3919\" data-end=\"3972\">\n<p data-start=\"3921\" data-end=\"3972\">D\u00e9pannage imm\u00e9diat et mesures correctives<\/p>\n<\/li>\n<li data-start=\"3973\" data-end=\"4027\">\n<p data-start=\"3975\" data-end=\"4027\">R\u00e9duction du temps de transport du mat\u00e9riel et des co\u00fbts associ\u00e9s<\/p>\n<\/li>\n<li data-start=\"4028\" data-end=\"4109\">\n<p data-start=\"4030\" data-end=\"4109\">Coordination avec le personnel de l&#039;usine pour aligner le service sur les calendriers de production<\/p>\n<\/li>\n<\/ul>\n<p data-start=\"4111\" data-end=\"4261\">Les techniciens de terrain appliquent des proc\u00e9dures ax\u00e9es sur la s\u00e9curit\u00e9 et leur exp\u00e9rience pratique pour garantir que les activit\u00e9s de service s&#039;int\u00e8grent parfaitement aux op\u00e9rations de l&#039;installation.<\/p>\n<hr data-start=\"4263\" data-end=\"4266\" \/>\n<h2 data-start=\"4268\" data-end=\"4308\">R\u00e9parations de pr\u00e9cision avec des pi\u00e8ces de qualit\u00e9<\/h2>\n<p data-start=\"4310\" data-end=\"4523\">L&#039;efficacit\u00e9 de toute r\u00e9paration d\u00e9pend fortement de la qualit\u00e9 des pi\u00e8ces de rechange install\u00e9es. Sentrimax fournit des composants de rechange de qualit\u00e9 \u00e9quivalente \u00e0 celle des pi\u00e8ces d&#039;origine pour les centrifugeuses des usines d&#039;\u00e9quarrissage, notamment\u00a0:<\/p>\n<ul data-start=\"4525\" data-end=\"4770\">\n<li data-start=\"4525\" data-end=\"4560\">\n<p data-start=\"4527\" data-end=\"4560\">Roulements et ensembles de roulements<\/p>\n<\/li>\n<li data-start=\"4561\" data-end=\"4595\">\n<p data-start=\"4563\" data-end=\"4595\">Joints d&#039;\u00e9tanch\u00e9it\u00e9, bagues d&#039;\u00e9tanch\u00e9it\u00e9 et anneaux d&#039;usure<\/p>\n<\/li>\n<li data-start=\"4596\" data-end=\"4638\">\n<p data-start=\"4598\" data-end=\"4638\">Volutes, vis et \u00e9l\u00e9ments de convoyeur<\/p>\n<\/li>\n<li data-start=\"4639\" data-end=\"4691\">\n<p data-start=\"4641\" data-end=\"4691\">Pi\u00e8ces de bo\u00eete de vitesses et composants de transmission de couple<\/p>\n<\/li>\n<li data-start=\"4692\" data-end=\"4730\">\n<p data-start=\"4694\" data-end=\"4730\">Bol, moyeu et ensembles rotatifs<\/p>\n<\/li>\n<li data-start=\"4731\" data-end=\"4770\">\n<p data-start=\"4733\" data-end=\"4770\">Kits de fixation et de quincaillerie de service<\/p>\n<\/li>\n<\/ul>\n<p data-start=\"4772\" data-end=\"4951\">Avant leur installation, toutes les pi\u00e8ces sont inspect\u00e9es afin de v\u00e9rifier leur pr\u00e9cision dimensionnelle, l&#039;int\u00e9grit\u00e9 des mat\u00e9riaux et leur compatibilit\u00e9, garantissant ainsi des performances fiables dans des environnements de rendu exigeants.<\/p>\n<p data-start=\"4953\" data-end=\"5060\">Pour obtenir des informations sur les pi\u00e8ces de rechange et le support technique, veuillez consulter le site web. <a class=\"decorated-link cursor-pointer\" target=\"_new\" rel=\"noopener\" data-start=\"5020\" data-end=\"5059\">https:\/\/sentrimax.com\/centrifuge-parts\/<\/a>.<\/p>\n<hr data-start=\"5062\" data-end=\"5065\" \/>\n<h2 data-start=\"5067\" data-end=\"5110\">Reconstructions compl\u00e8tes pour une dur\u00e9e de vie maximale<\/h2>\n<p data-start=\"5112\" data-end=\"5321\">Pour les centrifugeuses pr\u00e9sentant une usure avanc\u00e9e ou approchant la fin de leur dur\u00e9e de vie, Sentrimax propose des services de remise \u00e0 neuf complets qui permettent de redonner aux machines un \u00e9tat de fonctionnement quasi neuf. Les projets de remise \u00e0 neuf comprennent g\u00e9n\u00e9ralement\u00a0:<\/p>\n<ul data-start=\"5323\" data-end=\"5524\">\n<li data-start=\"5323\" data-end=\"5360\">\n<p data-start=\"5325\" data-end=\"5360\">D\u00e9montage et nettoyage complets<\/p>\n<\/li>\n<li data-start=\"5361\" data-end=\"5414\">\n<p data-start=\"5363\" data-end=\"5414\">Inspection et r\u00e9tablissement des tol\u00e9rances critiques<\/p>\n<\/li>\n<li data-start=\"5415\" data-end=\"5449\">\n<p data-start=\"5417\" data-end=\"5449\">Remplacement des composants us\u00e9s<\/p>\n<\/li>\n<li data-start=\"5450\" data-end=\"5487\">\n<p data-start=\"5452\" data-end=\"5487\">Usinage et \u00e9quilibrage de pr\u00e9cision<\/p>\n<\/li>\n<li data-start=\"5488\" data-end=\"5524\">\n<p data-start=\"5490\" data-end=\"5524\">R\u00e9assemblage et tests de performance<\/p>\n<\/li>\n<\/ul>\n<p data-start=\"5526\" data-end=\"5698\">Les reconstructions sont coordonn\u00e9es avec les \u00e9quipes de l&#039;usine afin de co\u00efncider avec les arr\u00eats planifi\u00e9s ou les fen\u00eatres de maintenance, minimisant ainsi les perturbations op\u00e9rationnelles tout en maximisant la prolongation de la dur\u00e9e de vie.<\/p>\n<hr data-start=\"5700\" data-end=\"5703\" \/>\n<h2 data-start=\"5705\" data-end=\"5753\">Maintenance pr\u00e9ventive pour am\u00e9liorer la fiabilit\u00e9<\/h2>\n<p data-start=\"5755\" data-end=\"6042\">Les r\u00e9parations d&#039;urgence sont co\u00fbteuses en pi\u00e8ces d\u00e9tach\u00e9es, en main-d&#039;\u0153uvre et en pertes de production. La maintenance pr\u00e9ventive permet aux usines d&#039;identifier l&#039;usure et les probl\u00e8mes \u00e9mergents avant qu&#039;ils ne provoquent des pannes. Sentrimax collabore avec les usines de Houston pour d\u00e9velopper des programmes de maintenance pr\u00e9ventive pouvant inclure\u00a0:<\/p>\n<ul data-start=\"6044\" data-end=\"6327\">\n<li data-start=\"6044\" data-end=\"6101\">\n<p data-start=\"6046\" data-end=\"6101\">Inspections m\u00e9caniques de routine et suivi de l&#039;\u00e9tat<\/p>\n<\/li>\n<li data-start=\"6102\" data-end=\"6137\">\n<p data-start=\"6104\" data-end=\"6137\">Analyse et tendances des vibrations<\/p>\n<\/li>\n<li data-start=\"6138\" data-end=\"6181\">\n<p data-start=\"6140\" data-end=\"6181\">Pr\u00e9l\u00e8vement d&#039;\u00e9chantillons d&#039;huile et surveillance de la lubrification<\/p>\n<\/li>\n<li data-start=\"6182\" data-end=\"6230\">\n<p data-start=\"6184\" data-end=\"6230\">Mesure de l&#039;usure et suivi de la dur\u00e9e de vie des composants<\/p>\n<\/li>\n<li data-start=\"6231\" data-end=\"6275\">\n<p data-start=\"6233\" data-end=\"6275\">Remplacement programm\u00e9 des pi\u00e8ces \u00e0 forte usure<\/p>\n<\/li>\n<li data-start=\"6276\" data-end=\"6327\">\n<p data-start=\"6278\" data-end=\"6327\">Contr\u00f4les d&#039;alignement et v\u00e9rification dynamique de l&#039;\u00e9quilibre<\/p>\n<\/li>\n<\/ul>\n<p data-start=\"6329\" data-end=\"6602\">En planifiant la maintenance en fonction des donn\u00e9es op\u00e9rationnelles plut\u00f4t que des pannes, les installations peuvent am\u00e9liorer leur disponibilit\u00e9, r\u00e9duire les interventions d&#039;urgence et optimiser leurs d\u00e9penses de maintenance. Sentrimax propose \u00e9galement des contrats de service garantissant une intervention prioritaire et un support continu \u00e0 long terme.<\/p>\n<hr data-start=\"6604\" data-end=\"6607\" \/>\n<h2 data-start=\"6609\" data-end=\"6660\">Soutien \u00e0 l&#039;efficacit\u00e9 op\u00e9rationnelle et \u00e0 la conformit\u00e9<\/h2>\n<p data-start=\"6662\" data-end=\"7056\">Dans le secteur de l&#039;\u00e9quarrissage, les performances des centrifugeuses influencent directement la qualit\u00e9 de la production, l&#039;efficacit\u00e9 du traitement des d\u00e9chets et les co\u00fbts d&#039;exploitation. Des performances de s\u00e9paration irr\u00e9guli\u00e8res ou d\u00e9grad\u00e9es peuvent augmenter les volumes transport\u00e9s, perturber les processus en aval et accro\u00eetre les risques de gestion. L&#039;entretien des centrifugeuses permet aux installations de maintenir une qualit\u00e9 de s\u00e9paration constante et d&#039;assurer la continuit\u00e9 de leurs op\u00e9rations.<\/p>\n<p data-start=\"7058\" data-end=\"7519\">Pour un contexte r\u00e9glementaire et proc\u00e9dural plus large relatif au traitement des eaux us\u00e9es et des mati\u00e8res solides, les op\u00e9rateurs peuvent consulter les ressources suivantes\u00a0: <strong data-start=\"7188\" data-end=\"7234\">Agence am\u00e9ricaine de protection de l&#039;environnement (EPA)<\/strong> \u00e0 <a class=\"decorated-link cursor-pointer\" target=\"_new\" rel=\"noopener\" data-start=\"7238\" data-end=\"7263\">https:\/\/www.epa.gov\/water<\/a>. Des informations suppl\u00e9mentaires sur le secteur et les meilleures pratiques sont disponibles via le <strong data-start=\"7338\" data-end=\"7376\">F\u00e9d\u00e9ration pour l&#039;environnement de l&#039;eau (WEF)<\/strong> \u00e0 <a class=\"decorated-link\" href=\"https:\/\/www.wef.org\/\" target=\"_new\" rel=\"noopener\" data-start=\"7380\" data-end=\"7400\">https:\/\/www.wef.org\/<\/a>, offrant des conseils pr\u00e9cieux sur les strat\u00e9gies de traitement et de transformation des mati\u00e8res solides qui recoupent les flux de d\u00e9chets issus de l&#039;\u00e9quarrissage.<\/p>\n<hr data-start=\"7521\" data-end=\"7524\" \/>\n<h2 data-start=\"7526\" data-end=\"7568\">Pourquoi les entreprises de Houston choisissent Sentrimax<\/h2>\n<p data-start=\"7570\" data-end=\"7894\">Les entreprises de transformation de Houston choisissent Sentrimax pour l&#039;entretien de leurs centrifugeuses en raison de son expertise technique pointue, de son savoir-faire pratique et de son engagement envers la qualit\u00e9. Les techniciens de Sentrimax allient connaissances en m\u00e9canique et exp\u00e9rience pratique, aidant ainsi les installations \u00e0 r\u00e9soudre des probl\u00e8mes de s\u00e9paration complexes et \u00e0 prot\u00e9ger leurs \u00e9quipements critiques.<\/p>\n<p data-start=\"7896\" data-end=\"8283\">Une communication claire et une documentation compl\u00e8te sont essentielles \u00e0 chaque intervention. Les installations re\u00e7oivent des rapports d\u00e9taill\u00e9s pr\u00e9sentant les r\u00e9sultats des diagnostics, les actions correctives entreprises, les composants remplac\u00e9s et des recommandations pour la planification de la maintenance future. Ces informations permettent aux \u00e9quipes d&#039;exploitation de prendre des d\u00e9cisions \u00e9clair\u00e9es et d&#039;optimiser les strat\u00e9gies de maintenance pour une fiabilit\u00e9 \u00e0 long terme.<\/p>\n<p data-start=\"8285\" data-end=\"8383\">Pour une expertise en mati\u00e8re de traitement des eaux us\u00e9es et de proc\u00e9d\u00e9s de s\u00e9paration, voir <a class=\"decorated-link cursor-pointer\" target=\"_new\" rel=\"noopener\" data-start=\"8338\" data-end=\"8382\">https:\/\/sentrimax.com\/industries\/wastewater\/<\/a>.<\/p>\n<hr data-start=\"8385\" data-end=\"8388\" \/>\n<h2 data-start=\"8390\" data-end=\"8438\">Assistance compl\u00e8te, de l&#039;inspection \u00e0 la mise en service<\/h2>\n<p data-start=\"8440\" data-end=\"8511\">Le mod\u00e8le de service de Sentrimax s&#039;\u00e9tend au-del\u00e0 des r\u00e9parations m\u00e9caniques et comprend\u00a0:<\/p>\n<ul data-start=\"8513\" data-end=\"8746\">\n<li data-start=\"8513\" data-end=\"8559\">\n<p data-start=\"8515\" data-end=\"8559\">Coordination du gr\u00e9age et du retrait du mat\u00e9riel<\/p>\n<\/li>\n<li data-start=\"8560\" data-end=\"8612\">\n<p data-start=\"8562\" data-end=\"8612\">v\u00e9rification de l&#039;alignement et des dimensions<\/p>\n<\/li>\n<li data-start=\"8613\" data-end=\"8662\">\n<p data-start=\"8615\" data-end=\"8662\">Assistance \u00e0 la r\u00e9installation et \u00e0 l&#039;\u00e9talonnage du syst\u00e8me<\/p>\n<\/li>\n<li data-start=\"8663\" data-end=\"8708\">\n<p data-start=\"8665\" data-end=\"8708\">Assistance au d\u00e9marrage et mise au point op\u00e9rationnelle<\/p>\n<\/li>\n<li data-start=\"8709\" data-end=\"8746\">\n<p data-start=\"8711\" data-end=\"8746\">\u00c9valuation des performances apr\u00e8s la prestation de services<\/p>\n<\/li>\n<\/ul>\n<p data-start=\"8748\" data-end=\"8878\">Cette approche de service globale garantit que les centrifugeuses de rendu reprennent leur fonctionnement en toute s\u00e9curit\u00e9, sans probl\u00e8me et conform\u00e9ment aux sp\u00e9cifications de conception.<\/p>\n<hr data-start=\"8880\" data-end=\"8883\" \/>\n<h2 data-start=\"8885\" data-end=\"8941\">Am\u00e9lioration continue gr\u00e2ce au suivi op\u00e9rationnel<\/h2>\n<p data-start=\"8943\" data-end=\"9268\">La fiabilit\u00e9 \u00e0 long terme des centrifugeuses de traitement d\u00e9pend de strat\u00e9gies de maintenance bas\u00e9es sur les donn\u00e9es. Sentrimax accompagne les installations dans le suivi des indicateurs cl\u00e9s de performance (tels que les tendances de vibration, les profils de couple et les sch\u00e9mas d&#039;usure au fil du temps) afin d&#039;anticiper les besoins de maintenance, d&#039;optimiser la planification et de r\u00e9duire le co\u00fbt total de possession.<\/p>\n<hr data-start=\"9270\" data-end=\"9273\" \/>\n<h2 data-start=\"9275\" data-end=\"9334\">Demande de service de centrifugation pour usine d&#039;\u00e9quarrissage \u00e0 Houston, Texas<\/h2>\n<p data-start=\"9336\" data-end=\"9712\">\u00c0 Houston, au Texas, les entreprises de transformation de viande et d&#039;animaux vivants font confiance \u00e0 Sentrimax pour l&#039;expertise, la r\u00e9activit\u00e9 et le professionnalisme de ses techniciens. Qu&#039;il s&#039;agisse de d\u00e9pannages urgents, de maintenance pr\u00e9ventive ou de r\u00e9novations compl\u00e8tes, Sentrimax propose des solutions pour garantir le fonctionnement fiable et efficace de vos centrifugeuses.<\/p>\n<p data-start=\"9714\" data-end=\"9768\"><strong data-start=\"9714\" data-end=\"9768\"><a class=\"decorated-link\" href=\"https:\/\/sentrimax.com\/fr\/contact\/\" target=\"_new\" rel=\"noopener\" data-start=\"9716\" data-end=\"9766\">Demandez un devis !<\/a><\/strong><\/p>","protected":false},"excerpt":{"rendered":"<p>Sentrimax provides professional rendering plant centrifuge service for industrial processors throughout Houston, Texas. Rendering centrifuges are indispensable in the separation of solids, fats, and liquids within large-scale animal byproduct processing. When these machines experience wear, imbalance, bearing failures, vibration, or performance degradation, reliable service is essential to maintain production continuity, reduce maintenance costs, and avoid [&hellip;]<\/p>\n","protected":false},"author":3,"featured_media":0,"parent":0,"menu_order":0,"comment_status":"closed","ping_status":"closed","template":"seo-page-template.php","meta":{"_acf_changed":false,"inline_featured_image":false,"footnotes":""},"class_list":["post-2314","page","type-page","status-publish","hentry"],"acf":[],"_links":{"self":[{"href":"https:\/\/sentrimax.com\/fr\/wp-json\/wp\/v2\/pages\/2314","targetHints":{"allow":["GET"]}}],"collection":[{"href":"https:\/\/sentrimax.com\/fr\/wp-json\/wp\/v2\/pages"}],"about":[{"href":"https:\/\/sentrimax.com\/fr\/wp-json\/wp\/v2\/types\/page"}],"author":[{"embeddable":true,"href":"https:\/\/sentrimax.com\/fr\/wp-json\/wp\/v2\/users\/3"}],"replies":[{"embeddable":true,"href":"https:\/\/sentrimax.com\/fr\/wp-json\/wp\/v2\/comments?post=2314"}],"version-history":[{"count":1,"href":"https:\/\/sentrimax.com\/fr\/wp-json\/wp\/v2\/pages\/2314\/revisions"}],"predecessor-version":[{"id":2513,"href":"https:\/\/sentrimax.com\/fr\/wp-json\/wp\/v2\/pages\/2314\/revisions\/2513"}],"wp:attachment":[{"href":"https:\/\/sentrimax.com\/fr\/wp-json\/wp\/v2\/media?parent=2314"}],"curies":[{"name":"wp","href":"https:\/\/api.w.org\/{rel}","templated":true}]}}