{"id":2315,"date":"2026-01-07T17:04:31","date_gmt":"2026-01-07T17:04:31","guid":{"rendered":"https:\/\/sentrimax.com\/?page_id=2315"},"modified":"2026-04-21T21:14:22","modified_gmt":"2026-04-21T21:14:22","slug":"rendering-centrifuge-parts-in-st-louis-mo","status":"publish","type":"page","link":"https:\/\/sentrimax.com\/fr\/rendering-centrifuge-parts-in-st-louis-mo\/","title":{"rendered":"Fabrication de pi\u00e8ces de centrifugeuse \u00e0 Saint-Louis, Missouri"},"content":{"rendered":"<p data-start=\"292\" data-end=\"983\"><img fetchpriority=\"high\" decoding=\"async\" class=\"aligncenter size-full wp-image-904\" src=\"https:\/\/sentrimax.com\/wp-content\/uploads\/2025\/05\/image-3-1.png\" alt=\"\" width=\"1236\" height=\"760\" srcset=\"https:\/\/sentrimax.com\/wp-content\/uploads\/2025\/05\/image-3-1.png 1236w, https:\/\/sentrimax.com\/wp-content\/uploads\/2025\/05\/image-3-1-600x369.png 600w, https:\/\/sentrimax.com\/wp-content\/uploads\/2025\/05\/image-3-1-300x184.png 300w, https:\/\/sentrimax.com\/wp-content\/uploads\/2025\/05\/image-3-1-1024x630.png 1024w, https:\/\/sentrimax.com\/wp-content\/uploads\/2025\/05\/image-3-1-768x472.png 768w\" sizes=\"(max-width: 1236px) 100vw, 1236px\" \/><\/p>\n<p data-start=\"292\" data-end=\"983\">Sentrimax fournit des pi\u00e8ces de centrifugeuses de haute qualit\u00e9 pour l&#039;\u00e9quarrissage aux transformateurs industriels, aux stations d&#039;\u00e9puration et aux usines de transformation de produits alimentaires et animaux dans le monde entier. <strong data-start=\"444\" data-end=\"467\">Saint-Louis, Missouri<\/strong>. Les centrifugeuses de transformation fonctionnent dans des conditions extr\u00eamement difficiles\u00a0: la combinaison de temp\u00e9ratures \u00e9lev\u00e9es, de boues visqueuses, de graisses, d\u2019huiles et de particules abrasives soumet les roulements, les joints, les spirales, les convoyeurs et les composants de la bo\u00eete de vitesses \u00e0 rude \u00e9preuve. Avec le temps, m\u00eame les ensembles rotatifs les plus robustes subissent une usure qui compromet leurs performances et leur disponibilit\u00e9. Sentrimax aide les installations de Saint-Louis \u00e0 se procurer les pi\u00e8ces de rechange ad\u00e9quates pour r\u00e9tablir la fiabilit\u00e9, r\u00e9duire les temps d\u2019arr\u00eat impr\u00e9vus et faciliter la planification de la maintenance pr\u00e9ventive.<\/p>\n<hr data-start=\"985\" data-end=\"988\" \/>\n<h2 data-start=\"990\" data-end=\"1047\">Assistance locale en pi\u00e8ces d\u00e9tach\u00e9es pour les op\u00e9rations d&#039;\u00e9quarrissage de Saint-Louis<\/h2>\n<p data-start=\"1049\" data-end=\"1528\">Les op\u00e9rateurs dans le <strong data-start=\"1066\" data-end=\"1097\">r\u00e9gion m\u00e9tropolitaine de Saint-Louis<\/strong> Pour maintenir les cadences de production, ma\u00eetriser les co\u00fbts et atteindre les objectifs, il est essentiel de compter sur la fiabilit\u00e9 des centrifugeuses. En cas d&#039;usure ou de panne de composants critiques, un acc\u00e8s rapide \u00e0 des pi\u00e8ces de rechange de qualit\u00e9 est primordial. Sentrimax propose un service d&#039;assistance technique et de pi\u00e8ces d\u00e9tach\u00e9es r\u00e9actif pour aider les installations \u00e0 identifier les composants compatibles et \u00e0 planifier les remplacements de pi\u00e8ces en fonction des besoins de maintenance pr\u00e9ventive et corrective.<\/p>\n<p data-start=\"1530\" data-end=\"1753\">Un approvisionnement fiable en pi\u00e8ces d\u00e9tach\u00e9es contribue \u00e0 r\u00e9duire les d\u00e9lais de livraison, \u00e0 am\u00e9liorer la planification de la maintenance et \u00e0 assurer un fonctionnement constant des centrifugeuses, m\u00eame dans les conditions de temp\u00e9ratures de fonctionnement \u00e9lev\u00e9es et de fortes charges de solides typiques des environnements de traitement.<\/p>\n<hr data-start=\"1755\" data-end=\"1758\" \/>\n<h2 data-start=\"1760\" data-end=\"1816\">Inventaire complet des pi\u00e8ces de centrifugeuses de traitement<\/h2>\n<p data-start=\"1818\" data-end=\"2001\">Sentrimax permet aux installations d&#039;acc\u00e9der \u00e0 une vaste gamme de pi\u00e8ces de rechange compatibles avec les centrifugeuses utilis\u00e9es dans les applications industrielles et de traitement des eaux us\u00e9es. Les pi\u00e8ces principales comprennent\u00a0:<\/p>\n<ul data-start=\"2003\" data-end=\"2689\">\n<li data-start=\"2003\" data-end=\"2124\">\n<p data-start=\"2005\" data-end=\"2124\"><strong data-start=\"2005\" data-end=\"2040\">Roulements et ensembles de roulements<\/strong> con\u00e7u pour supporter des charges radiales et axiales importantes dans des conditions de service \u00e0 haute temp\u00e9rature et \u00e0 grande vitesse<\/p>\n<\/li>\n<li data-start=\"2125\" data-end=\"2233\">\n<p data-start=\"2127\" data-end=\"2233\"><strong data-start=\"2127\" data-end=\"2148\">Joints et garnitures<\/strong> con\u00e7u pour r\u00e9sister \u00e0 la p\u00e9n\u00e9tration de fluides et \u00e0 la contamination dans les boues visqueuses et riches en graisses<\/p>\n<\/li>\n<li data-start=\"2234\" data-end=\"2330\">\n<p data-start=\"2236\" data-end=\"2330\"><strong data-start=\"2236\" data-end=\"2280\">Rev\u00eatements anti-usure et carreaux r\u00e9sistants \u00e0 l&#039;abrasion<\/strong> pour les bols, les logements de volutes et les zones \u00e0 forte usure<\/p>\n<\/li>\n<li data-start=\"2331\" data-end=\"2435\">\n<p data-start=\"2333\" data-end=\"2435\"><strong data-start=\"2333\" data-end=\"2387\">Volets roulants, convoyeurs et ensembles rotatifs<\/strong> qui optimisent le transport et l&#039;\u00e9vacuation des solides<\/p>\n<\/li>\n<li data-start=\"2436\" data-end=\"2533\">\n<p data-start=\"2438\" data-end=\"2533\"><strong data-start=\"2438\" data-end=\"2470\">composants de bo\u00eete de vitesses et de transmission<\/strong> pour assurer un transfert de couple fiable et une stabilit\u00e9 de rotation<\/p>\n<\/li>\n<li data-start=\"2534\" data-end=\"2610\">\n<p data-start=\"2536\" data-end=\"2610\"><strong data-start=\"2536\" data-end=\"2574\">Bol, moyeu et ensembles rotatifs<\/strong> essentiel \u00e0 une s\u00e9paration efficace<\/p>\n<\/li>\n<li data-start=\"2611\" data-end=\"2689\">\n<p data-start=\"2613\" data-end=\"2689\"><strong data-start=\"2613\" data-end=\"2644\">Kits de fixation et de quincaillerie<\/strong> pour des t\u00e2ches de maintenance et de reconstruction fiables<\/p>\n<\/li>\n<\/ul>\n<p data-start=\"2691\" data-end=\"2852\">Ces pi\u00e8ces permettent \u00e0 la fois des r\u00e9parations r\u00e9actives et des strat\u00e9gies de maintenance proactive, aidant ainsi les installations de Saint-Louis \u00e0 maintenir leur disponibilit\u00e9 et \u00e0 optimiser les performances des centrifugeuses.<\/p>\n<p data-start=\"2854\" data-end=\"2961\">Pour plus d&#039;informations sur la disponibilit\u00e9 des pi\u00e8ces et l&#039;assistance, veuillez consulter le site web.<br data-start=\"2918\" data-end=\"2921\" \/><a class=\"decorated-link cursor-pointer\" target=\"_new\" rel=\"noopener\" data-start=\"2921\" data-end=\"2960\">https:\/\/sentrimax.com\/centrifuge-parts\/<\/a>.<\/p>\n<hr data-start=\"2963\" data-end=\"2966\" \/>\n<h2 data-start=\"2968\" data-end=\"3013\">Pi\u00e8ces de qualit\u00e9 d&#039;origine pour des performances fiables<\/h2>\n<p data-start=\"3015\" data-end=\"3623\">Les pi\u00e8ces de rechange conformes aux sp\u00e9cifications d&#039;origine sont essentielles pour optimiser les performances et la dur\u00e9e de vie des \u00e9quipements rotatifs \u00e0 grande vitesse, tels que les centrifugeuses de traitement. Sentrimax fournit des pi\u00e8ces de qualit\u00e9 \u00e9quivalente \u00e0 celles des \u00e9quipementiers d&#039;origine, dont la pr\u00e9cision dimensionnelle, l&#039;int\u00e9grit\u00e9 des mat\u00e9riaux et la compatibilit\u00e9 sont v\u00e9rifi\u00e9es avant exp\u00e9dition. L&#039;utilisation de roulements haute performance, de joints robustes et de rev\u00eatements anti-abrasion contribue \u00e0 r\u00e9duire les vibrations, \u00e0 am\u00e9liorer l&#039;\u00e9quilibrage et \u00e0 prolonger les intervalles d&#039;entretien, offrant ainsi aux op\u00e9rateurs de Saint-Louis l&#039;assurance que les pi\u00e8ces de rechange fonctionneront de mani\u00e8re fiable m\u00eame dans des conditions d&#039;utilisation exigeantes.<\/p>\n<hr data-start=\"3625\" data-end=\"3628\" \/>\n<h2 data-start=\"3630\" data-end=\"3674\">Pi\u00e8ces qui soutiennent la maintenance pr\u00e9ventive<\/h2>\n<p data-start=\"3676\" data-end=\"4060\">Le remplacement proactif des pi\u00e8ces est un \u00e9l\u00e9ment cl\u00e9 d&#039;une maintenance pr\u00e9ventive efficace. Sentrimax collabore avec les installations de Saint-Louis pour \u00e9laborer des plans de remplacement de pi\u00e8ces bas\u00e9s sur les heures de fonctionnement, les charges de solides, l&#039;historique d&#039;usure et les donn\u00e9es de surveillance de l&#039;\u00e9tat des \u00e9quipements. Planifier les changements de pi\u00e8ces avant toute panne permet aux installations de r\u00e9duire les arr\u00eats impr\u00e9vus, de stabiliser leurs budgets de maintenance et d&#039;am\u00e9liorer la disponibilit\u00e9 des \u00e9quipements.<\/p>\n<p data-start=\"4062\" data-end=\"4105\">Les strat\u00e9gies courantes de pr\u00e9vention des dommages comprennent\u00a0:<\/p>\n<ul data-start=\"4107\" data-end=\"4367\">\n<li data-start=\"4107\" data-end=\"4171\">\n<p data-start=\"4109\" data-end=\"4171\">Inspection et remplacement programm\u00e9s des composants \u00e0 forte usure<\/p>\n<\/li>\n<li data-start=\"4172\" data-end=\"4229\">\n<p data-start=\"4174\" data-end=\"4229\">Coordination des livraisons de pi\u00e8ces avec les arr\u00eats planifi\u00e9s<\/p>\n<\/li>\n<li data-start=\"4230\" data-end=\"4292\">\n<p data-start=\"4232\" data-end=\"4292\">Surveillance des vibrations et des tendances d&#039;usure pour pr\u00e9voir la dur\u00e9e de vie des pi\u00e8ces<\/p>\n<\/li>\n<li data-start=\"4293\" data-end=\"4367\">\n<p data-start=\"4295\" data-end=\"4367\">Int\u00e9gration de la planification des pi\u00e8ces d\u00e9tach\u00e9es \u00e0 la planification des interventions sur site et des r\u00e9parations<\/p>\n<\/li>\n<\/ul>\n<p data-start=\"4369\" data-end=\"4632\">Planifier le remplacement des pi\u00e8ces de cette mani\u00e8re permet aux installations d&#039;\u00e9viter des r\u00e9parations d&#039;urgence co\u00fbteuses et d&#039;optimiser la dur\u00e9e de vie des composants. Pour une assistance compl\u00e8te en compl\u00e9ment de la fourniture de pi\u00e8ces (inspections et \u00e9valuations de l&#039;\u00e9tat, etc.), consultez la section suivante\u00a0:<br data-start=\"4588\" data-end=\"4591\" \/><a class=\"decorated-link cursor-pointer\" target=\"_new\" rel=\"noopener\" data-start=\"4591\" data-end=\"4631\">https:\/\/sentrimax.com\/centrifuge-repair\/<\/a>.<\/p>\n<hr data-start=\"4634\" data-end=\"4637\" \/>\n<h2 data-start=\"4639\" data-end=\"4676\">Guide des pi\u00e8ces ax\u00e9 sur l&#039;application<\/h2>\n<p data-start=\"4678\" data-end=\"4796\">Les centrifugeuses de traitement sont utilis\u00e9es dans diverses applications, et les besoins en pi\u00e8ces peuvent varier en fonction des conditions de traitement\u00a0:<\/p>\n<ul data-start=\"4798\" data-end=\"5164\">\n<li data-start=\"4798\" data-end=\"4930\">\n<p data-start=\"4800\" data-end=\"4930\"><strong data-start=\"4800\" data-end=\"4836\">Lignes de rendu \u00e0 haute temp\u00e9rature<\/strong> Ils exigent souvent des roulements et des joints d&#039;\u00e9tanch\u00e9it\u00e9 r\u00e9sistants \u00e0 la chaleur, con\u00e7us pour supporter des charges thermiques \u00e9lev\u00e9es.<\/p>\n<\/li>\n<li data-start=\"4931\" data-end=\"5056\">\n<p data-start=\"4933\" data-end=\"5056\"><strong data-start=\"4933\" data-end=\"4963\">Boues visqueuses et riches en mati\u00e8res grasses<\/strong> exercer une contrainte suppl\u00e9mentaire sur les joints d&#039;\u00e9tanch\u00e9it\u00e9, les garnitures et les composants d&#039;usure, n\u00e9cessitant des mat\u00e9riaux plus robustes.<\/p>\n<\/li>\n<li data-start=\"5057\" data-end=\"5164\">\n<p data-start=\"5059\" data-end=\"5164\"><strong data-start=\"5059\" data-end=\"5078\">Solides abrasifs<\/strong> Les composants courants des flux de sous-produits acc\u00e9l\u00e8rent l&#039;usure des bols, des spirales et des surfaces des convoyeurs.<\/p>\n<\/li>\n<\/ul>\n<p data-start=\"5166\" data-end=\"5363\">Sentrimax aide les op\u00e9rateurs de Saint-Louis \u00e0 s\u00e9lectionner les pi\u00e8ces qui correspondent \u00e0 leurs conditions d&#039;exploitation sp\u00e9cifiques et \u00e0 leurs objectifs de performance, garantissant ainsi que les pi\u00e8ces de rechange apportent des am\u00e9liorations mesurables en termes de temps de fonctionnement et de dur\u00e9e de vie.<\/p>\n<p data-start=\"5365\" data-end=\"5527\">Pour en savoir plus sur les services de centrifugation et sur la mani\u00e8re dont les \u00e9quipements de s\u00e9paration contribuent au traitement des eaux us\u00e9es, consultez notre site web. <a class=\"decorated-link cursor-pointer\" target=\"_new\" rel=\"noopener\" data-start=\"5482\" data-end=\"5526\">https:\/\/sentrimax.com\/industries\/wastewater\/<\/a>.<\/p>\n<hr data-start=\"5529\" data-end=\"5532\" \/>\n<h2 data-start=\"5534\" data-end=\"5586\">Soutien \u00e0 la fiabilit\u00e9 op\u00e9rationnelle et \u00e0 la conformit\u00e9<\/h2>\n<p data-start=\"5588\" data-end=\"5955\">Des performances constantes des centrifugeuses contribuent \u00e0 la qualit\u00e9 de la production, \u00e0 l&#039;efficacit\u00e9 du traitement des solides et \u00e0 la fiabilit\u00e9 des proc\u00e9d\u00e9s. L&#039;usure ou l&#039;endommagement des pi\u00e8ces peuvent r\u00e9duire l&#039;efficacit\u00e9 de la s\u00e9paration, augmenter les volumes de d\u00e9chets trait\u00e9s et perturber les op\u00e9rations en aval. Le remplacement rapide des pi\u00e8ces permet aux installations de maintenir un fonctionnement stable et contribue \u00e0 l&#039;atteinte des objectifs de conformit\u00e9 et de performance.<\/p>\n<p data-start=\"5957\" data-end=\"6362\">Pour le contexte r\u00e9glementaire relatif au traitement des eaux us\u00e9es et aux normes environnementales qui recoupent souvent les flux de d\u00e9chets des usines d&#039;\u00e9quarrissage, les exploitants peuvent se r\u00e9f\u00e9rer aux directives de <strong data-start=\"6137\" data-end=\"6183\">Agence am\u00e9ricaine de protection de l&#039;environnement (EPA)<\/strong> \u00e0 <a class=\"decorated-link cursor-pointer\" target=\"_new\" rel=\"noopener\" data-start=\"6187\" data-end=\"6212\">https:\/\/www.epa.gov\/water<\/a>. Des normes techniques suppl\u00e9mentaires et des pratiques exemplaires de l&#039;industrie sont disponibles via le <strong data-start=\"6299\" data-end=\"6337\">F\u00e9d\u00e9ration pour l&#039;environnement de l&#039;eau (WEF)<\/strong> \u00e0 <a class=\"decorated-link\" href=\"https:\/\/www.wef.org\/\" target=\"_new\" rel=\"noopener\" data-start=\"6341\" data-end=\"6361\">https:\/\/www.wef.org\/<\/a>.<\/p>\n<hr data-start=\"6364\" data-end=\"6367\" \/>\n<h2 data-start=\"6369\" data-end=\"6413\">Pourquoi les \u00e9tablissements de Saint-Louis choisissent Sentrimax<\/h2>\n<p data-start=\"6415\" data-end=\"6727\">Les entreprises de Saint-Louis choisissent Sentrimax pour la fourniture de pi\u00e8ces de centrifugeuses en raison de son expertise technique pointue, de son assistance r\u00e9active et de son engagement envers la qualit\u00e9. Sentrimax les accompagne dans l&#039;identification des pi\u00e8ces, la v\u00e9rification de leur compatibilit\u00e9 et la planification des approvisionnements en fonction de leurs strat\u00e9gies de maintenance et de leurs calendriers d&#039;arr\u00eats.<\/p>\n<p data-start=\"6729\" data-end=\"7049\">Chaque commande est accompagn\u00e9e d&#039;une documentation compl\u00e8te, fournissant les sp\u00e9cifications et la tra\u00e7abilit\u00e9 n\u00e9cessaires \u00e0 son int\u00e9gration dans les dossiers de maintenance et les pratiques de gestion des actifs. Une \u00e9quipe d&#039;experts est \u00e0 votre disposition pour vous accompagner dans le choix des pi\u00e8ces, la planification et la coordination des interventions avec les services, garantissant ainsi une organisation et une ex\u00e9cution sans faille.<\/p>\n<hr data-start=\"7051\" data-end=\"7054\" \/>\n<h2 data-start=\"7056\" data-end=\"7110\">Commande de pi\u00e8ces pour centrifugeuses \u00e0 Saint-Louis (Missouri)<\/h2>\n<p data-start=\"7112\" data-end=\"7432\">Commander des pi\u00e8ces chez Sentrimax est con\u00e7u pour \u00eatre efficace et simple d&#039;utilisation. Les \u00e9tablissements peuvent demander des devis d\u00e9taill\u00e9s incluant les r\u00e9f\u00e9rences, les prix, les d\u00e9lais de livraison et la v\u00e9rification de la compatibilit\u00e9. Des options de livraison express sont disponibles pour les composants urgents n\u00e9cessaires suite \u00e0 des arr\u00eats planifi\u00e9s ou des pannes impr\u00e9vues.<\/p>\n<p data-start=\"7434\" data-end=\"7596\">Disposer des pi\u00e8ces ad\u00e9quates permet aux op\u00e9rateurs de Saint-Louis de minimiser les temps d&#039;arr\u00eat impr\u00e9vus, de ma\u00eetriser les co\u00fbts de maintenance et d&#039;am\u00e9liorer la confiance dans les performances des centrifugeuses.<\/p>\n<hr data-start=\"7598\" data-end=\"7601\" \/>\n<h2 data-start=\"7603\" data-end=\"7656\">Demande de fabrication de pi\u00e8ces pour centrifugeuse \u00e0 Saint-Louis (Missouri)<\/h2>\n<p data-start=\"7658\" data-end=\"7902\">Assurez le bon fonctionnement de votre centrifugeuse de traitement gr\u00e2ce aux pi\u00e8ces de rechange de qualit\u00e9 Sentrimax. Roulements, joints, rev\u00eatements anti-usure, ensembles rotatifs\u00a0: Sentrimax fournit des pi\u00e8ces et un support fiables pour les op\u00e9rations \u00e0 Saint-Louis.<\/p>\n<p data-start=\"7904\" data-end=\"7958\"><strong data-start=\"7904\" data-end=\"7958\"><a class=\"decorated-link\" href=\"https:\/\/sentrimax.com\/fr\/contact\/\" target=\"_new\" rel=\"noopener\" data-start=\"7906\" data-end=\"7956\">Demandez un devis !<\/a><\/strong><\/p>","protected":false},"excerpt":{"rendered":"<p>Sentrimax supplies high-quality rendering centrifuge parts to industrial processors, wastewater facilities, and food\/animal byproduct plants throughout St. Louis, Missouri. Rendering centrifuges operate under some of the toughest conditions\u2014a combination of high temperatures, viscous slurries, fats, oils, and abrasive solids puts intense stress on bearings, seals, scrolls, conveyors, and gearbox components. Over time, even the most [&hellip;]<\/p>\n","protected":false},"author":3,"featured_media":0,"parent":0,"menu_order":0,"comment_status":"closed","ping_status":"closed","template":"seo-page-template.php","meta":{"_acf_changed":false,"inline_featured_image":false,"footnotes":""},"class_list":["post-2315","page","type-page","status-publish","hentry"],"acf":[],"_links":{"self":[{"href":"https:\/\/sentrimax.com\/fr\/wp-json\/wp\/v2\/pages\/2315","targetHints":{"allow":["GET"]}}],"collection":[{"href":"https:\/\/sentrimax.com\/fr\/wp-json\/wp\/v2\/pages"}],"about":[{"href":"https:\/\/sentrimax.com\/fr\/wp-json\/wp\/v2\/types\/page"}],"author":[{"embeddable":true,"href":"https:\/\/sentrimax.com\/fr\/wp-json\/wp\/v2\/users\/3"}],"replies":[{"embeddable":true,"href":"https:\/\/sentrimax.com\/fr\/wp-json\/wp\/v2\/comments?post=2315"}],"version-history":[{"count":1,"href":"https:\/\/sentrimax.com\/fr\/wp-json\/wp\/v2\/pages\/2315\/revisions"}],"predecessor-version":[{"id":2512,"href":"https:\/\/sentrimax.com\/fr\/wp-json\/wp\/v2\/pages\/2315\/revisions\/2512"}],"wp:attachment":[{"href":"https:\/\/sentrimax.com\/fr\/wp-json\/wp\/v2\/media?parent=2315"}],"curies":[{"name":"wp","href":"https:\/\/api.w.org\/{rel}","templated":true}]}}