{"id":2316,"date":"2026-01-07T17:06:10","date_gmt":"2026-01-07T17:06:10","guid":{"rendered":"https:\/\/sentrimax.com\/?page_id=2316"},"modified":"2026-04-21T21:14:21","modified_gmt":"2026-04-21T21:14:21","slug":"rendering-centrifuge-repair-in-raleigh-nc","status":"publish","type":"page","link":"https:\/\/sentrimax.com\/fr\/rendering-centrifuge-repair-in-raleigh-nc\/","title":{"rendered":"R\u00e9paration de centrifugeuses \u00e0 Raleigh, Caroline du Nord"},"content":{"rendered":"<p data-start=\"298\" data-end=\"905\"><img fetchpriority=\"high\" decoding=\"async\" class=\"aligncenter size-full wp-image-880\" src=\"https:\/\/sentrimax.com\/wp-content\/uploads\/2025\/05\/image-2-1-scaled.png\" alt=\"\" width=\"2560\" height=\"896\" srcset=\"https:\/\/sentrimax.com\/wp-content\/uploads\/2025\/05\/image-2-1-scaled.png 2560w, https:\/\/sentrimax.com\/wp-content\/uploads\/2025\/05\/image-2-1-scaled-600x210.png 600w, https:\/\/sentrimax.com\/wp-content\/uploads\/2025\/05\/image-2-1-300x105.png 300w, https:\/\/sentrimax.com\/wp-content\/uploads\/2025\/05\/image-2-1-1024x358.png 1024w, https:\/\/sentrimax.com\/wp-content\/uploads\/2025\/05\/image-2-1-768x269.png 768w, https:\/\/sentrimax.com\/wp-content\/uploads\/2025\/05\/image-2-1-1536x538.png 1536w, https:\/\/sentrimax.com\/wp-content\/uploads\/2025\/05\/image-2-1-2048x717.png 2048w\" sizes=\"(max-width: 2560px) 100vw, 2560px\" \/><\/p>\n<p data-start=\"298\" data-end=\"905\">Sentrimax propose des services professionnels de r\u00e9paration de centrifugeuses pour les transformateurs industriels, les usines d&#039;\u00e9quarrissage et les stations d&#039;\u00e9puration des eaux us\u00e9es dans toute la r\u00e9gion. <strong data-start=\"449\" data-end=\"476\">Raleigh, Caroline du Nord<\/strong>. Les centrifugeuses de traitement assurent une s\u00e9paration solide-liquide essentielle dans des environnements \u00e0 haute temp\u00e9rature, riches en mati\u00e8res grasses et abrasifs, fr\u00e9quemment rencontr\u00e9s dans la transformation des sous-produits animaux et les syst\u00e8mes de s\u00e9paration industriels. En cas de vibrations, de d\u00e9faillance des roulements, de probl\u00e8mes d&#039;\u00e9tanch\u00e9it\u00e9 ou de baisse de performance, une r\u00e9paration rapide et effectu\u00e9e par des experts est indispensable pour garantir la continuit\u00e9 de la production, r\u00e9duire les risques li\u00e9s \u00e0 la maintenance et minimiser les temps d&#039;arr\u00eat co\u00fbteux.<\/p>\n<p data-start=\"907\" data-end=\"1357\">Forts de plusieurs d\u00e9cennies d&#039;exp\u00e9rience dans la maintenance d&#039;\u00e9quipements de s\u00e9paration centrifuge \u00e0 grande vitesse, <strong data-start=\"989\" data-end=\"1002\">Sentrimax<\/strong> Sentrimax propose des diagnostics d\u00e9taill\u00e9s, des r\u00e9parations m\u00e9caniques de pr\u00e9cision, une planification de la maintenance pr\u00e9ventive et des solutions de remise \u00e0 neuf compl\u00e8tes, adapt\u00e9es aux exigences op\u00e9rationnelles des centrifugeuses. Qu&#039;il s&#039;agisse d&#039;interventions d&#039;urgence ou de projets de maintenance et de r\u00e9vision planifi\u00e9s, Sentrimax aide les installations de Raleigh \u00e0 r\u00e9tablir les performances et \u00e0 prolonger la dur\u00e9e de vie de leurs \u00e9quipements.<\/p>\n<hr data-start=\"1359\" data-end=\"1362\" \/>\n<h2 data-start=\"1364\" data-end=\"1413\">Soutien aux op\u00e9rations de rendu dans tout Raleigh<\/h2>\n<p data-start=\"1415\" data-end=\"1984\">Centrifugation de rendu dans le <strong data-start=\"1444\" data-end=\"1473\">r\u00e9gion m\u00e9tropolitaine de Raleigh<\/strong> Ces machines sont essentielles aux proc\u00e9d\u00e9s de s\u00e9paration des graisses, des huiles et des solides des flux liquides. Elles sont soumises \u00e0 des conditions industrielles parmi les plus exigeantes\u00a0: temp\u00e9ratures \u00e9lev\u00e9es, fortes charges de solides, boues visqueuses et sous-produits corrosifs, autant de facteurs qui acc\u00e9l\u00e8rent l\u2019usure des roulements, des joints, des spirales, des convoyeurs et des composants de la bo\u00eete de vitesses. D\u00e8s l\u2019apparition de sympt\u00f4mes tels que des pics de vibration, une surchauffe, des fuites d\u2019\u00e9tanch\u00e9it\u00e9 ou une baisse de d\u00e9bit, une intervention rapide de techniciens exp\u00e9riment\u00e9s est indispensable pour \u00e9viter toute interruption de production.<\/p>\n<p data-start=\"1986\" data-end=\"2309\">Sentrimax fournit une assistance sur site r\u00e9active dans tout Raleigh et les communaut\u00e9s environnantes, en associant des techniciens exp\u00e9riment\u00e9s \u00e0 des outils de diagnostic avanc\u00e9s pour \u00e9valuer l&#039;\u00e9tat des machines, d\u00e9terminer la cause premi\u00e8re et mettre en \u0153uvre des strat\u00e9gies de r\u00e9paration efficaces qui correspondent aux calendriers de l&#039;usine, aux protocoles de s\u00e9curit\u00e9 et aux objectifs op\u00e9rationnels.<\/p>\n<p data-start=\"2311\" data-end=\"2450\">Pour en savoir plus sur nos services complets de maintenance des centrifugeuses, tous types d&#039;\u00e9quipements et secteurs confondus, consultez notre site web. <a class=\"decorated-link cursor-pointer\" target=\"_new\" rel=\"noopener\" data-start=\"2409\" data-end=\"2449\">https:\/\/sentrimax.com\/centrifuge-repair\/<\/a>.<\/p>\n<hr data-start=\"2452\" data-end=\"2455\" \/>\n<h2 data-start=\"2457\" data-end=\"2512\">Pourquoi la r\u00e9paration professionnelle des centrifugeuses \u00e0 rendu est importante<\/h2>\n<p data-start=\"2514\" data-end=\"3087\">Les centrifugeuses de traitement sont con\u00e7ues pour un fonctionnement continu et intensif. Cependant, comme tout syst\u00e8me m\u00e9canique, elles sont sujettes \u00e0 l&#039;usure, \u00e0 la fatigue m\u00e9canique et aux contraintes li\u00e9es au proc\u00e9d\u00e9. Des r\u00e9parations inad\u00e9quates, des diagnostics incomplets ou des pi\u00e8ces incompatibles peuvent engendrer des probl\u00e8mes r\u00e9currents tels que des d\u00e9s\u00e9quilibres, une usure pr\u00e9matur\u00e9e, des vibrations et une qualit\u00e9 de s\u00e9paration r\u00e9duite. Les techniciens de Sentrimax suivent des proc\u00e9dures document\u00e9es et les meilleures pratiques du secteur, ax\u00e9es \u00e0 la fois sur la r\u00e9paration des pannes visibles et l&#039;identification des causes sous-jacentes, comme un mauvais alignement, une d\u00e9faillance de la lubrification ou un d\u00e9s\u00e9quilibre.<\/p>\n<p data-start=\"3089\" data-end=\"3312\">Une r\u00e9paration approfondie ne se limite pas \u00e0 corriger le d\u00e9faut visible\u00a0; elle \u00e9value \u00e9galement les facteurs contribuant \u00e0 la fiabilit\u00e9 \u00e0 long terme. Cette approche permet aux installations de Raleigh de r\u00e9duire les pannes r\u00e9currentes et d&#039;am\u00e9liorer leur disponibilit\u00e9 globale.<\/p>\n<hr data-start=\"3314\" data-end=\"3317\" \/>\n<h2 data-start=\"3319\" data-end=\"3372\">Services complets de r\u00e9paration de centrifugeuses de rendu<\/h2>\n<p data-start=\"3374\" data-end=\"3521\">Sentrimax propose une gamme compl\u00e8te de services de r\u00e9paration de centrifugeuses de traitement, con\u00e7us pour soutenir les op\u00e9rations industrielles \u00e0 chaque \u00e9tape de leurs besoins de maintenance\u00a0:<\/p>\n<ul data-start=\"3523\" data-end=\"4022\">\n<li data-start=\"3523\" data-end=\"3577\">\n<p data-start=\"3525\" data-end=\"3577\"><strong data-start=\"3525\" data-end=\"3575\">Inspection m\u00e9canique et \u00e9valuation de l&#039;\u00e9tat<\/strong><\/p>\n<\/li>\n<li data-start=\"3578\" data-end=\"3631\">\n<p data-start=\"3580\" data-end=\"3631\"><strong data-start=\"3580\" data-end=\"3629\">Diagnostic des pannes et \u00e9valuation des causes profondes<\/strong><\/p>\n<\/li>\n<li data-start=\"3632\" data-end=\"3693\">\n<p data-start=\"3634\" data-end=\"3693\"><strong data-start=\"3634\" data-end=\"3691\">D\u00e9pose, remplacement et alignement de pr\u00e9cision des roulements<\/strong><\/p>\n<\/li>\n<li data-start=\"3694\" data-end=\"3750\">\n<p data-start=\"3696\" data-end=\"3750\"><strong data-start=\"3696\" data-end=\"3748\">r\u00e9paration ou remplacement de bols, de volutes et de convoyeurs<\/strong><\/p>\n<\/li>\n<li data-start=\"3751\" data-end=\"3811\">\n<p data-start=\"3753\" data-end=\"3811\"><strong data-start=\"3753\" data-end=\"3809\">Inspection, r\u00e9fection et v\u00e9rification du couple de la bo\u00eete de vitesses<\/strong><\/p>\n<\/li>\n<li data-start=\"3812\" data-end=\"3859\">\n<p data-start=\"3814\" data-end=\"3859\"><strong data-start=\"3814\" data-end=\"3857\">\u00c9quilibrage dynamique avec des tol\u00e9rances pr\u00e9cises<\/strong><\/p>\n<\/li>\n<li data-start=\"3860\" data-end=\"3913\">\n<p data-start=\"3862\" data-end=\"3913\"><strong data-start=\"3862\" data-end=\"3911\">Remplacement des joints et protection renforc\u00e9e contre l&#039;usure<\/strong><\/p>\n<\/li>\n<li data-start=\"3914\" data-end=\"3973\">\n<p data-start=\"3916\" data-end=\"3973\"><strong data-start=\"3916\" data-end=\"3971\">Assistance au d\u00e9pannage des syst\u00e8mes de contr\u00f4le et d&#039;instrumentation<\/strong><\/p>\n<\/li>\n<li data-start=\"3974\" data-end=\"4022\">\n<p data-start=\"3976\" data-end=\"4022\"><strong data-start=\"3976\" data-end=\"4022\">Tests de performance et assistance au d\u00e9marrage<\/strong><\/p>\n<\/li>\n<\/ul>\n<p data-start=\"4024\" data-end=\"4319\">Chaque intervention suit des proc\u00e9dures document\u00e9es, conformes aux sp\u00e9cifications du constructeur et aux normes du secteur. Plut\u00f4t que de se contenter de traiter les sympt\u00f4mes apparents, les techniciens analysent les syst\u00e8mes m\u00e9caniques dans leur ensemble afin d&#039;apporter des solutions qui am\u00e9liorent \u00e0 la fois les performances imm\u00e9diates et la fiabilit\u00e9 \u00e0 long terme.<\/p>\n<hr data-start=\"4321\" data-end=\"4324\" \/>\n<h2 data-start=\"4326\" data-end=\"4379\">Service sur le terrain et intervention rapide en Caroline du Nord<\/h2>\n<p data-start=\"4381\" data-end=\"4747\">Les pannes impr\u00e9vues de centrifugeuses peuvent perturber les calendriers de production, mettre \u00e0 rude \u00e9preuve les \u00e9quipes de maintenance et augmenter les co\u00fbts d&#039;exploitation. Sentrimax propose un service d&#039;intervention rapide sur site dans toute la r\u00e9gion de Raleigh et du Triangle, en d\u00e9ployant des techniciens exp\u00e9riment\u00e9s \u00e9quip\u00e9s d&#039;outils de diagnostic et appliquant des proc\u00e9dures ax\u00e9es sur la s\u00e9curit\u00e9 pour effectuer des \u00e9valuations et des r\u00e9parations sur place.<\/p>\n<p data-start=\"4749\" data-end=\"4793\">Le service d&#039;intervention sur site offre des avantages cl\u00e9s\u00a0:<\/p>\n<ul data-start=\"4795\" data-end=\"5010\">\n<li data-start=\"4795\" data-end=\"4841\">\n<p data-start=\"4797\" data-end=\"4841\">Inspection en conditions r\u00e9elles d&#039;exploitation<\/p>\n<\/li>\n<li data-start=\"4842\" data-end=\"4895\">\n<p data-start=\"4844\" data-end=\"4895\">D\u00e9pannage imm\u00e9diat et mesures correctives<\/p>\n<\/li>\n<li data-start=\"4896\" data-end=\"4942\">\n<p data-start=\"4898\" data-end=\"4942\">Besoin r\u00e9duit de transport d&#039;\u00e9quipement lourd<\/p>\n<\/li>\n<li data-start=\"4943\" data-end=\"5010\">\n<p data-start=\"4945\" data-end=\"5010\">Collaboration avec le personnel de l&#039;\u00e9tablissement concernant la planification et la logistique<\/p>\n<\/li>\n<\/ul>\n<p data-start=\"5012\" data-end=\"5157\">Les techniciens de terrain int\u00e8grent leur travail aux op\u00e9rations de l&#039;usine afin de minimiser les interruptions de processus et de permettre aux \u00e9quipements de reprendre rapidement et en toute s\u00e9curit\u00e9 leur service.<\/p>\n<hr data-start=\"5159\" data-end=\"5162\" \/>\n<h2 data-start=\"5164\" data-end=\"5208\">R\u00e9parations de pr\u00e9cision avec des pi\u00e8ces de haute qualit\u00e9<\/h2>\n<p data-start=\"5210\" data-end=\"5397\">La qualit\u00e9 des pi\u00e8ces de rechange utilis\u00e9es lors des r\u00e9parations influe directement sur la fiabilit\u00e9 des centrifugeuses. Sentrimax fournit des pi\u00e8ces de qualit\u00e9 \u00e9quivalente \u00e0 celle des pi\u00e8ces d&#039;origine pour les centrifugeuses de d\u00e9cantation, notamment\u00a0:<\/p>\n<ul data-start=\"5399\" data-end=\"5636\">\n<li data-start=\"5399\" data-end=\"5434\">\n<p data-start=\"5401\" data-end=\"5434\">Roulements et ensembles de roulements<\/p>\n<\/li>\n<li data-start=\"5435\" data-end=\"5469\">\n<p data-start=\"5437\" data-end=\"5469\">Joints d&#039;\u00e9tanch\u00e9it\u00e9, bagues d&#039;\u00e9tanch\u00e9it\u00e9 et anneaux d&#039;usure<\/p>\n<\/li>\n<li data-start=\"5470\" data-end=\"5504\">\n<p data-start=\"5472\" data-end=\"5504\">Composants de volute et de convoyeur<\/p>\n<\/li>\n<li data-start=\"5505\" data-end=\"5557\">\n<p data-start=\"5507\" data-end=\"5557\">Pi\u00e8ces de bo\u00eete de vitesses et composants de transmission de couple<\/p>\n<\/li>\n<li data-start=\"5558\" data-end=\"5598\">\n<p data-start=\"5560\" data-end=\"5598\">Ensembles rotatifs, bols et moyeux<\/p>\n<\/li>\n<li data-start=\"5599\" data-end=\"5636\">\n<p data-start=\"5601\" data-end=\"5636\">Kits de fixation et de quincaillerie de service<\/p>\n<\/li>\n<\/ul>\n<p data-start=\"5638\" data-end=\"5826\">Toutes les pi\u00e8ces de rechange sont inspect\u00e9es avant leur installation afin de v\u00e9rifier leur pr\u00e9cision dimensionnelle, l&#039;int\u00e9grit\u00e9 des mat\u00e9riaux et leur compatibilit\u00e9, et ainsi garantir des performances fiables m\u00eame dans des conditions de rendu exigeantes.<\/p>\n<p data-start=\"5828\" data-end=\"5932\">Pour plus d&#039;informations sur les pi\u00e8ces disponibles et le support des composants, veuillez consulter le site web. <a class=\"decorated-link cursor-pointer\" target=\"_new\" rel=\"noopener\" data-start=\"5892\" data-end=\"5931\">https:\/\/sentrimax.com\/centrifuge-parts\/<\/a>.<\/p>\n<hr data-start=\"5934\" data-end=\"5937\" \/>\n<h2 data-start=\"5939\" data-end=\"5981\">Reconstructions compl\u00e8tes pour prolonger la dur\u00e9e de vie des \u00e9quipements<\/h2>\n<p data-start=\"5983\" data-end=\"6130\">Pour les centrifugeuses pr\u00e9sentant une usure importante ou une d\u00e9gradation li\u00e9e \u00e0 l&#039;\u00e2ge, Sentrimax propose des services de remise \u00e0 neuf complets. Une remise \u00e0 neuf professionnelle comprend\u00a0:<\/p>\n<ul data-start=\"6132\" data-end=\"6397\">\n<li data-start=\"6132\" data-end=\"6178\">\n<p data-start=\"6134\" data-end=\"6178\">D\u00e9montage complet et nettoyage approfondi<\/p>\n<\/li>\n<li data-start=\"6179\" data-end=\"6233\">\n<p data-start=\"6181\" data-end=\"6233\">Mesure et restauration des tol\u00e9rances critiques<\/p>\n<\/li>\n<li data-start=\"6234\" data-end=\"6268\">\n<p data-start=\"6236\" data-end=\"6268\">Remplacement des composants us\u00e9s<\/p>\n<\/li>\n<li data-start=\"6269\" data-end=\"6312\">\n<p data-start=\"6271\" data-end=\"6312\">Usinage de pr\u00e9cision pour un ajustement et un \u00e9quilibre parfaits<\/p>\n<\/li>\n<li data-start=\"6313\" data-end=\"6357\">\n<p data-start=\"6315\" data-end=\"6357\">\u00c9quilibrage dynamique des ensembles rotatifs<\/p>\n<\/li>\n<li data-start=\"6358\" data-end=\"6397\">\n<p data-start=\"6360\" data-end=\"6397\">R\u00e9assemblage et validation des performances<\/p>\n<\/li>\n<\/ul>\n<p data-start=\"6399\" data-end=\"6550\">Les projets de reconstruction sont planifi\u00e9s en coordination avec les \u00e9quipes des installations afin de co\u00efncider avec les arr\u00eats programm\u00e9s, de minimiser l&#039;impact et de maximiser la prolongation de la dur\u00e9e de vie.<\/p>\n<hr data-start=\"6552\" data-end=\"6555\" \/>\n<h2 data-start=\"6557\" data-end=\"6601\">Maintenance pr\u00e9ventive pour r\u00e9duire les temps d&#039;arr\u00eat<\/h2>\n<p data-start=\"6603\" data-end=\"6902\">Les r\u00e9parations r\u00e9actives sont co\u00fbteuses en pi\u00e8ces d\u00e9tach\u00e9es, en main-d&#039;\u0153uvre et en pertes de production. Les strat\u00e9gies de maintenance pr\u00e9ventive permettent aux installations de d\u00e9tecter l&#039;usure pr\u00e9cocement, de r\u00e9duire les pannes impr\u00e9vues et d&#039;optimiser les budgets de maintenance. Sentrimax collabore avec les exploitants de Raleigh pour \u00e9laborer des plans de maintenance pr\u00e9ventive pouvant inclure\u00a0:<\/p>\n<ul data-start=\"6904\" data-end=\"7212\">\n<li data-start=\"6904\" data-end=\"6961\">\n<p data-start=\"6906\" data-end=\"6961\">Inspections m\u00e9caniques de routine et suivi de l&#039;\u00e9tat<\/p>\n<\/li>\n<li data-start=\"6962\" data-end=\"7005\">\n<p data-start=\"6964\" data-end=\"7005\">Analyse des vibrations et surveillance des tendances<\/p>\n<\/li>\n<li data-start=\"7006\" data-end=\"7055\">\n<p data-start=\"7008\" data-end=\"7055\">Pr\u00e9l\u00e8vement d&#039;\u00e9chantillons d&#039;huile et contr\u00f4le de l&#039;\u00e9tat de la lubrification<\/p>\n<\/li>\n<li data-start=\"7056\" data-end=\"7110\">\n<p data-start=\"7058\" data-end=\"7110\">Mesure de l&#039;usure des roulements, des joints d&#039;\u00e9tanch\u00e9it\u00e9 et des convoyeurs<\/p>\n<\/li>\n<li data-start=\"7111\" data-end=\"7160\">\n<p data-start=\"7113\" data-end=\"7160\">Remplacement programm\u00e9 des composants \u00e0 forte usure<\/p>\n<\/li>\n<li data-start=\"7161\" data-end=\"7212\">\n<p data-start=\"7163\" data-end=\"7212\">Contr\u00f4les d&#039;alignement et v\u00e9rification dynamique de l&#039;\u00e9quilibre<\/p>\n<\/li>\n<\/ul>\n<p data-start=\"7214\" data-end=\"7370\">En planifiant la maintenance en fonction des donn\u00e9es op\u00e9rationnelles, les installations peuvent am\u00e9liorer leur temps de fonctionnement, r\u00e9duire les r\u00e9parations d&#039;urgence et mieux contr\u00f4ler les d\u00e9penses de maintenance au fil du temps.<\/p>\n<hr data-start=\"7372\" data-end=\"7375\" \/>\n<h2 data-start=\"7377\" data-end=\"7428\">Soutien \u00e0 l&#039;efficacit\u00e9 op\u00e9rationnelle et \u00e0 la conformit\u00e9<\/h2>\n<p data-start=\"7430\" data-end=\"7698\">Dans les applications de traitement des d\u00e9chets, les performances des centrifugeuses influent sur la qualit\u00e9 de la production, l&#039;efficacit\u00e9 du traitement des d\u00e9chets et la fiabilit\u00e9 des proc\u00e9d\u00e9s. Des performances de s\u00e9paration insuffisantes peuvent augmenter les volumes transport\u00e9s, surcharger les syst\u00e8mes en aval et impacter la qualit\u00e9 des produits ou les objectifs environnementaux.<\/p>\n<p data-start=\"7700\" data-end=\"8175\">Pour un contexte de processus plus large et des orientations r\u00e9glementaires relatives aux interactions entre la gestion des eaux us\u00e9es et des mati\u00e8res solides, les exploitants peuvent consulter les ressources de <strong data-start=\"7852\" data-end=\"7898\">Agence am\u00e9ricaine de protection de l&#039;environnement (EPA)<\/strong> \u00e0 <a class=\"decorated-link cursor-pointer\" target=\"_new\" rel=\"noopener\" data-start=\"7902\" data-end=\"7927\">https:\/\/www.epa.gov\/water<\/a>. Des informations suppl\u00e9mentaires sur le secteur et les meilleures pratiques sont disponibles via le <strong data-start=\"8002\" data-end=\"8040\">F\u00e9d\u00e9ration pour l&#039;environnement de l&#039;eau (WEF)<\/strong> \u00e0 <a class=\"decorated-link\" href=\"https:\/\/www.wef.org\/\" target=\"_new\" rel=\"noopener\" data-start=\"8044\" data-end=\"8064\">https:\/\/www.wef.org\/<\/a>, offrant des ressources pratiques pertinentes pour la planification des proc\u00e9d\u00e9s de s\u00e9paration et les consid\u00e9rations relatives au traitement des eaux us\u00e9es.<\/p>\n<hr data-start=\"8177\" data-end=\"8180\" \/>\n<h2 data-start=\"8182\" data-end=\"8224\">Pourquoi les \u00e9tablissements de Raleigh choisissent Sentrimax<\/h2>\n<p data-start=\"8226\" data-end=\"8549\">\u00c0 Raleigh, les op\u00e9rateurs choisissent Sentrimax pour la r\u00e9paration de leurs centrifugeuses en raison de son expertise technique pointue, de son service d&#039;intervention rapide et de son engagement envers des r\u00e9sultats de qualit\u00e9. Les techniciens de Sentrimax allient connaissances m\u00e9caniques et exp\u00e9rience pratique pour diagnostiquer les probl\u00e8mes complexes, effectuer des r\u00e9parations efficaces et prot\u00e9ger les \u00e9quipements critiques.<\/p>\n<p data-start=\"8551\" data-end=\"8890\">Une communication claire et une documentation compl\u00e8te sont essentielles \u00e0 chaque intervention. Les installations re\u00e7oivent des rapports d\u00e9taill\u00e9s pr\u00e9sentant les r\u00e9sultats du diagnostic, les actions correctives, les composants remplac\u00e9s et les recommandations pour la maintenance pr\u00e9ventive. Ces informations favorisent une prise de d\u00e9cision proactive et des strat\u00e9gies de fiabilit\u00e9 \u00e0 long terme.<\/p>\n<p data-start=\"8892\" data-end=\"8998\">Pour toute expertise en mati\u00e8re de traitement des eaux us\u00e9es et de services de centrifugeuses connexes, veuillez consulter <a class=\"decorated-link cursor-pointer\" target=\"_new\" rel=\"noopener\" data-start=\"8953\" data-end=\"8997\">https:\/\/sentrimax.com\/industries\/wastewater\/<\/a>.<\/p>\n<hr data-start=\"9000\" data-end=\"9003\" \/>\n<h2 data-start=\"9005\" data-end=\"9053\">Assistance compl\u00e8te, de l&#039;\u00e9valuation au d\u00e9marrage<\/h2>\n<p data-start=\"9055\" data-end=\"9126\">Le mod\u00e8le de service de Sentrimax s&#039;\u00e9tend au-del\u00e0 des r\u00e9parations m\u00e9caniques et comprend\u00a0:<\/p>\n<ul data-start=\"9128\" data-end=\"9360\">\n<li data-start=\"9128\" data-end=\"9174\">\n<p data-start=\"9130\" data-end=\"9174\">Coordination du gr\u00e9age et du retrait du mat\u00e9riel<\/p>\n<\/li>\n<li data-start=\"9175\" data-end=\"9227\">\n<p data-start=\"9177\" data-end=\"9227\">v\u00e9rification de l&#039;alignement et des dimensions<\/p>\n<\/li>\n<li data-start=\"9228\" data-end=\"9277\">\n<p data-start=\"9230\" data-end=\"9277\">Assistance \u00e0 la r\u00e9installation et \u00e0 l&#039;\u00e9talonnage du syst\u00e8me<\/p>\n<\/li>\n<li data-start=\"9278\" data-end=\"9323\">\n<p data-start=\"9280\" data-end=\"9323\">Assistance au d\u00e9marrage et mise au point op\u00e9rationnelle<\/p>\n<\/li>\n<li data-start=\"9324\" data-end=\"9360\">\n<p data-start=\"9326\" data-end=\"9360\">\u00c9valuation des performances apr\u00e8s r\u00e9paration<\/p>\n<\/li>\n<\/ul>\n<p data-start=\"9362\" data-end=\"9504\">Cette approche holistique garantit que les centrifugeuses de rendu reprennent du service de mani\u00e8re fiable, efficace et conforme aux sp\u00e9cifications de conception.<\/p>\n<hr data-start=\"9506\" data-end=\"9509\" \/>\n<h2 data-start=\"9511\" data-end=\"9567\">Am\u00e9lioration continue gr\u00e2ce au suivi des performances<\/h2>\n<p data-start=\"9569\" data-end=\"9870\">La fiabilit\u00e9 \u00e0 long terme repose sur des strat\u00e9gies de maintenance bas\u00e9es sur les donn\u00e9es. Sentrimax accompagne les installations dans le suivi des indicateurs cl\u00e9s de performance (tels que les tendances vibratoires, les profils de couple et les taux d&#039;usure) afin d&#039;anticiper les besoins d&#039;entretien, d&#039;optimiser la planification de la maintenance et de r\u00e9duire le co\u00fbt total de possession.<\/p>\n<hr data-start=\"9872\" data-end=\"9875\" \/>\n<h2 data-start=\"9877\" data-end=\"9929\">Demande de r\u00e9paration de centrifugeuse \u00e0 Raleigh, Caroline du Nord<\/h2>\n<p data-start=\"9931\" data-end=\"10302\">Lorsque la r\u00e9paration d&#039;une centrifugeuse par un expert est n\u00e9cessaire <strong data-start=\"9986\" data-end=\"10001\">Raleigh, Caroline du Nord<\/strong>, Les entreprises du secteur font confiance \u00e0 Sentrimax pour son expertise reconnue, son assistance r\u00e9active et ses r\u00e9sultats professionnels. Qu&#039;il s&#039;agisse de d\u00e9pannages urgents, de planification de la maintenance pr\u00e9ventive ou de reconstructions compl\u00e8tes, Sentrimax propose des solutions con\u00e7ues pour garantir le fonctionnement fiable et efficace de vos centrifugeuses.<\/p>\n<p data-start=\"10304\" data-end=\"10358\"><strong data-start=\"10304\" data-end=\"10358\"><a class=\"decorated-link\" href=\"https:\/\/sentrimax.com\/fr\/contact\/\" target=\"_new\" rel=\"noopener\" data-start=\"10306\" data-end=\"10356\">Demandez un devis !<\/a><\/strong><\/p>","protected":false},"excerpt":{"rendered":"<p>Sentrimax provides professional rendering centrifuge repair services for industrial processors, rendering plants, and wastewater operations throughout Raleigh, North Carolina. Rendering centrifuges perform critical solids-liquid separation in high-temperature, high-fat, and abrasive environments often encountered in animal byproduct processing and industrial separation systems. When these machines experience vibration, bearing failure, seal issues, or performance decline, timely and [&hellip;]<\/p>\n","protected":false},"author":3,"featured_media":0,"parent":0,"menu_order":0,"comment_status":"closed","ping_status":"closed","template":"seo-page-template.php","meta":{"_acf_changed":false,"inline_featured_image":false,"footnotes":""},"class_list":["post-2316","page","type-page","status-publish","hentry"],"acf":[],"_links":{"self":[{"href":"https:\/\/sentrimax.com\/fr\/wp-json\/wp\/v2\/pages\/2316","targetHints":{"allow":["GET"]}}],"collection":[{"href":"https:\/\/sentrimax.com\/fr\/wp-json\/wp\/v2\/pages"}],"about":[{"href":"https:\/\/sentrimax.com\/fr\/wp-json\/wp\/v2\/types\/page"}],"author":[{"embeddable":true,"href":"https:\/\/sentrimax.com\/fr\/wp-json\/wp\/v2\/users\/3"}],"replies":[{"embeddable":true,"href":"https:\/\/sentrimax.com\/fr\/wp-json\/wp\/v2\/comments?post=2316"}],"version-history":[{"count":1,"href":"https:\/\/sentrimax.com\/fr\/wp-json\/wp\/v2\/pages\/2316\/revisions"}],"predecessor-version":[{"id":2511,"href":"https:\/\/sentrimax.com\/fr\/wp-json\/wp\/v2\/pages\/2316\/revisions\/2511"}],"wp:attachment":[{"href":"https:\/\/sentrimax.com\/fr\/wp-json\/wp\/v2\/media?parent=2316"}],"curies":[{"name":"wp","href":"https:\/\/api.w.org\/{rel}","templated":true}]}}