{"id":2317,"date":"2026-01-07T17:08:16","date_gmt":"2026-01-07T17:08:16","guid":{"rendered":"https:\/\/sentrimax.com\/?page_id=2317"},"modified":"2026-04-21T21:14:21","modified_gmt":"2026-04-21T21:14:21","slug":"industrial-rendering-centrifuge-service-in-charlotte-nc","status":"publish","type":"page","link":"https:\/\/sentrimax.com\/fr\/industrial-rendering-centrifuge-service-in-charlotte-nc\/","title":{"rendered":"Service de centrifugeuse pour \u00e9quarrissage industriel \u00e0 Charlotte, Caroline du Nord"},"content":{"rendered":"<p data-start=\"317\" data-end=\"904\"><img fetchpriority=\"high\" decoding=\"async\" class=\"aligncenter size-full wp-image-546\" src=\"https:\/\/sentrimax.com\/wp-content\/uploads\/2025\/05\/image-11.jpg\" alt=\"\" width=\"1440\" height=\"504\" srcset=\"https:\/\/sentrimax.com\/wp-content\/uploads\/2025\/05\/image-11.jpg 1440w, https:\/\/sentrimax.com\/wp-content\/uploads\/2025\/05\/image-11-600x210.jpg 600w, https:\/\/sentrimax.com\/wp-content\/uploads\/2025\/05\/image-11-300x105.jpg 300w, https:\/\/sentrimax.com\/wp-content\/uploads\/2025\/05\/image-11-1024x358.jpg 1024w, https:\/\/sentrimax.com\/wp-content\/uploads\/2025\/05\/image-11-768x269.jpg 768w\" sizes=\"(max-width: 1440px) 100vw, 1440px\" \/><\/p>\n<p data-start=\"317\" data-end=\"904\">Sentrimax fournit un service expert de centrifugation industrielle pour les usines de fabrication, les installations d&#039;\u00e9quarrissage et les op\u00e9rations de traitement des eaux us\u00e9es dans le monde entier <strong data-start=\"468\" data-end=\"497\">Charlotte, Caroline du Nord<\/strong>. Les centrifugeuses d&#039;\u00e9quarrissage sont des machines essentielles pour la s\u00e9paration des mati\u00e8res solides, des graisses, des huiles et des liquides contenus dans les flux de sous-produits issus de l&#039;\u00e9levage de volailles et d&#039;autres industries agroalimentaires. En cas de vibrations, de d\u00e9faillance d&#039;\u00e9tanch\u00e9it\u00e9, d&#039;usure des roulements ou de baisse de d\u00e9bit, une intervention rapide et professionnelle est cruciale pour garantir la continuit\u00e9 de la production, maintenir la qualit\u00e9 et minimiser les temps d&#039;arr\u00eat co\u00fbteux.<\/p>\n<p data-start=\"906\" data-end=\"1388\">Fort d&#039;une exp\u00e9rience de plusieurs d\u00e9cennies dans la maintenance d&#039;\u00e9quipements de s\u00e9paration \u00e0 grande vitesse, <strong data-start=\"976\" data-end=\"989\">Sentrimax<\/strong> Sentrimax propose des diagnostics approfondis, des r\u00e9parations m\u00e9caniques de pr\u00e9cision, la planification de la maintenance pr\u00e9ventive et des solutions de remise \u00e0 neuf compl\u00e8tes, adapt\u00e9es aux conditions exigeantes des applications de centrifugation. Qu&#039;il s&#039;agisse de r\u00e9pondre \u00e0 un besoin urgent, de planifier un arr\u00eat de maintenance programm\u00e9 ou d&#039;effectuer une r\u00e9vision compl\u00e8te, Sentrimax aide les installations de Charlotte \u00e0 r\u00e9tablir leur fonctionnement et \u00e0 prolonger la dur\u00e9e de vie de leurs \u00e9quipements.<\/p>\n<hr data-start=\"1390\" data-end=\"1393\" \/>\n<h2 data-start=\"1395\" data-end=\"1446\">Soutien aux op\u00e9rations de transformation du laitier \u00e0 Charlotte<\/h2>\n<p data-start=\"1448\" data-end=\"2018\">Centrifugation de rendu dans le <strong data-start=\"1477\" data-end=\"1508\">r\u00e9gion m\u00e9tropolitaine de Charlotte<\/strong> Ces \u00e9quipements fonctionnent dans des environnements parmi les plus exigeants du secteur industriel. Les temp\u00e9ratures \u00e9lev\u00e9es, les particules abrasives, les fortes charges de graisses et d&#039;huiles, ainsi que les boues visqueuses soumettent \u00e0 des contraintes importantes les composants cl\u00e9s tels que les roulements, les joints d&#039;\u00e9tanch\u00e9it\u00e9, les spirales, les convoyeurs et les r\u00e9ducteurs. En cas de probl\u00e8me de performance \u2013 vibrations anormales, \u00e9chauffement excessif ou baisse d&#039;efficacit\u00e9 de s\u00e9paration \u2013 l&#039;intervention rapide de techniciens exp\u00e9riment\u00e9s est essentielle pour \u00e9viter les interruptions impr\u00e9vues et maintenir la productivit\u00e9.<\/p>\n<p data-start=\"2020\" data-end=\"2330\">Sentrimax propose un service d&#039;intervention rapide sur site dans toute la r\u00e9gion de Charlotte, en associant des techniciens exp\u00e9riment\u00e9s \u00e0 des outils de diagnostic avanc\u00e9s pour \u00e9valuer l&#039;\u00e9tat des machines, d\u00e9terminer les causes profondes et mettre en \u0153uvre des plans de service efficaces, align\u00e9s sur les calendriers op\u00e9rationnels et les protocoles de s\u00e9curit\u00e9.<\/p>\n<p data-start=\"2332\" data-end=\"2459\">Pour b\u00e9n\u00e9ficier de nos services complets de centrifugation, tous types d&#039;\u00e9quipements et secteurs confondus, veuillez consulter notre site web. <a class=\"decorated-link cursor-pointer\" target=\"_new\" rel=\"noopener\" data-start=\"2418\" data-end=\"2458\">https:\/\/sentrimax.com\/centrifuge-repair\/<\/a>.<\/p>\n<hr data-start=\"2461\" data-end=\"2464\" \/>\n<h2 data-start=\"2466\" data-end=\"2520\">Pourquoi le service de centrifugation pour le traitement industriel est important<\/h2>\n<p data-start=\"2522\" data-end=\"3112\">Les centrifugeuses de traitement sont des machines rotatives complexes, caract\u00e9ris\u00e9es par des tol\u00e9rances m\u00e9caniques tr\u00e8s pr\u00e9cises, des vitesses de fonctionnement \u00e9lev\u00e9es et une exposition \u00e0 des conditions de process difficiles. Des r\u00e9parations inad\u00e9quates, des diagnostics incomplets ou des pi\u00e8ces de rechange non compatibles peuvent engendrer des probl\u00e8mes r\u00e9currents tels que des d\u00e9s\u00e9quilibres, des vibrations, une usure pr\u00e9matur\u00e9e ou une qualit\u00e9 de s\u00e9paration r\u00e9duite. Les techniciens de Sentrimax suivent des proc\u00e9dures document\u00e9es, conformes aux pratiques des fabricants d&#039;\u00e9quipement d&#039;origine et aux meilleures pratiques du secteur, afin de garantir que les r\u00e9parations traitent \u00e0 la fois les sympt\u00f4mes visibles et les causes profondes, comme les d\u00e9fauts d&#039;alignement, les d\u00e9faillances de lubrification ou les d\u00e9s\u00e9quilibres.<\/p>\n<p data-start=\"3114\" data-end=\"3248\">Un service bien ex\u00e9cut\u00e9 am\u00e9liore la fiabilit\u00e9 des machines, r\u00e9duit les pannes r\u00e9p\u00e9t\u00e9es et aide les installations de Charlotte \u00e0 prot\u00e9ger leurs actifs critiques.<\/p>\n<hr data-start=\"3250\" data-end=\"3253\" \/>\n<h2 data-start=\"3255\" data-end=\"3301\">Gamme compl\u00e8te de services de centrifugation pour le traitement des d\u00e9chets<\/h2>\n<p data-start=\"3303\" data-end=\"3449\">Sentrimax propose une gamme compl\u00e8te de services de centrifugation pour le traitement des d\u00e9chets, con\u00e7us pour accompagner les installations de Charlotte dans toutes les phases de maintenance\u00a0:<\/p>\n<ul data-start=\"3451\" data-end=\"3952\">\n<li data-start=\"3451\" data-end=\"3505\">\n<p data-start=\"3453\" data-end=\"3505\"><strong data-start=\"3453\" data-end=\"3503\">Inspection m\u00e9canique et \u00e9valuation de l&#039;\u00e9tat<\/strong><\/p>\n<\/li>\n<li data-start=\"3506\" data-end=\"3557\">\n<p data-start=\"3508\" data-end=\"3557\"><strong data-start=\"3508\" data-end=\"3555\">Diagnostic des d\u00e9faillances et analyse des causes profondes<\/strong><\/p>\n<\/li>\n<li data-start=\"3558\" data-end=\"3619\">\n<p data-start=\"3560\" data-end=\"3619\"><strong data-start=\"3560\" data-end=\"3617\">D\u00e9pose, remplacement et alignement de pr\u00e9cision des roulements<\/strong><\/p>\n<\/li>\n<li data-start=\"3620\" data-end=\"3676\">\n<p data-start=\"3622\" data-end=\"3676\"><strong data-start=\"3622\" data-end=\"3674\">R\u00e9paration ou remplacement de la spirale, du convoyeur et du bol<\/strong><\/p>\n<\/li>\n<li data-start=\"3677\" data-end=\"3737\">\n<p data-start=\"3679\" data-end=\"3737\"><strong data-start=\"3679\" data-end=\"3735\">Inspection, r\u00e9fection et v\u00e9rification du couple de la bo\u00eete de vitesses<\/strong><\/p>\n<\/li>\n<li data-start=\"3738\" data-end=\"3785\">\n<p data-start=\"3740\" data-end=\"3785\"><strong data-start=\"3740\" data-end=\"3783\">\u00c9quilibrage dynamique avec des tol\u00e9rances pr\u00e9cises<\/strong><\/p>\n<\/li>\n<li data-start=\"3786\" data-end=\"3843\">\n<p data-start=\"3788\" data-end=\"3843\"><strong data-start=\"3788\" data-end=\"3841\">Am\u00e9liorations du remplacement des joints et de la protection contre l&#039;usure<\/strong><\/p>\n<\/li>\n<li data-start=\"3844\" data-end=\"3903\">\n<p data-start=\"3846\" data-end=\"3903\"><strong data-start=\"3846\" data-end=\"3901\">Assistance au d\u00e9pannage des syst\u00e8mes de contr\u00f4le et d&#039;instrumentation<\/strong><\/p>\n<\/li>\n<li data-start=\"3904\" data-end=\"3952\">\n<p data-start=\"3906\" data-end=\"3952\"><strong data-start=\"3906\" data-end=\"3952\">Tests de performance et assistance au d\u00e9marrage<\/strong><\/p>\n<\/li>\n<\/ul>\n<p data-start=\"3954\" data-end=\"4235\">Chaque intervention suit des proc\u00e9dures document\u00e9es, conformes aux normes des \u00e9quipementiers et aux exigences du secteur. Plut\u00f4t que de se contenter de traiter les sympt\u00f4mes apparents, les techniciens analysent l&#039;ensemble des syst\u00e8mes m\u00e9caniques afin d&#039;aider les installations \u00e0 r\u00e9duire les pannes r\u00e9currentes et \u00e0 am\u00e9liorer leur fiabilit\u00e9 \u00e0 long terme.<\/p>\n<hr data-start=\"4237\" data-end=\"4240\" \/>\n<h2 data-start=\"4242\" data-end=\"4295\">Service sur le terrain et intervention rapide en Caroline du Nord<\/h2>\n<p data-start=\"4297\" data-end=\"4624\">Les pannes inattendues de centrifugeuses peuvent perturber les calendriers de production, mettre \u00e0 rude \u00e9preuve les ressources de maintenance et augmenter les co\u00fbts d&#039;exploitation. Sentrimax propose un service d&#039;intervention rapide sur site dans toute la r\u00e9gion de Charlotte et des Carolines environnantes, en d\u00e9p\u00eacheant des techniciens \u00e9quip\u00e9s d&#039;outils de diagnostic et appliquant des pratiques de maintenance ax\u00e9es sur la s\u00e9curit\u00e9.<\/p>\n<p data-start=\"4626\" data-end=\"4681\">Le service sur site offre des avantages op\u00e9rationnels essentiels\u00a0:<\/p>\n<ul data-start=\"4683\" data-end=\"4969\">\n<li data-start=\"4683\" data-end=\"4744\">\n<p data-start=\"4685\" data-end=\"4744\">\u00c9valuation des centrifugeuses dans des conditions de processus r\u00e9elles<\/p>\n<\/li>\n<li data-start=\"4745\" data-end=\"4813\">\n<p data-start=\"4747\" data-end=\"4813\">D\u00e9pannage imm\u00e9diat et mesures correctives le cas \u00e9ch\u00e9ant<\/p>\n<\/li>\n<li data-start=\"4814\" data-end=\"4881\">\n<p data-start=\"4816\" data-end=\"4881\">R\u00e9duction du besoin de transport co\u00fbteux vers les ateliers de r\u00e9paration externes<\/p>\n<\/li>\n<li data-start=\"4882\" data-end=\"4969\">\n<p data-start=\"4884\" data-end=\"4969\">Collaboration avec le personnel de l&#039;usine pour coordonner le service avec les calendriers de production<\/p>\n<\/li>\n<\/ul>\n<p data-start=\"4971\" data-end=\"5089\">Les techniciens de terrain travaillent efficacement et en toute s\u00e9curit\u00e9, aidant les installations \u00e0 remettre leurs \u00e9quipements en service avec un minimum de perturbations.<\/p>\n<hr data-start=\"5091\" data-end=\"5094\" \/>\n<h2 data-start=\"5096\" data-end=\"5140\">R\u00e9parations de pr\u00e9cision avec des pi\u00e8ces de haute qualit\u00e9<\/h2>\n<p data-start=\"5142\" data-end=\"5344\">La qualit\u00e9 des pi\u00e8ces de rechange utilis\u00e9es lors de la maintenance influe directement sur la fiabilit\u00e9 \u00e0 long terme. Sentrimax fournit des composants de rechange de qualit\u00e9 \u00e9quivalente \u00e0 celle des pi\u00e8ces d&#039;origine pour les centrifugeuses de traitement, notamment\u00a0:<\/p>\n<ul data-start=\"5346\" data-end=\"5549\">\n<li data-start=\"5346\" data-end=\"5381\">\n<p data-start=\"5348\" data-end=\"5381\">Roulements et ensembles de roulements<\/p>\n<\/li>\n<li data-start=\"5382\" data-end=\"5403\">\n<p data-start=\"5384\" data-end=\"5403\">Joints et garnitures<\/p>\n<\/li>\n<li data-start=\"5404\" data-end=\"5449\">\n<p data-start=\"5406\" data-end=\"5449\">Rev\u00eatements anti-usure, \u00e9l\u00e9ments de spirale et de convoyeur<\/p>\n<\/li>\n<li data-start=\"5450\" data-end=\"5472\">\n<p data-start=\"5452\" data-end=\"5472\">Composants de bo\u00eete de vitesses<\/p>\n<\/li>\n<li data-start=\"5473\" data-end=\"5511\">\n<p data-start=\"5475\" data-end=\"5511\">Bol, moyeu et ensembles rotatifs<\/p>\n<\/li>\n<li data-start=\"5512\" data-end=\"5549\">\n<p data-start=\"5514\" data-end=\"5549\">Kits de fixation et de quincaillerie de service<\/p>\n<\/li>\n<\/ul>\n<p data-start=\"5551\" data-end=\"5729\">Avant leur installation, toutes les pi\u00e8ces sont inspect\u00e9es afin de v\u00e9rifier leur pr\u00e9cision dimensionnelle, l&#039;int\u00e9grit\u00e9 des mat\u00e9riaux et leur compatibilit\u00e9, garantissant ainsi des performances fiables m\u00eame dans des conditions de rendu exigeantes.<\/p>\n<p data-start=\"5731\" data-end=\"5853\">Pour plus d&#039;informations sur les pi\u00e8ces de rechange disponibles et le support technique, consultez <a class=\"decorated-link cursor-pointer\" target=\"_new\" rel=\"noopener\" data-start=\"5813\" data-end=\"5852\">https:\/\/sentrimax.com\/centrifuge-parts\/<\/a>.<\/p>\n<hr data-start=\"5855\" data-end=\"5858\" \/>\n<h2 data-start=\"5860\" data-end=\"5907\">Reconstruction compl\u00e8te pour restaurer les performances de la machine<\/h2>\n<p data-start=\"5909\" data-end=\"6097\">Pour les centrifugeuses pr\u00e9sentant une usure importante ou une d\u00e9gradation li\u00e9e \u00e0 l&#039;\u00e2ge, Sentrimax propose des services de remise \u00e0 neuf complets qui permettent de redonner aux \u00e9quipements un \u00e9tat quasi neuf. Les projets de remise \u00e0 neuf comprennent g\u00e9n\u00e9ralement\u00a0:<\/p>\n<ul data-start=\"6099\" data-end=\"6352\">\n<li data-start=\"6099\" data-end=\"6136\">\n<p data-start=\"6101\" data-end=\"6136\">D\u00e9montage et nettoyage complets<\/p>\n<\/li>\n<li data-start=\"6137\" data-end=\"6190\">\n<p data-start=\"6139\" data-end=\"6190\">Inspection et r\u00e9tablissement des tol\u00e9rances critiques<\/p>\n<\/li>\n<li data-start=\"6191\" data-end=\"6225\">\n<p data-start=\"6193\" data-end=\"6225\">Remplacement des composants us\u00e9s<\/p>\n<\/li>\n<li data-start=\"6226\" data-end=\"6269\">\n<p data-start=\"6228\" data-end=\"6269\">Usinage de pr\u00e9cision pour un ajustement et un \u00e9quilibre parfaits<\/p>\n<\/li>\n<li data-start=\"6270\" data-end=\"6312\">\n<p data-start=\"6272\" data-end=\"6312\">\u00c9quilibrage dynamique des \u00e9l\u00e9ments rotatifs<\/p>\n<\/li>\n<li data-start=\"6313\" data-end=\"6352\">\n<p data-start=\"6315\" data-end=\"6352\">R\u00e9assemblage et validation des performances<\/p>\n<\/li>\n<\/ul>\n<p data-start=\"6354\" data-end=\"6503\">Les reconstructions sont planifi\u00e9es en collaboration avec les \u00e9quipes des installations afin de co\u00efncider avec les arr\u00eats programm\u00e9s et de r\u00e9duire l&#039;impact sur les op\u00e9rations tout en prolongeant la dur\u00e9e de vie du service.<\/p>\n<hr data-start=\"6505\" data-end=\"6508\" \/>\n<h2 data-start=\"6510\" data-end=\"6561\">Maintenance pr\u00e9ventive pour des performances \u00e0 long terme<\/h2>\n<p data-start=\"6563\" data-end=\"6851\">Les r\u00e9parations r\u00e9actives sont co\u00fbteuses et perturbatrices. La maintenance pr\u00e9ventive permet aux installations de d\u00e9tecter l&#039;usure naissante avant les pannes, de r\u00e9duire les arr\u00eats impr\u00e9vus et d&#039;optimiser les budgets de maintenance. Sentrimax collabore avec les installations de Charlotte pour \u00e9laborer des programmes de maintenance sur mesure pouvant inclure\u00a0:<\/p>\n<ul data-start=\"6853\" data-end=\"7154\">\n<li data-start=\"6853\" data-end=\"6910\">\n<p data-start=\"6855\" data-end=\"6910\">Inspections m\u00e9caniques de routine et suivi de l&#039;\u00e9tat<\/p>\n<\/li>\n<li data-start=\"6911\" data-end=\"6954\">\n<p data-start=\"6913\" data-end=\"6954\">Analyse des vibrations et surveillance des tendances<\/p>\n<\/li>\n<li data-start=\"6955\" data-end=\"7008\">\n<p data-start=\"6957\" data-end=\"7008\">Pr\u00e9l\u00e8vement d&#039;\u00e9chantillons d&#039;huile et \u00e9valuation de l&#039;\u00e9tat de la lubrification<\/p>\n<\/li>\n<li data-start=\"7009\" data-end=\"7057\">\n<p data-start=\"7011\" data-end=\"7057\">Mesure de l&#039;usure et suivi de la dur\u00e9e de vie des composants<\/p>\n<\/li>\n<li data-start=\"7058\" data-end=\"7102\">\n<p data-start=\"7060\" data-end=\"7102\">Remplacement programm\u00e9 des pi\u00e8ces \u00e0 forte usure<\/p>\n<\/li>\n<li data-start=\"7103\" data-end=\"7154\">\n<p data-start=\"7105\" data-end=\"7154\">Contr\u00f4les d&#039;alignement et v\u00e9rification dynamique de l&#039;\u00e9quilibre<\/p>\n<\/li>\n<\/ul>\n<p data-start=\"7156\" data-end=\"7306\">En planifiant la maintenance en fonction des donn\u00e9es op\u00e9rationnelles plut\u00f4t que des pannes, les installations peuvent am\u00e9liorer leur temps de fonctionnement et mieux contr\u00f4ler leurs d\u00e9penses de maintenance au fil du temps.<\/p>\n<hr data-start=\"7308\" data-end=\"7311\" \/>\n<h2 data-start=\"7313\" data-end=\"7364\">Soutien \u00e0 l&#039;efficacit\u00e9 op\u00e9rationnelle et \u00e0 la conformit\u00e9<\/h2>\n<p data-start=\"7366\" data-end=\"7637\">Dans les applications de traitement des d\u00e9chets, les performances de la centrifugeuse influent sur la qualit\u00e9 de la production, l&#039;efficacit\u00e9 du traitement des solides et la stabilit\u00e9 op\u00e9rationnelle globale. Des performances de s\u00e9paration insuffisantes peuvent augmenter les volumes de d\u00e9chets transport\u00e9s, perturber les processus en aval et impacter la qualit\u00e9 des produits.<\/p>\n<p data-start=\"7639\" data-end=\"8024\">Pour un contexte r\u00e9glementaire et proc\u00e9dural plus large, les op\u00e9rateurs peuvent consulter le <strong data-start=\"7709\" data-end=\"7755\">Agence am\u00e9ricaine de protection de l&#039;environnement (EPA)<\/strong> \u00e0 <a class=\"decorated-link cursor-pointer\" target=\"_new\" rel=\"noopener\" data-start=\"7759\" data-end=\"7784\">https:\/\/www.epa.gov\/water<\/a>, qui fournit des orientations sur les cadres environnementaux pertinents pour le traitement des eaux us\u00e9es et des mati\u00e8res solides. Des informations suppl\u00e9mentaires sur l&#039;industrie et des ressources sur les meilleures pratiques sont disponibles aupr\u00e8s de <strong data-start=\"7961\" data-end=\"7999\">F\u00e9d\u00e9ration pour l&#039;environnement de l&#039;eau (WEF)<\/strong> \u00e0 <a class=\"decorated-link\" href=\"https:\/\/www.wef.org\/\" target=\"_new\" rel=\"noopener\" data-start=\"8003\" data-end=\"8023\">https:\/\/www.wef.org\/<\/a>.<\/p>\n<hr data-start=\"8026\" data-end=\"8029\" \/>\n<h2 data-start=\"8031\" data-end=\"8075\">Pourquoi les installations de Charlotte choisissent Sentrimax<\/h2>\n<p data-start=\"8077\" data-end=\"8435\">Les entreprises de transformation de Charlotte choisissent Sentrimax pour l&#039;entretien de leurs centrifugeuses industrielles en raison de son expertise technique pointue, de son savoir-faire pratique et de son engagement envers des r\u00e9sultats de qualit\u00e9. Les techniciens de Sentrimax allient connaissances en m\u00e9canique et exp\u00e9rience pratique, aidant ainsi les installations \u00e0 diagnostiquer les probl\u00e8mes complexes, \u00e0 effectuer des r\u00e9parations efficaces et \u00e0 prot\u00e9ger leurs \u00e9quipements critiques.<\/p>\n<p data-start=\"8437\" data-end=\"8776\">Une communication claire et une documentation exhaustive sont essentielles \u00e0 chaque intervention. Les installations re\u00e7oivent des rapports d\u00e9taill\u00e9s pr\u00e9sentant les r\u00e9sultats du diagnostic, les actions correctives entreprises, les composants remplac\u00e9s et les recommandations pour la maintenance pr\u00e9ventive. Ces informations favorisent une prise de d\u00e9cision proactive et une gestion optimale des actifs \u00e0 long terme.<\/p>\n<p data-start=\"8778\" data-end=\"8905\">Pour obtenir une expertise suppl\u00e9mentaire en mati\u00e8re de services li\u00e9s au traitement des eaux us\u00e9es et des mati\u00e8res solides, consultez <a class=\"decorated-link cursor-pointer\" target=\"_new\" rel=\"noopener\" data-start=\"8860\" data-end=\"8904\">https:\/\/sentrimax.com\/industries\/wastewater\/<\/a>.<\/p>\n<hr data-start=\"8907\" data-end=\"8910\" \/>\n<h2 data-start=\"8912\" data-end=\"8960\">Assistance compl\u00e8te, de l&#039;\u00e9valuation au d\u00e9marrage<\/h2>\n<p data-start=\"8962\" data-end=\"9011\">Le mod\u00e8le de service complet de Sentrimax comprend\u00a0:<\/p>\n<ul data-start=\"9013\" data-end=\"9254\">\n<li data-start=\"9013\" data-end=\"9059\">\n<p data-start=\"9015\" data-end=\"9059\">Coordination du gr\u00e9age et du retrait du mat\u00e9riel<\/p>\n<\/li>\n<li data-start=\"9060\" data-end=\"9112\">\n<p data-start=\"9062\" data-end=\"9112\">v\u00e9rification de l&#039;alignement et des dimensions<\/p>\n<\/li>\n<li data-start=\"9113\" data-end=\"9173\">\n<p data-start=\"9115\" data-end=\"9173\">Assistance \u00e0 la r\u00e9installation et support \u00e0 l&#039;\u00e9talonnage du syst\u00e8me<\/p>\n<\/li>\n<li data-start=\"9174\" data-end=\"9216\">\n<p data-start=\"9176\" data-end=\"9216\">Assistance au d\u00e9marrage et optimisation op\u00e9rationnelle<\/p>\n<\/li>\n<li data-start=\"9217\" data-end=\"9254\">\n<p data-start=\"9219\" data-end=\"9254\">\u00c9valuation des performances apr\u00e8s la prestation de services<\/p>\n<\/li>\n<\/ul>\n<p data-start=\"9256\" data-end=\"9388\">Cette approche globale garantit que les centrifugeuses de rendu reprennent du service de mani\u00e8re fiable, efficace et conform\u00e9ment aux sp\u00e9cifications de conception.<\/p>\n<hr data-start=\"9390\" data-end=\"9393\" \/>\n<h2 data-start=\"9395\" data-end=\"9451\">Am\u00e9lioration continue gr\u00e2ce au suivi des performances<\/h2>\n<p data-start=\"9453\" data-end=\"9747\">La fiabilit\u00e9 \u00e0 long terme repose sur des strat\u00e9gies de maintenance bas\u00e9es sur les donn\u00e9es. Sentrimax accompagne les installations dans le suivi des indicateurs cl\u00e9s de performance (tels que les tendances vibratoires, les profils de couple et les sch\u00e9mas d&#039;usure) afin d&#039;anticiper les besoins de maintenance, d&#039;optimiser la planification et de r\u00e9duire le co\u00fbt total de possession.<\/p>\n<hr data-start=\"9749\" data-end=\"9752\" \/>\n<h2 data-start=\"9754\" data-end=\"9820\">Demande de service de centrifugation pour effluents industriels \u00e0 Charlotte, Caroline du Nord<\/h2>\n<p data-start=\"9822\" data-end=\"10213\">Lorsque des services professionnels de centrifugation industrielle sont n\u00e9cessaires <strong data-start=\"9893\" data-end=\"9910\">Charlotte, Caroline du Nord<\/strong>, Les entreprises du secteur font confiance \u00e0 Sentrimax pour son expertise reconnue, son assistance r\u00e9active et ses r\u00e9sultats professionnels. Qu&#039;il s&#039;agisse de r\u00e9soudre des pannes urgentes, de planifier la maintenance pr\u00e9ventive ou de proc\u00e9der \u00e0 des remises \u00e0 neuf compl\u00e8tes, Sentrimax propose des solutions con\u00e7ues pour garantir le fonctionnement fiable et efficace de vos centrifugeuses.<\/p>\n<p data-start=\"10215\" data-end=\"10269\"><strong data-start=\"10215\" data-end=\"10269\"><a class=\"decorated-link\" href=\"https:\/\/sentrimax.com\/fr\/contact\/\" target=\"_new\" rel=\"noopener\" data-start=\"10217\" data-end=\"10267\">Demandez un devis !<\/a><\/strong><\/p>","protected":false},"excerpt":{"rendered":"<p>Sentrimax provides expert industrial rendering centrifuge service for manufacturing plants, rendering facilities, and wastewater operations throughout Charlotte, North Carolina. Rendering centrifuges are essential machines for separating solids, fats, oils, and liquids within byproduct streams generated by poultry, livestock, and other food-related processing. When these machines experience vibration, seal failure, bearing wear, or diminished throughput, timely [&hellip;]<\/p>\n","protected":false},"author":3,"featured_media":0,"parent":0,"menu_order":0,"comment_status":"closed","ping_status":"closed","template":"seo-page-template.php","meta":{"_acf_changed":false,"inline_featured_image":false,"footnotes":""},"class_list":["post-2317","page","type-page","status-publish","hentry"],"acf":[],"_links":{"self":[{"href":"https:\/\/sentrimax.com\/fr\/wp-json\/wp\/v2\/pages\/2317","targetHints":{"allow":["GET"]}}],"collection":[{"href":"https:\/\/sentrimax.com\/fr\/wp-json\/wp\/v2\/pages"}],"about":[{"href":"https:\/\/sentrimax.com\/fr\/wp-json\/wp\/v2\/types\/page"}],"author":[{"embeddable":true,"href":"https:\/\/sentrimax.com\/fr\/wp-json\/wp\/v2\/users\/3"}],"replies":[{"embeddable":true,"href":"https:\/\/sentrimax.com\/fr\/wp-json\/wp\/v2\/comments?post=2317"}],"version-history":[{"count":1,"href":"https:\/\/sentrimax.com\/fr\/wp-json\/wp\/v2\/pages\/2317\/revisions"}],"predecessor-version":[{"id":2510,"href":"https:\/\/sentrimax.com\/fr\/wp-json\/wp\/v2\/pages\/2317\/revisions\/2510"}],"wp:attachment":[{"href":"https:\/\/sentrimax.com\/fr\/wp-json\/wp\/v2\/media?parent=2317"}],"curies":[{"name":"wp","href":"https:\/\/api.w.org\/{rel}","templated":true}]}}