{"id":2318,"date":"2026-01-07T17:10:35","date_gmt":"2026-01-07T17:10:35","guid":{"rendered":"https:\/\/sentrimax.com\/?page_id=2318"},"modified":"2026-04-21T21:14:20","modified_gmt":"2026-04-21T21:14:20","slug":"rendering-decanter-centrifuge-repair-in-omaha-ne","status":"publish","type":"page","link":"https:\/\/sentrimax.com\/fr\/rendering-decanter-centrifuge-repair-in-omaha-ne\/","title":{"rendered":"R\u00e9paration de centrifugeuses \u00e0 d\u00e9canter \u00e0 Omaha, Nebraska"},"content":{"rendered":"<p data-start=\"316\" data-end=\"905\"><img fetchpriority=\"high\" decoding=\"async\" class=\"aligncenter size-full wp-image-168\" src=\"https:\/\/sentrimax.com\/wp-content\/uploads\/2025\/05\/image-6.jpg\" alt=\"\" width=\"1269\" height=\"519\" srcset=\"https:\/\/sentrimax.com\/wp-content\/uploads\/2025\/05\/image-6.jpg 1269w, https:\/\/sentrimax.com\/wp-content\/uploads\/2025\/05\/image-6-600x245.jpg 600w, https:\/\/sentrimax.com\/wp-content\/uploads\/2025\/05\/image-6-300x123.jpg 300w, https:\/\/sentrimax.com\/wp-content\/uploads\/2025\/05\/image-6-1024x419.jpg 1024w, https:\/\/sentrimax.com\/wp-content\/uploads\/2025\/05\/image-6-768x314.jpg 768w\" sizes=\"(max-width: 1269px) 100vw, 1269px\" \/><\/p>\n<p data-start=\"316\" data-end=\"905\">Sentrimax propose des services professionnels de r\u00e9paration de centrifugeuses d\u00e9canteuses pour les transformateurs industriels, les usines d&#039;\u00e9quarrissage et les stations d&#039;\u00e9puration des eaux us\u00e9es dans toute la r\u00e9gion. <strong data-start=\"486\" data-end=\"505\">Omaha, Nebraska<\/strong>. Les centrifugeuses d\u00e9canteuses jouent un r\u00f4le essentiel dans la s\u00e9paration des graisses, des huiles, des solides et des liquides dans les environnements \u00e0 haute temp\u00e9rature, visqueux et abrasifs typiques du traitement des sous-produits et de la manutention des solides industriels. En cas de vibrations, de d\u00e9faillance des roulements, de probl\u00e8mes d&#039;\u00e9tanch\u00e9it\u00e9 ou de baisse de performance, une r\u00e9paration experte est indispensable pour garantir la continuit\u00e9 de la production et \u00e9viter des arr\u00eats co\u00fbteux.<\/p>\n<p data-start=\"907\" data-end=\"1364\">Fort d&#039;une exp\u00e9rience de plusieurs d\u00e9cennies dans la maintenance d&#039;\u00e9quipements de s\u00e9paration \u00e0 grande vitesse, <strong data-start=\"977\" data-end=\"990\">Sentrimax<\/strong> Sentrimax propose des diagnostics complets, des r\u00e9parations m\u00e9caniques de pr\u00e9cision, la planification de la maintenance pr\u00e9ventive et des solutions de remise \u00e0 neuf compl\u00e8tes, adapt\u00e9es aux conditions d&#039;exploitation difficiles des centrifugeuses d\u00e9canteuses. Qu&#039;il s&#039;agisse d&#039;intervenir en urgence ou de planifier les op\u00e9rations de maintenance et de r\u00e9vision, Sentrimax aide les installations d&#039;Omaha \u00e0 r\u00e9tablir les performances et \u00e0 prolonger la dur\u00e9e de vie de leurs \u00e9quipements.<\/p>\n<hr data-start=\"1366\" data-end=\"1369\" \/>\n<h2 data-start=\"1371\" data-end=\"1418\">Soutien aux op\u00e9rations de rendu dans tout Omaha<\/h2>\n<p data-start=\"1420\" data-end=\"1962\">Centrifugeuses d\u00e9canteuses de rendu situ\u00e9es dans le <strong data-start=\"1467\" data-end=\"1494\">r\u00e9gion m\u00e9tropolitaine d&#039;Omaha<\/strong> Les \u00e9quipements de traitement industriel sont soumis \u00e0 des conditions d&#039;exploitation parmi les plus exigeantes. Viscosit\u00e9s \u00e9lev\u00e9es des charges, fortes concentrations de solides, temp\u00e9ratures \u00e9lev\u00e9es et boues abrasives sollicitent fortement les roulements, les joints d&#039;\u00e9tanch\u00e9it\u00e9, les spirales, les convoyeurs et les composants de la bo\u00eete de vitesses. En cas de probl\u00e8me de performance (vibrations anormales, surchauffe, fuite d&#039;\u00e9tanch\u00e9it\u00e9 ou baisse de d\u00e9bit), l&#039;intervention rapide de techniciens exp\u00e9riment\u00e9s est essentielle pour \u00e9viter toute interruption de production.<\/p>\n<p data-start=\"1964\" data-end=\"2318\">Sentrimax offre un service d&#039;intervention rapide sur site dans tout Omaha et les communaut\u00e9s environnantes, en envoyant des techniciens exp\u00e9riment\u00e9s \u00e9quip\u00e9s de mat\u00e9riel de diagnostic avanc\u00e9 directement sur les sites des clients pour \u00e9valuer l&#039;\u00e9tat des machines, d\u00e9terminer la cause profonde des pannes et mettre en \u0153uvre des plans correctifs efficaces qui correspondent aux calendriers de production et aux protocoles de s\u00e9curit\u00e9 de l&#039;usine.<\/p>\n<p data-start=\"2320\" data-end=\"2444\">Pour une prise en charge plus \u00e9tendue des centrifugeuses pour de multiples types d&#039;\u00e9quipements et secteurs d&#039;activit\u00e9, voir <a class=\"decorated-link cursor-pointer\" target=\"_new\" rel=\"noopener\" data-start=\"2403\" data-end=\"2443\">https:\/\/sentrimax.com\/centrifuge-repair\/<\/a>.<\/p>\n<hr data-start=\"2446\" data-end=\"2449\" \/>\n<h2 data-start=\"2451\" data-end=\"2515\">Pourquoi la r\u00e9paration professionnelle de votre centrifugeuse \u00e0 d\u00e9canter est importante<\/h2>\n<p data-start=\"2517\" data-end=\"3055\">Les centrifugeuses d\u00e9canteuses fonctionnent comme des machines rotatives de pr\u00e9cision, soumises \u00e0 des tol\u00e9rances m\u00e9caniques rigoureuses et \u00e0 des conditions de process extr\u00eames. Des r\u00e9parations inad\u00e9quates, des diagnostics incomplets ou l&#039;utilisation de pi\u00e8ces incompatibles peuvent entra\u00eener des vibrations r\u00e9currentes, un d\u00e9s\u00e9quilibre, une usure pr\u00e9matur\u00e9e et une baisse des performances de s\u00e9paration. Les techniciens de Sentrimax suivent des proc\u00e9dures document\u00e9es et les meilleures pratiques du secteur, qui visent non seulement \u00e0 corriger les probl\u00e8mes visibles, mais aussi \u00e0 identifier les causes sous-jacentes telles que les d\u00e9fauts d&#039;alignement, les d\u00e9faillances de lubrification ou les d\u00e9s\u00e9quilibres.<\/p>\n<p data-start=\"3057\" data-end=\"3211\">Une r\u00e9paration approfondie am\u00e9liore la fiabilit\u00e9 de la machine, optimise les performances de s\u00e9paration et aide les installations d&#039;Omaha \u00e0 r\u00e9duire les pannes r\u00e9p\u00e9t\u00e9es et les temps d&#039;arr\u00eat impr\u00e9vus.<\/p>\n<hr data-start=\"3213\" data-end=\"3216\" \/>\n<h2 data-start=\"3218\" data-end=\"3280\">Services complets de r\u00e9paration de d\u00e9canteurs et centrifugeuses<\/h2>\n<p data-start=\"3282\" data-end=\"3437\">Sentrimax propose une gamme compl\u00e8te de services de r\u00e9paration de centrifugeuses d\u00e9canteuses con\u00e7ues pour soutenir les op\u00e9rations d&#039;Omaha \u00e0 chaque \u00e9tape de la maintenance\u00a0:<\/p>\n<ul data-start=\"3439\" data-end=\"3943\">\n<li data-start=\"3439\" data-end=\"3502\">\n<p data-start=\"3441\" data-end=\"3502\"><strong data-start=\"3441\" data-end=\"3500\">Inspection m\u00e9canique et \u00e9valuation d\u00e9taill\u00e9e de l&#039;\u00e9tat<\/strong><\/p>\n<\/li>\n<li data-start=\"3503\" data-end=\"3554\">\n<p data-start=\"3505\" data-end=\"3554\"><strong data-start=\"3505\" data-end=\"3552\">Diagnostic des d\u00e9faillances et analyse des causes profondes<\/strong><\/p>\n<\/li>\n<li data-start=\"3555\" data-end=\"3616\">\n<p data-start=\"3557\" data-end=\"3616\"><strong data-start=\"3557\" data-end=\"3614\">D\u00e9pose, remplacement et alignement de pr\u00e9cision des roulements<\/strong><\/p>\n<\/li>\n<li data-start=\"3617\" data-end=\"3673\">\n<p data-start=\"3619\" data-end=\"3673\"><strong data-start=\"3619\" data-end=\"3671\">R\u00e9paration ou remplacement de la spirale, du convoyeur et du bol<\/strong><\/p>\n<\/li>\n<li data-start=\"3674\" data-end=\"3734\">\n<p data-start=\"3676\" data-end=\"3734\"><strong data-start=\"3676\" data-end=\"3732\">Inspection, r\u00e9fection et v\u00e9rification du couple de la bo\u00eete de vitesses<\/strong><\/p>\n<\/li>\n<li data-start=\"3735\" data-end=\"3780\">\n<p data-start=\"3737\" data-end=\"3780\"><strong data-start=\"3737\" data-end=\"3778\">\u00c9quilibrage dynamique avec des tol\u00e9rances serr\u00e9es<\/strong><\/p>\n<\/li>\n<li data-start=\"3781\" data-end=\"3834\">\n<p data-start=\"3783\" data-end=\"3834\"><strong data-start=\"3783\" data-end=\"3832\">Am\u00e9liorations du remplacement des joints et de la protection contre l&#039;usure<\/strong><\/p>\n<\/li>\n<li data-start=\"3835\" data-end=\"3894\">\n<p data-start=\"3837\" data-end=\"3894\"><strong data-start=\"3837\" data-end=\"3892\">Assistance au d\u00e9pannage des syst\u00e8mes de contr\u00f4le et d&#039;instrumentation<\/strong><\/p>\n<\/li>\n<li data-start=\"3895\" data-end=\"3943\">\n<p data-start=\"3897\" data-end=\"3943\"><strong data-start=\"3897\" data-end=\"3943\">Tests de performance et assistance au d\u00e9marrage<\/strong><\/p>\n<\/li>\n<\/ul>\n<p data-start=\"3945\" data-end=\"4190\">Toutes les r\u00e9parations sont effectu\u00e9es selon des proc\u00e9dures document\u00e9es conformes aux exigences du fabricant et aux normes de l&#039;industrie. Au lieu de se concentrer uniquement sur les sympt\u00f4mes visibles, les techniciens \u00e9valuent l&#039;ensemble des syst\u00e8mes m\u00e9caniques afin d&#039;apporter des solutions compl\u00e8tes et durables.<\/p>\n<hr data-start=\"4192\" data-end=\"4195\" \/>\n<h2 data-start=\"4197\" data-end=\"4244\">Service sur le terrain et intervention rapide au Nebraska<\/h2>\n<p data-start=\"4246\" data-end=\"4557\">Les pannes impr\u00e9vues des centrifugeuses peuvent interrompre la production, mettre \u00e0 rude \u00e9preuve les ressources de maintenance et faire grimper les co\u00fbts d&#039;exploitation. Sentrimax assure un service d&#039;intervention rapide dans toute la r\u00e9gion d&#039;Omaha, en d\u00e9ployant des techniciens \u00e9quip\u00e9s d&#039;outils de diagnostic et appliquant des proc\u00e9dures ax\u00e9es sur la s\u00e9curit\u00e9 pour effectuer des \u00e9valuations et des r\u00e9parations sur site.<\/p>\n<p data-start=\"4559\" data-end=\"4609\">Le service d&#039;intervention sur site offre des avantages consid\u00e9rables\u00a0:<\/p>\n<ul data-start=\"4611\" data-end=\"4856\">\n<li data-start=\"4611\" data-end=\"4670\">\n<p data-start=\"4613\" data-end=\"4670\">\u00c9valuation des \u00e9quipements dans des conditions de processus r\u00e9elles<\/p>\n<\/li>\n<li data-start=\"4671\" data-end=\"4722\">\n<p data-start=\"4673\" data-end=\"4722\">D\u00e9pannage imm\u00e9diat et mesures correctives<\/p>\n<\/li>\n<li data-start=\"4723\" data-end=\"4769\">\n<p data-start=\"4725\" data-end=\"4769\">Besoin r\u00e9duit de transport d&#039;\u00e9quipement lourd<\/p>\n<\/li>\n<li data-start=\"4770\" data-end=\"4856\">\n<p data-start=\"4772\" data-end=\"4856\">Collaboration avec le personnel de l&#039;usine pour int\u00e9grer le soutien aux calendriers de production<\/p>\n<\/li>\n<\/ul>\n<p data-start=\"4858\" data-end=\"4972\">Les techniciens de terrain travaillent efficacement pour minimiser les perturbations et remettre les \u00e9quipements en service rapidement et en toute s\u00e9curit\u00e9.<\/p>\n<hr data-start=\"4974\" data-end=\"4977\" \/>\n<h2 data-start=\"4979\" data-end=\"5023\">R\u00e9parations de pr\u00e9cision avec des pi\u00e8ces de haute qualit\u00e9<\/h2>\n<p data-start=\"5025\" data-end=\"5236\">La qualit\u00e9 des pi\u00e8ces de rechange utilis\u00e9es lors de la maintenance influe directement sur la fiabilit\u00e9 \u00e0 long terme. Sentrimax fournit des pi\u00e8ces de rechange de qualit\u00e9 \u00e9quivalente \u00e0 celle des pi\u00e8ces d&#039;origine pour les centrifugeuses d\u00e9canteuses, notamment\u00a0:<\/p>\n<ul data-start=\"5238\" data-end=\"5493\">\n<li data-start=\"5238\" data-end=\"5273\">\n<p data-start=\"5240\" data-end=\"5273\">Roulements et ensembles de roulements<\/p>\n<\/li>\n<li data-start=\"5274\" data-end=\"5308\">\n<p data-start=\"5276\" data-end=\"5308\">Joints d&#039;\u00e9tanch\u00e9it\u00e9, bagues d&#039;\u00e9tanch\u00e9it\u00e9 et anneaux d&#039;usure<\/p>\n<\/li>\n<li data-start=\"5309\" data-end=\"5363\">\n<p data-start=\"5311\" data-end=\"5363\">Volets roulants, convoyeurs et ensembles rotatifs<\/p>\n<\/li>\n<li data-start=\"5364\" data-end=\"5416\">\n<p data-start=\"5366\" data-end=\"5416\">Composants de bo\u00eete de vitesses et pi\u00e8ces de transmission de couple<\/p>\n<\/li>\n<li data-start=\"5417\" data-end=\"5455\">\n<p data-start=\"5419\" data-end=\"5455\">Bol, moyeu et ensembles rotatifs<\/p>\n<\/li>\n<li data-start=\"5456\" data-end=\"5493\">\n<p data-start=\"5458\" data-end=\"5493\">Kits de fixation et de quincaillerie de service<\/p>\n<\/li>\n<\/ul>\n<p data-start=\"5495\" data-end=\"5680\">Avant leur installation, tous les composants sont inspect\u00e9s afin de v\u00e9rifier leur pr\u00e9cision dimensionnelle, l&#039;int\u00e9grit\u00e9 des mat\u00e9riaux et leur compatibilit\u00e9, garantissant ainsi des performances fiables m\u00eame dans des conditions de rendu exigeantes.<\/p>\n<p data-start=\"5682\" data-end=\"5780\">Pour conna\u00eetre les options de pi\u00e8ces et obtenir des informations sur la compatibilit\u00e9 des composants, veuillez consulter le site web. <a class=\"decorated-link cursor-pointer\" target=\"_new\" rel=\"noopener\" data-start=\"5740\" data-end=\"5779\">https:\/\/sentrimax.com\/centrifuge-parts\/<\/a>.<\/p>\n<hr data-start=\"5782\" data-end=\"5785\" \/>\n<h2 data-start=\"5787\" data-end=\"5831\">Services de reconstruction compl\u00e8te et de prolongation de la dur\u00e9e de vie<\/h2>\n<p data-start=\"5833\" data-end=\"6033\">Pour les centrifugeuses pr\u00e9sentant une usure avanc\u00e9e ou approchant de la fin de leur dur\u00e9e de vie, Sentrimax propose des services de remise \u00e0 neuf complets qui permettent de redonner aux machines des performances quasi neuves. Les projets de remise \u00e0 neuf comprennent g\u00e9n\u00e9ralement\u00a0:<\/p>\n<ul data-start=\"6035\" data-end=\"6288\">\n<li data-start=\"6035\" data-end=\"6072\">\n<p data-start=\"6037\" data-end=\"6072\">D\u00e9montage et nettoyage complets<\/p>\n<\/li>\n<li data-start=\"6073\" data-end=\"6126\">\n<p data-start=\"6075\" data-end=\"6126\">Inspection et r\u00e9tablissement des tol\u00e9rances critiques<\/p>\n<\/li>\n<li data-start=\"6127\" data-end=\"6161\">\n<p data-start=\"6129\" data-end=\"6161\">Remplacement des composants us\u00e9s<\/p>\n<\/li>\n<li data-start=\"6162\" data-end=\"6205\">\n<p data-start=\"6164\" data-end=\"6205\">Usinage de pr\u00e9cision pour un ajustement et un \u00e9quilibre parfaits<\/p>\n<\/li>\n<li data-start=\"6206\" data-end=\"6248\">\n<p data-start=\"6208\" data-end=\"6248\">\u00c9quilibrage dynamique des \u00e9l\u00e9ments rotatifs<\/p>\n<\/li>\n<li data-start=\"6249\" data-end=\"6288\">\n<p data-start=\"6251\" data-end=\"6288\">R\u00e9assemblage et validation des performances<\/p>\n<\/li>\n<\/ul>\n<p data-start=\"6290\" data-end=\"6451\">Ces reconstructions sont planifi\u00e9es en concertation avec le personnel de l&#039;installation afin de s&#039;aligner sur les arr\u00eats programm\u00e9s et les objectifs op\u00e9rationnels, tout en maximisant la prolongation de la dur\u00e9e de vie.<\/p>\n<hr data-start=\"6453\" data-end=\"6456\" \/>\n<h2 data-start=\"6458\" data-end=\"6509\">Maintenance pr\u00e9ventive pour une fiabilit\u00e9 \u00e0 long terme<\/h2>\n<p data-start=\"6511\" data-end=\"6789\">Les r\u00e9parations r\u00e9actives peuvent s&#039;av\u00e9rer co\u00fbteuses, tant en termes de d\u00e9penses que de pertes de production. La maintenance pr\u00e9ventive permet aux installations d&#039;identifier rapidement les probl\u00e8mes \u00e9mergents et d&#039;\u00e9viter les pannes impr\u00e9vues. Sentrimax collabore avec les installations d&#039;Omaha pour \u00e9laborer des plans de maintenance pr\u00e9ventive personnalis\u00e9s pouvant inclure\u00a0:<\/p>\n<ul data-start=\"6791\" data-end=\"7083\">\n<li data-start=\"6791\" data-end=\"6847\">\n<p data-start=\"6793\" data-end=\"6847\">Inspection m\u00e9canique de routine et suivi de l&#039;\u00e9tat<\/p>\n<\/li>\n<li data-start=\"6848\" data-end=\"6891\">\n<p data-start=\"6850\" data-end=\"6891\">Analyse des vibrations et surveillance des tendances<\/p>\n<\/li>\n<li data-start=\"6892\" data-end=\"6941\">\n<p data-start=\"6894\" data-end=\"6941\">Pr\u00e9l\u00e8vement d&#039;\u00e9chantillons d&#039;huile et contr\u00f4le de l&#039;\u00e9tat de la lubrification<\/p>\n<\/li>\n<li data-start=\"6942\" data-end=\"6985\">\n<p data-start=\"6944\" data-end=\"6985\">Mesure de l&#039;usure des composants critiques<\/p>\n<\/li>\n<li data-start=\"6986\" data-end=\"7030\">\n<p data-start=\"6988\" data-end=\"7030\">Remplacement programm\u00e9 des pi\u00e8ces \u00e0 forte usure<\/p>\n<\/li>\n<li data-start=\"7031\" data-end=\"7083\">\n<p data-start=\"7033\" data-end=\"7083\">V\u00e9rification de l&#039;alignement et tests d&#039;\u00e9quilibrage dynamique<\/p>\n<\/li>\n<\/ul>\n<p data-start=\"7085\" data-end=\"7235\">En planifiant la maintenance en fonction des donn\u00e9es op\u00e9rationnelles plut\u00f4t que des pannes, les installations peuvent am\u00e9liorer leur temps de fonctionnement et mieux contr\u00f4ler leurs d\u00e9penses de maintenance au fil du temps.<\/p>\n<hr data-start=\"7237\" data-end=\"7240\" \/>\n<h2 data-start=\"7242\" data-end=\"7288\">Soutien aux objectifs de performance et de conformit\u00e9<\/h2>\n<p data-start=\"7290\" data-end=\"7555\">Un fonctionnement efficace de la centrifugeuse contribue \u00e0 la stabilit\u00e9 du proc\u00e9d\u00e9, \u00e0 la constance des performances de s\u00e9paration et \u00e0 l&#039;efficacit\u00e9 op\u00e9rationnelle. Un fonctionnement m\u00e9diocre peut augmenter les volumes de d\u00e9chets trait\u00e9s, surcharger les \u00e9quipements en aval et compromettre la conformit\u00e9 aux normes ou aux standards du produit.<\/p>\n<p data-start=\"7557\" data-end=\"8027\">Pour un contexte industriel plus large et des orientations r\u00e9glementaires relatives aux interactions entre la gestion des eaux us\u00e9es et des mati\u00e8res solides, les exploitants peuvent consulter les ressources de <strong data-start=\"7710\" data-end=\"7756\">Agence am\u00e9ricaine de protection de l&#039;environnement (EPA)<\/strong> \u00e0 <a class=\"decorated-link cursor-pointer\" target=\"_new\" rel=\"noopener\" data-start=\"7760\" data-end=\"7785\">https:\/\/www.epa.gov\/water<\/a>. Des bonnes pratiques techniques et op\u00e9rationnelles suppl\u00e9mentaires sont disponibles via le <strong data-start=\"7865\" data-end=\"7903\">F\u00e9d\u00e9ration pour l&#039;environnement de l&#039;eau (WEF)<\/strong> \u00e0 <a class=\"decorated-link\" href=\"https:\/\/www.wef.org\/\" target=\"_new\" rel=\"noopener\" data-start=\"7907\" data-end=\"7927\">https:\/\/www.wef.org\/<\/a>, offrant des informations pr\u00e9cieuses pour la planification des proc\u00e9d\u00e9s de s\u00e9paration et les consid\u00e9rations relatives au traitement des eaux us\u00e9es.<\/p>\n<hr data-start=\"8029\" data-end=\"8032\" \/>\n<h2 data-start=\"8034\" data-end=\"8074\">Pourquoi les entreprises d&#039;Omaha choisissent Sentrimax<\/h2>\n<p data-start=\"8076\" data-end=\"8412\">Les entreprises de traitement d&#039;Omaha choisissent Sentrimax pour la r\u00e9paration de leurs centrifugeuses d\u00e9canteuses en raison de son expertise technique pointue, de son service d&#039;assistance technique r\u00e9actif et de son engagement envers des r\u00e9sultats de qualit\u00e9. Les techniciens de Sentrimax allient savoir-faire m\u00e9canique et exp\u00e9rience pratique pour diagnostiquer les probl\u00e8mes complexes, effectuer des r\u00e9parations efficaces et prot\u00e9ger les \u00e9quipements critiques.<\/p>\n<p data-start=\"8414\" data-end=\"8787\">Une communication claire et une documentation exhaustive sont essentielles \u00e0 chaque intervention. Les installations re\u00e7oivent des rapports d\u00e9taill\u00e9s pr\u00e9sentant les r\u00e9sultats des diagnostics, les actions correctives mises en \u0153uvre, les composants remplac\u00e9s et des recommandations pour la planification de la maintenance pr\u00e9ventive. Ces informations permettent aux \u00e9quipes d&#039;exploitation de prendre des d\u00e9cisions \u00e9clair\u00e9es et d&#039;affiner leurs strat\u00e9gies de maintenance \u00e0 long terme.<\/p>\n<p data-start=\"8789\" data-end=\"8888\">Pour obtenir des informations sur les \u00e9quipements de traitement des eaux us\u00e9es et les \u00e9quipements connexes, veuillez consulter notre site web. <a class=\"decorated-link cursor-pointer\" target=\"_new\" rel=\"noopener\" data-start=\"8843\" data-end=\"8887\">https:\/\/sentrimax.com\/industries\/wastewater\/<\/a>.<\/p>\n<hr data-start=\"8890\" data-end=\"8893\" \/>\n<h2 data-start=\"8895\" data-end=\"8943\">Assistance compl\u00e8te, de l&#039;\u00e9valuation au d\u00e9marrage<\/h2>\n<p data-start=\"8945\" data-end=\"9015\">Le mod\u00e8le de service de Sentrimax va au-del\u00e0 de la r\u00e9paration m\u00e9canique et comprend\u00a0:<\/p>\n<ul data-start=\"9017\" data-end=\"9249\">\n<li data-start=\"9017\" data-end=\"9063\">\n<p data-start=\"9019\" data-end=\"9063\">Coordination du gr\u00e9age et du retrait du mat\u00e9riel<\/p>\n<\/li>\n<li data-start=\"9064\" data-end=\"9116\">\n<p data-start=\"9066\" data-end=\"9116\">v\u00e9rification de l&#039;alignement et des dimensions<\/p>\n<\/li>\n<li data-start=\"9117\" data-end=\"9166\">\n<p data-start=\"9119\" data-end=\"9166\">Assistance \u00e0 la r\u00e9installation et \u00e9talonnage du syst\u00e8me<\/p>\n<\/li>\n<li data-start=\"9167\" data-end=\"9212\">\n<p data-start=\"9169\" data-end=\"9212\">Assistance au d\u00e9marrage et mise au point op\u00e9rationnelle<\/p>\n<\/li>\n<li data-start=\"9213\" data-end=\"9249\">\n<p data-start=\"9215\" data-end=\"9249\">\u00c9valuation des performances apr\u00e8s r\u00e9paration<\/p>\n<\/li>\n<\/ul>\n<p data-start=\"9251\" data-end=\"9400\">Cette approche holistique garantit que les centrifugeuses d\u00e9canteuses de rendu reprennent du service de mani\u00e8re fiable, efficace et conforme aux sp\u00e9cifications de conception.<\/p>\n<hr data-start=\"9402\" data-end=\"9405\" \/>\n<h2 data-start=\"9407\" data-end=\"9463\">Am\u00e9lioration continue gr\u00e2ce au suivi des performances<\/h2>\n<p data-start=\"9465\" data-end=\"9755\">La fiabilit\u00e9 \u00e0 long terme repose sur des strat\u00e9gies de maintenance bas\u00e9es sur les donn\u00e9es. Sentrimax accompagne les installations dans le suivi des indicateurs cl\u00e9s de performance (profils de vibration, donn\u00e9es de couple et tendances d&#039;usure) afin d&#039;anticiper les besoins de maintenance, d&#039;optimiser la planification et de r\u00e9duire le co\u00fbt total de possession.<\/p>\n<hr data-start=\"9757\" data-end=\"9760\" \/>\n<h2 data-start=\"9762\" data-end=\"9821\">Demande de r\u00e9paration de centrifugeuse \u00e0 d\u00e9canter \u00e0 Omaha, Nebraska<\/h2>\n<p data-start=\"9823\" data-end=\"10203\">Lorsque la r\u00e9paration d&#039;une centrifugeuse d\u00e9canteuse par un expert est n\u00e9cessaire <strong data-start=\"9887\" data-end=\"9900\">Omaha, NE<\/strong>, Les entreprises du secteur font confiance \u00e0 Sentrimax pour son expertise reconnue, son assistance r\u00e9active et ses r\u00e9sultats professionnels. Qu&#039;il s&#039;agisse de r\u00e9soudre des pannes urgentes, de planifier la maintenance pr\u00e9ventive ou de proc\u00e9der \u00e0 des remises \u00e0 neuf compl\u00e8tes, Sentrimax propose des solutions con\u00e7ues pour garantir le fonctionnement fiable et efficace de vos centrifugeuses.<\/p>\n<p data-start=\"10205\" data-end=\"10259\"><strong data-start=\"10205\" data-end=\"10259\"><a class=\"decorated-link\" href=\"https:\/\/sentrimax.com\/fr\/contact\/\" target=\"_new\" rel=\"noopener\" data-start=\"10207\" data-end=\"10257\">Demandez un devis !<\/a><\/strong><\/p>","protected":false},"excerpt":{"rendered":"<p>Sentrimax provides professional rendering decanter centrifuge repair services for industrial processors, rendering facilities, and wastewater treatment plants throughout Omaha, Nebraska. Rendering decanter centrifuges play a vital role in separating fats, oils, solids, and liquids in high-temperature, viscous, and abrasive environments common to byproduct processing and industrial solids handling. When these machines experience vibration, bearing failure, [&hellip;]<\/p>\n","protected":false},"author":3,"featured_media":0,"parent":0,"menu_order":0,"comment_status":"closed","ping_status":"closed","template":"seo-page-template.php","meta":{"_acf_changed":false,"inline_featured_image":false,"footnotes":""},"class_list":["post-2318","page","type-page","status-publish","hentry"],"acf":[],"_links":{"self":[{"href":"https:\/\/sentrimax.com\/fr\/wp-json\/wp\/v2\/pages\/2318","targetHints":{"allow":["GET"]}}],"collection":[{"href":"https:\/\/sentrimax.com\/fr\/wp-json\/wp\/v2\/pages"}],"about":[{"href":"https:\/\/sentrimax.com\/fr\/wp-json\/wp\/v2\/types\/page"}],"author":[{"embeddable":true,"href":"https:\/\/sentrimax.com\/fr\/wp-json\/wp\/v2\/users\/3"}],"replies":[{"embeddable":true,"href":"https:\/\/sentrimax.com\/fr\/wp-json\/wp\/v2\/comments?post=2318"}],"version-history":[{"count":1,"href":"https:\/\/sentrimax.com\/fr\/wp-json\/wp\/v2\/pages\/2318\/revisions"}],"predecessor-version":[{"id":2509,"href":"https:\/\/sentrimax.com\/fr\/wp-json\/wp\/v2\/pages\/2318\/revisions\/2509"}],"wp:attachment":[{"href":"https:\/\/sentrimax.com\/fr\/wp-json\/wp\/v2\/media?parent=2318"}],"curies":[{"name":"wp","href":"https:\/\/api.w.org\/{rel}","templated":true}]}}