{"id":2319,"date":"2026-01-07T17:12:28","date_gmt":"2026-01-07T17:12:28","guid":{"rendered":"https:\/\/sentrimax.com\/?page_id=2319"},"modified":"2026-04-21T21:14:20","modified_gmt":"2026-04-21T21:14:20","slug":"rendering-centrifuge-maintenance-in-atlanta-ga","status":"publish","type":"page","link":"https:\/\/sentrimax.com\/fr\/rendering-centrifuge-maintenance-in-atlanta-ga\/","title":{"rendered":"Maintenance de centrifugeuses \u00e0 Atlanta, G\u00e9orgie"},"content":{"rendered":"<p data-start=\"312\" data-end=\"1029\"><img fetchpriority=\"high\" decoding=\"async\" class=\"aligncenter size-full wp-image-47\" src=\"https:\/\/sentrimax.com\/wp-content\/uploads\/2025\/05\/image-5.jpg\" alt=\"\" width=\"1440\" height=\"694\" srcset=\"https:\/\/sentrimax.com\/wp-content\/uploads\/2025\/05\/image-5.jpg 1440w, https:\/\/sentrimax.com\/wp-content\/uploads\/2025\/05\/image-5-600x289.jpg 600w, https:\/\/sentrimax.com\/wp-content\/uploads\/2025\/05\/image-5-300x145.jpg 300w, https:\/\/sentrimax.com\/wp-content\/uploads\/2025\/05\/image-5-1024x494.jpg 1024w, https:\/\/sentrimax.com\/wp-content\/uploads\/2025\/05\/image-5-768x370.jpg 768w\" sizes=\"(max-width: 1440px) 100vw, 1440px\" \/><\/p>\n<p data-start=\"312\" data-end=\"1029\">Sentrimax propose des services professionnels de maintenance de centrifugeuses pour les transformateurs industriels, les usines d&#039;\u00e9quarrissage et les stations d&#039;\u00e9puration des eaux us\u00e9es dans toute la r\u00e9gion. <strong data-start=\"468\" data-end=\"488\">Atlanta, G\u00e9orgie<\/strong>. Les centrifugeuses d&#039;\u00e9quarrissage sont des machines essentielles pour la s\u00e9paration des graisses, des huiles, des solides et des liquides contenus dans les flux de sous-produits issus de la transformation des aliments et de l&#039;\u00e9quarrissage animal. Ces machines fonctionnent dans des conditions exigeantes (temp\u00e9ratures \u00e9lev\u00e9es, fluides visqueux et particules abrasives) qui sollicitent fortement les roulements, les joints, les convoyeurs et autres pi\u00e8ces critiques. Un entretien r\u00e9gulier effectu\u00e9 par des techniciens qualifi\u00e9s permet de pr\u00e9venir les pannes impr\u00e9vues, de r\u00e9duire les temps d&#039;arr\u00eat et de prolonger la dur\u00e9e de vie des centrifugeuses d&#039;\u00e9quarrissage.<\/p>\n<p data-start=\"1031\" data-end=\"1424\">Fort d&#039;une exp\u00e9rience de plusieurs d\u00e9cennies dans la maintenance d&#039;\u00e9quipements de s\u00e9paration \u00e0 grande vitesse, <strong data-start=\"1101\" data-end=\"1114\">Sentrimax<\/strong> Nous proposons des inspections d\u00e9taill\u00e9es, des \u00e9valuations de performance, une planification des interventions pr\u00e9ventives et une maintenance conditionnelle adapt\u00e9es aux besoins des op\u00e9rations d&#039;\u00e9quarrissage. Un entretien r\u00e9gulier garantit la fiabilit\u00e9 des \u00e9quipements, am\u00e9liore les performances de s\u00e9paration et permet aux installations d&#039;Atlanta d&#039;assurer la continuit\u00e9 de leur production.<\/p>\n<hr data-start=\"1426\" data-end=\"1429\" \/>\n<h2 data-start=\"1431\" data-end=\"1480\">Soutien aux op\u00e9rations de rendu dans la r\u00e9gion d&#039;Atlanta<\/h2>\n<p data-start=\"1482\" data-end=\"1957\">Centrifugation de rendu dans le <strong data-start=\"1511\" data-end=\"1540\">r\u00e9gion m\u00e9tropolitaine d&#039;Atlanta<\/strong> Les \u00e9quipements jouent un r\u00f4le essentiel dans le traitement des solides industriels et l&#039;extraction de liquides. En cas de maintenance diff\u00e9r\u00e9e, des probl\u00e8mes mineurs tels que les vibrations, les d\u00e9faillances de lubrification ou l&#039;usure des joints peuvent d\u00e9g\u00e9n\u00e9rer en pannes m\u00e9caniques majeures, perturbant les op\u00e9rations et augmentant les co\u00fbts de r\u00e9paration. Sentrimax collabore avec les ing\u00e9nieurs et les \u00e9quipes de maintenance des installations afin de fournir des services de maintenance structur\u00e9s qui r\u00e9duisent les risques et am\u00e9liorent la disponibilit\u00e9 des \u00e9quipements.<\/p>\n<p data-start=\"1959\" data-end=\"2237\">En combinant intervention sur site et expertise technique, Sentrimax aide les installations d&#039;Atlanta \u00e0 identifier rapidement les probl\u00e8mes \u00e9mergents et \u00e0 planifier les interventions en fonction des p\u00e9riodes de production pr\u00e9vues. Cette approche proactive favorise des op\u00e9rations plus fluides et une planification de la maintenance plus pr\u00e9visible.<\/p>\n<p data-start=\"2239\" data-end=\"2352\">Pour b\u00e9n\u00e9ficier de services complets incluant les r\u00e9parations et les remises \u00e0 neuf, veuillez consulter notre site web. <a class=\"decorated-link cursor-pointer\" target=\"_new\" rel=\"noopener\" data-start=\"2311\" data-end=\"2351\">https:\/\/sentrimax.com\/centrifuge-repair\/<\/a>.<\/p>\n<hr data-start=\"2354\" data-end=\"2357\" \/>\n<h2 data-start=\"2359\" data-end=\"2417\">Services complets de maintenance des centrifugeuses de rendu<\/h2>\n<p data-start=\"2419\" data-end=\"2603\">Sentrimax propose une gamme compl\u00e8te de services de maintenance con\u00e7us pour \u00e9valuer l&#039;\u00e9tat et pr\u00e9server l&#039;int\u00e9grit\u00e9 m\u00e9canique des centrifugeuses d&#039;\u00e9quarrissage. Ses principales prestations de maintenance comprennent\u00a0:<\/p>\n<ul data-start=\"2605\" data-end=\"3042\">\n<li data-start=\"2605\" data-end=\"2671\">\n<p data-start=\"2607\" data-end=\"2671\"><strong data-start=\"2607\" data-end=\"2669\">Inspections m\u00e9caniques planifi\u00e9es et \u00e9valuations de l&#039;\u00e9tat<\/strong><\/p>\n<\/li>\n<li data-start=\"2672\" data-end=\"2719\">\n<p data-start=\"2674\" data-end=\"2719\"><strong data-start=\"2674\" data-end=\"2717\">Analyse des vibrations et surveillance des tendances<\/strong><\/p>\n<\/li>\n<li data-start=\"2720\" data-end=\"2779\">\n<p data-start=\"2722\" data-end=\"2779\"><strong data-start=\"2722\" data-end=\"2777\">Contr\u00f4les de lubrification des roulements et \u00e9valuation de leur \u00e9tat<\/strong><\/p>\n<\/li>\n<li data-start=\"2780\" data-end=\"2828\">\n<p data-start=\"2782\" data-end=\"2828\"><strong data-start=\"2782\" data-end=\"2826\">Planification de l&#039;inspection et du remplacement des joints<\/strong><\/p>\n<\/li>\n<li data-start=\"2829\" data-end=\"2884\">\n<p data-start=\"2831\" data-end=\"2884\"><strong data-start=\"2831\" data-end=\"2882\">Inspection de la bo\u00eete de vitesses et \u00e9valuation de l&#039;\u00e9tat de l&#039;huile<\/strong><\/p>\n<\/li>\n<li data-start=\"2885\" data-end=\"2942\">\n<p data-start=\"2887\" data-end=\"2942\"><strong data-start=\"2887\" data-end=\"2940\">Mesure de l&#039;usure des rouleaux, des convoyeurs et des bols<\/strong><\/p>\n<\/li>\n<li data-start=\"2943\" data-end=\"2991\">\n<p data-start=\"2945\" data-end=\"2991\"><strong data-start=\"2945\" data-end=\"2989\">V\u00e9rification dynamique de l&#039;\u00e9quilibre en cas de besoin<\/strong><\/p>\n<\/li>\n<li data-start=\"2992\" data-end=\"3042\">\n<p data-start=\"2994\" data-end=\"3042\"><strong data-start=\"2994\" data-end=\"3042\">Examen et rapport sur les performances op\u00e9rationnelles<\/strong><\/p>\n<\/li>\n<\/ul>\n<p data-start=\"3044\" data-end=\"3362\">Chaque intervention de maintenance suit des proc\u00e9dures document\u00e9es et personnalis\u00e9es pour garantir le bon fonctionnement de la centrifugeuse et r\u00e9pondre aux exigences du fabricant. Au lieu de se contenter d&#039;inspecter l&#039;usure visible, les techniciens de Sentrimax \u00e9valuent l&#039;ensemble du syst\u00e8me m\u00e9canique afin de d\u00e9tecter les probl\u00e8mes naissants avant qu&#039;ils ne provoquent des pannes catastrophiques.<\/p>\n<hr data-start=\"3364\" data-end=\"3367\" \/>\n<h2 data-start=\"3369\" data-end=\"3431\">Programmes de maintenance pr\u00e9ventive adapt\u00e9s aux charges de rendu<\/h2>\n<p data-start=\"3433\" data-end=\"3738\">La maintenance pr\u00e9ventive est l&#039;un des moyens les plus efficaces de ma\u00eetriser les co\u00fbts du cycle de vie et d&#039;am\u00e9liorer la fiabilit\u00e9 des centrifugeuses d&#039;\u00e9quarrissage. Sentrimax collabore avec les installations d&#039;Atlanta pour concevoir des programmes de maintenance bas\u00e9s sur les heures de fonctionnement r\u00e9elles, les caract\u00e9ristiques de l&#039;alimentation, la charge en solides et l&#039;historique d&#039;usure.<\/p>\n<p data-start=\"3740\" data-end=\"3781\">Les plans de maintenance pr\u00e9ventive peuvent inclure\u00a0:<\/p>\n<ul data-start=\"3783\" data-end=\"4066\">\n<li data-start=\"3783\" data-end=\"3833\">\n<p data-start=\"3785\" data-end=\"3833\">Inspections de routine des \u00e9quipements et entretien m\u00e9nager<\/p>\n<\/li>\n<li data-start=\"3834\" data-end=\"3886\">\n<p data-start=\"3836\" data-end=\"3886\">Analyse des tendances des donn\u00e9es de vibration et de lubrification<\/p>\n<\/li>\n<li data-start=\"3887\" data-end=\"3967\">\n<p data-start=\"3889\" data-end=\"3967\">Remplacement programm\u00e9 des pi\u00e8ces \u00e0 forte usure telles que les joints d&#039;\u00e9tanch\u00e9it\u00e9, les roulements et les chemises.<\/p>\n<\/li>\n<li data-start=\"3968\" data-end=\"4013\">\n<p data-start=\"3970\" data-end=\"4013\">V\u00e9rification de l&#039;alignement et de l&#039;\u00e9quilibrage<\/p>\n<\/li>\n<li data-start=\"4014\" data-end=\"4066\">\n<p data-start=\"4016\" data-end=\"4066\">Rapport d\u00e9taill\u00e9 assorti de recommandations concr\u00e8tes<\/p>\n<\/li>\n<\/ul>\n<p data-start=\"4068\" data-end=\"4238\">En planifiant la maintenance en fonction des donn\u00e9es op\u00e9rationnelles plut\u00f4t que des pannes r\u00e9actives, les installations peuvent r\u00e9duire les r\u00e9parations d&#039;urgence, prolonger la dur\u00e9e de vie des pi\u00e8ces et am\u00e9liorer les performances globales.<\/p>\n<hr data-start=\"4240\" data-end=\"4243\" \/>\n<h2 data-start=\"4245\" data-end=\"4294\">Service apr\u00e8s-vente et expertise sur site \u00e0 Atlanta<\/h2>\n<p data-start=\"4296\" data-end=\"4617\">Sentrimax assure la maintenance sur site dans toute la r\u00e9gion d&#039;Atlanta, permettant ainsi \u00e0 ses techniciens d&#039;observer les \u00e9quipements en conditions r\u00e9elles d&#039;utilisation. Cette observation contextuelle permet une meilleure \u00e9valuation des profils d&#039;usure, des contraintes de fonctionnement et des variables de processus susceptibles de contribuer \u00e0 la d\u00e9gradation des composants.<\/p>\n<p data-start=\"4619\" data-end=\"4910\">L&#039;intervention sur site r\u00e9duit \u00e9galement le besoin de transporter les lourds ensembles de centrifugeuses hors site, diminuant ainsi les co\u00fbts logistiques et les temps d&#039;arr\u00eat. Les techniciens travaillent en collaboration avec le personnel de l&#039;usine pour int\u00e9grer les t\u00e2ches de maintenance aux calendriers de production, garantissant ainsi une interruption minimale des op\u00e9rations.<\/p>\n<hr data-start=\"4912\" data-end=\"4915\" \/>\n<h2 data-start=\"4917\" data-end=\"4967\">Des pi\u00e8ces de qualit\u00e9 pour soutenir la maintenance pr\u00e9ventive<\/h2>\n<p data-start=\"4969\" data-end=\"5279\">L&#039;entretien des centrifugeuses de traitement n\u00e9cessite souvent des pi\u00e8ces de rechange de haute qualit\u00e9 afin de pr\u00e9server leurs performances et d&#039;allonger les intervalles de maintenance. Sentrimax fournit des pi\u00e8ces de qualit\u00e9 \u00e9quivalente \u00e0 celle des pi\u00e8ces d&#039;origine, telles que des roulements, des joints d&#039;\u00e9tanch\u00e9it\u00e9, des rev\u00eatements anti-usure et des composants de convoyeur, conformes aux sp\u00e9cifications d&#039;origine en mati\u00e8re d&#039;ajustement et de durabilit\u00e9.<\/p>\n<p data-start=\"5281\" data-end=\"5559\">L&#039;utilisation de pi\u00e8ces de haute qualit\u00e9 lors de la maintenance pr\u00e9ventive contribue \u00e0 r\u00e9duire les vibrations, \u00e0 prolonger la dur\u00e9e de vie des roulements et \u00e0 pr\u00e9venir les d\u00e9faillances pr\u00e9matur\u00e9es des composants rotatifs. Les \u00e9tablissements souhaitant b\u00e9n\u00e9ficier d&#039;un support en pi\u00e8ces d\u00e9tach\u00e9es pour la planification de la maintenance peuvent obtenir plus d&#039;informations sur [lien manquant]. <a class=\"decorated-link cursor-pointer\" target=\"_new\" rel=\"noopener\" data-start=\"5519\" data-end=\"5558\">https:\/\/sentrimax.com\/centrifuge-parts\/<\/a>.<\/p>\n<hr data-start=\"5561\" data-end=\"5564\" \/>\n<h2 data-start=\"5566\" data-end=\"5616\">Soutien \u00e0 la stabilit\u00e9 op\u00e9rationnelle et \u00e0 la conformit\u00e9<\/h2>\n<p data-start=\"5618\" data-end=\"5934\">Le bon fonctionnement des centrifugeuses de traitement contribue \u00e0 une qualit\u00e9 de production constante, \u00e0 une gestion efficace des solides et \u00e0 la stabilit\u00e9 globale du proc\u00e9d\u00e9. Un entretien diff\u00e9r\u00e9, source de pannes, peut accro\u00eetre les co\u00fbts de traitement des d\u00e9chets, perturber les syst\u00e8mes en aval et compromettre les objectifs internes de qualit\u00e9 ou de conformit\u00e9 r\u00e9glementaire.<\/p>\n<p data-start=\"5936\" data-end=\"6422\">Pour des directives r\u00e9glementaires plus g\u00e9n\u00e9rales relatives au traitement des eaux us\u00e9es, au contr\u00f4le des proc\u00e9d\u00e9s et \u00e0 la gestion des solides, les exploitants peuvent consulter le <strong data-start=\"6065\" data-end=\"6111\">Agence am\u00e9ricaine de protection de l&#039;environnement (EPA)<\/strong> \u00e0 <a class=\"decorated-link cursor-pointer\" target=\"_new\" rel=\"noopener\" data-start=\"6115\" data-end=\"6140\">https:\/\/www.epa.gov\/water<\/a>. Des ressources techniques et des pratiques exemplaires suppl\u00e9mentaires du secteur sont disponibles aupr\u00e8s de <strong data-start=\"6224\" data-end=\"6262\">F\u00e9d\u00e9ration pour l&#039;environnement de l&#039;eau (WEF)<\/strong> \u00e0 <a class=\"decorated-link\" href=\"https:\/\/www.wef.org\/\" target=\"_new\" rel=\"noopener\" data-start=\"6266\" data-end=\"6286\">https:\/\/www.wef.org\/<\/a>, qui donne un aper\u00e7u des technologies de traitement, des attentes environnementales et des indicateurs de performance pertinents pour le traitement des solides.<\/p>\n<hr data-start=\"6424\" data-end=\"6427\" \/>\n<h2 data-start=\"6429\" data-end=\"6471\">Pourquoi les entreprises d&#039;Atlanta choisissent Sentrimax<\/h2>\n<p data-start=\"6473\" data-end=\"6850\">Les op\u00e9rateurs d&#039;Atlanta choisissent Sentrimax pour la maintenance de leurs centrifugeuses en raison de son expertise technique, de sa r\u00e9activit\u00e9 et de son engagement envers la qualit\u00e9. Les techniciens de Sentrimax comprennent les contraintes d&#039;exploitation auxquelles sont soumis les \u00e9quipements de traitement et proposent des services de maintenance con\u00e7us pour d\u00e9tecter les probl\u00e8mes naissants avant qu&#039;ils ne provoquent des pannes impr\u00e9vues.<\/p>\n<p data-start=\"6852\" data-end=\"7197\">Une communication claire et une documentation d\u00e9taill\u00e9e sont essentielles \u00e0 chaque intervention de maintenance. Les installations re\u00e7oivent des rapports complets pr\u00e9sentant les r\u00e9sultats des inspections, les donn\u00e9es de tendances, des recommandations concr\u00e8tes et des projections concernant les besoins futurs en mati\u00e8re de maintenance. Ces informations facilitent la prise de d\u00e9cision et permettent aux \u00e9quipes d&#039;optimiser l&#039;allocation des ressources.<\/p>\n<p data-start=\"7199\" data-end=\"7332\">Pour des services allant au-del\u00e0 de la maintenance et incluant la r\u00e9paration et la remise en \u00e9tat, veuillez consulter <a class=\"decorated-link cursor-pointer\" target=\"_new\" rel=\"noopener\" data-start=\"7287\" data-end=\"7331\">https:\/\/sentrimax.com\/industries\/wastewater\/<\/a>.<\/p>\n<hr data-start=\"7334\" data-end=\"7337\" \/>\n<h2 data-start=\"7339\" data-end=\"7388\">Planification de la maintenance et fiabilit\u00e9 \u00e0 long terme<\/h2>\n<p data-start=\"7390\" data-end=\"7838\">La fiabilit\u00e9 \u00e0 long terme repose sur une planification structur\u00e9e de la maintenance et un suivi proactif de l&#039;\u00e9tat des \u00e9quipements. Sentrimax aide les installations \u00e0 \u00e9tablir des calendriers de maintenance, des journaux de tendances et des indicateurs de performance qui facilitent la prise de d\u00e9cisions strat\u00e9giques. Gr\u00e2ce aux donn\u00e9es issues des activit\u00e9s de maintenance courante \u2013 telles que les tendances vibratoires, l&#039;\u00e9tat de l&#039;huile et les mesures d&#039;usure \u2013 les installations obtiennent une vision claire de l&#039;\u00e9tat de leurs actifs et peuvent anticiper les besoins de maintenance avant toute panne.<\/p>\n<p data-start=\"7840\" data-end=\"7942\">Cette approche fond\u00e9e sur les donn\u00e9es contribue \u00e0 r\u00e9duire le co\u00fbt total de possession et \u00e0 am\u00e9liorer la pr\u00e9visibilit\u00e9 op\u00e9rationnelle.<\/p>\n<hr data-start=\"7944\" data-end=\"7947\" \/>\n<h2 data-start=\"7949\" data-end=\"8006\">Demande de maintenance de centrifugeuse \u00e0 Atlanta, G\u00e9orgie<\/h2>\n<p data-start=\"8008\" data-end=\"8403\">Lorsque l&#039;entretien professionnel de la centrifugeuse de rendu est requis dans <strong data-start=\"8074\" data-end=\"8089\">Atlanta, G\u00e9orgie<\/strong>, Les entreprises font confiance \u00e0 Sentrimax pour son expertise reconnue, son service r\u00e9actif et ses solutions de maintenance con\u00e7ues pour optimiser la disponibilit\u00e9 et prolonger la dur\u00e9e de vie de leurs \u00e9quipements. Qu&#039;il s&#039;agisse de mettre en place un programme de maintenance pr\u00e9ventive ou un service conditionnel, Sentrimax vous garantit des r\u00e9sultats \u00e0 la hauteur de vos objectifs op\u00e9rationnels.<\/p>\n<p data-start=\"8405\" data-end=\"8459\"><strong data-start=\"8405\" data-end=\"8459\"><a class=\"decorated-link\" href=\"https:\/\/sentrimax.com\/fr\/contact\/\" target=\"_new\" rel=\"noopener\" data-start=\"8407\" data-end=\"8457\">Demandez un devis !<\/a><\/strong><\/p>","protected":false},"excerpt":{"rendered":"<p>Sentrimax provides professional rendering centrifuge maintenance services for industrial processors, rendering plants, and wastewater facilities throughout Atlanta, Georgia. Rendering centrifuges are essential machines for separating fats, oils, solids, and liquids within byproduct streams produced by food processing and animal rendering operations. These machines operate in demanding conditions\u2014high temperatures, viscous loads, and abrasive solids\u2014that put continuous [&hellip;]<\/p>\n","protected":false},"author":3,"featured_media":0,"parent":0,"menu_order":0,"comment_status":"closed","ping_status":"closed","template":"seo-page-template.php","meta":{"_acf_changed":false,"inline_featured_image":false,"footnotes":""},"class_list":["post-2319","page","type-page","status-publish","hentry"],"acf":[],"_links":{"self":[{"href":"https:\/\/sentrimax.com\/fr\/wp-json\/wp\/v2\/pages\/2319","targetHints":{"allow":["GET"]}}],"collection":[{"href":"https:\/\/sentrimax.com\/fr\/wp-json\/wp\/v2\/pages"}],"about":[{"href":"https:\/\/sentrimax.com\/fr\/wp-json\/wp\/v2\/types\/page"}],"author":[{"embeddable":true,"href":"https:\/\/sentrimax.com\/fr\/wp-json\/wp\/v2\/users\/3"}],"replies":[{"embeddable":true,"href":"https:\/\/sentrimax.com\/fr\/wp-json\/wp\/v2\/comments?post=2319"}],"version-history":[{"count":1,"href":"https:\/\/sentrimax.com\/fr\/wp-json\/wp\/v2\/pages\/2319\/revisions"}],"predecessor-version":[{"id":2508,"href":"https:\/\/sentrimax.com\/fr\/wp-json\/wp\/v2\/pages\/2319\/revisions\/2508"}],"wp:attachment":[{"href":"https:\/\/sentrimax.com\/fr\/wp-json\/wp\/v2\/media?parent=2319"}],"curies":[{"name":"wp","href":"https:\/\/api.w.org\/{rel}","templated":true}]}}