{"id":2320,"date":"2026-01-07T17:14:20","date_gmt":"2026-01-07T17:14:20","guid":{"rendered":"https:\/\/sentrimax.com\/?page_id=2320"},"modified":"2026-04-21T21:14:19","modified_gmt":"2026-04-21T21:14:19","slug":"rendering-centrifuge-service-in-minneapolis-mn","status":"publish","type":"page","link":"https:\/\/sentrimax.com\/fr\/rendering-centrifuge-service-in-minneapolis-mn\/","title":{"rendered":"Service de centrifugation \u00e0 Minneapolis, Minnesota"},"content":{"rendered":"<p data-start=\"310\" data-end=\"921\"><img fetchpriority=\"high\" decoding=\"async\" class=\"aligncenter size-full wp-image-2204\" src=\"https:\/\/sentrimax.com\/wp-content\/uploads\/2025\/10\/Sentrimax-PM95000-scaled-e1761191933425.jpg\" alt=\"centrifuge 40&quot; sharples rental\" width=\"1000\" height=\"718\" \/><\/p>\n<p data-start=\"310\" data-end=\"921\">Sentrimax propose un service professionnel de centrifugation pour les transformateurs industriels, les usines d&#039;\u00e9quarrissage et les stations d&#039;\u00e9puration des eaux us\u00e9es dans toute la r\u00e9gion. <strong data-start=\"453\" data-end=\"479\">Minneapolis, Minnesota<\/strong>. Les centrifugeuses d&#039;\u00e9quarrissage sont des \u00e9quipements essentiels pour la s\u00e9paration des solides, graisses, huiles et liquides dans les environnements exigeants rencontr\u00e9s lors de la transformation des sous-produits animaux et de la manutention des d\u00e9chets industriels. En cas de vibrations, d&#039;usure, de baisse de performance ou de panne m\u00e9canique, une intervention rapide de techniciens qualifi\u00e9s est indispensable pour pr\u00e9server la productivit\u00e9, minimiser les temps d&#039;arr\u00eat co\u00fbteux et optimiser la fiabilit\u00e9 globale des \u00e9quipements.<\/p>\n<p data-start=\"923\" data-end=\"1399\">Fort d&#039;une exp\u00e9rience de plusieurs d\u00e9cennies dans la maintenance d&#039;\u00e9quipements de s\u00e9paration \u00e0 grande vitesse, <strong data-start=\"993\" data-end=\"1006\">Sentrimax<\/strong> Sentrimax propose des diagnostics approfondis, des r\u00e9parations m\u00e9caniques de pr\u00e9cision, une planification de la maintenance pr\u00e9ventive et des solutions de remise \u00e0 neuf compl\u00e8tes, adapt\u00e9es aux conditions rigoureuses rencontr\u00e9es dans les applications de traitement des d\u00e9chets. Qu&#039;il s&#039;agisse de r\u00e9pondre \u00e0 un besoin urgent ou de planifier la maintenance \u00e0 long terme, Sentrimax aide les installations de Minneapolis \u00e0 r\u00e9tablir leurs performances, \u00e0 am\u00e9liorer leur disponibilit\u00e9 et \u00e0 prolonger la dur\u00e9e de vie de leurs \u00e9quipements critiques.<\/p>\n<hr data-start=\"1401\" data-end=\"1404\" \/>\n<h2 data-start=\"1406\" data-end=\"1459\">Soutien aux op\u00e9rations de rendu dans tout Minneapolis<\/h2>\n<p data-start=\"1461\" data-end=\"2177\">Centrifugations de rendu fonctionnant dans le <strong data-start=\"1500\" data-end=\"1533\">r\u00e9gion m\u00e9tropolitaine de Minneapolis<\/strong> Les \u00e9quipements de traitement industriel sont soumis \u00e0 des conditions de service parmi les plus exigeantes. Temp\u00e9ratures \u00e9lev\u00e9es, particules abrasives, boues visqueuses et riches en mati\u00e8res grasses, et cycles de fonctionnement continus contribuent aux contraintes m\u00e9caniques exerc\u00e9es sur les roulements, les joints d&#039;\u00e9tanch\u00e9it\u00e9, les composants \u00e0 spirale, les convoyeurs et les r\u00e9ducteurs. Ces contraintes peuvent engendrer des vibrations, des fuites d&#039;\u00e9tanch\u00e9it\u00e9, une usure des roulements, des d\u00e9s\u00e9quilibres et une baisse de l&#039;efficacit\u00e9 de s\u00e9paration si elles ne sont pas prises en charge rapidement. Sentrimax propose un service d&#039;intervention sur site r\u00e9actif permettant \u00e0 ses techniciens d&#039;\u00e9valuer les \u00e9quipements en conditions r\u00e9elles d&#039;utilisation, de diagnostiquer les probl\u00e8mes et de mettre en \u0153uvre des solutions de r\u00e9paration conformes aux exigences de production et aux protocoles de s\u00e9curit\u00e9.<\/p>\n<p data-start=\"2179\" data-end=\"2299\">Pour des services plus complets couvrant tous les types de centrifugeuses et tous les secteurs d&#039;activit\u00e9, veuillez consulter notre site web. <a class=\"decorated-link cursor-pointer\" target=\"_new\" rel=\"noopener\" data-start=\"2258\" data-end=\"2298\">https:\/\/sentrimax.com\/centrifuge-repair\/<\/a>.<\/p>\n<hr data-start=\"2301\" data-end=\"2304\" \/>\n<h2 data-start=\"2306\" data-end=\"2362\">Pourquoi un service de centrifugation professionnel est important<\/h2>\n<p data-start=\"2364\" data-end=\"2911\">Les centrifugeuses de traitement du minerai sont des syst\u00e8mes rotatifs complexes, caract\u00e9ris\u00e9s par des tol\u00e9rances m\u00e9caniques strictes et un fonctionnement \u00e0 grande vitesse. Des r\u00e9parations inad\u00e9quates ou des diagnostics partiels peuvent ne pas permettre d&#039;identifier les causes profondes des pannes, telles que les d\u00e9fauts d&#039;alignement, les d\u00e9faillances de lubrification, les d\u00e9s\u00e9quilibres et l&#039;usure, entra\u00eenant des probl\u00e8mes r\u00e9currents, une dur\u00e9e de vie r\u00e9duite et des arr\u00eats de production fr\u00e9quents. Les techniciens de Sentrimax suivent des proc\u00e9dures document\u00e9es et les meilleures pratiques du secteur afin de garantir que les r\u00e9parations prennent en compte \u00e0 la fois les d\u00e9faillances visibles et les causes m\u00e9caniques sous-jacentes, am\u00e9liorant ainsi la fiabilit\u00e9 et les performances globales.<\/p>\n<hr data-start=\"2913\" data-end=\"2916\" \/>\n<h2 data-start=\"2918\" data-end=\"2973\">Offre compl\u00e8te de services de centrifugation pour le rendu<\/h2>\n<p data-start=\"2975\" data-end=\"3137\">Sentrimax propose une gamme compl\u00e8te de solutions de service pour centrifugeuses de traitement des d\u00e9chets, con\u00e7ues pour accompagner les op\u00e9rateurs de Minneapolis \u00e0 toutes les \u00e9tapes de la maintenance et de la r\u00e9paration\u00a0:<\/p>\n<ul data-start=\"3139\" data-end=\"3653\">\n<li data-start=\"3139\" data-end=\"3202\">\n<p data-start=\"3141\" data-end=\"3202\"><strong data-start=\"3141\" data-end=\"3200\">Inspection m\u00e9canique et \u00e9valuation d\u00e9taill\u00e9e de l&#039;\u00e9tat<\/strong><\/p>\n<\/li>\n<li data-start=\"3203\" data-end=\"3254\">\n<p data-start=\"3205\" data-end=\"3254\"><strong data-start=\"3205\" data-end=\"3252\">Diagnostic des d\u00e9faillances et analyse des causes profondes<\/strong><\/p>\n<\/li>\n<li data-start=\"3255\" data-end=\"3316\">\n<p data-start=\"3257\" data-end=\"3316\"><strong data-start=\"3257\" data-end=\"3314\">D\u00e9pose, remplacement et alignement de pr\u00e9cision des roulements<\/strong><\/p>\n<\/li>\n<li data-start=\"3317\" data-end=\"3381\">\n<p data-start=\"3319\" data-end=\"3381\"><strong data-start=\"3319\" data-end=\"3379\">Service ou remplacement de bols, de spirales, de convoyeurs et de vis<\/strong><\/p>\n<\/li>\n<li data-start=\"3382\" data-end=\"3442\">\n<p data-start=\"3384\" data-end=\"3442\"><strong data-start=\"3384\" data-end=\"3440\">Inspection, r\u00e9fection et v\u00e9rification du couple de la bo\u00eete de vitesses<\/strong><\/p>\n<\/li>\n<li data-start=\"3443\" data-end=\"3486\">\n<p data-start=\"3445\" data-end=\"3486\"><strong data-start=\"3445\" data-end=\"3484\">\u00c9quilibrage dynamique selon les tol\u00e9rances du constructeur<\/strong><\/p>\n<\/li>\n<li data-start=\"3487\" data-end=\"3544\">\n<p data-start=\"3489\" data-end=\"3544\"><strong data-start=\"3489\" data-end=\"3542\">Am\u00e9liorations du remplacement des joints et de la protection contre l&#039;usure<\/strong><\/p>\n<\/li>\n<li data-start=\"3545\" data-end=\"3604\">\n<p data-start=\"3547\" data-end=\"3604\"><strong data-start=\"3547\" data-end=\"3602\">Assistance au d\u00e9pannage des syst\u00e8mes de contr\u00f4le et d&#039;instrumentation<\/strong><\/p>\n<\/li>\n<li data-start=\"3605\" data-end=\"3653\">\n<p data-start=\"3607\" data-end=\"3653\"><strong data-start=\"3607\" data-end=\"3653\">Tests de performance et assistance au d\u00e9marrage<\/strong><\/p>\n<\/li>\n<\/ul>\n<p data-start=\"3655\" data-end=\"3938\">Chaque intervention suit des proc\u00e9dures document\u00e9es, conformes aux normes des \u00e9quipementiers et aux meilleures pratiques du secteur. Nos techniciens analysent l&#039;ensemble du syst\u00e8me m\u00e9canique \u2013 et pas seulement les sympt\u00f4mes visibles \u2013 afin de proposer des solutions durables qui am\u00e9liorent la fiabilit\u00e9 d&#039;utilisation et r\u00e9duisent les pannes r\u00e9currentes.<\/p>\n<hr data-start=\"3940\" data-end=\"3943\" \/>\n<h2 data-start=\"3945\" data-end=\"3993\">Service sur le terrain et intervention rapide au Minnesota<\/h2>\n<p data-start=\"3995\" data-end=\"4324\">Les pannes impr\u00e9vues des centrifugeuses de traitement peuvent perturber les calendriers de production, mettre \u00e0 rude \u00e9preuve les ressources de maintenance et augmenter les co\u00fbts d&#039;exploitation. Sentrimax assure un service d&#039;intervention rapide sur site dans toute la r\u00e9gion de Minneapolis, en d\u00e9p\u00eache des techniciens qualifi\u00e9s \u00e9quip\u00e9s d&#039;outils de diagnostic de pointe directement chez ses clients.<\/p>\n<p data-start=\"4326\" data-end=\"4384\">L&#039;intervention sur site offre des avantages op\u00e9rationnels cl\u00e9s\u00a0:<\/p>\n<ul data-start=\"4386\" data-end=\"4638\">\n<li data-start=\"4386\" data-end=\"4456\">\n<p data-start=\"4388\" data-end=\"4456\">\u00c9valuation de l&#039;\u00e9tat de la centrifugeuse dans les conditions de proc\u00e9d\u00e9 r\u00e9elles<\/p>\n<\/li>\n<li data-start=\"4457\" data-end=\"4508\">\n<p data-start=\"4459\" data-end=\"4508\">D\u00e9pannage imm\u00e9diat et mesures correctives<\/p>\n<\/li>\n<li data-start=\"4509\" data-end=\"4556\">\n<p data-start=\"4511\" data-end=\"4556\">Besoin r\u00e9duit de transport d&#039;\u00e9quipements co\u00fbteux<\/p>\n<\/li>\n<li data-start=\"4557\" data-end=\"4638\">\n<p data-start=\"4559\" data-end=\"4638\">Coordination avec le personnel de l&#039;usine pour aligner le service sur les calendriers de production<\/p>\n<\/li>\n<\/ul>\n<p data-start=\"4640\" data-end=\"4799\">Les techniciens de terrain travaillent en collaboration avec les \u00e9quipes d&#039;exploitation et de maintenance afin de minimiser les temps d&#039;arr\u00eat et de remettre les \u00e9quipements en service de mani\u00e8re fiable le plus rapidement possible.<\/p>\n<hr data-start=\"4801\" data-end=\"4804\" \/>\n<h2 data-start=\"4806\" data-end=\"4848\">Pi\u00e8ces de haute qualit\u00e9 pour des r\u00e9parations fiables<\/h2>\n<p data-start=\"4850\" data-end=\"5032\">Le succ\u00e8s de toute intervention de maintenance d\u00e9pend de la qualit\u00e9 des pi\u00e8ces de rechange utilis\u00e9es. Sentrimax fournit des pi\u00e8ces de qualit\u00e9 \u00e9quivalente \u00e0 celle des pi\u00e8ces d&#039;origine pour les centrifugeuses de d\u00e9cantation, notamment\u00a0:<\/p>\n<ul data-start=\"5034\" data-end=\"5239\">\n<li data-start=\"5034\" data-end=\"5069\">\n<p data-start=\"5036\" data-end=\"5069\">Roulements et ensembles de roulements<\/p>\n<\/li>\n<li data-start=\"5070\" data-end=\"5091\">\n<p data-start=\"5072\" data-end=\"5091\">Joints et garnitures<\/p>\n<\/li>\n<li data-start=\"5092\" data-end=\"5139\">\n<p data-start=\"5094\" data-end=\"5139\">Rev\u00eatements d&#039;usure, rouleaux et \u00e9l\u00e9ments de convoyeur<\/p>\n<\/li>\n<li data-start=\"5140\" data-end=\"5162\">\n<p data-start=\"5142\" data-end=\"5162\">Composants de bo\u00eete de vitesses<\/p>\n<\/li>\n<li data-start=\"5163\" data-end=\"5201\">\n<p data-start=\"5165\" data-end=\"5201\">Bol, moyeu et ensembles rotatifs<\/p>\n<\/li>\n<li data-start=\"5202\" data-end=\"5239\">\n<p data-start=\"5204\" data-end=\"5239\">Kits de fixation et de quincaillerie de service<\/p>\n<\/li>\n<\/ul>\n<p data-start=\"5241\" data-end=\"5416\">Avant leur installation, toutes les pi\u00e8ces sont inspect\u00e9es afin de v\u00e9rifier leur pr\u00e9cision dimensionnelle, l&#039;int\u00e9grit\u00e9 des mat\u00e9riaux et leur compatibilit\u00e9, garantissant ainsi des performances fiables m\u00eame dans des environnements de rendu difficiles.<\/p>\n<p data-start=\"5418\" data-end=\"5520\">Pour plus d&#039;informations sur les pi\u00e8ces de rechange disponibles, consultez <a class=\"decorated-link cursor-pointer\" target=\"_new\" rel=\"noopener\" data-start=\"5480\" data-end=\"5519\">https:\/\/sentrimax.com\/centrifuge-parts\/<\/a>.<\/p>\n<hr data-start=\"5522\" data-end=\"5525\" \/>\n<h2 data-start=\"5527\" data-end=\"5578\">Services de reconstruction compl\u00e8te pour une dur\u00e9e de vie maximale<\/h2>\n<p data-start=\"5580\" data-end=\"5777\">Pour les centrifugeuses pr\u00e9sentant une usure importante ou approchant de leur fin de vie, Sentrimax propose des services de remise \u00e0 neuf complets qui leur redonnent un \u00e9tat quasi neuf. Les projets de remise \u00e0 neuf comprennent g\u00e9n\u00e9ralement\u00a0:<\/p>\n<ul data-start=\"5779\" data-end=\"6034\">\n<li data-start=\"5779\" data-end=\"5816\">\n<p data-start=\"5781\" data-end=\"5816\">D\u00e9montage et nettoyage complets<\/p>\n<\/li>\n<li data-start=\"5817\" data-end=\"5870\">\n<p data-start=\"5819\" data-end=\"5870\">Inspection et r\u00e9tablissement des tol\u00e9rances critiques<\/p>\n<\/li>\n<li data-start=\"5871\" data-end=\"5905\">\n<p data-start=\"5873\" data-end=\"5905\">Remplacement des composants us\u00e9s<\/p>\n<\/li>\n<li data-start=\"5906\" data-end=\"5949\">\n<p data-start=\"5908\" data-end=\"5949\">Usinage de pr\u00e9cision pour un ajustement et un \u00e9quilibre parfaits<\/p>\n<\/li>\n<li data-start=\"5950\" data-end=\"5994\">\n<p data-start=\"5952\" data-end=\"5994\">\u00c9quilibrage dynamique des ensembles rotatifs<\/p>\n<\/li>\n<li data-start=\"5995\" data-end=\"6034\">\n<p data-start=\"5997\" data-end=\"6034\">R\u00e9assemblage et validation des performances<\/p>\n<\/li>\n<\/ul>\n<p data-start=\"6036\" data-end=\"6191\">Les reconstructions sont coordonn\u00e9es avec le personnel de l&#039;installation afin de co\u00efncider avec les arr\u00eats planifi\u00e9s et de minimiser les perturbations de la production tout en maximisant la dur\u00e9e de vie du service.<\/p>\n<hr data-start=\"6193\" data-end=\"6196\" \/>\n<h2 data-start=\"6198\" data-end=\"6249\">Maintenance pr\u00e9ventive pour une fiabilit\u00e9 \u00e0 long terme<\/h2>\n<p data-start=\"6251\" data-end=\"6530\">Les r\u00e9parations r\u00e9actives sont co\u00fbteuses, tant en pi\u00e8ces d\u00e9tach\u00e9es qu&#039;en pertes de production. La maintenance pr\u00e9ventive permet aux installations de d\u00e9tecter les premiers signes d&#039;usure et de r\u00e9soudre les probl\u00e8mes avant qu&#039;ils ne d\u00e9g\u00e9n\u00e8rent en pannes. Sentrimax collabore avec les exploitants de Minneapolis pour \u00e9laborer des plans de maintenance pr\u00e9ventive pouvant inclure\u00a0:<\/p>\n<ul data-start=\"6532\" data-end=\"6849\">\n<li data-start=\"6532\" data-end=\"6589\">\n<p data-start=\"6534\" data-end=\"6589\">Inspections m\u00e9caniques de routine et suivi de l&#039;\u00e9tat<\/p>\n<\/li>\n<li data-start=\"6590\" data-end=\"6633\">\n<p data-start=\"6592\" data-end=\"6633\">Analyse des vibrations et surveillance des tendances<\/p>\n<\/li>\n<li data-start=\"6634\" data-end=\"6687\">\n<p data-start=\"6636\" data-end=\"6687\">Pr\u00e9l\u00e8vement d&#039;\u00e9chantillons d&#039;huile et \u00e9valuation de l&#039;\u00e9tat de la lubrification<\/p>\n<\/li>\n<li data-start=\"6688\" data-end=\"6752\">\n<p data-start=\"6690\" data-end=\"6752\">Mesure de l&#039;usure des roulements, des joints d&#039;\u00e9tanch\u00e9it\u00e9 et des composants critiques<\/p>\n<\/li>\n<li data-start=\"6753\" data-end=\"6797\">\n<p data-start=\"6755\" data-end=\"6797\">Remplacement programm\u00e9 des pi\u00e8ces \u00e0 forte usure<\/p>\n<\/li>\n<li data-start=\"6798\" data-end=\"6849\">\n<p data-start=\"6800\" data-end=\"6849\">Contr\u00f4les d&#039;alignement et v\u00e9rification dynamique de l&#039;\u00e9quilibre<\/p>\n<\/li>\n<\/ul>\n<p data-start=\"6851\" data-end=\"7093\">En planifiant les interventions en fonction des tendances op\u00e9rationnelles, les installations peuvent am\u00e9liorer leur disponibilit\u00e9, r\u00e9duire les r\u00e9parations d&#039;urgence et optimiser leurs budgets de maintenance. Sentrimax propose \u00e9galement des contrats de service structur\u00e9s garantissant une intervention prioritaire et un accompagnement \u00e0 long terme.<\/p>\n<hr data-start=\"7095\" data-end=\"7098\" \/>\n<h2 data-start=\"7100\" data-end=\"7150\">Soutien \u00e0 la stabilit\u00e9 op\u00e9rationnelle et \u00e0 la conformit\u00e9<\/h2>\n<p data-start=\"7152\" data-end=\"7498\">Les performances des centrifugeuses ont un impact sur la qualit\u00e9 de la production, l&#039;efficacit\u00e9 du traitement des solides et la stabilit\u00e9 op\u00e9rationnelle. Des performances m\u00e9diocres peuvent augmenter les volumes de d\u00e9chets trait\u00e9s, surcharger les \u00e9quipements en aval et affecter les r\u00e9sultats des proc\u00e9d\u00e9s cl\u00e9s. Un entretien r\u00e9gulier permet aux installations de maintenir des performances de s\u00e9paration stables et une pr\u00e9visibilit\u00e9 op\u00e9rationnelle optimale.<\/p>\n<p data-start=\"7500\" data-end=\"8011\">Pour un contexte r\u00e9glementaire plus large relatif aux interactions entre la gestion des eaux us\u00e9es et des mati\u00e8res solides, les exploitants peuvent se r\u00e9f\u00e9rer aux directives de <strong data-start=\"7630\" data-end=\"7676\">Agence am\u00e9ricaine de protection de l&#039;environnement (EPA)<\/strong> \u00e0 <a class=\"decorated-link cursor-pointer\" target=\"_new\" rel=\"noopener\" data-start=\"7680\" data-end=\"7705\">https:\/\/www.epa.gov\/water<\/a>, qui fournit des informations faisant autorit\u00e9 sur les cadres environnementaux. Des informations suppl\u00e9mentaires sur l&#039;industrie et les meilleures pratiques op\u00e9rationnelles sont disponibles aupr\u00e8s de <strong data-start=\"7859\" data-end=\"7897\">F\u00e9d\u00e9ration pour l&#039;environnement de l&#039;eau (WEF)<\/strong> \u00e0 <a class=\"decorated-link\" href=\"https:\/\/www.wef.org\/\" target=\"_new\" rel=\"noopener\" data-start=\"7901\" data-end=\"7921\">https:\/\/www.wef.org\/<\/a>, offrant des ressources pertinentes pour la planification des proc\u00e9d\u00e9s de s\u00e9paration et les consid\u00e9rations relatives au traitement.<\/p>\n<hr data-start=\"8013\" data-end=\"8016\" \/>\n<h2 data-start=\"8018\" data-end=\"8064\">Pourquoi les installations de Minneapolis choisissent Sentrimax<\/h2>\n<p data-start=\"8066\" data-end=\"8398\">\u00c0 Minneapolis, les op\u00e9rateurs choisissent Sentrimax pour la maintenance de leurs centrifugeuses en raison de son expertise technique pointue, de son assistance technique r\u00e9active et de son engagement envers des r\u00e9sultats de qualit\u00e9. Les techniciens de Sentrimax allient connaissances m\u00e9caniques et exp\u00e9rience pratique sur le terrain pour diagnostiquer les probl\u00e8mes complexes, effectuer des r\u00e9parations efficaces et prot\u00e9ger les \u00e9quipements critiques.<\/p>\n<p data-start=\"8400\" data-end=\"8776\">Une communication claire et une documentation d\u00e9taill\u00e9e sont essentielles \u00e0 chaque intervention. Les installations re\u00e7oivent des rapports complets pr\u00e9sentant les r\u00e9sultats du diagnostic, les actions correctives entreprises, les composants remplac\u00e9s et des recommandations pour la planification de la maintenance pr\u00e9ventive. Ces informations permettent aux \u00e9quipes d&#039;exploitation de prendre des d\u00e9cisions \u00e9clair\u00e9es et d&#039;affiner leurs strat\u00e9gies de maintenance \u00e0 long terme.<\/p>\n<p data-start=\"8778\" data-end=\"8883\">Pour obtenir des informations sur l&#039;expertise en mati\u00e8re de traitement des eaux us\u00e9es et des mati\u00e8res solides, consultez <a class=\"decorated-link cursor-pointer\" target=\"_new\" rel=\"noopener\" data-start=\"8838\" data-end=\"8882\">https:\/\/sentrimax.com\/industries\/wastewater\/<\/a>.<\/p>\n<hr data-start=\"8885\" data-end=\"8888\" \/>\n<h2 data-start=\"8890\" data-end=\"8938\">Assistance compl\u00e8te, de l&#039;inspection \u00e0 la mise en service<\/h2>\n<p data-start=\"8940\" data-end=\"9011\">Le mod\u00e8le de service de Sentrimax s&#039;\u00e9tend au-del\u00e0 des r\u00e9parations m\u00e9caniques et comprend\u00a0:<\/p>\n<ul data-start=\"9013\" data-end=\"9246\">\n<li data-start=\"9013\" data-end=\"9059\">\n<p data-start=\"9015\" data-end=\"9059\">Coordination du gr\u00e9age et du retrait du mat\u00e9riel<\/p>\n<\/li>\n<li data-start=\"9060\" data-end=\"9112\">\n<p data-start=\"9062\" data-end=\"9112\">v\u00e9rification de l&#039;alignement et des dimensions<\/p>\n<\/li>\n<li data-start=\"9113\" data-end=\"9162\">\n<p data-start=\"9115\" data-end=\"9162\">Assistance \u00e0 la r\u00e9installation et \u00e0 l&#039;\u00e9talonnage du syst\u00e8me<\/p>\n<\/li>\n<li data-start=\"9163\" data-end=\"9208\">\n<p data-start=\"9165\" data-end=\"9208\">Assistance au d\u00e9marrage et mise au point op\u00e9rationnelle<\/p>\n<\/li>\n<li data-start=\"9209\" data-end=\"9246\">\n<p data-start=\"9211\" data-end=\"9246\">\u00c9valuation des performances apr\u00e8s la prestation de services<\/p>\n<\/li>\n<\/ul>\n<p data-start=\"9248\" data-end=\"9371\">Cette approche globale garantit que les centrifugeuses de rendu reprennent du service de mani\u00e8re fiable et conform\u00e9ment aux sp\u00e9cifications de conception.<\/p>\n<hr data-start=\"9373\" data-end=\"9376\" \/>\n<h2 data-start=\"9378\" data-end=\"9434\">Am\u00e9lioration continue gr\u00e2ce au suivi des performances<\/h2>\n<p data-start=\"9436\" data-end=\"9740\">La fiabilit\u00e9 \u00e0 long terme repose sur des strat\u00e9gies de maintenance bas\u00e9es sur les donn\u00e9es. Sentrimax accompagne les installations dans le suivi des indicateurs cl\u00e9s de performance (tels que les tendances vibratoires, les profils de couple et les sch\u00e9mas d&#039;usure) afin d&#039;anticiper les besoins de maintenance, d&#039;optimiser la planification et de r\u00e9duire le co\u00fbt total de possession.<\/p>\n<hr data-start=\"9742\" data-end=\"9745\" \/>\n<h2 data-start=\"9747\" data-end=\"9804\">Demande de service de centrifugation \u00e0 Minneapolis, Minnesota<\/h2>\n<p data-start=\"9806\" data-end=\"10188\">Lorsque des services professionnels de centrifugation sont n\u00e9cessaires <strong data-start=\"9866\" data-end=\"9885\">Minneapolis, Minnesota<\/strong>, Les entreprises du secteur font confiance \u00e0 Sentrimax pour son expertise reconnue, son assistance r\u00e9active et ses r\u00e9sultats professionnels. Qu&#039;il s&#039;agisse de r\u00e9soudre des pannes urgentes, de planifier la maintenance pr\u00e9ventive ou de proc\u00e9der \u00e0 des remises \u00e0 neuf compl\u00e8tes, Sentrimax propose des solutions con\u00e7ues pour garantir le fonctionnement fiable et efficace de vos centrifugeuses.<\/p>\n<p data-start=\"10190\" data-end=\"10244\"><strong data-start=\"10190\" data-end=\"10244\"><a class=\"decorated-link\" href=\"https:\/\/sentrimax.com\/fr\/contact\/\" target=\"_new\" rel=\"noopener\" data-start=\"10192\" data-end=\"10242\">Demandez un devis !<\/a><\/strong><\/p>","protected":false},"excerpt":{"rendered":"<p>Sentrimax provides professional rendering centrifuge service for industrial processors, rendering plants, and wastewater operations throughout Minneapolis, Minnesota. Rendering centrifuges are crucial pieces of machinery used to separate solids, fats, oils, and liquids in demanding environments found in animal byproduct processing and industrial solids handling. When these machines experience vibration, wear, reduced performance, or mechanical failure, [&hellip;]<\/p>\n","protected":false},"author":3,"featured_media":0,"parent":0,"menu_order":0,"comment_status":"closed","ping_status":"closed","template":"seo-page-template.php","meta":{"_acf_changed":false,"inline_featured_image":false,"footnotes":""},"class_list":["post-2320","page","type-page","status-publish","hentry"],"acf":[],"_links":{"self":[{"href":"https:\/\/sentrimax.com\/fr\/wp-json\/wp\/v2\/pages\/2320","targetHints":{"allow":["GET"]}}],"collection":[{"href":"https:\/\/sentrimax.com\/fr\/wp-json\/wp\/v2\/pages"}],"about":[{"href":"https:\/\/sentrimax.com\/fr\/wp-json\/wp\/v2\/types\/page"}],"author":[{"embeddable":true,"href":"https:\/\/sentrimax.com\/fr\/wp-json\/wp\/v2\/users\/3"}],"replies":[{"embeddable":true,"href":"https:\/\/sentrimax.com\/fr\/wp-json\/wp\/v2\/comments?post=2320"}],"version-history":[{"count":1,"href":"https:\/\/sentrimax.com\/fr\/wp-json\/wp\/v2\/pages\/2320\/revisions"}],"predecessor-version":[{"id":2507,"href":"https:\/\/sentrimax.com\/fr\/wp-json\/wp\/v2\/pages\/2320\/revisions\/2507"}],"wp:attachment":[{"href":"https:\/\/sentrimax.com\/fr\/wp-json\/wp\/v2\/media?parent=2320"}],"curies":[{"name":"wp","href":"https:\/\/api.w.org\/{rel}","templated":true}]}}