{"id":2321,"date":"2026-01-07T17:16:11","date_gmt":"2026-01-07T17:16:11","guid":{"rendered":"https:\/\/sentrimax.com\/?page_id=2321"},"modified":"2026-04-21T21:14:19","modified_gmt":"2026-04-21T21:14:19","slug":"rendering-centrifuge-repair-in-kansas-city-mo","status":"publish","type":"page","link":"https:\/\/sentrimax.com\/fr\/rendering-centrifuge-repair-in-kansas-city-mo\/","title":{"rendered":"R\u00e9paration de centrifugeuses \u00e0 Kansas City, Missouri"},"content":{"rendered":"<p data-start=\"312\" data-end=\"884\"><img fetchpriority=\"high\" decoding=\"async\" class=\"aligncenter size-full wp-image-2173\" src=\"https:\/\/sentrimax.com\/wp-content\/uploads\/2025\/07\/c1a73b_f3521b6db4d34f23972aa5e5d7ed0489mv2.png\" alt=\"\" width=\"980\" height=\"551\" srcset=\"https:\/\/sentrimax.com\/wp-content\/uploads\/2025\/07\/c1a73b_f3521b6db4d34f23972aa5e5d7ed0489mv2.png 980w, https:\/\/sentrimax.com\/wp-content\/uploads\/2025\/07\/c1a73b_f3521b6db4d34f23972aa5e5d7ed0489mv2-300x169.png 300w, https:\/\/sentrimax.com\/wp-content\/uploads\/2025\/07\/c1a73b_f3521b6db4d34f23972aa5e5d7ed0489mv2-768x432.png 768w, https:\/\/sentrimax.com\/wp-content\/uploads\/2025\/07\/c1a73b_f3521b6db4d34f23972aa5e5d7ed0489mv2-18x10.png 18w, https:\/\/sentrimax.com\/wp-content\/uploads\/2025\/07\/c1a73b_f3521b6db4d34f23972aa5e5d7ed0489mv2-600x337.png 600w\" sizes=\"(max-width: 980px) 100vw, 980px\" \/><\/p>\n<p data-start=\"312\" data-end=\"884\">Sentrimax propose des services professionnels de r\u00e9paration de centrifugeuses pour les usines d&#039;\u00e9quarrissage, les transformateurs industriels et les stations d&#039;\u00e9puration des eaux us\u00e9es dans toute la r\u00e9gion. <strong data-start=\"463\" data-end=\"488\">Kansas City, Missouri<\/strong>. Les centrifugeuses de traitement sont des machines essentielles \u00e0 la transformation des sous-produits, permettant la s\u00e9paration des graisses, des huiles, des solides et des liquides dans des conditions de temp\u00e9rature et de charge \u00e9lev\u00e9es. En cas de vibrations, de d\u00e9faillance des roulements, de fuite d&#039;\u00e9tanch\u00e9it\u00e9 ou de baisse d&#039;efficacit\u00e9 de s\u00e9paration, une r\u00e9paration rapide et effectu\u00e9e par des experts est cruciale pour garantir la continuit\u00e9 de la production, r\u00e9duire les co\u00fbts de maintenance et minimiser les arr\u00eats de production co\u00fbteux.<\/p>\n<p data-start=\"886\" data-end=\"1314\">Fort d&#039;une exp\u00e9rience de plusieurs d\u00e9cennies dans la maintenance d&#039;\u00e9quipements de s\u00e9paration \u00e0 grande vitesse, <strong data-start=\"956\" data-end=\"969\">Sentrimax<\/strong> Sentrimax propose des diagnostics complets, des r\u00e9parations m\u00e9caniques de pr\u00e9cision, une planification de la maintenance pr\u00e9ventive et des solutions de remise \u00e0 neuf con\u00e7ues pour restaurer les performances et prolonger la dur\u00e9e de vie des \u00e9quipements. Qu&#039;il s&#039;agisse d&#039;une intervention d&#039;urgence ou de la r\u00e9alisation d&#039;une maintenance planifi\u00e9e, Sentrimax aide les installations de Kansas City \u00e0 garantir le fonctionnement fiable de leurs centrifugeuses d&#039;\u00e9quarrissage.<\/p>\n<hr data-start=\"1316\" data-end=\"1319\" \/>\n<h2 data-start=\"1321\" data-end=\"1374\">Soutien aux op\u00e9rations de rendu dans toute la ville de Kansas City<\/h2>\n<p data-start=\"1376\" data-end=\"1931\">Centrifugation de rendu dans le <strong data-start=\"1405\" data-end=\"1438\">r\u00e9gion m\u00e9tropolitaine de Kansas City<\/strong> Ces \u00e9quipements fonctionnent dans des environnements industriels parmi les plus exigeants, expos\u00e9s \u00e0 des temp\u00e9ratures \u00e9lev\u00e9es, \u00e0 des particules abrasives, \u00e0 des boues visqueuses et \u00e0 des cycles de charge importants. Ces conditions mettent \u00e0 rude \u00e9preuve les roulements, les joints d&#039;\u00e9tanch\u00e9it\u00e9, les spirales, les convoyeurs et les composants de la bo\u00eete de vitesses, ce qui peut entra\u00eener une panne m\u00e9canique si le probl\u00e8me n&#039;est pas r\u00e9solu rapidement. Des sympt\u00f4mes courants tels que des vibrations anormales, une temp\u00e9rature \u00e9lev\u00e9e, des fuites d&#039;\u00e9tanch\u00e9it\u00e9 ou une baisse de d\u00e9bit indiquent la n\u00e9cessit\u00e9 d&#039;une \u00e9valuation et d&#039;une maintenance par un professionnel.<\/p>\n<p data-start=\"1933\" data-end=\"2253\">Sentrimax propose un service d&#039;intervention rapide sur site dans toute la ville de Kansas City et ses environs. Des techniciens exp\u00e9riment\u00e9s se d\u00e9placent avec des outils de diagnostic de pointe pour \u00e9valuer l&#039;\u00e9tat des \u00e9quipements, identifier les causes profondes des pannes et mettre en \u0153uvre des plans de r\u00e9paration efficaces, adapt\u00e9s aux calendriers d&#039;exploitation et aux protocoles de s\u00e9curit\u00e9.<\/p>\n<p data-start=\"2255\" data-end=\"2394\">Pour des services d&#039;entretien de centrifugeuses plus complets, couvrant de nombreux types d&#039;\u00e9quipements et secteurs d&#039;activit\u00e9, veuillez consulter notre site web. <a class=\"decorated-link cursor-pointer\" target=\"_new\" rel=\"noopener\" data-start=\"2353\" data-end=\"2393\">https:\/\/sentrimax.com\/centrifuge-repair\/<\/a>.<\/p>\n<hr data-start=\"2396\" data-end=\"2399\" \/>\n<h2 data-start=\"2401\" data-end=\"2456\">Pourquoi la r\u00e9paration professionnelle des centrifugeuses \u00e0 rendu est importante<\/h2>\n<p data-start=\"2458\" data-end=\"3028\">Les centrifugeuses de traitement sont des syst\u00e8mes rotatifs complexes con\u00e7us pour fonctionner \u00e0 haute vitesse et dans des conditions exigeantes. Des r\u00e9parations inad\u00e9quates, des diagnostics incomplets ou des pi\u00e8ces incompatibles peuvent laisser des probl\u00e8mes sous-jacents non r\u00e9solus, entra\u00eenant des dysfonctionnements r\u00e9currents tels que des d\u00e9s\u00e9quilibres, des vibrations, une usure pr\u00e9matur\u00e9e et une baisse des performances de s\u00e9paration. Les techniciens de Sentrimax suivent des proc\u00e9dures document\u00e9es et les meilleures pratiques du secteur, qui s&#039;attachent non seulement \u00e0 identifier les sympt\u00f4mes visibles, mais aussi \u00e0 rep\u00e9rer les causes m\u00e9caniques plus profondes, comme les d\u00e9fauts d&#039;alignement, les d\u00e9faillances de lubrification et les d\u00e9s\u00e9quilibres.<\/p>\n<p data-start=\"3030\" data-end=\"3148\">Une r\u00e9paration compl\u00e8te am\u00e9liore la fiabilit\u00e9, augmente le temps de fonctionnement et aide les installations de Kansas City \u00e0 \u00e9viter les pannes r\u00e9p\u00e9t\u00e9es.<\/p>\n<hr data-start=\"3150\" data-end=\"3153\" \/>\n<h2 data-start=\"3155\" data-end=\"3208\">Services complets de r\u00e9paration de centrifugeuses de rendu<\/h2>\n<p data-start=\"3210\" data-end=\"3315\">Sentrimax propose une gamme compl\u00e8te de services de r\u00e9paration de centrifugeuses de traitement des d\u00e9chets, adapt\u00e9s aux op\u00e9rations de Kansas City\u00a0:<\/p>\n<ul data-start=\"3317\" data-end=\"3823\">\n<li data-start=\"3317\" data-end=\"3380\">\n<p data-start=\"3319\" data-end=\"3380\"><strong data-start=\"3319\" data-end=\"3378\">Inspection m\u00e9canique et \u00e9valuation d\u00e9taill\u00e9e de l&#039;\u00e9tat<\/strong><\/p>\n<\/li>\n<li data-start=\"3381\" data-end=\"3432\">\n<p data-start=\"3383\" data-end=\"3432\"><strong data-start=\"3383\" data-end=\"3430\">Diagnostic des d\u00e9faillances et analyse des causes profondes<\/strong><\/p>\n<\/li>\n<li data-start=\"3433\" data-end=\"3494\">\n<p data-start=\"3435\" data-end=\"3494\"><strong data-start=\"3435\" data-end=\"3492\">D\u00e9pose, remplacement et alignement de pr\u00e9cision des roulements<\/strong><\/p>\n<\/li>\n<li data-start=\"3495\" data-end=\"3551\">\n<p data-start=\"3497\" data-end=\"3551\"><strong data-start=\"3497\" data-end=\"3549\">r\u00e9paration ou remplacement de bols, de volutes et de convoyeurs<\/strong><\/p>\n<\/li>\n<li data-start=\"3552\" data-end=\"3612\">\n<p data-start=\"3554\" data-end=\"3612\"><strong data-start=\"3554\" data-end=\"3610\">Inspection, r\u00e9fection et v\u00e9rification du couple de la bo\u00eete de vitesses<\/strong><\/p>\n<\/li>\n<li data-start=\"3613\" data-end=\"3660\">\n<p data-start=\"3615\" data-end=\"3660\"><strong data-start=\"3615\" data-end=\"3658\">\u00c9quilibrage dynamique avec des tol\u00e9rances pr\u00e9cises<\/strong><\/p>\n<\/li>\n<li data-start=\"3661\" data-end=\"3714\">\n<p data-start=\"3663\" data-end=\"3714\"><strong data-start=\"3663\" data-end=\"3712\">Remplacement des joints et protection renforc\u00e9e contre l&#039;usure<\/strong><\/p>\n<\/li>\n<li data-start=\"3715\" data-end=\"3774\">\n<p data-start=\"3717\" data-end=\"3774\"><strong data-start=\"3717\" data-end=\"3772\">Assistance au d\u00e9pannage des syst\u00e8mes de contr\u00f4le et d&#039;instrumentation<\/strong><\/p>\n<\/li>\n<li data-start=\"3775\" data-end=\"3823\">\n<p data-start=\"3777\" data-end=\"3823\"><strong data-start=\"3777\" data-end=\"3823\">Tests de performance et assistance au d\u00e9marrage<\/strong><\/p>\n<\/li>\n<\/ul>\n<p data-start=\"3825\" data-end=\"4069\">Toutes les r\u00e9parations sont effectu\u00e9es selon des proc\u00e9dures document\u00e9es conformes aux normes du constructeur. Au lieu de se concentrer uniquement sur les dommages visibles, les techniciens \u00e9valuent l&#039;ensemble des syst\u00e8mes m\u00e9caniques afin d&#039;identifier les facteurs contributifs et d&#039;apporter des solutions durables.<\/p>\n<hr data-start=\"4071\" data-end=\"4074\" \/>\n<h2 data-start=\"4076\" data-end=\"4123\">Service sur le terrain et intervention rapide dans le Missouri<\/h2>\n<p data-start=\"4125\" data-end=\"4433\">En cas de panne inattendue d&#039;une centrifugeuse de traitement, une intervention rapide et un d\u00e9pannage expert sont essentiels pour assurer la continuit\u00e9 des op\u00e9rations. Sentrimax propose un service d&#039;intervention rapide sur site \u00e0 Kansas City et dans sa r\u00e9gion, en d\u00e9p\u00eache des techniciens qualifi\u00e9s \u00e9quip\u00e9s d&#039;outils de diagnostic directement chez le client.<\/p>\n<p data-start=\"4435\" data-end=\"4481\">Le service sur site offre plusieurs avantages cl\u00e9s\u00a0:<\/p>\n<ul data-start=\"4483\" data-end=\"4699\">\n<li data-start=\"4483\" data-end=\"4529\">\n<p data-start=\"4485\" data-end=\"4529\">\u00c9valuation dans les conditions r\u00e9elles du processus<\/p>\n<\/li>\n<li data-start=\"4530\" data-end=\"4583\">\n<p data-start=\"4532\" data-end=\"4583\">D\u00e9pannage imm\u00e9diat et mesures correctives<\/p>\n<\/li>\n<li data-start=\"4584\" data-end=\"4630\">\n<p data-start=\"4586\" data-end=\"4630\">Besoin r\u00e9duit de transport co\u00fbteux hors site<\/p>\n<\/li>\n<li data-start=\"4631\" data-end=\"4699\">\n<p data-start=\"4633\" data-end=\"4699\">Coordination avec le personnel de l&#039;usine pour un impact minimal sur la production<\/p>\n<\/li>\n<\/ul>\n<p data-start=\"4701\" data-end=\"4818\">Les techniciens de terrain travaillent efficacement et en toute s\u00e9curit\u00e9, aidant les installations \u00e0 remettre leurs \u00e9quipements en service le plus rapidement possible.<\/p>\n<hr data-start=\"4820\" data-end=\"4823\" \/>\n<h2 data-start=\"4825\" data-end=\"4870\">R\u00e9parations de pr\u00e9cision avec des pi\u00e8ces de haute qualit\u00e9<\/h2>\n<p data-start=\"4872\" data-end=\"5061\">La r\u00e9ussite de toute r\u00e9paration de centrifugeuse d\u00e9pend fortement de la qualit\u00e9 des pi\u00e8ces de rechange utilis\u00e9es. Sentrimax fournit des pi\u00e8ces de qualit\u00e9 \u00e9quivalente \u00e0 celle des pi\u00e8ces d&#039;origine pour les centrifugeuses de d\u00e9cantation, notamment\u00a0:<\/p>\n<ul data-start=\"5063\" data-end=\"5318\">\n<li data-start=\"5063\" data-end=\"5098\">\n<p data-start=\"5065\" data-end=\"5098\">Roulements et ensembles de roulements<\/p>\n<\/li>\n<li data-start=\"5099\" data-end=\"5133\">\n<p data-start=\"5101\" data-end=\"5133\">Joints d&#039;\u00e9tanch\u00e9it\u00e9, bagues d&#039;\u00e9tanch\u00e9it\u00e9 et anneaux d&#039;usure<\/p>\n<\/li>\n<li data-start=\"5134\" data-end=\"5188\">\n<p data-start=\"5136\" data-end=\"5188\">Volets roulants, convoyeurs et ensembles rotatifs<\/p>\n<\/li>\n<li data-start=\"5189\" data-end=\"5241\">\n<p data-start=\"5191\" data-end=\"5241\">Composants de bo\u00eete de vitesses et pi\u00e8ces de transmission de couple<\/p>\n<\/li>\n<li data-start=\"5242\" data-end=\"5280\">\n<p data-start=\"5244\" data-end=\"5280\">Bol, moyeu et ensembles rotatifs<\/p>\n<\/li>\n<li data-start=\"5281\" data-end=\"5318\">\n<p data-start=\"5283\" data-end=\"5318\">Kits de fixation et de quincaillerie de service<\/p>\n<\/li>\n<\/ul>\n<p data-start=\"5320\" data-end=\"5498\">Avant leur installation, toutes les pi\u00e8ces sont inspect\u00e9es afin de v\u00e9rifier leur pr\u00e9cision dimensionnelle, l&#039;int\u00e9grit\u00e9 des mat\u00e9riaux et leur compatibilit\u00e9, et ainsi garantir des performances fiables m\u00eame dans des conditions de rendu exigeantes.<\/p>\n<p data-start=\"5500\" data-end=\"5609\">Pour en savoir plus sur les pi\u00e8ces de rechange disponibles et l&#039;assistance technique, consultez le site web. <a class=\"decorated-link cursor-pointer\" target=\"_new\" rel=\"noopener\" data-start=\"5569\" data-end=\"5608\">https:\/\/sentrimax.com\/centrifuge-parts\/<\/a>.<\/p>\n<hr data-start=\"5611\" data-end=\"5614\" \/>\n<h2 data-start=\"5616\" data-end=\"5666\">Services de reconstruction compl\u00e8te pour une fiabilit\u00e9 \u00e0 long terme<\/h2>\n<p data-start=\"5668\" data-end=\"5852\">Pour les centrifugeuses pr\u00e9sentant une usure avanc\u00e9e ou approchant de la fin de leur dur\u00e9e de vie, Sentrimax propose des services de remise \u00e0 neuf complets qui redonnent aux machines un \u00e9tat quasi neuf. Une remise \u00e0 neuf comprend g\u00e9n\u00e9ralement\u00a0:<\/p>\n<ul data-start=\"5854\" data-end=\"6109\">\n<li data-start=\"5854\" data-end=\"5891\">\n<p data-start=\"5856\" data-end=\"5891\">D\u00e9montage et nettoyage complets<\/p>\n<\/li>\n<li data-start=\"5892\" data-end=\"5945\">\n<p data-start=\"5894\" data-end=\"5945\">Inspection et r\u00e9tablissement des tol\u00e9rances critiques<\/p>\n<\/li>\n<li data-start=\"5946\" data-end=\"5980\">\n<p data-start=\"5948\" data-end=\"5980\">Remplacement des composants us\u00e9s<\/p>\n<\/li>\n<li data-start=\"5981\" data-end=\"6024\">\n<p data-start=\"5983\" data-end=\"6024\">Usinage de pr\u00e9cision pour un ajustement et un \u00e9quilibre parfaits<\/p>\n<\/li>\n<li data-start=\"6025\" data-end=\"6069\">\n<p data-start=\"6027\" data-end=\"6069\">\u00c9quilibrage dynamique des composants rotatifs<\/p>\n<\/li>\n<li data-start=\"6070\" data-end=\"6109\">\n<p data-start=\"6072\" data-end=\"6109\">R\u00e9assemblage et validation des performances<\/p>\n<\/li>\n<\/ul>\n<p data-start=\"6111\" data-end=\"6261\">Les remises en \u00e9tat sont coordonn\u00e9es avec les \u00e9quipes des installations afin de co\u00efncider avec les fen\u00eatres de maintenance planifi\u00e9es, minimisant ainsi les perturbations de la production tout en prolongeant la dur\u00e9e de vie du service.<\/p>\n<hr data-start=\"6263\" data-end=\"6266\" \/>\n<h2 data-start=\"6268\" data-end=\"6312\">Maintenance pr\u00e9ventive pour r\u00e9duire les temps d&#039;arr\u00eat<\/h2>\n<p data-start=\"6314\" data-end=\"6582\">Les r\u00e9parations r\u00e9actives sont co\u00fbteuses en pi\u00e8ces d\u00e9tach\u00e9es, en main-d&#039;\u0153uvre et en pertes de production. La maintenance pr\u00e9ventive permet aux installations de d\u00e9tecter l&#039;usure naissante et de r\u00e9soudre les probl\u00e8mes avant qu&#039;ils ne s&#039;aggravent. Sentrimax collabore avec les exploitants de Kansas City pour \u00e9laborer des plans de maintenance pr\u00e9ventive pouvant inclure\u00a0:<\/p>\n<ul data-start=\"6584\" data-end=\"6903\">\n<li data-start=\"6584\" data-end=\"6641\">\n<p data-start=\"6586\" data-end=\"6641\">Inspections m\u00e9caniques de routine et suivi de l&#039;\u00e9tat<\/p>\n<\/li>\n<li data-start=\"6642\" data-end=\"6697\">\n<p data-start=\"6644\" data-end=\"6697\">Analyse des vibrations et surveillance des tendances de performance<\/p>\n<\/li>\n<li data-start=\"6698\" data-end=\"6751\">\n<p data-start=\"6700\" data-end=\"6751\">Pr\u00e9l\u00e8vement d&#039;\u00e9chantillons d&#039;huile et \u00e9valuation de l&#039;\u00e9tat de la lubrification<\/p>\n<\/li>\n<li data-start=\"6752\" data-end=\"6806\">\n<p data-start=\"6754\" data-end=\"6806\">Mesure de l&#039;usure des roulements, des joints d&#039;\u00e9tanch\u00e9it\u00e9 et des convoyeurs<\/p>\n<\/li>\n<li data-start=\"6807\" data-end=\"6851\">\n<p data-start=\"6809\" data-end=\"6851\">Remplacement programm\u00e9 des pi\u00e8ces \u00e0 forte usure<\/p>\n<\/li>\n<li data-start=\"6852\" data-end=\"6903\">\n<p data-start=\"6854\" data-end=\"6903\">Contr\u00f4les d&#039;alignement et v\u00e9rification dynamique de l&#039;\u00e9quilibre<\/p>\n<\/li>\n<\/ul>\n<p data-start=\"6905\" data-end=\"7083\">En planifiant la maintenance sur la base des donn\u00e9es op\u00e9rationnelles plut\u00f4t que des pannes, les installations peuvent am\u00e9liorer leur temps de fonctionnement, r\u00e9duire la fr\u00e9quence des r\u00e9parations d&#039;urgence et optimiser les co\u00fbts de maintenance au fil du temps.<\/p>\n<hr data-start=\"7085\" data-end=\"7088\" \/>\n<h2 data-start=\"7090\" data-end=\"7142\">Soutien \u00e0 la performance op\u00e9rationnelle et \u00e0 la conformit\u00e9<\/h2>\n<p data-start=\"7144\" data-end=\"7417\">Les performances de la centrifugeuse ont un impact sur la qualit\u00e9 de la production, l&#039;efficacit\u00e9 du traitement des solides et la fiabilit\u00e9 op\u00e9rationnelle globale. Des performances de s\u00e9paration insuffisantes peuvent augmenter les volumes de d\u00e9chets transport\u00e9s, surcharger les syst\u00e8mes en aval et affecter la qualit\u00e9 des produits ou la conformit\u00e9 aux normes.<\/p>\n<p data-start=\"7419\" data-end=\"7885\">Pour un contexte r\u00e9glementaire et op\u00e9rationnel plus large relatif \u00e0 la performance environnementale et \u00e0 la gestion des solides, les op\u00e9rateurs peuvent se r\u00e9f\u00e9rer \u00e0 <strong data-start=\"7552\" data-end=\"7598\">Agence am\u00e9ricaine de protection de l&#039;environnement (EPA)<\/strong> \u00e0 <a class=\"decorated-link cursor-pointer\" target=\"_new\" rel=\"noopener\" data-start=\"7602\" data-end=\"7627\">https:\/\/www.epa.gov\/water<\/a>. Des pratiques exemplaires et des normes techniques suppl\u00e9mentaires du secteur sont disponibles via le <strong data-start=\"7714\" data-end=\"7752\">F\u00e9d\u00e9ration pour l&#039;environnement de l&#039;eau (WEF)<\/strong> \u00e0 <a class=\"decorated-link\" href=\"https:\/\/www.wef.org\/\" target=\"_new\" rel=\"noopener\" data-start=\"7756\" data-end=\"7776\">https:\/\/www.wef.org\/<\/a>, offrant des informations pr\u00e9cieuses pertinentes pour la planification des proc\u00e9d\u00e9s de s\u00e9paration et les consid\u00e9rations relatives au traitement des eaux us\u00e9es.<\/p>\n<hr data-start=\"7887\" data-end=\"7890\" \/>\n<h2 data-start=\"7892\" data-end=\"7938\">Pourquoi les entreprises de Kansas City choisissent Sentrimax<\/h2>\n<p data-start=\"7940\" data-end=\"8280\">Les op\u00e9rateurs de Kansas City choisissent Sentrimax pour la r\u00e9paration de leurs centrifugeuses en raison de son expertise technique pointue, de son service d&#039;assistance technique r\u00e9actif et de son engagement envers des r\u00e9sultats de qualit\u00e9. Les techniciens de Sentrimax allient savoir-faire m\u00e9canique et exp\u00e9rience pratique sur le terrain pour diagnostiquer les probl\u00e8mes complexes, effectuer des r\u00e9parations efficaces et prot\u00e9ger les \u00e9quipements critiques.<\/p>\n<p data-start=\"8282\" data-end=\"8655\">Une communication claire et une documentation d\u00e9taill\u00e9e sont essentielles \u00e0 chaque intervention. Les installations re\u00e7oivent des rapports d&#039;intervention complets pr\u00e9sentant les r\u00e9sultats du diagnostic, les actions correctives entreprises, les composants remplac\u00e9s et des recommandations pour la planification de la maintenance future. Ces informations permettent aux \u00e9quipes d&#039;exploitation de prendre des d\u00e9cisions \u00e9clair\u00e9es et d&#039;affiner leurs strat\u00e9gies de fiabilit\u00e9 \u00e0 long terme.<\/p>\n<p data-start=\"8657\" data-end=\"8754\">Pour obtenir des informations sur l&#039;expertise en mati\u00e8re de traitement des eaux us\u00e9es et d&#039;\u00e9quipements connexes, consultez <a class=\"decorated-link cursor-pointer\" target=\"_new\" rel=\"noopener\" data-start=\"8709\" data-end=\"8753\">https:\/\/sentrimax.com\/industries\/wastewater\/<\/a>.<\/p>\n<hr data-start=\"8756\" data-end=\"8759\" \/>\n<h2 data-start=\"8761\" data-end=\"8809\">Assistance compl\u00e8te, de l&#039;\u00e9valuation au d\u00e9marrage<\/h2>\n<p data-start=\"8811\" data-end=\"8881\">Le mod\u00e8le de service de Sentrimax va au-del\u00e0 de la r\u00e9paration m\u00e9canique et comprend\u00a0:<\/p>\n<ul data-start=\"8883\" data-end=\"9115\">\n<li data-start=\"8883\" data-end=\"8929\">\n<p data-start=\"8885\" data-end=\"8929\">Coordination du gr\u00e9age et du retrait du mat\u00e9riel<\/p>\n<\/li>\n<li data-start=\"8930\" data-end=\"8982\">\n<p data-start=\"8932\" data-end=\"8982\">v\u00e9rification de l&#039;alignement et des dimensions<\/p>\n<\/li>\n<li data-start=\"8983\" data-end=\"9032\">\n<p data-start=\"8985\" data-end=\"9032\">Assistance \u00e0 la r\u00e9installation et \u00e0 l&#039;\u00e9talonnage du syst\u00e8me<\/p>\n<\/li>\n<li data-start=\"9033\" data-end=\"9078\">\n<p data-start=\"9035\" data-end=\"9078\">Assistance au d\u00e9marrage et mise au point op\u00e9rationnelle<\/p>\n<\/li>\n<li data-start=\"9079\" data-end=\"9115\">\n<p data-start=\"9081\" data-end=\"9115\">\u00c9valuation des performances apr\u00e8s r\u00e9paration<\/p>\n<\/li>\n<\/ul>\n<p data-start=\"9117\" data-end=\"9259\">Cette approche globale garantit que les centrifugeuses de traitement reprennent du service de mani\u00e8re fiable, efficace et conforme aux sp\u00e9cifications de conception.<\/p>\n<hr data-start=\"9261\" data-end=\"9264\" \/>\n<h2 data-start=\"9266\" data-end=\"9322\">Fiabilit\u00e9 continue gr\u00e2ce \u00e0 la surveillance des performances<\/h2>\n<p data-start=\"9324\" data-end=\"9624\">La fiabilit\u00e9 \u00e0 long terme repose sur des strat\u00e9gies de maintenance bas\u00e9es sur les donn\u00e9es. Sentrimax accompagne les installations dans le suivi des indicateurs cl\u00e9s de performance (tels que les tendances vibratoires, les profils de couple et les donn\u00e9es d&#039;usure) afin d&#039;anticiper les besoins de maintenance, d&#039;optimiser la planification et de r\u00e9duire le co\u00fbt total de possession.<\/p>\n<hr data-start=\"9626\" data-end=\"9629\" \/>\n<h2 data-start=\"9631\" data-end=\"9687\">Demande de r\u00e9paration de centrifugeuse \u00e0 Kansas City, Missouri<\/h2>\n<p data-start=\"9689\" data-end=\"10065\">Lorsque la r\u00e9paration d&#039;une centrifugeuse de rendu professionnel est n\u00e9cessaire <strong data-start=\"9748\" data-end=\"9767\">Kansas City, Missouri<\/strong>, Les entreprises du secteur font confiance \u00e0 Sentrimax pour son expertise reconnue, sa r\u00e9activit\u00e9 et ses r\u00e9sultats professionnels. Qu&#039;il s&#039;agisse de r\u00e9soudre des pannes urgentes, de planifier la maintenance pr\u00e9ventive ou de proc\u00e9der \u00e0 des remises \u00e0 neuf compl\u00e8tes, Sentrimax propose des solutions con\u00e7ues pour garantir le fonctionnement fiable et efficace de vos centrifugeuses.<\/p>\n<p data-start=\"10067\" data-end=\"10121\"><strong data-start=\"10067\" data-end=\"10121\"><a class=\"decorated-link\" href=\"https:\/\/sentrimax.com\/fr\/contact\/\" target=\"_new\" rel=\"noopener\" data-start=\"10069\" data-end=\"10119\">Demandez un devis !<\/a><\/strong><\/p>","protected":false},"excerpt":{"rendered":"<p>Sentrimax provides professional rendering centrifuge repair services for rendering plants, industrial processors, and wastewater operations throughout Kansas City, Missouri. Rendering centrifuges are essential machines in byproduct processing, separating fats, oils, solids, and liquids under high-temperature, high-load conditions. When these centrifuges experience vibration, bearing failure, seal leakage, or reduced separation efficiency, timely and expert repair is [&hellip;]<\/p>\n","protected":false},"author":3,"featured_media":0,"parent":0,"menu_order":0,"comment_status":"closed","ping_status":"closed","template":"seo-page-template.php","meta":{"_acf_changed":false,"inline_featured_image":false,"footnotes":""},"class_list":["post-2321","page","type-page","status-publish","hentry"],"acf":[],"_links":{"self":[{"href":"https:\/\/sentrimax.com\/fr\/wp-json\/wp\/v2\/pages\/2321","targetHints":{"allow":["GET"]}}],"collection":[{"href":"https:\/\/sentrimax.com\/fr\/wp-json\/wp\/v2\/pages"}],"about":[{"href":"https:\/\/sentrimax.com\/fr\/wp-json\/wp\/v2\/types\/page"}],"author":[{"embeddable":true,"href":"https:\/\/sentrimax.com\/fr\/wp-json\/wp\/v2\/users\/3"}],"replies":[{"embeddable":true,"href":"https:\/\/sentrimax.com\/fr\/wp-json\/wp\/v2\/comments?post=2321"}],"version-history":[{"count":1,"href":"https:\/\/sentrimax.com\/fr\/wp-json\/wp\/v2\/pages\/2321\/revisions"}],"predecessor-version":[{"id":2506,"href":"https:\/\/sentrimax.com\/fr\/wp-json\/wp\/v2\/pages\/2321\/revisions\/2506"}],"wp:attachment":[{"href":"https:\/\/sentrimax.com\/fr\/wp-json\/wp\/v2\/media?parent=2321"}],"curies":[{"name":"wp","href":"https:\/\/api.w.org\/{rel}","templated":true}]}}