{"id":2322,"date":"2026-01-07T17:18:10","date_gmt":"2026-01-07T17:18:10","guid":{"rendered":"https:\/\/sentrimax.com\/?page_id=2322"},"modified":"2026-04-21T21:14:18","modified_gmt":"2026-04-21T21:14:18","slug":"rendering-plant-centrifuge-service-in-seattle-wa","status":"publish","type":"page","link":"https:\/\/sentrimax.com\/fr\/rendering-plant-centrifuge-service-in-seattle-wa\/","title":{"rendered":"Service de centrifugeuse pour usines d&#039;\u00e9quarrissage \u00e0 Seattle, WA"},"content":{"rendered":"<p data-start=\"303\" data-end=\"845\"><img fetchpriority=\"high\" decoding=\"async\" class=\"aligncenter size-full wp-image-2032\" src=\"https:\/\/sentrimax.com\/wp-content\/uploads\/2025\/07\/imgi_28_blog-image-1024x463-1.jpg\" alt=\"\" width=\"1024\" height=\"463\" srcset=\"https:\/\/sentrimax.com\/wp-content\/uploads\/2025\/07\/imgi_28_blog-image-1024x463-1.jpg 1024w, https:\/\/sentrimax.com\/wp-content\/uploads\/2025\/07\/imgi_28_blog-image-1024x463-1-300x136.jpg 300w, https:\/\/sentrimax.com\/wp-content\/uploads\/2025\/07\/imgi_28_blog-image-1024x463-1-768x347.jpg 768w, https:\/\/sentrimax.com\/wp-content\/uploads\/2025\/07\/imgi_28_blog-image-1024x463-1-18x8.jpg 18w, https:\/\/sentrimax.com\/wp-content\/uploads\/2025\/07\/imgi_28_blog-image-1024x463-1-600x271.jpg 600w\" sizes=\"(max-width: 1024px) 100vw, 1024px\" \/><\/p>\n<p data-start=\"303\" data-end=\"845\">Sentrimax propose un service professionnel de centrifugation pour les usines d&#039;\u00e9quarrissage destin\u00e9es aux transformateurs industriels, aux usines d&#039;\u00e9quarrissage et aux op\u00e9rations de traitement des eaux us\u00e9es dans toute la r\u00e9gion. <strong data-start=\"456\" data-end=\"479\">Seattle, Washington<\/strong>. Les centrifugeuses des usines d&#039;\u00e9quarrissage sont des atouts essentiels pour la s\u00e9paration des graisses, des huiles, des solides et des liquides lors du traitement des sous-produits. Lorsque ces machines subissent une usure m\u00e9canique, des vibrations, des fuites d&#039;\u00e9tanch\u00e9it\u00e9 ou une baisse de performance, un service rapide et efficace est indispensable pour garantir la continuit\u00e9 de la production, maintenir la qualit\u00e9 des r\u00e9sultats et minimiser les temps d&#039;arr\u00eat co\u00fbteux.<\/p>\n<p data-start=\"847\" data-end=\"1309\">Fort d&#039;une exp\u00e9rience de plusieurs d\u00e9cennies dans la maintenance d&#039;\u00e9quipements de s\u00e9paration \u00e0 grande vitesse, <strong data-start=\"917\" data-end=\"930\">Sentrimax<\/strong> Sentrimax propose des diagnostics complets, des r\u00e9parations m\u00e9caniques de pr\u00e9cision, la planification de la maintenance pr\u00e9ventive et des solutions de remise \u00e0 neuf compl\u00e8tes, adapt\u00e9es aux conditions d&#039;utilisation difficiles rencontr\u00e9es dans les applications de traitement des d\u00e9chets. Qu&#039;il s&#039;agisse d&#039;intervenir en urgence ou de planifier des travaux de maintenance et de r\u00e9vision, Sentrimax aide les installations de Seattle \u00e0 optimiser les performances et \u00e0 prolonger la dur\u00e9e de vie de leurs \u00e9quipements.<\/p>\n<hr data-start=\"1311\" data-end=\"1314\" \/>\n<h2 data-start=\"1316\" data-end=\"1365\">Soutien aux op\u00e9rations de rendu dans tout Seattle<\/h2>\n<p data-start=\"1367\" data-end=\"1855\">Centrifugations d&#039;usine d&#039;\u00e9quarrissage dans le <strong data-start=\"1402\" data-end=\"1431\">r\u00e9gion m\u00e9tropolitaine de Seattle<\/strong> Ces \u00e9quipements fonctionnent dans des conditions parmi les plus difficiles rencontr\u00e9es dans les proc\u00e9d\u00e9s industriels. Les temp\u00e9ratures \u00e9lev\u00e9es, les boues visqueuses charg\u00e9es de graisses et d&#039;huiles, les particules abrasives et les cycles de service prolong\u00e9s soumettent les roulements, les joints d&#039;\u00e9tanch\u00e9it\u00e9, les \u00e9l\u00e9ments de convoyeur, les spirales et les r\u00e9ducteurs \u00e0 des contraintes intenses. Ces contraintes peuvent entra\u00eener des vibrations, l&#039;usure des roulements, un d\u00e9s\u00e9quilibre, une d\u00e9faillance des joints d&#039;\u00e9tanch\u00e9it\u00e9 et une r\u00e9duction de l&#039;efficacit\u00e9 de s\u00e9paration si elles ne sont pas prises en charge rapidement.<\/p>\n<p data-start=\"1857\" data-end=\"2164\">Sentrimax propose un service d&#039;intervention rapide sur site dans tout Seattle et les communaut\u00e9s environnantes, d\u00e9ployant des techniciens exp\u00e9riment\u00e9s dot\u00e9s d&#039;outils de diagnostic avanc\u00e9s pour \u00e9valuer l&#039;\u00e9tat des machines, identifier les causes profondes des pannes et \u00e9laborer des strat\u00e9gies de r\u00e9paration conformes aux calendriers de production et aux protocoles de s\u00e9curit\u00e9.<\/p>\n<p data-start=\"2166\" data-end=\"2299\">Pour des services d&#039;entretien de centrifugeuses \u00e9tendus \u00e0 de multiples types de machines et secteurs d&#039;activit\u00e9, voir <a class=\"decorated-link cursor-pointer\" target=\"_new\" rel=\"noopener\" data-start=\"2258\" data-end=\"2298\">https:\/\/sentrimax.com\/centrifuge-repair\/<\/a>.<\/p>\n<hr data-start=\"2301\" data-end=\"2304\" \/>\n<h2 data-start=\"2306\" data-end=\"2368\">Pourquoi un service professionnel de centrifugation pour usine d&#039;\u00e9quarrissage est important<\/h2>\n<p data-start=\"2370\" data-end=\"2900\">Les centrifugeuses des usines d&#039;\u00e9quarrissage sont des machines rotatives de haute pr\u00e9cision \u00e0 grande vitesse, soumises \u00e0 des tol\u00e9rances m\u00e9caniques strictes. Des r\u00e9parations inad\u00e9quates ou incompl\u00e8tes peuvent laisser des probl\u00e8mes sous-jacents non r\u00e9solus, entra\u00eenant des vibrations r\u00e9currentes, des d\u00e9s\u00e9quilibres, une usure pr\u00e9matur\u00e9e, une baisse des performances de s\u00e9paration et des arr\u00eats impr\u00e9vus. Les techniciens de Sentrimax suivent des proc\u00e9dures document\u00e9es et les meilleures pratiques du secteur afin de garantir que les r\u00e9parations prennent en compte non seulement les probl\u00e8mes visibles, mais aussi les causes m\u00e9caniques plus profondes telles que les d\u00e9fauts d&#039;alignement, les d\u00e9faillances de lubrification et les d\u00e9s\u00e9quilibres.<\/p>\n<p data-start=\"2902\" data-end=\"3050\">Un service d&#039;entretien des centrifugeuses bien ex\u00e9cut\u00e9 am\u00e9liore la fiabilit\u00e9 de la machine, optimise les performances de s\u00e9paration et aide les op\u00e9rateurs de Seattle \u00e0 \u00e9viter les pannes r\u00e9p\u00e9t\u00e9es.<\/p>\n<hr data-start=\"3052\" data-end=\"3055\" \/>\n<h2 data-start=\"3057\" data-end=\"3118\">Offre compl\u00e8te de services de centrifugation pour usines d&#039;\u00e9quarrissage<\/h2>\n<p data-start=\"3120\" data-end=\"3269\">Sentrimax propose une gamme compl\u00e8te de services de centrifugation pour usines d&#039;\u00e9quarrissage, con\u00e7us pour accompagner les installations de Seattle \u00e0 chaque \u00e9tape de la maintenance et de la r\u00e9paration\u00a0:<\/p>\n<ul data-start=\"3271\" data-end=\"3780\">\n<li data-start=\"3271\" data-end=\"3334\">\n<p data-start=\"3273\" data-end=\"3334\"><strong data-start=\"3273\" data-end=\"3332\">Inspection m\u00e9canique et \u00e9valuation d\u00e9taill\u00e9e de l&#039;\u00e9tat<\/strong><\/p>\n<\/li>\n<li data-start=\"3335\" data-end=\"3386\">\n<p data-start=\"3337\" data-end=\"3386\"><strong data-start=\"3337\" data-end=\"3384\">Diagnostic des d\u00e9faillances et analyse des causes profondes<\/strong><\/p>\n<\/li>\n<li data-start=\"3387\" data-end=\"3448\">\n<p data-start=\"3389\" data-end=\"3448\"><strong data-start=\"3389\" data-end=\"3446\">D\u00e9pose, remplacement et alignement de pr\u00e9cision des roulements<\/strong><\/p>\n<\/li>\n<li data-start=\"3449\" data-end=\"3508\">\n<p data-start=\"3451\" data-end=\"3508\"><strong data-start=\"3451\" data-end=\"3506\">r\u00e9paration ou remplacement de bols, de volutes, de convoyeurs et de vis<\/strong><\/p>\n<\/li>\n<li data-start=\"3509\" data-end=\"3569\">\n<p data-start=\"3511\" data-end=\"3569\"><strong data-start=\"3511\" data-end=\"3567\">Inspection, r\u00e9fection et v\u00e9rification du couple de la bo\u00eete de vitesses<\/strong><\/p>\n<\/li>\n<li data-start=\"3570\" data-end=\"3617\">\n<p data-start=\"3572\" data-end=\"3617\"><strong data-start=\"3572\" data-end=\"3615\">\u00c9quilibrage dynamique avec des tol\u00e9rances pr\u00e9cises<\/strong><\/p>\n<\/li>\n<li data-start=\"3618\" data-end=\"3671\">\n<p data-start=\"3620\" data-end=\"3671\"><strong data-start=\"3620\" data-end=\"3669\">Remplacement des joints et protection renforc\u00e9e contre l&#039;usure<\/strong><\/p>\n<\/li>\n<li data-start=\"3672\" data-end=\"3731\">\n<p data-start=\"3674\" data-end=\"3731\"><strong data-start=\"3674\" data-end=\"3729\">Assistance au d\u00e9pannage des syst\u00e8mes de contr\u00f4le et d&#039;instrumentation<\/strong><\/p>\n<\/li>\n<li data-start=\"3732\" data-end=\"3780\">\n<p data-start=\"3734\" data-end=\"3780\"><strong data-start=\"3734\" data-end=\"3780\">Tests de performance et assistance au d\u00e9marrage<\/strong><\/p>\n<\/li>\n<\/ul>\n<p data-start=\"3782\" data-end=\"4059\">Chaque intervention suit des proc\u00e9dures document\u00e9es, conformes aux normes des \u00e9quipementiers et aux meilleures pratiques du secteur. Nos techniciens \u00e9valuent l&#039;ensemble des syst\u00e8mes m\u00e9caniques \u2013 et non seulement les sympt\u00f4mes apparents \u2013 afin de proposer des solutions durables qui am\u00e9liorent la fiabilit\u00e9 d&#039;utilisation et r\u00e9duisent les pannes r\u00e9currentes.<\/p>\n<hr data-start=\"4061\" data-end=\"4064\" \/>\n<h2 data-start=\"4066\" data-end=\"4126\">Service sur le terrain et intervention rapide dans le nord-ouest du Pacifique<\/h2>\n<p data-start=\"4128\" data-end=\"4456\">Les pannes impr\u00e9vues des centrifugeuses dans les usines d&#039;\u00e9quarrissage peuvent perturber les calendriers de production, mettre \u00e0 rude \u00e9preuve les ressources de maintenance et augmenter les co\u00fbts d&#039;exploitation. Sentrimax propose un service d&#039;intervention rapide sur site dans toute la r\u00e9gion de Seattle et du nord-ouest Pacifique, en d\u00e9p\u00eache des techniciens qualifi\u00e9s \u00e9quip\u00e9s d&#039;outils de diagnostic directement chez ses clients.<\/p>\n<p data-start=\"4458\" data-end=\"4521\">L&#039;intervention sur site offre des avantages op\u00e9rationnels essentiels\u00a0:<\/p>\n<ul data-start=\"4523\" data-end=\"4788\">\n<li data-start=\"4523\" data-end=\"4584\">\n<p data-start=\"4525\" data-end=\"4584\">\u00c9valuation des centrifugeuses dans des conditions de processus r\u00e9elles<\/p>\n<\/li>\n<li data-start=\"4585\" data-end=\"4638\">\n<p data-start=\"4587\" data-end=\"4638\">D\u00e9pannage imm\u00e9diat et mesures correctives<\/p>\n<\/li>\n<li data-start=\"4639\" data-end=\"4706\">\n<p data-start=\"4641\" data-end=\"4706\">R\u00e9duction du besoin de transport co\u00fbteux vers les ateliers de r\u00e9paration externes<\/p>\n<\/li>\n<li data-start=\"4707\" data-end=\"4788\">\n<p data-start=\"4709\" data-end=\"4788\">Coordination avec le personnel de l&#039;usine pour aligner le service sur les calendriers de production<\/p>\n<\/li>\n<\/ul>\n<p data-start=\"4790\" data-end=\"4907\">Les techniciens de terrain travaillent efficacement et en toute s\u00e9curit\u00e9 pour aider les installations \u00e0 remettre leurs \u00e9quipements en service et \u00e0 minimiser les perturbations.<\/p>\n<hr data-start=\"4909\" data-end=\"4912\" \/>\n<h2 data-start=\"4914\" data-end=\"4958\">R\u00e9parations de pr\u00e9cision avec des pi\u00e8ces de haute qualit\u00e9<\/h2>\n<p data-start=\"4960\" data-end=\"5176\">Le succ\u00e8s de toute intervention sur centrifugeuse d\u00e9pend de la qualit\u00e9 des pi\u00e8ces de rechange install\u00e9es. Sentrimax fournit des pi\u00e8ces de rechange de qualit\u00e9 \u00e9quivalente \u00e0 celle des pi\u00e8ces d&#039;origine pour les centrifugeuses d&#039;usines d&#039;\u00e9quarrissage, notamment\u00a0:<\/p>\n<ul data-start=\"5178\" data-end=\"5426\">\n<li data-start=\"5178\" data-end=\"5213\">\n<p data-start=\"5180\" data-end=\"5213\">Roulements et ensembles de roulements<\/p>\n<\/li>\n<li data-start=\"5214\" data-end=\"5248\">\n<p data-start=\"5216\" data-end=\"5248\">Joints d&#039;\u00e9tanch\u00e9it\u00e9, bagues d&#039;\u00e9tanch\u00e9it\u00e9 et anneaux d&#039;usure<\/p>\n<\/li>\n<li data-start=\"5249\" data-end=\"5296\">\n<p data-start=\"5251\" data-end=\"5296\">Rouleaux, convoyeurs et ensembles rotatifs<\/p>\n<\/li>\n<li data-start=\"5297\" data-end=\"5349\">\n<p data-start=\"5299\" data-end=\"5349\">Composants de bo\u00eete de vitesses et pi\u00e8ces de transmission de couple<\/p>\n<\/li>\n<li data-start=\"5350\" data-end=\"5388\">\n<p data-start=\"5352\" data-end=\"5388\">Bol, moyeu et ensembles rotatifs<\/p>\n<\/li>\n<li data-start=\"5389\" data-end=\"5426\">\n<p data-start=\"5391\" data-end=\"5426\">Kits de fixation et de quincaillerie de service<\/p>\n<\/li>\n<\/ul>\n<p data-start=\"5428\" data-end=\"5605\">Avant leur installation, toutes les pi\u00e8ces sont inspect\u00e9es afin de v\u00e9rifier leur pr\u00e9cision dimensionnelle, l&#039;int\u00e9grit\u00e9 des mat\u00e9riaux et leur compatibilit\u00e9, garantissant ainsi des performances fiables dans des environnements de rendu exigeants.<\/p>\n<p data-start=\"5607\" data-end=\"5698\">Pour obtenir des informations sur les composants et les pi\u00e8ces d\u00e9tach\u00e9es, veuillez consulter le site web. <a class=\"decorated-link cursor-pointer\" target=\"_new\" rel=\"noopener\" data-start=\"5658\" data-end=\"5697\">https:\/\/sentrimax.com\/centrifuge-parts\/<\/a>.<\/p>\n<hr data-start=\"5700\" data-end=\"5703\" \/>\n<h2 data-start=\"5705\" data-end=\"5752\">Reconstruction compl\u00e8te pour restaurer les performances de la machine<\/h2>\n<p data-start=\"5754\" data-end=\"5948\">Pour les centrifugeuses pr\u00e9sentant une usure avanc\u00e9e ou approchant de la fin de leur dur\u00e9e de vie, Sentrimax propose des services de remise \u00e0 neuf complets qui redonnent aux \u00e9quipements un \u00e9tat quasi neuf. Une remise \u00e0 neuf type comprend\u00a0:<\/p>\n<ul data-start=\"5950\" data-end=\"6213\">\n<li data-start=\"5950\" data-end=\"5996\">\n<p data-start=\"5952\" data-end=\"5996\">D\u00e9montage complet et nettoyage approfondi<\/p>\n<\/li>\n<li data-start=\"5997\" data-end=\"6051\">\n<p data-start=\"5999\" data-end=\"6051\">Mesure et restauration des tol\u00e9rances critiques<\/p>\n<\/li>\n<li data-start=\"6052\" data-end=\"6086\">\n<p data-start=\"6054\" data-end=\"6086\">Remplacement des composants us\u00e9s<\/p>\n<\/li>\n<li data-start=\"6087\" data-end=\"6130\">\n<p data-start=\"6089\" data-end=\"6130\">Usinage de pr\u00e9cision pour un ajustement et un \u00e9quilibre parfaits<\/p>\n<\/li>\n<li data-start=\"6131\" data-end=\"6173\">\n<p data-start=\"6133\" data-end=\"6173\">\u00c9quilibrage dynamique des \u00e9l\u00e9ments rotatifs<\/p>\n<\/li>\n<li data-start=\"6174\" data-end=\"6213\">\n<p data-start=\"6176\" data-end=\"6213\">R\u00e9assemblage et validation des performances<\/p>\n<\/li>\n<\/ul>\n<p data-start=\"6215\" data-end=\"6375\">Les reconstructions sont planifi\u00e9es en collaboration avec les \u00e9quipes des installations afin de co\u00efncider avec les arr\u00eats programm\u00e9s et de minimiser l&#039;impact sur la production tout en prolongeant la dur\u00e9e de vie des \u00e9quipements.<\/p>\n<hr data-start=\"6377\" data-end=\"6380\" \/>\n<h2 data-start=\"6382\" data-end=\"6430\">Maintenance pr\u00e9ventive pour am\u00e9liorer la fiabilit\u00e9<\/h2>\n<p data-start=\"6432\" data-end=\"6725\">Les r\u00e9parations r\u00e9actives sont co\u00fbteuses en pi\u00e8ces d\u00e9tach\u00e9es, en main-d&#039;\u0153uvre et en pertes de production. La maintenance pr\u00e9ventive permet aux usines d&#039;\u00e9quarrissage de Seattle de d\u00e9tecter l&#039;usure pr\u00e9cocement, de r\u00e9duire les pannes impr\u00e9vues et d&#039;optimiser leurs budgets de maintenance. Sentrimax collabore avec les exploitants pour \u00e9laborer des plans de maintenance personnalis\u00e9s pouvant inclure\u00a0:<\/p>\n<ul data-start=\"6727\" data-end=\"7044\">\n<li data-start=\"6727\" data-end=\"6784\">\n<p data-start=\"6729\" data-end=\"6784\">Inspections m\u00e9caniques de routine et suivi de l&#039;\u00e9tat<\/p>\n<\/li>\n<li data-start=\"6785\" data-end=\"6828\">\n<p data-start=\"6787\" data-end=\"6828\">Analyse des vibrations et surveillance des tendances<\/p>\n<\/li>\n<li data-start=\"6829\" data-end=\"6882\">\n<p data-start=\"6831\" data-end=\"6882\">Pr\u00e9l\u00e8vement d&#039;\u00e9chantillons d&#039;huile et \u00e9valuation de l&#039;\u00e9tat de la lubrification<\/p>\n<\/li>\n<li data-start=\"6883\" data-end=\"6947\">\n<p data-start=\"6885\" data-end=\"6947\">Mesure de l&#039;usure des roulements, des joints d&#039;\u00e9tanch\u00e9it\u00e9 et des composants du convoyeur<\/p>\n<\/li>\n<li data-start=\"6948\" data-end=\"6992\">\n<p data-start=\"6950\" data-end=\"6992\">Remplacement programm\u00e9 des pi\u00e8ces \u00e0 forte usure<\/p>\n<\/li>\n<li data-start=\"6993\" data-end=\"7044\">\n<p data-start=\"6995\" data-end=\"7044\">Contr\u00f4les d&#039;alignement et v\u00e9rification dynamique de l&#039;\u00e9quilibre<\/p>\n<\/li>\n<\/ul>\n<p data-start=\"7046\" data-end=\"7222\">En planifiant les interventions sur la base des donn\u00e9es op\u00e9rationnelles plut\u00f4t que des pannes, les installations peuvent am\u00e9liorer la disponibilit\u00e9, r\u00e9duire les besoins de r\u00e9paration d&#039;urgence et mieux g\u00e9rer les co\u00fbts de maintenance au fil du temps.<\/p>\n<hr data-start=\"7224\" data-end=\"7227\" \/>\n<h2 data-start=\"7229\" data-end=\"7281\">Soutien \u00e0 la performance op\u00e9rationnelle et \u00e0 la conformit\u00e9<\/h2>\n<p data-start=\"7283\" data-end=\"7553\">Les performances de la centrifugeuse d&#039;une usine d&#039;\u00e9quarrissage influent sur la qualit\u00e9 de la production, l&#039;efficacit\u00e9 du traitement des solides et la stabilit\u00e9 op\u00e9rationnelle. Des performances de s\u00e9paration insuffisantes peuvent augmenter les volumes de d\u00e9chets transport\u00e9s, solliciter excessivement les \u00e9quipements en aval et affecter la qualit\u00e9 du produit ou les co\u00fbts.<\/p>\n<p data-start=\"7555\" data-end=\"7965\">Pour un contexte r\u00e9glementaire et environnemental plus large relatif aux intersections entre la gestion des eaux us\u00e9es et des mati\u00e8res solides, les exploitants peuvent consulter le <strong data-start=\"7686\" data-end=\"7732\">Agence am\u00e9ricaine de protection de l&#039;environnement (EPA)<\/strong> \u00e0 <a class=\"decorated-link cursor-pointer\" target=\"_new\" rel=\"noopener\" data-start=\"7736\" data-end=\"7761\">https:\/\/www.epa.gov\/water<\/a>. Des pratiques exemplaires suppl\u00e9mentaires et des informations sur le secteur sont disponibles aupr\u00e8s de <strong data-start=\"7833\" data-end=\"7871\">F\u00e9d\u00e9ration pour l&#039;environnement de l&#039;eau (WEF)<\/strong> \u00e0 <a class=\"decorated-link\" href=\"https:\/\/www.wef.org\/\" target=\"_new\" rel=\"noopener\" data-start=\"7875\" data-end=\"7895\">https:\/\/www.wef.org\/<\/a>, offrant des ressources pr\u00e9cieuses pour la planification des processus de s\u00e9paration.<\/p>\n<hr data-start=\"7967\" data-end=\"7970\" \/>\n<h2 data-start=\"7972\" data-end=\"8014\">Pourquoi les entreprises de Seattle choisissent Sentrimax<\/h2>\n<p data-start=\"8016\" data-end=\"8355\">Les exploitants de Seattle choisissent Sentrimax pour l&#039;entretien des centrifugeuses de leurs usines d&#039;\u00e9quarrissage en raison de son expertise technique pointue, de son assistance technique r\u00e9active et de son engagement envers des r\u00e9sultats de qualit\u00e9. Les techniciens de Sentrimax allient savoir-faire m\u00e9canique et exp\u00e9rience pratique sur le terrain pour diagnostiquer les probl\u00e8mes complexes, effectuer des r\u00e9parations efficaces et prot\u00e9ger les \u00e9quipements critiques.<\/p>\n<p data-start=\"8357\" data-end=\"8716\">Une communication claire et une documentation exhaustive sont les ma\u00eetres mots de chaque intervention. Les installations re\u00e7oivent des rapports d\u00e9taill\u00e9s pr\u00e9sentant les r\u00e9sultats du diagnostic, les actions correctives entreprises, les composants remplac\u00e9s et des recommandations pour la planification de la maintenance pr\u00e9ventive. Ces informations favorisent une prise de d\u00e9cision proactive et des strat\u00e9gies de fiabilit\u00e9 \u00e0 long terme.<\/p>\n<p data-start=\"8718\" data-end=\"8815\">Pour les services de traitement des eaux us\u00e9es et de s\u00e9paration connexes, voir <a class=\"decorated-link cursor-pointer\" target=\"_new\" rel=\"noopener\" data-start=\"8770\" data-end=\"8814\">https:\/\/sentrimax.com\/industries\/wastewater\/<\/a>.<\/p>\n<hr data-start=\"8817\" data-end=\"8820\" \/>\n<h2 data-start=\"8822\" data-end=\"8870\">Assistance compl\u00e8te, de l&#039;inspection \u00e0 la mise en service<\/h2>\n<p data-start=\"8872\" data-end=\"8943\">Le mod\u00e8le de service de Sentrimax s&#039;\u00e9tend au-del\u00e0 des r\u00e9parations m\u00e9caniques et comprend\u00a0:<\/p>\n<ul data-start=\"8945\" data-end=\"9178\">\n<li data-start=\"8945\" data-end=\"8991\">\n<p data-start=\"8947\" data-end=\"8991\">Coordination du gr\u00e9age et du retrait du mat\u00e9riel<\/p>\n<\/li>\n<li data-start=\"8992\" data-end=\"9044\">\n<p data-start=\"8994\" data-end=\"9044\">v\u00e9rification de l&#039;alignement et des dimensions<\/p>\n<\/li>\n<li data-start=\"9045\" data-end=\"9094\">\n<p data-start=\"9047\" data-end=\"9094\">Assistance \u00e0 la r\u00e9installation et \u00e0 l&#039;\u00e9talonnage du syst\u00e8me<\/p>\n<\/li>\n<li data-start=\"9095\" data-end=\"9140\">\n<p data-start=\"9097\" data-end=\"9140\">Assistance au d\u00e9marrage et mise au point op\u00e9rationnelle<\/p>\n<\/li>\n<li data-start=\"9141\" data-end=\"9178\">\n<p data-start=\"9143\" data-end=\"9178\">\u00c9valuation des performances apr\u00e8s la prestation de services<\/p>\n<\/li>\n<\/ul>\n<p data-start=\"9180\" data-end=\"9313\">Cette approche globale garantit que les centrifugeuses des usines d&#039;\u00e9quarrissage reprennent du service de mani\u00e8re fiable, efficace et conform\u00e9ment aux sp\u00e9cifications de conception.<\/p>\n<hr data-start=\"9315\" data-end=\"9318\" \/>\n<h2 data-start=\"9320\" data-end=\"9376\">Am\u00e9lioration continue gr\u00e2ce au suivi des performances<\/h2>\n<p data-start=\"9378\" data-end=\"9672\">La fiabilit\u00e9 \u00e0 long terme repose sur des strat\u00e9gies de maintenance bas\u00e9es sur les donn\u00e9es. Sentrimax accompagne les installations dans le suivi des indicateurs cl\u00e9s de performance (tels que les tendances vibratoires, les profils de couple et les sch\u00e9mas d&#039;usure) afin d&#039;anticiper les besoins de maintenance, d&#039;optimiser la planification et de r\u00e9duire le co\u00fbt total de possession.<\/p>\n<hr data-start=\"9674\" data-end=\"9677\" \/>\n<h2 data-start=\"9679\" data-end=\"9738\">Demande de service de centrifugation pour usine d&#039;\u00e9quarrissage \u00e0 Seattle, WA<\/h2>\n<p data-start=\"9740\" data-end=\"10114\">Lorsque le service professionnel de centrifugation d&#039;une usine d&#039;\u00e9quarrissage est n\u00e9cessaire <strong data-start=\"9806\" data-end=\"9821\">Seattle, WA<\/strong>, Les entreprises du secteur font confiance \u00e0 Sentrimax pour son expertise reconnue, son assistance r\u00e9active et ses r\u00e9sultats professionnels. Qu&#039;il s&#039;agisse de pannes urgentes, de planification de la maintenance pr\u00e9ventive ou de reconstructions compl\u00e8tes, Sentrimax propose des solutions con\u00e7ues pour garantir le fonctionnement fiable et efficace de vos centrifugeuses.<\/p>\n<p data-start=\"10116\" data-end=\"10170\"><strong data-start=\"10116\" data-end=\"10170\"><a class=\"decorated-link\" href=\"https:\/\/sentrimax.com\/fr\/contact\/\" target=\"_new\" rel=\"noopener\" data-start=\"10118\" data-end=\"10168\">Demandez un devis !<\/a><\/strong><\/p>","protected":false},"excerpt":{"rendered":"<p>Sentrimax provides professional rendering plant centrifuge service for industrial processors, rendering facilities, and wastewater operations throughout Seattle, Washington. Rendering plant centrifuges are critical assets in the separation of fats, oils, solids, and liquids within byproduct processing, and when these machines experience mechanical wear, vibration, leaking seals, or performance decline, timely and effective service is essential [&hellip;]<\/p>\n","protected":false},"author":3,"featured_media":0,"parent":0,"menu_order":0,"comment_status":"closed","ping_status":"closed","template":"seo-page-template.php","meta":{"_acf_changed":false,"inline_featured_image":false,"footnotes":""},"class_list":["post-2322","page","type-page","status-publish","hentry"],"acf":[],"_links":{"self":[{"href":"https:\/\/sentrimax.com\/fr\/wp-json\/wp\/v2\/pages\/2322","targetHints":{"allow":["GET"]}}],"collection":[{"href":"https:\/\/sentrimax.com\/fr\/wp-json\/wp\/v2\/pages"}],"about":[{"href":"https:\/\/sentrimax.com\/fr\/wp-json\/wp\/v2\/types\/page"}],"author":[{"embeddable":true,"href":"https:\/\/sentrimax.com\/fr\/wp-json\/wp\/v2\/users\/3"}],"replies":[{"embeddable":true,"href":"https:\/\/sentrimax.com\/fr\/wp-json\/wp\/v2\/comments?post=2322"}],"version-history":[{"count":1,"href":"https:\/\/sentrimax.com\/fr\/wp-json\/wp\/v2\/pages\/2322\/revisions"}],"predecessor-version":[{"id":2505,"href":"https:\/\/sentrimax.com\/fr\/wp-json\/wp\/v2\/pages\/2322\/revisions\/2505"}],"wp:attachment":[{"href":"https:\/\/sentrimax.com\/fr\/wp-json\/wp\/v2\/media?parent=2322"}],"curies":[{"name":"wp","href":"https:\/\/api.w.org\/{rel}","templated":true}]}}