{"id":2323,"date":"2026-01-07T17:20:13","date_gmt":"2026-01-07T17:20:13","guid":{"rendered":"https:\/\/sentrimax.com\/?page_id=2323"},"modified":"2026-04-21T21:14:18","modified_gmt":"2026-04-21T21:14:18","slug":"ethanol-centrifuge-repair-services-in-chicago-il","status":"publish","type":"page","link":"https:\/\/sentrimax.com\/fr\/ethanol-centrifuge-repair-services-in-chicago-il\/","title":{"rendered":"Services de r\u00e9paration de centrifugeuses \u00e0 \u00e9thanol \u00e0 Chicago, Illinois"},"content":{"rendered":"<p data-start=\"312\" data-end=\"865\"><img fetchpriority=\"high\" decoding=\"async\" class=\"aligncenter size-full wp-image-2026\" src=\"https:\/\/sentrimax.com\/wp-content\/uploads\/2025\/07\/imgi_4_c1a73b_67d9bd780e544ea3924fdef1b967ae4fmv2-1.webp\" alt=\"\" width=\"980\" height=\"551\" srcset=\"https:\/\/sentrimax.com\/wp-content\/uploads\/2025\/07\/imgi_4_c1a73b_67d9bd780e544ea3924fdef1b967ae4fmv2-1.webp 980w, https:\/\/sentrimax.com\/wp-content\/uploads\/2025\/07\/imgi_4_c1a73b_67d9bd780e544ea3924fdef1b967ae4fmv2-1-300x169.webp 300w, https:\/\/sentrimax.com\/wp-content\/uploads\/2025\/07\/imgi_4_c1a73b_67d9bd780e544ea3924fdef1b967ae4fmv2-1-768x432.webp 768w, https:\/\/sentrimax.com\/wp-content\/uploads\/2025\/07\/imgi_4_c1a73b_67d9bd780e544ea3924fdef1b967ae4fmv2-1-18x10.webp 18w, https:\/\/sentrimax.com\/wp-content\/uploads\/2025\/07\/imgi_4_c1a73b_67d9bd780e544ea3924fdef1b967ae4fmv2-1-600x337.webp 600w\" sizes=\"(max-width: 980px) 100vw, 980px\" \/><\/p>\n<p data-start=\"312\" data-end=\"865\">Sentrimax propose des services professionnels de r\u00e9paration de centrifugeuses \u00e0 \u00e9thanol pour les installations de production et de traitement d&#039;\u00e9thanol industriel dans toute la r\u00e9gion <strong data-start=\"454\" data-end=\"475\">Chicago, Illinois<\/strong>. Les centrifugeuses \u00e0 \u00e9thanol sont des \u00e9quipements essentiels dans la production d&#039;\u00e9thanol pour carburants et boissons. Elles servent \u00e0 s\u00e9parer les solides, les levures et autres particules des flux liquides. En cas de vibrations, d&#039;usure des roulements, de d\u00e9faillance des joints ou de baisse de performance, une r\u00e9paration rapide et effectu\u00e9e par des experts est indispensable pour minimiser les temps d&#039;arr\u00eat, pr\u00e9server la qualit\u00e9 du produit et garantir la continuit\u00e9 de la production.<\/p>\n<p data-start=\"867\" data-end=\"1321\">Fort d&#039;une exp\u00e9rience de plusieurs d\u00e9cennies dans la maintenance d&#039;\u00e9quipements de s\u00e9paration \u00e0 grande vitesse, <strong data-start=\"937\" data-end=\"950\">Sentrimax<\/strong> Sentrimax propose des diagnostics pr\u00e9cis, des r\u00e9parations m\u00e9caniques de pr\u00e9cision, une planification de la maintenance pr\u00e9ventive et des solutions de remise \u00e0 neuf adapt\u00e9es aux exigences sp\u00e9cifiques de l&#039;entretien des centrifugeuses \u00e0 \u00e9thanol. Qu&#039;il s&#039;agisse d&#039;intervenir en urgence ou de planifier la maintenance et les mises \u00e0 niveau, Sentrimax aide les installations de Chicago \u00e0 maintenir des performances optimales de leurs centrifugeuses et \u00e0 prolonger la dur\u00e9e de vie de leurs \u00e9quipements.<\/p>\n<hr data-start=\"1323\" data-end=\"1326\" \/>\n<h2 data-start=\"1328\" data-end=\"1386\">Soutien aux op\u00e9rations de production d&#039;\u00e9thanol \u00e0 travers Chicago<\/h2>\n<p data-start=\"1388\" data-end=\"1874\">Centrifugations \u00e0 \u00e9thanol dans le <strong data-start=\"1415\" data-end=\"1444\">r\u00e9gion m\u00e9tropolitaine de Chicago<\/strong> Les centrifugeuses prennent en charge un large \u00e9ventail d&#039;op\u00e9rations de s\u00e9paration dans la production d&#039;\u00e9thanol pour carburants et boissons, o\u00f9 une \u00e9limination et une clarification constantes des solides sont essentielles \u00e0 la qualit\u00e9 du produit et au rendement. En cas de d\u00e9gradation des performances due \u00e0 des vibrations, des roulements cass\u00e9s, des joints us\u00e9s, un d\u00e9faut d&#039;alignement ou des probl\u00e8mes de bo\u00eete de vitesses, les op\u00e9rateurs ont besoin d&#039;une intervention rapide de techniciens poss\u00e9dant une exp\u00e9rience pratique en m\u00e9canique des centrifugeuses et en maintenance sur site.<\/p>\n<p data-start=\"1876\" data-end=\"2249\">Sentrimax propose un service d&#039;intervention rapide sur site dans toute la r\u00e9gion de Chicago, vous offrant une expertise en mati\u00e8re d&#039;\u00e9valuation, de diagnostic et de r\u00e9paration. Nos techniciens collaborent avec votre \u00e9quipe de maintenance pour \u00e9valuer l&#039;\u00e9tat de vos \u00e9quipements, \u00e9laborer des strat\u00e9gies de r\u00e9paration et mettre en \u0153uvre des solutions adapt\u00e9es \u00e0 votre planning op\u00e9rationnel et \u00e0 vos normes de s\u00e9curit\u00e9.<\/p>\n<p data-start=\"2251\" data-end=\"2360\">Pour conna\u00eetre l&#039;ensemble des capacit\u00e9s de service en mati\u00e8re de centrifugeuses dans tous les secteurs d&#039;activit\u00e9, consultez <a class=\"decorated-link cursor-pointer\" target=\"_new\" rel=\"noopener\" data-start=\"2319\" data-end=\"2359\">https:\/\/sentrimax.com\/centrifuge-repair\/<\/a>.<\/p>\n<hr data-start=\"2362\" data-end=\"2365\" \/>\n<h2 data-start=\"2367\" data-end=\"2420\">Pourquoi la r\u00e9paration professionnelle des centrifugeuses \u00e0 \u00e9thanol est importante<\/h2>\n<p data-start=\"2422\" data-end=\"2886\">Les centrifugeuses \u00e0 \u00e9thanol sont des machines de pr\u00e9cision con\u00e7ues pour fonctionner \u00e0 haute vitesse en continu. Lors de la production d&#039;\u00e9thanol, les caract\u00e9ristiques de l&#039;alimentation, telles qu&#039;une teneur \u00e9lev\u00e9e en mati\u00e8res solides, des d\u00e9bris de levure et un d\u00e9bit variable, peuvent acc\u00e9l\u00e9rer l&#039;usure des composants cl\u00e9s, notamment les roulements, les joints d&#039;\u00e9tanch\u00e9it\u00e9, les spirales, les \u00e9l\u00e9ments de convoyeur et les composants de la bo\u00eete de vitesses. Un traitement tardif des probl\u00e8mes \u00e9mergents peut entra\u00eener des arr\u00eats de production prolong\u00e9s, une d\u00e9gradation de la qualit\u00e9 et une augmentation des co\u00fbts de maintenance.<\/p>\n<p data-start=\"2888\" data-end=\"3268\">Les techniciens de Sentrimax suivent des proc\u00e9dures de r\u00e9paration document\u00e9es et les meilleures pratiques du secteur pour garantir que l&#039;entretien des centrifugeuses \u00e0 \u00e9thanol permette de r\u00e9tablir leurs performances tout en traitant les causes sous-jacentes d&#039;usure et de panne, telles que le d\u00e9salignement, la d\u00e9faillance de la lubrification ou les d\u00e9s\u00e9quilibres vibratoires. Cette approche globale am\u00e9liore la fiabilit\u00e9 et r\u00e9duit le risque d&#039;arr\u00eats de production r\u00e9currents.<\/p>\n<hr data-start=\"3270\" data-end=\"3273\" \/>\n<h2 data-start=\"3275\" data-end=\"3326\">Services complets de r\u00e9paration de centrifugeuses \u00e0 \u00e9thanol<\/h2>\n<p data-start=\"3328\" data-end=\"3476\">Sentrimax propose une gamme compl\u00e8te de services de r\u00e9paration de centrifugeuses \u00e0 \u00e9thanol con\u00e7us pour soutenir les op\u00e9rations de Chicago \u00e0 chaque \u00e9tape de la maintenance et de la r\u00e9paration\u00a0:<\/p>\n<ul data-start=\"3478\" data-end=\"3987\">\n<li data-start=\"3478\" data-end=\"3532\">\n<p data-start=\"3480\" data-end=\"3532\"><strong data-start=\"3480\" data-end=\"3530\">Inspection m\u00e9canique et \u00e9valuation de l&#039;\u00e9tat<\/strong><\/p>\n<\/li>\n<li data-start=\"3533\" data-end=\"3584\">\n<p data-start=\"3535\" data-end=\"3584\"><strong data-start=\"3535\" data-end=\"3582\">Diagnostic des d\u00e9faillances et analyse des causes profondes<\/strong><\/p>\n<\/li>\n<li data-start=\"3585\" data-end=\"3646\">\n<p data-start=\"3587\" data-end=\"3646\"><strong data-start=\"3587\" data-end=\"3644\">D\u00e9pose, remplacement et alignement de pr\u00e9cision des roulements<\/strong><\/p>\n<\/li>\n<li data-start=\"3647\" data-end=\"3710\">\n<p data-start=\"3649\" data-end=\"3710\"><strong data-start=\"3649\" data-end=\"3708\">r\u00e9paration ou remplacement de bols, de volutes, de convoyeurs et de vis<\/strong><\/p>\n<\/li>\n<li data-start=\"3711\" data-end=\"3771\">\n<p data-start=\"3713\" data-end=\"3771\"><strong data-start=\"3713\" data-end=\"3769\">Inspection, r\u00e9fection et v\u00e9rification du couple de la bo\u00eete de vitesses<\/strong><\/p>\n<\/li>\n<li data-start=\"3772\" data-end=\"3819\">\n<p data-start=\"3774\" data-end=\"3819\"><strong data-start=\"3774\" data-end=\"3817\">\u00c9quilibrage dynamique avec des tol\u00e9rances pr\u00e9cises<\/strong><\/p>\n<\/li>\n<li data-start=\"3820\" data-end=\"3873\">\n<p data-start=\"3822\" data-end=\"3873\"><strong data-start=\"3822\" data-end=\"3871\">Remplacement des joints et protection renforc\u00e9e contre l&#039;usure<\/strong><\/p>\n<\/li>\n<li data-start=\"3874\" data-end=\"3933\">\n<p data-start=\"3876\" data-end=\"3933\"><strong data-start=\"3876\" data-end=\"3931\">Assistance au d\u00e9pannage des syst\u00e8mes de contr\u00f4le et d&#039;instrumentation<\/strong><\/p>\n<\/li>\n<li data-start=\"3934\" data-end=\"3987\">\n<p data-start=\"3936\" data-end=\"3987\"><strong data-start=\"3936\" data-end=\"3987\">V\u00e9rification des performances et assistance au d\u00e9marrage<\/strong><\/p>\n<\/li>\n<\/ul>\n<p data-start=\"3989\" data-end=\"4262\">Chaque intervention fait l&#039;objet de proc\u00e9dures document\u00e9es, conformes aux exigences du constructeur et aux meilleures pratiques du secteur. Nos techniciens \u00e9valuent l&#039;ensemble du syst\u00e8me m\u00e9canique \u2013 et pas seulement les sympt\u00f4mes visibles \u2013 afin d&#039;effectuer des r\u00e9parations durables qui am\u00e9liorent la disponibilit\u00e9 et la fiabilit\u00e9 d&#039;exploitation.<\/p>\n<hr data-start=\"4264\" data-end=\"4267\" \/>\n<h2 data-start=\"4269\" data-end=\"4316\">Service sur le terrain et intervention rapide dans l&#039;Illinois<\/h2>\n<p data-start=\"4318\" data-end=\"4670\">Les pannes impr\u00e9vues de centrifugeuses peuvent perturber les calendriers de production d&#039;\u00e9thanol, r\u00e9duire le rendement et mettre \u00e0 rude \u00e9preuve les ressources de maintenance. Sentrimax assure un service d&#039;intervention rapide sur site dans toute la r\u00e9gion de Chicago, en d\u00e9ployant des techniciens exp\u00e9riment\u00e9s \u00e9quip\u00e9s d&#039;outils de diagnostic et appliquant des proc\u00e9dures ax\u00e9es sur la s\u00e9curit\u00e9 pour effectuer des \u00e9valuations et des r\u00e9parations sur place.<\/p>\n<p data-start=\"4672\" data-end=\"4721\">L&#039;intervention sur site offre des avantages essentiels\u00a0:<\/p>\n<ul data-start=\"4723\" data-end=\"4986\">\n<li data-start=\"4723\" data-end=\"4783\">\n<p data-start=\"4725\" data-end=\"4783\">\u00c9valuation des \u00e9quipements en conditions r\u00e9elles de traitement<\/p>\n<\/li>\n<li data-start=\"4784\" data-end=\"4837\">\n<p data-start=\"4786\" data-end=\"4837\">D\u00e9pannage imm\u00e9diat et mesures correctives<\/p>\n<\/li>\n<li data-start=\"4838\" data-end=\"4897\">\n<p data-start=\"4840\" data-end=\"4897\">Besoin r\u00e9duit de d\u00e9m\u00e9nagements co\u00fbteux et de transports hors site<\/p>\n<\/li>\n<li data-start=\"4898\" data-end=\"4986\">\n<p data-start=\"4900\" data-end=\"4986\">Collaboration directe avec le personnel de l&#039;usine pour int\u00e9grer le service aux horaires de production<\/p>\n<\/li>\n<\/ul>\n<p data-start=\"4988\" data-end=\"5115\">Les techniciens de terrain travaillent efficacement pour minimiser les perturbations et remettre les \u00e9quipements en service de mani\u00e8re fiable le plus rapidement possible.<\/p>\n<hr data-start=\"5117\" data-end=\"5120\" \/>\n<h2 data-start=\"5122\" data-end=\"5167\">R\u00e9parations de pr\u00e9cision avec des pi\u00e8ces de haute qualit\u00e9<\/h2>\n<p data-start=\"5169\" data-end=\"5384\">La qualit\u00e9 des pi\u00e8ces de rechange utilis\u00e9es lors des r\u00e9parations influe directement sur la fiabilit\u00e9 et les performances \u00e0 long terme. Sentrimax fournit des composants de rechange de qualit\u00e9 \u00e9quivalente \u00e0 celle des pi\u00e8ces d&#039;origine pour les centrifugeuses \u00e0 \u00e9thanol, notamment\u00a0:<\/p>\n<ul data-start=\"5386\" data-end=\"5622\">\n<li data-start=\"5386\" data-end=\"5421\">\n<p data-start=\"5388\" data-end=\"5421\">Roulements et ensembles de roulements<\/p>\n<\/li>\n<li data-start=\"5422\" data-end=\"5443\">\n<p data-start=\"5424\" data-end=\"5443\">Joints et garnitures<\/p>\n<\/li>\n<li data-start=\"5444\" data-end=\"5496\">\n<p data-start=\"5446\" data-end=\"5496\">Volants de volutes, convoyeurs et \u00e9l\u00e9ments rotatifs<\/p>\n<\/li>\n<li data-start=\"5497\" data-end=\"5545\">\n<p data-start=\"5499\" data-end=\"5545\">Composants de la bo\u00eete de vitesses et pi\u00e8ces de transmission du couple<\/p>\n<\/li>\n<li data-start=\"5546\" data-end=\"5584\">\n<p data-start=\"5548\" data-end=\"5584\">Bol, moyeu et ensembles rotatifs<\/p>\n<\/li>\n<li data-start=\"5585\" data-end=\"5622\">\n<p data-start=\"5587\" data-end=\"5622\">Kits de fixation et de quincaillerie de service<\/p>\n<\/li>\n<\/ul>\n<p data-start=\"5624\" data-end=\"5807\">Avant leur installation, toutes les pi\u00e8ces sont inspect\u00e9es afin de v\u00e9rifier leur pr\u00e9cision dimensionnelle, l&#039;int\u00e9grit\u00e9 des mat\u00e9riaux et leur compatibilit\u00e9, garantissant ainsi des performances fiables dans les environnements de service exigeants utilisant de l&#039;\u00e9thanol.<\/p>\n<p data-start=\"5809\" data-end=\"5918\">Vous trouverez des informations sur les pi\u00e8ces disponibles et la prise en charge des composants \u00e0 l&#039;adresse suivante\u00a0: <a class=\"decorated-link cursor-pointer\" target=\"_new\" rel=\"noopener\" data-start=\"5878\" data-end=\"5917\">https:\/\/sentrimax.com\/centrifuge-parts\/<\/a>.<\/p>\n<hr data-start=\"5920\" data-end=\"5923\" \/>\n<h2 data-start=\"5925\" data-end=\"5967\">Reconstruire les services pour r\u00e9tablir les performances<\/h2>\n<p data-start=\"5969\" data-end=\"6131\">Pour les centrifugeuses pr\u00e9sentant une usure avanc\u00e9e ou arrivant en fin de vie, Sentrimax propose des services de remise \u00e0 neuf complets. Les projets de remise \u00e0 neuf comprennent g\u00e9n\u00e9ralement\u00a0:<\/p>\n<ul data-start=\"6133\" data-end=\"6384\">\n<li data-start=\"6133\" data-end=\"6166\">\n<p data-start=\"6135\" data-end=\"6166\">D\u00e9montage et nettoyage complets<\/p>\n<\/li>\n<li data-start=\"6167\" data-end=\"6220\">\n<p data-start=\"6169\" data-end=\"6220\">Inspection et r\u00e9tablissement des tol\u00e9rances critiques<\/p>\n<\/li>\n<li data-start=\"6221\" data-end=\"6255\">\n<p data-start=\"6223\" data-end=\"6255\">Remplacement des composants us\u00e9s<\/p>\n<\/li>\n<li data-start=\"6256\" data-end=\"6299\">\n<p data-start=\"6258\" data-end=\"6299\">Usinage de pr\u00e9cision pour un ajustement et un \u00e9quilibre parfaits<\/p>\n<\/li>\n<li data-start=\"6300\" data-end=\"6344\">\n<p data-start=\"6302\" data-end=\"6344\">\u00c9quilibrage dynamique des ensembles rotatifs<\/p>\n<\/li>\n<li data-start=\"6345\" data-end=\"6384\">\n<p data-start=\"6347\" data-end=\"6384\">R\u00e9assemblage et validation des performances<\/p>\n<\/li>\n<\/ul>\n<p data-start=\"6386\" data-end=\"6553\">Les remises en \u00e9tat sont coordonn\u00e9es avec les \u00e9quipes des installations afin de s&#039;aligner sur les arr\u00eats planifi\u00e9s et les calendriers de maintenance, minimisant ainsi les perturbations de la production tout en prolongeant la dur\u00e9e de vie des \u00e9quipements.<\/p>\n<hr data-start=\"6555\" data-end=\"6558\" \/>\n<h2 data-start=\"6560\" data-end=\"6603\">Maintenance pr\u00e9ventive pour am\u00e9liorer la disponibilit\u00e9<\/h2>\n<p data-start=\"6605\" data-end=\"6913\">Les r\u00e9parations r\u00e9actives sont co\u00fbteuses en pi\u00e8ces d\u00e9tach\u00e9es, en main-d&#039;\u0153uvre et en pertes de production. La maintenance pr\u00e9ventive permet aux installations de d\u00e9tecter rapidement les probl\u00e8mes \u00e9mergents, de r\u00e9duire les pannes impr\u00e9vues et d&#039;optimiser les budgets de maintenance. Sentrimax collabore avec les producteurs d&#039;\u00e9thanol de Chicago pour \u00e9laborer des plans de maintenance pr\u00e9ventive pouvant inclure\u00a0:<\/p>\n<ul data-start=\"6915\" data-end=\"7222\">\n<li data-start=\"6915\" data-end=\"6972\">\n<p data-start=\"6917\" data-end=\"6972\">Inspections m\u00e9caniques de routine et suivi de l&#039;\u00e9tat<\/p>\n<\/li>\n<li data-start=\"6973\" data-end=\"7008\">\n<p data-start=\"6975\" data-end=\"7008\">Analyse et tendances des vibrations<\/p>\n<\/li>\n<li data-start=\"7009\" data-end=\"7062\">\n<p data-start=\"7011\" data-end=\"7062\">Pr\u00e9l\u00e8vement d&#039;\u00e9chantillons d&#039;huile et \u00e9valuation de l&#039;\u00e9tat de la lubrification<\/p>\n<\/li>\n<li data-start=\"7063\" data-end=\"7125\">\n<p data-start=\"7065\" data-end=\"7125\">Mesure de l&#039;usure des roulements, des joints d&#039;\u00e9tanch\u00e9it\u00e9 et des \u00e9l\u00e9ments critiques<\/p>\n<\/li>\n<li data-start=\"7126\" data-end=\"7170\">\n<p data-start=\"7128\" data-end=\"7170\">Remplacement programm\u00e9 des pi\u00e8ces \u00e0 forte usure<\/p>\n<\/li>\n<li data-start=\"7171\" data-end=\"7222\">\n<p data-start=\"7173\" data-end=\"7222\">Contr\u00f4les d&#039;alignement et v\u00e9rification dynamique de l&#039;\u00e9quilibre<\/p>\n<\/li>\n<\/ul>\n<p data-start=\"7224\" data-end=\"7387\">En planifiant la maintenance sur la base des donn\u00e9es op\u00e9rationnelles plut\u00f4t que des pannes, les installations peuvent am\u00e9liorer la disponibilit\u00e9, r\u00e9duire les r\u00e9parations d&#039;urgence et optimiser les d\u00e9penses de maintenance.<\/p>\n<hr data-start=\"7389\" data-end=\"7392\" \/>\n<h2 data-start=\"7394\" data-end=\"7445\">Soutien \u00e0 la qualit\u00e9 des produits et aux objectifs op\u00e9rationnels<\/h2>\n<p data-start=\"7447\" data-end=\"7807\">Les performances de la centrifugeuse \u00e0 \u00e9thanol influent sur la clart\u00e9 du produit, l&#039;efficacit\u00e9 du traitement des solides et la stabilit\u00e9 globale du proc\u00e9d\u00e9. Une s\u00e9paration inefficace peut engendrer des probl\u00e8mes de qualit\u00e9 du produit, une augmentation des volumes de d\u00e9chets \u00e0 transporter et une hausse des co\u00fbts d&#039;exploitation. Un service rapide permet aux sites de production de maintenir des r\u00e9sultats de s\u00e9paration constants, essentiels \u00e0 l&#039;atteinte des objectifs op\u00e9rationnels.<\/p>\n<p data-start=\"7809\" data-end=\"8159\">Pour un contexte op\u00e9rationnel et r\u00e9glementaire plus large relatif aux eaux us\u00e9es et aux proc\u00e9d\u00e9s de s\u00e9paration, les op\u00e9rateurs peuvent se r\u00e9f\u00e9rer aux directives de <strong data-start=\"7946\" data-end=\"7992\">Agence am\u00e9ricaine de protection de l&#039;environnement (EPA)<\/strong> \u00e0 <a class=\"decorated-link cursor-pointer\" target=\"_new\" rel=\"noopener\" data-start=\"7996\" data-end=\"8021\">https:\/\/www.epa.gov\/water<\/a>. Des informations suppl\u00e9mentaires sur le secteur et les meilleures pratiques sont disponibles via le <strong data-start=\"8096\" data-end=\"8134\">F\u00e9d\u00e9ration pour l&#039;environnement de l&#039;eau (WEF)<\/strong> \u00e0 <a class=\"decorated-link\" href=\"https:\/\/www.wef.org\/\" target=\"_new\" rel=\"noopener\" data-start=\"8138\" data-end=\"8158\">https:\/\/www.wef.org\/<\/a>.<\/p>\n<hr data-start=\"8161\" data-end=\"8164\" \/>\n<h2 data-start=\"8166\" data-end=\"8208\">Pourquoi les entreprises de Chicago choisissent Sentrimax<\/h2>\n<p data-start=\"8210\" data-end=\"8569\">Les producteurs d&#039;\u00e9thanol de Chicago choisissent Sentrimax pour la r\u00e9paration de leurs centrifugeuses \u00e0 \u00e9thanol en raison de son expertise technique pointue, de ses \u00e9quipes d&#039;intervention exp\u00e9riment\u00e9es et de son engagement envers la qualit\u00e9. Les techniciens de Sentrimax allient savoir-faire m\u00e9canique et exp\u00e9rience pratique sur le terrain, aidant ainsi les installations \u00e0 diagnostiquer les probl\u00e8mes complexes, \u00e0 effectuer des r\u00e9parations efficaces et \u00e0 prot\u00e9ger leurs \u00e9quipements critiques.<\/p>\n<p data-start=\"8571\" data-end=\"8917\">Une communication claire et une documentation d\u00e9taill\u00e9e sont essentielles \u00e0 chaque intervention de r\u00e9paration. Les installations re\u00e7oivent des rapports complets pr\u00e9sentant les r\u00e9sultats du diagnostic, les actions correctives entreprises, les pi\u00e8ces remplac\u00e9es et des recommandations pour la planification de la maintenance future. Ces informations permettent une prise de d\u00e9cision \u00e9clair\u00e9e et des strat\u00e9gies de gestion des actifs \u00e0 long terme.<\/p>\n<p data-start=\"8919\" data-end=\"9052\">Pour une expertise en mati\u00e8re de services connexes dans le domaine des centrifugeuses industrielles et de traitement des eaux us\u00e9es, voir <a class=\"decorated-link cursor-pointer\" target=\"_new\" rel=\"noopener\" data-start=\"9007\" data-end=\"9051\">https:\/\/sentrimax.com\/industries\/wastewater\/<\/a>.<\/p>\n<hr data-start=\"9054\" data-end=\"9057\" \/>\n<h2 data-start=\"9059\" data-end=\"9107\">Assistance compl\u00e8te, de l&#039;\u00e9valuation au d\u00e9marrage<\/h2>\n<p data-start=\"9109\" data-end=\"9179\">Le mod\u00e8le de service de Sentrimax va au-del\u00e0 de la r\u00e9paration m\u00e9canique et comprend\u00a0:<\/p>\n<ul data-start=\"9181\" data-end=\"9406\">\n<li data-start=\"9181\" data-end=\"9227\">\n<p data-start=\"9183\" data-end=\"9227\">Coordination du gr\u00e9age et du retrait du mat\u00e9riel<\/p>\n<\/li>\n<li data-start=\"9228\" data-end=\"9280\">\n<p data-start=\"9230\" data-end=\"9280\">v\u00e9rification de l&#039;alignement et des dimensions<\/p>\n<\/li>\n<li data-start=\"9281\" data-end=\"9323\">\n<p data-start=\"9283\" data-end=\"9323\">Assistance \u00e0 la r\u00e9installation et \u00e0 l&#039;\u00e9talonnage<\/p>\n<\/li>\n<li data-start=\"9324\" data-end=\"9369\">\n<p data-start=\"9326\" data-end=\"9369\">Assistance au d\u00e9marrage et mise au point op\u00e9rationnelle<\/p>\n<\/li>\n<li data-start=\"9370\" data-end=\"9406\">\n<p data-start=\"9372\" data-end=\"9406\">\u00c9valuation des performances apr\u00e8s r\u00e9paration<\/p>\n<\/li>\n<\/ul>\n<p data-start=\"9408\" data-end=\"9553\">Cette approche globale garantit que les centrifugeuses \u00e0 \u00e9thanol reprennent du service de mani\u00e8re fiable, efficace et conforme aux sp\u00e9cifications de conception.<\/p>\n<hr data-start=\"9555\" data-end=\"9558\" \/>\n<h2 data-start=\"9560\" data-end=\"9616\">Am\u00e9lioration continue gr\u00e2ce au suivi des performances<\/h2>\n<p data-start=\"9618\" data-end=\"9918\">La fiabilit\u00e9 \u00e0 long terme repose sur des strat\u00e9gies de maintenance bas\u00e9es sur les donn\u00e9es. Sentrimax accompagne les installations dans le suivi des indicateurs cl\u00e9s de performance (tels que les tendances vibratoires, les profils de couple et les donn\u00e9es d&#039;usure) afin d&#039;anticiper les besoins de maintenance, d&#039;optimiser la planification et de r\u00e9duire le co\u00fbt total de possession.<\/p>\n<hr data-start=\"9920\" data-end=\"9923\" \/>\n<h2 data-start=\"9925\" data-end=\"9984\">Demande de services de r\u00e9paration de centrifugeuses \u00e0 \u00e9thanol \u00e0 Chicago, Illinois<\/h2>\n<p data-start=\"9986\" data-end=\"10357\">Lorsque des services de r\u00e9paration sp\u00e9cialis\u00e9s de centrifugeuses \u00e0 \u00e9thanol sont n\u00e9cessaires <strong data-start=\"10049\" data-end=\"10064\">Chicago, Illinois<\/strong>, Les entreprises du secteur font confiance \u00e0 Sentrimax pour son expertise reconnue, son assistance r\u00e9active et ses r\u00e9sultats professionnels. Qu&#039;il s&#039;agisse de pannes urgentes, de planification de la maintenance pr\u00e9ventive ou de reconstructions compl\u00e8tes, Sentrimax propose des solutions con\u00e7ues pour garantir le fonctionnement fiable et efficace de vos centrifugeuses.<\/p>\n<p data-start=\"10359\" data-end=\"10413\"><strong data-start=\"10359\" data-end=\"10413\"><a class=\"decorated-link\" href=\"https:\/\/sentrimax.com\/fr\/contact\/\" target=\"_new\" rel=\"noopener\" data-start=\"10361\" data-end=\"10411\">Demandez un devis !<\/a><\/strong><\/p>","protected":false},"excerpt":{"rendered":"<p>Sentrimax provides professional ethanol centrifuge repair services for industrial ethanol production facilities and process plants throughout Chicago, Illinois. Ethanol centrifuges are critical pieces of equipment in fuel and beverage ethanol applications, used to separate solids, yeast, and other particulates from liquid streams. When these machines experience vibration, bearing wear, seal failure, or declining performance, prompt [&hellip;]<\/p>\n","protected":false},"author":3,"featured_media":0,"parent":0,"menu_order":0,"comment_status":"closed","ping_status":"closed","template":"seo-page-template.php","meta":{"_acf_changed":false,"inline_featured_image":false,"footnotes":""},"class_list":["post-2323","page","type-page","status-publish","hentry"],"acf":[],"_links":{"self":[{"href":"https:\/\/sentrimax.com\/fr\/wp-json\/wp\/v2\/pages\/2323","targetHints":{"allow":["GET"]}}],"collection":[{"href":"https:\/\/sentrimax.com\/fr\/wp-json\/wp\/v2\/pages"}],"about":[{"href":"https:\/\/sentrimax.com\/fr\/wp-json\/wp\/v2\/types\/page"}],"author":[{"embeddable":true,"href":"https:\/\/sentrimax.com\/fr\/wp-json\/wp\/v2\/users\/3"}],"replies":[{"embeddable":true,"href":"https:\/\/sentrimax.com\/fr\/wp-json\/wp\/v2\/comments?post=2323"}],"version-history":[{"count":1,"href":"https:\/\/sentrimax.com\/fr\/wp-json\/wp\/v2\/pages\/2323\/revisions"}],"predecessor-version":[{"id":2504,"href":"https:\/\/sentrimax.com\/fr\/wp-json\/wp\/v2\/pages\/2323\/revisions\/2504"}],"wp:attachment":[{"href":"https:\/\/sentrimax.com\/fr\/wp-json\/wp\/v2\/media?parent=2323"}],"curies":[{"name":"wp","href":"https:\/\/api.w.org\/{rel}","templated":true}]}}