{"id":2324,"date":"2026-01-07T17:22:21","date_gmt":"2026-01-07T17:22:21","guid":{"rendered":"https:\/\/sentrimax.com\/?page_id=2324"},"modified":"2026-04-21T21:14:17","modified_gmt":"2026-04-21T21:14:17","slug":"ethanol-decanter-centrifuge-service-in-minneapolis-mn","status":"publish","type":"page","link":"https:\/\/sentrimax.com\/fr\/ethanol-decanter-centrifuge-service-in-minneapolis-mn\/","title":{"rendered":"Service de d\u00e9cantation et de centrifugation d&#039;\u00e9thanol \u00e0 Minneapolis, Minnesota"},"content":{"rendered":"<p data-start=\"323\" data-end=\"844\"><img fetchpriority=\"high\" decoding=\"async\" class=\"aligncenter size-full wp-image-1755\" src=\"https:\/\/sentrimax.com\/wp-content\/uploads\/2025\/05\/c1a73b_185d4207a8124e03a73ad40a18f5bc0amv2-1536x1152-1-e1761192038637.webp\" alt=\"\" width=\"957\" height=\"718\" \/><\/p>\n<p data-start=\"323\" data-end=\"844\">Sentrimax propose un service professionnel de d\u00e9cantation et de centrifugation de l&#039;\u00e9thanol pour les installations de production et de traitement industrielles d&#039;\u00e9thanol dans toute la r\u00e9gion. <strong data-start=\"466\" data-end=\"492\">Minneapolis, Minnesota<\/strong>. Les centrifugeuses d\u00e9canteuses d&#039;\u00e9thanol sont essentielles \u00e0 la s\u00e9paration rapide des solides et des liquides dans la fabrication de l&#039;\u00e9thanol destin\u00e9 aux carburants et aux boissons. En cas de vibrations, de baisse de d\u00e9bit, de probl\u00e8mes de roulements ou d&#039;\u00e9tanch\u00e9it\u00e9, ou de diminution des performances de ces machines, une intervention rapide et experte est cruciale pour garantir la continuit\u00e9 de la production, la qualit\u00e9 des produits et la rentabilit\u00e9.<\/p>\n<p data-start=\"846\" data-end=\"1334\">Fort d&#039;une exp\u00e9rience de plusieurs d\u00e9cennies dans la maintenance d&#039;\u00e9quipements de s\u00e9paration \u00e0 grande vitesse, <strong data-start=\"916\" data-end=\"929\">Sentrimax<\/strong> Sentrimax propose des services complets d&#039;inspection, des diagnostics pr\u00e9cis, des r\u00e9parations m\u00e9caniques de pr\u00e9cision, la planification de la maintenance pr\u00e9ventive et des solutions de remise \u00e0 neuf adapt\u00e9es aux conditions d&#039;exploitation exigeantes de la production d&#039;\u00e9thanol. Qu&#039;il s&#039;agisse de r\u00e9pondre \u00e0 un besoin de r\u00e9paration urgente ou de planifier la maintenance ou les mises \u00e0 niveau, Sentrimax aide les installations de Minneapolis \u00e0 maintenir des performances fiables des centrifugeuses et \u00e0 prolonger leur dur\u00e9e de vie.<\/p>\n<hr data-start=\"1336\" data-end=\"1339\" \/>\n<h2 data-start=\"1341\" data-end=\"1403\">Soutien aux op\u00e9rations de production d&#039;\u00e9thanol \u00e0 Minneapolis<\/h2>\n<p data-start=\"1405\" data-end=\"1933\">centrifugeuses d\u00e9canteuses d&#039;\u00e9thanol dans le <strong data-start=\"1441\" data-end=\"1474\">r\u00e9gion m\u00e9tropolitaine de Minneapolis<\/strong> Les centrifugeuses jouent un r\u00f4le essentiel dans l&#039;\u00e9limination efficace des solides et la clarification des liquides. Ces machines fonctionnent dans des conditions difficiles, souvent en pr\u00e9sence de levures, de prot\u00e9ines et d&#039;autres particules susceptibles d&#039;acc\u00e9l\u00e9rer l&#039;usure des roulements, des joints, des spirales, des convoyeurs et des composants de la bo\u00eete de vitesses. En cas de probl\u00e8me de performance (vibrations, \u00e9chauffement, fuites d&#039;\u00e9tanch\u00e9it\u00e9 ou diminution de la clart\u00e9), l&#039;intervention de techniciens sp\u00e9cialis\u00e9s en centrifugeuses est indispensable pour diagnostiquer et r\u00e9soudre les probl\u00e8mes sous-jacents.<\/p>\n<p data-start=\"1935\" data-end=\"2282\">Sentrimax propose un service d&#039;intervention rapide sur site dans toute la r\u00e9gion de Minneapolis, mettant \u00e0 votre disposition son expertise et ses outils de diagnostic directement sur votre site. Ses techniciens collaborent avec les \u00e9quipes de maintenance pour \u00e9valuer l&#039;\u00e9tat des machines, identifier les causes profondes des pannes et effectuer les r\u00e9parations n\u00e9cessaires en respectant les plannings de production et les consignes de s\u00e9curit\u00e9.<\/p>\n<p data-start=\"2284\" data-end=\"2402\">Pour conna\u00eetre l&#039;ensemble des capacit\u00e9s de service en mati\u00e8re de centrifugeuses dans de multiples secteurs d&#039;activit\u00e9, consultez <a class=\"decorated-link cursor-pointer\" target=\"_new\" rel=\"noopener\" data-start=\"2361\" data-end=\"2401\">https:\/\/sentrimax.com\/centrifuge-repair\/<\/a>.<\/p>\n<hr data-start=\"2404\" data-end=\"2407\" \/>\n<h2 data-start=\"2409\" data-end=\"2472\">Pourquoi l&#039;entretien professionnel des centrifugeuses \u00e0 d\u00e9canter l&#039;\u00e9thanol est important<\/h2>\n<p data-start=\"2474\" data-end=\"3018\">Les centrifugeuses d\u00e9canteuses d&#039;\u00e9thanol sont des machines de pr\u00e9cision fonctionnant \u00e0 des vitesses de rotation \u00e9lev\u00e9es et avec des tol\u00e9rances m\u00e9caniques strictes. Des r\u00e9parations inad\u00e9quates, des diagnostics incomplets ou des pi\u00e8ces incompatibles peuvent laisser des probl\u00e8mes sous-jacents non r\u00e9solus, entra\u00eenant des vibrations r\u00e9currentes, un d\u00e9s\u00e9quilibre, une usure pr\u00e9matur\u00e9e, une efficacit\u00e9 de s\u00e9paration r\u00e9duite et des arr\u00eats impr\u00e9vus. Les techniciens de Sentrimax utilisent des proc\u00e9dures document\u00e9es et les meilleures pratiques reconnues du secteur pour s&#039;assurer que les r\u00e9parations traitent \u00e0 la fois les sympt\u00f4mes visibles et les causes profondes telles que le d\u00e9salignement, la d\u00e9faillance de la lubrification ou le d\u00e9s\u00e9quilibre.<\/p>\n<p data-start=\"3020\" data-end=\"3144\">Un service d&#039;entretien complet aide les producteurs d&#039;\u00e9thanol \u00e0 am\u00e9liorer la fiabilit\u00e9 des machines, \u00e0 prot\u00e9ger la qualit\u00e9 du produit et \u00e0 r\u00e9duire les pannes r\u00e9currentes.<\/p>\n<hr data-start=\"3146\" data-end=\"3149\" \/>\n<h2 data-start=\"3151\" data-end=\"3213\">Offre compl\u00e8te de services de d\u00e9cantation et de centrifugation d&#039;\u00e9thanol<\/h2>\n<p data-start=\"3215\" data-end=\"3382\">Sentrimax propose une gamme compl\u00e8te de solutions de service pour les centrifugeuses d\u00e9canteuses d&#039;\u00e9thanol, con\u00e7ues pour accompagner les installations de Minneapolis \u00e0 toutes les \u00e9tapes de la maintenance et de la r\u00e9paration\u00a0:<\/p>\n<ul data-start=\"3384\" data-end=\"3894\">\n<li data-start=\"3384\" data-end=\"3447\">\n<p data-start=\"3386\" data-end=\"3447\"><strong data-start=\"3386\" data-end=\"3445\">Inspection m\u00e9canique et \u00e9valuation d\u00e9taill\u00e9e de l&#039;\u00e9tat<\/strong><\/p>\n<\/li>\n<li data-start=\"3448\" data-end=\"3499\">\n<p data-start=\"3450\" data-end=\"3499\"><strong data-start=\"3450\" data-end=\"3497\">Diagnostic des d\u00e9faillances et analyse des causes profondes<\/strong><\/p>\n<\/li>\n<li data-start=\"3500\" data-end=\"3561\">\n<p data-start=\"3502\" data-end=\"3561\"><strong data-start=\"3502\" data-end=\"3559\">D\u00e9pose, remplacement et alignement de pr\u00e9cision des roulements<\/strong><\/p>\n<\/li>\n<li data-start=\"3562\" data-end=\"3621\">\n<p data-start=\"3564\" data-end=\"3621\"><strong data-start=\"3564\" data-end=\"3619\">Inspection\/r\u00e9paration des bols, des spirales, des convoyeurs et des vis<\/strong><\/p>\n<\/li>\n<li data-start=\"3622\" data-end=\"3682\">\n<p data-start=\"3624\" data-end=\"3682\"><strong data-start=\"3624\" data-end=\"3680\">Inspection, r\u00e9fection et v\u00e9rification du couple de la bo\u00eete de vitesses<\/strong><\/p>\n<\/li>\n<li data-start=\"3683\" data-end=\"3726\">\n<p data-start=\"3685\" data-end=\"3726\"><strong data-start=\"3685\" data-end=\"3724\">\u00c9quilibrage dynamique selon les tol\u00e9rances du constructeur<\/strong><\/p>\n<\/li>\n<li data-start=\"3727\" data-end=\"3780\">\n<p data-start=\"3729\" data-end=\"3780\"><strong data-start=\"3729\" data-end=\"3778\">Remplacement des joints et protection contre l&#039;usure am\u00e9lior\u00e9e<\/strong><\/p>\n<\/li>\n<li data-start=\"3781\" data-end=\"3840\">\n<p data-start=\"3783\" data-end=\"3840\"><strong data-start=\"3783\" data-end=\"3838\">Assistance au d\u00e9pannage des syst\u00e8mes de contr\u00f4le et d&#039;instrumentation<\/strong><\/p>\n<\/li>\n<li data-start=\"3841\" data-end=\"3894\">\n<p data-start=\"3843\" data-end=\"3894\"><strong data-start=\"3843\" data-end=\"3894\">V\u00e9rification des performances et assistance au d\u00e9marrage<\/strong><\/p>\n<\/li>\n<\/ul>\n<p data-start=\"3896\" data-end=\"4183\">Chaque intervention de maintenance est r\u00e9alis\u00e9e selon des proc\u00e9dures document\u00e9es, conformes aux normes des \u00e9quipementiers et aux meilleures pratiques du secteur. Nos techniciens \u00e9valuent l&#039;ensemble du syst\u00e8me m\u00e9canique \u2013 et non seulement les sympt\u00f4mes visibles \u2013 afin de proposer des solutions durables qui optimisent la disponibilit\u00e9 et la fiabilit\u00e9 des performances de la centrifugeuse.<\/p>\n<hr data-start=\"4185\" data-end=\"4188\" \/>\n<h2 data-start=\"4190\" data-end=\"4239\">Service apr\u00e8s-vente et assistance sur site au Minnesota<\/h2>\n<p data-start=\"4241\" data-end=\"4562\">En cas de probl\u00e8me avec une centrifugeuse d\u00e9canteuse, une assistance technique rapide et pr\u00e9cise est essentielle. Sentrimax assure un service d&#039;intervention rapide sur site dans toute la r\u00e9gion de Minneapolis, en d\u00e9ployant des techniciens qualifi\u00e9s \u00e9quip\u00e9s d&#039;outils de diagnostic pour \u00e9valuer les machines en conditions r\u00e9elles d&#039;utilisation. L&#039;intervention sur site pr\u00e9sente plusieurs avantages\u00a0:<\/p>\n<ul data-start=\"4564\" data-end=\"4806\">\n<li data-start=\"4564\" data-end=\"4625\">\n<p data-start=\"4566\" data-end=\"4625\">Observation directe du comportement de la machine sous charge de traitement<\/p>\n<\/li>\n<li data-start=\"4626\" data-end=\"4677\">\n<p data-start=\"4628\" data-end=\"4677\">D\u00e9pannage imm\u00e9diat et mesures correctives<\/p>\n<\/li>\n<li data-start=\"4678\" data-end=\"4724\">\n<p data-start=\"4680\" data-end=\"4724\">Besoin r\u00e9duit de transport co\u00fbteux hors site<\/p>\n<\/li>\n<li data-start=\"4725\" data-end=\"4806\">\n<p data-start=\"4727\" data-end=\"4806\">Collaboration avec le personnel de l&#039;usine pour planifier l&#039;entretien en fonction des besoins de production<\/p>\n<\/li>\n<\/ul>\n<p data-start=\"4808\" data-end=\"4894\">Les techniciens de terrain contribuent \u00e0 minimiser les perturbations et \u00e0 acc\u00e9l\u00e9rer les d\u00e9lais de remise en service.<\/p>\n<hr data-start=\"4896\" data-end=\"4899\" \/>\n<h2 data-start=\"4901\" data-end=\"4946\">R\u00e9parations de pr\u00e9cision avec des pi\u00e8ces de haute qualit\u00e9<\/h2>\n<p data-start=\"4948\" data-end=\"5160\">Le succ\u00e8s de la maintenance des centrifugeuses d\u00e9pend de la qualit\u00e9 des pi\u00e8ces de rechange install\u00e9es lors des r\u00e9parations. Sentrimax fournit des composants de rechange de qualit\u00e9 \u00e9quivalente \u00e0 celle des pi\u00e8ces d&#039;origine pour les centrifugeuses d\u00e9canteuses d&#039;\u00e9thanol, notamment\u00a0:<\/p>\n<ul data-start=\"5162\" data-end=\"5415\">\n<li data-start=\"5162\" data-end=\"5197\">\n<p data-start=\"5164\" data-end=\"5197\">Roulements et ensembles de roulements<\/p>\n<\/li>\n<li data-start=\"5198\" data-end=\"5232\">\n<p data-start=\"5200\" data-end=\"5232\">Joints d&#039;\u00e9tanch\u00e9it\u00e9, bagues d&#039;\u00e9tanch\u00e9it\u00e9 et anneaux d&#039;usure<\/p>\n<\/li>\n<li data-start=\"5233\" data-end=\"5285\">\n<p data-start=\"5235\" data-end=\"5285\">Volants de volutes, convoyeurs et \u00e9l\u00e9ments rotatifs<\/p>\n<\/li>\n<li data-start=\"5286\" data-end=\"5338\">\n<p data-start=\"5288\" data-end=\"5338\">Composants de bo\u00eete de vitesses et pi\u00e8ces de transmission de couple<\/p>\n<\/li>\n<li data-start=\"5339\" data-end=\"5377\">\n<p data-start=\"5341\" data-end=\"5377\">Bol, moyeu et ensembles rotatifs<\/p>\n<\/li>\n<li data-start=\"5378\" data-end=\"5415\">\n<p data-start=\"5380\" data-end=\"5415\">Kits de fixation et de quincaillerie de service<\/p>\n<\/li>\n<\/ul>\n<p data-start=\"5417\" data-end=\"5603\">Avant leur installation, toutes les pi\u00e8ces sont inspect\u00e9es afin de v\u00e9rifier leur pr\u00e9cision dimensionnelle, l&#039;int\u00e9grit\u00e9 des mat\u00e9riaux et leur compatibilit\u00e9, et ainsi garantir des performances fiables dans des conditions de service exigeantes pour la s\u00e9paration de l&#039;\u00e9thanol.<\/p>\n<p data-start=\"5605\" data-end=\"5731\">Pour obtenir des informations d\u00e9taill\u00e9es sur les pi\u00e8ces de rechange disponibles et le support technique, veuillez consulter le site web. <a class=\"decorated-link cursor-pointer\" target=\"_new\" rel=\"noopener\" data-start=\"5691\" data-end=\"5730\">https:\/\/sentrimax.com\/centrifuge-parts\/<\/a>.<\/p>\n<hr data-start=\"5733\" data-end=\"5736\" \/>\n<h2 data-start=\"5738\" data-end=\"5789\">Services de reconstruction compl\u00e8te pour une dur\u00e9e de vie maximale<\/h2>\n<p data-start=\"5791\" data-end=\"5978\">Pour les centrifugeuses pr\u00e9sentant une usure avanc\u00e9e ou approchant de la fin de leur dur\u00e9e de vie, Sentrimax propose des services de remise \u00e0 neuf complets qui leur redonnent un \u00e9tat quasi neuf. Une remise \u00e0 neuf type comprend\u00a0:<\/p>\n<ul data-start=\"5980\" data-end=\"6233\">\n<li data-start=\"5980\" data-end=\"6013\">\n<p data-start=\"5982\" data-end=\"6013\">D\u00e9montage et nettoyage complets<\/p>\n<\/li>\n<li data-start=\"6014\" data-end=\"6067\">\n<p data-start=\"6016\" data-end=\"6067\">Inspection et r\u00e9tablissement des tol\u00e9rances critiques<\/p>\n<\/li>\n<li data-start=\"6068\" data-end=\"6102\">\n<p data-start=\"6070\" data-end=\"6102\">Remplacement des composants us\u00e9s<\/p>\n<\/li>\n<li data-start=\"6103\" data-end=\"6146\">\n<p data-start=\"6105\" data-end=\"6146\">Usinage de pr\u00e9cision pour un ajustement et un \u00e9quilibre parfaits<\/p>\n<\/li>\n<li data-start=\"6147\" data-end=\"6191\">\n<p data-start=\"6149\" data-end=\"6191\">\u00c9quilibrage dynamique des ensembles rotatifs<\/p>\n<\/li>\n<li data-start=\"6192\" data-end=\"6233\">\n<p data-start=\"6194\" data-end=\"6233\">R\u00e9assemblage et v\u00e9rification des performances<\/p>\n<\/li>\n<\/ul>\n<p data-start=\"6235\" data-end=\"6392\">Les projets de reconstruction sont planifi\u00e9s en coordination avec les \u00e9quipes des installations afin de co\u00efncider avec les arr\u00eats programm\u00e9s et de minimiser l&#039;impact sur la production tout en prolongeant la dur\u00e9e de vie du service.<\/p>\n<hr data-start=\"6394\" data-end=\"6397\" \/>\n<h2 data-start=\"6399\" data-end=\"6447\">Maintenance pr\u00e9ventive pour am\u00e9liorer la fiabilit\u00e9<\/h2>\n<p data-start=\"6449\" data-end=\"6743\">Les r\u00e9parations r\u00e9actives sont co\u00fbteuses en pi\u00e8ces d\u00e9tach\u00e9es, en main-d&#039;\u0153uvre et en temps de production perdu. La maintenance pr\u00e9ventive aide les producteurs d&#039;\u00e9thanol \u00e0 d\u00e9tecter les probl\u00e8mes naissants avant qu&#039;ils ne d\u00e9g\u00e9n\u00e8rent en pannes. Sentrimax collabore avec les installations de Minneapolis pour \u00e9laborer des plans de maintenance pr\u00e9ventive personnalis\u00e9s pouvant inclure\u00a0:<\/p>\n<ul data-start=\"6745\" data-end=\"7062\">\n<li data-start=\"6745\" data-end=\"6802\">\n<p data-start=\"6747\" data-end=\"6802\">Inspections m\u00e9caniques de routine et suivi de l&#039;\u00e9tat<\/p>\n<\/li>\n<li data-start=\"6803\" data-end=\"6846\">\n<p data-start=\"6805\" data-end=\"6846\">Analyse des vibrations et surveillance des tendances<\/p>\n<\/li>\n<li data-start=\"6847\" data-end=\"6900\">\n<p data-start=\"6849\" data-end=\"6900\">Pr\u00e9l\u00e8vement d&#039;\u00e9chantillons d&#039;huile et \u00e9valuation de l&#039;\u00e9tat de la lubrification<\/p>\n<\/li>\n<li data-start=\"6901\" data-end=\"6965\">\n<p data-start=\"6903\" data-end=\"6965\">Mesure de l&#039;usure des roulements, des joints d&#039;\u00e9tanch\u00e9it\u00e9 et des composants critiques<\/p>\n<\/li>\n<li data-start=\"6966\" data-end=\"7010\">\n<p data-start=\"6968\" data-end=\"7010\">Remplacement programm\u00e9 des pi\u00e8ces \u00e0 forte usure<\/p>\n<\/li>\n<li data-start=\"7011\" data-end=\"7062\">\n<p data-start=\"7013\" data-end=\"7062\">Contr\u00f4les d&#039;alignement et v\u00e9rification dynamique de l&#039;\u00e9quilibre<\/p>\n<\/li>\n<\/ul>\n<p data-start=\"7064\" data-end=\"7226\">En planifiant la maintenance sur la base des donn\u00e9es op\u00e9rationnelles plut\u00f4t que des pannes, les installations peuvent am\u00e9liorer la disponibilit\u00e9, r\u00e9duire les r\u00e9parations d&#039;urgence et optimiser les budgets de maintenance.<\/p>\n<hr data-start=\"7228\" data-end=\"7231\" \/>\n<h2 data-start=\"7233\" data-end=\"7284\">Soutien \u00e0 la qualit\u00e9 des produits et aux objectifs op\u00e9rationnels<\/h2>\n<p data-start=\"7286\" data-end=\"7648\">Les performances d&#039;une centrifugeuse d\u00e9canteuse d&#039;\u00e9thanol influent directement sur la clart\u00e9 du produit, l&#039;efficacit\u00e9 du traitement des solides et la stabilit\u00e9 du proc\u00e9d\u00e9. Une s\u00e9paration inefficace peut engendrer des probl\u00e8mes de qualit\u00e9 du produit, une augmentation des volumes de d\u00e9chets \u00e0 transporter et une hausse des co\u00fbts d&#039;exploitation. Un entretien r\u00e9gulier permet aux installations de maintenir des r\u00e9sultats de s\u00e9paration constants, essentiels \u00e0 l&#039;atteinte des objectifs op\u00e9rationnels.<\/p>\n<p data-start=\"7650\" data-end=\"7996\">Pour obtenir des conseils r\u00e9glementaires et op\u00e9rationnels suppl\u00e9mentaires concernant le traitement des eaux us\u00e9es et les proc\u00e9d\u00e9s de s\u00e9paration, les exploitants peuvent se r\u00e9f\u00e9rer \u00e0 <strong data-start=\"7777\" data-end=\"7823\">Agence am\u00e9ricaine de protection de l&#039;environnement (EPA)<\/strong> \u00e0 <a class=\"decorated-link cursor-pointer\" target=\"_new\" rel=\"noopener\" data-start=\"7827\" data-end=\"7852\">https:\/\/www.epa.gov\/water<\/a>. Les meilleures pratiques et normes techniques du secteur sont \u00e9galement disponibles via le <strong data-start=\"7933\" data-end=\"7971\">F\u00e9d\u00e9ration pour l&#039;environnement de l&#039;eau (WEF)<\/strong> \u00e0 <a class=\"decorated-link\" href=\"https:\/\/www.wef.org\/\" target=\"_new\" rel=\"noopener\" data-start=\"7975\" data-end=\"7995\">https:\/\/www.wef.org\/<\/a>.<\/p>\n<hr data-start=\"7998\" data-end=\"8001\" \/>\n<h2 data-start=\"8003\" data-end=\"8049\">Pourquoi les installations de Minneapolis choisissent Sentrimax<\/h2>\n<p data-start=\"8051\" data-end=\"8451\">Les producteurs d&#039;\u00e9thanol de Minneapolis choisissent Sentrimax pour l&#039;entretien de leurs centrifugeuses d\u00e9canteuses d&#039;\u00e9thanol en raison de son expertise technique, de son assistance technique r\u00e9active et de son engagement envers la qualit\u00e9. Les techniciens mettent \u00e0 profit leurs connaissances en m\u00e9canique et leur exp\u00e9rience pratique sur le terrain pour chaque intervention, aidant ainsi les installations \u00e0 diagnostiquer les probl\u00e8mes complexes, \u00e0 effectuer des r\u00e9parations efficaces et \u00e0 prot\u00e9ger leurs \u00e9quipements critiques.<\/p>\n<p data-start=\"8453\" data-end=\"8804\">Une communication claire et une documentation d\u00e9taill\u00e9e sont essentielles \u00e0 chaque intervention. Les installations re\u00e7oivent des rapports complets pr\u00e9sentant les r\u00e9sultats des diagnostics, les actions correctives, les composants remplac\u00e9s et les recommandations pour la planification de la maintenance future. Ces informations permettent une prise de d\u00e9cision \u00e9clair\u00e9e et des strat\u00e9gies de gestion des actifs \u00e0 long terme.<\/p>\n<p data-start=\"8806\" data-end=\"8939\">Pour une expertise en mati\u00e8re de services connexes dans le domaine des centrifugeuses industrielles et de traitement des eaux us\u00e9es, voir <a class=\"decorated-link cursor-pointer\" target=\"_new\" rel=\"noopener\" data-start=\"8894\" data-end=\"8938\">https:\/\/sentrimax.com\/industries\/wastewater\/<\/a>.<\/p>\n<hr data-start=\"8941\" data-end=\"8944\" \/>\n<h2 data-start=\"8946\" data-end=\"8994\">Assistance compl\u00e8te, de l&#039;inspection \u00e0 la mise en service<\/h2>\n<p data-start=\"8996\" data-end=\"9066\">Le mod\u00e8le de service de Sentrimax va au-del\u00e0 de la r\u00e9paration m\u00e9canique et comprend\u00a0:<\/p>\n<ul data-start=\"9068\" data-end=\"9294\">\n<li data-start=\"9068\" data-end=\"9114\">\n<p data-start=\"9070\" data-end=\"9114\">Coordination du gr\u00e9age et du retrait du mat\u00e9riel<\/p>\n<\/li>\n<li data-start=\"9115\" data-end=\"9167\">\n<p data-start=\"9117\" data-end=\"9167\">v\u00e9rification de l&#039;alignement et des dimensions<\/p>\n<\/li>\n<li data-start=\"9168\" data-end=\"9213\">\n<p data-start=\"9170\" data-end=\"9213\">Assistance \u00e0 la r\u00e9installation et \u00e0 l&#039;\u00e9talonnage<\/p>\n<\/li>\n<li data-start=\"9214\" data-end=\"9256\">\n<p data-start=\"9216\" data-end=\"9256\">Assistance au d\u00e9marrage et optimisation op\u00e9rationnelle<\/p>\n<\/li>\n<li data-start=\"9257\" data-end=\"9294\">\n<p data-start=\"9259\" data-end=\"9294\">\u00c9valuation des performances apr\u00e8s la prestation de services<\/p>\n<\/li>\n<\/ul>\n<p data-start=\"9296\" data-end=\"9445\">Cette approche globale garantit que les centrifugeuses d\u00e9canteuses d&#039;\u00e9thanol reprennent du service de mani\u00e8re fiable, efficace et conforme aux sp\u00e9cifications de conception.<\/p>\n<hr data-start=\"9447\" data-end=\"9450\" \/>\n<h2 data-start=\"9452\" data-end=\"9508\">Am\u00e9lioration continue gr\u00e2ce au suivi des performances<\/h2>\n<p data-start=\"9510\" data-end=\"9810\">La fiabilit\u00e9 \u00e0 long terme repose sur des strat\u00e9gies de maintenance bas\u00e9es sur les donn\u00e9es. Sentrimax accompagne les installations dans le suivi des indicateurs de performance (\u00e9volution des vibrations, profils de couple et usure) afin d&#039;anticiper les besoins d&#039;entretien, d&#039;optimiser la planification et de r\u00e9duire le co\u00fbt total de possession.<\/p>\n<hr data-start=\"9812\" data-end=\"9815\" \/>\n<h2 data-start=\"9817\" data-end=\"9881\">Service de d\u00e9cantation et de centrifugation d&#039;\u00e9thanol \u00e0 Minneapolis, Minnesota<\/h2>\n<p data-start=\"9883\" data-end=\"10262\">Lorsque vous avez besoin d&#039;un service professionnel de d\u00e9cantation et de centrifugation d&#039;\u00e9thanol \u00e0 <strong data-start=\"9950\" data-end=\"9969\">Minneapolis, Minnesota<\/strong>, Les entreprises du secteur font confiance \u00e0 Sentrimax pour son expertise reconnue, son assistance r\u00e9active et ses r\u00e9sultats professionnels. Qu&#039;il s&#039;agisse de pannes urgentes, de planification de la maintenance pr\u00e9ventive ou de reconstructions compl\u00e8tes, Sentrimax propose des solutions con\u00e7ues pour garantir le fonctionnement fiable et efficace de vos centrifugeuses.<\/p>\n<p data-start=\"10264\" data-end=\"10318\"><strong data-start=\"10264\" data-end=\"10318\"><a class=\"decorated-link\" href=\"https:\/\/sentrimax.com\/fr\/contact\/\" target=\"_new\" rel=\"noopener\" data-start=\"10266\" data-end=\"10316\">Demandez un devis !<\/a><\/strong><\/p>","protected":false},"excerpt":{"rendered":"<p>Sentrimax provides professional ethanol decanter centrifuge service for industrial ethanol production facilities and process plants throughout Minneapolis, Minnesota. Ethanol decanter centrifuges are essential to high-speed solids-liquid separation in both fuel and beverage ethanol manufacturing. When these machines experience vibration, decreased throughput, bearing or seal issues, or reduced performance, timely and expert service is critical to [&hellip;]<\/p>\n","protected":false},"author":3,"featured_media":0,"parent":0,"menu_order":0,"comment_status":"closed","ping_status":"closed","template":"seo-page-template.php","meta":{"_acf_changed":false,"inline_featured_image":false,"footnotes":""},"class_list":["post-2324","page","type-page","status-publish","hentry"],"acf":[],"_links":{"self":[{"href":"https:\/\/sentrimax.com\/fr\/wp-json\/wp\/v2\/pages\/2324","targetHints":{"allow":["GET"]}}],"collection":[{"href":"https:\/\/sentrimax.com\/fr\/wp-json\/wp\/v2\/pages"}],"about":[{"href":"https:\/\/sentrimax.com\/fr\/wp-json\/wp\/v2\/types\/page"}],"author":[{"embeddable":true,"href":"https:\/\/sentrimax.com\/fr\/wp-json\/wp\/v2\/users\/3"}],"replies":[{"embeddable":true,"href":"https:\/\/sentrimax.com\/fr\/wp-json\/wp\/v2\/comments?post=2324"}],"version-history":[{"count":1,"href":"https:\/\/sentrimax.com\/fr\/wp-json\/wp\/v2\/pages\/2324\/revisions"}],"predecessor-version":[{"id":2503,"href":"https:\/\/sentrimax.com\/fr\/wp-json\/wp\/v2\/pages\/2324\/revisions\/2503"}],"wp:attachment":[{"href":"https:\/\/sentrimax.com\/fr\/wp-json\/wp\/v2\/media?parent=2324"}],"curies":[{"name":"wp","href":"https:\/\/api.w.org\/{rel}","templated":true}]}}