{"id":2325,"date":"2026-01-07T17:24:22","date_gmt":"2026-01-07T17:24:22","guid":{"rendered":"https:\/\/sentrimax.com\/?page_id=2325"},"modified":"2026-04-21T21:13:43","modified_gmt":"2026-04-21T21:13:43","slug":"fuel-ethanol-centrifuge-repair-in-omaha-ne","status":"publish","type":"page","link":"https:\/\/sentrimax.com\/fr\/fuel-ethanol-centrifuge-repair-in-omaha-ne\/","title":{"rendered":"R\u00e9paration de centrifugeuses \u00e0 \u00e9thanol \u00e0 Omaha, Nebraska"},"content":{"rendered":"<p data-start=\"304\" data-end=\"826\"><img fetchpriority=\"high\" decoding=\"async\" class=\"aligncenter size-full wp-image-1618\" src=\"https:\/\/sentrimax.com\/wp-content\/uploads\/2025\/07\/Pharmaceuticals.png\" alt=\"\" width=\"1536\" height=\"1024\" srcset=\"https:\/\/sentrimax.com\/wp-content\/uploads\/2025\/07\/Pharmaceuticals.png 1536w, https:\/\/sentrimax.com\/wp-content\/uploads\/2025\/07\/Pharmaceuticals-300x200.png 300w, https:\/\/sentrimax.com\/wp-content\/uploads\/2025\/07\/Pharmaceuticals-1024x683.png 1024w, https:\/\/sentrimax.com\/wp-content\/uploads\/2025\/07\/Pharmaceuticals-768x512.png 768w, https:\/\/sentrimax.com\/wp-content\/uploads\/2025\/07\/Pharmaceuticals-600x400.png 600w\" sizes=\"(max-width: 1536px) 100vw, 1536px\" \/><\/p>\n<p data-start=\"304\" data-end=\"826\">Sentrimax fournit des services professionnels <strong data-start=\"336\" data-end=\"370\">r\u00e9paration de centrifugeuse \u00e0 \u00e9thanol carburant<\/strong> services pour les installations de production d&#039;\u00e9thanol et les usines de traitement dans toute la r\u00e9gion <strong data-start=\"444\" data-end=\"463\">Omaha, Nebraska<\/strong>. Les centrifugeuses \u00e0 \u00e9thanol carburant sont essentielles \u00e0 la s\u00e9paration des solides (levures, particules de ma\u00efs et autres impuret\u00e9s) lors de la production. En cas de baisse de performance, de vibrations excessives, de fuite d&#039;\u00e9tanch\u00e9it\u00e9 ou de panne m\u00e9canique, les installations ont besoin d&#039;une assistance technique sp\u00e9cialis\u00e9e pour \u00e9viter les arr\u00eats de production prolong\u00e9s, pr\u00e9server la qualit\u00e9 des produits et maintenir le d\u00e9bit.<\/p>\n<p data-start=\"828\" data-end=\"1245\">Fort d&#039;une exp\u00e9rience de plusieurs d\u00e9cennies dans la maintenance d&#039;\u00e9quipements de s\u00e9paration \u00e0 grande vitesse, <strong data-start=\"898\" data-end=\"911\">Sentrimax<\/strong> Sentrimax propose des diagnostics pr\u00e9cis, des r\u00e9parations m\u00e9caniques de pr\u00e9cision, une planification de la maintenance pr\u00e9ventive et des solutions de remise \u00e0 neuf adapt\u00e9es aux conditions exigeantes de fonctionnement des centrifugeuses \u00e0 \u00e9thanol carburant. Qu&#039;il s&#039;agisse d&#039;une panne urgente ou d&#039;une maintenance planifi\u00e9e, Sentrimax aide les installations d&#039;Omaha \u00e0 r\u00e9tablir les performances et \u00e0 prolonger la dur\u00e9e de vie de leurs \u00e9quipements.<\/p>\n<hr data-start=\"1247\" data-end=\"1250\" \/>\n<h2 data-start=\"1252\" data-end=\"1302\">Soutien \u00e0 la production d&#039;\u00e9thanol carburant dans la r\u00e9gion d&#039;Omaha<\/h2>\n<p data-start=\"1304\" data-end=\"1818\">Centrifugations \u00e0 \u00e9thanol dans le <strong data-start=\"1331\" data-end=\"1358\">r\u00e9gion m\u00e9tropolitaine d&#039;Omaha<\/strong> Ce syst\u00e8me assure le support des \u00e9tapes cruciales de la production d&#039;\u00e9thanol carburant, o\u00f9 une s\u00e9paration efficace des solides et des liquides est essentielle au rendement, \u00e0 la qualit\u00e9 et au traitement en aval. La variabilit\u00e9 de l&#039;alimentation, la forte teneur en solides et le fonctionnement continu soumettent les roulements, les joints d&#039;\u00e9tanch\u00e9it\u00e9, les \u00e9l\u00e9ments de convoyeur, les vis sans fin et les composants de la bo\u00eete de vitesses \u00e0 des contraintes importantes. En cas de probl\u00e8mes tels que des pics de vibration, une d\u00e9faillance de joint d&#039;\u00e9tanch\u00e9it\u00e9, un bruit anormal ou une r\u00e9duction du d\u00e9bit, une intervention rapide de techniciens qualifi\u00e9s est indispensable.<\/p>\n<p data-start=\"1820\" data-end=\"2158\">Sentrimax propose un service d&#039;intervention rapide sur site dans toute la r\u00e9gion d&#039;Omaha, en d\u00e9p\u00eache des techniciens \u00e9quip\u00e9s d&#039;outils de diagnostic sp\u00e9cialis\u00e9s directement dans vos locaux. L&#039;\u00e9valuation sur site permet aux techniciens d&#039;\u00e9valuer l&#039;\u00e9tat de la machine dans ses conditions r\u00e9elles d&#039;utilisation, d&#039;identifier les causes profondes des probl\u00e8mes et de mettre en \u0153uvre efficacement les actions correctives n\u00e9cessaires.<\/p>\n<p data-start=\"2160\" data-end=\"2290\">Pour des services de r\u00e9paration complets de centrifugeuses pour d&#039;autres applications et marques, veuillez consulter <a class=\"decorated-link cursor-pointer\" target=\"_new\" rel=\"noopener\" data-start=\"2249\" data-end=\"2289\">https:\/\/sentrimax.com\/centrifuge-repair\/<\/a>.<\/p>\n<hr data-start=\"2292\" data-end=\"2295\" \/>\n<h2 data-start=\"2297\" data-end=\"2355\">Pourquoi la r\u00e9paration professionnelle des centrifugeuses \u00e0 \u00e9thanol est importante<\/h2>\n<p data-start=\"2357\" data-end=\"2866\">Les centrifugeuses \u00e0 \u00e9thanol carburant sont des machines de pr\u00e9cision fonctionnant \u00e0 haute vitesse en continu. Des r\u00e9parations inad\u00e9quates, des diagnostics incomplets ou l&#039;installation de composants incorrects peuvent laisser des probl\u00e8mes sous-jacents non r\u00e9solus, entra\u00eenant des vibrations r\u00e9currentes, un d\u00e9s\u00e9quilibre, une usure pr\u00e9matur\u00e9e, une baisse de l&#039;efficacit\u00e9 de s\u00e9paration et des arr\u00eats impr\u00e9vus. Les techniciens de Sentrimax suivent des proc\u00e9dures document\u00e9es et les meilleures pratiques du secteur afin de garantir que les r\u00e9parations ciblent \u00e0 la fois les d\u00e9faillances visibles et les causes profondes de la baisse de performance.<\/p>\n<p data-start=\"2868\" data-end=\"3032\">En s&#039;attaquant aux causes profondes telles que le d\u00e9salignement, la d\u00e9faillance de la lubrification ou le d\u00e9s\u00e9quilibre, Sentrimax aide les installations \u00e0 am\u00e9liorer leur fiabilit\u00e9 et \u00e0 maintenir la production dans les d\u00e9lais.<\/p>\n<hr data-start=\"3034\" data-end=\"3037\" \/>\n<h2 data-start=\"3039\" data-end=\"3095\">Services de r\u00e9paration complets pour centrifugeuses \u00e0 \u00e9thanol<\/h2>\n<p data-start=\"3097\" data-end=\"3242\">Sentrimax propose une gamme compl\u00e8te de services de r\u00e9paration de centrifugeuses \u00e0 \u00e9thanol carburant, con\u00e7us pour accompagner les installations d&#039;Omaha \u00e0 chaque \u00e9tape de leurs besoins de maintenance\u00a0:<\/p>\n<ul data-start=\"3244\" data-end=\"3745\">\n<li data-start=\"3244\" data-end=\"3307\">\n<p data-start=\"3246\" data-end=\"3307\"><strong data-start=\"3246\" data-end=\"3305\">Inspection m\u00e9canique et \u00e9valuation d\u00e9taill\u00e9e de l&#039;\u00e9tat<\/strong><\/p>\n<\/li>\n<li data-start=\"3308\" data-end=\"3359\">\n<p data-start=\"3310\" data-end=\"3359\"><strong data-start=\"3310\" data-end=\"3357\">Diagnostic des d\u00e9faillances et analyse des causes profondes<\/strong><\/p>\n<\/li>\n<li data-start=\"3360\" data-end=\"3421\">\n<p data-start=\"3362\" data-end=\"3421\"><strong data-start=\"3362\" data-end=\"3419\">D\u00e9pose, remplacement et alignement de pr\u00e9cision des roulements<\/strong><\/p>\n<\/li>\n<li data-start=\"3422\" data-end=\"3481\">\n<p data-start=\"3424\" data-end=\"3481\"><strong data-start=\"3424\" data-end=\"3479\">Inspection\/r\u00e9paration des bols, des spirales, des convoyeurs et des vis<\/strong><\/p>\n<\/li>\n<li data-start=\"3482\" data-end=\"3537\">\n<p data-start=\"3484\" data-end=\"3537\"><strong data-start=\"3484\" data-end=\"3535\">Inspection, r\u00e9fection et essai de couple de la bo\u00eete de vitesses<\/strong><\/p>\n<\/li>\n<li data-start=\"3538\" data-end=\"3581\">\n<p data-start=\"3540\" data-end=\"3581\"><strong data-start=\"3540\" data-end=\"3579\">\u00c9quilibrage dynamique selon les tol\u00e9rances du constructeur<\/strong><\/p>\n<\/li>\n<li data-start=\"3582\" data-end=\"3635\">\n<p data-start=\"3584\" data-end=\"3635\"><strong data-start=\"3584\" data-end=\"3633\">Remplacement des joints et protection renforc\u00e9e contre l&#039;usure<\/strong><\/p>\n<\/li>\n<li data-start=\"3636\" data-end=\"3691\">\n<p data-start=\"3638\" data-end=\"3691\"><strong data-start=\"3638\" data-end=\"3689\">Assistance au diagnostic des syst\u00e8mes de contr\u00f4le et d&#039;instrumentation<\/strong><\/p>\n<\/li>\n<li data-start=\"3692\" data-end=\"3745\">\n<p data-start=\"3694\" data-end=\"3745\"><strong data-start=\"3694\" data-end=\"3745\">V\u00e9rification des performances et assistance au d\u00e9marrage<\/strong><\/p>\n<\/li>\n<\/ul>\n<p data-start=\"3747\" data-end=\"3980\">Chaque intervention est r\u00e9alis\u00e9e selon des proc\u00e9dures document\u00e9es, conformes aux normes des constructeurs et aux meilleures pratiques du secteur. Nos techniciens analysent l&#039;ensemble du syst\u00e8me m\u00e9canique, et non seulement les sympt\u00f4mes apparents, afin de garantir des r\u00e9parations durables et fiables.<\/p>\n<hr data-start=\"3982\" data-end=\"3985\" \/>\n<h2 data-start=\"3987\" data-end=\"4041\">Service d&#039;intervention rapide et assistance sur site au Nebraska<\/h2>\n<p data-start=\"4043\" data-end=\"4368\">Les pannes impr\u00e9vues des centrifugeuses peuvent perturber la production d&#039;\u00e9thanol carburant, mettre \u00e0 rude \u00e9preuve les ressources de maintenance et faire grimper les co\u00fbts. Sentrimax assure un service d&#039;intervention rapide sur site dans toute la r\u00e9gion d&#039;Omaha et ses environs, en d\u00e9p\u00eache des techniciens exp\u00e9riment\u00e9s, \u00e9quip\u00e9s d&#039;outils de diagnostic et appliquant des pratiques ax\u00e9es sur la s\u00e9curit\u00e9, directement chez le client.<\/p>\n<p data-start=\"4370\" data-end=\"4412\">Le service sur site offre plusieurs avantages\u00a0:<\/p>\n<ul data-start=\"4414\" data-end=\"4678\">\n<li data-start=\"4414\" data-end=\"4483\">\n<p data-start=\"4416\" data-end=\"4483\">\u00c9valuation du comportement de la centrifugeuse dans des conditions de proc\u00e9d\u00e9 r\u00e9elles<\/p>\n<\/li>\n<li data-start=\"4484\" data-end=\"4537\">\n<p data-start=\"4486\" data-end=\"4537\">D\u00e9pannage imm\u00e9diat et mesures correctives<\/p>\n<\/li>\n<li data-start=\"4538\" data-end=\"4596\">\n<p data-start=\"4540\" data-end=\"4596\">Besoin r\u00e9duit de transport co\u00fbteux d&#039;\u00e9quipements hors site<\/p>\n<\/li>\n<li data-start=\"4597\" data-end=\"4678\">\n<p data-start=\"4599\" data-end=\"4678\">Coordination avec le personnel de l&#039;usine pour aligner le service sur les calendriers de production<\/p>\n<\/li>\n<\/ul>\n<p data-start=\"4680\" data-end=\"4793\">Les techniciens de terrain travaillent aux c\u00f4t\u00e9s des \u00e9quipes de production pour r\u00e9duire les temps d&#039;arr\u00eat et remettre rapidement les \u00e9quipements en service.<\/p>\n<hr data-start=\"4795\" data-end=\"4798\" \/>\n<h2 data-start=\"4800\" data-end=\"4844\">R\u00e9parations de pr\u00e9cision avec des pi\u00e8ces de qualit\u00e9 d&#039;origine<\/h2>\n<p data-start=\"4846\" data-end=\"5046\">La r\u00e9ussite \u00e0 long terme des r\u00e9parations d\u00e9pend fortement de la qualit\u00e9 des pi\u00e8ces de rechange install\u00e9es lors de l&#039;entretien. Sentrimax fournit des pi\u00e8ces de qualit\u00e9 \u00e9quivalente \u00e0 celle des pi\u00e8ces d&#039;origine pour les centrifugeuses \u00e0 \u00e9thanol carburant, notamment\u00a0:<\/p>\n<ul data-start=\"5048\" data-end=\"5303\">\n<li data-start=\"5048\" data-end=\"5083\">\n<p data-start=\"5050\" data-end=\"5083\">Roulements et ensembles de roulements<\/p>\n<\/li>\n<li data-start=\"5084\" data-end=\"5118\">\n<p data-start=\"5086\" data-end=\"5118\">Joints d&#039;\u00e9tanch\u00e9it\u00e9, bagues d&#039;\u00e9tanch\u00e9it\u00e9 et anneaux d&#039;usure<\/p>\n<\/li>\n<li data-start=\"5119\" data-end=\"5173\">\n<p data-start=\"5121\" data-end=\"5173\">Volants de volute, convoyeurs et composants rotatifs<\/p>\n<\/li>\n<li data-start=\"5174\" data-end=\"5226\">\n<p data-start=\"5176\" data-end=\"5226\">Composants de bo\u00eete de vitesses et pi\u00e8ces de transmission de couple<\/p>\n<\/li>\n<li data-start=\"5227\" data-end=\"5265\">\n<p data-start=\"5229\" data-end=\"5265\">Bol, moyeu et ensembles rotatifs<\/p>\n<\/li>\n<li data-start=\"5266\" data-end=\"5303\">\n<p data-start=\"5268\" data-end=\"5303\">Kits de fixation et de quincaillerie de service<\/p>\n<\/li>\n<\/ul>\n<p data-start=\"5305\" data-end=\"5477\">Tous les composants sont inspect\u00e9s avant l&#039;installation afin de v\u00e9rifier leur pr\u00e9cision dimensionnelle, l&#039;int\u00e9grit\u00e9 des mat\u00e9riaux et leur ajustement, et ainsi garantir des performances fiables m\u00eame dans des environnements de service exigeants.<\/p>\n<p data-start=\"5479\" data-end=\"5570\">Pour plus d&#039;informations sur les pi\u00e8ces d\u00e9tach\u00e9es et leur disponibilit\u00e9, veuillez consulter notre site web. <a class=\"decorated-link cursor-pointer\" target=\"_new\" rel=\"noopener\" data-start=\"5530\" data-end=\"5569\">https:\/\/sentrimax.com\/centrifuge-parts\/<\/a>.<\/p>\n<hr data-start=\"5572\" data-end=\"5575\" \/>\n<h2 data-start=\"5577\" data-end=\"5624\">Services de reconstruction compl\u00e8te pour restaurer les performances<\/h2>\n<p data-start=\"5626\" data-end=\"5816\">Pour les centrifugeuses pr\u00e9sentant une usure avanc\u00e9e ou approchant de la fin de leur dur\u00e9e de vie, Sentrimax propose des services de remise \u00e0 neuf complets qui leur redonnent des performances quasi neuves. Les travaux de remise \u00e0 neuf comprennent g\u00e9n\u00e9ralement\u00a0:<\/p>\n<ul data-start=\"5818\" data-end=\"6064\">\n<li data-start=\"5818\" data-end=\"5851\">\n<p data-start=\"5820\" data-end=\"5851\">D\u00e9montage et nettoyage complets<\/p>\n<\/li>\n<li data-start=\"5852\" data-end=\"5905\">\n<p data-start=\"5854\" data-end=\"5905\">Inspection et r\u00e9tablissement des tol\u00e9rances critiques<\/p>\n<\/li>\n<li data-start=\"5906\" data-end=\"5935\">\n<p data-start=\"5908\" data-end=\"5935\">Remplacement des pi\u00e8ces us\u00e9es<\/p>\n<\/li>\n<li data-start=\"5936\" data-end=\"5979\">\n<p data-start=\"5938\" data-end=\"5979\">Usinage de pr\u00e9cision pour un ajustement et un \u00e9quilibre parfaits<\/p>\n<\/li>\n<li data-start=\"5980\" data-end=\"6022\">\n<p data-start=\"5982\" data-end=\"6022\">\u00c9quilibrage dynamique des \u00e9l\u00e9ments rotatifs<\/p>\n<\/li>\n<li data-start=\"6023\" data-end=\"6064\">\n<p data-start=\"6025\" data-end=\"6064\">R\u00e9assemblage et v\u00e9rification des performances<\/p>\n<\/li>\n<\/ul>\n<p data-start=\"6066\" data-end=\"6214\">Les remises en \u00e9tat sont coordonn\u00e9es avec le personnel de l&#039;installation afin de co\u00efncider avec les arr\u00eats planifi\u00e9s, minimisant ainsi l&#039;impact sur la production tout en prolongeant la dur\u00e9e de vie des \u00e9quipements.<\/p>\n<hr data-start=\"6216\" data-end=\"6219\" \/>\n<h2 data-start=\"6221\" data-end=\"6272\">Maintenance pr\u00e9ventive pour une fiabilit\u00e9 \u00e0 long terme<\/h2>\n<p data-start=\"6274\" data-end=\"6556\">Les r\u00e9parations d&#039;urgence sont co\u00fbteuses en pi\u00e8ces d\u00e9tach\u00e9es, en main-d&#039;\u0153uvre et en temps de production perdu. La maintenance pr\u00e9ventive permet aux installations de d\u00e9tecter l&#039;usure naissante et de r\u00e9soudre les probl\u00e8mes avant qu&#039;ils ne s&#039;aggravent. Sentrimax collabore avec les producteurs d&#039;\u00e9thanol d&#039;Omaha pour \u00e9laborer des plans de maintenance pr\u00e9ventive pouvant inclure\u00a0:<\/p>\n<ul data-start=\"6558\" data-end=\"6860\">\n<li data-start=\"6558\" data-end=\"6604\">\n<p data-start=\"6560\" data-end=\"6604\">Inspections de routine et suivi de l&#039;\u00e9tat<\/p>\n<\/li>\n<li data-start=\"6605\" data-end=\"6648\">\n<p data-start=\"6607\" data-end=\"6648\">Analyse des vibrations et surveillance des tendances<\/p>\n<\/li>\n<li data-start=\"6649\" data-end=\"6702\">\n<p data-start=\"6651\" data-end=\"6702\">Pr\u00e9l\u00e8vement d&#039;\u00e9chantillons d&#039;huile et \u00e9valuation de l&#039;\u00e9tat de la lubrification<\/p>\n<\/li>\n<li data-start=\"6703\" data-end=\"6763\">\n<p data-start=\"6705\" data-end=\"6763\">Mesure de l&#039;usure des roulements, des joints d&#039;\u00e9tanch\u00e9it\u00e9 et des composants critiques<\/p>\n<\/li>\n<li data-start=\"6764\" data-end=\"6808\">\n<p data-start=\"6766\" data-end=\"6808\">Remplacement programm\u00e9 des pi\u00e8ces \u00e0 forte usure<\/p>\n<\/li>\n<li data-start=\"6809\" data-end=\"6860\">\n<p data-start=\"6811\" data-end=\"6860\">Contr\u00f4les d&#039;alignement et v\u00e9rification dynamique de l&#039;\u00e9quilibre<\/p>\n<\/li>\n<\/ul>\n<p data-start=\"6862\" data-end=\"7030\">En planifiant la maintenance sur la base des donn\u00e9es op\u00e9rationnelles plut\u00f4t que des pannes, les installations peuvent am\u00e9liorer la disponibilit\u00e9, r\u00e9duire les r\u00e9parations d&#039;urgence et mieux contr\u00f4ler les budgets de maintenance.<\/p>\n<hr data-start=\"7032\" data-end=\"7035\" \/>\n<h2 data-start=\"7037\" data-end=\"7086\">Soutien \u00e0 la performance op\u00e9rationnelle et \u00e0 la qualit\u00e9<\/h2>\n<p data-start=\"7088\" data-end=\"7344\">Les performances de la centrifugeuse pour l&#039;\u00e9thanol carburant influent sur la clart\u00e9 du produit, l&#039;efficacit\u00e9 du traitement des solides et la stabilit\u00e9 globale du proc\u00e9d\u00e9. Une s\u00e9paration inefficace peut engendrer des probl\u00e8mes de qualit\u00e9 du produit, une augmentation du volume des d\u00e9chets trait\u00e9s et des co\u00fbts d&#039;exploitation plus \u00e9lev\u00e9s.<\/p>\n<p data-start=\"7346\" data-end=\"7689\">Pour un contexte industriel plus large et des conseils relatifs \u00e0 l&#039;interaction des eaux us\u00e9es avec les proc\u00e9d\u00e9s de s\u00e9paration, les op\u00e9rateurs peuvent consulter le <strong data-start=\"7476\" data-end=\"7522\">Agence am\u00e9ricaine de protection de l&#039;environnement (EPA)<\/strong> \u00e0 <a class=\"decorated-link cursor-pointer\" target=\"_new\" rel=\"noopener\" data-start=\"7526\" data-end=\"7551\">https:\/\/www.epa.gov\/water<\/a>. Des bonnes pratiques et des normes techniques suppl\u00e9mentaires sont disponibles aupr\u00e8s de <strong data-start=\"7626\" data-end=\"7664\">F\u00e9d\u00e9ration pour l&#039;environnement de l&#039;eau (WEF)<\/strong> \u00e0 <a class=\"decorated-link\" href=\"https:\/\/www.wef.org\/\" target=\"_new\" rel=\"noopener\" data-start=\"7668\" data-end=\"7688\">https:\/\/www.wef.org\/<\/a>.<\/p>\n<hr data-start=\"7691\" data-end=\"7694\" \/>\n<h2 data-start=\"7696\" data-end=\"7736\">Pourquoi les entreprises d&#039;Omaha choisissent Sentrimax<\/h2>\n<p data-start=\"7738\" data-end=\"8073\">Les producteurs d&#039;\u00e9thanol d&#039;Omaha choisissent Sentrimax pour la r\u00e9paration de leurs centrifugeuses \u00e0 \u00e9thanol carburant en raison de son expertise technique pointue, de son service d&#039;intervention rapide et de son engagement envers des r\u00e9sultats de qualit\u00e9. Les techniciens de Sentrimax allient savoir-faire m\u00e9canique et exp\u00e9rience pratique sur le terrain pour diagnostiquer les probl\u00e8mes complexes, effectuer des r\u00e9parations efficaces et prot\u00e9ger les \u00e9quipements critiques.<\/p>\n<p data-start=\"8075\" data-end=\"8432\">Une communication claire et une documentation d\u00e9taill\u00e9e sont essentielles \u00e0 chaque intervention de r\u00e9paration. Les installations re\u00e7oivent des rapports complets pr\u00e9sentant les r\u00e9sultats du diagnostic, les actions correctives entreprises, les composants remplac\u00e9s et des recommandations pour la planification de la maintenance pr\u00e9ventive. Ces informations permettent une prise de d\u00e9cision \u00e9clair\u00e9e et des strat\u00e9gies de fiabilit\u00e9 \u00e0 long terme.<\/p>\n<p data-start=\"8434\" data-end=\"8567\">Pour une expertise en mati\u00e8re de services connexes dans le domaine des centrifugeuses industrielles et de traitement des eaux us\u00e9es, voir <a class=\"decorated-link cursor-pointer\" target=\"_new\" rel=\"noopener\" data-start=\"8522\" data-end=\"8566\">https:\/\/sentrimax.com\/industries\/wastewater\/<\/a>.<\/p>\n<hr data-start=\"8569\" data-end=\"8572\" \/>\n<h2 data-start=\"8574\" data-end=\"8622\">Assistance compl\u00e8te, de l&#039;\u00e9valuation au d\u00e9marrage<\/h2>\n<p data-start=\"8624\" data-end=\"8695\">Le mod\u00e8le de service de Sentrimax s&#039;\u00e9tend au-del\u00e0 des r\u00e9parations m\u00e9caniques et comprend\u00a0:<\/p>\n<ul data-start=\"8697\" data-end=\"8922\">\n<li data-start=\"8697\" data-end=\"8743\">\n<p data-start=\"8699\" data-end=\"8743\">Coordination du gr\u00e9age et du retrait du mat\u00e9riel<\/p>\n<\/li>\n<li data-start=\"8744\" data-end=\"8796\">\n<p data-start=\"8746\" data-end=\"8796\">v\u00e9rification de l&#039;alignement et des dimensions<\/p>\n<\/li>\n<li data-start=\"8797\" data-end=\"8839\">\n<p data-start=\"8799\" data-end=\"8839\">Assistance \u00e0 la r\u00e9installation et \u00e0 l&#039;\u00e9talonnage<\/p>\n<\/li>\n<li data-start=\"8840\" data-end=\"8885\">\n<p data-start=\"8842\" data-end=\"8885\">Assistance au d\u00e9marrage et optimisation des performances<\/p>\n<\/li>\n<li data-start=\"8886\" data-end=\"8922\">\n<p data-start=\"8888\" data-end=\"8922\">\u00c9valuation des performances apr\u00e8s r\u00e9paration<\/p>\n<\/li>\n<\/ul>\n<p data-start=\"8924\" data-end=\"9071\">Cette approche globale garantit que les centrifugeuses \u00e0 \u00e9thanol carburant reprennent du service de mani\u00e8re fiable, efficace et conforme aux sp\u00e9cifications de conception.<\/p>\n<hr data-start=\"9073\" data-end=\"9076\" \/>\n<h2 data-start=\"9078\" data-end=\"9134\">Am\u00e9lioration continue gr\u00e2ce au suivi des performances<\/h2>\n<p data-start=\"9136\" data-end=\"9430\">La fiabilit\u00e9 \u00e0 long terme repose sur des strat\u00e9gies de maintenance bas\u00e9es sur les donn\u00e9es. Sentrimax accompagne les installations dans le suivi des indicateurs cl\u00e9s de performance, tels que les tendances vibratoires, les profils de couple et les sch\u00e9mas d&#039;usure, afin d&#039;anticiper les besoins de maintenance, d&#039;optimiser la planification et de r\u00e9duire le co\u00fbt total de possession.<\/p>\n<hr data-start=\"9432\" data-end=\"9435\" \/>\n<h2 data-start=\"9437\" data-end=\"9490\">Demande de r\u00e9paration de centrifugeuse \u00e0 \u00e9thanol \u00e0 Omaha, Nebraska<\/h2>\n<p data-start=\"9492\" data-end=\"9873\">Lorsque des services professionnels de r\u00e9paration de centrifugeuses \u00e0 \u00e9thanol carburant sont n\u00e9cessaires dans <strong data-start=\"9564\" data-end=\"9577\">Omaha, NE<\/strong>, Les entreprises du secteur font confiance \u00e0 Sentrimax pour son expertise reconnue, sa r\u00e9activit\u00e9 et ses r\u00e9sultats professionnels. Qu&#039;il s&#039;agisse de r\u00e9soudre des pannes urgentes, de planifier la maintenance pr\u00e9ventive ou de proc\u00e9der \u00e0 des remises \u00e0 neuf compl\u00e8tes, Sentrimax propose des solutions con\u00e7ues pour garantir le fonctionnement fiable et efficace de vos centrifugeuses.<\/p>\n<p data-start=\"9875\" data-end=\"9929\"><strong data-start=\"9875\" data-end=\"9929\"><a class=\"decorated-link\" href=\"https:\/\/sentrimax.com\/fr\/contact\/\" target=\"_new\" rel=\"noopener\" data-start=\"9877\" data-end=\"9927\">Demandez un devis !<\/a><\/strong><\/p>","protected":false},"excerpt":{"rendered":"<p>Sentrimax provides professional fuel ethanol centrifuge repair services for ethanol production facilities and process plants throughout Omaha, Nebraska. Fuel ethanol centrifuges are critical to separating solids\u2014from yeast and corn particles to other impurities\u2014during production. When these machines experience performance decline, excessive vibration, seal leakage, or mechanical failure, facilities need experienced service support to prevent extended [&hellip;]<\/p>\n","protected":false},"author":3,"featured_media":0,"parent":0,"menu_order":0,"comment_status":"closed","ping_status":"closed","template":"seo-page-template.php","meta":{"_acf_changed":false,"inline_featured_image":false,"footnotes":""},"class_list":["post-2325","page","type-page","status-publish","hentry"],"acf":[],"_links":{"self":[{"href":"https:\/\/sentrimax.com\/fr\/wp-json\/wp\/v2\/pages\/2325","targetHints":{"allow":["GET"]}}],"collection":[{"href":"https:\/\/sentrimax.com\/fr\/wp-json\/wp\/v2\/pages"}],"about":[{"href":"https:\/\/sentrimax.com\/fr\/wp-json\/wp\/v2\/types\/page"}],"author":[{"embeddable":true,"href":"https:\/\/sentrimax.com\/fr\/wp-json\/wp\/v2\/users\/3"}],"replies":[{"embeddable":true,"href":"https:\/\/sentrimax.com\/fr\/wp-json\/wp\/v2\/comments?post=2325"}],"version-history":[{"count":1,"href":"https:\/\/sentrimax.com\/fr\/wp-json\/wp\/v2\/pages\/2325\/revisions"}],"predecessor-version":[{"id":2502,"href":"https:\/\/sentrimax.com\/fr\/wp-json\/wp\/v2\/pages\/2325\/revisions\/2502"}],"wp:attachment":[{"href":"https:\/\/sentrimax.com\/fr\/wp-json\/wp\/v2\/media?parent=2325"}],"curies":[{"name":"wp","href":"https:\/\/api.w.org\/{rel}","templated":true}]}}