{"id":2326,"date":"2026-01-07T17:26:27","date_gmt":"2026-01-07T17:26:27","guid":{"rendered":"https:\/\/sentrimax.com\/?page_id=2326"},"modified":"2026-04-21T21:13:43","modified_gmt":"2026-04-21T21:13:43","slug":"ethanol-centrifuge-maintenance-in-des-moines-ia","status":"publish","type":"page","link":"https:\/\/sentrimax.com\/fr\/ethanol-centrifuge-maintenance-in-des-moines-ia\/","title":{"rendered":"Entretien des centrifugeuses \u00e0 l&#039;\u00e9thanol \u00e0 Des Moines IA"},"content":{"rendered":"<p data-start=\"315\" data-end=\"980\"><img fetchpriority=\"high\" decoding=\"async\" class=\"aligncenter size-full wp-image-1614\" src=\"https:\/\/sentrimax.com\/wp-content\/uploads\/2025\/07\/Manufacturing-1.png\" alt=\"\" width=\"1536\" height=\"1024\" srcset=\"https:\/\/sentrimax.com\/wp-content\/uploads\/2025\/07\/Manufacturing-1.png 1536w, https:\/\/sentrimax.com\/wp-content\/uploads\/2025\/07\/Manufacturing-1-300x200.png 300w, https:\/\/sentrimax.com\/wp-content\/uploads\/2025\/07\/Manufacturing-1-1024x683.png 1024w, https:\/\/sentrimax.com\/wp-content\/uploads\/2025\/07\/Manufacturing-1-768x512.png 768w, https:\/\/sentrimax.com\/wp-content\/uploads\/2025\/07\/Manufacturing-1-600x400.png 600w\" sizes=\"(max-width: 1536px) 100vw, 1536px\" \/><\/p>\n<p data-start=\"315\" data-end=\"980\">Sentrimax fournit des services professionnels de maintenance de centrifugeuses \u00e0 \u00e9thanol pour les installations de production et de traitement d&#039;\u00e9thanol dans le monde entier <strong data-start=\"451\" data-end=\"471\">Des Moines, Iowa<\/strong>. Les centrifugeuses \u00e0 \u00e9thanol jouent un r\u00f4le crucial dans la production d&#039;\u00e9thanol pour carburants et boissons. La s\u00e9paration rapide des solides et des liquides y est essentielle \u00e0 la clart\u00e9 du produit, au d\u00e9bit et \u00e0 la stabilit\u00e9 des \u00e9tapes de traitement ult\u00e9rieures. Ces machines fonctionnent dans des environnements exigeants, caract\u00e9ris\u00e9s par une forte teneur en mati\u00e8res solides, des particules de levure et des flux d&#039;alimentation variables. Un manque de maintenance ad\u00e9quate peut entra\u00eener des probl\u00e8mes critiques tels que des d\u00e9s\u00e9quilibres, l&#039;usure des roulements, la d\u00e9t\u00e9rioration des joints ou un mauvais alignement, provoquant des arr\u00eats impr\u00e9vus, des r\u00e9parations co\u00fbteuses et des pertes de production.<\/p>\n<p data-start=\"982\" data-end=\"1232\">Sentrimax aide les installations de la r\u00e9gion de Des Moines \u00e0 mettre en \u0153uvre des programmes de maintenance structur\u00e9s afin de pr\u00e9server les performances des \u00e9quipements, d&#039;am\u00e9liorer leur fiabilit\u00e9 et de prolonger la dur\u00e9e de vie des centrifugeuses \u00e0 \u00e9thanol gr\u00e2ce \u00e0 des strat\u00e9gies pr\u00e9ventives bien planifi\u00e9es.<\/p>\n<hr data-start=\"1234\" data-end=\"1237\" \/>\n<h2 data-start=\"1239\" data-end=\"1300\">Soutien aux op\u00e9rations de production d&#039;\u00e9thanol \u00e0 Des Moines<\/h2>\n<p data-start=\"1302\" data-end=\"1771\">Dans l&#039;industrie de l&#039;\u00e9thanol, la fiabilit\u00e9 des centrifugeuses influe directement sur la qualit\u00e9 du produit, l&#039;efficacit\u00e9 du traitement et les co\u00fbts d&#039;exploitation. Un entretien r\u00e9gulier est essentiel, car les centrifugeuses \u00e0 \u00e9thanol fonctionnent \u00e0 haute vitesse pendant de longues p\u00e9riodes et sont soumises \u00e0 une forte charge de solides, ce qui acc\u00e9l\u00e8re l&#039;usure des roulements, des joints, des \u00e9l\u00e9ments de convoyage, des spirales et des composants de la bo\u00eete de vitesses. Sans intervention, cette usure peut engendrer des vibrations, une baisse de l&#039;efficacit\u00e9 de s\u00e9paration et une d\u00e9faillance pr\u00e9matur\u00e9e des composants.<\/p>\n<p data-start=\"1773\" data-end=\"2153\">Les \u00e9quipes d&#039;intervention de Sentrimax collaborent avec les ing\u00e9nieurs et le personnel de maintenance des installations \u00e0 Des Moines afin d&#039;\u00e9laborer des plans de maintenance adapt\u00e9s aux besoins op\u00e9rationnels. En analysant les heures de fonctionnement, les caract\u00e9ristiques d&#039;alimentation, les profils de vibration et l&#039;historique des donn\u00e9es d&#039;entretien, Sentrimax aide les op\u00e9rateurs \u00e0 minimiser les interventions d&#039;urgence et \u00e0 privil\u00e9gier la maintenance pr\u00e9ventive pour garantir le bon fonctionnement des \u00e9quipements.<\/p>\n<p data-start=\"2155\" data-end=\"2301\">Pour une vue d&#039;ensemble de la mani\u00e8re dont Sentrimax am\u00e9liore les performances des centrifugeuses dans diverses applications, consultez <strong data-start=\"2256\" data-end=\"2300\"><a class=\"decorated-link cursor-pointer\" target=\"_new\" rel=\"noopener\" data-start=\"2258\" data-end=\"2298\">https:\/\/sentrimax.com\/centrifuge-repair\/<\/a><\/strong>.<\/p>\n<hr data-start=\"2303\" data-end=\"2306\" \/>\n<h2 data-start=\"2308\" data-end=\"2353\">Pourquoi l&#039;entretien des centrifugeuses \u00e0 \u00e9thanol est important<\/h2>\n<p data-start=\"2355\" data-end=\"2694\">Les centrifugeuses \u00e0 \u00e9thanol sont des machines de pr\u00e9cision \u00e0 tol\u00e9rances serr\u00e9es et \u00e0 vitesses de rotation \u00e9lev\u00e9es. Des pratiques de maintenance inad\u00e9quates \u2014 telles que des inspections tardives, des contr\u00f4les de lubrification insuffisants ou des indicateurs d&#039;usure n\u00e9glig\u00e9s \u2014 peuvent entra\u00eener des d\u00e9faillances en cascade et perturber la production. Une maintenance r\u00e9active plut\u00f4t que pr\u00e9ventive a souvent pour cons\u00e9quence\u00a0:<\/p>\n<ul data-start=\"2696\" data-end=\"2907\">\n<li data-start=\"2696\" data-end=\"2746\">\n<p data-start=\"2698\" data-end=\"2746\">Des pannes impr\u00e9vues qui affectent le d\u00e9bit de l&#039;usine<\/p>\n<\/li>\n<li data-start=\"2747\" data-end=\"2796\">\n<p data-start=\"2749\" data-end=\"2796\">Augmentation des co\u00fbts de r\u00e9paration due aux dommages secondaires<\/p>\n<\/li>\n<li data-start=\"2797\" data-end=\"2862\">\n<p data-start=\"2799\" data-end=\"2862\">Dur\u00e9e de vie r\u00e9duite des composants tels que les roulements, les joints d&#039;\u00e9tanch\u00e9it\u00e9 et les \u00e9l\u00e9ments d&#039;engrenage<\/p>\n<\/li>\n<li data-start=\"2863\" data-end=\"2907\">\n<p data-start=\"2865\" data-end=\"2907\">Risques accrus en mati\u00e8re de s\u00e9curit\u00e9 et de contr\u00f4le des processus<\/p>\n<\/li>\n<\/ul>\n<p data-start=\"2909\" data-end=\"3226\">Sentrimax privil\u00e9gie une approche proactive permettant de d\u00e9tecter les premiers signes d&#039;usure ou de d\u00e9s\u00e9quilibre m\u00e9canique. Gr\u00e2ce \u00e0 une maintenance structur\u00e9e des centrifugeuses \u00e0 \u00e9thanol, les installations de Des Moines peuvent optimiser la disponibilit\u00e9 de leurs proc\u00e9d\u00e9s, g\u00e9rer plus efficacement leurs budgets de maintenance et prot\u00e9ger leurs centrifugeuses sur le long terme.<\/p>\n<hr data-start=\"3228\" data-end=\"3231\" \/>\n<h2 data-start=\"3233\" data-end=\"3289\">Services complets d&#039;entretien des centrifugeuses \u00e0 \u00e9thanol<\/h2>\n<p data-start=\"3291\" data-end=\"3455\">Sentrimax propose des programmes de maintenance complets con\u00e7us pour surveiller l&#039;\u00e9tat des \u00e9quipements, pr\u00e9venir les pannes et maintenir des performances optimales. Les principaux services de maintenance comprennent\u00a0:<\/p>\n<ul data-start=\"3457\" data-end=\"3926\">\n<li data-start=\"3457\" data-end=\"3519\">\n<p data-start=\"3459\" data-end=\"3519\"><strong data-start=\"3459\" data-end=\"3517\">Inspection m\u00e9canique de routine et \u00e9valuation de l&#039;\u00e9tat<\/strong><\/p>\n<\/li>\n<li data-start=\"3520\" data-end=\"3567\">\n<p data-start=\"3522\" data-end=\"3567\"><strong data-start=\"3522\" data-end=\"3565\">Analyse des vibrations et surveillance des tendances<\/strong><\/p>\n<\/li>\n<li data-start=\"3568\" data-end=\"3629\">\n<p data-start=\"3570\" data-end=\"3629\"><strong data-start=\"3570\" data-end=\"3627\">Contr\u00f4les de lubrification des roulements et \u00e9valuation des performances<\/strong><\/p>\n<\/li>\n<li data-start=\"3630\" data-end=\"3696\">\n<p data-start=\"3632\" data-end=\"3696\"><strong data-start=\"3632\" data-end=\"3694\">Inspection des joints, \u00e9valuation de l&#039;usure et planification du remplacement<\/strong><\/p>\n<\/li>\n<li data-start=\"3697\" data-end=\"3750\">\n<p data-start=\"3699\" data-end=\"3750\"><strong data-start=\"3699\" data-end=\"3748\">Inspection de la bo\u00eete de vitesses et analyse de l&#039;\u00e9tat de l&#039;huile<\/strong><\/p>\n<\/li>\n<li data-start=\"3751\" data-end=\"3817\">\n<p data-start=\"3753\" data-end=\"3817\"><strong data-start=\"3753\" data-end=\"3815\">Mesure de l&#039;usure des rouleaux, des bols et des \u00e9l\u00e9ments de convoyeur<\/strong><\/p>\n<\/li>\n<li data-start=\"3818\" data-end=\"3875\">\n<p data-start=\"3820\" data-end=\"3875\"><strong data-start=\"3820\" data-end=\"3873\">V\u00e9rification de l&#039;\u00e9quilibrage dynamique et contr\u00f4les de tol\u00e9rance<\/strong><\/p>\n<\/li>\n<li data-start=\"3876\" data-end=\"3926\">\n<p data-start=\"3878\" data-end=\"3926\"><strong data-start=\"3878\" data-end=\"3926\">Examen et rapport sur les performances op\u00e9rationnelles<\/strong><\/p>\n<\/li>\n<\/ul>\n<p data-start=\"3928\" data-end=\"4221\">Chaque intervention de maintenance suit des proc\u00e9dures document\u00e9es conformes aux sp\u00e9cifications d&#039;origine et aux meilleures pratiques du secteur. Au lieu de se contenter d&#039;inspecter les dommages visibles, les techniciens de Sentrimax \u00e9valuent l&#039;ensemble du syst\u00e8me m\u00e9canique afin de d\u00e9tecter les probl\u00e8mes naissants avant qu&#039;ils ne d\u00e9g\u00e9n\u00e8rent en pannes.<\/p>\n<hr data-start=\"4223\" data-end=\"4226\" \/>\n<h2 data-start=\"4228\" data-end=\"4275\">Mise en \u0153uvre de programmes de maintenance pr\u00e9ventive<\/h2>\n<p data-start=\"4277\" data-end=\"4520\">Le moyen le plus efficace de r\u00e9duire les arr\u00eats impr\u00e9vus est de mettre en place un programme de maintenance pr\u00e9ventive adapt\u00e9 aux conditions d&#039;exploitation r\u00e9elles. Sentrimax collabore avec les usines d&#039;\u00e9thanol de Des Moines pour \u00e9laborer des strat\u00e9gies de maintenance pr\u00e9ventive bas\u00e9es sur\u00a0:<\/p>\n<ul data-start=\"4522\" data-end=\"4751\">\n<li data-start=\"4522\" data-end=\"4560\">\n<p data-start=\"4524\" data-end=\"4560\">Heures de fonctionnement et charge en solides<\/p>\n<\/li>\n<li data-start=\"4561\" data-end=\"4606\">\n<p data-start=\"4563\" data-end=\"4606\">Tendances vibratoires et signatures de d\u00e9s\u00e9quilibre<\/p>\n<\/li>\n<li data-start=\"4607\" data-end=\"4659\">\n<p data-start=\"4609\" data-end=\"4659\">\u00c9tat de la lubrification et analyse des particules d&#039;usure<\/p>\n<\/li>\n<li data-start=\"4660\" data-end=\"4701\">\n<p data-start=\"4662\" data-end=\"4701\">Archives historiques d&#039;entretien et de r\u00e9paration<\/p>\n<\/li>\n<li data-start=\"4702\" data-end=\"4751\">\n<p data-start=\"4704\" data-end=\"4751\">Donn\u00e9es sur la dur\u00e9e de vie des composants et intervalles de remplacement<\/p>\n<\/li>\n<\/ul>\n<p data-start=\"4753\" data-end=\"5088\">Un plan de maintenance bien structur\u00e9 peut inclure des inspections r\u00e9guli\u00e8res, la lubrification et le pr\u00e9l\u00e8vement d&#039;\u00e9chantillons d&#039;huile, des \u00e9valuations d&#039;\u00e9quilibrage dynamique et le remplacement pr\u00e9ventif des pi\u00e8ces. En planifiant la maintenance \u00e0 partir de donn\u00e9es mesurables, les installations peuvent \u00e9viter les interventions d&#039;urgence et mieux aligner les t\u00e2ches de maintenance sur les calendriers de production.<\/p>\n<p data-start=\"5090\" data-end=\"5263\">D\u00e9couvrez comment la maintenance s&#039;int\u00e8gre \u00e0 la planification de la fiabilit\u00e9 \u00e0 long terme sur <strong data-start=\"5156\" data-end=\"5204\"><a class=\"decorated-link cursor-pointer\" target=\"_new\" rel=\"noopener\" data-start=\"5158\" data-end=\"5202\">https:\/\/sentrimax.com\/industries\/wastewater\/<\/a><\/strong> o\u00f9 des strat\u00e9gies plus larges de continuit\u00e9 des processus sont abord\u00e9es.<\/p>\n<hr data-start=\"5265\" data-end=\"5268\" \/>\n<h2 data-start=\"5270\" data-end=\"5316\">Service apr\u00e8s-vente et expertise sur site en Iowa<\/h2>\n<p data-start=\"5318\" data-end=\"5647\">Les \u00e9quipes d&#039;intervention de Sentrimax assurent la maintenance des centrifugeuses \u00e0 \u00e9thanol sur site dans toute la r\u00e9gion de Des Moines. Les \u00e9valuations sur site permettent aux techniciens d&#039;examiner l&#039;\u00e9quipement dans son environnement de production r\u00e9el, en observant la variabilit\u00e9 de l&#039;alimentation, les vibrations et les commandes op\u00e9rationnelles, autant d&#039;\u00e9l\u00e9ments qui ne sont pas toujours visibles en atelier.<\/p>\n<p data-start=\"5649\" data-end=\"5697\">La maintenance sur site pr\u00e9sente plusieurs avantages\u00a0:<\/p>\n<ul data-start=\"5699\" data-end=\"6108\">\n<li data-start=\"5699\" data-end=\"5849\">\n<p data-start=\"5701\" data-end=\"5849\"><strong data-start=\"5701\" data-end=\"5738\">\u00c9valuation r\u00e9aliste des performances :<\/strong> Les techniciens peuvent observer le comportement de la centrifugeuse en charge et adapter les priorit\u00e9s de maintenance en cons\u00e9quence.<\/p>\n<\/li>\n<li data-start=\"5850\" data-end=\"5976\">\n<p data-start=\"5852\" data-end=\"5976\"><strong data-start=\"5852\" data-end=\"5883\">Temps d&#039;arr\u00eat des \u00e9quipements r\u00e9duit\u00a0:<\/strong> De nombreuses op\u00e9rations de maintenance peuvent \u00eatre effectu\u00e9es sans mettre la centrifugeuse hors service.<\/p>\n<\/li>\n<li data-start=\"5977\" data-end=\"6108\">\n<p data-start=\"5979\" data-end=\"6108\"><strong data-start=\"5979\" data-end=\"6004\">Collaboration directe :<\/strong> Les planificateurs et les op\u00e9rateurs de maintenance travaillent ensemble pour aligner les t\u00e2ches sur les fen\u00eatres de production et d&#039;arr\u00eat.<\/p>\n<\/li>\n<\/ul>\n<p data-start=\"6110\" data-end=\"6292\">Le service sur site prend en charge non seulement les inspections de routine, mais aussi les t\u00e2ches de maintenance complexes impliquant un alignement pr\u00e9cis, l&#039;\u00e9valuation du syst\u00e8me de lubrification et l&#039;\u00e9quilibrage dynamique sur place.<\/p>\n<hr data-start=\"6294\" data-end=\"6297\" \/>\n<h2 data-start=\"6299\" data-end=\"6349\">Pi\u00e8ces de qualit\u00e9 pour soutenir les activit\u00e9s de maintenance<\/h2>\n<p data-start=\"6351\" data-end=\"6730\">L&#039;efficacit\u00e9 de la maintenance d\u00e9pend de la qualit\u00e9 des pi\u00e8ces de rechange utilis\u00e9es lors des interventions. Sentrimax fournit des pi\u00e8ces de qualit\u00e9 \u00e9quivalente \u00e0 celle des pi\u00e8ces d&#039;origine pour les centrifugeuses \u00e0 \u00e9thanol, notamment des roulements, des joints d&#039;\u00e9tanch\u00e9it\u00e9, des rev\u00eatements anti-usure, des ensembles de spirales et des composants de r\u00e9ducteur. Ces pi\u00e8ces sont v\u00e9rifi\u00e9es quant \u00e0 leur pr\u00e9cision dimensionnelle, l&#039;int\u00e9grit\u00e9 des mat\u00e9riaux et leur compatibilit\u00e9 avec l&#039;application avant leur installation.<\/p>\n<p data-start=\"6732\" data-end=\"6765\">Les pi\u00e8ces de haute qualit\u00e9 contribuent \u00e0\u00a0:<\/p>\n<ul data-start=\"6767\" data-end=\"6901\">\n<li data-start=\"6767\" data-end=\"6794\">\n<p data-start=\"6769\" data-end=\"6794\">Dur\u00e9e de vie prolong\u00e9e des composants<\/p>\n<\/li>\n<li data-start=\"6795\" data-end=\"6830\">\n<p data-start=\"6797\" data-end=\"6830\">R\u00e9duction des vibrations et du d\u00e9s\u00e9quilibre<\/p>\n<\/li>\n<li data-start=\"6831\" data-end=\"6865\">\n<p data-start=\"6833\" data-end=\"6865\">Am\u00e9lioration de l&#039;efficacit\u00e9 de s\u00e9paration<\/p>\n<\/li>\n<li data-start=\"6866\" data-end=\"6901\">\n<p data-start=\"6868\" data-end=\"6901\">Risque moindre d&#039;\u00e9chec pr\u00e9matur\u00e9<\/p>\n<\/li>\n<\/ul>\n<p data-start=\"6903\" data-end=\"7039\">Les installations n\u00e9cessitant un support d\u00e9taill\u00e9 en pi\u00e8ces d\u00e9tach\u00e9es peuvent consulter les composants de remplacement disponibles sur <strong data-start=\"6995\" data-end=\"7038\"><a class=\"decorated-link cursor-pointer\" target=\"_new\" rel=\"noopener\" data-start=\"6997\" data-end=\"7036\">https:\/\/sentrimax.com\/centrifuge-parts\/<\/a><\/strong>.<\/p>\n<hr data-start=\"7041\" data-end=\"7044\" \/>\n<h2 data-start=\"7046\" data-end=\"7093\">Concilier la maintenance et les objectifs op\u00e9rationnels<\/h2>\n<p data-start=\"7095\" data-end=\"7398\">Dans la production d&#039;\u00e9thanol, les performances de la centrifugeuse influent sur la limpidit\u00e9 du produit, l&#039;efficacit\u00e9 d&#039;\u00e9limination des solides et la stabilit\u00e9 des proc\u00e9d\u00e9s en aval. La maintenance ne se limite pas \u00e0 la r\u00e9paration des pannes\u00a0; elle vise \u00e9galement \u00e0 garantir que la centrifugeuse contribue positivement aux performances globales de l&#039;usine et au respect des r\u00e9glementations.<\/p>\n<p data-start=\"7400\" data-end=\"7889\">Pour obtenir des informations compl\u00e9mentaires sur les cadres op\u00e9rationnels et r\u00e9glementaires susceptibles d&#039;influencer la performance des proc\u00e9d\u00e9s (notamment la gestion des eaux us\u00e9es et des mati\u00e8res solides), les installations peuvent se r\u00e9f\u00e9rer aux <strong data-start=\"7586\" data-end=\"7632\">Agence am\u00e9ricaine de protection de l&#039;environnement (EPA)<\/strong> \u00e0 <a class=\"decorated-link cursor-pointer\" target=\"_new\" rel=\"noopener\" data-start=\"7636\" data-end=\"7661\">https:\/\/www.epa.gov\/water<\/a> et des ressources provenant de <strong data-start=\"7685\" data-end=\"7723\">F\u00e9d\u00e9ration pour l&#039;environnement de l&#039;eau (WEF)<\/strong> \u00e0 <a class=\"decorated-link\" href=\"https:\/\/www.wef.org\/\" target=\"_new\" rel=\"noopener\" data-start=\"7727\" data-end=\"7747\">https:\/\/www.wef.org\/<\/a>. Ces guides externes offrent un \u00e9clairage suppl\u00e9mentaire sur les exigences environnementales et les meilleures pratiques qui recoupent les proc\u00e9d\u00e9s industriels.<\/p>\n<hr data-start=\"7891\" data-end=\"7894\" \/>\n<h2 data-start=\"7896\" data-end=\"7941\">Pourquoi les entreprises de Des Moines choisissent Sentrimax<\/h2>\n<p data-start=\"7943\" data-end=\"8353\">Les producteurs et transformateurs d&#039;\u00e9thanol de Des Moines choisissent Sentrimax pour son expertise technique pointue, son exp\u00e9rience pratique sur le terrain et son engagement \u00e0 fournir des solutions de maintenance pr\u00e9ventive qui optimisent la disponibilit\u00e9 des \u00e9quipements et r\u00e9duisent les co\u00fbts du cycle de vie. Les techniciens de Sentrimax ma\u00eetrisent parfaitement le fonctionnement des centrifugeuses \u00e0 \u00e9thanol et appliquent une strat\u00e9gie de maintenance bas\u00e9e sur les donn\u00e9es, privil\u00e9giant la fiabilit\u00e9.<\/p>\n<p data-start=\"8355\" data-end=\"8513\">Tout au long de la prestation de maintenance, Sentrimax assure une communication claire et fournit une documentation d\u00e9taill\u00e9e. Les installations re\u00e7oivent des rapports de maintenance comprenant\u00a0:<\/p>\n<ul data-start=\"8515\" data-end=\"8661\">\n<li data-start=\"8515\" data-end=\"8559\">\n<p data-start=\"8517\" data-end=\"8559\">R\u00e9sultats de l&#039;inspection et scores d&#039;\u00e9tat<\/p>\n<\/li>\n<li data-start=\"8560\" data-end=\"8595\">\n<p data-start=\"8562\" data-end=\"8595\">actions de maintenance recommand\u00e9es<\/p>\n<\/li>\n<li data-start=\"8596\" data-end=\"8626\">\n<p data-start=\"8598\" data-end=\"8626\">projections d&#039;usure des composants<\/p>\n<\/li>\n<li data-start=\"8627\" data-end=\"8661\">\n<p data-start=\"8629\" data-end=\"8661\">Calendriers de remplacement prioritaires<\/p>\n<\/li>\n<\/ul>\n<p data-start=\"8663\" data-end=\"8792\">Ces rapports aident les \u00e9quipes d&#039;exploitation et de maintenance \u00e0 coordonner les budgets, \u00e0 planifier les interruptions de service et \u00e0 allouer les ressources en toute confiance.<\/p>\n<hr data-start=\"8794\" data-end=\"8797\" \/>\n<h2 data-start=\"8799\" data-end=\"8859\">Planification de la maintenance \u00e0 long terme et am\u00e9lioration continue<\/h2>\n<p data-start=\"8861\" data-end=\"9134\">L&#039;entretien efficace des centrifugeuses \u00e0 \u00e9thanol est un processus continu qui b\u00e9n\u00e9ficie d&#039;une am\u00e9lioration constante. Sentrimax encourage les installations \u00e0 suivre les indicateurs de performance au fil du temps \u2014 tels que les niveaux de vibration, l&#039;\u00e9tat de l&#039;huile et les tendances d&#039;usure \u2014 afin d&#039;optimiser la prise de d\u00e9cision en mati\u00e8re de maintenance.<\/p>\n<p data-start=\"9136\" data-end=\"9239\">En collectant et en analysant ces donn\u00e9es sur plusieurs cycles de maintenance, les installations obtiennent des informations sur\u00a0:<\/p>\n<ul data-start=\"9241\" data-end=\"9383\">\n<li data-start=\"9241\" data-end=\"9267\">\n<p data-start=\"9243\" data-end=\"9267\">\u00c9mergence de nouveaux mod\u00e8les d&#039;usure<\/p>\n<\/li>\n<li data-start=\"9268\" data-end=\"9304\">\n<p data-start=\"9270\" data-end=\"9304\">opportunit\u00e9s de r\u00e9duction des temps d&#039;arr\u00eat<\/p>\n<\/li>\n<li data-start=\"9305\" data-end=\"9331\">\n<p data-start=\"9307\" data-end=\"9331\">Pr\u00e9vision de la dur\u00e9e de vie des pi\u00e8ces<\/p>\n<\/li>\n<li data-start=\"9332\" data-end=\"9383\">\n<p data-start=\"9334\" data-end=\"9383\">Planification optimale des interventions pr\u00e9ventives<\/p>\n<\/li>\n<\/ul>\n<p data-start=\"9385\" data-end=\"9483\">Cette approche fond\u00e9e sur les donn\u00e9es contribue \u00e0 r\u00e9duire le co\u00fbt total de possession et \u00e0 renforcer la fiabilit\u00e9 des processus.<\/p>\n<hr data-start=\"9485\" data-end=\"9488\" \/>\n<h2 data-start=\"9490\" data-end=\"9548\">Demander l\u2019entretien d\u2019une centrifugeuse \u00e0 l\u2019\u00e9thanol \u00e0 Des Moines IA<\/h2>\n<p data-start=\"9550\" data-end=\"9806\">Lorsque la maintenance structur\u00e9e de la centrifugeuse \u00e0 \u00e9thanol est n\u00e9cessaire dans <strong data-start=\"9610\" data-end=\"9628\">Des Moines, Iowa<\/strong>, Les installations font confiance \u00e0 Sentrimax pour son expertise fiable, son assistance sur le terrain r\u00e9active et ses strat\u00e9gies de maintenance con\u00e7ues pour assurer le fonctionnement fiable et efficace de vos \u00e9quipements.<\/p>\n<p data-start=\"9808\" data-end=\"9862\"><strong data-start=\"9808\" data-end=\"9862\"><a class=\"decorated-link\" href=\"https:\/\/sentrimax.com\/fr\/contact\/\" target=\"_new\" rel=\"noopener\" data-start=\"9810\" data-end=\"9860\">Demandez un devis !<\/a><\/strong><\/p>","protected":false},"excerpt":{"rendered":"<p>Sentrimax provides professional ethanol centrifuge maintenance services for ethanol production facilities and process plants throughout Des Moines, Iowa. Ethanol centrifuges play a pivotal role in fuel and beverage ethanol production where high-speed solids-liquid separation is essential to product clarity, throughput, and downstream processing stability. These machines operate in demanding environments with high solids content, yeast [&hellip;]<\/p>\n","protected":false},"author":3,"featured_media":0,"parent":0,"menu_order":0,"comment_status":"closed","ping_status":"closed","template":"seo-page-template.php","meta":{"_acf_changed":false,"inline_featured_image":false,"footnotes":""},"class_list":["post-2326","page","type-page","status-publish","hentry"],"acf":[],"_links":{"self":[{"href":"https:\/\/sentrimax.com\/fr\/wp-json\/wp\/v2\/pages\/2326","targetHints":{"allow":["GET"]}}],"collection":[{"href":"https:\/\/sentrimax.com\/fr\/wp-json\/wp\/v2\/pages"}],"about":[{"href":"https:\/\/sentrimax.com\/fr\/wp-json\/wp\/v2\/types\/page"}],"author":[{"embeddable":true,"href":"https:\/\/sentrimax.com\/fr\/wp-json\/wp\/v2\/users\/3"}],"replies":[{"embeddable":true,"href":"https:\/\/sentrimax.com\/fr\/wp-json\/wp\/v2\/comments?post=2326"}],"version-history":[{"count":1,"href":"https:\/\/sentrimax.com\/fr\/wp-json\/wp\/v2\/pages\/2326\/revisions"}],"predecessor-version":[{"id":2501,"href":"https:\/\/sentrimax.com\/fr\/wp-json\/wp\/v2\/pages\/2326\/revisions\/2501"}],"wp:attachment":[{"href":"https:\/\/sentrimax.com\/fr\/wp-json\/wp\/v2\/media?parent=2326"}],"curies":[{"name":"wp","href":"https:\/\/api.w.org\/{rel}","templated":true}]}}