{"id":2327,"date":"2026-01-07T17:28:38","date_gmt":"2026-01-07T17:28:38","guid":{"rendered":"https:\/\/sentrimax.com\/?page_id=2327"},"modified":"2026-04-21T21:13:42","modified_gmt":"2026-04-21T21:13:42","slug":"ethanol-processing-centrifuge-service-in-kansas-city-mo","status":"publish","type":"page","link":"https:\/\/sentrimax.com\/fr\/ethanol-processing-centrifuge-service-in-kansas-city-mo\/","title":{"rendered":"Service de centrifugation pour le traitement de l&#039;\u00e9thanol \u00e0 Kansas City, Missouri"},"content":{"rendered":"<p data-start=\"335\" data-end=\"965\"><img fetchpriority=\"high\" decoding=\"async\" class=\"aligncenter size-full wp-image-1613\" src=\"https:\/\/sentrimax.com\/wp-content\/uploads\/2025\/07\/Food-Bev.png\" alt=\"\" width=\"1536\" height=\"1024\" srcset=\"https:\/\/sentrimax.com\/wp-content\/uploads\/2025\/07\/Food-Bev.png 1536w, https:\/\/sentrimax.com\/wp-content\/uploads\/2025\/07\/Food-Bev-300x200.png 300w, https:\/\/sentrimax.com\/wp-content\/uploads\/2025\/07\/Food-Bev-1024x683.png 1024w, https:\/\/sentrimax.com\/wp-content\/uploads\/2025\/07\/Food-Bev-768x512.png 768w, https:\/\/sentrimax.com\/wp-content\/uploads\/2025\/07\/Food-Bev-600x400.png 600w\" sizes=\"(max-width: 1536px) 100vw, 1536px\" \/><\/p>\n<p data-start=\"335\" data-end=\"965\">Sentrimax propose des services professionnels de centrifugation pour le traitement de l&#039;\u00e9thanol destin\u00e9s aux installations de production d&#039;\u00e9thanol pour carburants et boissons, aux usines de traitement et aux op\u00e9rations industrielles dans tout le pays. <strong data-start=\"511\" data-end=\"536\">Kansas City, Missouri<\/strong>. Les centrifugeuses de traitement de l&#039;\u00e9thanol sont essentielles \u00e0 la production moderne d&#039;\u00e9thanol. Elles permettent d&#039;extraire les solides, les levures et les particules des flux liquides afin de garantir la qualit\u00e9 du produit, l&#039;efficacit\u00e9 du processus et la constance des flux en aval. Lorsque ces machines \u00e0 grande vitesse subissent une usure, des vibrations, une baisse de d\u00e9bit ou des probl\u00e8mes m\u00e9caniques, un service de maintenance fiable est crucial pour minimiser les temps d&#039;arr\u00eat, pr\u00e9server la qualit\u00e9 du produit et assurer la continuit\u00e9 de la production.<\/p>\n<p data-start=\"967\" data-end=\"1459\">Fort de plusieurs d\u00e9cennies d&#039;exp\u00e9rience pratique dans la maintenance d&#039;\u00e9quipements de s\u00e9paration solide-liquide \u00e0 grande vitesse, <strong data-start=\"1060\" data-end=\"1073\">Sentrimax<\/strong> Sentrimax propose des diagnostics approfondis, des r\u00e9parations m\u00e9caniques de pr\u00e9cision, la planification de la maintenance pr\u00e9ventive et des solutions de remise \u00e0 neuf compl\u00e8tes, con\u00e7ues sp\u00e9cifiquement pour les centrifugeuses de traitement de l&#039;\u00e9thanol. Qu&#039;il s&#039;agisse d&#039;une intervention d&#039;urgence ou de la planification de la maintenance, Sentrimax aide les installations de Kansas City \u00e0 optimiser les performances et \u00e0 prolonger la dur\u00e9e de vie de leurs centrifugeuses.<\/p>\n<hr data-start=\"1461\" data-end=\"1464\" \/>\n<h2 data-start=\"1466\" data-end=\"1528\">Soutien aux op\u00e9rations de production d&#039;\u00e9thanol dans toute la r\u00e9gion de Kansas City<\/h2>\n<p data-start=\"1530\" data-end=\"2118\">Centrifugations \u00e0 \u00e9thanol dans le <strong data-start=\"1557\" data-end=\"1590\">r\u00e9gion m\u00e9tropolitaine de Kansas City<\/strong> Ces machines jouent un r\u00f4le essentiel tout au long du processus de production, notamment dans la r\u00e9colte des levures, la clarification des solides, la s\u00e9paration des suspensions et la d\u00e9shydratation des boues. Elles fonctionnent en continu avec des charges \u00e9lev\u00e9es en solides, des alimentations variables et de fr\u00e9quentes fluctuations de temp\u00e9rature, autant de facteurs qui acc\u00e9l\u00e8rent l&#039;usure des roulements, des joints, des \u00e9l\u00e9ments de convoyeur et des ensembles rotatifs. Faute d&#039;une intervention proactive, l&#039;usure et le d\u00e9s\u00e9quilibre peuvent engendrer des vibrations, des probl\u00e8mes de couple, des fuites d&#039;\u00e9tanch\u00e9it\u00e9 et des arr\u00eats impr\u00e9vus, affectant ainsi le d\u00e9bit et la rentabilit\u00e9.<\/p>\n<p data-start=\"2120\" data-end=\"2592\">Sentrimax propose un service d&#039;intervention rapide sur site dans toute la r\u00e9gion de Kansas City et ses environs. Des techniciens qualifi\u00e9s se d\u00e9placent avec des outils de diagnostic de pointe pour \u00e9valuer l&#039;\u00e9tat des machines, identifier les causes profondes des pannes et mettre en \u0153uvre des solutions de maintenance adapt\u00e9es aux plannings de production et aux normes de s\u00e9curit\u00e9. Cette combinaison d&#039;un service d&#039;intervention pr\u00e9cis et d&#039;une expertise pointue en centrifugeuses permet aux producteurs d&#039;\u00e9thanol de garantir des performances de s\u00e9paration fiables.<\/p>\n<p data-start=\"2594\" data-end=\"2723\">Pour un aper\u00e7u complet des capacit\u00e9s de centrifugation de Sentrimax dans diff\u00e9rents secteurs d&#039;activit\u00e9, consultez le site web. <a class=\"decorated-link cursor-pointer\" target=\"_new\" rel=\"noopener\" data-start=\"2682\" data-end=\"2722\">https:\/\/sentrimax.com\/centrifuge-repair\/<\/a>.<\/p>\n<hr data-start=\"2725\" data-end=\"2728\" \/>\n<h2 data-start=\"2730\" data-end=\"2795\">Pourquoi un service professionnel de centrifugation pour le traitement de l&#039;\u00e9thanol est important<\/h2>\n<p data-start=\"2797\" data-end=\"3343\">Les centrifugeuses de traitement de l&#039;\u00e9thanol sont des machines rotatives de pr\u00e9cision, caract\u00e9ris\u00e9es par des tol\u00e9rances serr\u00e9es et des vitesses de rotation \u00e9lev\u00e9es. Des r\u00e9parations inad\u00e9quates ou incompl\u00e8tes ne font souvent que masquer les sympt\u00f4mes sans s&#039;attaquer aux causes profondes, ce qui entra\u00eene des vibrations r\u00e9currentes, une usure pr\u00e9matur\u00e9e, une baisse d&#039;efficacit\u00e9 et des arr\u00eats de production impr\u00e9vus. Les techniciens de Sentrimax suivent des proc\u00e9dures document\u00e9es et les meilleures pratiques du secteur afin de diagnostiquer \u00e0 la fois les dommages visibles et les contraintes m\u00e9caniques sous-jacentes, telles que les d\u00e9fauts d&#039;alignement, les d\u00e9faillances de lubrification, les d\u00e9s\u00e9quilibres ou la fatigue structurelle.<\/p>\n<p data-start=\"3345\" data-end=\"3410\">Une approche de service globale aide les installations de Kansas City\u00a0:<\/p>\n<ul data-start=\"3412\" data-end=\"3608\">\n<li data-start=\"3412\" data-end=\"3457\">\n<p data-start=\"3414\" data-end=\"3457\">R\u00e9tablir les performances et le d\u00e9bit pr\u00e9vus<\/p>\n<\/li>\n<li data-start=\"3458\" data-end=\"3495\">\n<p data-start=\"3460\" data-end=\"3495\">Am\u00e9liorer la qualit\u00e9 de la s\u00e9paration des solides<\/p>\n<\/li>\n<li data-start=\"3496\" data-end=\"3546\">\n<p data-start=\"3498\" data-end=\"3546\">R\u00e9duire la consommation d&#039;\u00e9nergie et la fr\u00e9quence des r\u00e9parations<\/p>\n<\/li>\n<li data-start=\"3547\" data-end=\"3608\">\n<p data-start=\"3549\" data-end=\"3608\">Assurer la conformit\u00e9 aux normes relatives aux produits et \u00e0 la r\u00e9glementation<\/p>\n<\/li>\n<\/ul>\n<p data-start=\"3610\" data-end=\"3734\">En ciblant les causes profondes, Sentrimax aide les transformateurs d&#039;\u00e9thanol \u00e0 obtenir une fiabilit\u00e9 \u00e0 long terme et \u00e0 r\u00e9duire le co\u00fbt total de possession.<\/p>\n<hr data-start=\"3736\" data-end=\"3739\" \/>\n<h2 data-start=\"3741\" data-end=\"3796\">Services complets de centrifugation pour le traitement de l&#039;\u00e9thanol<\/h2>\n<p data-start=\"3798\" data-end=\"3916\">Sentrimax propose une gamme compl\u00e8te de services de centrifugation pour le traitement de l&#039;\u00e9thanol, con\u00e7us pour les op\u00e9rations industrielles de production d&#039;\u00e9thanol\u00a0:<\/p>\n<ul data-start=\"3918\" data-end=\"4448\">\n<li data-start=\"3918\" data-end=\"3981\">\n<p data-start=\"3920\" data-end=\"3981\"><strong data-start=\"3920\" data-end=\"3979\">Inspection m\u00e9canique et \u00e9valuation d\u00e9taill\u00e9e de l&#039;\u00e9tat<\/strong><\/p>\n<\/li>\n<li data-start=\"3982\" data-end=\"4033\">\n<p data-start=\"3984\" data-end=\"4033\"><strong data-start=\"3984\" data-end=\"4031\">Diagnostic des d\u00e9faillances et analyse des causes profondes<\/strong><\/p>\n<\/li>\n<li data-start=\"4034\" data-end=\"4095\">\n<p data-start=\"4036\" data-end=\"4095\"><strong data-start=\"4036\" data-end=\"4093\">D\u00e9pose, remplacement et alignement de pr\u00e9cision des roulements<\/strong><\/p>\n<\/li>\n<li data-start=\"4096\" data-end=\"4171\">\n<p data-start=\"4098\" data-end=\"4171\"><strong data-start=\"4098\" data-end=\"4169\">r\u00e9paration ou remplacement de bols, de spirales, de convoyeurs et d&#039;ensembles rotatifs<\/strong><\/p>\n<\/li>\n<li data-start=\"4172\" data-end=\"4232\">\n<p data-start=\"4174\" data-end=\"4232\"><strong data-start=\"4174\" data-end=\"4230\">Inspection, r\u00e9fection et v\u00e9rification du couple de la bo\u00eete de vitesses<\/strong><\/p>\n<\/li>\n<li data-start=\"4233\" data-end=\"4276\">\n<p data-start=\"4235\" data-end=\"4276\"><strong data-start=\"4235\" data-end=\"4274\">\u00c9quilibrage dynamique selon les tol\u00e9rances du constructeur<\/strong><\/p>\n<\/li>\n<li data-start=\"4277\" data-end=\"4334\">\n<p data-start=\"4279\" data-end=\"4334\"><strong data-start=\"4279\" data-end=\"4332\">Am\u00e9liorations du remplacement des joints et de la protection contre l&#039;usure<\/strong><\/p>\n<\/li>\n<li data-start=\"4335\" data-end=\"4394\">\n<p data-start=\"4337\" data-end=\"4394\"><strong data-start=\"4337\" data-end=\"4392\">Assistance au d\u00e9pannage des syst\u00e8mes de contr\u00f4le et d&#039;instrumentation<\/strong><\/p>\n<\/li>\n<li data-start=\"4395\" data-end=\"4448\">\n<p data-start=\"4397\" data-end=\"4448\"><strong data-start=\"4397\" data-end=\"4448\">V\u00e9rification des performances et assistance au d\u00e9marrage<\/strong><\/p>\n<\/li>\n<\/ul>\n<p data-start=\"4450\" data-end=\"4703\">Chaque intervention suit des proc\u00e9dures document\u00e9es, conformes aux exigences du constructeur et aux normes du secteur. Nos techniciens \u00e9valuent l&#039;ensemble du syst\u00e8me m\u00e9canique \u2013 et pas seulement les sympt\u00f4mes visibles \u2013 afin d&#039;effectuer des r\u00e9parations qui optimisent la disponibilit\u00e9 et la fiabilit\u00e9 de l&#039;exploitation.<\/p>\n<hr data-start=\"4705\" data-end=\"4708\" \/>\n<h2 data-start=\"4710\" data-end=\"4757\">Service apr\u00e8s-vente r\u00e9actif et assistance sur site<\/h2>\n<p data-start=\"4759\" data-end=\"5114\">Les pannes impr\u00e9vues de centrifugeuses peuvent perturber la production d&#039;\u00e9thanol, mettre \u00e0 rude \u00e9preuve les \u00e9quipes de maintenance et impacter les plannings de production. Sentrimax assure un service d&#039;intervention rapide sur site dans la r\u00e9gion de Kansas City, en d\u00e9p\u00eacheant des techniciens qualifi\u00e9s directement sur votre site, munis d&#039;outils sp\u00e9cialis\u00e9s et appliquant des proc\u00e9dures de s\u00e9curit\u00e9 rigoureuses, afin d&#039;\u00e9valuer vos \u00e9quipements en conditions r\u00e9elles d&#039;utilisation.<\/p>\n<p data-start=\"5116\" data-end=\"5152\">Le service sur site offre des avantages cl\u00e9s\u00a0:<\/p>\n<ul data-start=\"5154\" data-end=\"5454\">\n<li data-start=\"5154\" data-end=\"5221\">\n<p data-start=\"5156\" data-end=\"5221\"><strong data-start=\"5156\" data-end=\"5219\">Observation en temps r\u00e9el du comportement de la machine pendant le traitement<\/strong><\/p>\n<\/li>\n<li data-start=\"5222\" data-end=\"5294\">\n<p data-start=\"5224\" data-end=\"5294\"><strong data-start=\"5224\" data-end=\"5292\">D\u00e9pannage imm\u00e9diat et mesures correctives lorsque cela est possible<\/strong><\/p>\n<\/li>\n<li data-start=\"5295\" data-end=\"5365\">\n<p data-start=\"5297\" data-end=\"5365\"><strong data-start=\"5297\" data-end=\"5363\">R\u00e9duction des besoins en transport hors site co\u00fbteux et des d\u00e9lais de livraison.<\/strong><\/p>\n<\/li>\n<li data-start=\"5366\" data-end=\"5454\">\n<p data-start=\"5368\" data-end=\"5454\"><strong data-start=\"5368\" data-end=\"5454\">Collaboration avec le personnel de l&#039;usine pour int\u00e9grer le service aux exigences de production<\/strong><\/p>\n<\/li>\n<\/ul>\n<p data-start=\"5456\" data-end=\"5596\">Les techniciens de terrain se concentrent sur des r\u00e9parations efficaces et pratiques qui minimisent les perturbations et aident votre \u00e9quipe \u00e0 maintenir des op\u00e9rations fluides et pr\u00e9visibles.<\/p>\n<hr data-start=\"5598\" data-end=\"5601\" \/>\n<h2 data-start=\"5603\" data-end=\"5653\">R\u00e9parations de pr\u00e9cision utilisant des composants de haute qualit\u00e9<\/h2>\n<p data-start=\"5655\" data-end=\"5865\">La durabilit\u00e9 de toute r\u00e9paration d\u00e9pend fortement de la qualit\u00e9 des composants install\u00e9s lors de l&#039;intervention. Sentrimax fournit des pi\u00e8ces de rechange de qualit\u00e9 \u00e9quivalente \u00e0 celle des pi\u00e8ces d&#039;origine pour les centrifugeuses de traitement de l&#039;\u00e9thanol, notamment\u00a0:<\/p>\n<ul data-start=\"5867\" data-end=\"6133\">\n<li data-start=\"5867\" data-end=\"5902\">\n<p data-start=\"5869\" data-end=\"5902\">Roulements et ensembles de roulements<\/p>\n<\/li>\n<li data-start=\"5903\" data-end=\"5937\">\n<p data-start=\"5905\" data-end=\"5937\">Joints d&#039;\u00e9tanch\u00e9it\u00e9, bagues d&#039;\u00e9tanch\u00e9it\u00e9 et anneaux d&#039;usure<\/p>\n<\/li>\n<li data-start=\"5938\" data-end=\"5990\">\n<p data-start=\"5940\" data-end=\"5990\">Volants de volutes, convoyeurs et \u00e9l\u00e9ments rotatifs<\/p>\n<\/li>\n<li data-start=\"5991\" data-end=\"6039\">\n<p data-start=\"5993\" data-end=\"6039\">Composants de la bo\u00eete de vitesses et pi\u00e8ces de transmission du couple<\/p>\n<\/li>\n<li data-start=\"6040\" data-end=\"6078\">\n<p data-start=\"6042\" data-end=\"6078\">Bol, moyeu et ensembles rotatifs<\/p>\n<\/li>\n<li data-start=\"6079\" data-end=\"6133\">\n<p data-start=\"6081\" data-end=\"6133\">Fixations et kits de quincaillerie con\u00e7us pour la fiabilit\u00e9<\/p>\n<\/li>\n<\/ul>\n<p data-start=\"6135\" data-end=\"6311\">Avant leur installation, toutes les pi\u00e8ces sont inspect\u00e9es afin de v\u00e9rifier leur pr\u00e9cision dimensionnelle, l&#039;int\u00e9grit\u00e9 des mat\u00e9riaux et leur compatibilit\u00e9, garantissant ainsi des performances fiables m\u00eame dans des conditions d&#039;utilisation exigeantes.<\/p>\n<p data-start=\"6313\" data-end=\"6439\">Pour obtenir des informations d\u00e9taill\u00e9es sur les pi\u00e8ces de rechange disponibles et le support technique, veuillez consulter le site web. <a class=\"decorated-link cursor-pointer\" target=\"_new\" rel=\"noopener\" data-start=\"6399\" data-end=\"6438\">https:\/\/sentrimax.com\/centrifuge-parts\/<\/a>.<\/p>\n<hr data-start=\"6441\" data-end=\"6444\" \/>\n<h2 data-start=\"6446\" data-end=\"6496\">Services de reconstruction compl\u00e8te pour une fiabilit\u00e9 \u00e0 long terme<\/h2>\n<p data-start=\"6498\" data-end=\"6812\">Pour les centrifugeuses \u00e0 \u00e9thanol fortement us\u00e9es ou en fin de vie, Sentrimax propose des services de remise \u00e0 neuf complets. Une remise \u00e0 neuf r\u00e9alis\u00e9e par des professionnels permet de restaurer l&#039;\u00e9quipement dans un \u00e9tat proche de son fonctionnement d&#039;origine, en am\u00e9liorant l&#039;\u00e9quilibrage m\u00e9canique, en r\u00e9duisant les vibrations et en prolongeant sa dur\u00e9e de vie.<\/p>\n<p data-start=\"6814\" data-end=\"6849\">Les services de reconstruction comprennent g\u00e9n\u00e9ralement\u00a0:<\/p>\n<ul data-start=\"6851\" data-end=\"7137\">\n<li data-start=\"6851\" data-end=\"6897\">\n<p data-start=\"6853\" data-end=\"6897\">D\u00e9montage complet et nettoyage approfondi<\/p>\n<\/li>\n<li data-start=\"6898\" data-end=\"6963\">\n<p data-start=\"6900\" data-end=\"6963\">Mesure et restauration des tol\u00e9rances m\u00e9caniques critiques<\/p>\n<\/li>\n<li data-start=\"6964\" data-end=\"7009\">\n<p data-start=\"6966\" data-end=\"7009\">Remplacement des composants us\u00e9s ou endommag\u00e9s<\/p>\n<\/li>\n<li data-start=\"7010\" data-end=\"7049\">\n<p data-start=\"7012\" data-end=\"7049\">Usinage de pr\u00e9cision pour un ajustement optimal<\/p>\n<\/li>\n<li data-start=\"7050\" data-end=\"7094\">\n<p data-start=\"7052\" data-end=\"7094\">\u00c9quilibrage dynamique des ensembles rotatifs<\/p>\n<\/li>\n<li data-start=\"7095\" data-end=\"7137\">\n<p data-start=\"7097\" data-end=\"7137\">R\u00e9assemblage et essais de performance finaux<\/p>\n<\/li>\n<\/ul>\n<p data-start=\"7139\" data-end=\"7296\">Les travaux de reconstruction sont coordonn\u00e9s avec les \u00e9quipes des installations afin de co\u00efncider avec les arr\u00eats planifi\u00e9s, minimisant ainsi l&#039;impact sur la production tout en maximisant le retour sur investissement.<\/p>\n<hr data-start=\"7298\" data-end=\"7301\" \/>\n<h2 data-start=\"7303\" data-end=\"7347\">Maintenance pr\u00e9ventive pour maximiser la disponibilit\u00e9<\/h2>\n<p data-start=\"7349\" data-end=\"7673\">Les r\u00e9parations r\u00e9actives sont co\u00fbteuses, tant en pi\u00e8ces d\u00e9tach\u00e9es qu&#039;en temps de production perdu. La maintenance pr\u00e9ventive aide les entreprises de transformation d&#039;\u00e9thanol \u00e0 d\u00e9tecter rapidement les probl\u00e8mes \u00e9mergents, \u00e0 r\u00e9duire les pannes impr\u00e9vues et \u00e0 optimiser leurs d\u00e9penses de maintenance. Sentrimax collabore avec les installations de Kansas City pour \u00e9laborer des plans de maintenance pr\u00e9ventive personnalis\u00e9s pouvant inclure\u00a0:<\/p>\n<ul data-start=\"7675\" data-end=\"7964\">\n<li data-start=\"7675\" data-end=\"7721\">\n<p data-start=\"7677\" data-end=\"7721\">Inspections de routine et suivi de l&#039;\u00e9tat<\/p>\n<\/li>\n<li data-start=\"7722\" data-end=\"7769\">\n<p data-start=\"7724\" data-end=\"7769\">Analyse des vibrations et tendances de performance<\/p>\n<\/li>\n<li data-start=\"7770\" data-end=\"7823\">\n<p data-start=\"7772\" data-end=\"7823\">Pr\u00e9l\u00e8vement d&#039;\u00e9chantillons d&#039;huile et \u00e9valuation de l&#039;\u00e9tat de la lubrification<\/p>\n<\/li>\n<li data-start=\"7824\" data-end=\"7867\">\n<p data-start=\"7826\" data-end=\"7867\">Mesure de l&#039;usure des composants critiques<\/p>\n<\/li>\n<li data-start=\"7868\" data-end=\"7912\">\n<p data-start=\"7870\" data-end=\"7912\">Remplacement programm\u00e9 des pi\u00e8ces \u00e0 forte usure<\/p>\n<\/li>\n<li data-start=\"7913\" data-end=\"7964\">\n<p data-start=\"7915\" data-end=\"7964\">Contr\u00f4les d&#039;alignement et v\u00e9rification dynamique de l&#039;\u00e9quilibre<\/p>\n<\/li>\n<\/ul>\n<p data-start=\"7966\" data-end=\"8101\">En planifiant la maintenance en fonction des donn\u00e9es op\u00e9rationnelles plut\u00f4t que des pannes, les installations peuvent am\u00e9liorer leur temps de fonctionnement et rationaliser leurs budgets de maintenance.<\/p>\n<hr data-start=\"8103\" data-end=\"8106\" \/>\n<h2 data-start=\"8108\" data-end=\"8155\">Soutien aux objectifs de qualit\u00e9 des produits et des processus<\/h2>\n<p data-start=\"8157\" data-end=\"8553\">Les performances des centrifugeuses utilis\u00e9es pour le traitement de l&#039;\u00e9thanol influent sur la clart\u00e9 du produit, l&#039;efficacit\u00e9 d&#039;\u00e9limination des solides et la stabilit\u00e9 des \u00e9tapes de traitement ult\u00e9rieures. Une s\u00e9paration inefficace peut accro\u00eetre les co\u00fbts de gestion des d\u00e9chets, r\u00e9duire le d\u00e9bit effectif et augmenter les frais d&#039;exploitation. Un entretien efficace des centrifugeuses permet aux installations de maintenir des performances de s\u00e9paration constantes, contribuant ainsi \u00e0 l&#039;atteinte des objectifs globaux de production et de rentabilit\u00e9.<\/p>\n<p data-start=\"8555\" data-end=\"8944\">Pour un contexte industriel plus large sur les traitements associ\u00e9s et les consid\u00e9rations environnementales, les op\u00e9rateurs peuvent se r\u00e9f\u00e9rer \u00e0 <strong data-start=\"8670\" data-end=\"8716\">Agence am\u00e9ricaine de protection de l&#039;environnement (EPA)<\/strong> \u00e0 <a class=\"decorated-link cursor-pointer\" target=\"_new\" rel=\"noopener\" data-start=\"8720\" data-end=\"8745\">https:\/\/www.epa.gov\/water<\/a> pour obtenir des conseils sur les normes relatives aux eaux us\u00e9es et aux effluents. <strong data-start=\"8801\" data-end=\"8839\">F\u00e9d\u00e9ration pour l&#039;environnement de l&#039;eau (WEF)<\/strong> offre \u00e9galement des informations techniques et des pratiques exemplaires pertinentes en mati\u00e8re de syst\u00e8mes de s\u00e9paration. <a class=\"decorated-link\" href=\"https:\/\/www.wef.org\/\" target=\"_new\" rel=\"noopener\" data-start=\"8923\" data-end=\"8943\">https:\/\/www.wef.org\/<\/a>.<\/p>\n<hr data-start=\"8946\" data-end=\"8949\" \/>\n<h2 data-start=\"8951\" data-end=\"8997\">Pourquoi les entreprises de Kansas City choisissent Sentrimax<\/h2>\n<p data-start=\"8999\" data-end=\"9338\">Les producteurs d&#039;\u00e9thanol et les exploitants de proc\u00e9d\u00e9s de Kansas City choisissent Sentrimax pour son expertise technique pointue, la r\u00e9activit\u00e9 de ses \u00e9quipes d&#039;intervention et son engagement envers la qualit\u00e9. Les techniciens de Sentrimax allient savoir-faire m\u00e9canique et exp\u00e9rience pratique sur le terrain pour diagnostiquer les probl\u00e8mes complexes et effectuer les r\u00e9parations n\u00e9cessaires \u00e0 la protection des \u00e9quipements critiques.<\/p>\n<p data-start=\"9340\" data-end=\"9720\">Une communication claire et une documentation compl\u00e8te sont essentielles \u00e0 chaque intervention. Les installations re\u00e7oivent des rapports d\u00e9taill\u00e9s pr\u00e9sentant les r\u00e9sultats des diagnostics, les actions correctives entreprises, les composants remplac\u00e9s et des recommandations pour la planification de la maintenance pr\u00e9ventive. Ces informations permettent aux \u00e9quipes d&#039;exploitation de prendre des d\u00e9cisions \u00e9clair\u00e9es et de renforcer les strat\u00e9gies de fiabilit\u00e9 \u00e0 long terme.<\/p>\n<p data-start=\"9722\" data-end=\"9811\">Pour une expertise en mati\u00e8re de services connexes, voir <a class=\"decorated-link cursor-pointer\" target=\"_new\" rel=\"noopener\" data-start=\"9766\" data-end=\"9810\">https:\/\/sentrimax.com\/industries\/wastewater\/<\/a>.<\/p>\n<hr data-start=\"9813\" data-end=\"9816\" \/>\n<h2 data-start=\"9818\" data-end=\"9866\">Assistance compl\u00e8te, de l&#039;\u00e9valuation au d\u00e9marrage<\/h2>\n<p data-start=\"9868\" data-end=\"9927\">Le mod\u00e8le de service de Sentrimax va au-del\u00e0 de la simple r\u00e9paration et comprend\u00a0:<\/p>\n<ul data-start=\"9929\" data-end=\"10160\">\n<li data-start=\"9929\" data-end=\"9975\">\n<p data-start=\"9931\" data-end=\"9975\">Coordination du gr\u00e9age et du retrait du mat\u00e9riel<\/p>\n<\/li>\n<li data-start=\"9976\" data-end=\"10028\">\n<p data-start=\"9978\" data-end=\"10028\">v\u00e9rification de l&#039;alignement et des dimensions<\/p>\n<\/li>\n<li data-start=\"10029\" data-end=\"10074\">\n<p data-start=\"10031\" data-end=\"10074\">Assistance \u00e0 la r\u00e9installation et \u00e0 l&#039;\u00e9talonnage<\/p>\n<\/li>\n<li data-start=\"10075\" data-end=\"10120\">\n<p data-start=\"10077\" data-end=\"10120\">Assistance au d\u00e9marrage et optimisation des performances<\/p>\n<\/li>\n<li data-start=\"10121\" data-end=\"10160\">\n<p data-start=\"10123\" data-end=\"10160\">\u00c9valuation et rapport apr\u00e8s la prestation de services<\/p>\n<\/li>\n<\/ul>\n<p data-start=\"10162\" data-end=\"10295\">Cette approche globale garantit que les centrifugeuses \u00e0 \u00e9thanol reprennent du service de mani\u00e8re fiable, efficace et conforme aux sp\u00e9cifications de conception.<\/p>\n<hr data-start=\"10297\" data-end=\"10300\" \/>\n<h2 data-start=\"10302\" data-end=\"10359\">Fiabilit\u00e9 bas\u00e9e sur les donn\u00e9es gr\u00e2ce \u00e0 la surveillance des performances<\/h2>\n<p data-start=\"10361\" data-end=\"10675\">La fiabilit\u00e9 \u00e0 long terme des centrifugeuses repose sur une maintenance structur\u00e9e et un suivi rigoureux de leurs performances. Sentrimax accompagne les installations dans le suivi d&#039;indicateurs cl\u00e9s, tels que les profils de vibration, les donn\u00e9es de couple et les tendances d&#039;usure, afin d&#039;anticiper les besoins de maintenance, d&#039;optimiser la planification et de r\u00e9duire le co\u00fbt total de possession.<\/p>\n<hr data-start=\"10677\" data-end=\"10680\" \/>\n<h2 data-start=\"10682\" data-end=\"10748\">Demande de service de centrifugation pour le traitement de l&#039;\u00e9thanol \u00e0 Kansas City, Missouri<\/h2>\n<p data-start=\"10750\" data-end=\"11135\">Lorsque des services experts de centrifugation pour le traitement de l&#039;\u00e9thanol sont n\u00e9cessaires dans <strong data-start=\"10813\" data-end=\"10832\">Kansas City, Missouri<\/strong>, Les entreprises du secteur font confiance \u00e0 Sentrimax pour son expertise reconnue, son assistance r\u00e9active et ses r\u00e9sultats professionnels. Qu&#039;il s&#039;agisse de r\u00e9soudre des pannes urgentes, de planifier la maintenance pr\u00e9ventive ou de proc\u00e9der \u00e0 des remises \u00e0 neuf compl\u00e8tes, Sentrimax propose des solutions con\u00e7ues pour garantir le fonctionnement fiable et efficace de vos centrifugeuses.<\/p>\n<p data-start=\"11137\" data-end=\"11191\"><strong data-start=\"11137\" data-end=\"11191\"><a class=\"decorated-link\" href=\"https:\/\/sentrimax.com\/fr\/contact\/\" target=\"_new\" rel=\"noopener\" data-start=\"11139\" data-end=\"11189\">Demandez un devis !<\/a><\/strong><\/p>","protected":false},"excerpt":{"rendered":"<p>Sentrimax provides professional ethanol processing centrifuge service for fuel and beverage ethanol production facilities, process plants, and industrial operations throughout Kansas City, Missouri. Ethanol processing centrifuges are essential in modern ethanol production, extracting solids, yeast, and particulates from liquid streams to ensure product quality, process efficiency, and downstream consistency. When these high-speed machines experience wear, [&hellip;]<\/p>\n","protected":false},"author":3,"featured_media":0,"parent":0,"menu_order":0,"comment_status":"closed","ping_status":"closed","template":"seo-page-template.php","meta":{"_acf_changed":false,"inline_featured_image":false,"footnotes":""},"class_list":["post-2327","page","type-page","status-publish","hentry"],"acf":[],"_links":{"self":[{"href":"https:\/\/sentrimax.com\/fr\/wp-json\/wp\/v2\/pages\/2327","targetHints":{"allow":["GET"]}}],"collection":[{"href":"https:\/\/sentrimax.com\/fr\/wp-json\/wp\/v2\/pages"}],"about":[{"href":"https:\/\/sentrimax.com\/fr\/wp-json\/wp\/v2\/types\/page"}],"author":[{"embeddable":true,"href":"https:\/\/sentrimax.com\/fr\/wp-json\/wp\/v2\/users\/3"}],"replies":[{"embeddable":true,"href":"https:\/\/sentrimax.com\/fr\/wp-json\/wp\/v2\/comments?post=2327"}],"version-history":[{"count":1,"href":"https:\/\/sentrimax.com\/fr\/wp-json\/wp\/v2\/pages\/2327\/revisions"}],"predecessor-version":[{"id":2500,"href":"https:\/\/sentrimax.com\/fr\/wp-json\/wp\/v2\/pages\/2327\/revisions\/2500"}],"wp:attachment":[{"href":"https:\/\/sentrimax.com\/fr\/wp-json\/wp\/v2\/media?parent=2327"}],"curies":[{"name":"wp","href":"https:\/\/api.w.org\/{rel}","templated":true}]}}