{"id":2328,"date":"2026-01-07T17:31:03","date_gmt":"2026-01-07T17:31:03","guid":{"rendered":"https:\/\/sentrimax.com\/?page_id=2328"},"modified":"2026-04-21T21:13:42","modified_gmt":"2026-04-21T21:13:42","slug":"hutchison-hayes-decanter-centrifuge-repair-in-houston-tx","status":"publish","type":"page","link":"https:\/\/sentrimax.com\/fr\/hutchison-hayes-decanter-centrifuge-repair-in-houston-tx\/","title":{"rendered":"R\u00e9paration de centrifugeuses d\u00e9canteuses Hutchison Hayes \u00e0 Houston, Texas"},"content":{"rendered":"<p data-start=\"323\" data-end=\"1074\"><img fetchpriority=\"high\" decoding=\"async\" class=\"aligncenter size-full wp-image-1610\" src=\"https:\/\/sentrimax.com\/wp-content\/uploads\/2025\/07\/Chemicals-scaled.jpg\" alt=\"\" width=\"2560\" height=\"1748\" srcset=\"https:\/\/sentrimax.com\/wp-content\/uploads\/2025\/07\/Chemicals-scaled.jpg 2560w, https:\/\/sentrimax.com\/wp-content\/uploads\/2025\/07\/Chemicals-300x205.jpg 300w, https:\/\/sentrimax.com\/wp-content\/uploads\/2025\/07\/Chemicals-1024x699.jpg 1024w, https:\/\/sentrimax.com\/wp-content\/uploads\/2025\/07\/Chemicals-768x524.jpg 768w, https:\/\/sentrimax.com\/wp-content\/uploads\/2025\/07\/Chemicals-1536x1049.jpg 1536w, https:\/\/sentrimax.com\/wp-content\/uploads\/2025\/07\/Chemicals-2048x1398.jpg 2048w, https:\/\/sentrimax.com\/wp-content\/uploads\/2025\/07\/Chemicals-600x410.jpg 600w\" sizes=\"(max-width: 2560px) 100vw, 2560px\" \/><\/p>\n<p data-start=\"323\" data-end=\"1074\">Sentrimax fournit des services professionnels <strong data-start=\"355\" data-end=\"401\">R\u00e9paration de centrifugeuse d\u00e9canteuse Hutchison Hayes<\/strong> services destin\u00e9s aux transformateurs industriels, aux stations d&#039;\u00e9puration des eaux us\u00e9es et aux op\u00e9rations de s\u00e9paration des solides dans toute la r\u00e9gion <strong data-start=\"515\" data-end=\"533\">Houston, Texas<\/strong>. Lorsque les centrifugeuses d\u00e9canteuses Hutchison Hayes subissent des vibrations, une usure des roulements, une d\u00e9faillance des joints d&#039;\u00e9tanch\u00e9it\u00e9, des probl\u00e8mes de bo\u00eete de vitesses ou une baisse des performances de s\u00e9paration, un service de r\u00e9paration fiable est essentiel pour garantir la continuit\u00e9 de l&#039;exploitation, maintenir les performances et \u00e9viter les arr\u00eats de production co\u00fbteux. Forts de plusieurs d\u00e9cennies d&#039;exp\u00e9rience dans la maintenance d&#039;\u00e9quipements de s\u00e9paration \u00e0 grande vitesse, <strong data-start=\"874\" data-end=\"887\">Sentrimax<\/strong> Nous proposons des diagnostics pr\u00e9cis, des r\u00e9parations de pr\u00e9cision, une planification de la maintenance pr\u00e9ventive et des solutions de reconstruction con\u00e7ues pour r\u00e9tablir les performances et prolonger la dur\u00e9e de vie des \u00e9quipements des installations de Houston.<\/p>\n<p data-start=\"1076\" data-end=\"1592\">Les centrifugeuses Hutchison Hayes jouent un r\u00f4le essentiel dans les op\u00e9rations de s\u00e9paration solide-liquide, o\u00f9 une int\u00e9grit\u00e9 m\u00e9canique robuste et des performances fiables sont indispensables. Con\u00e7ues pour un fonctionnement continu, ces machines subissent une usure normale au fil du temps, due \u00e0 la combinaison de solides abrasifs, de couples de serrage \u00e9lev\u00e9s et d&#039;une forte variabilit\u00e9 d&#039;alimentation. Sentrimax ma\u00eetrise les contraintes m\u00e9caniques li\u00e9es aux centrifugeuses d\u00e9canteuses et applique des m\u00e9thodes de maintenance \u00e9prouv\u00e9es, adapt\u00e9es \u00e0 l&#039;environnement op\u00e9rationnel de Houston.<\/p>\n<hr data-start=\"1594\" data-end=\"1597\" \/>\n<h2 data-start=\"1599\" data-end=\"1647\">Soutien aux op\u00e9rations critiques \u00e0 travers Houston<\/h2>\n<p data-start=\"1649\" data-end=\"2187\">Des installations dans tout le <strong data-start=\"1675\" data-end=\"1704\">r\u00e9gion m\u00e9tropolitaine de Houston<\/strong> Les centrifugeuses d\u00e9canteuses sont essentielles au traitement industriel, \u00e0 la d\u00e9shydratation des eaux us\u00e9es, \u00e0 la gestion des biosolides et \u00e0 d&#039;autres applications de s\u00e9paration. Lorsqu&#039;une centrifugeuse Hutchison Hayes pr\u00e9sente des signes de vibration, de fuite d&#039;\u00e9tanch\u00e9it\u00e9, de surchauffe des roulements ou de baisse de d\u00e9bit, m\u00eame des probl\u00e8mes mineurs peuvent compromettre la stabilit\u00e9 du processus s&#039;ils ne sont pas pris en charge. Une intervention rapide de techniciens exp\u00e9riment\u00e9s permet de pr\u00e9venir les pannes majeures et garantit une production et un traitement fiables.<\/p>\n<p data-start=\"2189\" data-end=\"2513\">Sentrimax propose un service d&#039;intervention rapide et local qui d\u00e9p\u00eache des techniciens exp\u00e9riment\u00e9s et des outils de diagnostic directement sur votre site. Ces techniciens collaborent avec vos \u00e9quipes pour \u00e9valuer rapidement l&#039;\u00e9tat des lieux, d\u00e9terminer les causes profondes des probl\u00e8mes et mettre en \u0153uvre des strat\u00e9gies de r\u00e9paration efficaces, conformes aux protocoles de s\u00e9curit\u00e9 et aux besoins op\u00e9rationnels.<\/p>\n<p data-start=\"2515\" data-end=\"2633\">Pour b\u00e9n\u00e9ficier d&#039;une assistance technique compl\u00e8te pour toutes les marques et tous les mod\u00e8les de centrifugeuses, veuillez consulter notre site web. <a class=\"decorated-link cursor-pointer\" target=\"_new\" rel=\"noopener\" data-start=\"2592\" data-end=\"2632\">https:\/\/sentrimax.com\/centrifuge-repair\/<\/a>.<\/p>\n<hr data-start=\"2635\" data-end=\"2638\" \/>\n<h2 data-start=\"2640\" data-end=\"2694\">Pourquoi la r\u00e9paration professionnelle des centrifugeuses \u00e0 d\u00e9canter est importante<\/h2>\n<p data-start=\"2696\" data-end=\"3251\">Les centrifugeuses d\u00e9canteuses sont des machines rotatives de pr\u00e9cision aux tol\u00e9rances m\u00e9caniques strictes. Des r\u00e9parations inad\u00e9quates, des diagnostics incomplets ou des pi\u00e8ces de rechange non compatibles peuvent laisser des probl\u00e8mes sous-jacents non r\u00e9solus, entra\u00eenant des vibrations r\u00e9currentes, un d\u00e9s\u00e9quilibre, une usure pr\u00e9matur\u00e9e et des arr\u00eats de production impr\u00e9vus. Les techniciens de Sentrimax suivent des proc\u00e9dures document\u00e9es et les meilleures pratiques du secteur pour garantir que l&#039;entretien des centrifugeuses d\u00e9canteuses Hutchison Hayes permette de r\u00e9tablir leurs performances tout en identifiant les facteurs contributifs tels que le d\u00e9salignement, la d\u00e9faillance de la lubrification ou le d\u00e9s\u00e9quilibre.<\/p>\n<p data-start=\"3253\" data-end=\"3462\">Une r\u00e9paration compl\u00e8te permet non seulement de corriger les d\u00e9fauts visibles, mais aussi d&#039;am\u00e9liorer la fiabilit\u00e9 \u00e0 long terme et de r\u00e9duire la probabilit\u00e9 de pannes r\u00e9p\u00e9t\u00e9es, prot\u00e9geant ainsi votre investissement et stabilisant les performances op\u00e9rationnelles.<\/p>\n<hr data-start=\"3464\" data-end=\"3467\" \/>\n<h2 data-start=\"3469\" data-end=\"3532\">Services de r\u00e9paration d\u00e9taill\u00e9s pour les centrifugeuses d\u00e9canteuses Hutchison Hayes<\/h2>\n<p data-start=\"3534\" data-end=\"3649\">Sentrimax propose une gamme compl\u00e8te de services de r\u00e9paration de centrifugeuses d\u00e9canteuses adapt\u00e9s aux besoins des installations de Houston\u00a0:<\/p>\n<ul data-start=\"3651\" data-end=\"4160\">\n<li data-start=\"3651\" data-end=\"3714\">\n<p data-start=\"3653\" data-end=\"3714\"><strong data-start=\"3653\" data-end=\"3712\">Inspection m\u00e9canique et \u00e9valuation d\u00e9taill\u00e9e de l&#039;\u00e9tat<\/strong><\/p>\n<\/li>\n<li data-start=\"3715\" data-end=\"3766\">\n<p data-start=\"3717\" data-end=\"3766\"><strong data-start=\"3717\" data-end=\"3764\">Diagnostic des d\u00e9faillances et analyse des causes profondes<\/strong><\/p>\n<\/li>\n<li data-start=\"3767\" data-end=\"3828\">\n<p data-start=\"3769\" data-end=\"3828\"><strong data-start=\"3769\" data-end=\"3826\">D\u00e9pose, remplacement et alignement de pr\u00e9cision des roulements<\/strong><\/p>\n<\/li>\n<li data-start=\"3829\" data-end=\"3892\">\n<p data-start=\"3831\" data-end=\"3892\"><strong data-start=\"3831\" data-end=\"3890\">r\u00e9paration ou remplacement de bols, de volutes, de convoyeurs et de vis<\/strong><\/p>\n<\/li>\n<li data-start=\"3893\" data-end=\"3953\">\n<p data-start=\"3895\" data-end=\"3953\"><strong data-start=\"3895\" data-end=\"3951\">Inspection, r\u00e9fection et v\u00e9rification du couple de la bo\u00eete de vitesses<\/strong><\/p>\n<\/li>\n<li data-start=\"3954\" data-end=\"3997\">\n<p data-start=\"3956\" data-end=\"3997\"><strong data-start=\"3956\" data-end=\"3995\">\u00c9quilibrage dynamique selon les tol\u00e9rances du constructeur<\/strong><\/p>\n<\/li>\n<li data-start=\"3998\" data-end=\"4051\">\n<p data-start=\"4000\" data-end=\"4051\"><strong data-start=\"4000\" data-end=\"4049\">Remplacement des joints et protection renforc\u00e9e contre l&#039;usure<\/strong><\/p>\n<\/li>\n<li data-start=\"4052\" data-end=\"4111\">\n<p data-start=\"4054\" data-end=\"4111\"><strong data-start=\"4054\" data-end=\"4109\">Assistance au d\u00e9pannage des instruments et des syst\u00e8mes de contr\u00f4le<\/strong><\/p>\n<\/li>\n<li data-start=\"4112\" data-end=\"4160\">\n<p data-start=\"4114\" data-end=\"4160\"><strong data-start=\"4114\" data-end=\"4160\">Tests de performance et assistance au d\u00e9marrage<\/strong><\/p>\n<\/li>\n<\/ul>\n<p data-start=\"4162\" data-end=\"4428\">Toutes les r\u00e9parations sont effectu\u00e9es selon des proc\u00e9dures document\u00e9es, conformes aux sp\u00e9cifications du fabricant et aux normes de l&#039;industrie. Nos techniciens \u00e9valuent l&#039;ensemble du syst\u00e8me m\u00e9canique, et non seulement les sympt\u00f4mes visibles, afin de garantir des r\u00e9parations durables qui optimisent la disponibilit\u00e9 et la fiabilit\u00e9 d&#039;utilisation.<\/p>\n<hr data-start=\"4430\" data-end=\"4433\" \/>\n<h2 data-start=\"4435\" data-end=\"4479\">Service sur le terrain et intervention rapide au Texas<\/h2>\n<p data-start=\"4481\" data-end=\"5020\">Les pannes impr\u00e9vues de centrifugeuses peuvent perturber les calendriers de production, mettre \u00e0 rude \u00e9preuve les \u00e9quipes de maintenance et augmenter les co\u00fbts d&#039;exploitation. Sentrimax propose un service d&#039;intervention rapide sur site \u00e0 Houston et dans les r\u00e9gions avoisinantes, en d\u00e9ployant des techniciens qualifi\u00e9s \u00e9quip\u00e9s d&#039;outils de diagnostic avanc\u00e9s pour \u00e9valuer les \u00e9quipements directement sur place. Les r\u00e9parations sur site permettent souvent de r\u00e9duire les co\u00fbts de transport des \u00e9quipements et offrent aux techniciens la possibilit\u00e9 d&#039;observer les performances en conditions r\u00e9elles d&#039;utilisation, ce qui favorise un d\u00e9pannage plus efficace et des recommandations de r\u00e9paration plus pr\u00e9cises.<\/p>\n<p data-start=\"5022\" data-end=\"5078\">Le service sur site offre plusieurs avantages op\u00e9rationnels\u00a0:<\/p>\n<ul data-start=\"5080\" data-end=\"5307\">\n<li data-start=\"5080\" data-end=\"5120\">\n<p data-start=\"5082\" data-end=\"5120\">\u00c9valuation directe sous charge de processus<\/p>\n<\/li>\n<li data-start=\"5121\" data-end=\"5172\">\n<p data-start=\"5123\" data-end=\"5172\">D\u00e9pannage imm\u00e9diat et mesures correctives<\/p>\n<\/li>\n<li data-start=\"5173\" data-end=\"5222\">\n<p data-start=\"5175\" data-end=\"5222\">Temps d&#039;arr\u00eat r\u00e9duit par rapport aux r\u00e9parations hors site<\/p>\n<\/li>\n<li data-start=\"5223\" data-end=\"5307\">\n<p data-start=\"5225\" data-end=\"5307\">Collaboration avec le personnel de l&#039;usine pour int\u00e9grer le service aux exigences de production<\/p>\n<\/li>\n<\/ul>\n<p data-start=\"5309\" data-end=\"5432\">Les techniciens de terrain travaillent efficacement et en toute s\u00e9curit\u00e9 afin de minimiser les perturbations et de permettre aux \u00e9quipements de retrouver rapidement un fonctionnement fiable.<\/p>\n<hr data-start=\"5434\" data-end=\"5437\" \/>\n<h2 data-start=\"5439\" data-end=\"5495\">R\u00e9parations de pr\u00e9cision avec des pi\u00e8ces de rechange de haute qualit\u00e9<\/h2>\n<p data-start=\"5497\" data-end=\"5711\">La qualit\u00e9 des pi\u00e8ces de rechange utilis\u00e9es lors de la r\u00e9paration d&#039;une centrifugeuse est essentielle. Sentrimax fournit des pi\u00e8ces de rechange de qualit\u00e9 \u00e9quivalente \u00e0 celle des pi\u00e8ces d&#039;origine pour les centrifugeuses d\u00e9canteuses Hutchison Hayes, notamment\u00a0:<\/p>\n<ul data-start=\"5713\" data-end=\"5994\">\n<li data-start=\"5713\" data-end=\"5748\">\n<p data-start=\"5715\" data-end=\"5748\">Roulements et ensembles de roulements<\/p>\n<\/li>\n<li data-start=\"5749\" data-end=\"5783\">\n<p data-start=\"5751\" data-end=\"5783\">Joints d&#039;\u00e9tanch\u00e9it\u00e9, bagues d&#039;\u00e9tanch\u00e9it\u00e9 et anneaux d&#039;usure<\/p>\n<\/li>\n<li data-start=\"5784\" data-end=\"5838\">\n<p data-start=\"5786\" data-end=\"5838\">Volants de volute, convoyeurs et composants rotatifs<\/p>\n<\/li>\n<li data-start=\"5839\" data-end=\"5900\">\n<p data-start=\"5841\" data-end=\"5900\">composants internes de la bo\u00eete de vitesses et pi\u00e8ces de transmission du couple<\/p>\n<\/li>\n<li data-start=\"5901\" data-end=\"5939\">\n<p data-start=\"5903\" data-end=\"5939\">Bol, moyeu et ensembles rotatifs<\/p>\n<\/li>\n<li data-start=\"5940\" data-end=\"5994\">\n<p data-start=\"5942\" data-end=\"5994\">Fixations et kits de quincaillerie con\u00e7us pour la fiabilit\u00e9<\/p>\n<\/li>\n<\/ul>\n<p data-start=\"5996\" data-end=\"6173\">Avant leur installation, toutes les pi\u00e8ces sont inspect\u00e9es afin de v\u00e9rifier leur pr\u00e9cision dimensionnelle, l&#039;int\u00e9grit\u00e9 des mat\u00e9riaux et leur compatibilit\u00e9, garantissant ainsi des performances fiables m\u00eame dans des environnements de service exigeants.<\/p>\n<p data-start=\"6175\" data-end=\"6291\">Pour obtenir des informations sur les pi\u00e8ces de rechange disponibles et le support technique, veuillez consulter le site web. <a class=\"decorated-link cursor-pointer\" target=\"_new\" rel=\"noopener\" data-start=\"6251\" data-end=\"6290\">https:\/\/sentrimax.com\/centrifuge-parts\/<\/a>.<\/p>\n<hr data-start=\"6293\" data-end=\"6296\" \/>\n<h2 data-start=\"6298\" data-end=\"6348\">Reconstruire les services pour restaurer les performances de la machine<\/h2>\n<p data-start=\"6350\" data-end=\"6545\">Pour les centrifugeuses pr\u00e9sentant une usure importante ou approchant de la fin de leur dur\u00e9e de vie, Sentrimax propose des services de remise \u00e0 neuf complets qui redonnent aux \u00e9quipements un \u00e9tat quasi neuf. Les travaux de remise \u00e0 neuf comprennent g\u00e9n\u00e9ralement\u00a0:<\/p>\n<ul data-start=\"6547\" data-end=\"6833\">\n<li data-start=\"6547\" data-end=\"6593\">\n<p data-start=\"6549\" data-end=\"6593\">D\u00e9montage complet et nettoyage approfondi<\/p>\n<\/li>\n<li data-start=\"6594\" data-end=\"6659\">\n<p data-start=\"6596\" data-end=\"6659\">Mesure et restauration des tol\u00e9rances m\u00e9caniques critiques<\/p>\n<\/li>\n<li data-start=\"6660\" data-end=\"6706\">\n<p data-start=\"6662\" data-end=\"6706\">Remplacement des composants us\u00e9s ou d\u00e9grad\u00e9s<\/p>\n<\/li>\n<li data-start=\"6707\" data-end=\"6750\">\n<p data-start=\"6709\" data-end=\"6750\">Usinage de pr\u00e9cision pour un ajustement et un \u00e9quilibre parfaits<\/p>\n<\/li>\n<li data-start=\"6751\" data-end=\"6793\">\n<p data-start=\"6753\" data-end=\"6793\">\u00c9quilibrage dynamique des \u00e9l\u00e9ments rotatifs<\/p>\n<\/li>\n<li data-start=\"6794\" data-end=\"6833\">\n<p data-start=\"6796\" data-end=\"6833\">R\u00e9assemblage et validation des performances<\/p>\n<\/li>\n<\/ul>\n<p data-start=\"6835\" data-end=\"7010\">Les projets de reconstruction sont coordonn\u00e9s avec les \u00e9quipes des installations afin de co\u00efncider avec les arr\u00eats programm\u00e9s et les fen\u00eatres de maintenance, minimisant ainsi les perturbations de la production tout en prolongeant la dur\u00e9e de vie des \u00e9quipements.<\/p>\n<hr data-start=\"7012\" data-end=\"7015\" \/>\n<h2 data-start=\"7017\" data-end=\"7065\">Maintenance pr\u00e9ventive pour am\u00e9liorer la fiabilit\u00e9<\/h2>\n<p data-start=\"7067\" data-end=\"7483\">Les r\u00e9parations r\u00e9actives sont co\u00fbteuses, non seulement en pi\u00e8ces et en main-d&#039;\u0153uvre, mais aussi en raison des pertes de production et des arr\u00eats de production impr\u00e9vus. La maintenance pr\u00e9ventive permet aux installations de d\u00e9tecter rapidement les probl\u00e8mes \u00e9mergents et de planifier les interventions avant que les pannes ne surviennent. Sentrimax collabore avec les exploitants de Houston pour \u00e9laborer des plans de maintenance pr\u00e9ventive adapt\u00e9s \u00e0 leurs \u00e9quipements, \u00e0 leurs conditions de traitement et \u00e0 leurs calendriers d&#039;exploitation. La maintenance pr\u00e9ventive peut comprendre\u00a0:<\/p>\n<ul data-start=\"7485\" data-end=\"7798\">\n<li data-start=\"7485\" data-end=\"7542\">\n<p data-start=\"7487\" data-end=\"7542\">Inspections m\u00e9caniques de routine et suivi de l&#039;\u00e9tat<\/p>\n<\/li>\n<li data-start=\"7543\" data-end=\"7586\">\n<p data-start=\"7545\" data-end=\"7586\">Analyse des vibrations et surveillance des tendances<\/p>\n<\/li>\n<li data-start=\"7587\" data-end=\"7640\">\n<p data-start=\"7589\" data-end=\"7640\">Pr\u00e9l\u00e8vement d&#039;\u00e9chantillons d&#039;huile et \u00e9valuation de l&#039;\u00e9tat de la lubrification<\/p>\n<\/li>\n<li data-start=\"7641\" data-end=\"7701\">\n<p data-start=\"7643\" data-end=\"7701\">Mesure de l&#039;usure des roulements, des joints et des \u00e9l\u00e9ments de spirale<\/p>\n<\/li>\n<li data-start=\"7702\" data-end=\"7746\">\n<p data-start=\"7704\" data-end=\"7746\">Remplacement programm\u00e9 des pi\u00e8ces \u00e0 forte usure<\/p>\n<\/li>\n<li data-start=\"7747\" data-end=\"7798\">\n<p data-start=\"7749\" data-end=\"7798\">Contr\u00f4les d&#039;alignement et v\u00e9rification dynamique de l&#039;\u00e9quilibre<\/p>\n<\/li>\n<\/ul>\n<p data-start=\"7800\" data-end=\"7969\">La planification de la maintenance bas\u00e9e sur les donn\u00e9es op\u00e9rationnelles plut\u00f4t que sur les pannes permet aux installations d&#039;am\u00e9liorer leur temps de fonctionnement, de r\u00e9duire les r\u00e9parations d&#039;urgence et de mieux allouer les ressources de maintenance.<\/p>\n<hr data-start=\"7971\" data-end=\"7974\" \/>\n<h2 data-start=\"7976\" data-end=\"8027\">Soutien \u00e0 l&#039;efficacit\u00e9 op\u00e9rationnelle et \u00e0 la conformit\u00e9<\/h2>\n<p data-start=\"8029\" data-end=\"8329\">Le bon fonctionnement des centrifugeuses d\u00e9canteuses est essentiel \u00e0 l&#039;efficacit\u00e9 des proc\u00e9d\u00e9s, au traitement optimal des solides et \u00e0 la stabilit\u00e9 op\u00e9rationnelle. Un fonctionnement en de\u00e7\u00e0 de l&#039;efficacit\u00e9 optimale des syst\u00e8mes de s\u00e9paration peut entra\u00eener une hausse des co\u00fbts de traitement des d\u00e9chets, une surcharge des proc\u00e9d\u00e9s en aval et une baisse des performances de l&#039;installation.<\/p>\n<p data-start=\"8331\" data-end=\"8837\">Pour un contexte plus large sur les normes de performance environnementale et de traitement des eaux us\u00e9es susceptibles d&#039;interf\u00e9rer avec les op\u00e9rations de manutention des solides, les op\u00e9rateurs peuvent se r\u00e9f\u00e9rer \u00e0 <strong data-start=\"8495\" data-end=\"8541\">Agence am\u00e9ricaine de protection de l&#039;environnement (EPA)<\/strong> \u00e0 <a class=\"decorated-link cursor-pointer\" target=\"_new\" rel=\"noopener\" data-start=\"8545\" data-end=\"8570\">https:\/\/www.epa.gov\/water<\/a>. Des pratiques exemplaires et des normes techniques suppl\u00e9mentaires du secteur sont disponibles aupr\u00e8s de <strong data-start=\"8654\" data-end=\"8692\">F\u00e9d\u00e9ration pour l&#039;environnement de l&#039;eau (WEF)<\/strong> \u00e0 <a class=\"decorated-link\" href=\"https:\/\/www.wef.org\/\" target=\"_new\" rel=\"noopener\" data-start=\"8696\" data-end=\"8716\">https:\/\/www.wef.org\/<\/a>, Ces deux \u00e9l\u00e9ments permettent de mieux comprendre les objectifs du traitement et les attentes r\u00e9glementaires en mati\u00e8re de planification des \u00e9quipements de s\u00e9paration.<\/p>\n<hr data-start=\"8839\" data-end=\"8842\" \/>\n<h2 data-start=\"8844\" data-end=\"8886\">Pourquoi les entreprises de Houston choisissent Sentrimax<\/h2>\n<p data-start=\"8888\" data-end=\"9236\">Les entreprises de Houston choisissent Sentrimax pour la r\u00e9paration de leurs centrifugeuses d\u00e9canteuses Hutchison Hayes en raison de son expertise technique, de son assistance technique r\u00e9active et de son engagement envers des r\u00e9sultats de qualit\u00e9. Les techniciens de Sentrimax allient connaissances m\u00e9caniques et exp\u00e9rience pratique sur le terrain pour diagnostiquer les probl\u00e8mes complexes, effectuer des r\u00e9parations efficaces et prot\u00e9ger les \u00e9quipements critiques.<\/p>\n<p data-start=\"9238\" data-end=\"9607\">Une communication claire et une documentation d\u00e9taill\u00e9e sont essentielles \u00e0 chaque intervention. Les installations re\u00e7oivent des rapports complets pr\u00e9sentant les r\u00e9sultats des diagnostics, les actions correctives mises en \u0153uvre, les composants remplac\u00e9s et les recommandations pour la planification de la maintenance pr\u00e9ventive. Ces informations permettent une prise de d\u00e9cision op\u00e9rationnelle \u00e9clair\u00e9e et une planification de la fiabilit\u00e9 \u00e0 long terme.<\/p>\n<p data-start=\"9609\" data-end=\"9739\">Pour une expertise suppl\u00e9mentaire en mati\u00e8re de services de traitement des eaux us\u00e9es et des solides, consultez <a class=\"decorated-link cursor-pointer\" target=\"_new\" rel=\"noopener\" data-start=\"9694\" data-end=\"9738\">https:\/\/sentrimax.com\/industries\/wastewater\/<\/a>.<\/p>\n<hr data-start=\"9741\" data-end=\"9744\" \/>\n<h2 data-start=\"9746\" data-end=\"9794\">Assistance compl\u00e8te, de l&#039;\u00e9valuation au d\u00e9marrage<\/h2>\n<p data-start=\"9796\" data-end=\"9866\">Le mod\u00e8le de service de Sentrimax va au-del\u00e0 de la r\u00e9paration m\u00e9canique et comprend\u00a0:<\/p>\n<ul data-start=\"9868\" data-end=\"10093\">\n<li data-start=\"9868\" data-end=\"9914\">\n<p data-start=\"9870\" data-end=\"9914\">Coordination du gr\u00e9age et du retrait du mat\u00e9riel<\/p>\n<\/li>\n<li data-start=\"9915\" data-end=\"9967\">\n<p data-start=\"9917\" data-end=\"9967\">v\u00e9rification de l&#039;alignement et des dimensions<\/p>\n<\/li>\n<li data-start=\"9968\" data-end=\"10013\">\n<p data-start=\"9970\" data-end=\"10013\">Assistance \u00e0 la r\u00e9installation et \u00e0 l&#039;\u00e9talonnage<\/p>\n<\/li>\n<li data-start=\"10014\" data-end=\"10056\">\n<p data-start=\"10016\" data-end=\"10056\">Assistance au d\u00e9marrage et optimisation des performances<\/p>\n<\/li>\n<li data-start=\"10057\" data-end=\"10093\">\n<p data-start=\"10059\" data-end=\"10093\">\u00c9valuation des performances apr\u00e8s r\u00e9paration<\/p>\n<\/li>\n<\/ul>\n<p data-start=\"10095\" data-end=\"10262\">Cette approche globale et int\u00e9gr\u00e9e garantit que les centrifugeuses d\u00e9canteuses Hutchison Hayes reprennent du service de mani\u00e8re fiable, efficace et conforme aux sp\u00e9cifications de conception.<\/p>\n<hr data-start=\"10264\" data-end=\"10267\" \/>\n<h2 data-start=\"10269\" data-end=\"10325\">Am\u00e9lioration continue gr\u00e2ce au suivi des performances<\/h2>\n<p data-start=\"10327\" data-end=\"10642\">La fiabilit\u00e9 \u00e0 long terme repose sur une maintenance structur\u00e9e et un suivi rigoureux des performances. Sentrimax accompagne les installations dans le suivi des indicateurs cl\u00e9s de performance (donn\u00e9es de vibration, profils de couple et tendances d&#039;usure) afin d&#039;anticiper les besoins de maintenance, d&#039;optimiser la planification et de r\u00e9duire le co\u00fbt total de possession.<\/p>\n<hr data-start=\"10644\" data-end=\"10647\" \/>\n<h2 data-start=\"10649\" data-end=\"10716\">Demande de r\u00e9paration de centrifugeuse d\u00e9canteuse Hutchison Hayes \u00e0 Houston, Texas<\/h2>\n<p data-start=\"10718\" data-end=\"11098\">Lorsque la r\u00e9paration professionnelle d&#039;une centrifugeuse d\u00e9canteuse Hutchison Hayes est n\u00e9cessaire <strong data-start=\"10792\" data-end=\"10807\">Houston, Texas<\/strong>, Les entreprises du secteur font confiance \u00e0 Sentrimax pour son expertise reconnue, son service r\u00e9actif et ses r\u00e9sultats professionnels. Qu&#039;il s&#039;agisse de d\u00e9pannages urgents, de planification de la maintenance pr\u00e9ventive ou de reconstructions compl\u00e8tes, Sentrimax propose des solutions con\u00e7ues pour garantir le fonctionnement fiable et efficace de vos centrifugeuses.<\/p>\n<p data-start=\"11100\" data-end=\"11154\"><strong data-start=\"11100\" data-end=\"11154\"><a class=\"decorated-link\" href=\"https:\/\/sentrimax.com\/fr\/contact\/\" target=\"_new\" rel=\"noopener\" data-start=\"11102\" data-end=\"11152\">Demandez un devis !<\/a><\/strong><\/p>","protected":false},"excerpt":{"rendered":"<p>Sentrimax provides professional Hutchison Hayes decanter centrifuge repair services for industrial processors, wastewater treatment facilities, and solids separation operations throughout Houston, Texas. When Hutchison Hayes decanter centrifuges experience vibration, bearing wear, seal failure, gearbox problems, or reduced separation performance, reliable repair support is essential to protect operational continuity, maintain performance, and avoid costly downtime. With [&hellip;]<\/p>\n","protected":false},"author":3,"featured_media":0,"parent":0,"menu_order":0,"comment_status":"closed","ping_status":"closed","template":"seo-page-template.php","meta":{"_acf_changed":false,"inline_featured_image":false,"footnotes":""},"class_list":["post-2328","page","type-page","status-publish","hentry"],"acf":[],"_links":{"self":[{"href":"https:\/\/sentrimax.com\/fr\/wp-json\/wp\/v2\/pages\/2328","targetHints":{"allow":["GET"]}}],"collection":[{"href":"https:\/\/sentrimax.com\/fr\/wp-json\/wp\/v2\/pages"}],"about":[{"href":"https:\/\/sentrimax.com\/fr\/wp-json\/wp\/v2\/types\/page"}],"author":[{"embeddable":true,"href":"https:\/\/sentrimax.com\/fr\/wp-json\/wp\/v2\/users\/3"}],"replies":[{"embeddable":true,"href":"https:\/\/sentrimax.com\/fr\/wp-json\/wp\/v2\/comments?post=2328"}],"version-history":[{"count":1,"href":"https:\/\/sentrimax.com\/fr\/wp-json\/wp\/v2\/pages\/2328\/revisions"}],"predecessor-version":[{"id":2499,"href":"https:\/\/sentrimax.com\/fr\/wp-json\/wp\/v2\/pages\/2328\/revisions\/2499"}],"wp:attachment":[{"href":"https:\/\/sentrimax.com\/fr\/wp-json\/wp\/v2\/media?parent=2328"}],"curies":[{"name":"wp","href":"https:\/\/api.w.org\/{rel}","templated":true}]}}