{"id":2329,"date":"2026-01-07T17:33:15","date_gmt":"2026-01-07T17:33:15","guid":{"rendered":"https:\/\/sentrimax.com\/?page_id=2329"},"modified":"2026-03-31T20:40:27","modified_gmt":"2026-03-31T20:40:27","slug":"oil-gas-decanter-centrifuge-service-in-midland-tx","status":"publish","type":"page","link":"https:\/\/sentrimax.com\/fr\/oil-gas-decanter-centrifuge-service-in-midland-tx\/","title":{"rendered":"Service de d\u00e9cantation et de centrifugation pour l&#039;industrie p\u00e9troli\u00e8re et gazi\u00e8re \u00e0 Midland, Texas"},"content":{"rendered":"<p data-start=\"321\" data-end=\"880\"><img fetchpriority=\"high\" decoding=\"async\" class=\"aligncenter size-full wp-image-1617\" src=\"https:\/\/sentrimax.com\/wp-content\/uploads\/2025\/07\/Oil-Gas-1.png\" alt=\"\" width=\"1024\" height=\"1024\" srcset=\"https:\/\/sentrimax.com\/wp-content\/uploads\/2025\/07\/Oil-Gas-1.png 1024w, https:\/\/sentrimax.com\/wp-content\/uploads\/2025\/07\/Oil-Gas-1-300x300.png 300w, https:\/\/sentrimax.com\/wp-content\/uploads\/2025\/07\/Oil-Gas-1-150x150.png 150w, https:\/\/sentrimax.com\/wp-content\/uploads\/2025\/07\/Oil-Gas-1-768x768.png 768w, https:\/\/sentrimax.com\/wp-content\/uploads\/2025\/07\/Oil-Gas-1-600x600.png 600w, https:\/\/sentrimax.com\/wp-content\/uploads\/2025\/07\/Oil-Gas-1-100x100.png 100w\" sizes=\"(max-width: 1024px) 100vw, 1024px\" \/><\/p>\n<p data-start=\"321\" data-end=\"880\">Sentrimax fournit des services professionnels <strong data-start=\"353\" data-end=\"394\">service de d\u00e9cantation centrifuge pour le p\u00e9trole et le gaz<\/strong> pour les op\u00e9rations en amont, interm\u00e9diaires et en aval tout au long de la cha\u00eene <strong data-start=\"457\" data-end=\"475\">Midland, Texas<\/strong>. Dans le secteur p\u00e9trolier et gazier, les centrifugeuses d\u00e9canteuses jouent un r\u00f4le crucial dans la s\u00e9paration des solides et des hydrocarbures liquides, le traitement des eaux de production et l&#039;am\u00e9lioration de la gestion des d\u00e9chets. Lorsque ces d\u00e9canteuses \u00e0 grande vitesse pr\u00e9sentent des signes de vibration, d&#039;usure, de d\u00e9faillance d&#039;\u00e9tanch\u00e9it\u00e9 ou de baisse de performance, une intervention rapide et experte est indispensable pour maintenir la production, garantir la stabilit\u00e9 des proc\u00e9d\u00e9s et limiter les arr\u00eats de production co\u00fbteux.<\/p>\n<p data-start=\"882\" data-end=\"1193\">Fort d&#039;une exp\u00e9rience de plusieurs d\u00e9cennies dans la maintenance des \u00e9quipements de s\u00e9paration industrielle, <strong data-start=\"952\" data-end=\"965\">Sentrimax<\/strong> propose des inspections compl\u00e8tes, des diagnostics pr\u00e9cis, des r\u00e9parations m\u00e9caniques de pr\u00e9cision, une planification de la maintenance pr\u00e9ventive et des solutions de reconstruction compl\u00e8tes adapt\u00e9es aux exigences rigoureuses des applications de centrifugeuses d\u00e9canteuses pour l&#039;industrie p\u00e9troli\u00e8re et gazi\u00e8re.<\/p>\n<hr data-start=\"1195\" data-end=\"1198\" \/>\n<h2 data-start=\"1200\" data-end=\"1249\">Soutien aux op\u00e9rations p\u00e9troli\u00e8res et gazi\u00e8res dans toute la r\u00e9gion de Midland<\/h2>\n<p data-start=\"1251\" data-end=\"1691\">Des installations \u00e0 travers le <strong data-start=\"1273\" data-end=\"1290\">Bassin permien<\/strong> Les centrifugeuses d\u00e9canteuses sont essentielles au contr\u00f4le des solides, au traitement des eaux produites et aux proc\u00e9d\u00e9s de r\u00e9cup\u00e9ration. Dans les exploitations p\u00e9troli\u00e8res et gazi\u00e8res de cette r\u00e9gion, elles fonctionnent en continu sous des charges \u00e9lev\u00e9es, en pr\u00e9sence de solides abrasifs et de boues \u00e0 la composition chimique complexe. Avec le temps, les roulements, les joints, les \u00e9l\u00e9ments de convoyage, les cuves et les engrenages peuvent s&#039;user ou se d\u00e9grader, ce qui peut compromettre l&#039;efficacit\u00e9 de la s\u00e9paration et les performances de l&#039;installation.<\/p>\n<p data-start=\"1693\" data-end=\"2096\">Sentrimax offre un service d&#039;intervention rapide sur le terrain dans tout le pays. <strong data-start=\"1746\" data-end=\"1772\">Midland et l&#039;ouest du Texas<\/strong>, Sentrimax d\u00e9ploie des techniciens qualifi\u00e9s et des outils de diagnostic de pointe directement sur les sites de ses clients. L&#039;\u00e9valuation sur site permet aux \u00e9quipes de Sentrimax d&#039;analyser l&#039;\u00e9tat des centrifugeuses dans leur contexte de production, d&#039;identifier les causes profondes des probl\u00e8mes de performance et de mettre en \u0153uvre des actions correctives conformes aux exigences de s\u00e9curit\u00e9 et aux calendriers de production.<\/p>\n<p data-start=\"2098\" data-end=\"2225\">Pour un aper\u00e7u complet des capacit\u00e9s de r\u00e9paration de centrifugeuses dans tous les secteurs d&#039;activit\u00e9, voir <a class=\"decorated-link cursor-pointer\" target=\"_new\" rel=\"noopener\" data-start=\"2184\" data-end=\"2224\">https:\/\/sentrimax.com\/centrifuge-repair\/<\/a>.<\/p>\n<hr data-start=\"2227\" data-end=\"2230\" \/>\n<h2 data-start=\"2232\" data-end=\"2287\">Pourquoi un service professionnel de centrifugation \u00e0 d\u00e9canter est important<\/h2>\n<p data-start=\"2289\" data-end=\"2722\">Les centrifugeuses d\u00e9canteuses pour l&#039;industrie p\u00e9troli\u00e8re et gazi\u00e8re sont des machines de pr\u00e9cision aux tol\u00e9rances m\u00e9caniques strictes, con\u00e7ues pour un fonctionnement continu. Des r\u00e9parations mal ex\u00e9cut\u00e9es ou des diagnostics incomplets se contentent souvent de traiter les sympt\u00f4mes visibles, sans prendre en compte les causes sous-jacentes telles que le d\u00e9salignement, la d\u00e9faillance de la lubrification, le d\u00e9s\u00e9quilibre ou les chocs de proc\u00e9d\u00e9. Ces probl\u00e8mes non r\u00e9solus peuvent entra\u00eener des vibrations r\u00e9currentes, une usure pr\u00e9matur\u00e9e, une baisse d&#039;efficacit\u00e9 et des arr\u00eats impr\u00e9vus.<\/p>\n<p data-start=\"2724\" data-end=\"3010\">Les techniciens de Sentrimax suivent des proc\u00e9dures document\u00e9es et les meilleures pratiques du secteur afin de garantir que les r\u00e9parations corrigent non seulement la panne imm\u00e9diate, mais contribuent \u00e9galement \u00e0 pr\u00e9venir les pannes r\u00e9currentes. Cette approche globale am\u00e9liore la fiabilit\u00e9, allonge les intervalles d&#039;entretien et favorise une production continue.<\/p>\n<hr data-start=\"3012\" data-end=\"3015\" \/>\n<h2 data-start=\"3017\" data-end=\"3072\">Services complets de d\u00e9cantation et de centrifugation pour le p\u00e9trole et le gaz<\/h2>\n<p data-start=\"3074\" data-end=\"3192\">Sentrimax propose une gamme compl\u00e8te de solutions de service pour centrifugeuses d\u00e9canteuses con\u00e7ues pour les environnements de traitement du p\u00e9trole et du gaz\u00a0:<\/p>\n<ul data-start=\"3194\" data-end=\"3712\">\n<li data-start=\"3194\" data-end=\"3257\">\n<p data-start=\"3196\" data-end=\"3257\"><strong data-start=\"3196\" data-end=\"3255\">Inspection m\u00e9canique et \u00e9valuation d\u00e9taill\u00e9e de l&#039;\u00e9tat<\/strong><\/p>\n<\/li>\n<li data-start=\"3258\" data-end=\"3309\">\n<p data-start=\"3260\" data-end=\"3309\"><strong data-start=\"3260\" data-end=\"3307\">Diagnostic des d\u00e9faillances et analyse des causes profondes<\/strong><\/p>\n<\/li>\n<li data-start=\"3310\" data-end=\"3371\">\n<p data-start=\"3312\" data-end=\"3371\"><strong data-start=\"3312\" data-end=\"3369\">D\u00e9pose, remplacement et alignement de pr\u00e9cision des roulements<\/strong><\/p>\n<\/li>\n<li data-start=\"3372\" data-end=\"3435\">\n<p data-start=\"3374\" data-end=\"3435\"><strong data-start=\"3374\" data-end=\"3433\">r\u00e9paration ou remplacement de bols, de volutes, de convoyeurs et de vis<\/strong><\/p>\n<\/li>\n<li data-start=\"3436\" data-end=\"3496\">\n<p data-start=\"3438\" data-end=\"3496\"><strong data-start=\"3438\" data-end=\"3494\">Inspection, r\u00e9fection et v\u00e9rification du couple de la bo\u00eete de vitesses<\/strong><\/p>\n<\/li>\n<li data-start=\"3497\" data-end=\"3540\">\n<p data-start=\"3499\" data-end=\"3540\"><strong data-start=\"3499\" data-end=\"3538\">\u00c9quilibrage dynamique selon les tol\u00e9rances du constructeur<\/strong><\/p>\n<\/li>\n<li data-start=\"3541\" data-end=\"3598\">\n<p data-start=\"3543\" data-end=\"3598\"><strong data-start=\"3543\" data-end=\"3596\">Am\u00e9liorations du remplacement des joints et de la protection contre l&#039;usure<\/strong><\/p>\n<\/li>\n<li data-start=\"3599\" data-end=\"3658\">\n<p data-start=\"3601\" data-end=\"3658\"><strong data-start=\"3601\" data-end=\"3656\">Assistance au d\u00e9pannage des syst\u00e8mes de contr\u00f4le et d&#039;instrumentation<\/strong><\/p>\n<\/li>\n<li data-start=\"3659\" data-end=\"3712\">\n<p data-start=\"3661\" data-end=\"3712\"><strong data-start=\"3661\" data-end=\"3712\">V\u00e9rification des performances et assistance au d\u00e9marrage<\/strong><\/p>\n<\/li>\n<\/ul>\n<p data-start=\"3714\" data-end=\"3962\">Chaque intervention est r\u00e9alis\u00e9e selon des proc\u00e9dures document\u00e9es, conformes aux exigences du constructeur et aux normes du secteur. Nos techniciens \u00e9valuent l&#039;ensemble du syst\u00e8me m\u00e9canique, et non seulement les sympt\u00f4mes apparents, afin de fournir des solutions de service durables et fiables.<\/p>\n<hr data-start=\"3964\" data-end=\"3967\" \/>\n<h2 data-start=\"3969\" data-end=\"4013\">Service sur le terrain et intervention rapide au Texas<\/h2>\n<p data-start=\"4015\" data-end=\"4337\">Les pannes impr\u00e9vues de centrifugeuses peuvent perturber le contr\u00f4le des solides, le traitement de l&#039;eau et les \u00e9tapes de traitement en aval dans les installations p\u00e9troli\u00e8res et gazi\u00e8res. Sentrimax assure un service d&#039;intervention rapide sur site \u00e0 Midland et dans les environs, en d\u00e9ployant des techniciens \u00e9quip\u00e9s d&#039;outils de diagnostic et appliquant des pratiques ax\u00e9es sur la s\u00e9curit\u00e9 pour effectuer des \u00e9valuations et des r\u00e9parations sur place.<\/p>\n<p data-start=\"4339\" data-end=\"4381\">Le service sur site offre plusieurs avantages\u00a0:<\/p>\n<ul data-start=\"4383\" data-end=\"4606\">\n<li data-start=\"4383\" data-end=\"4438\">\n<p data-start=\"4385\" data-end=\"4438\">\u00c9valuation directe en conditions r\u00e9elles d&#039;exploitation<\/p>\n<\/li>\n<li data-start=\"4439\" data-end=\"4490\">\n<p data-start=\"4441\" data-end=\"4490\">D\u00e9pannage imm\u00e9diat et mesures correctives<\/p>\n<\/li>\n<li data-start=\"4491\" data-end=\"4537\">\n<p data-start=\"4493\" data-end=\"4537\">Besoin r\u00e9duit de transport co\u00fbteux hors site<\/p>\n<\/li>\n<li data-start=\"4538\" data-end=\"4606\">\n<p data-start=\"4540\" data-end=\"4606\">Coordination avec le personnel de l&#039;usine pour minimiser l&#039;impact sur la production<\/p>\n<\/li>\n<\/ul>\n<p data-start=\"4608\" data-end=\"4726\">Les techniciens de terrain travaillent efficacement pour r\u00e9duire les temps d&#039;arr\u00eat et remettre les \u00e9quipements en service de mani\u00e8re fiable le plus rapidement possible.<\/p>\n<hr data-start=\"4728\" data-end=\"4731\" \/>\n<h2 data-start=\"4733\" data-end=\"4790\">R\u00e9parations de pr\u00e9cision avec des pi\u00e8ces de rechange de haute qualit\u00e9<\/h2>\n<p data-start=\"4792\" data-end=\"5002\">La fiabilit\u00e9 des r\u00e9parations d\u00e9pend de la qualit\u00e9 des pi\u00e8ces de rechange install\u00e9es. Sentrimax fournit des composants de rechange de qualit\u00e9 \u00e9quivalente \u00e0 celle des pi\u00e8ces d&#039;origine pour les centrifugeuses d\u00e9canteuses utilis\u00e9es dans l&#039;industrie p\u00e9troli\u00e8re et gazi\u00e8re, notamment\u00a0:<\/p>\n<ul data-start=\"5004\" data-end=\"5257\">\n<li data-start=\"5004\" data-end=\"5039\">\n<p data-start=\"5006\" data-end=\"5039\">Roulements et ensembles de roulements<\/p>\n<\/li>\n<li data-start=\"5040\" data-end=\"5074\">\n<p data-start=\"5042\" data-end=\"5074\">Joints d&#039;\u00e9tanch\u00e9it\u00e9, bagues d&#039;\u00e9tanch\u00e9it\u00e9 et anneaux d&#039;usure<\/p>\n<\/li>\n<li data-start=\"5075\" data-end=\"5127\">\n<p data-start=\"5077\" data-end=\"5127\">Volants de volutes, convoyeurs et \u00e9l\u00e9ments rotatifs<\/p>\n<\/li>\n<li data-start=\"5128\" data-end=\"5180\">\n<p data-start=\"5130\" data-end=\"5180\">Composants de bo\u00eete de vitesses et pi\u00e8ces de transmission de couple<\/p>\n<\/li>\n<li data-start=\"5181\" data-end=\"5219\">\n<p data-start=\"5183\" data-end=\"5219\">Bol, moyeu et ensembles rotatifs<\/p>\n<\/li>\n<li data-start=\"5220\" data-end=\"5257\">\n<p data-start=\"5222\" data-end=\"5257\">Kits de fixation et de quincaillerie de service<\/p>\n<\/li>\n<\/ul>\n<p data-start=\"5259\" data-end=\"5425\">Avant leur installation, toutes les pi\u00e8ces sont inspect\u00e9es afin de v\u00e9rifier leur pr\u00e9cision dimensionnelle, l&#039;int\u00e9grit\u00e9 des mat\u00e9riaux et leur ajustement, et ainsi garantir des performances fiables m\u00eame dans des conditions d&#039;utilisation difficiles.<\/p>\n<p data-start=\"5427\" data-end=\"5518\">Pour plus d&#039;informations sur les pi\u00e8ces d\u00e9tach\u00e9es et leur disponibilit\u00e9, veuillez consulter notre site web. <a class=\"decorated-link cursor-pointer\" target=\"_new\" rel=\"noopener\" data-start=\"5478\" data-end=\"5517\">https:\/\/sentrimax.com\/centrifuge-parts\/<\/a>.<\/p>\n<hr data-start=\"5520\" data-end=\"5523\" \/>\n<h2 data-start=\"5525\" data-end=\"5572\">Services de reconstruction compl\u00e8te pour restaurer les performances<\/h2>\n<p data-start=\"5574\" data-end=\"5778\">Pour les centrifugeuses d\u00e9canteuses pr\u00e9sentant une usure avanc\u00e9e ou approchant de la fin de leur dur\u00e9e de vie, Sentrimax propose des services de remise \u00e0 neuf complets qui redonnent aux \u00e9quipements un \u00e9tat quasi neuf. Les projets de remise \u00e0 neuf types comprennent\u00a0:<\/p>\n<ul data-start=\"5780\" data-end=\"6042\">\n<li data-start=\"5780\" data-end=\"5826\">\n<p data-start=\"5782\" data-end=\"5826\">D\u00e9montage complet et nettoyage approfondi<\/p>\n<\/li>\n<li data-start=\"5827\" data-end=\"5880\">\n<p data-start=\"5829\" data-end=\"5880\">Inspection et r\u00e9tablissement des tol\u00e9rances critiques<\/p>\n<\/li>\n<li data-start=\"5881\" data-end=\"5915\">\n<p data-start=\"5883\" data-end=\"5915\">Remplacement des composants us\u00e9s<\/p>\n<\/li>\n<li data-start=\"5916\" data-end=\"5959\">\n<p data-start=\"5918\" data-end=\"5959\">Usinage de pr\u00e9cision pour un ajustement et un \u00e9quilibre parfaits<\/p>\n<\/li>\n<li data-start=\"5960\" data-end=\"6002\">\n<p data-start=\"5962\" data-end=\"6002\">\u00c9quilibrage dynamique des \u00e9l\u00e9ments rotatifs<\/p>\n<\/li>\n<li data-start=\"6003\" data-end=\"6042\">\n<p data-start=\"6005\" data-end=\"6042\">R\u00e9assemblage et validation des performances<\/p>\n<\/li>\n<\/ul>\n<p data-start=\"6044\" data-end=\"6216\">Les reconstructions sont coordonn\u00e9es avec les \u00e9quipes des installations afin de co\u00efncider avec les arr\u00eats planifi\u00e9s ou les fen\u00eatres de maintenance, minimisant ainsi les perturbations de la production tout en maximisant la prolongation de la dur\u00e9e de vie.<\/p>\n<hr data-start=\"6218\" data-end=\"6221\" \/>\n<h2 data-start=\"6223\" data-end=\"6271\">Maintenance pr\u00e9ventive pour am\u00e9liorer la fiabilit\u00e9<\/h2>\n<p data-start=\"6273\" data-end=\"6587\">Les r\u00e9parations r\u00e9actives sont co\u00fbteuses en pi\u00e8ces d\u00e9tach\u00e9es, en main-d&#039;\u0153uvre et en temps de production perdu. La maintenance pr\u00e9ventive permet aux installations p\u00e9troli\u00e8res et gazi\u00e8res de d\u00e9tecter les premiers signes d&#039;usure, de r\u00e9duire les pannes impr\u00e9vues et d&#039;optimiser les budgets de maintenance. Sentrimax collabore avec les exploitants pour \u00e9laborer des plans de maintenance pr\u00e9ventive sur mesure pouvant inclure\u00a0:<\/p>\n<ul data-start=\"6589\" data-end=\"6906\">\n<li data-start=\"6589\" data-end=\"6646\">\n<p data-start=\"6591\" data-end=\"6646\">Inspections m\u00e9caniques de routine et suivi de l&#039;\u00e9tat<\/p>\n<\/li>\n<li data-start=\"6647\" data-end=\"6702\">\n<p data-start=\"6649\" data-end=\"6702\">Analyse des vibrations et surveillance des tendances de performance<\/p>\n<\/li>\n<li data-start=\"6703\" data-end=\"6756\">\n<p data-start=\"6705\" data-end=\"6756\">Pr\u00e9l\u00e8vement d&#039;\u00e9chantillons d&#039;huile et \u00e9valuation de l&#039;\u00e9tat de la lubrification<\/p>\n<\/li>\n<li data-start=\"6757\" data-end=\"6809\">\n<p data-start=\"6759\" data-end=\"6809\">Mesure de l&#039;usure des roulements, des spirales et des joints d&#039;\u00e9tanch\u00e9it\u00e9<\/p>\n<\/li>\n<li data-start=\"6810\" data-end=\"6854\">\n<p data-start=\"6812\" data-end=\"6854\">Remplacement programm\u00e9 des pi\u00e8ces \u00e0 forte usure<\/p>\n<\/li>\n<li data-start=\"6855\" data-end=\"6906\">\n<p data-start=\"6857\" data-end=\"6906\">Contr\u00f4les d&#039;alignement et v\u00e9rification dynamique de l&#039;\u00e9quilibre<\/p>\n<\/li>\n<\/ul>\n<p data-start=\"6908\" data-end=\"7071\">En planifiant la maintenance sur la base des donn\u00e9es op\u00e9rationnelles plut\u00f4t que des pannes, les installations peuvent am\u00e9liorer la disponibilit\u00e9, r\u00e9duire les r\u00e9parations d&#039;urgence et optimiser les d\u00e9penses de maintenance.<\/p>\n<hr data-start=\"7073\" data-end=\"7076\" \/>\n<h2 data-start=\"7078\" data-end=\"7143\">Soutien \u00e0 l&#039;efficacit\u00e9 op\u00e9rationnelle et \u00e0 la conformit\u00e9 environnementale<\/h2>\n<p data-start=\"7145\" data-end=\"7619\">La fiabilit\u00e9 des centrifugeuses contribue \u00e0 une gestion efficace des solides, \u00e0 la qualit\u00e9 des eaux produites et \u00e0 la stabilit\u00e9 op\u00e9rationnelle des op\u00e9rations p\u00e9troli\u00e8res et gazi\u00e8res. Une s\u00e9paration efficace permet de r\u00e9duire les co\u00fbts d&#039;\u00e9limination et la pression sur les syst\u00e8mes en aval. Dans certains cas, les performances du traitement sont li\u00e9es \u00e0 des programmes r\u00e9glementaires, tels que ceux supervis\u00e9s par la <strong data-start=\"7475\" data-end=\"7521\">Agence am\u00e9ricaine de protection de l&#039;environnement (EPA)<\/strong>, qui fournit des conseils sur la gestion des eaux us\u00e9es et des eaux de process \u00e0 <a class=\"decorated-link cursor-pointer\" target=\"_new\" rel=\"noopener\" data-start=\"7593\" data-end=\"7618\">https:\/\/www.epa.gov\/water<\/a>.<\/p>\n<p data-start=\"7621\" data-end=\"7902\">Les op\u00e9rateurs peuvent \u00e9galement se r\u00e9f\u00e9rer aux meilleures pratiques et aux normes techniques du secteur. <strong data-start=\"7707\" data-end=\"7745\">F\u00e9d\u00e9ration pour l&#039;environnement de l&#039;eau (WEF)<\/strong> \u00e0 <a class=\"decorated-link\" href=\"https:\/\/www.wef.org\/\" target=\"_new\" rel=\"noopener\" data-start=\"7749\" data-end=\"7769\">https:\/\/www.wef.org\/<\/a>, qui offre un aper\u00e7u plus large des strat\u00e9gies de manipulation et de s\u00e9paration des solides qui recoupent les consid\u00e9rations relatives au traitement du p\u00e9trole et du gaz.<\/p>\n<hr data-start=\"7904\" data-end=\"7907\" \/>\n<h2 data-start=\"7909\" data-end=\"7951\">Pourquoi les installations de Midland choisissent Sentrimax<\/h2>\n<p data-start=\"7953\" data-end=\"8293\">Les installations p\u00e9troli\u00e8res et gazi\u00e8res de Midland choisissent Sentrimax pour l&#039;entretien de leurs centrifugeuses d\u00e9canteuses en raison de son expertise technique pointue, de son assistance technique r\u00e9active et de son engagement envers des r\u00e9sultats de qualit\u00e9. Les techniciens de Sentrimax allient savoir-faire m\u00e9canique et exp\u00e9rience pratique sur le terrain pour diagnostiquer les probl\u00e8mes complexes, effectuer des r\u00e9parations efficaces et prot\u00e9ger les \u00e9quipements critiques.<\/p>\n<p data-start=\"8295\" data-end=\"8665\">Une communication claire et une documentation compl\u00e8te sont essentielles \u00e0 chaque intervention. Les installations re\u00e7oivent des rapports d\u00e9taill\u00e9s pr\u00e9sentant les r\u00e9sultats des inspections, les actions correctives mises en \u0153uvre, les composants remplac\u00e9s et des recommandations pour la planification de la maintenance pr\u00e9ventive. Ces informations permettent une prise de d\u00e9cision op\u00e9rationnelle \u00e9clair\u00e9e et garantissent la fiabilit\u00e9 des \u00e9quipements \u00e0 long terme.<\/p>\n<hr data-start=\"8667\" data-end=\"8670\" \/>\n<h2 data-start=\"8672\" data-end=\"8720\">Assistance compl\u00e8te, de l&#039;\u00e9valuation au d\u00e9marrage<\/h2>\n<p data-start=\"8722\" data-end=\"8792\">Le mod\u00e8le de service de Sentrimax va au-del\u00e0 de la r\u00e9paration m\u00e9canique et comprend\u00a0:<\/p>\n<ul data-start=\"8794\" data-end=\"9020\">\n<li data-start=\"8794\" data-end=\"8840\">\n<p data-start=\"8796\" data-end=\"8840\">Coordination du gr\u00e9age et du retrait du mat\u00e9riel<\/p>\n<\/li>\n<li data-start=\"8841\" data-end=\"8893\">\n<p data-start=\"8843\" data-end=\"8893\">v\u00e9rification de l&#039;alignement et des dimensions<\/p>\n<\/li>\n<li data-start=\"8894\" data-end=\"8939\">\n<p data-start=\"8896\" data-end=\"8939\">Assistance \u00e0 la r\u00e9installation et \u00e0 l&#039;\u00e9talonnage<\/p>\n<\/li>\n<li data-start=\"8940\" data-end=\"8982\">\n<p data-start=\"8942\" data-end=\"8982\">Assistance au d\u00e9marrage et optimisation des performances<\/p>\n<\/li>\n<li data-start=\"8983\" data-end=\"9020\">\n<p data-start=\"8985\" data-end=\"9020\">\u00c9valuation des performances apr\u00e8s la prestation de services<\/p>\n<\/li>\n<\/ul>\n<p data-start=\"9022\" data-end=\"9176\">Cette approche globale garantit que les centrifugeuses d\u00e9canteuses pour le p\u00e9trole et le gaz reprennent du service de mani\u00e8re fiable, efficace et conforme aux sp\u00e9cifications de conception.<\/p>\n<hr data-start=\"9178\" data-end=\"9181\" \/>\n<h2 data-start=\"9183\" data-end=\"9239\">Fiabilit\u00e9 continue gr\u00e2ce \u00e0 la surveillance des performances<\/h2>\n<p data-start=\"9241\" data-end=\"9566\">La fiabilit\u00e9 \u00e0 long terme des \u00e9quipements repose sur une maintenance structur\u00e9e et un suivi rigoureux de leurs performances. Sentrimax accompagne les installations dans le suivi des indicateurs cl\u00e9s de performance (profils de vibration, donn\u00e9es de couple et tendances d&#039;usure) afin d&#039;anticiper les besoins de maintenance, d&#039;optimiser la planification et de r\u00e9duire le co\u00fbt total de possession.<\/p>\n<hr data-start=\"9568\" data-end=\"9571\" \/>\n<h2 data-start=\"9573\" data-end=\"9635\">Demande de service de centrifugation pour d\u00e9canteurs d&#039;huile et de gaz \u00e0 Midland, Texas<\/h2>\n<p data-start=\"9637\" data-end=\"10018\">Lorsque vous avez besoin d&#039;un service expert de d\u00e9cantation centrifuge pour le secteur p\u00e9trolier et gazier <strong data-start=\"9700\" data-end=\"9715\">Midland, Texas<\/strong>, Les entreprises du secteur font confiance \u00e0 Sentrimax pour son expertise reconnue, son assistance r\u00e9active et ses r\u00e9sultats professionnels. Qu&#039;il s&#039;agisse de r\u00e9soudre des pannes urgentes, de planifier la maintenance pr\u00e9ventive ou de proc\u00e9der \u00e0 des remises \u00e0 neuf compl\u00e8tes, Sentrimax propose des solutions con\u00e7ues pour garantir le fonctionnement fiable et efficace de vos centrifugeuses.<\/p>\n<p data-start=\"10020\" data-end=\"10074\"><strong data-start=\"10020\" data-end=\"10074\"><a class=\"decorated-link\" href=\"https:\/\/sentrimax.com\/fr\/contact\/\" target=\"_new\" rel=\"noopener\" data-start=\"10022\" data-end=\"10072\">Demandez un devis !<\/a><\/strong><\/p>","protected":false},"excerpt":{"rendered":"<p>Sentrimax provides professional oil &amp; gas decanter centrifuge service for upstream, midstream, and downstream operations throughout Midland, Texas. In oil &amp; gas applications, decanter centrifuges play a crucial role in separating solids from liquid hydrocarbons, treating produced water, and enhancing waste management efficiency. When these high-speed decanters show signs of vibration, wear, seal failure, or [&hellip;]<\/p>","protected":false},"author":3,"featured_media":0,"parent":0,"menu_order":0,"comment_status":"closed","ping_status":"closed","template":"seo-page-template.php","meta":{"_acf_changed":false,"inline_featured_image":false,"footnotes":""},"class_list":["post-2329","page","type-page","status-publish","hentry"],"acf":[],"_links":{"self":[{"href":"https:\/\/sentrimax.com\/fr\/wp-json\/wp\/v2\/pages\/2329","targetHints":{"allow":["GET"]}}],"collection":[{"href":"https:\/\/sentrimax.com\/fr\/wp-json\/wp\/v2\/pages"}],"about":[{"href":"https:\/\/sentrimax.com\/fr\/wp-json\/wp\/v2\/types\/page"}],"author":[{"embeddable":true,"href":"https:\/\/sentrimax.com\/fr\/wp-json\/wp\/v2\/users\/3"}],"replies":[{"embeddable":true,"href":"https:\/\/sentrimax.com\/fr\/wp-json\/wp\/v2\/comments?post=2329"}],"version-history":[{"count":0,"href":"https:\/\/sentrimax.com\/fr\/wp-json\/wp\/v2\/pages\/2329\/revisions"}],"wp:attachment":[{"href":"https:\/\/sentrimax.com\/fr\/wp-json\/wp\/v2\/media?parent=2329"}],"curies":[{"name":"wp","href":"https:\/\/api.w.org\/{rel}","templated":true}]}}