{"id":2331,"date":"2026-01-07T17:38:16","date_gmt":"2026-01-07T17:38:16","guid":{"rendered":"https:\/\/sentrimax.com\/?page_id=2331"},"modified":"2026-04-21T21:13:40","modified_gmt":"2026-04-21T21:13:40","slug":"swaco-414-centrifuge-parts-in-calgary-ab","status":"publish","type":"page","link":"https:\/\/sentrimax.com\/fr\/swaco-414-centrifuge-parts-in-calgary-ab\/","title":{"rendered":"Pi\u00e8ces d\u00e9tach\u00e9es pour centrifugeuse SWACO 414 \u00e0 Calgary, Alberta"},"content":{"rendered":"<p data-start=\"286\" data-end=\"915\"><img fetchpriority=\"high\" decoding=\"async\" class=\"aligncenter size-full wp-image-1190\" src=\"https:\/\/sentrimax.com\/wp-content\/uploads\/2025\/06\/image-1.jpg\" alt=\"\" width=\"1440\" height=\"694\" srcset=\"https:\/\/sentrimax.com\/wp-content\/uploads\/2025\/06\/image-1.jpg 1440w, https:\/\/sentrimax.com\/wp-content\/uploads\/2025\/06\/image-1-600x289.jpg 600w, https:\/\/sentrimax.com\/wp-content\/uploads\/2025\/06\/image-1-300x145.jpg 300w, https:\/\/sentrimax.com\/wp-content\/uploads\/2025\/06\/image-1-1024x494.jpg 1024w, https:\/\/sentrimax.com\/wp-content\/uploads\/2025\/06\/image-1-768x370.jpg 768w\" sizes=\"(max-width: 1440px) 100vw, 1440px\" \/><\/p>\n<p data-start=\"286\" data-end=\"915\">Sentrimax fournit des pi\u00e8ces de haute qualit\u00e9 pour centrifugeuses SWACO 414 aux entreprises de transformation industrielle, aux centres de traitement des d\u00e9chets de forage et aux installations de traitement des eaux us\u00e9es et des mati\u00e8res solides dans le monde entier. <strong data-start=\"455\" data-end=\"475\">Calgary, Alberta<\/strong>. La centrifugeuse d\u00e9canteuse SWACO 414 est une machine fiable pour les applications de s\u00e9paration solide-liquide \u00e0 haute intensit\u00e9. Cependant, comme tout syst\u00e8me m\u00e9canique, ses performances d\u00e9pendent de la qualit\u00e9 et de l&#039;\u00e9tat de ses composants critiques. Lorsque les roulements, les joints, les spirales, les rev\u00eatements anti-usure, les pi\u00e8ces de la bo\u00eete de vitesses ou d&#039;autres ensembles pr\u00e9sentent des signes d&#039;usure, un acc\u00e8s rapide \u00e0 des pi\u00e8ces de rechange fiables et \u00e0 une assistance technique sp\u00e9cialis\u00e9e permet aux installations d&#039;\u00e9viter des arr\u00eats de production prolong\u00e9s et des r\u00e9parations co\u00fbteuses.<\/p>\n<p data-start=\"917\" data-end=\"1146\">Sentrimax aide les entreprises de la r\u00e9gion de Calgary \u00e0 se procurer des pi\u00e8ces qui r\u00e9pondent ou d\u00e9passent les attentes en mati\u00e8re de performance des \u00e9quipements d&#039;origine, gr\u00e2ce \u00e0 un accompagnement technique r\u00e9actif permettant aux \u00e9quipes de maintenance de planifier et d&#039;effectuer des remplacements de pi\u00e8ces efficaces.<\/p>\n<hr data-start=\"1148\" data-end=\"1151\" \/>\n<h2 data-start=\"1153\" data-end=\"1198\">Assistance locale pour les pi\u00e8ces d\u00e9tach\u00e9es \u00e0 Calgary<\/h2>\n<p data-start=\"1200\" data-end=\"1631\">Des installations dans tout le <strong data-start=\"1226\" data-end=\"1257\">r\u00e9gion m\u00e9tropolitaine de Calgary<\/strong> Pour atteindre les objectifs de production, garantir l&#039;efficacit\u00e9 du traitement des eaux us\u00e9es et ma\u00eetriser la teneur en mati\u00e8res solides dans les proc\u00e9d\u00e9s industriels, il est essentiel de compter sur des performances constantes de la centrifugeuse. Lorsqu&#039;une pi\u00e8ce critique d&#039;une centrifugeuse SWACO 414 commence \u00e0 pr\u00e9senter une d\u00e9faillance (due \u00e0 l&#039;abrasion, \u00e0 la fatigue ou \u00e0 une utilisation prolong\u00e9e), la disponibilit\u00e9 de la pi\u00e8ce de rechange ad\u00e9quate est cruciale pour minimiser les temps d&#039;arr\u00eat.<\/p>\n<p data-start=\"1633\" data-end=\"1819\">Collaborer avec Sentrimax permet aux installations locales de r\u00e9duire les d\u00e9lais de livraison des pi\u00e8ces essentielles, d&#039;aligner les remplacements sur les calendriers de maintenance et de r\u00e9tablir rapidement et de mani\u00e8re fiable les performances des centrifugeuses.<\/p>\n<h2 data-start=\"1821\" data-end=\"1863\">Inventaire complet des pi\u00e8ces d\u00e9tach\u00e9es pour SWACO 414<\/h2>\n<p data-start=\"1865\" data-end=\"1983\">Sentrimax propose un large choix de pi\u00e8ces de rechange et d&#039;ensembles pour les centrifugeuses SWACO 414, notamment\u00a0:<\/p>\n<ul data-start=\"1985\" data-end=\"2433\">\n<li data-start=\"1985\" data-end=\"2052\">\n<p data-start=\"1987\" data-end=\"2052\">Roulements et ensembles de roulements con\u00e7us pour un service \u00e0 grande vitesse<\/p>\n<\/li>\n<li data-start=\"2053\" data-end=\"2116\">\n<p data-start=\"2055\" data-end=\"2116\">Joints d&#039;\u00e9tanch\u00e9it\u00e9 et garnitures pour emp\u00eacher les infiltrations de fluides et la contamination<\/p>\n<\/li>\n<li data-start=\"2117\" data-end=\"2191\">\n<p data-start=\"2119\" data-end=\"2191\">Rev\u00eatements anti-usure et carreaux r\u00e9sistants \u00e0 l&#039;abrasion pour cuvettes et logements de volutes<\/p>\n<\/li>\n<li data-start=\"2192\" data-end=\"2244\">\n<p data-start=\"2194\" data-end=\"2244\">Volants de volutes, convoyeurs et \u00e9l\u00e9ments rotatifs<\/p>\n<\/li>\n<li data-start=\"2245\" data-end=\"2297\">\n<p data-start=\"2247\" data-end=\"2297\">Composants de bo\u00eete de vitesses et pi\u00e8ces de transmission de couple<\/p>\n<\/li>\n<li data-start=\"2298\" data-end=\"2370\">\n<p data-start=\"2300\" data-end=\"2370\">Le bol, le moyeu et les ensembles rotatifs sont essentiels \u00e0 l&#039;efficacit\u00e9 de la s\u00e9paration.<\/p>\n<\/li>\n<li data-start=\"2371\" data-end=\"2433\">\n<p data-start=\"2373\" data-end=\"2433\">Kits de fixation et de quincaillerie d&#039;entretien pour une maintenance fiable<\/p>\n<\/li>\n<\/ul>\n<p data-start=\"2435\" data-end=\"2559\">Ces composants permettent \u00e0 la fois des r\u00e9parations r\u00e9actives et une planification proactive de la maintenance afin de prolonger la dur\u00e9e de vie et d&#039;am\u00e9liorer la disponibilit\u00e9.<\/p>\n<p data-start=\"2561\" data-end=\"2651\">Pour en savoir plus sur les pi\u00e8ces disponibles et l&#039;assistance, consultez notre site web. <a class=\"decorated-link cursor-pointer\" target=\"_new\" rel=\"noopener\" data-start=\"2611\" data-end=\"2650\">https:\/\/sentrimax.com\/centrifuge-parts\/<\/a>.<\/p>\n<hr data-start=\"2653\" data-end=\"2656\" \/>\n<h2 data-start=\"2658\" data-end=\"2706\">Des pi\u00e8ces de qualit\u00e9 pour une fiabilit\u00e9 et des performances optimales<\/h2>\n<p data-start=\"2708\" data-end=\"3065\">Les pi\u00e8ces de rechange conformes aux sp\u00e9cifications d&#039;origine sont essentielles au maintien de l&#039;int\u00e9grit\u00e9 m\u00e9canique des \u00e9quipements rotatifs \u00e0 grande vitesse tels que la centrifugeuse SWACO 414. Sentrimax fournit des composants de qualit\u00e9 \u00e9quivalente \u00e0 celle des pi\u00e8ces d&#039;origine, dont la pr\u00e9cision dimensionnelle, la durabilit\u00e9 des mat\u00e9riaux et la compatibilit\u00e9 op\u00e9rationnelle sont v\u00e9rifi\u00e9es avant exp\u00e9dition.<\/p>\n<p data-start=\"3067\" data-end=\"3286\">L&#039;utilisation de roulements, de joints d&#039;\u00e9tanch\u00e9it\u00e9 et de pi\u00e8ces d&#039;usure de qualit\u00e9 contribue \u00e0 r\u00e9duire les vibrations, \u00e0 am\u00e9liorer l&#039;\u00e9quilibre m\u00e9canique et \u00e0 prolonger les intervalles d&#039;entretien \u2013 des avantages qui influencent directement l&#039;efficacit\u00e9 globale des \u00e9quipements et la ma\u00eetrise des co\u00fbts d&#039;exploitation.<\/p>\n<hr data-start=\"3288\" data-end=\"3291\" \/>\n<h2 data-start=\"3293\" data-end=\"3344\">Pi\u00e8ces \u00e0 l&#039;appui des programmes de maintenance pr\u00e9ventive<\/h2>\n<p data-start=\"3346\" data-end=\"3634\">Le remplacement proactif des pi\u00e8ces d&#039;usure est l&#039;un des meilleurs moyens de r\u00e9duire les interventions impr\u00e9vues. Sentrimax collabore avec les installations de Calgary afin d&#039;harmoniser la planification des pi\u00e8ces avec les strat\u00e9gies de maintenance pr\u00e9ventive, en tenant compte des heures de fonctionnement, de la charge en solides, des tendances vibratoires et des donn\u00e9es d&#039;usure ant\u00e9rieures.<\/p>\n<p data-start=\"3636\" data-end=\"3686\">Les \u00e9l\u00e9ments communs de planification des pi\u00e8ces pr\u00e9ventives comprennent\u00a0:<\/p>\n<ul data-start=\"3688\" data-end=\"3940\">\n<li data-start=\"3688\" data-end=\"3760\">\n<p data-start=\"3690\" data-end=\"3760\">Inspection et remplacement programm\u00e9s des roulements, joints d&#039;\u00e9tanch\u00e9it\u00e9 et bagues d&#039;usure<\/p>\n<\/li>\n<li data-start=\"3761\" data-end=\"3818\">\n<p data-start=\"3763\" data-end=\"3818\">Coordination des livraisons de pi\u00e8ces avec les arr\u00eats planifi\u00e9s<\/p>\n<\/li>\n<li data-start=\"3819\" data-end=\"3868\">\n<p data-start=\"3821\" data-end=\"3868\">Suivi des taux d&#039;usure pour pr\u00e9voir les besoins de maintenance<\/p>\n<\/li>\n<li data-start=\"3869\" data-end=\"3940\">\n<p data-start=\"3871\" data-end=\"3940\">Int\u00e9gration de la planification des pi\u00e8ces d\u00e9tach\u00e9es \u00e0 la planification des r\u00e9parations et des interventions sur site<\/p>\n<\/li>\n<\/ul>\n<p data-start=\"3942\" data-end=\"4036\">Cette approche permet aux installations d&#039;\u00e9viter les arr\u00eats de production d&#039;urgence et de mieux g\u00e9rer leurs budgets de maintenance.<\/p>\n<p data-start=\"4038\" data-end=\"4138\">Pour une assistance plus compl\u00e8te en mati\u00e8re de r\u00e9paration et d&#039;entretien des centrifugeuses, consultez <a class=\"decorated-link cursor-pointer\" target=\"_new\" rel=\"noopener\" data-start=\"4097\" data-end=\"4137\">https:\/\/sentrimax.com\/centrifuge-repair\/<\/a>.<\/p>\n<hr data-start=\"4140\" data-end=\"4143\" \/>\n<h2 data-start=\"4145\" data-end=\"4182\">Guide des pi\u00e8ces ax\u00e9 sur l&#039;application<\/h2>\n<p data-start=\"4184\" data-end=\"4305\">Les centrifugeuses SWACO 414 sont utilis\u00e9es dans une gamme d&#039;applications, et les besoins en pi\u00e8ces d\u00e9tach\u00e9es peuvent varier en fonction des conditions de service sp\u00e9cifiques\u00a0:<\/p>\n<ul data-start=\"4307\" data-end=\"4615\">\n<li data-start=\"4307\" data-end=\"4399\">\n<p data-start=\"4309\" data-end=\"4399\"><strong data-start=\"4309\" data-end=\"4339\">contr\u00f4le des solides p\u00e9troliers et gaziers<\/strong> implique souvent des d\u00e9coupes abrasives et des d\u00e9bits variables.<\/p>\n<\/li>\n<li data-start=\"4400\" data-end=\"4519\">\n<p data-start=\"4402\" data-end=\"4519\"><strong data-start=\"4402\" data-end=\"4448\">stations d&#039;\u00e9puration des eaux us\u00e9es industrielles<\/strong> Exiger des pi\u00e8ces capables de r\u00e9sister aux environnements corrosifs et aux fortes concentrations de solides.<\/p>\n<\/li>\n<li data-start=\"4520\" data-end=\"4615\">\n<p data-start=\"4522\" data-end=\"4615\"><strong data-start=\"4522\" data-end=\"4551\">Gestion des d\u00e9chets de forage<\/strong> impose des contraintes \u00e9lev\u00e9es aux roulements, aux joints d&#039;\u00e9tanch\u00e9it\u00e9 et aux \u00e9l\u00e9ments du convoyeur.<\/p>\n<\/li>\n<\/ul>\n<p data-start=\"4617\" data-end=\"4771\">Sentrimax fournit des conseils sp\u00e9cifiques \u00e0 chaque application pour aider les op\u00e9rateurs de Calgary \u00e0 choisir les pi\u00e8ces qui correspondent le mieux \u00e0 leurs exigences de processus et \u00e0 leurs conditions d&#039;exploitation.<\/p>\n<p data-start=\"4773\" data-end=\"5229\">Pour plus de contexte sectoriel sur les attentes en mati\u00e8re de manutention et de traitement des solides, voir le <strong data-start=\"4856\" data-end=\"4894\">F\u00e9d\u00e9ration pour l&#039;environnement de l&#039;eau (WEF)<\/strong> offre des ressources sur <a class=\"decorated-link\" href=\"https:\/\/www.wef.org\/\" target=\"_new\" rel=\"noopener\" data-start=\"4915\" data-end=\"4935\">https:\/\/www.wef.org\/<\/a> et le <strong data-start=\"4944\" data-end=\"4990\">Agence am\u00e9ricaine de protection de l&#039;environnement (EPA)<\/strong> fournit des conseils environnementaux g\u00e9n\u00e9raux \u00e0 <a class=\"decorated-link cursor-pointer\" target=\"_new\" rel=\"noopener\" data-start=\"5034\" data-end=\"5059\">https:\/\/www.epa.gov\/water<\/a>. Bien que ces liens proviennent de ressources am\u00e9ricaines, ils offrent un cadre plus large des principes de performance et de conformit\u00e9 qui recoupent souvent les d\u00e9fis internationaux en mati\u00e8re de gestion des solides.<\/p>\n<hr data-start=\"5231\" data-end=\"5234\" \/>\n<h2 data-start=\"5236\" data-end=\"5288\">Soutien \u00e0 la fiabilit\u00e9 op\u00e9rationnelle et \u00e0 la conformit\u00e9<\/h2>\n<p data-start=\"5290\" data-end=\"5586\">Le bon fonctionnement des centrifugeuses contribue \u00e0 la stabilit\u00e9 op\u00e9rationnelle, \u00e0 un d\u00e9bit constant et au respect des normes environnementales. Dans le traitement des eaux us\u00e9es ou les proc\u00e9d\u00e9s industriels, des pi\u00e8ces us\u00e9es ou endommag\u00e9es peuvent r\u00e9duire l&#039;efficacit\u00e9 de la s\u00e9paration, augmenter les volumes transport\u00e9s ou \u00e9limin\u00e9s et surcharger les syst\u00e8mes en aval.<\/p>\n<p data-start=\"5588\" data-end=\"5819\">En rempla\u00e7ant les composants par des pi\u00e8ces de haute qualit\u00e9 et en planifiant une maintenance syst\u00e9matique, les installations peuvent maintenir des performances de s\u00e9paration qui soutiennent les objectifs du processus et, le cas \u00e9ch\u00e9ant, les exigences r\u00e9glementaires dans le contexte canadien.<\/p>\n<hr data-start=\"5821\" data-end=\"5824\" \/>\n<h2 data-start=\"5826\" data-end=\"5878\">Pourquoi les installations de Calgary choisissent Sentrimax pour les pi\u00e8ces d\u00e9tach\u00e9es<\/h2>\n<p data-start=\"5880\" data-end=\"6205\">Les installations de Calgary choisissent Sentrimax pour les pi\u00e8ces de leurs centrifugeuses SWACO 414 en raison de son assistance technique, de son service rapide et de son engagement envers la qualit\u00e9. Le personnel de Sentrimax aide \u00e0 l&#039;identification des pi\u00e8ces, \u00e0 la v\u00e9rification de leur compatibilit\u00e9 et \u00e0 la planification de leur remplacement, afin que les activit\u00e9s de maintenance s&#039;int\u00e8grent harmonieusement aux op\u00e9rations des installations.<\/p>\n<p data-start=\"6207\" data-end=\"6407\">Chaque commande est accompagn\u00e9e d&#039;une documentation claire comprenant les sp\u00e9cifications des composants, les d\u00e9tails de montage et la tra\u00e7abilit\u00e9 \u2013 des informations qui facilitent la tenue des dossiers de maintenance et les programmes de gestion des actifs.<\/p>\n<hr data-start=\"6409\" data-end=\"6412\" \/>\n<h2 data-start=\"6414\" data-end=\"6466\">Commande de pi\u00e8ces pour centrifugeuse SWACO 414 \u00e0 Calgary, Alberta<\/h2>\n<p data-start=\"6468\" data-end=\"6786\">Commander des pi\u00e8ces chez Sentrimax est con\u00e7u pour \u00eatre efficace et rapide. Les \u00e9tablissements peuvent demander des devis d\u00e9taill\u00e9s incluant les r\u00e9f\u00e9rences, les prix, les d\u00e9lais de livraison et la confirmation de compatibilit\u00e9. Des options de livraison express sont disponibles pour les composants urgents n\u00e9cessaires suite \u00e0 des arr\u00eats planifi\u00e9s ou des pannes impr\u00e9vues.<\/p>\n<p data-start=\"6788\" data-end=\"6949\">Disposer de pi\u00e8ces fiables permet aux op\u00e9rateurs de Calgary de minimiser les temps d&#039;arr\u00eat impr\u00e9vus, de g\u00e9rer les d\u00e9penses de maintenance et d&#039;am\u00e9liorer la confiance dans les performances des centrifugeuses.<\/p>\n<hr data-start=\"6951\" data-end=\"6954\" \/>\n<h2 data-start=\"6956\" data-end=\"7007\">Demande de pi\u00e8ces pour centrifugeuse SWACO 414 \u00e0 Calgary, Alberta<\/h2>\n<p data-start=\"7009\" data-end=\"7249\">Assurez le bon fonctionnement de votre centrifugeuse SWACO 414 gr\u00e2ce aux pi\u00e8ces de rechange de qualit\u00e9 Sentrimax. Roulements, joints, rev\u00eatements anti-usure, ensembles rotatifs\u00a0: Sentrimax fournit des pi\u00e8ces et un soutien fiables pour les op\u00e9rations \u00e0 Calgary.<\/p>\n<p data-start=\"7251\" data-end=\"7305\"><strong data-start=\"7251\" data-end=\"7305\"><a class=\"decorated-link\" href=\"https:\/\/sentrimax.com\/fr\/contact\/\" target=\"_new\" rel=\"noopener\" data-start=\"7253\" data-end=\"7303\">Demandez un devis !<\/a><\/strong><\/p>","protected":false},"excerpt":{"rendered":"<p>Sentrimax supplies high-quality SWACO 414 centrifuge parts to industrial processors, drilling waste operations, and wastewater and solids handling facilities throughout Calgary, Alberta. The SWACO 414 decanter centrifuge is a trusted machine in high-duty solids-liquid separation applications, but like all mechanical systems, its performance depends on the quality and condition of critical components. When bearings, seals, [&hellip;]<\/p>\n","protected":false},"author":3,"featured_media":0,"parent":0,"menu_order":0,"comment_status":"closed","ping_status":"closed","template":"seo-page-template.php","meta":{"_acf_changed":false,"inline_featured_image":false,"footnotes":""},"class_list":["post-2331","page","type-page","status-publish","hentry"],"acf":[],"_links":{"self":[{"href":"https:\/\/sentrimax.com\/fr\/wp-json\/wp\/v2\/pages\/2331","targetHints":{"allow":["GET"]}}],"collection":[{"href":"https:\/\/sentrimax.com\/fr\/wp-json\/wp\/v2\/pages"}],"about":[{"href":"https:\/\/sentrimax.com\/fr\/wp-json\/wp\/v2\/types\/page"}],"author":[{"embeddable":true,"href":"https:\/\/sentrimax.com\/fr\/wp-json\/wp\/v2\/users\/3"}],"replies":[{"embeddable":true,"href":"https:\/\/sentrimax.com\/fr\/wp-json\/wp\/v2\/comments?post=2331"}],"version-history":[{"count":1,"href":"https:\/\/sentrimax.com\/fr\/wp-json\/wp\/v2\/pages\/2331\/revisions"}],"predecessor-version":[{"id":2496,"href":"https:\/\/sentrimax.com\/fr\/wp-json\/wp\/v2\/pages\/2331\/revisions\/2496"}],"wp:attachment":[{"href":"https:\/\/sentrimax.com\/fr\/wp-json\/wp\/v2\/media?parent=2331"}],"curies":[{"name":"wp","href":"https:\/\/api.w.org\/{rel}","templated":true}]}}