{"id":2335,"date":"2026-01-07T17:55:45","date_gmt":"2026-01-07T17:55:45","guid":{"rendered":"https:\/\/sentrimax.com\/?page_id=2335"},"modified":"2026-04-21T21:13:38","modified_gmt":"2026-04-21T21:13:38","slug":"oil-gas-centrifuge-parts-in-odessa-tx","status":"publish","type":"page","link":"https:\/\/sentrimax.com\/fr\/oil-gas-centrifuge-parts-in-odessa-tx\/","title":{"rendered":"Pi\u00e8ces d\u00e9tach\u00e9es pour centrifugeuses p\u00e9troli\u00e8res et gazi\u00e8res \u00e0 Odessa, Texas"},"content":{"rendered":"<p data-start=\"496\" data-end=\"868\"><img fetchpriority=\"high\" decoding=\"async\" class=\"aligncenter size-full wp-image-1617\" src=\"https:\/\/sentrimax.com\/wp-content\/uploads\/2025\/07\/Oil-Gas-1.png\" alt=\"\" width=\"1024\" height=\"1024\" srcset=\"https:\/\/sentrimax.com\/wp-content\/uploads\/2025\/07\/Oil-Gas-1.png 1024w, https:\/\/sentrimax.com\/wp-content\/uploads\/2025\/07\/Oil-Gas-1-300x300.png 300w, https:\/\/sentrimax.com\/wp-content\/uploads\/2025\/07\/Oil-Gas-1-150x150.png 150w, https:\/\/sentrimax.com\/wp-content\/uploads\/2025\/07\/Oil-Gas-1-768x768.png 768w, https:\/\/sentrimax.com\/wp-content\/uploads\/2025\/07\/Oil-Gas-1-600x600.png 600w, https:\/\/sentrimax.com\/wp-content\/uploads\/2025\/07\/Oil-Gas-1-100x100.png 100w\" sizes=\"(max-width: 1024px) 100vw, 1024px\" \/><\/p>\n<p data-start=\"496\" data-end=\"868\">Sentrimax offre des performances fiables et \u00e9lev\u00e9es <strong data-start=\"542\" data-end=\"585\">Pi\u00e8ces d\u00e9tach\u00e9es pour centrifugeuses p\u00e9troli\u00e8res et gazi\u00e8res \u00e0 Odessa, Texas<\/strong> Pour soutenir les op\u00e9rations de s\u00e9paration critiques dans le secteur de l&#039;\u00e9nergie, Sentrimax, forte de plusieurs d\u00e9cennies d&#039;exp\u00e9rience dans la maintenance des centrifugeuses industrielles, la fabrication de pi\u00e8ces et le support syst\u00e8me, aide les op\u00e9rateurs p\u00e9troliers et gaziers \u00e0 garantir la disponibilit\u00e9, l&#039;efficacit\u00e9 et la s\u00e9curit\u00e9 de leurs installations dans des environnements d&#039;exploitation exigeants.<\/p>\n<p data-start=\"870\" data-end=\"1254\">Les syst\u00e8mes de centrifugation sont essentiels aux proc\u00e9d\u00e9s p\u00e9troliers et gaziers, notamment pour le contr\u00f4le des solides, la clarification des fluides, le traitement des eaux us\u00e9es et la r\u00e9cup\u00e9ration du p\u00e9trole. En cas d&#039;usure ou de panne de pi\u00e8ces, les op\u00e9rations peuvent \u00eatre ralenties, voire interrompues. Sentrimax fournit des pi\u00e8ces de rechange de pr\u00e9cision, con\u00e7ues pour r\u00e9tablir rapidement et efficacement les performances, tout en respectant des normes de qualit\u00e9 strictes.<\/p>\n<hr data-start=\"1256\" data-end=\"1259\" \/>\n<h2 data-start=\"1261\" data-end=\"1323\"><strong data-start=\"1264\" data-end=\"1323\">Pi\u00e8ces de centrifugeuse sp\u00e9cialis\u00e9es pour applications p\u00e9troli\u00e8res et gazi\u00e8res<\/strong><\/h2>\n<p data-start=\"1325\" data-end=\"1606\">Les centrifugeuses utilis\u00e9es dans l&#039;industrie p\u00e9troli\u00e8re et gazi\u00e8re fonctionnent dans des conditions extr\u00eames\u00a0: vitesses de rotation \u00e9lev\u00e9es, particules abrasives, variations de temp\u00e9rature et cycles de fonctionnement continus. Sentrimax fournit des pi\u00e8ces de centrifugeuse con\u00e7ues pour r\u00e9sister \u00e0 ces contraintes tout en maintenant une efficacit\u00e9 de s\u00e9paration optimale.<\/p>\n<p data-start=\"1608\" data-end=\"1917\">Les pi\u00e8ces d\u00e9tach\u00e9es disponibles pour centrifugeuses comprennent des composants pour centrifugeuses d\u00e9canteuses, centrifugeuses \u00e0 disques empil\u00e9s et autres syst\u00e8mes de s\u00e9paration industriels utilis\u00e9s dans l&#039;industrie p\u00e9troli\u00e8re. Ces pi\u00e8ces sont fabriqu\u00e9es ou approvisionn\u00e9es conform\u00e9ment aux sp\u00e9cifications des \u00e9quipementiers et peuvent \u00e9galement \u00eatre con\u00e7ues sur mesure pour r\u00e9pondre \u00e0 des besoins op\u00e9rationnels sp\u00e9cifiques.<\/p>\n<p data-start=\"1919\" data-end=\"2384\">Les centrifugeuses fonctionnent en appliquant une force centrifuge pour s\u00e9parer des mat\u00e9riaux de densit\u00e9s diff\u00e9rentes. La pr\u00e9cision et l&#039;\u00e9quilibrage des composants sont donc essentiels au bon fonctionnement du syst\u00e8me. Des pi\u00e8ces de mauvaise qualit\u00e9 ou us\u00e9es peuvent entra\u00eener des vibrations, une r\u00e9duction de l&#039;efficacit\u00e9 de s\u00e9paration et une d\u00e9faillance pr\u00e9matur\u00e9e de l&#039;\u00e9quipement. Des pi\u00e8ces de rechange de haute qualit\u00e9 sont indispensables pour un fonctionnement s\u00fbr et constant. Pour en savoir plus sur le fonctionnement des centrifugeuses, consultez\u00a0:<br data-start=\"2333\" data-end=\"2336\" \/><a class=\"decorated-link\" href=\"https:\/\/www.britannica.com\/technology\/centrifuge\" target=\"_new\" rel=\"noopener\" data-start=\"2336\" data-end=\"2384\">https:\/\/www.britannica.com\/technology\/centrifuge<\/a><\/p>\n<hr data-start=\"2386\" data-end=\"2389\" \/>\n<h2 data-start=\"2391\" data-end=\"2433\"><strong data-start=\"2394\" data-end=\"2433\">Pourquoi la qualit\u00e9 des pi\u00e8ces de centrifugeuse est importante<\/strong><\/h2>\n<p data-start=\"2435\" data-end=\"2574\">L&#039;utilisation de pi\u00e8ces de centrifugeuse de haute qualit\u00e9 a un impact direct sur la fiabilit\u00e9 op\u00e9rationnelle et les co\u00fbts \u00e0 long terme. Les pi\u00e8ces Sentrimax aident les op\u00e9rateurs p\u00e9troliers et gaziers \u00e0\u00a0:<\/p>\n<ul data-start=\"2576\" data-end=\"2797\">\n<li data-start=\"2576\" data-end=\"2607\">\n<p data-start=\"2578\" data-end=\"2607\">Minimisez les temps d&#039;arr\u00eat non planifi\u00e9s<\/p>\n<\/li>\n<li data-start=\"2608\" data-end=\"2654\">\n<p data-start=\"2610\" data-end=\"2654\">Maintenir des performances de s\u00e9paration constantes<\/p>\n<\/li>\n<li data-start=\"2655\" data-end=\"2706\">\n<p data-start=\"2657\" data-end=\"2706\">R\u00e9duire les contraintes m\u00e9caniques sur les ensembles rotatifs<\/p>\n<\/li>\n<li data-start=\"2707\" data-end=\"2758\">\n<p data-start=\"2709\" data-end=\"2758\">Prolongez la dur\u00e9e de vie des \u00e9quipements de centrifugation<\/p>\n<\/li>\n<li data-start=\"2759\" data-end=\"2797\">\n<p data-start=\"2761\" data-end=\"2797\">Am\u00e9liorer l&#039;efficacit\u00e9 globale des processus<\/p>\n<\/li>\n<\/ul>\n<p data-start=\"2799\" data-end=\"3100\">Les syst\u00e8mes de centrifugation reposent sur des composants usin\u00e9s avec pr\u00e9cision et fonctionnant de concert sous des contraintes extr\u00eames. Roulements, joints d&#039;\u00e9tanch\u00e9it\u00e9, r\u00e9ducteurs et ensembles rotatifs doivent respecter des tol\u00e9rances strictes afin d&#039;\u00e9viter tout d\u00e9s\u00e9quilibre ou dommage. Sentrimax applique un contr\u00f4le qualit\u00e9 rigoureux pour garantir la fiabilit\u00e9 \u00e0 long terme de chaque pi\u00e8ce.<\/p>\n<hr data-start=\"3102\" data-end=\"3105\" \/>\n<h2 data-start=\"3107\" data-end=\"3154\"><strong data-start=\"3110\" data-end=\"3154\">Capacit\u00e9s et inventaire des pi\u00e8ces de Sentrimax<\/strong><\/h2>\n<p data-start=\"3156\" data-end=\"3289\">Sentrimax propose une gamme compl\u00e8te de pi\u00e8ces d\u00e9tach\u00e9es pour centrifugeuses et de services associ\u00e9s pour l&#039;industrie p\u00e9troli\u00e8re et gazi\u00e8re. Ses capacit\u00e9s comprennent\u00a0:<\/p>\n<ul data-start=\"3291\" data-end=\"3575\">\n<li data-start=\"3291\" data-end=\"3330\">\n<p data-start=\"3293\" data-end=\"3330\">pi\u00e8ces de rechange conformes aux sp\u00e9cifications du fabricant d&#039;origine<\/p>\n<\/li>\n<li data-start=\"3331\" data-end=\"3376\">\n<p data-start=\"3333\" data-end=\"3376\">Composants usin\u00e9s et fabriqu\u00e9s sur mesure<\/p>\n<\/li>\n<li data-start=\"3377\" data-end=\"3431\">\n<p data-start=\"3379\" data-end=\"3431\">Composants des roulements, des joints d&#039;\u00e9tanch\u00e9it\u00e9 et du syst\u00e8me de lubrification<\/p>\n<\/li>\n<li data-start=\"3432\" data-end=\"3478\">\n<p data-start=\"3434\" data-end=\"3478\">Ensembles d&#039;entra\u00eenement, bo\u00eetes de vitesses et accouplements<\/p>\n<\/li>\n<li data-start=\"3479\" data-end=\"3523\">\n<p data-start=\"3481\" data-end=\"3523\">composants des syst\u00e8mes \u00e9lectriques et de contr\u00f4le<\/p>\n<\/li>\n<li data-start=\"3524\" data-end=\"3575\">\n<p data-start=\"3526\" data-end=\"3575\">Ensembles et sous-ensembles rotatifs complets<\/p>\n<\/li>\n<\/ul>\n<p data-start=\"3577\" data-end=\"3830\">Chaque composant est \u00e9valu\u00e9 en termes de compatibilit\u00e9, de performances et de contraintes op\u00e9rationnelles avant sa livraison ou son installation. Pour les applications complexes, les ing\u00e9nieurs de Sentrimax collaborent directement avec les clients afin d&#039;identifier des conceptions am\u00e9lior\u00e9es ou des mat\u00e9riaux plus performants.<\/p>\n<p data-start=\"3832\" data-end=\"3925\">Pour en savoir plus sur les services et pi\u00e8ces d\u00e9tach\u00e9es disponibles pour les centrifugeuses, consultez le site web.<br data-start=\"3891\" data-end=\"3894\" \/><a class=\"decorated-link\" href=\"https:\/\/sentrimax.com\/fr\/services\/?utm_source=chatgpt.com\" target=\"_new\" rel=\"noopener\" data-start=\"3894\" data-end=\"3925\">https:\/\/sentrimax.com\/services\/<\/a><\/p>\n<hr data-start=\"3927\" data-end=\"3930\" \/>\n<h2 data-start=\"3932\" data-end=\"3982\"><strong data-start=\"3935\" data-end=\"3982\">Assistance qualit\u00e9 et ing\u00e9nierie certifi\u00e9e ISO<\/strong><\/h2>\n<p data-start=\"3984\" data-end=\"4261\">Sentrimax op\u00e8re selon un syst\u00e8me de gestion de la qualit\u00e9 certifi\u00e9 ISO 9001:2015, garantissant la constance, la tra\u00e7abilit\u00e9 et la reproductibilit\u00e9 des r\u00e9sultats pour l&#039;ensemble de ses pi\u00e8ces et services. Cette certification t\u00e9moigne d&#039;un engagement envers la pr\u00e9cision de la fabrication, le contr\u00f4le qualit\u00e9 et l&#039;am\u00e9lioration continue.<\/p>\n<p data-start=\"4263\" data-end=\"4467\">L&#039;assistance technique ne se limite pas \u00e0 la fourniture de pi\u00e8ces d\u00e9tach\u00e9es. Sentrimax propose des services de diagnostic, d&#039;analyse des causes profondes et d&#039;am\u00e9lioration de la conception, contribuant ainsi \u00e0 r\u00e9duire les pannes futures et \u00e0 am\u00e9liorer la fiabilit\u00e9 des centrifugeuses au fil du temps.<\/p>\n<p data-start=\"4469\" data-end=\"4538\">Explorez le proc\u00e9d\u00e9 Sentrimax sur<br data-start=\"4501\" data-end=\"4504\" \/><a class=\"decorated-link\" href=\"https:\/\/sentrimax.com\/fr\/our-process\/?utm_source=chatgpt.com\" target=\"_new\" rel=\"noopener\" data-start=\"4504\" data-end=\"4538\">https:\/\/sentrimax.com\/our-process\/<\/a><\/p>\n<hr data-start=\"4540\" data-end=\"4543\" \/>\n<h2 data-start=\"4545\" data-end=\"4596\"><strong data-start=\"4548\" data-end=\"4596\">Soutien aux op\u00e9rations p\u00e9troli\u00e8res et gazi\u00e8res \u00e0 Odessa, au Texas<\/strong><\/h2>\n<p data-start=\"4598\" data-end=\"4876\">Odessa, au Texas, est situ\u00e9e au c\u0153ur de l&#039;une des r\u00e9gions p\u00e9troli\u00e8res et gazi\u00e8res les plus dynamiques des \u00c9tats-Unis. Sentrimax fournit aux op\u00e9rateurs d&#039;Odessa et des environs des pi\u00e8ces de centrifugeuses con\u00e7ues pour les conditions environnementales des champs p\u00e9trolif\u00e8res, notamment pour les fluides de forage, les eaux de production et la s\u00e9paration des solides.<\/p>\n<p data-start=\"4878\" data-end=\"5186\">Forte de son exp\u00e9rience aupr\u00e8s des installations \u00e9nerg\u00e9tiques en Am\u00e9rique du Nord, Sentrimax comprend l&#039;urgence de la disponibilit\u00e9 des pi\u00e8ces et l&#039;importance d&#039;une intervention rapide. Qu&#039;il s&#039;agisse de remplacer des composants us\u00e9s ou de planifier un cycle de maintenance, les exploitants peuvent compter sur Sentrimax pour des pi\u00e8ces fiables et un accompagnement d&#039;experts.<\/p>\n<p data-start=\"5188\" data-end=\"5249\">Consultez les secteurs d&#039;activit\u00e9 desservis \u00e0<br data-start=\"5213\" data-end=\"5216\" \/><a class=\"decorated-link\" href=\"https:\/\/sentrimax.com\/fr\/industries\/?utm_source=chatgpt.com\" target=\"_new\" rel=\"noopener\" data-start=\"5216\" data-end=\"5249\">https:\/\/sentrimax.com\/industries\/<\/a><\/p>\n<hr data-start=\"5251\" data-end=\"5254\" \/>\n<h2 data-start=\"5256\" data-end=\"5304\"><strong data-start=\"5259\" data-end=\"5304\">Maintenance, r\u00e9vision et assistance tout au long du cycle de vie<\/strong><\/h2>\n<p data-start=\"5306\" data-end=\"5544\">En plus des pi\u00e8ces d\u00e9tach\u00e9es pour centrifugeuses, Sentrimax propose des services d&#039;assistance complets tout au long du cycle de vie afin d&#039;optimiser la disponibilit\u00e9 des \u00e9quipements. Ces services comprennent la planification de la maintenance pr\u00e9ventive, la r\u00e9vision compl\u00e8te des centrifugeuses, la location d&#039;\u00e9quipements et l&#039;assistance sur site.<\/p>\n<p data-start=\"5546\" data-end=\"5877\">La maintenance proactive et le remplacement opportun des pi\u00e8ces contribuent \u00e0 pr\u00e9venir les pannes inattendues et \u00e0 prolonger la dur\u00e9e de vie des \u00e9quipements. Sentrimax travaille en \u00e9troite collaboration avec les exploitants p\u00e9troliers et gaziers afin d&#039;\u00e9laborer des strat\u00e9gies rentables, align\u00e9es sur les calendriers de production et les objectifs op\u00e9rationnels. Pour en savoir plus sur le secteur, consultez [lien manquant].<br data-start=\"5851\" data-end=\"5854\" \/><a class=\"decorated-link\" href=\"https:\/\/www.energy.gov\/\" target=\"_new\" rel=\"noopener\" data-start=\"5854\" data-end=\"5877\">https:\/\/www.energy.gov\/<\/a><\/p>\n<hr data-start=\"5879\" data-end=\"5882\" \/>\n<h2 data-start=\"5884\" data-end=\"5929\"><strong data-start=\"5887\" data-end=\"5929\">Un partenaire de confiance pour les pi\u00e8ces de centrifugeuses<\/strong><\/h2>\n<p data-start=\"5931\" data-end=\"6177\">Sentrimax allie expertise technique, syst\u00e8mes de qualit\u00e9 certifi\u00e9s ISO et connaissance approfondie du secteur pour fournir des pi\u00e8ces fiables pour centrifugeuses p\u00e9troli\u00e8res et gazi\u00e8res \u00e0 Odessa, au Texas. Chaque pi\u00e8ce fournie contribue \u00e0 la performance, \u00e0 la s\u00e9curit\u00e9 et au succ\u00e8s op\u00e9rationnel \u00e0 long terme.<\/p>\n<hr data-start=\"6179\" data-end=\"6182\" \/>\n<h2 data-start=\"6184\" data-end=\"6231\"><strong data-start=\"6187\" data-end=\"6231\">Demandez des pi\u00e8ces ou une assistance technique d\u00e8s aujourd&#039;hui<\/strong><\/h2>\n<p data-start=\"6233\" data-end=\"6441\">Lorsque la fiabilit\u00e9 de votre centrifugeuse est essentielle \u00e0 la r\u00e9ussite de vos op\u00e9rations, Sentrimax est l\u00e0 pour vous accompagner. Contactez un membre exp\u00e9riment\u00e9 de notre \u00e9quipe pour discuter de vos besoins en pi\u00e8ces d\u00e9tach\u00e9es, de vos d\u00e9lais et de vos exigences techniques.<\/p>\n<p data-start=\"6443\" data-end=\"6497\"><strong data-start=\"6443\" data-end=\"6497\"><a class=\"decorated-link\" href=\"https:\/\/sentrimax.com\/fr\/contact\/\" target=\"_new\" rel=\"noopener\" data-start=\"6445\" data-end=\"6495\">Demandez un devis !<\/a><\/strong><\/p>","protected":false},"excerpt":{"rendered":"<p>Sentrimax provides reliable, high-performance oil &amp; gas centrifuge parts in Odessa TX to support critical separation operations across the energy sector. With decades of experience in industrial centrifuge service, parts fabrication, and system support, Sentrimax helps oil and gas operators maintain uptime, efficiency, and safety in demanding operating environments. Centrifuge systems are essential to oil [&hellip;]<\/p>\n","protected":false},"author":3,"featured_media":0,"parent":0,"menu_order":0,"comment_status":"closed","ping_status":"closed","template":"seo-page-template.php","meta":{"_acf_changed":false,"inline_featured_image":false,"footnotes":""},"class_list":["post-2335","page","type-page","status-publish","hentry"],"acf":[],"_links":{"self":[{"href":"https:\/\/sentrimax.com\/fr\/wp-json\/wp\/v2\/pages\/2335","targetHints":{"allow":["GET"]}}],"collection":[{"href":"https:\/\/sentrimax.com\/fr\/wp-json\/wp\/v2\/pages"}],"about":[{"href":"https:\/\/sentrimax.com\/fr\/wp-json\/wp\/v2\/types\/page"}],"author":[{"embeddable":true,"href":"https:\/\/sentrimax.com\/fr\/wp-json\/wp\/v2\/users\/3"}],"replies":[{"embeddable":true,"href":"https:\/\/sentrimax.com\/fr\/wp-json\/wp\/v2\/comments?post=2335"}],"version-history":[{"count":1,"href":"https:\/\/sentrimax.com\/fr\/wp-json\/wp\/v2\/pages\/2335\/revisions"}],"predecessor-version":[{"id":2492,"href":"https:\/\/sentrimax.com\/fr\/wp-json\/wp\/v2\/pages\/2335\/revisions\/2492"}],"wp:attachment":[{"href":"https:\/\/sentrimax.com\/fr\/wp-json\/wp\/v2\/media?parent=2335"}],"curies":[{"name":"wp","href":"https:\/\/api.w.org\/{rel}","templated":true}]}}