{"id":2336,"date":"2026-01-07T17:57:31","date_gmt":"2026-01-07T17:57:31","guid":{"rendered":"https:\/\/sentrimax.com\/?page_id=2336"},"modified":"2026-04-21T21:13:37","modified_gmt":"2026-04-21T21:13:37","slug":"drilling-centrifuge-repair-in-fort-mcmurray-ab","status":"publish","type":"page","link":"https:\/\/sentrimax.com\/fr\/drilling-centrifuge-repair-in-fort-mcmurray-ab\/","title":{"rendered":"R\u00e9paration de centrifugeuses de forage \u00e0 Fort McMurray, Alberta"},"content":{"rendered":"<p data-start=\"468\" data-end=\"907\"><img fetchpriority=\"high\" decoding=\"async\" class=\"aligncenter size-full wp-image-1190\" src=\"https:\/\/sentrimax.com\/wp-content\/uploads\/2025\/06\/image-1.jpg\" alt=\"\" width=\"1440\" height=\"694\" srcset=\"https:\/\/sentrimax.com\/wp-content\/uploads\/2025\/06\/image-1.jpg 1440w, https:\/\/sentrimax.com\/wp-content\/uploads\/2025\/06\/image-1-600x289.jpg 600w, https:\/\/sentrimax.com\/wp-content\/uploads\/2025\/06\/image-1-300x145.jpg 300w, https:\/\/sentrimax.com\/wp-content\/uploads\/2025\/06\/image-1-1024x494.jpg 1024w, https:\/\/sentrimax.com\/wp-content\/uploads\/2025\/06\/image-1-768x370.jpg 768w\" sizes=\"(max-width: 1440px) 100vw, 1440px\" \/><\/p>\n<p data-start=\"468\" data-end=\"907\">Sentrimax fournit des services professionnels <strong data-start=\"500\" data-end=\"550\">R\u00e9paration de centrifugeuses de forage \u00e0 Fort McMurray, Alberta<\/strong>, Sentrimax soutient les op\u00e9rations p\u00e9troli\u00e8res et de forage qui d\u00e9pendent de syst\u00e8mes fiables de contr\u00f4le des solides et de s\u00e9paration des fluides. Forte de plusieurs d\u00e9cennies d&#039;exp\u00e9rience dans la maintenance de centrifugeuses industrielles en Am\u00e9rique du Nord, Sentrimax propose des solutions de r\u00e9paration r\u00e9actives con\u00e7ues pour r\u00e9tablir les performances, minimiser les temps d&#039;arr\u00eat et prolonger la dur\u00e9e de vie des \u00e9quipements dans les environnements de forage les plus exigeants.<\/p>\n<p data-start=\"909\" data-end=\"1338\">Les centrifugeuses de forage jouent un r\u00f4le crucial dans les op\u00e9rations p\u00e9troli\u00e8res et gazi\u00e8res en \u00e9liminant les fines particules solides des fluides de forage, r\u00e9duisant ainsi le volume des d\u00e9chets et am\u00e9liorant l&#039;efficacit\u00e9 globale du forage. En cas de panne m\u00e9canique, de vibrations ou de perte de performance, les op\u00e9rations de forage peuvent \u00eatre consid\u00e9rablement ralenties, voire interrompues. Sentrimax propose des services de r\u00e9paration fiables pour garantir le respect des d\u00e9lais et des budgets de vos projets de forage.<\/p>\n<hr data-start=\"1340\" data-end=\"1343\" \/>\n<h2 data-start=\"1345\" data-end=\"1404\"><strong data-start=\"1348\" data-end=\"1404\">Services de r\u00e9paration sp\u00e9cialis\u00e9s pour centrifugeuses de forage<\/strong><\/h2>\n<p data-start=\"1406\" data-end=\"1822\">Les centrifugeuses de forage fonctionnent dans des conditions extr\u00eames\u00a0: fonctionnement continu, pr\u00e9sence de particules abrasives, variations de temp\u00e9rature et vitesses de rotation \u00e9lev\u00e9es. Ces conditions soumettent les composants internes, tels que les roulements, les r\u00e9ducteurs, les joints d&#039;\u00e9tanch\u00e9it\u00e9 et les ensembles rotatifs, \u00e0 des contraintes importantes. Sentrimax est sp\u00e9cialis\u00e9e dans le diagnostic et la r\u00e9paration des probl\u00e8mes de centrifugeuses li\u00e9s \u00e0 l&#039;usure, au d\u00e9s\u00e9quilibre, au d\u00e9faut d&#039;alignement et \u00e0 la fatigue m\u00e9canique.<\/p>\n<p data-start=\"1824\" data-end=\"2110\">Nos services de r\u00e9paration de centrifugeuses de forage comprennent l&#039;inspection m\u00e9canique, le d\u00e9montage, le remplacement des composants, le remontage et les tests de performance. Chaque r\u00e9paration est effectu\u00e9e avec pr\u00e9cision et minutie afin de garantir une remise en service s\u00fbre et efficace de la centrifugeuse.<\/p>\n<p data-start=\"2112\" data-end=\"2424\">Les centrifugeuses utilisent la force centrifuge pour s\u00e9parer les solides des fluides de forage\u00a0; l\u2019\u00e9quilibre et l\u2019int\u00e9grit\u00e9 des composants sont donc essentiels. M\u00eame des probl\u00e8mes m\u00e9caniques mineurs peuvent entra\u00eener des vibrations, une baisse de l\u2019efficacit\u00e9 de s\u00e9paration, voire une panne catastrophique. Une r\u00e9paration ad\u00e9quate permet de r\u00e9tablir la stabilit\u00e9 m\u00e9canique et les performances du processus.<\/p>\n<hr data-start=\"2426\" data-end=\"2429\" \/>\n<h2 data-start=\"2431\" data-end=\"2481\"><strong data-start=\"2434\" data-end=\"2481\">Probl\u00e8mes courants li\u00e9s aux centrifugeuses de forage abord\u00e9s<\/strong><\/h2>\n<p data-start=\"2483\" data-end=\"2634\">Les techniciens de r\u00e9paration de Sentrimax sont exp\u00e9riment\u00e9s dans la r\u00e9solution d&#039;un large \u00e9ventail de probl\u00e8mes de centrifugeuses fr\u00e9quemment rencontr\u00e9s dans les applications de forage, notamment\u00a0:<\/p>\n<ul data-start=\"2636\" data-end=\"2868\">\n<li data-start=\"2636\" data-end=\"2668\">\n<p data-start=\"2638\" data-end=\"2668\">Vibrations ou bruits excessifs<\/p>\n<\/li>\n<li data-start=\"2669\" data-end=\"2709\">\n<p data-start=\"2671\" data-end=\"2709\">Efficacit\u00e9 de s\u00e9paration des solides r\u00e9duite<\/p>\n<\/li>\n<li data-start=\"2710\" data-end=\"2741\">\n<p data-start=\"2712\" data-end=\"2741\">d\u00e9faillances de roulements ou de bo\u00eetes de vitesses<\/p>\n<\/li>\n<li data-start=\"2742\" data-end=\"2779\">\n<p data-start=\"2744\" data-end=\"2779\">Fuites d&#039;\u00e9tanch\u00e9it\u00e9 et probl\u00e8mes de lubrification<\/p>\n<\/li>\n<li data-start=\"2780\" data-end=\"2814\">\n<p data-start=\"2782\" data-end=\"2814\">Probl\u00e8mes de syst\u00e8me d&#039;entra\u00eenement ou de moteur<\/p>\n<\/li>\n<li data-start=\"2815\" data-end=\"2868\">\n<p data-start=\"2817\" data-end=\"2868\">Usure structurelle ou fatigue des ensembles rotatifs<\/p>\n<\/li>\n<\/ul>\n<p data-start=\"2870\" data-end=\"3093\">Gr\u00e2ce \u00e0 des inspections d\u00e9taill\u00e9es et \u00e0 une analyse des causes profondes, Sentrimax identifie les probl\u00e8mes sous-jacents plut\u00f4t que de se contenter de traiter les sympt\u00f4mes apparents. Cette approche contribue \u00e0 pr\u00e9venir les pannes r\u00e9currentes et \u00e0 am\u00e9liorer la fiabilit\u00e9 \u00e0 long terme.<\/p>\n<hr data-start=\"3095\" data-end=\"3098\" \/>\n<h2 data-start=\"3100\" data-end=\"3149\"><strong data-start=\"3103\" data-end=\"3149\">Pourquoi la r\u00e9paration professionnelle des centrifugeuses est importante<\/strong><\/h2>\n<p data-start=\"3151\" data-end=\"3310\">Un entretien rapide et professionnel des centrifugeuses de forage a un impact direct sur l&#039;efficacit\u00e9, la s\u00e9curit\u00e9 et les co\u00fbts d&#039;exploitation. Les services de r\u00e9paration Sentrimax aident les op\u00e9rateurs\u00a0:<\/p>\n<ul data-start=\"3312\" data-end=\"3532\">\n<li data-start=\"3312\" data-end=\"3363\">\n<p data-start=\"3314\" data-end=\"3363\">R\u00e9duire les temps d&#039;arr\u00eat impr\u00e9vus et les retards de production<\/p>\n<\/li>\n<li data-start=\"3364\" data-end=\"3410\">\n<p data-start=\"3366\" data-end=\"3410\">Maintenir une qualit\u00e9 constante du fluide de forage<\/p>\n<\/li>\n<li data-start=\"3411\" data-end=\"3445\">\n<p data-start=\"3413\" data-end=\"3445\">Prolongez la dur\u00e9e de vie de la centrifugeuse<\/p>\n<\/li>\n<li data-start=\"3446\" data-end=\"3485\">\n<p data-start=\"3448\" data-end=\"3485\">\u00c9vitez les remplacements d&#039;urgence co\u00fbteux<\/p>\n<\/li>\n<li data-start=\"3486\" data-end=\"3532\">\n<p data-start=\"3488\" data-end=\"3532\">Am\u00e9liorer les performances globales du contr\u00f4le des solides<\/p>\n<\/li>\n<\/ul>\n<p data-start=\"3534\" data-end=\"3770\">Les solutions provisoires ou le report des r\u00e9parations entra\u00eenent souvent des dommages suppl\u00e9mentaires et une augmentation des co\u00fbts. Sentrimax applique des m\u00e9thodes de r\u00e9paration \u00e9prouv\u00e9es et des processus de contr\u00f4le qualit\u00e9 rigoureux afin de garantir que chaque r\u00e9paration de centrifugeuse r\u00e9ponde aux exigences op\u00e9rationnelles.<\/p>\n<hr data-start=\"3772\" data-end=\"3775\" \/>\n<h2 data-start=\"3777\" data-end=\"3813\"><strong data-start=\"3780\" data-end=\"3813\">Capacit\u00e9s de r\u00e9paration Sentrimax<\/strong><\/h2>\n<p data-start=\"3815\" data-end=\"3971\">Sentrimax propose des services complets de r\u00e9paration de centrifugeuses de forage, s&#039;appuyant sur une expertise en ing\u00e9nierie et des syst\u00e8mes de qualit\u00e9 certifi\u00e9s. Ses capacit\u00e9s comprennent\u00a0:<\/p>\n<ul data-start=\"3973\" data-end=\"4242\">\n<li data-start=\"3973\" data-end=\"4020\">\n<p data-start=\"3975\" data-end=\"4020\">D\u00e9montage et inspection complets de la centrifugeuse<\/p>\n<\/li>\n<li data-start=\"4021\" data-end=\"4075\">\n<p data-start=\"4023\" data-end=\"4075\">R\u00e9paration ou remplacement de pr\u00e9cision des composants us\u00e9s<\/p>\n<\/li>\n<li data-start=\"4076\" data-end=\"4114\">\n<p data-start=\"4078\" data-end=\"4114\">Entretien des roulements, des joints et des bo\u00eetes de vitesses<\/p>\n<\/li>\n<li data-start=\"4115\" data-end=\"4153\">\n<p data-start=\"4117\" data-end=\"4153\">Diagnostic du syst\u00e8me d&#039;entra\u00eenement et du moteur<\/p>\n<\/li>\n<li data-start=\"4154\" data-end=\"4192\">\n<p data-start=\"4156\" data-end=\"4192\">R\u00e9\u00e9quilibrage des ensembles rotatifs<\/p>\n<\/li>\n<li data-start=\"4193\" data-end=\"4242\">\n<p data-start=\"4195\" data-end=\"4242\">Tests fonctionnels avant la remise en service<\/p>\n<\/li>\n<\/ul>\n<p data-start=\"4244\" data-end=\"4431\">Les r\u00e9parations sont effectu\u00e9es avec des composants conformes aux sp\u00e9cifications du fabricant d&#039;origine ou \u00e9quivalents afin de garantir un ajustement et un fonctionnement optimaux. Pour les pi\u00e8ces obsol\u00e8tes ou difficiles \u00e0 trouver, Sentrimax propose des solutions de fabrication sur mesure.<\/p>\n<p data-start=\"4433\" data-end=\"4529\">Apprenez-en davantage sur les capacit\u00e9s de r\u00e9paration et d&#039;entretien des centrifugeuses sur<br data-start=\"4495\" data-end=\"4498\" \/><a class=\"decorated-link\" href=\"https:\/\/sentrimax.com\/fr\/services\/?utm_source=chatgpt.com\" target=\"_new\" rel=\"noopener\" data-start=\"4498\" data-end=\"4529\">https:\/\/sentrimax.com\/services\/<\/a><\/p>\n<hr data-start=\"4531\" data-end=\"4534\" \/>\n<h2 data-start=\"4536\" data-end=\"4586\"><strong data-start=\"4539\" data-end=\"4586\">Expertise technique et qualit\u00e9 certifi\u00e9e ISO<\/strong><\/h2>\n<p data-start=\"4588\" data-end=\"4864\">Sentrimax op\u00e8re selon un syst\u00e8me de gestion de la qualit\u00e9 certifi\u00e9 ISO 9001:2015, garantissant une qualit\u00e9 de travail constante, une tra\u00e7abilit\u00e9 compl\u00e8te et des processus de r\u00e9paration document\u00e9s. Chaque r\u00e9paration de centrifugeuse de forage fait l&#039;objet de proc\u00e9dures de qualit\u00e9 rigoureuses, de l&#039;\u00e9valuation initiale \u00e0 l&#039;inspection finale.<\/p>\n<p data-start=\"4866\" data-end=\"5126\">L&#039;assistance technique est int\u00e9gr\u00e9e au processus de r\u00e9paration, permettant \u00e0 Sentrimax de recommander des am\u00e9liorations de conception, des mises \u00e0 niveau des mat\u00e9riaux ou des ajustements de maintenance afin de r\u00e9duire les pannes futures. Cette approche proactive apporte une valeur ajout\u00e9e \u00e0 long terme, au-del\u00e0 de la r\u00e9paration imm\u00e9diate.<\/p>\n<p data-start=\"5128\" data-end=\"5213\">Pour en savoir plus sur le processus de r\u00e9paration Sentrimax, consultez<br data-start=\"5176\" data-end=\"5179\" \/><a class=\"decorated-link\" href=\"https:\/\/sentrimax.com\/fr\/our-process\/?utm_source=chatgpt.com\" target=\"_new\" rel=\"noopener\" data-start=\"5179\" data-end=\"5213\">https:\/\/sentrimax.com\/our-process\/<\/a><\/p>\n<hr data-start=\"5215\" data-end=\"5218\" \/>\n<h2 data-start=\"5220\" data-end=\"5274\"><strong data-start=\"5223\" data-end=\"5274\">Soutien aux op\u00e9rations de forage de Fort McMurray (Alberta)<\/strong><\/h2>\n<p data-start=\"5276\" data-end=\"5549\">Fort McMurray (Alberta) est un centre n\u00e9vralgique pour l&#039;exploitation des sables bitumineux et les activit\u00e9s de forage, o\u00f9 la fiabilit\u00e9 des \u00e9quipements est essentielle au maintien de la productivit\u00e9. Sentrimax soutient les op\u00e9rations de forage dans toute la r\u00e9gion gr\u00e2ce \u00e0 des services de r\u00e9paration de centrifugeuses r\u00e9actifs et adapt\u00e9s aux conditions des champs p\u00e9trolif\u00e8res.<\/p>\n<p data-start=\"5551\" data-end=\"5873\">Forte de son exp\u00e9rience aupr\u00e8s des entreprises de forage, des producteurs d&#039;\u00e9nergie et des soci\u00e9t\u00e9s de services au Canada et aux \u00c9tats-Unis, Sentrimax comprend l&#039;urgence de la r\u00e9paration des centrifugeuses dans les environnements isol\u00e9s et \u00e0 forte demande. Une \u00e9valuation rapide, une communication claire et des d\u00e9lais d&#039;ex\u00e9cution fiables permettent aux op\u00e9rateurs de maintenir leur activit\u00e9.<\/p>\n<p data-start=\"5875\" data-end=\"6017\">Les secteurs d&#039;activit\u00e9 soutenus comprennent le forage, le traitement du p\u00e9trole et du gaz, la production d&#039;\u00e9nergie et la gestion des eaux us\u00e9es.<br data-start=\"5981\" data-end=\"5984\" \/><a class=\"decorated-link\" href=\"https:\/\/sentrimax.com\/fr\/industries\/?utm_source=chatgpt.com\" target=\"_new\" rel=\"noopener\" data-start=\"5984\" data-end=\"6017\">https:\/\/sentrimax.com\/industries\/<\/a><\/p>\n<hr data-start=\"6019\" data-end=\"6022\" \/>\n<h2 data-start=\"6024\" data-end=\"6073\"><strong data-start=\"6027\" data-end=\"6073\">Maintenance pr\u00e9ventive et assistance \u00e0 long terme<\/strong><\/h2>\n<p data-start=\"6075\" data-end=\"6356\">Outre la r\u00e9paration des centrifugeuses de forage, Sentrimax propose des services de maintenance pr\u00e9ventive et d&#039;assistance tout au long du cycle de vie, con\u00e7us pour r\u00e9duire les pannes impr\u00e9vues. Des inspections r\u00e9guli\u00e8res, une surveillance des vibrations et une planification du remplacement des composants permettent aux op\u00e9rations de forage d&#039;\u00e9viter des arr\u00eats de production co\u00fbteux.<\/p>\n<p data-start=\"6358\" data-end=\"6631\">Sentrimax propose \u00e9galement des r\u00e9visions compl\u00e8tes de centrifugeuses, la location d&#039;\u00e9quipements et des services de conseil technique pour les op\u00e9rations n\u00e9cessitant une capacit\u00e9 temporaire ou une r\u00e9novation majeure. Ces services permettent aux op\u00e9rateurs de planifier la maintenance de mani\u00e8re strat\u00e9gique tout en assurant la continuit\u00e9 de leurs activit\u00e9s.<\/p>\n<p data-start=\"6633\" data-end=\"6754\">Des informations suppl\u00e9mentaires sur le secteur de l&#039;\u00e9nergie, notamment sur la fiabilit\u00e9 des infrastructures et des \u00e9quipements, sont disponibles \u00e0 l&#039;adresse suivante\u00a0:<br data-start=\"6728\" data-end=\"6731\" \/><a class=\"decorated-link\" href=\"https:\/\/www.energy.gov\/\" target=\"_new\" rel=\"noopener\" data-start=\"6731\" data-end=\"6754\">https:\/\/www.energy.gov\/<\/a><\/p>\n<hr data-start=\"6756\" data-end=\"6759\" \/>\n<h2 data-start=\"6761\" data-end=\"6816\"><strong data-start=\"6764\" data-end=\"6816\">Un partenaire de confiance pour la r\u00e9paration des centrifugeuses de forage<\/strong><\/h2>\n<p data-start=\"6818\" data-end=\"7140\">Sentrimax allie expertise technique, processus certifi\u00e9s ISO et connaissance approfondie du secteur pour fournir des solutions fiables. <strong data-start=\"6931\" data-end=\"6981\">R\u00e9paration de centrifugeuses de forage \u00e0 Fort McMurray, Alberta<\/strong>. Chaque r\u00e9paration est effectu\u00e9e en mettant l&#039;accent sur la s\u00e9curit\u00e9, la performance et la durabilit\u00e9, garantissant ainsi que les centrifugeuses soient remises en service pr\u00eates \u00e0 affronter des conditions de forage exigeantes.<\/p>\n<hr data-start=\"7142\" data-end=\"7145\" \/>\n<h2 data-start=\"7147\" data-end=\"7202\"><strong data-start=\"7150\" data-end=\"7202\">Demandez d\u00e8s aujourd&#039;hui une assistance pour la r\u00e9paration de votre centrifugeuse de forage.<\/strong><\/h2>\n<p data-start=\"7204\" data-end=\"7419\">Lorsque les op\u00e9rations de forage d\u00e9pendent d&#039;un contr\u00f4le fiable des solides et des performances optimales de la centrifugeuse, Sentrimax est l\u00e0 pour vous aider. Contactez un technicien exp\u00e9riment\u00e9 pour discuter de vos besoins en r\u00e9paration, des d\u00e9lais et des exigences techniques.<\/p>\n<p data-start=\"7421\" data-end=\"7475\" data-is-last-node=\"\" data-is-only-node=\"\"><strong data-start=\"7421\" data-end=\"7475\" data-is-last-node=\"\"><a class=\"decorated-link\" href=\"https:\/\/sentrimax.com\/fr\/contact\/\" target=\"_new\" rel=\"noopener\" data-start=\"7423\" data-end=\"7473\">Demandez un devis !<\/a><\/strong><\/p>","protected":false},"excerpt":{"rendered":"<p>Sentrimax provides professional drilling centrifuge repair in Fort McMurray AB, supporting oilfield and drilling operations that depend on reliable solids control and fluid separation systems. With decades of experience servicing industrial centrifuges across North America, Sentrimax delivers responsive repair solutions designed to restore performance, minimize downtime, and extend equipment life in demanding drilling environments. Drilling [&hellip;]<\/p>\n","protected":false},"author":3,"featured_media":0,"parent":0,"menu_order":0,"comment_status":"closed","ping_status":"closed","template":"seo-page-template.php","meta":{"_acf_changed":false,"inline_featured_image":false,"footnotes":""},"class_list":["post-2336","page","type-page","status-publish","hentry"],"acf":[],"_links":{"self":[{"href":"https:\/\/sentrimax.com\/fr\/wp-json\/wp\/v2\/pages\/2336","targetHints":{"allow":["GET"]}}],"collection":[{"href":"https:\/\/sentrimax.com\/fr\/wp-json\/wp\/v2\/pages"}],"about":[{"href":"https:\/\/sentrimax.com\/fr\/wp-json\/wp\/v2\/types\/page"}],"author":[{"embeddable":true,"href":"https:\/\/sentrimax.com\/fr\/wp-json\/wp\/v2\/users\/3"}],"replies":[{"embeddable":true,"href":"https:\/\/sentrimax.com\/fr\/wp-json\/wp\/v2\/comments?post=2336"}],"version-history":[{"count":1,"href":"https:\/\/sentrimax.com\/fr\/wp-json\/wp\/v2\/pages\/2336\/revisions"}],"predecessor-version":[{"id":2491,"href":"https:\/\/sentrimax.com\/fr\/wp-json\/wp\/v2\/pages\/2336\/revisions\/2491"}],"wp:attachment":[{"href":"https:\/\/sentrimax.com\/fr\/wp-json\/wp\/v2\/media?parent=2336"}],"curies":[{"name":"wp","href":"https:\/\/api.w.org\/{rel}","templated":true}]}}