{"id":2337,"date":"2026-01-07T17:59:03","date_gmt":"2026-01-07T17:59:03","guid":{"rendered":"https:\/\/sentrimax.com\/?page_id=2337"},"modified":"2026-04-21T21:13:37","modified_gmt":"2026-04-21T21:13:37","slug":"solids-control-centrifuge-service-in-pittsburgh-pa","status":"publish","type":"page","link":"https:\/\/sentrimax.com\/fr\/solids-control-centrifuge-service-in-pittsburgh-pa\/","title":{"rendered":"Service de centrifugeuses \u00e0 contr\u00f4le des solides \u00e0 Pittsburgh, Pennsylvanie"},"content":{"rendered":"<p data-start=\"511\" data-end=\"927\"><img fetchpriority=\"high\" decoding=\"async\" class=\"aligncenter size-full wp-image-1032\" src=\"https:\/\/sentrimax.com\/wp-content\/uploads\/2025\/05\/image-12.png\" alt=\"\" width=\"1440\" height=\"504\" srcset=\"https:\/\/sentrimax.com\/wp-content\/uploads\/2025\/05\/image-12.png 1440w, https:\/\/sentrimax.com\/wp-content\/uploads\/2025\/05\/image-12-600x210.png 600w, https:\/\/sentrimax.com\/wp-content\/uploads\/2025\/05\/image-12-300x105.png 300w, https:\/\/sentrimax.com\/wp-content\/uploads\/2025\/05\/image-12-1024x358.png 1024w, https:\/\/sentrimax.com\/wp-content\/uploads\/2025\/05\/image-12-768x269.png 768w\" sizes=\"(max-width: 1440px) 100vw, 1440px\" \/><\/p>\n<p data-start=\"511\" data-end=\"927\">Sentrimax fournit des services professionnels <strong data-start=\"543\" data-end=\"597\">Service de centrifugeuse \u00e0 contr\u00f4le des solides \u00e0 Pittsburgh, Pennsylvanie<\/strong>, Sentrimax accompagne les op\u00e9rations industrielles et \u00e9nerg\u00e9tiques qui reposent sur une s\u00e9paration efficace des solides et des liquides. Forte de plusieurs d\u00e9cennies d&#039;exp\u00e9rience dans la maintenance des syst\u00e8mes de centrifugeuses industrielles en Am\u00e9rique du Nord, Sentrimax aide les installations \u00e0 maintenir leurs performances, \u00e0 r\u00e9duire les temps d&#039;arr\u00eat et \u00e0 prolonger la dur\u00e9e de vie de leurs \u00e9quipements gr\u00e2ce \u00e0 un service et un support technique experts.<\/p>\n<p data-start=\"929\" data-end=\"1329\">Les centrifugeuses de contr\u00f4le des solides sont essentielles dans des applications telles que l&#039;exploitation p\u00e9troli\u00e8re et gazi\u00e8re, le traitement des eaux us\u00e9es industrielles et le traitement des boues. Ces syst\u00e8mes fonctionnent en continu et dans des conditions difficiles, ce qui rend l&#039;entretien r\u00e9gulier et la maintenance opportune indispensables. Sentrimax propose des solutions compl\u00e8tes de maintenance des centrifugeuses, con\u00e7ues pour garantir le fonctionnement s\u00fbr et efficace des syst\u00e8mes de contr\u00f4le des solides.<\/p>\n<hr data-start=\"1331\" data-end=\"1334\" \/>\n<h2 data-start=\"1336\" data-end=\"1391\"><strong data-start=\"1339\" data-end=\"1391\">Services complets de centrifugation pour le contr\u00f4le des solides<\/strong><\/h2>\n<p data-start=\"1393\" data-end=\"1784\">Les centrifugeuses \u00e0 contr\u00f4le de solides fonctionnent en utilisant la force centrifuge pour s\u00e9parer les particules solides fines des liquides, produisant ainsi des fluides plus purs et r\u00e9duisant le volume des d\u00e9chets. Avec le temps, l&#039;usure des composants internes tels que les roulements, les joints et les ensembles rotatifs peut diminuer l&#039;efficacit\u00e9 et entra\u00eener des probl\u00e8mes m\u00e9caniques. Sentrimax propose une assistance compl\u00e8te pour r\u00e9soudre ces probl\u00e8mes avant qu&#039;ils n&#039;affectent vos op\u00e9rations.<\/p>\n<p data-start=\"1786\" data-end=\"2031\">Les services propos\u00e9s pour les centrifugeuses comprennent l&#039;inspection, la maintenance, le d\u00e9pannage, la r\u00e9paration et l&#039;optimisation du syst\u00e8me. Chaque service est adapt\u00e9 au mod\u00e8le de centrifugeuse, aux conditions de fonctionnement et aux exigences du proc\u00e9d\u00e9 afin de garantir des r\u00e9sultats optimaux.<\/p>\n<p data-start=\"2033\" data-end=\"2143\">Vous trouverez plus d&#039;informations sur le fonctionnement des centrifugeuses \u00e0 l&#039;adresse suivante\u00a0:<br data-start=\"2092\" data-end=\"2095\" \/><a class=\"decorated-link\" href=\"https:\/\/www.britannica.com\/technology\/centrifuge\" target=\"_new\" rel=\"noopener\" data-start=\"2095\" data-end=\"2143\">https:\/\/www.britannica.com\/technology\/centrifuge<\/a><\/p>\n<hr data-start=\"2145\" data-end=\"2148\" \/>\n<h2 data-start=\"2150\" data-end=\"2199\"><strong data-start=\"2153\" data-end=\"2199\">Pourquoi l&#039;entretien r\u00e9gulier des centrifugeuses est essentiel<\/strong><\/h2>\n<p data-start=\"2201\" data-end=\"2401\">L&#039;entretien r\u00e9gulier des centrifugeuses \u00e0 contr\u00f4le des solides est essentiel pour garantir des performances de s\u00e9paration constantes et pr\u00e9venir les pannes inattendues. L&#039;entretien professionnel assur\u00e9 par Sentrimax aide les op\u00e9rateurs \u00e0\u00a0:<\/p>\n<ul data-start=\"2403\" data-end=\"2610\">\n<li data-start=\"2403\" data-end=\"2432\">\n<p data-start=\"2405\" data-end=\"2432\">R\u00e9duisez les temps d&#039;arr\u00eat non planifi\u00e9s<\/p>\n<\/li>\n<li data-start=\"2433\" data-end=\"2485\">\n<p data-start=\"2435\" data-end=\"2485\">Maintenir une efficacit\u00e9 de s\u00e9paration des solides constante.<\/p>\n<\/li>\n<li data-start=\"2486\" data-end=\"2537\">\n<p data-start=\"2488\" data-end=\"2537\">Pr\u00e9venir les vibrations excessives et l&#039;usure m\u00e9canique<\/p>\n<\/li>\n<li data-start=\"2538\" data-end=\"2572\">\n<p data-start=\"2540\" data-end=\"2572\">Prolongez la dur\u00e9e de vie de la centrifugeuse<\/p>\n<\/li>\n<li data-start=\"2573\" data-end=\"2610\">\n<p data-start=\"2575\" data-end=\"2610\">Des co\u00fbts d&#039;entretien \u00e0 long terme r\u00e9duits<\/p>\n<\/li>\n<\/ul>\n<p data-start=\"2612\" data-end=\"2863\">N\u00e9gliger l&#039;entretien r\u00e9gulier peut entra\u00eener une baisse de la productivit\u00e9, une augmentation de la consommation d&#039;\u00e9nergie et des r\u00e9parations d&#039;urgence co\u00fbteuses. Sentrimax applique des proc\u00e9dures d&#039;entretien \u00e9prouv\u00e9es et des contr\u00f4les de qualit\u00e9 rigoureux afin de garantir le fonctionnement optimal des centrifugeuses.<\/p>\n<hr data-start=\"2865\" data-end=\"2868\" \/>\n<h2 data-start=\"2870\" data-end=\"2907\"><strong data-start=\"2873\" data-end=\"2907\">Capacit\u00e9s de service de Sentrimax<\/strong><\/h2>\n<p data-start=\"2909\" data-end=\"3066\">Sentrimax propose un service complet de centrifugation pour le contr\u00f4le des solides, assur\u00e9 par des techniciens exp\u00e9riment\u00e9s et une expertise en ing\u00e9nierie. Ses services comprennent\u00a0:<\/p>\n<ul data-start=\"3068\" data-end=\"3321\">\n<li data-start=\"3068\" data-end=\"3109\">\n<p data-start=\"3070\" data-end=\"3109\">Maintenance pr\u00e9ventive et corrective<\/p>\n<\/li>\n<li data-start=\"3110\" data-end=\"3151\">\n<p data-start=\"3112\" data-end=\"3151\">Inspection et diagnostic m\u00e9caniques<\/p>\n<\/li>\n<li data-start=\"3152\" data-end=\"3201\">\n<p data-start=\"3154\" data-end=\"3201\">Service d&#039;entretien des roulements, des joints et des syst\u00e8mes de lubrification<\/p>\n<\/li>\n<li data-start=\"3202\" data-end=\"3241\">\n<p data-start=\"3204\" data-end=\"3241\">\u00c9valuation de la bo\u00eete de vitesses et du syst\u00e8me de transmission<\/p>\n<\/li>\n<li data-start=\"3242\" data-end=\"3280\">\n<p data-start=\"3244\" data-end=\"3280\">R\u00e9\u00e9quilibrage des ensembles rotatifs<\/p>\n<\/li>\n<li data-start=\"3281\" data-end=\"3321\">\n<p data-start=\"3283\" data-end=\"3321\">Tests et v\u00e9rification des performances<\/p>\n<\/li>\n<\/ul>\n<p data-start=\"3323\" data-end=\"3558\">Chaque intervention d\u00e9bute par une \u00e9valuation d\u00e9taill\u00e9e permettant d&#039;identifier les probl\u00e8mes actuels et les risques potentiels. Cette approche proactive permet \u00e0 Sentrimax de recommander des solutions de service cibl\u00e9es qui am\u00e9liorent la fiabilit\u00e9 et la performance.<\/p>\n<p data-start=\"3560\" data-end=\"3642\">Apprenez-en davantage sur les services offerts par notre entreprise de centrifugeuses.<br data-start=\"3608\" data-end=\"3611\" \/><a class=\"decorated-link\" href=\"https:\/\/sentrimax.com\/fr\/services\/?utm_source=chatgpt.com\" target=\"_new\" rel=\"noopener\" data-start=\"3611\" data-end=\"3642\">https:\/\/sentrimax.com\/services\/<\/a><\/p>\n<hr data-start=\"3644\" data-end=\"3647\" \/>\n<h2 data-start=\"3649\" data-end=\"3697\"><strong data-start=\"3652\" data-end=\"3697\">Assistance technique et qualit\u00e9 certifi\u00e9e ISO<\/strong><\/h2>\n<p data-start=\"3699\" data-end=\"3972\">Sentrimax op\u00e8re selon un syst\u00e8me de gestion de la qualit\u00e9 certifi\u00e9 ISO 9001:2015, garantissant la constance, la tra\u00e7abilit\u00e9 et des normes \u00e9lev\u00e9es pour toutes ses prestations. Chaque intervention sur centrifugeuse de contr\u00f4le des solides suit des proc\u00e9dures document\u00e9es, de l&#039;inspection \u00e0 la v\u00e9rification finale.<\/p>\n<p data-start=\"3974\" data-end=\"4204\">L&#039;assistance technique est int\u00e9gr\u00e9e au processus de service, permettant \u00e0 Sentrimax de formuler des recommandations concernant les am\u00e9liorations de conception, les mises \u00e0 niveau des mat\u00e9riaux ou les strat\u00e9gies de maintenance qui r\u00e9duisent les pannes futures et prolongent la dur\u00e9e de vie des \u00e9quipements.<\/p>\n<p data-start=\"4206\" data-end=\"4283\">Explorez le processus de service de Sentrimax sur<br data-start=\"4246\" data-end=\"4249\" \/><a class=\"decorated-link\" href=\"https:\/\/sentrimax.com\/fr\/our-process\/?utm_source=chatgpt.com\" target=\"_new\" rel=\"noopener\" data-start=\"4249\" data-end=\"4283\">https:\/\/sentrimax.com\/our-process\/<\/a><\/p>\n<hr data-start=\"4285\" data-end=\"4288\" \/>\n<h2 data-start=\"4290\" data-end=\"4350\"><strong data-start=\"4293\" data-end=\"4350\">Soutien aux op\u00e9rations de contr\u00f4le des solides \u00e0 Pittsburgh, Pennsylvanie<\/strong><\/h2>\n<p data-start=\"4352\" data-end=\"4630\">Pittsburgh, en Pennsylvanie, abrite une grande vari\u00e9t\u00e9 d&#039;activit\u00e9s industrielles, \u00e9nerg\u00e9tiques et d&#039;infrastructures qui d\u00e9pendent de syst\u00e8mes de contr\u00f4le des solides fiables. Sentrimax fournit aux installations de toute la r\u00e9gion un service de centrifugation r\u00e9actif, con\u00e7u pour r\u00e9pondre \u00e0 des exigences op\u00e9rationnelles strictes.<\/p>\n<p data-start=\"4632\" data-end=\"4972\">Forte de son exp\u00e9rience aupr\u00e8s de clients industriels aux \u00c9tats-Unis et au Canada, Sentrimax comprend l&#039;importance d&#039;une intervention rapide et d&#039;un service fiable. Qu&#039;il s&#039;agisse de maintenance planifi\u00e9e ou de r\u00e9solution de probl\u00e8mes de performance impr\u00e9vus, Sentrimax assure un accompagnement expert et une communication transparente tout au long du processus.<\/p>\n<p data-start=\"4974\" data-end=\"5117\">Les secteurs d&#039;activit\u00e9 soutenus comprennent le p\u00e9trole et le gaz, la transformation industrielle, le traitement des eaux us\u00e9es et la production d&#039;\u00e9nergie.<br data-start=\"5081\" data-end=\"5084\" \/><a class=\"decorated-link\" href=\"https:\/\/sentrimax.com\/fr\/industries\/?utm_source=chatgpt.com\" target=\"_new\" rel=\"noopener\" data-start=\"5084\" data-end=\"5117\">https:\/\/sentrimax.com\/industries\/<\/a><\/p>\n<hr data-start=\"5119\" data-end=\"5122\" \/>\n<h2 data-start=\"5124\" data-end=\"5173\"><strong data-start=\"5127\" data-end=\"5173\">Maintenance pr\u00e9ventive et assistance tout au long du cycle de vie<\/strong><\/h2>\n<p data-start=\"5175\" data-end=\"5478\">Outre l&#039;entretien courant des centrifugeuses de contr\u00f4le des solides, Sentrimax propose des programmes de maintenance pr\u00e9ventive con\u00e7us pour r\u00e9duire les risques de pannes inattendues. Des inspections r\u00e9guli\u00e8res, des analyses vibratoires et des \u00e9valuations des composants permettent de d\u00e9tecter les probl\u00e8mes au plus t\u00f4t et de planifier la maintenance de mani\u00e8re proactive.<\/p>\n<p data-start=\"5480\" data-end=\"5745\">Sentrimax propose \u00e9galement des services complets de r\u00e9vision de centrifugeuses, de location d&#039;\u00e9quipements et d&#039;assistance tout au long du cycle de vie pour les installations n\u00e9cessitant une maintenance prolong\u00e9e ou une capacit\u00e9 temporaire. Ces solutions permettent aux op\u00e9rateurs de maintenir leur productivit\u00e9 tout en ma\u00eetrisant leurs co\u00fbts de maintenance.<\/p>\n<p data-start=\"5747\" data-end=\"5872\">Des informations compl\u00e9mentaires sur la fiabilit\u00e9 des \u00e9quipements industriels et les infrastructures \u00e9nerg\u00e9tiques sont disponibles \u00e0 l&#039;adresse suivante\u00a0:<br data-start=\"5846\" data-end=\"5849\" \/><a class=\"decorated-link\" href=\"https:\/\/www.energy.gov\/\" target=\"_new\" rel=\"noopener\" data-start=\"5849\" data-end=\"5872\">https:\/\/www.energy.gov\/<\/a><\/p>\n<hr data-start=\"5874\" data-end=\"5877\" \/>\n<h2 data-start=\"5879\" data-end=\"5941\"><strong data-start=\"5882\" data-end=\"5941\">Un partenaire de confiance pour le service de centrifugeuses \u00e0 contr\u00f4le des solides<\/strong><\/h2>\n<p data-start=\"5943\" data-end=\"6266\">Sentrimax allie expertise technique, syst\u00e8mes de qualit\u00e9 certifi\u00e9s ISO et connaissance approfondie du secteur pour fournir des solutions fiables. <strong data-start=\"6064\" data-end=\"6118\">Service de centrifugeuse \u00e0 contr\u00f4le des solides \u00e0 Pittsburgh, Pennsylvanie<\/strong>. Chaque prestation de service est ax\u00e9e sur la s\u00e9curit\u00e9, la performance et la fiabilit\u00e9 \u00e0 long terme, aidant ainsi les installations \u00e0 maintenir des op\u00e9rations de s\u00e9paration efficaces.<\/p>\n<hr data-start=\"6268\" data-end=\"6271\" \/>\n<h2 data-start=\"6273\" data-end=\"6327\"><strong data-start=\"6276\" data-end=\"6327\">Demandez d\u00e8s aujourd&#039;hui le service de centrifugation pour le contr\u00f4le des solides<\/strong><\/h2>\n<p data-start=\"6329\" data-end=\"6554\">Lorsque votre activit\u00e9 repose sur un contr\u00f4le fiable des solides et des performances optimales de vos centrifugeuses, Sentrimax est l\u00e0 pour vous aider. Contactez un membre exp\u00e9riment\u00e9 de notre \u00e9quipe pour discuter de vos besoins en mati\u00e8re de services, de vos programmes de maintenance et de vos exigences techniques.<\/p>\n<p data-start=\"6556\" data-end=\"6610\"><strong data-start=\"6556\" data-end=\"6610\"><a class=\"decorated-link\" href=\"https:\/\/sentrimax.com\/fr\/contact\/\" target=\"_new\" rel=\"noopener\" data-start=\"6558\" data-end=\"6608\">Demandez un devis !<\/a><\/strong><\/p>","protected":false},"excerpt":{"rendered":"<p>Sentrimax delivers professional solids control centrifuge service in Pittsburgh PA, supporting industrial and energy operations that rely on efficient separation of solids from liquids. With decades of experience servicing industrial centrifuge systems across North America, Sentrimax helps facilities maintain performance, reduce downtime, and extend equipment life through expert service and technical support. Solids control centrifuges [&hellip;]<\/p>\n","protected":false},"author":3,"featured_media":0,"parent":0,"menu_order":0,"comment_status":"closed","ping_status":"closed","template":"seo-page-template.php","meta":{"_acf_changed":false,"inline_featured_image":false,"footnotes":""},"class_list":["post-2337","page","type-page","status-publish","hentry"],"acf":[],"_links":{"self":[{"href":"https:\/\/sentrimax.com\/fr\/wp-json\/wp\/v2\/pages\/2337","targetHints":{"allow":["GET"]}}],"collection":[{"href":"https:\/\/sentrimax.com\/fr\/wp-json\/wp\/v2\/pages"}],"about":[{"href":"https:\/\/sentrimax.com\/fr\/wp-json\/wp\/v2\/types\/page"}],"author":[{"embeddable":true,"href":"https:\/\/sentrimax.com\/fr\/wp-json\/wp\/v2\/users\/3"}],"replies":[{"embeddable":true,"href":"https:\/\/sentrimax.com\/fr\/wp-json\/wp\/v2\/comments?post=2337"}],"version-history":[{"count":1,"href":"https:\/\/sentrimax.com\/fr\/wp-json\/wp\/v2\/pages\/2337\/revisions"}],"predecessor-version":[{"id":2490,"href":"https:\/\/sentrimax.com\/fr\/wp-json\/wp\/v2\/pages\/2337\/revisions\/2490"}],"wp:attachment":[{"href":"https:\/\/sentrimax.com\/fr\/wp-json\/wp\/v2\/media?parent=2337"}],"curies":[{"name":"wp","href":"https:\/\/api.w.org\/{rel}","templated":true}]}}