{"id":2338,"date":"2026-01-07T18:01:15","date_gmt":"2026-01-07T18:01:15","guid":{"rendered":"https:\/\/sentrimax.com\/?page_id=2338"},"modified":"2026-04-21T21:13:37","modified_gmt":"2026-04-21T21:13:37","slug":"centrifuge-gearbox-repair-services-in-chicago-il","status":"publish","type":"page","link":"https:\/\/sentrimax.com\/fr\/centrifuge-gearbox-repair-services-in-chicago-il\/","title":{"rendered":"Services de r\u00e9paration de bo\u00eetes de vitesses de centrifugeuses \u00e0 Chicago, Illinois"},"content":{"rendered":"<p data-start=\"537\" data-end=\"968\"><span class=\"hover:entity-accent entity-underline inline cursor-pointer align-baseline\"><span class=\"whitespace-normal\"><img fetchpriority=\"high\" decoding=\"async\" class=\"aligncenter size-full wp-image-910\" src=\"https:\/\/sentrimax.com\/wp-content\/uploads\/2025\/05\/image-4.png\" alt=\"\" width=\"1648\" height=\"1013\" srcset=\"https:\/\/sentrimax.com\/wp-content\/uploads\/2025\/05\/image-4.png 1648w, https:\/\/sentrimax.com\/wp-content\/uploads\/2025\/05\/image-4-600x369.png 600w, https:\/\/sentrimax.com\/wp-content\/uploads\/2025\/05\/image-4-300x184.png 300w, https:\/\/sentrimax.com\/wp-content\/uploads\/2025\/05\/image-4-1024x629.png 1024w, https:\/\/sentrimax.com\/wp-content\/uploads\/2025\/05\/image-4-768x472.png 768w, https:\/\/sentrimax.com\/wp-content\/uploads\/2025\/05\/image-4-1536x944.png 1536w\" sizes=\"(max-width: 1648px) 100vw, 1648px\" \/><\/span><\/span><\/p>\n<p data-start=\"537\" data-end=\"968\"><span class=\"hover:entity-accent entity-underline inline cursor-pointer align-baseline\"><span class=\"whitespace-normal\">Sentrimax<\/span><\/span> fournit des services professionnels <strong data-start=\"597\" data-end=\"649\">Services de r\u00e9paration de bo\u00eetes de vitesses de centrifugeuses \u00e0 Chicago, Illinois<\/strong>, Sentrimax accompagne les secteurs industriels, municipaux et \u00e9nerg\u00e9tiques qui utilisent des centrifugeuses haute performance. Forte de plusieurs d\u00e9cennies d&#039;exp\u00e9rience dans la r\u00e9paration de composants de centrifugeuses industrielles, Sentrimax propose des solutions fiables de r\u00e9paration de r\u00e9ducteurs qui r\u00e9tablissent les performances, r\u00e9duisent les temps d&#039;arr\u00eat et prolongent la dur\u00e9e de vie des \u00e9quipements.<\/p>\n<p data-start=\"970\" data-end=\"1379\">Les r\u00e9ducteurs de centrifugeuses sont essentiels \u00e0 la transmission du couple et au maintien de vitesses de rotation pr\u00e9cises dans les centrifugeuses \u00e0 d\u00e9cantation et \u00e0 disques. En cas de d\u00e9faillance d&#039;un r\u00e9ducteur, des sympt\u00f4mes tels que vibrations, bruits parasites, surchauffe ou baisse d&#039;efficacit\u00e9 de s\u00e9paration peuvent rapidement s&#039;aggraver et entra\u00eener des dommages importants \u00e0 l&#039;\u00e9quipement. Sentrimax propose des services de r\u00e9paration de r\u00e9ducteurs experts, con\u00e7us pour r\u00e9soudre ces probl\u00e8mes de mani\u00e8re efficace et s\u00fbre.<\/p>\n<hr data-start=\"1381\" data-end=\"1384\" \/>\n<h2 data-start=\"1386\" data-end=\"1440\"><strong data-start=\"1389\" data-end=\"1440\">Expertise sp\u00e9cialis\u00e9e en r\u00e9paration de bo\u00eetes de vitesses de centrifugeuses<\/strong><\/h2>\n<p data-start=\"1442\" data-end=\"1834\">Les r\u00e9ducteurs de centrifugeuses fonctionnent sous des contraintes m\u00e9caniques extr\u00eames, notamment des couples \u00e9lev\u00e9s, un fonctionnement continu et des conditions de process exigeantes. Avec le temps, les composants internes tels que les engrenages, les roulements, les arbres et les joints subissent une usure qui peut nuire \u00e0 leurs performances. Sentrimax se sp\u00e9cialise dans le diagnostic et la r\u00e9paration des probl\u00e8mes de r\u00e9ducteurs \u00e0 la source, plut\u00f4t que dans l&#039;application de solutions temporaires.<\/p>\n<p data-start=\"1836\" data-end=\"2125\">Nos services de r\u00e9paration comprennent le d\u00e9montage complet de la bo\u00eete de vitesses, son inspection, ses mesures de pr\u00e9cision, la r\u00e9paration ou le remplacement de ses composants, et son remontage. Chaque bo\u00eete de vitesses est entretenue conform\u00e9ment aux sp\u00e9cifications du constructeur ou aux tol\u00e9rances d&#039;ing\u00e9nierie afin de garantir un alignement optimal, une capacit\u00e9 de charge adapt\u00e9e et une fiabilit\u00e9 \u00e0 long terme.<\/p>\n<p data-start=\"2127\" data-end=\"2425\">Les r\u00e9ducteurs jouent un r\u00f4le essentiel dans le maintien d&#039;une vitesse constante du bol de la centrifugeuse et d&#039;une vitesse diff\u00e9rentielle, deux param\u00e8tres indispensables \u00e0 une s\u00e9paration efficace. Des impr\u00e9cisions m\u00e9caniques au sein du r\u00e9ducteur peuvent entra\u00eener une mauvaise \u00e9vacuation des solides, des vibrations excessives, voire une panne catastrophique si elles ne sont pas corrig\u00e9es.<\/p>\n<hr data-start=\"2427\" data-end=\"2430\" \/>\n<h2 data-start=\"2432\" data-end=\"2482\"><strong data-start=\"2435\" data-end=\"2482\">R\u00e9paration des probl\u00e8mes courants de bo\u00eetes de vitesses de centrifugeuses<\/strong><\/h2>\n<p data-start=\"2484\" data-end=\"2609\">Les techniciens de Sentrimax traitent r\u00e9guli\u00e8rement les probl\u00e8mes de bo\u00eetes de vitesses fr\u00e9quemment rencontr\u00e9s dans les applications de centrifugeuses industrielles, notamment\u00a0:<\/p>\n<ul data-start=\"2611\" data-end=\"2861\">\n<li data-start=\"2611\" data-end=\"2652\">\n<p data-start=\"2613\" data-end=\"2652\">Vibrations excessives ou bruits anormaux<\/p>\n<\/li>\n<li data-start=\"2653\" data-end=\"2692\">\n<p data-start=\"2655\" data-end=\"2692\">Usure des engrenages, piq\u00fbres ou dommages aux dents<\/p>\n<\/li>\n<li data-start=\"2693\" data-end=\"2727\">\n<p data-start=\"2695\" data-end=\"2727\">d\u00e9faillance ou surchauffe du roulement<\/p>\n<\/li>\n<li data-start=\"2728\" data-end=\"2768\">\n<p data-start=\"2730\" data-end=\"2768\">Fuites d&#039;\u00e9tanch\u00e9it\u00e9 et d\u00e9faillance de la lubrification<\/p>\n<\/li>\n<li data-start=\"2769\" data-end=\"2805\">\n<p data-start=\"2771\" data-end=\"2805\">D\u00e9salignement ou d\u00e9viation de l&#039;arbre<\/p>\n<\/li>\n<li data-start=\"2806\" data-end=\"2861\">\n<p data-start=\"2808\" data-end=\"2861\">Probl\u00e8mes de transmission de couple r\u00e9duit ou de contr\u00f4le de la vitesse<\/p>\n<\/li>\n<\/ul>\n<p data-start=\"2863\" data-end=\"3035\">Gr\u00e2ce \u00e0 une inspection d\u00e9taill\u00e9e et \u00e0 une analyse des causes profondes, Sentrimax identifie les causes des d\u00e9faillances des bo\u00eetes de vitesses et effectue des r\u00e9parations correctives qui am\u00e9liorent leur durabilit\u00e9 et leurs performances.<\/p>\n<hr data-start=\"3037\" data-end=\"3040\" \/>\n<h2 data-start=\"3042\" data-end=\"3088\"><strong data-start=\"3045\" data-end=\"3088\">Pourquoi la r\u00e9paration professionnelle des bo\u00eetes de vitesses est importante<\/strong><\/h2>\n<p data-start=\"3090\" data-end=\"3261\">Les pannes de r\u00e9ducteurs de centrifugeuses peuvent entra\u00eener des arr\u00eats de production prolong\u00e9s, des dommages secondaires co\u00fbteux et des risques pour la s\u00e9curit\u00e9. Les services professionnels de r\u00e9paration de r\u00e9ducteurs de Sentrimax aident les op\u00e9rateurs\u00a0:<\/p>\n<ul data-start=\"3263\" data-end=\"3508\">\n<li data-start=\"3263\" data-end=\"3312\">\n<p data-start=\"3265\" data-end=\"3312\">R\u00e9tablir les performances et l&#039;efficacit\u00e9 de la centrifugeuse<\/p>\n<\/li>\n<li data-start=\"3313\" data-end=\"3372\">\n<p data-start=\"3315\" data-end=\"3372\">Pr\u00e9venir les dommages aux ensembles rotatifs et aux syst\u00e8mes d&#039;entra\u00eenement<\/p>\n<\/li>\n<li data-start=\"3373\" data-end=\"3419\">\n<p data-start=\"3375\" data-end=\"3419\">Prolongez la dur\u00e9e de vie de la bo\u00eete de vitesses et de la centrifugeuse.<\/p>\n<\/li>\n<li data-start=\"3420\" data-end=\"3469\">\n<p data-start=\"3422\" data-end=\"3469\">R\u00e9duire les co\u00fbts de r\u00e9paration et de remplacement d&#039;urgence<\/p>\n<\/li>\n<li data-start=\"3470\" data-end=\"3508\">\n<p data-start=\"3472\" data-end=\"3508\">Maintenir des conditions de fonctionnement s\u00fbres<\/p>\n<\/li>\n<\/ul>\n<p data-start=\"3510\" data-end=\"3755\">Retarder les r\u00e9parations des bo\u00eetes de vitesses ou se contenter de r\u00e9parations incompl\u00e8tes entra\u00eene souvent une aggravation des dommages. Sentrimax applique des m\u00e9thodes de r\u00e9paration \u00e9prouv\u00e9es et un contr\u00f4le qualit\u00e9 rigoureux pour garantir que les bo\u00eetes de vitesses soient remises en service pr\u00eates \u00e0 affronter les conditions d&#039;exploitation les plus exigeantes.<\/p>\n<hr data-start=\"3757\" data-end=\"3760\" \/>\n<h2 data-start=\"3762\" data-end=\"3806\"><strong data-start=\"3765\" data-end=\"3806\">Capacit\u00e9s de r\u00e9paration de bo\u00eetes de vitesses Sentrimax<\/strong><\/h2>\n<p data-start=\"3808\" data-end=\"3982\">Sentrimax propose des services complets de r\u00e9paration de r\u00e9ducteurs de centrifugeuses, s&#039;appuyant sur une expertise de pointe en usinage et en ing\u00e9nierie, ainsi que sur des syst\u00e8mes de qualit\u00e9 certifi\u00e9s. Ses capacit\u00e9s comprennent\u00a0:<\/p>\n<ul data-start=\"3984\" data-end=\"4254\">\n<li data-start=\"3984\" data-end=\"4028\">\n<p data-start=\"3986\" data-end=\"4028\">D\u00e9montage et inspection complets de la bo\u00eete de vitesses<\/p>\n<\/li>\n<li data-start=\"4029\" data-end=\"4085\">\n<p data-start=\"4031\" data-end=\"4085\">r\u00e9paration ou remplacement d&#039;engrenages, de roulements, d&#039;arbres et de joints<\/p>\n<\/li>\n<li data-start=\"4086\" data-end=\"4124\">\n<p data-start=\"4088\" data-end=\"4124\">Alignement et r\u00e9assemblage de pr\u00e9cision<\/p>\n<\/li>\n<li data-start=\"4125\" data-end=\"4158\">\n<p data-start=\"4127\" data-end=\"4158\">\u00c9valuation du syst\u00e8me de lubrification<\/p>\n<\/li>\n<li data-start=\"4159\" data-end=\"4203\">\n<p data-start=\"4161\" data-end=\"4203\">Tests de charge et v\u00e9rification fonctionnelle<\/p>\n<\/li>\n<li data-start=\"4204\" data-end=\"4254\">\n<p data-start=\"4206\" data-end=\"4254\">composants de remplacement conformes aux sp\u00e9cifications OEM et con\u00e7us sur mesure<\/p>\n<\/li>\n<\/ul>\n<p data-start=\"4256\" data-end=\"4411\">Pour les bo\u00eetes de vitesses dont les pi\u00e8ces sont obsol\u00e8tes ou difficiles \u00e0 trouver, Sentrimax propose des solutions de fabrication sur mesure et de r\u00e9tro-ing\u00e9nierie pour r\u00e9tablir leur pleine fonctionnalit\u00e9.<\/p>\n<p data-start=\"4413\" data-end=\"4509\">Apprenez-en davantage sur les capacit\u00e9s de r\u00e9paration et d&#039;entretien des centrifugeuses sur<br data-start=\"4475\" data-end=\"4478\" \/><a class=\"decorated-link\" href=\"https:\/\/sentrimax.com\/fr\/services\/?utm_source=chatgpt.com\" target=\"_new\" rel=\"noopener\" data-start=\"4478\" data-end=\"4509\">https:\/\/sentrimax.com\/services\/<\/a><\/p>\n<hr data-start=\"4511\" data-end=\"4514\" \/>\n<h2 data-start=\"4516\" data-end=\"4566\"><strong data-start=\"4519\" data-end=\"4566\">Assistance qualit\u00e9 et ing\u00e9nierie certifi\u00e9e ISO<\/strong><\/h2>\n<p data-start=\"4568\" data-end=\"4827\">Sentrimax op\u00e8re selon un syst\u00e8me de gestion de la qualit\u00e9 certifi\u00e9 ISO 9001:2015, garantissant la constance, la tra\u00e7abilit\u00e9 et la reproductibilit\u00e9 des r\u00e9parations. Chaque r\u00e9paration de bo\u00eete de vitesses de centrifugeuse suit des proc\u00e9dures document\u00e9es, de l&#039;\u00e9valuation initiale \u00e0 l&#039;inspection finale.<\/p>\n<p data-start=\"4829\" data-end=\"5093\">L&#039;assistance technique est int\u00e9gr\u00e9e tout au long du processus de r\u00e9paration. Sentrimax \u00e9value les conditions de fonctionnement et les sch\u00e9mas de d\u00e9faillance afin de recommander des am\u00e9liorations de conception, des mises \u00e0 niveau des mat\u00e9riaux ou des strat\u00e9gies de maintenance permettant de r\u00e9duire les probl\u00e8mes futurs de la bo\u00eete de vitesses et d&#039;am\u00e9liorer sa fiabilit\u00e9.<\/p>\n<p data-start=\"5095\" data-end=\"5171\">D\u00e9couvrez le processus de r\u00e9paration Sentrimax sur<br data-start=\"5134\" data-end=\"5137\" \/><a class=\"decorated-link\" href=\"https:\/\/sentrimax.com\/fr\/our-process\/?utm_source=chatgpt.com\" target=\"_new\" rel=\"noopener\" data-start=\"5137\" data-end=\"5171\">https:\/\/sentrimax.com\/our-process\/<\/a><\/p>\n<hr data-start=\"5173\" data-end=\"5176\" \/>\n<h2 data-start=\"5178\" data-end=\"5231\"><strong data-start=\"5181\" data-end=\"5231\">Soutien aux op\u00e9rations industrielles \u00e0 Chicago, Illinois<\/strong><\/h2>\n<p data-start=\"5233\" data-end=\"5566\">Chicago (Illinois) est un p\u00f4le majeur de transformation industrielle, d&#039;infrastructures municipales et d&#039;activit\u00e9s \u00e9nerg\u00e9tiques, o\u00f9 les syst\u00e8mes de centrifugation jouent un r\u00f4le essentiel. Sentrimax fournit aux installations de toute la r\u00e9gion de Chicago des services de r\u00e9paration de r\u00e9ducteurs r\u00e9actifs, con\u00e7us pour respecter des d\u00e9lais de maintenance serr\u00e9s et des calendriers d&#039;exploitation exigeants.<\/p>\n<p data-start=\"5568\" data-end=\"5872\">Forte de son exp\u00e9rience aupr\u00e8s de clients aux \u00c9tats-Unis et au Canada, Sentrimax comprend l&#039;importance d&#039;une intervention rapide, d&#039;une communication claire et d&#039;un d\u00e9lai d&#039;ex\u00e9cution fiable. Qu&#039;il s&#039;agisse de g\u00e9rer une panne urgente ou de planifier une maintenance r\u00e9guli\u00e8re, Sentrimax vous accompagne \u00e0 chaque \u00e9tape.<\/p>\n<p data-start=\"5874\" data-end=\"6050\">Les secteurs d&#039;activit\u00e9 soutenus comprennent le traitement des eaux us\u00e9es municipales, la transformation industrielle, le p\u00e9trole et le gaz, la production d&#039;\u00e9nergie et la fabrication de produits alimentaires et de boissons.<br data-start=\"6014\" data-end=\"6017\" \/><a class=\"decorated-link\" href=\"https:\/\/sentrimax.com\/fr\/industries\/?utm_source=chatgpt.com\" target=\"_new\" rel=\"noopener\" data-start=\"6017\" data-end=\"6050\">https:\/\/sentrimax.com\/industries\/<\/a><\/p>\n<hr data-start=\"6052\" data-end=\"6055\" \/>\n<h2 data-start=\"6057\" data-end=\"6114\"><strong data-start=\"6060\" data-end=\"6114\">Maintenance pr\u00e9ventive et assistance \u00e0 long terme pour les bo\u00eetes de vitesses<\/strong><\/h2>\n<p data-start=\"6116\" data-end=\"6423\">En plus de ses services de r\u00e9paration de r\u00e9ducteurs de centrifugeuses, Sentrimax propose des services de maintenance pr\u00e9ventive et d&#039;assistance tout au long du cycle de vie afin d&#039;aider les op\u00e9rateurs \u00e0 \u00e9viter les pannes impr\u00e9vues. Des inspections r\u00e9guli\u00e8res, une analyse des vibrations et un contr\u00f4le de la lubrification permettent de d\u00e9tecter rapidement les probl\u00e8mes de r\u00e9ducteur et de planifier les r\u00e9parations de mani\u00e8re proactive.<\/p>\n<p data-start=\"6425\" data-end=\"6687\">Sentrimax propose \u00e9galement la r\u00e9vision compl\u00e8te des centrifugeuses, la location d&#039;\u00e9quipements et des services de conseil technique aux installations g\u00e9rant des \u00e9quipements vieillissants ou des besoins de production accrus. Ces services contribuent \u00e0 assurer la continuit\u00e9 des op\u00e9rations tout en ma\u00eetrisant les co\u00fbts de maintenance.<\/p>\n<p data-start=\"6689\" data-end=\"6815\">Des informations compl\u00e9mentaires sur la fiabilit\u00e9 des \u00e9quipements industriels et les infrastructures \u00e9nerg\u00e9tiques sont disponibles \u00e0 l&#039;adresse suivante\u00a0:<br data-start=\"6789\" data-end=\"6792\" \/><a class=\"decorated-link\" href=\"https:\/\/www.energy.gov\/\" target=\"_new\" rel=\"noopener\" data-start=\"6792\" data-end=\"6815\">https:\/\/www.energy.gov\/<\/a><\/p>\n<hr data-start=\"6817\" data-end=\"6820\" \/>\n<h2 data-start=\"6822\" data-end=\"6876\"><strong data-start=\"6825\" data-end=\"6876\">Un partenaire de confiance pour la r\u00e9paration des bo\u00eetes de vitesses de centrifugeuses<\/strong><\/h2>\n<p data-start=\"6878\" data-end=\"7134\">Sentrimax combine expertise technique, processus certifi\u00e9s ISO et connaissance approfondie du secteur pour fournir des solutions fiables. <strong data-start=\"6993\" data-end=\"7045\">Services de r\u00e9paration de bo\u00eetes de vitesses de centrifugeuses \u00e0 Chicago, Illinois<\/strong>. Chaque r\u00e9paration est effectu\u00e9e en mettant l&#039;accent sur la s\u00e9curit\u00e9, la pr\u00e9cision et la performance \u00e0 long terme.<\/p>\n<hr data-start=\"7136\" data-end=\"7139\" \/>\n<h2 data-start=\"7141\" data-end=\"7195\"><strong data-start=\"7144\" data-end=\"7195\">Demandez d\u00e8s aujourd&#039;hui une assistance pour la r\u00e9paration de votre bo\u00eete de vitesses de centrifugeuse.<\/strong><\/h2>\n<p data-start=\"7197\" data-end=\"7393\">Lorsque les performances d&#039;une centrifugeuse d\u00e9pendent d&#039;une bo\u00eete de vitesses fiable, Sentrimax est l\u00e0 pour vous aider. Contactez un membre exp\u00e9riment\u00e9 de notre \u00e9quipe pour discuter de vos besoins en r\u00e9paration de bo\u00eete de vitesses, des d\u00e9lais et des exigences techniques.<\/p>\n<p data-start=\"7395\" data-end=\"7449\" data-is-last-node=\"\" data-is-only-node=\"\"><strong data-start=\"7395\" data-end=\"7449\" data-is-last-node=\"\"><a class=\"decorated-link\" href=\"https:\/\/sentrimax.com\/fr\/contact\/\" target=\"_new\" rel=\"noopener\" data-start=\"7397\" data-end=\"7447\">Demandez un devis !<\/a><\/strong><\/p>","protected":false},"excerpt":{"rendered":"<p>Sentrimax provides professional centrifuge gearbox repair services in Chicago IL, supporting industrial, municipal, and energy-sector operations that rely on high-performance centrifuge systems. With decades of hands-on experience repairing industrial centrifuge components, Sentrimax delivers dependable gearbox repair solutions that restore performance, reduce downtime, and extend equipment life. Centrifuge gearboxes are critical to transmitting torque and maintaining [&hellip;]<\/p>\n","protected":false},"author":3,"featured_media":0,"parent":0,"menu_order":0,"comment_status":"closed","ping_status":"closed","template":"seo-page-template.php","meta":{"_acf_changed":false,"inline_featured_image":false,"footnotes":""},"class_list":["post-2338","page","type-page","status-publish","hentry"],"acf":[],"_links":{"self":[{"href":"https:\/\/sentrimax.com\/fr\/wp-json\/wp\/v2\/pages\/2338","targetHints":{"allow":["GET"]}}],"collection":[{"href":"https:\/\/sentrimax.com\/fr\/wp-json\/wp\/v2\/pages"}],"about":[{"href":"https:\/\/sentrimax.com\/fr\/wp-json\/wp\/v2\/types\/page"}],"author":[{"embeddable":true,"href":"https:\/\/sentrimax.com\/fr\/wp-json\/wp\/v2\/users\/3"}],"replies":[{"embeddable":true,"href":"https:\/\/sentrimax.com\/fr\/wp-json\/wp\/v2\/comments?post=2338"}],"version-history":[{"count":1,"href":"https:\/\/sentrimax.com\/fr\/wp-json\/wp\/v2\/pages\/2338\/revisions"}],"predecessor-version":[{"id":2489,"href":"https:\/\/sentrimax.com\/fr\/wp-json\/wp\/v2\/pages\/2338\/revisions\/2489"}],"wp:attachment":[{"href":"https:\/\/sentrimax.com\/fr\/wp-json\/wp\/v2\/media?parent=2338"}],"curies":[{"name":"wp","href":"https:\/\/api.w.org\/{rel}","templated":true}]}}