{"id":2339,"date":"2026-01-07T18:02:47","date_gmt":"2026-01-07T18:02:47","guid":{"rendered":"https:\/\/sentrimax.com\/?page_id=2339"},"modified":"2026-04-21T21:13:36","modified_gmt":"2026-04-21T21:13:36","slug":"industrial-centrifuge-gearbox-parts-in-houston-tx","status":"publish","type":"page","link":"https:\/\/sentrimax.com\/fr\/industrial-centrifuge-gearbox-parts-in-houston-tx\/","title":{"rendered":"Pi\u00e8ces de bo\u00eetes de vitesses pour centrifugeuses industrielles \u00e0 Houston, Texas"},"content":{"rendered":"<p data-start=\"513\" data-end=\"956\"><span class=\"hover:entity-accent entity-underline inline cursor-pointer align-baseline\"><span class=\"whitespace-normal\"><img fetchpriority=\"high\" decoding=\"async\" class=\"aligncenter size-full wp-image-905\" src=\"https:\/\/sentrimax.com\/wp-content\/uploads\/2025\/05\/image-77.png\" alt=\"\" width=\"1440\" height=\"504\" srcset=\"https:\/\/sentrimax.com\/wp-content\/uploads\/2025\/05\/image-77.png 1440w, https:\/\/sentrimax.com\/wp-content\/uploads\/2025\/05\/image-77-600x210.png 600w, https:\/\/sentrimax.com\/wp-content\/uploads\/2025\/05\/image-77-300x105.png 300w, https:\/\/sentrimax.com\/wp-content\/uploads\/2025\/05\/image-77-1024x358.png 1024w, https:\/\/sentrimax.com\/wp-content\/uploads\/2025\/05\/image-77-768x269.png 768w\" sizes=\"(max-width: 1440px) 100vw, 1440px\" \/><\/span><\/span><\/p>\n<p data-start=\"513\" data-end=\"956\"><span class=\"hover:entity-accent entity-underline inline cursor-pointer align-baseline\"><span class=\"whitespace-normal\">Sentrimax<\/span><\/span> fournitures de haute qualit\u00e9 <strong data-start=\"573\" data-end=\"626\">Pi\u00e8ces de r\u00e9ducteurs pour centrifugeuses industrielles \u00e0 Houston, Texas<\/strong>, Sentrimax fournit des pi\u00e8ces de r\u00e9ducteurs aux installations qui d\u00e9pendent d&#039;une transmission de puissance fiable et d&#039;un contr\u00f4le pr\u00e9cis de la vitesse au sein de leurs syst\u00e8mes de centrifugation. Forte de plusieurs d\u00e9cennies d&#039;exp\u00e9rience dans la maintenance, la r\u00e9paration et l&#039;ing\u00e9nierie des composants de centrifugeuses, Sentrimax fournit \u00e9galement des pi\u00e8ces de r\u00e9ducteurs con\u00e7ues pour optimiser les performances, prolonger la dur\u00e9e de vie des \u00e9quipements et r\u00e9duire les temps d&#039;arr\u00eat impr\u00e9vus.<\/p>\n<p data-start=\"958\" data-end=\"1356\">Les r\u00e9ducteurs de centrifugeuses sont des composants essentiels qui r\u00e9gulent le couple, la vitesse diff\u00e9rentielle et la stabilit\u00e9 de rotation des centrifugeuses \u00e0 d\u00e9cantation et \u00e0 disques. L&#039;usure ou la d\u00e9faillance de ces composants compromet l&#039;efficacit\u00e9 et la fiabilit\u00e9 de la centrifugeuse. Sentrimax fournit des pi\u00e8ces de r\u00e9ducteur de pr\u00e9cision qui respectent, voire d\u00e9passent, les sp\u00e9cifications des fabricants d&#039;\u00e9quipement d&#039;origine (OEM), garantissant ainsi un montage parfait, une grande durabilit\u00e9 et des performances optimales sur le long terme.<\/p>\n<hr data-start=\"1358\" data-end=\"1361\" \/>\n<h2 data-start=\"1363\" data-end=\"1422\"><strong data-start=\"1366\" data-end=\"1422\">Pi\u00e8ces de bo\u00eete de vitesses pour applications de centrifugeuses industrielles<\/strong><\/h2>\n<p data-start=\"1424\" data-end=\"1804\">Les r\u00e9ducteurs des centrifugeuses industrielles fonctionnent en continu, sous forte charge, avec un couple \u00e9lev\u00e9 et dans des conditions de process exigeantes. Au fil du temps, les composants internes tels que les engrenages, les roulements, les arbres et les joints s&#039;usent, ce qui peut engendrer des vibrations, une accumulation de chaleur et une baisse de l&#039;efficacit\u00e9 de s\u00e9paration. Le remplacement des pi\u00e8ces us\u00e9es par des pi\u00e8ces de r\u00e9ducteur de haute qualit\u00e9 est essentiel pour garantir un fonctionnement stable.<\/p>\n<p data-start=\"1806\" data-end=\"2146\">Sentrimax fournit des pi\u00e8ces de r\u00e9ducteurs pour une vaste gamme d&#039;applications de centrifugeuses industrielles, notamment le traitement des eaux us\u00e9es municipales, le traitement du p\u00e9trole et du gaz, la fabrication de produits chimiques, la production alimentaire et de boissons, ainsi que la manutention de boues industrielles. Chaque pi\u00e8ce est \u00e9valu\u00e9e afin de garantir sa compatibilit\u00e9 avec le mod\u00e8le de centrifugeuse et les conditions de fonctionnement sp\u00e9cifiques.<\/p>\n<p data-start=\"2148\" data-end=\"2317\">Pour des informations g\u00e9n\u00e9rales sur le fonctionnement des syst\u00e8mes de centrifugeuses \u00e0 engrenages, des informations techniques suppl\u00e9mentaires sont disponibles \u00e0 l&#039;adresse suivante\u00a0:<br data-start=\"2266\" data-end=\"2269\" \/><a class=\"decorated-link\" href=\"https:\/\/www.britannica.com\/technology\/centrifuge\" target=\"_new\" rel=\"noopener\" data-start=\"2269\" data-end=\"2317\">https:\/\/www.britannica.com\/technology\/centrifuge<\/a><\/p>\n<hr data-start=\"2319\" data-end=\"2322\" \/>\n<h2 data-start=\"2324\" data-end=\"2363\"><strong data-start=\"2327\" data-end=\"2363\">Pourquoi les pi\u00e8ces de bo\u00eete de vitesses de qualit\u00e9 sont importantes<\/strong><\/h2>\n<p data-start=\"2365\" data-end=\"2527\">L&#039;utilisation de pi\u00e8ces de bo\u00eete de vitesses fabriqu\u00e9es avec pr\u00e9cision joue un r\u00f4le essentiel dans les performances et la fiabilit\u00e9 des centrifugeuses. Les composants de haute qualit\u00e9 de Sentrimax aident les op\u00e9rateurs\u00a0:<\/p>\n<ul data-start=\"2529\" data-end=\"2770\">\n<li data-start=\"2529\" data-end=\"2579\">\n<p data-start=\"2531\" data-end=\"2579\">Maintenir des vitesses diff\u00e9rentielles et de bol pr\u00e9cises<\/p>\n<\/li>\n<li data-start=\"2580\" data-end=\"2622\">\n<p data-start=\"2582\" data-end=\"2622\">R\u00e9duire les vibrations et les contraintes m\u00e9caniques<\/p>\n<\/li>\n<li data-start=\"2623\" data-end=\"2674\">\n<p data-start=\"2625\" data-end=\"2674\">Pr\u00e9venir les dommages secondaires aux ensembles rotatifs<\/p>\n<\/li>\n<li data-start=\"2675\" data-end=\"2721\">\n<p data-start=\"2677\" data-end=\"2721\">Prolongez la dur\u00e9e de vie de la bo\u00eete de vitesses et de la centrifugeuse.<\/p>\n<\/li>\n<li data-start=\"2722\" data-end=\"2770\">\n<p data-start=\"2724\" data-end=\"2770\">R\u00e9duction des co\u00fbts d&#039;entretien et de r\u00e9paration \u00e0 long terme<\/p>\n<\/li>\n<\/ul>\n<p data-start=\"2772\" data-end=\"2999\">Des pi\u00e8ces de bo\u00eete de vitesses de qualit\u00e9 inf\u00e9rieure ou mal ajust\u00e9es peuvent acc\u00e9l\u00e9rer l&#039;usure, augmenter la consommation d&#039;\u00e9nergie et provoquer des pannes inattendues. Sentrimax applique un contr\u00f4le qualit\u00e9 rigoureux et une analyse technique \u00e0 chaque composant de bo\u00eete de vitesses fourni.<\/p>\n<hr data-start=\"3001\" data-end=\"3004\" \/>\n<h2 data-start=\"3006\" data-end=\"3049\"><strong data-start=\"3009\" data-end=\"3049\">Capacit\u00e9s des pi\u00e8ces de bo\u00eete de vitesses Sentrimax<\/strong><\/h2>\n<p data-start=\"3051\" data-end=\"3226\">Sentrimax propose un vaste choix de pi\u00e8ces pour r\u00e9ducteurs de centrifugeuses industrielles, avec une expertise reconnue en usinage, fabrication et ing\u00e9nierie. Les composants disponibles incluent\u00a0:<\/p>\n<ul data-start=\"3228\" data-end=\"3483\">\n<li data-start=\"3228\" data-end=\"3261\">\n<p data-start=\"3230\" data-end=\"3261\">Engrenages et jeux d&#039;engrenages de pr\u00e9cision<\/p>\n<\/li>\n<li data-start=\"3262\" data-end=\"3297\">\n<p data-start=\"3264\" data-end=\"3297\">Roulements et ensembles de roulements<\/p>\n<\/li>\n<li data-start=\"3298\" data-end=\"3346\">\n<p data-start=\"3300\" data-end=\"3346\">Arbres, accouplements et interfaces m\u00e9caniques<\/p>\n<\/li>\n<li data-start=\"3347\" data-end=\"3390\">\n<p data-start=\"3349\" data-end=\"3390\">Composants des joints et du syst\u00e8me de lubrification<\/p>\n<\/li>\n<li data-start=\"3391\" data-end=\"3437\">\n<p data-start=\"3393\" data-end=\"3437\">Carter et composants structurels de la bo\u00eete de vitesses<\/p>\n<\/li>\n<li data-start=\"3438\" data-end=\"3483\">\n<p data-start=\"3440\" data-end=\"3483\">Pi\u00e8ces de rechange conformes aux sp\u00e9cifications du fabricant et con\u00e7ues sur mesure<\/p>\n<\/li>\n<\/ul>\n<p data-start=\"3485\" data-end=\"3677\">Pour les composants obsol\u00e8tes ou difficiles \u00e0 trouver, Sentrimax propose des services de fabrication sur mesure et de r\u00e9tro-ing\u00e9nierie afin de produire des pi\u00e8ces de rechange pour bo\u00eetes de vitesses r\u00e9pondant aux exigences op\u00e9rationnelles exactes.<\/p>\n<p data-start=\"3679\" data-end=\"3774\">Pour en savoir plus sur les pi\u00e8ces d\u00e9tach\u00e9es pour centrifugeuses et les services propos\u00e9s, consultez notre site web.<br data-start=\"3740\" data-end=\"3743\" \/><a class=\"decorated-link\" href=\"https:\/\/sentrimax.com\/fr\/services\/?utm_source=chatgpt.com\" target=\"_new\" rel=\"noopener\" data-start=\"3743\" data-end=\"3774\">https:\/\/sentrimax.com\/services\/<\/a><\/p>\n<hr data-start=\"3776\" data-end=\"3779\" \/>\n<h2 data-start=\"3781\" data-end=\"3831\"><strong data-start=\"3784\" data-end=\"3831\">Assistance qualit\u00e9 et ing\u00e9nierie certifi\u00e9e ISO<\/strong><\/h2>\n<p data-start=\"3833\" data-end=\"4120\">Sentrimax op\u00e8re selon un syst\u00e8me de gestion de la qualit\u00e9 certifi\u00e9 ISO 9001:2015, garantissant la constance, la tra\u00e7abilit\u00e9 et la reproductibilit\u00e9 des r\u00e9sultats pour toutes les pi\u00e8ces de bo\u00eetes de vitesses fournies. Chaque composant est inspect\u00e9 et v\u00e9rifi\u00e9 afin de s&#039;assurer de sa conformit\u00e9 aux normes dimensionnelles, de mat\u00e9riaux et de performance avant livraison.<\/p>\n<p data-start=\"4122\" data-end=\"4381\">L&#039;assistance technique est int\u00e9gr\u00e9e au processus d&#039;approvisionnement en pi\u00e8ces d\u00e9tach\u00e9es. Sentrimax \u00e9value les conditions de fonctionnement, l&#039;historique des d\u00e9faillances et les exigences de charge afin de recommander des mat\u00e9riaux am\u00e9lior\u00e9s ou des am\u00e9liorations de conception permettant de r\u00e9duire les probl\u00e8mes futurs de la bo\u00eete de vitesses et d&#039;am\u00e9liorer sa fiabilit\u00e9.<\/p>\n<p data-start=\"4383\" data-end=\"4461\">Pour en savoir plus sur le proc\u00e9d\u00e9 Sentrimax, consultez le site web.<br data-start=\"4424\" data-end=\"4427\" \/><a class=\"decorated-link\" href=\"https:\/\/sentrimax.com\/fr\/our-process\/?utm_source=chatgpt.com\" target=\"_new\" rel=\"noopener\" data-start=\"4427\" data-end=\"4461\">https:\/\/sentrimax.com\/our-process\/<\/a><\/p>\n<hr data-start=\"4463\" data-end=\"4466\" \/>\n<h2 data-start=\"4468\" data-end=\"4521\"><strong data-start=\"4471\" data-end=\"4521\">Soutien aux op\u00e9rations industrielles \u00e0 Houston, Texas<\/strong><\/h2>\n<p data-start=\"4523\" data-end=\"4838\">Houston (Texas) est un p\u00f4le majeur pour l&#039;\u00e9nergie, la p\u00e9trochimie, la fabrication et les infrastructures municipales, o\u00f9 les centrifugeuses industrielles jouent un r\u00f4le essentiel. Sentrimax fournit aux installations de toute la r\u00e9gion de Houston des pi\u00e8ces de r\u00e9ducteurs de centrifugeuses con\u00e7ues pour les environnements industriels exigeants.<\/p>\n<p data-start=\"4840\" data-end=\"5130\">Forte de son exp\u00e9rience aupr\u00e8s de clients aux \u00c9tats-Unis et au Canada, Sentrimax comprend l&#039;importance cruciale de la disponibilit\u00e9 des pi\u00e8ces et de la r\u00e9duction des temps d&#039;arr\u00eat. Qu&#039;il s&#039;agisse de maintenance planifi\u00e9e ou de r\u00e9parations urgentes, Sentrimax fournit des composants fiables et un accompagnement expert.<\/p>\n<p data-start=\"5132\" data-end=\"5310\">Les secteurs d&#039;activit\u00e9 soutenus comprennent le p\u00e9trole et le gaz, la transformation chimique, le traitement des eaux us\u00e9es municipales, la fabrication de produits alimentaires et de boissons, et la transformation industrielle.<br data-start=\"5274\" data-end=\"5277\" \/><a class=\"decorated-link\" href=\"https:\/\/sentrimax.com\/fr\/industries\/?utm_source=chatgpt.com\" target=\"_new\" rel=\"noopener\" data-start=\"5277\" data-end=\"5310\">https:\/\/sentrimax.com\/industries\/<\/a><\/p>\n<hr data-start=\"5312\" data-end=\"5315\" \/>\n<h2 data-start=\"5317\" data-end=\"5366\"><strong data-start=\"5320\" data-end=\"5366\">Maintenance pr\u00e9ventive et assistance tout au long du cycle de vie<\/strong><\/h2>\n<p data-start=\"5368\" data-end=\"5693\">Outre la fourniture de pi\u00e8ces pour r\u00e9ducteurs de centrifugeuses industrielles, Sentrimax propose des services de maintenance pr\u00e9ventive et d&#039;assistance tout au long du cycle de vie afin d&#039;aider les op\u00e9rateurs \u00e0 r\u00e9duire les pannes impr\u00e9vues. Les inspections r\u00e9guli\u00e8res, l&#039;analyse des vibrations et le remplacement planifi\u00e9 des composants permettent de d\u00e9tecter rapidement les probl\u00e8mes de r\u00e9ducteur et de garantir des performances optimales.<\/p>\n<p data-start=\"5695\" data-end=\"5946\">Sentrimax propose \u00e9galement des services complets de r\u00e9vision de centrifugeuses, de r\u00e9paration de r\u00e9ducteurs et de location d&#039;\u00e9quipements pour les installations g\u00e9rant des \u00e9quipements vieillissants ou des besoins de capacit\u00e9 importants. Ces services contribuent \u00e0 assurer la continuit\u00e9 des op\u00e9rations tout en ma\u00eetrisant les co\u00fbts de maintenance.<\/p>\n<p data-start=\"5948\" data-end=\"6074\">Des informations compl\u00e9mentaires sur la fiabilit\u00e9 des \u00e9quipements industriels et les infrastructures \u00e9nerg\u00e9tiques sont disponibles \u00e0 l&#039;adresse suivante\u00a0:<br data-start=\"6048\" data-end=\"6051\" \/><a class=\"decorated-link\" href=\"https:\/\/www.energy.gov\/\" target=\"_new\" rel=\"noopener\" data-start=\"6051\" data-end=\"6074\">https:\/\/www.energy.gov\/<\/a><\/p>\n<hr data-start=\"6076\" data-end=\"6079\" \/>\n<h2 data-start=\"6081\" data-end=\"6133\"><strong data-start=\"6084\" data-end=\"6133\">Une source fiable pour les pi\u00e8ces de bo\u00eetes de vitesses de centrifugeuses<\/strong><\/h2>\n<p data-start=\"6135\" data-end=\"6411\">Sentrimax allie expertise technique, syst\u00e8mes de qualit\u00e9 certifi\u00e9s ISO et connaissance approfondie du secteur pour fournir des solutions fiables. <strong data-start=\"6256\" data-end=\"6309\">Pi\u00e8ces de r\u00e9ducteurs pour centrifugeuses industrielles \u00e0 Houston, Texas<\/strong>. Chaque composant fourni est con\u00e7u dans un souci de pr\u00e9cision, de durabilit\u00e9 et de performance op\u00e9rationnelle \u00e0 long terme.<\/p>\n<hr data-start=\"6413\" data-end=\"6416\" \/>\n<h2 data-start=\"6418\" data-end=\"6460\"><strong data-start=\"6421\" data-end=\"6460\">Demandez d\u00e8s aujourd&#039;hui une assistance pour les pi\u00e8ces de bo\u00eete de vitesses.<\/strong><\/h2>\n<p data-start=\"6462\" data-end=\"6675\">Lorsque les performances d&#039;une centrifugeuse d\u00e9pendent de la fiabilit\u00e9 des composants de sa bo\u00eete de vitesses, Sentrimax est l\u00e0 pour vous aider. Contactez un membre exp\u00e9riment\u00e9 de notre \u00e9quipe pour discuter de vos besoins en pi\u00e8ces de bo\u00eete de vitesses, des d\u00e9lais de livraison et des sp\u00e9cifications techniques.<\/p>\n<p data-start=\"6677\" data-end=\"6731\" data-is-last-node=\"\" data-is-only-node=\"\"><strong data-start=\"6677\" data-end=\"6731\" data-is-last-node=\"\"><a class=\"decorated-link\" href=\"https:\/\/sentrimax.com\/fr\/contact\/\" target=\"_new\" rel=\"noopener\" data-start=\"6679\" data-end=\"6729\">Demandez un devis !<\/a><\/strong><\/p>","protected":false},"excerpt":{"rendered":"<p>Sentrimax supplies high-quality industrial centrifuge gearbox parts in Houston TX, supporting facilities that rely on dependable power transmission and precise speed control within their centrifuge systems. With decades of experience in centrifuge service, repair, and component engineering, Sentrimax provides gearbox parts designed to restore performance, extend equipment life, and reduce unplanned downtime. Centrifuge gearboxes are [&hellip;]<\/p>\n","protected":false},"author":3,"featured_media":0,"parent":0,"menu_order":0,"comment_status":"closed","ping_status":"closed","template":"seo-page-template.php","meta":{"_acf_changed":false,"inline_featured_image":false,"footnotes":""},"class_list":["post-2339","page","type-page","status-publish","hentry"],"acf":[],"_links":{"self":[{"href":"https:\/\/sentrimax.com\/fr\/wp-json\/wp\/v2\/pages\/2339","targetHints":{"allow":["GET"]}}],"collection":[{"href":"https:\/\/sentrimax.com\/fr\/wp-json\/wp\/v2\/pages"}],"about":[{"href":"https:\/\/sentrimax.com\/fr\/wp-json\/wp\/v2\/types\/page"}],"author":[{"embeddable":true,"href":"https:\/\/sentrimax.com\/fr\/wp-json\/wp\/v2\/users\/3"}],"replies":[{"embeddable":true,"href":"https:\/\/sentrimax.com\/fr\/wp-json\/wp\/v2\/comments?post=2339"}],"version-history":[{"count":1,"href":"https:\/\/sentrimax.com\/fr\/wp-json\/wp\/v2\/pages\/2339\/revisions"}],"predecessor-version":[{"id":2488,"href":"https:\/\/sentrimax.com\/fr\/wp-json\/wp\/v2\/pages\/2339\/revisions\/2488"}],"wp:attachment":[{"href":"https:\/\/sentrimax.com\/fr\/wp-json\/wp\/v2\/media?parent=2339"}],"curies":[{"name":"wp","href":"https:\/\/api.w.org\/{rel}","templated":true}]}}