{"id":2340,"date":"2026-01-07T18:04:20","date_gmt":"2026-01-07T18:04:20","guid":{"rendered":"https:\/\/sentrimax.com\/?page_id=2340"},"modified":"2026-04-21T21:13:35","modified_gmt":"2026-04-21T21:13:35","slug":"decanter-centrifuge-gearbox-repair-in-toronto-on","status":"publish","type":"page","link":"https:\/\/sentrimax.com\/fr\/decanter-centrifuge-gearbox-repair-in-toronto-on\/","title":{"rendered":"R\u00e9paration de bo\u00eetes de vitesses de centrifugeuses d\u00e9canteuses \u00e0 Toronto, Ontario"},"content":{"rendered":"<p data-start=\"517\" data-end=\"955\"><span class=\"hover:entity-accent entity-underline inline cursor-pointer align-baseline\"><span class=\"whitespace-normal\"><img fetchpriority=\"high\" decoding=\"async\" class=\"aligncenter size-full wp-image-904\" src=\"https:\/\/sentrimax.com\/wp-content\/uploads\/2025\/05\/image-3-1.png\" alt=\"\" width=\"1236\" height=\"760\" srcset=\"https:\/\/sentrimax.com\/wp-content\/uploads\/2025\/05\/image-3-1.png 1236w, https:\/\/sentrimax.com\/wp-content\/uploads\/2025\/05\/image-3-1-600x369.png 600w, https:\/\/sentrimax.com\/wp-content\/uploads\/2025\/05\/image-3-1-300x184.png 300w, https:\/\/sentrimax.com\/wp-content\/uploads\/2025\/05\/image-3-1-1024x630.png 1024w, https:\/\/sentrimax.com\/wp-content\/uploads\/2025\/05\/image-3-1-768x472.png 768w\" sizes=\"(max-width: 1236px) 100vw, 1236px\" \/><\/span><\/span><\/p>\n<p data-start=\"517\" data-end=\"955\"><span class=\"hover:entity-accent entity-underline inline cursor-pointer align-baseline\"><span class=\"whitespace-normal\">Sentrimax<\/span><\/span> fournit des services professionnels <strong data-start=\"577\" data-end=\"629\">R\u00e9paration de bo\u00eetes de vitesses de centrifugeuses d\u00e9canteuses \u00e0 Toronto, Ontario<\/strong>, Sentrimax soutient les op\u00e9rations industrielles, municipales et \u00e9nerg\u00e9tiques qui d\u00e9pendent de la performance constante de leurs centrifugeuses. Forte de plusieurs d\u00e9cennies d&#039;exp\u00e9rience dans la r\u00e9paration de syst\u00e8mes de centrifugeuses complexes en Am\u00e9rique du Nord, Sentrimax propose des solutions de r\u00e9paration de r\u00e9ducteurs fiables qui r\u00e9tablissent la fiabilit\u00e9, am\u00e9liorent l&#039;efficacit\u00e9 et prolongent la dur\u00e9e de vie des \u00e9quipements.<\/p>\n<p data-start=\"957\" data-end=\"1319\">Les r\u00e9ducteurs des centrifugeuses d\u00e9canteuses jouent un r\u00f4le crucial dans le contr\u00f4le de la vitesse du bol, de la vitesse diff\u00e9rentielle et de la transmission du couple. Lorsque les composants du r\u00e9ducteur s&#039;usent ou tombent en panne, l&#039;efficacit\u00e9 de s\u00e9paration diminue et le risque de dommages secondaires augmente. Sentrimax est sp\u00e9cialis\u00e9e dans la r\u00e9paration de r\u00e9ducteurs de pr\u00e9cision, con\u00e7ue pour r\u00e9tablir le fonctionnement s\u00fbr et stable des centrifugeuses d\u00e9canteuses.<\/p>\n<hr data-start=\"1321\" data-end=\"1324\" \/>\n<h2 data-start=\"1326\" data-end=\"1384\"><strong data-start=\"1329\" data-end=\"1384\">R\u00e9paration sp\u00e9cialis\u00e9e de bo\u00eetes de vitesses pour centrifugeuses d\u00e9canteuses<\/strong><\/h2>\n<p data-start=\"1386\" data-end=\"1793\">Les r\u00e9ducteurs des centrifugeuses d\u00e9canteuses fonctionnent sous charge constante, couple \u00e9lev\u00e9 et dans des conditions de process exigeantes. Avec le temps, les composants internes tels que les engrenages, les roulements, les arbres et les joints subissent une usure pouvant entra\u00eener des vibrations, une surchauffe et une baisse des performances de s\u00e9paration. Sentrimax s&#039;attache \u00e0 identifier la cause premi\u00e8re des d\u00e9faillances des r\u00e9ducteurs afin de proposer des solutions de r\u00e9paration durables plut\u00f4t que des solutions temporaires.<\/p>\n<p data-start=\"1795\" data-end=\"2088\">Nos services de r\u00e9paration comprennent le d\u00e9montage complet de la bo\u00eete de vitesses, son inspection, ses mesures de pr\u00e9cision, la r\u00e9paration ou le remplacement de ses composants, ainsi que son remontage contr\u00f4l\u00e9. Chaque bo\u00eete de vitesses est remise en \u00e9tat conform\u00e9ment aux sp\u00e9cifications du constructeur ou aux tol\u00e9rances d&#039;ing\u00e9nierie afin de garantir un alignement optimal, une r\u00e9partition ad\u00e9quate de la charge et une grande durabilit\u00e9.<\/p>\n<p data-start=\"2090\" data-end=\"2349\">La pr\u00e9cision du r\u00e9ducteur est essentielle pour assurer un transport constant des solides et une clarification optimale des liquides dans les centrifugeuses d\u00e9canteuses. Tout \u00e9cart m\u00e9canique au sein du r\u00e9ducteur peut perturber la r\u00e9gulation de la vitesse diff\u00e9rentielle et impacter n\u00e9gativement les r\u00e9sultats du proc\u00e9d\u00e9 s&#039;il n&#039;est pas corrig\u00e9.<\/p>\n<hr data-start=\"2351\" data-end=\"2354\" \/>\n<h2 data-start=\"2356\" data-end=\"2402\"><strong data-start=\"2359\" data-end=\"2402\">R\u00e9paration des probl\u00e8mes courants de bo\u00eete de vitesses des carafes<\/strong><\/h2>\n<p data-start=\"2404\" data-end=\"2519\">Les techniciens de Sentrimax r\u00e9parent r\u00e9guli\u00e8rement les probl\u00e8mes de bo\u00eetes de vitesses rencontr\u00e9s dans les applications de centrifugeuses d\u00e9canteuses, notamment\u00a0:<\/p>\n<ul data-start=\"2521\" data-end=\"2772\">\n<li data-start=\"2521\" data-end=\"2562\">\n<p data-start=\"2523\" data-end=\"2562\">Vibrations excessives ou bruits anormaux<\/p>\n<\/li>\n<li data-start=\"2563\" data-end=\"2602\">\n<p data-start=\"2565\" data-end=\"2602\">Usure, piq\u00fbres ou dommages des dents d&#039;engrenage<\/p>\n<\/li>\n<li data-start=\"2603\" data-end=\"2647\">\n<p data-start=\"2605\" data-end=\"2647\">D\u00e9faillance des roulements ou d\u00e9faut de lubrification<\/p>\n<\/li>\n<li data-start=\"2648\" data-end=\"2684\">\n<p data-start=\"2650\" data-end=\"2684\">Fuites d&#039;\u00e9tanch\u00e9it\u00e9 et contamination par l&#039;huile<\/p>\n<\/li>\n<li data-start=\"2685\" data-end=\"2721\">\n<p data-start=\"2687\" data-end=\"2721\">D\u00e9salignement ou d\u00e9viation de l&#039;arbre<\/p>\n<\/li>\n<li data-start=\"2722\" data-end=\"2772\">\n<p data-start=\"2724\" data-end=\"2772\">Perte de transmission du couple ou de stabilit\u00e9 de la vitesse<\/p>\n<\/li>\n<\/ul>\n<p data-start=\"2774\" data-end=\"2935\">Gr\u00e2ce \u00e0 une inspection d\u00e9taill\u00e9e et \u00e0 une analyse des causes profondes, Sentrimax s&#039;assure que chaque r\u00e9paration de bo\u00eete de vitesses prenne en compte \u00e0 la fois les dommages actuels et les facteurs de fonctionnement contributifs.<\/p>\n<hr data-start=\"2937\" data-end=\"2940\" \/>\n<h2 data-start=\"2942\" data-end=\"2992\"><strong data-start=\"2945\" data-end=\"2992\">Pourquoi la r\u00e9paration professionnelle des bo\u00eetes de vitesses est essentielle<\/strong><\/h2>\n<p data-start=\"2994\" data-end=\"3192\">Une d\u00e9faillance du r\u00e9ducteur d&#039;une centrifugeuse d\u00e9canteuse peut rapidement entra\u00eener des arr\u00eats impr\u00e9vus, des r\u00e9parations co\u00fbteuses et une baisse des performances du processus. Les services professionnels de r\u00e9paration de r\u00e9ducteurs de Sentrimax aident les op\u00e9rateurs\u00a0:<\/p>\n<ul data-start=\"3194\" data-end=\"3447\">\n<li data-start=\"3194\" data-end=\"3247\">\n<p data-start=\"3196\" data-end=\"3247\">R\u00e9tablir l&#039;efficacit\u00e9 de la s\u00e9paration et le contr\u00f4le du processus<\/p>\n<\/li>\n<li data-start=\"3248\" data-end=\"3309\">\n<p data-start=\"3250\" data-end=\"3309\">Pr\u00e9venir les dommages secondaires aux bols et aux ensembles rotatifs<\/p>\n<\/li>\n<li data-start=\"3310\" data-end=\"3356\">\n<p data-start=\"3312\" data-end=\"3356\">Prolongez la dur\u00e9e de vie de la bo\u00eete de vitesses et de la centrifugeuse.<\/p>\n<\/li>\n<li data-start=\"3357\" data-end=\"3406\">\n<p data-start=\"3359\" data-end=\"3406\">R\u00e9duire les co\u00fbts de r\u00e9paration et de remplacement d&#039;urgence<\/p>\n<\/li>\n<li data-start=\"3407\" data-end=\"3447\">\n<p data-start=\"3409\" data-end=\"3447\">Assurer un fonctionnement s\u00fbr et fiable<\/p>\n<\/li>\n<\/ul>\n<p data-start=\"3449\" data-end=\"3659\">Tenter des r\u00e9parations \u00e0 court terme ou retarder la r\u00e9paration de la bo\u00eete de vitesses entra\u00eene souvent des dommages plus importants et des co\u00fbts plus \u00e9lev\u00e9s. Sentrimax applique des m\u00e9thodes de r\u00e9paration \u00e9prouv\u00e9es et un contr\u00f4le de qualit\u00e9 rigoureux pour garantir une fiabilit\u00e9 \u00e0 long terme.<\/p>\n<hr data-start=\"3661\" data-end=\"3664\" \/>\n<h2 data-start=\"3666\" data-end=\"3710\"><strong data-start=\"3669\" data-end=\"3710\">Capacit\u00e9s de r\u00e9paration de bo\u00eetes de vitesses Sentrimax<\/strong><\/h2>\n<p data-start=\"3712\" data-end=\"3895\">Sentrimax propose des services complets de r\u00e9paration de bo\u00eetes de vitesses pour centrifugeuses d\u00e9canteuses, s&#039;appuyant sur une expertise de pointe en usinage et en ing\u00e9nierie, ainsi que sur des syst\u00e8mes de qualit\u00e9 certifi\u00e9s. Ses capacit\u00e9s comprennent\u00a0:<\/p>\n<ul data-start=\"3897\" data-end=\"4200\">\n<li data-start=\"3897\" data-end=\"3941\">\n<p data-start=\"3899\" data-end=\"3941\">D\u00e9montage et inspection complets de la bo\u00eete de vitesses<\/p>\n<\/li>\n<li data-start=\"3942\" data-end=\"3998\">\n<p data-start=\"3944\" data-end=\"3998\">r\u00e9paration ou remplacement d&#039;engrenages, de roulements, d&#039;arbres et de joints<\/p>\n<\/li>\n<li data-start=\"3999\" data-end=\"4048\">\n<p data-start=\"4001\" data-end=\"4048\">Alignement pr\u00e9cis et r\u00e9assemblage contr\u00f4l\u00e9<\/p>\n<\/li>\n<li data-start=\"4049\" data-end=\"4097\">\n<p data-start=\"4051\" data-end=\"4097\">\u00c9valuation et correction du syst\u00e8me de lubrification<\/p>\n<\/li>\n<li data-start=\"4098\" data-end=\"4149\">\n<p data-start=\"4100\" data-end=\"4149\">Tests fonctionnels et v\u00e9rification des performances<\/p>\n<\/li>\n<li data-start=\"4150\" data-end=\"4200\">\n<p data-start=\"4152\" data-end=\"4200\">composants de remplacement conformes aux sp\u00e9cifications OEM et con\u00e7us sur mesure<\/p>\n<\/li>\n<\/ul>\n<p data-start=\"4202\" data-end=\"4355\">Pour les composants de bo\u00eetes de vitesses obsol\u00e8tes ou difficiles \u00e0 trouver, Sentrimax propose des solutions de fabrication sur mesure et de r\u00e9tro-ing\u00e9nierie pour restaurer leur pleine fonctionnalit\u00e9.<\/p>\n<p data-start=\"4357\" data-end=\"4453\">Apprenez-en davantage sur les capacit\u00e9s de r\u00e9paration et d&#039;entretien des centrifugeuses sur<br data-start=\"4419\" data-end=\"4422\" \/><a class=\"decorated-link\" href=\"https:\/\/sentrimax.com\/fr\/services\/?utm_source=chatgpt.com\" target=\"_new\" rel=\"noopener\" data-start=\"4422\" data-end=\"4453\">https:\/\/sentrimax.com\/services\/<\/a><\/p>\n<hr data-start=\"4455\" data-end=\"4458\" \/>\n<h2 data-start=\"4460\" data-end=\"4510\"><strong data-start=\"4463\" data-end=\"4510\">Assistance qualit\u00e9 et ing\u00e9nierie certifi\u00e9e ISO<\/strong><\/h2>\n<p data-start=\"4512\" data-end=\"4792\">Sentrimax op\u00e8re selon un syst\u00e8me de gestion de la qualit\u00e9 certifi\u00e9 ISO 9001:2015, garantissant une qualit\u00e9 d&#039;ex\u00e9cution constante, une tra\u00e7abilit\u00e9 optimale et des r\u00e9parations reproductibles. Chaque r\u00e9paration de bo\u00eete de vitesses de centrifugeuse d\u00e9canteuse suit des proc\u00e9dures document\u00e9es, de l&#039;inspection initiale \u00e0 la v\u00e9rification finale.<\/p>\n<p data-start=\"4794\" data-end=\"5036\">L&#039;assistance technique est int\u00e9gr\u00e9e \u00e0 chaque projet de r\u00e9paration. Sentrimax \u00e9value les conditions de fonctionnement, les exigences de charge et les donn\u00e9es historiques de d\u00e9faillance afin de recommander des am\u00e9liorations de conception ou des strat\u00e9gies de maintenance permettant de r\u00e9duire les probl\u00e8mes futurs de la bo\u00eete de vitesses.<\/p>\n<p data-start=\"5038\" data-end=\"5123\">Pour en savoir plus sur le processus de r\u00e9paration Sentrimax, consultez<br data-start=\"5086\" data-end=\"5089\" \/><a class=\"decorated-link\" href=\"https:\/\/sentrimax.com\/fr\/our-process\/?utm_source=chatgpt.com\" target=\"_new\" rel=\"noopener\" data-start=\"5089\" data-end=\"5123\">https:\/\/sentrimax.com\/our-process\/<\/a><\/p>\n<hr data-start=\"5125\" data-end=\"5128\" \/>\n<h2 data-start=\"5130\" data-end=\"5192\"><strong data-start=\"5133\" data-end=\"5192\">Soutien aux op\u00e9rations de d\u00e9cantation et de centrifugation \u00e0 Toronto (Ontario)<\/strong><\/h2>\n<p data-start=\"5194\" data-end=\"5526\">Toronto (Ontario) est un important centre d&#039;infrastructures municipales, de transformation industrielle et d&#039;activit\u00e9s \u00e9nerg\u00e9tiques o\u00f9 les centrifugeuses d\u00e9canteuses sont largement utilis\u00e9es. Sentrimax offre aux installations de la r\u00e9gion du Grand Toronto des services de r\u00e9paration de bo\u00eetes de vitesses rapides et adapt\u00e9s aux exigences d&#039;entretien et d&#039;exploitation les plus strictes.<\/p>\n<p data-start=\"5528\" data-end=\"5845\">Forte de son exp\u00e9rience aupr\u00e8s de clients partout au Canada et aux \u00c9tats-Unis, Sentrimax comprend l&#039;importance d&#039;une intervention rapide, d&#039;une communication claire et de d\u00e9lais d&#039;ex\u00e9cution fiables. Qu&#039;il s&#039;agisse de r\u00e9soudre une panne urgente ou de planifier la maintenance, Sentrimax vous offre un soutien expert tout au long du processus de r\u00e9paration.<\/p>\n<p data-start=\"5847\" data-end=\"6030\">Les industries soutenues comprennent le traitement des eaux us\u00e9es municipales, la transformation industrielle, le p\u00e9trole et le gaz, la production alimentaire et de boissons, et les installations \u00e9nerg\u00e9tiques.<br data-start=\"5994\" data-end=\"5997\" \/><a class=\"decorated-link\" href=\"https:\/\/sentrimax.com\/fr\/industries\/?utm_source=chatgpt.com\" target=\"_new\" rel=\"noopener\" data-start=\"5997\" data-end=\"6030\">https:\/\/sentrimax.com\/industries\/<\/a><\/p>\n<hr data-start=\"6032\" data-end=\"6035\" \/>\n<h2 data-start=\"6037\" data-end=\"6094\"><strong data-start=\"6040\" data-end=\"6094\">Maintenance pr\u00e9ventive et assistance \u00e0 long terme pour les bo\u00eetes de vitesses<\/strong><\/h2>\n<p data-start=\"6096\" data-end=\"6406\">Outre la r\u00e9paration des bo\u00eetes de vitesses, Sentrimax propose des services de maintenance pr\u00e9ventive et d&#039;assistance tout au long du cycle de vie afin d&#039;aider les op\u00e9rateurs \u00e0 r\u00e9duire les pannes impr\u00e9vues. Les inspections r\u00e9guli\u00e8res, l&#039;analyse des vibrations, le contr\u00f4le de la lubrification et le remplacement planifi\u00e9 des composants permettent de d\u00e9tecter les probl\u00e8mes au plus t\u00f4t et de garantir des performances optimales.<\/p>\n<p data-start=\"6408\" data-end=\"6660\">Sentrimax propose \u00e9galement la r\u00e9vision compl\u00e8te des centrifugeuses, la remise \u00e0 neuf des r\u00e9ducteurs et des services de conseil technique aux installations g\u00e9rant des \u00e9quipements vieillissants ou dont les exigences de proc\u00e9d\u00e9s \u00e9voluent. Ces services contribuent \u00e0 prolonger la dur\u00e9e de vie des \u00e9quipements tout en ma\u00eetrisant les co\u00fbts de maintenance.<\/p>\n<p data-start=\"6662\" data-end=\"6789\">Des informations compl\u00e9mentaires sur la fiabilit\u00e9 des \u00e9quipements industriels et le soutien aux infrastructures sont disponibles \u00e0 l&#039;adresse suivante\u00a0:<br data-start=\"6763\" data-end=\"6766\" \/><a class=\"decorated-link\" href=\"https:\/\/www.energy.gov\/\" target=\"_new\" rel=\"noopener\" data-start=\"6766\" data-end=\"6789\">https:\/\/www.energy.gov\/<\/a><\/p>\n<hr data-start=\"6791\" data-end=\"6794\" \/>\n<h2 data-start=\"6796\" data-end=\"6848\"><strong data-start=\"6799\" data-end=\"6848\">Un partenaire de confiance pour la r\u00e9paration des bo\u00eetes de vitesses de carafes<\/strong><\/h2>\n<p data-start=\"6850\" data-end=\"7106\">Sentrimax combine expertise technique, processus certifi\u00e9s ISO et connaissance approfondie du secteur pour fournir des solutions fiables. <strong data-start=\"6965\" data-end=\"7017\">R\u00e9paration de bo\u00eetes de vitesses de centrifugeuses d\u00e9canteuses \u00e0 Toronto, Ontario<\/strong>. Chaque r\u00e9paration est effectu\u00e9e avec un souci constant de pr\u00e9cision, de s\u00e9curit\u00e9 et de durabilit\u00e9.<\/p>\n<hr data-start=\"7108\" data-end=\"7111\" \/>\n<h2 data-start=\"7113\" data-end=\"7165\"><strong data-start=\"7116\" data-end=\"7165\">Demandez d\u00e8s aujourd&#039;hui une assistance pour la r\u00e9paration de votre bo\u00eete de vitesses de d\u00e9cantation.<\/strong><\/h2>\n<p data-start=\"7167\" data-end=\"7372\">Lorsque les performances d&#039;une centrifugeuse d\u00e9canteuse d\u00e9pendent d&#039;une bo\u00eete de vitesses fiable, Sentrimax est l\u00e0 pour vous aider. Contactez un membre exp\u00e9riment\u00e9 de notre \u00e9quipe pour discuter de vos besoins en r\u00e9paration de bo\u00eete de vitesses, des d\u00e9lais et des exigences techniques.<\/p>\n<p data-start=\"7374\" data-end=\"7428\" data-is-last-node=\"\" data-is-only-node=\"\"><strong data-start=\"7374\" data-end=\"7428\" data-is-last-node=\"\"><a class=\"decorated-link\" href=\"https:\/\/sentrimax.com\/fr\/contact\/\" target=\"_new\" rel=\"noopener\" data-start=\"7376\" data-end=\"7426\">Demandez un devis !<\/a><\/strong><\/p>","protected":false},"excerpt":{"rendered":"<p>Sentrimax provides professional decanter centrifuge gearbox repair in Toronto ON, supporting industrial, municipal, and energy-sector operations that rely on consistent centrifuge performance. With decades of experience repairing complex centrifuge systems across North America, Sentrimax delivers dependable gearbox repair solutions that restore reliability, improve efficiency, and extend equipment life. Decanter centrifuge gearboxes play a critical role [&hellip;]<\/p>\n","protected":false},"author":3,"featured_media":0,"parent":0,"menu_order":0,"comment_status":"closed","ping_status":"closed","template":"seo-page-template.php","meta":{"_acf_changed":false,"inline_featured_image":false,"footnotes":""},"class_list":["post-2340","page","type-page","status-publish","hentry"],"acf":[],"_links":{"self":[{"href":"https:\/\/sentrimax.com\/fr\/wp-json\/wp\/v2\/pages\/2340","targetHints":{"allow":["GET"]}}],"collection":[{"href":"https:\/\/sentrimax.com\/fr\/wp-json\/wp\/v2\/pages"}],"about":[{"href":"https:\/\/sentrimax.com\/fr\/wp-json\/wp\/v2\/types\/page"}],"author":[{"embeddable":true,"href":"https:\/\/sentrimax.com\/fr\/wp-json\/wp\/v2\/users\/3"}],"replies":[{"embeddable":true,"href":"https:\/\/sentrimax.com\/fr\/wp-json\/wp\/v2\/comments?post=2340"}],"version-history":[{"count":1,"href":"https:\/\/sentrimax.com\/fr\/wp-json\/wp\/v2\/pages\/2340\/revisions"}],"predecessor-version":[{"id":2487,"href":"https:\/\/sentrimax.com\/fr\/wp-json\/wp\/v2\/pages\/2340\/revisions\/2487"}],"wp:attachment":[{"href":"https:\/\/sentrimax.com\/fr\/wp-json\/wp\/v2\/media?parent=2340"}],"curies":[{"name":"wp","href":"https:\/\/api.w.org\/{rel}","templated":true}]}}