{"id":2341,"date":"2026-01-07T18:05:55","date_gmt":"2026-01-07T18:05:55","guid":{"rendered":"https:\/\/sentrimax.com\/?page_id=2341"},"modified":"2026-04-21T21:13:35","modified_gmt":"2026-04-21T21:13:35","slug":"centrifuge-rebuild-repair-in-los-angeles-ca","status":"publish","type":"page","link":"https:\/\/sentrimax.com\/fr\/centrifuge-rebuild-repair-in-los-angeles-ca\/","title":{"rendered":"Remise \u00e0 neuf et r\u00e9paration de centrifugeuses \u00e0 Los Angeles, Californie"},"content":{"rendered":"<p data-start=\"507\" data-end=\"961\"><span class=\"hover:entity-accent entity-underline inline cursor-pointer align-baseline\"><span class=\"whitespace-normal\"><img fetchpriority=\"high\" decoding=\"async\" class=\"aligncenter size-full wp-image-880\" src=\"https:\/\/sentrimax.com\/wp-content\/uploads\/2025\/05\/image-2-1-scaled.png\" alt=\"\" width=\"2560\" height=\"896\" srcset=\"https:\/\/sentrimax.com\/wp-content\/uploads\/2025\/05\/image-2-1-scaled.png 2560w, https:\/\/sentrimax.com\/wp-content\/uploads\/2025\/05\/image-2-1-scaled-600x210.png 600w, https:\/\/sentrimax.com\/wp-content\/uploads\/2025\/05\/image-2-1-300x105.png 300w, https:\/\/sentrimax.com\/wp-content\/uploads\/2025\/05\/image-2-1-1024x358.png 1024w, https:\/\/sentrimax.com\/wp-content\/uploads\/2025\/05\/image-2-1-768x269.png 768w, https:\/\/sentrimax.com\/wp-content\/uploads\/2025\/05\/image-2-1-1536x538.png 1536w, https:\/\/sentrimax.com\/wp-content\/uploads\/2025\/05\/image-2-1-2048x717.png 2048w\" sizes=\"(max-width: 2560px) 100vw, 2560px\" \/><\/span><\/span><\/p>\n<p data-start=\"507\" data-end=\"961\"><span class=\"hover:entity-accent entity-underline inline cursor-pointer align-baseline\"><span class=\"whitespace-normal\">Sentrimax<\/span><\/span> fournit des services professionnels <strong data-start=\"567\" data-end=\"616\">Remise \u00e0 neuf et r\u00e9paration de centrifugeuses \u00e0 Los Angeles, Californie<\/strong>, Sentrimax accompagne les secteurs industriels, municipaux et \u00e9nerg\u00e9tiques qui d\u00e9pendent d&#039;\u00e9quipements de s\u00e9paration fiables. Forte de plusieurs d\u00e9cennies d&#039;exp\u00e9rience dans la maintenance de syst\u00e8mes de centrifugeuses complexes en Am\u00e9rique du Nord, Sentrimax propose des solutions compl\u00e8tes de remise en \u00e9tat et de r\u00e9paration qui optimisent les performances, prolongent la dur\u00e9e de vie des \u00e9quipements et r\u00e9duisent les co\u00fbts d&#039;exploitation \u00e0 long terme.<\/p>\n<p data-start=\"963\" data-end=\"1359\">Les centrifugeuses industrielles fonctionnent dans des conditions exigeantes qui soumettent leurs composants m\u00e9caniques, \u00e9lectriques et rotatifs \u00e0 des contraintes constantes. Avec le temps, l&#039;usure, le d\u00e9s\u00e9quilibre et la fatigue peuvent r\u00e9duire leur efficacit\u00e9 et accro\u00eetre le risque de panne. Sentrimax propose des services complets de remise \u00e0 neuf et de r\u00e9paration de centrifugeuses, con\u00e7us pour garantir un fonctionnement s\u00fbr et fiable de vos \u00e9quipements, tout en respectant des normes de qualit\u00e9 strictes.<\/p>\n<hr data-start=\"1361\" data-end=\"1364\" \/>\n<h2 data-start=\"1366\" data-end=\"1423\"><strong data-start=\"1369\" data-end=\"1423\">Services complets de remise en \u00e9tat et de r\u00e9paration de centrifugeuses<\/strong><\/h2>\n<p data-start=\"1425\" data-end=\"1694\">Les services de remise \u00e0 neuf et de r\u00e9paration de centrifugeuses permettent de r\u00e9soudre les probl\u00e8mes m\u00e9caniques imm\u00e9diats ainsi que les probl\u00e8mes de performance \u00e0 long terme. Sentrimax \u00e9value chaque centrifugeuse individuellement afin de d\u00e9terminer si des r\u00e9parations cibl\u00e9es ou une remise \u00e0 neuf compl\u00e8te offriront le meilleur rapport qualit\u00e9-prix et la plus grande fiabilit\u00e9.<\/p>\n<p data-start=\"1696\" data-end=\"2021\">Les services de r\u00e9paration visent g\u00e9n\u00e9ralement \u00e0 corriger des pannes sp\u00e9cifiques telles que des dommages aux roulements, des fuites d&#039;\u00e9tanch\u00e9it\u00e9, des probl\u00e8mes de bo\u00eete de vitesses ou de syst\u00e8me d&#039;entra\u00eenement. Les services de remise \u00e0 neuf impliquent un processus plus complet qui restaure la centrifugeuse \u00e0 un \u00e9tat de fonctionnement quasi neuf gr\u00e2ce \u00e0 un d\u00e9montage complet, une inspection, une remise en \u00e9tat et un remontage.<\/p>\n<p data-start=\"2023\" data-end=\"2407\">Les centrifugeuses utilisent la force centrifuge pour s\u00e9parer efficacement les solides et les liquides\u00a0; l\u2019\u00e9quilibre, l\u2019alignement et l\u2019int\u00e9grit\u00e9 des composants sont donc essentiels. M\u00eame de l\u00e9gers \u00e9carts peuvent entra\u00eener des vibrations, une baisse de l\u2019efficacit\u00e9 de s\u00e9paration ou des dommages secondaires s\u2019ils ne sont pas corrig\u00e9s.<br data-start=\"2288\" data-end=\"2291\" \/>Des informations techniques suppl\u00e9mentaires sur le fonctionnement des centrifugeuses sont disponibles \u00e0 l&#039;adresse suivante\u00a0:<br data-start=\"2356\" data-end=\"2359\" \/><a class=\"decorated-link\" href=\"https:\/\/www.britannica.com\/technology\/centrifuge\" target=\"_new\" rel=\"noopener\" data-start=\"2359\" data-end=\"2407\">https:\/\/www.britannica.com\/technology\/centrifuge<\/a><\/p>\n<hr data-start=\"2409\" data-end=\"2412\" \/>\n<h2 data-start=\"2414\" data-end=\"2468\"><strong data-start=\"2417\" data-end=\"2468\">Probl\u00e8mes courants abord\u00e9s lors de la reconstruction et de la r\u00e9paration<\/strong><\/h2>\n<p data-start=\"2470\" data-end=\"2558\">Les \u00e9quipes de remise en \u00e9tat et de r\u00e9paration de Sentrimax prennent en charge un large \u00e9ventail de probl\u00e8mes li\u00e9s aux centrifugeuses, notamment\u00a0:<\/p>\n<ul data-start=\"2560\" data-end=\"2798\">\n<li data-start=\"2560\" data-end=\"2601\">\n<p data-start=\"2562\" data-end=\"2601\">Vibrations excessives ou bruits anormaux<\/p>\n<\/li>\n<li data-start=\"2602\" data-end=\"2635\">\n<p data-start=\"2604\" data-end=\"2635\">Efficacit\u00e9 de s\u00e9paration r\u00e9duite<\/p>\n<\/li>\n<li data-start=\"2636\" data-end=\"2678\">\n<p data-start=\"2638\" data-end=\"2678\">D\u00e9faillances des roulements, des joints d&#039;\u00e9tanch\u00e9it\u00e9 ou de la lubrification<\/p>\n<\/li>\n<li data-start=\"2679\" data-end=\"2711\">\n<p data-start=\"2681\" data-end=\"2711\">usure de la bo\u00eete de vitesses ou du syst\u00e8me de transmission<\/p>\n<\/li>\n<li data-start=\"2712\" data-end=\"2757\">\n<p data-start=\"2714\" data-end=\"2757\">Fatigue structurelle dans les ensembles rotatifs<\/p>\n<\/li>\n<li data-start=\"2758\" data-end=\"2798\">\n<p data-start=\"2760\" data-end=\"2798\">D\u00e9fauts des syst\u00e8mes \u00e9lectriques et de contr\u00f4le<\/p>\n<\/li>\n<\/ul>\n<p data-start=\"2800\" data-end=\"2956\">Gr\u00e2ce \u00e0 une inspection d\u00e9taill\u00e9e et \u00e0 une analyse des causes profondes, Sentrimax s&#039;assure que les reconstructions et les r\u00e9parations corrigent les probl\u00e8mes sous-jacents plut\u00f4t que les sympt\u00f4mes temporaires.<\/p>\n<hr data-start=\"2958\" data-end=\"2961\" \/>\n<h2 data-start=\"2963\" data-end=\"3011\"><strong data-start=\"2966\" data-end=\"3011\">Pourquoi la reconstruction et la r\u00e9paration professionnelles sont importantes<\/strong><\/h2>\n<p data-start=\"3013\" data-end=\"3179\">Les services professionnels de remise en \u00e9tat et de r\u00e9paration des centrifugeuses jouent un r\u00f4le essentiel dans le maintien de leur disponibilit\u00e9, de la s\u00e9curit\u00e9 et de leur efficacit\u00e9 op\u00e9rationnelle. Les services Sentrimax aident les op\u00e9rateurs \u00e0\u00a0:<\/p>\n<ul data-start=\"3181\" data-end=\"3383\">\n<li data-start=\"3181\" data-end=\"3215\">\n<p data-start=\"3183\" data-end=\"3215\">Prolongez la dur\u00e9e de vie de la centrifugeuse<\/p>\n<\/li>\n<li data-start=\"3216\" data-end=\"3263\">\n<p data-start=\"3218\" data-end=\"3263\">R\u00e9tablir les sp\u00e9cifications de performance d&#039;origine<\/p>\n<\/li>\n<li data-start=\"3264\" data-end=\"3293\">\n<p data-start=\"3266\" data-end=\"3293\">R\u00e9duisez les temps d&#039;arr\u00eat non planifi\u00e9s<\/p>\n<\/li>\n<li data-start=\"3294\" data-end=\"3335\">\n<p data-start=\"3296\" data-end=\"3335\">\u00c9vitez le remplacement pr\u00e9matur\u00e9 du mat\u00e9riel<\/p>\n<\/li>\n<li data-start=\"3336\" data-end=\"3383\">\n<p data-start=\"3338\" data-end=\"3383\">Am\u00e9liorer la coh\u00e9rence et la fiabilit\u00e9 des processus<\/p>\n<\/li>\n<\/ul>\n<p data-start=\"3385\" data-end=\"3635\">Retarder les reconstructions ou se contenter de r\u00e9parations partielles entra\u00eene souvent une augmentation des co\u00fbts de maintenance et un risque accru de panne catastrophique. Sentrimax applique des m\u00e9thodologies \u00e9prouv\u00e9es et des processus de contr\u00f4le qualit\u00e9 rigoureux pour fournir des solutions durables et p\u00e9rennes.<\/p>\n<hr data-start=\"3637\" data-end=\"3640\" \/>\n<h2 data-start=\"3642\" data-end=\"3688\"><strong data-start=\"3645\" data-end=\"3688\">Capacit\u00e9s de reconstruction et de r\u00e9paration de Sentrimax<\/strong><\/h2>\n<p data-start=\"3690\" data-end=\"3851\">Sentrimax propose des services complets de remise \u00e0 neuf et de r\u00e9paration de centrifugeuses, s&#039;appuyant sur une expertise pointue en usinage, fabrication et ing\u00e9nierie. Ses capacit\u00e9s comprennent\u00a0:<\/p>\n<ul data-start=\"3853\" data-end=\"4126\">\n<li data-start=\"3853\" data-end=\"3900\">\n<p data-start=\"3855\" data-end=\"3900\">D\u00e9montage et inspection complets de la centrifugeuse<\/p>\n<\/li>\n<li data-start=\"3901\" data-end=\"3953\">\n<p data-start=\"3903\" data-end=\"3953\">remplacement des roulements, des joints et des ensembles rotatifs<\/p>\n<\/li>\n<li data-start=\"3954\" data-end=\"3991\">\n<p data-start=\"3956\" data-end=\"3991\">reconstruction de la bo\u00eete de vitesses et du syst\u00e8me de transmission<\/p>\n<\/li>\n<li data-start=\"3992\" data-end=\"4029\">\n<p data-start=\"3994\" data-end=\"4029\">\u00c9quilibrage et alignement de pr\u00e9cision<\/p>\n<\/li>\n<li data-start=\"4030\" data-end=\"4074\">\n<p data-start=\"4032\" data-end=\"4074\">\u00c9valuation des syst\u00e8mes \u00e9lectriques et de contr\u00f4le<\/p>\n<\/li>\n<li data-start=\"4075\" data-end=\"4126\">\n<p data-start=\"4077\" data-end=\"4126\">Tests fonctionnels et v\u00e9rification des performances<\/p>\n<\/li>\n<\/ul>\n<p data-start=\"4128\" data-end=\"4338\">Des composants de rechange conformes aux sp\u00e9cifications du fabricant ou con\u00e7us par un ing\u00e9nieur sont utilis\u00e9s pour garantir un montage parfait et un fonctionnement fiable. Pour les pi\u00e8ces obsol\u00e8tes ou difficiles \u00e0 trouver, Sentrimax propose des solutions de fabrication sur mesure et de r\u00e9tro-ing\u00e9nierie.<\/p>\n<p data-start=\"4340\" data-end=\"4425\">Apprenez-en davantage sur les capacit\u00e9s de service des centrifugeuses \u00e0<br data-start=\"4391\" data-end=\"4394\" \/><a class=\"decorated-link\" href=\"https:\/\/sentrimax.com\/fr\/services\/?utm_source=chatgpt.com\" target=\"_new\" rel=\"noopener\" data-start=\"4394\" data-end=\"4425\">https:\/\/sentrimax.com\/services\/<\/a><\/p>\n<hr data-start=\"4427\" data-end=\"4430\" \/>\n<h2 data-start=\"4432\" data-end=\"4482\"><strong data-start=\"4435\" data-end=\"4482\">Assistance qualit\u00e9 et ing\u00e9nierie certifi\u00e9e ISO<\/strong><\/h2>\n<p data-start=\"4484\" data-end=\"4765\">Sentrimax op\u00e8re selon un syst\u00e8me de gestion de la qualit\u00e9 certifi\u00e9 ISO 9001:2015, garantissant la coh\u00e9rence, la tra\u00e7abilit\u00e9 et la reproductibilit\u00e9 des r\u00e9sultats pour tous ses projets de remise en \u00e9tat et de r\u00e9paration. Chaque remise en \u00e9tat de centrifugeuse suit des proc\u00e9dures document\u00e9es, de l&#039;\u00e9valuation initiale \u00e0 l&#039;inspection finale.<\/p>\n<p data-start=\"4767\" data-end=\"5000\">L&#039;assistance technique est int\u00e9gr\u00e9e tout au long du processus. Sentrimax \u00e9value les conditions d&#039;exploitation et les performances historiques afin de recommander des am\u00e9liorations de conception, des mises \u00e0 niveau des mat\u00e9riaux ou des strat\u00e9gies de maintenance permettant de r\u00e9duire les pannes futures.<\/p>\n<p data-start=\"5002\" data-end=\"5080\">Pour en savoir plus sur le proc\u00e9d\u00e9 Sentrimax, consultez le site web.<br data-start=\"5043\" data-end=\"5046\" \/><a class=\"decorated-link\" href=\"https:\/\/sentrimax.com\/fr\/our-process\/?utm_source=chatgpt.com\" target=\"_new\" rel=\"noopener\" data-start=\"5046\" data-end=\"5080\">https:\/\/sentrimax.com\/our-process\/<\/a><\/p>\n<hr data-start=\"5082\" data-end=\"5085\" \/>\n<h2 data-start=\"5087\" data-end=\"5144\"><strong data-start=\"5090\" data-end=\"5144\">Soutien aux op\u00e9rations industrielles \u00e0 Los Angeles, Californie<\/strong><\/h2>\n<p data-start=\"5146\" data-end=\"5454\">Los Angeles, en Californie, est un p\u00f4le majeur d&#039;infrastructures municipales, de production industrielle, d&#039;agroalimentaire, d&#039;\u00e9nergie et de services environnementaux, o\u00f9 les centrifugeuses jouent un r\u00f4le essentiel. Sentrimax accompagne les installations de toute la r\u00e9gion en leur proposant des services de remise en \u00e9tat et de r\u00e9paration adapt\u00e9s aux environnements d&#039;exploitation les plus exigeants.<\/p>\n<p data-start=\"5456\" data-end=\"5766\">Forte de son exp\u00e9rience aupr\u00e8s de clients aux \u00c9tats-Unis et au Canada, Sentrimax comprend l&#039;importance de d\u00e9lais d&#039;ex\u00e9cution fiables, d&#039;une communication claire et d&#039;une ex\u00e9cution experte. Qu&#039;il s&#039;agisse de r\u00e9parations d&#039;urgence ou de la planification d&#039;une reconstruction, Sentrimax offre un soutien fiable du d\u00e9but \u00e0 la fin.<\/p>\n<p data-start=\"5768\" data-end=\"5954\">Les industries soutenues comprennent le traitement des eaux us\u00e9es municipales, la transformation industrielle, le p\u00e9trole et le gaz, la fabrication de produits alimentaires et de boissons et la production d&#039;\u00e9nergie.<br data-start=\"5918\" data-end=\"5921\" \/><a class=\"decorated-link\" href=\"https:\/\/sentrimax.com\/fr\/industries\/?utm_source=chatgpt.com\" target=\"_new\" rel=\"noopener\" data-start=\"5921\" data-end=\"5954\">https:\/\/sentrimax.com\/industries\/<\/a><\/p>\n<hr data-start=\"5956\" data-end=\"5959\" \/>\n<h2 data-start=\"5961\" data-end=\"6010\"><strong data-start=\"5964\" data-end=\"6010\">Maintenance pr\u00e9ventive et assistance tout au long du cycle de vie<\/strong><\/h2>\n<p data-start=\"6012\" data-end=\"6303\">Outre les services de remise en \u00e9tat et de r\u00e9paration des centrifugeuses, Sentrimax propose des programmes de maintenance pr\u00e9ventive et d&#039;assistance tout au long du cycle de vie con\u00e7us pour r\u00e9duire les pannes impr\u00e9vues. Les inspections r\u00e9guli\u00e8res, la surveillance des vibrations et la planification du remplacement des composants permettent aux installations de g\u00e9rer la maintenance de mani\u00e8re proactive.<\/p>\n<p data-start=\"6305\" data-end=\"6543\">Sentrimax propose \u00e9galement la location de centrifugeuses, une assistance \u00e0 la mobilisation et des conseils techniques pour les op\u00e9rations n\u00e9cessitant une capacit\u00e9 temporaire ou une planification \u00e0 long terme. Ces services contribuent \u00e0 maintenir la productivit\u00e9 tout en ma\u00eetrisant les co\u00fbts de maintenance.<\/p>\n<p data-start=\"6545\" data-end=\"6672\">Des informations compl\u00e9mentaires sur la fiabilit\u00e9 des \u00e9quipements industriels et le soutien des infrastructures sont disponibles \u00e0 l&#039;adresse suivante\u00a0:<br data-start=\"6646\" data-end=\"6649\" \/><a class=\"decorated-link\" href=\"https:\/\/www.energy.gov\/\" target=\"_new\" rel=\"noopener\" data-start=\"6649\" data-end=\"6672\">https:\/\/www.energy.gov\/<\/a><\/p>\n<hr data-start=\"6674\" data-end=\"6677\" \/>\n<h2 data-start=\"6679\" data-end=\"6735\"><strong data-start=\"6682\" data-end=\"6735\">Un partenaire de confiance pour la remise en \u00e9tat et la r\u00e9paration de centrifugeuses<\/strong><\/h2>\n<p data-start=\"6737\" data-end=\"6991\">Sentrimax combine expertise technique, processus certifi\u00e9s ISO et connaissance approfondie du secteur pour fournir des solutions fiables. <strong data-start=\"6852\" data-end=\"6901\">Remise \u00e0 neuf et r\u00e9paration de centrifugeuses \u00e0 Los Angeles, Californie<\/strong>. Chaque projet est r\u00e9alis\u00e9 en mettant l&#039;accent sur la s\u00e9curit\u00e9, la pr\u00e9cision et la performance \u00e0 long terme.<\/p>\n<hr data-start=\"6993\" data-end=\"6996\" \/>\n<h2 data-start=\"6998\" data-end=\"7054\"><strong data-start=\"7001\" data-end=\"7054\">Demandez d\u00e8s aujourd&#039;hui une assistance pour la remise en \u00e9tat et la r\u00e9paration de votre centrifugeuse.<\/strong><\/h2>\n<p data-start=\"7056\" data-end=\"7255\">Lorsque la performance de votre centrifugeuse est essentielle \u00e0 votre activit\u00e9, Sentrimax est l\u00e0 pour vous aider. Contactez un membre exp\u00e9riment\u00e9 de notre \u00e9quipe pour discuter de vos besoins en mati\u00e8re de remise en \u00e9tat ou de r\u00e9paration, des d\u00e9lais et des exigences techniques.<\/p>\n<p data-start=\"7257\" data-end=\"7311\" data-is-last-node=\"\" data-is-only-node=\"\"><strong data-start=\"7257\" data-end=\"7311\" data-is-last-node=\"\"><a class=\"decorated-link\" href=\"https:\/\/sentrimax.com\/fr\/contact\/\" target=\"_new\" rel=\"noopener\" data-start=\"7259\" data-end=\"7309\">Demandez un devis !<\/a><\/strong><\/p>","protected":false},"excerpt":{"rendered":"<p>Sentrimax provides professional centrifuge rebuild &amp; repair in Los Angeles CA, supporting industrial, municipal, and energy-sector operations that rely on dependable separation equipment. With decades of experience servicing complex centrifuge systems across North America, Sentrimax delivers comprehensive rebuild and repair solutions that restore performance, extend equipment life, and reduce long-term operating costs. Industrial centrifuges operate [&hellip;]<\/p>\n","protected":false},"author":3,"featured_media":0,"parent":0,"menu_order":0,"comment_status":"closed","ping_status":"closed","template":"seo-page-template.php","meta":{"_acf_changed":false,"inline_featured_image":false,"footnotes":""},"class_list":["post-2341","page","type-page","status-publish","hentry"],"acf":[],"_links":{"self":[{"href":"https:\/\/sentrimax.com\/fr\/wp-json\/wp\/v2\/pages\/2341","targetHints":{"allow":["GET"]}}],"collection":[{"href":"https:\/\/sentrimax.com\/fr\/wp-json\/wp\/v2\/pages"}],"about":[{"href":"https:\/\/sentrimax.com\/fr\/wp-json\/wp\/v2\/types\/page"}],"author":[{"embeddable":true,"href":"https:\/\/sentrimax.com\/fr\/wp-json\/wp\/v2\/users\/3"}],"replies":[{"embeddable":true,"href":"https:\/\/sentrimax.com\/fr\/wp-json\/wp\/v2\/comments?post=2341"}],"version-history":[{"count":1,"href":"https:\/\/sentrimax.com\/fr\/wp-json\/wp\/v2\/pages\/2341\/revisions"}],"predecessor-version":[{"id":2486,"href":"https:\/\/sentrimax.com\/fr\/wp-json\/wp\/v2\/pages\/2341\/revisions\/2486"}],"wp:attachment":[{"href":"https:\/\/sentrimax.com\/fr\/wp-json\/wp\/v2\/media?parent=2341"}],"curies":[{"name":"wp","href":"https:\/\/api.w.org\/{rel}","templated":true}]}}