{"id":2342,"date":"2026-01-07T18:07:48","date_gmt":"2026-01-07T18:07:48","guid":{"rendered":"https:\/\/sentrimax.com\/?page_id=2342"},"modified":"2026-01-07T18:32:03","modified_gmt":"2026-01-07T18:32:03","slug":"full-service-centrifuge-repair-in-dallas-tx","status":"publish","type":"page","link":"https:\/\/sentrimax.com\/fr\/full-service-centrifuge-repair-in-dallas-tx\/","title":{"rendered":"R\u00e9paration compl\u00e8te de centrifugeuses \u00e0 Dallas, Texas"},"content":{"rendered":"<p data-start=\"507\" data-end=\"926\"><span class=\"hover:entity-accent entity-underline inline cursor-pointer align-baseline\"><span class=\"whitespace-normal\"><img fetchpriority=\"high\" decoding=\"async\" class=\"aligncenter size-full wp-image-546\" src=\"https:\/\/sentrimax.com\/wp-content\/uploads\/2025\/05\/image-11.jpg\" alt=\"\" width=\"1440\" height=\"504\" srcset=\"https:\/\/sentrimax.com\/wp-content\/uploads\/2025\/05\/image-11.jpg 1440w, https:\/\/sentrimax.com\/wp-content\/uploads\/2025\/05\/image-11-600x210.jpg 600w, https:\/\/sentrimax.com\/wp-content\/uploads\/2025\/05\/image-11-300x105.jpg 300w, https:\/\/sentrimax.com\/wp-content\/uploads\/2025\/05\/image-11-1024x358.jpg 1024w, https:\/\/sentrimax.com\/wp-content\/uploads\/2025\/05\/image-11-768x269.jpg 768w\" sizes=\"(max-width: 1440px) 100vw, 1440px\" \/><\/span><\/span><\/p>\n<p data-start=\"507\" data-end=\"926\"><span class=\"hover:entity-accent entity-underline inline cursor-pointer align-baseline\"><span class=\"whitespace-normal\">Sentrimax<\/span><\/span> fournit des services professionnels <strong data-start=\"567\" data-end=\"614\">Service complet de r\u00e9paration de centrifugeuses \u00e0 Dallas, Texas<\/strong>, Sentrimax soutient les op\u00e9rations municipales, industrielles et \u00e9nerg\u00e9tiques qui d\u00e9pendent d&#039;\u00e9quipements de s\u00e9paration fiables. Forte de plusieurs d\u00e9cennies d&#039;exp\u00e9rience dans la maintenance de centrifugeuses industrielles en Am\u00e9rique du Nord, Sentrimax propose des solutions de r\u00e9paration compl\u00e8tes qui r\u00e9tablissent les performances, r\u00e9duisent les temps d&#039;arr\u00eat et prolongent la dur\u00e9e de vie des \u00e9quipements.<\/p>\n<p data-start=\"928\" data-end=\"1359\">Les centrifugeuses industrielles fonctionnent dans des environnements exigeants o\u00f9 le fonctionnement continu, les vitesses de rotation \u00e9lev\u00e9es et les mat\u00e9riaux abrasifs soumettent les composants critiques \u00e0 des contraintes importantes. En cas de baisse de performance ou de panne, une r\u00e9paration rapide et compl\u00e8te est essentielle. Sentrimax propose des services complets de r\u00e9paration de centrifugeuses con\u00e7us pour remettre l&#039;\u00e9quipement en \u00e9tat de fonctionnement s\u00fbr et fiable, tout en respectant des normes strictes de qualit\u00e9 et de performance.<\/p>\n<hr data-start=\"1361\" data-end=\"1364\" \/>\n<h2 data-start=\"1366\" data-end=\"1427\"><strong data-start=\"1369\" data-end=\"1427\">Solutions compl\u00e8tes de r\u00e9paration de centrifugeuses<\/strong><\/h2>\n<p data-start=\"1429\" data-end=\"1733\">Le service complet de r\u00e9paration de centrifugeuses prend en charge tous les aspects de leur performance, de l&#039;int\u00e9grit\u00e9 m\u00e9canique aux syst\u00e8mes \u00e9lectriques et de contr\u00f4le. Sentrimax \u00e9value chaque centrifugeuse afin de d\u00e9terminer l&#039;\u00e9tendue des r\u00e9parations n\u00e9cessaires, qu&#039;il s&#039;agisse du remplacement cibl\u00e9 de composants ou d&#039;une restauration plus compl\u00e8te.<\/p>\n<p data-start=\"1735\" data-end=\"1988\">Les services de r\u00e9paration comprennent l&#039;inspection, le diagnostic, le d\u00e9montage, la r\u00e9paration ou le remplacement des composants, le remontage et les tests. Cette approche globale garantit l&#039;identification et la correction de tous les probl\u00e8mes sous-jacents, et non seulement des sympt\u00f4mes visibles de la panne.<\/p>\n<p data-start=\"1990\" data-end=\"2394\">Les centrifugeuses utilisent la force centrifuge pour s\u00e9parer efficacement les solides et les liquides\u00a0; la pr\u00e9cision, l\u2019\u00e9quilibre et l\u2019alignement sont donc essentiels \u00e0 leur bon fonctionnement. M\u00eame de petits \u00e9carts m\u00e9caniques peuvent entra\u00eener des vibrations, une baisse de l\u2019efficacit\u00e9 de s\u00e9paration, voire des dommages secondaires s\u2019ils ne sont pas corrig\u00e9s.<br data-start=\"2269\" data-end=\"2272\" \/>Des informations techniques suppl\u00e9mentaires sur le fonctionnement des centrifugeuses sont disponibles \u00e0 l&#039;adresse suivante\u00a0:<br data-start=\"2343\" data-end=\"2346\" \/><a class=\"decorated-link\" href=\"https:\/\/www.britannica.com\/technology\/centrifuge\" target=\"_new\" rel=\"noopener\" data-start=\"2346\" data-end=\"2394\">https:\/\/www.britannica.com\/technology\/centrifuge<\/a><\/p>\n<hr data-start=\"2396\" data-end=\"2399\" \/>\n<h2 data-start=\"2401\" data-end=\"2441\"><strong data-start=\"2404\" data-end=\"2441\">R\u00e9paration des probl\u00e8mes courants de centrifugeuse<\/strong><\/h2>\n<p data-start=\"2443\" data-end=\"2594\">Les \u00e9quipes de r\u00e9paration compl\u00e8tes de Sentrimax prennent en charge un large \u00e9ventail de probl\u00e8mes de centrifugeuses fr\u00e9quemment rencontr\u00e9s dans les applications industrielles et municipales, notamment\u00a0:<\/p>\n<ul data-start=\"2596\" data-end=\"2854\">\n<li data-start=\"2596\" data-end=\"2637\">\n<p data-start=\"2598\" data-end=\"2637\">Vibrations excessives ou bruits anormaux<\/p>\n<\/li>\n<li data-start=\"2638\" data-end=\"2685\">\n<p data-start=\"2640\" data-end=\"2685\">R\u00e9duction de l&#039;efficacit\u00e9 de s\u00e9paration ou du d\u00e9bit<\/p>\n<\/li>\n<li data-start=\"2686\" data-end=\"2728\">\n<p data-start=\"2688\" data-end=\"2728\">D\u00e9faillances des roulements, des joints d&#039;\u00e9tanch\u00e9it\u00e9 ou de la lubrification<\/p>\n<\/li>\n<li data-start=\"2729\" data-end=\"2762\">\n<p data-start=\"2731\" data-end=\"2762\">usure de la bo\u00eete de vitesses et du syst\u00e8me de transmission<\/p>\n<\/li>\n<li data-start=\"2763\" data-end=\"2808\">\n<p data-start=\"2765\" data-end=\"2808\">dysfonctionnements des syst\u00e8mes \u00e9lectriques ou de contr\u00f4le<\/p>\n<\/li>\n<li data-start=\"2809\" data-end=\"2854\">\n<p data-start=\"2811\" data-end=\"2854\">Fatigue structurelle dans les ensembles rotatifs<\/p>\n<\/li>\n<\/ul>\n<p data-start=\"2856\" data-end=\"3008\">Gr\u00e2ce \u00e0 une inspection d\u00e9taill\u00e9e et \u00e0 une analyse des causes profondes, Sentrimax garantit que les r\u00e9parations corrigent les probl\u00e8mes sous-jacents et r\u00e9duisent la probabilit\u00e9 de pannes r\u00e9p\u00e9t\u00e9es.<\/p>\n<hr data-start=\"3010\" data-end=\"3013\" \/>\n<h2 data-start=\"3015\" data-end=\"3064\"><strong data-start=\"3018\" data-end=\"3064\">Pourquoi un service complet de r\u00e9paration de centrifugeuses est important<\/strong><\/h2>\n<p data-start=\"3066\" data-end=\"3235\">La r\u00e9paration compl\u00e8te des centrifugeuses est essentielle pour garantir leur disponibilit\u00e9, la s\u00e9curit\u00e9 et l&#039;efficacit\u00e9 des processus. Les solutions de r\u00e9paration compl\u00e8tes de Sentrimax aident les op\u00e9rateurs\u00a0:<\/p>\n<ul data-start=\"3237\" data-end=\"3437\">\n<li data-start=\"3237\" data-end=\"3268\">\n<p data-start=\"3239\" data-end=\"3268\">Minimisez les temps d&#039;arr\u00eat non planifi\u00e9s<\/p>\n<\/li>\n<li data-start=\"3269\" data-end=\"3316\">\n<p data-start=\"3271\" data-end=\"3316\">R\u00e9tablir les sp\u00e9cifications de performance d&#039;origine<\/p>\n<\/li>\n<li data-start=\"3317\" data-end=\"3351\">\n<p data-start=\"3319\" data-end=\"3351\">Prolongez la dur\u00e9e de vie de la centrifugeuse<\/p>\n<\/li>\n<li data-start=\"3352\" data-end=\"3390\">\n<p data-start=\"3354\" data-end=\"3390\">R\u00e9duire les co\u00fbts d&#039;entretien \u00e0 long terme<\/p>\n<\/li>\n<li data-start=\"3391\" data-end=\"3437\">\n<p data-start=\"3393\" data-end=\"3437\">Am\u00e9liorer la fiabilit\u00e9 et la s\u00e9curit\u00e9 op\u00e9rationnelles<\/p>\n<\/li>\n<\/ul>\n<p data-start=\"3439\" data-end=\"3678\">Les r\u00e9parations partielles ou la maintenance diff\u00e9r\u00e9e entra\u00eenent souvent une augmentation des co\u00fbts et un risque accru de panne catastrophique des \u00e9quipements. Sentrimax applique des m\u00e9thodes de r\u00e9paration \u00e9prouv\u00e9es et un contr\u00f4le qualit\u00e9 rigoureux pour offrir des solutions durables et p\u00e9rennes.<\/p>\n<hr data-start=\"3680\" data-end=\"3683\" \/>\n<h2 data-start=\"3685\" data-end=\"3721\"><strong data-start=\"3688\" data-end=\"3721\">Capacit\u00e9s de r\u00e9paration Sentrimax<\/strong><\/h2>\n<p data-start=\"3723\" data-end=\"3872\">Sentrimax propose des services de r\u00e9paration de centrifugeuses complets, s&#039;appuyant sur une expertise pointue en usinage, fabrication et ing\u00e9nierie. Ses capacit\u00e9s comprennent\u00a0:<\/p>\n<ul data-start=\"3874\" data-end=\"4157\">\n<li data-start=\"3874\" data-end=\"3921\">\n<p data-start=\"3876\" data-end=\"3921\">D\u00e9montage et inspection complets de la centrifugeuse<\/p>\n<\/li>\n<li data-start=\"3922\" data-end=\"3984\">\n<p data-start=\"3924\" data-end=\"3984\">r\u00e9paration ou remplacement des roulements, des joints et des ensembles rotatifs<\/p>\n<\/li>\n<li data-start=\"3985\" data-end=\"4021\">\n<p data-start=\"3987\" data-end=\"4021\">Service de bo\u00eete de vitesses et de syst\u00e8me de transmission<\/p>\n<\/li>\n<li data-start=\"4022\" data-end=\"4059\">\n<p data-start=\"4024\" data-end=\"4059\">\u00c9quilibrage et alignement de pr\u00e9cision<\/p>\n<\/li>\n<li data-start=\"4060\" data-end=\"4105\">\n<p data-start=\"4062\" data-end=\"4105\">Diagnostic des syst\u00e8mes \u00e9lectriques et de contr\u00f4le<\/p>\n<\/li>\n<li data-start=\"4106\" data-end=\"4157\">\n<p data-start=\"4108\" data-end=\"4157\">Tests fonctionnels et v\u00e9rification des performances<\/p>\n<\/li>\n<\/ul>\n<p data-start=\"4159\" data-end=\"4369\">Des composants de rechange conformes aux sp\u00e9cifications du fabricant ou con\u00e7us par un ing\u00e9nieur sont utilis\u00e9s pour garantir un montage parfait et un fonctionnement fiable. Pour les pi\u00e8ces obsol\u00e8tes ou difficiles \u00e0 trouver, Sentrimax propose des solutions de fabrication sur mesure et de r\u00e9tro-ing\u00e9nierie.<\/p>\n<p data-start=\"4371\" data-end=\"4467\">Apprenez-en davantage sur les capacit\u00e9s de r\u00e9paration et d&#039;entretien des centrifugeuses sur<br data-start=\"4433\" data-end=\"4436\" \/><a class=\"decorated-link\" href=\"https:\/\/sentrimax.com\/fr\/services\/?utm_source=chatgpt.com\" target=\"_new\" rel=\"noopener\" data-start=\"4436\" data-end=\"4467\">https:\/\/sentrimax.com\/services\/<\/a><\/p>\n<hr data-start=\"4469\" data-end=\"4472\" \/>\n<h2 data-start=\"4474\" data-end=\"4524\"><strong data-start=\"4477\" data-end=\"4524\">Assistance qualit\u00e9 et ing\u00e9nierie certifi\u00e9e ISO<\/strong><\/h2>\n<p data-start=\"4526\" data-end=\"4795\">Sentrimax op\u00e8re selon un syst\u00e8me de gestion de la qualit\u00e9 certifi\u00e9 ISO 9001:2015, garantissant la coh\u00e9rence, la tra\u00e7abilit\u00e9 et la reproductibilit\u00e9 des r\u00e9sultats pour tous ses projets de r\u00e9paration. Chaque r\u00e9paration de centrifugeuse suit des proc\u00e9dures document\u00e9es, de l&#039;\u00e9valuation initiale \u00e0 l&#039;inspection finale.<\/p>\n<p data-start=\"4797\" data-end=\"5066\">L&#039;assistance technique est int\u00e9gr\u00e9e tout au long du processus de r\u00e9paration. Sentrimax \u00e9value les conditions d&#039;exploitation et les donn\u00e9es de performance historiques afin de recommander des am\u00e9liorations de conception, des mises \u00e0 niveau des mat\u00e9riaux ou des strat\u00e9gies de maintenance permettant de r\u00e9duire les pannes futures et d&#039;am\u00e9liorer la fiabilit\u00e9.<\/p>\n<p data-start=\"5068\" data-end=\"5146\">Pour en savoir plus sur le proc\u00e9d\u00e9 Sentrimax, consultez le site web.<br data-start=\"5109\" data-end=\"5112\" \/><a class=\"decorated-link\" href=\"https:\/\/sentrimax.com\/fr\/our-process\/?utm_source=chatgpt.com\" target=\"_new\" rel=\"noopener\" data-start=\"5112\" data-end=\"5146\">https:\/\/sentrimax.com\/our-process\/<\/a><\/p>\n<hr data-start=\"5148\" data-end=\"5151\" \/>\n<h2 data-start=\"5153\" data-end=\"5217\"><strong data-start=\"5156\" data-end=\"5217\">Soutien aux op\u00e9rations industrielles et municipales \u00e0 Dallas, au Texas.<\/strong><\/h2>\n<p data-start=\"5219\" data-end=\"5538\">Dallas (Texas) est un p\u00f4le majeur d&#039;infrastructures municipales, de production industrielle, d&#039;agroalimentaire, d&#039;\u00e9nergie et de services environnementaux, o\u00f9 les centrifugeuses jouent un r\u00f4le essentiel. Sentrimax assure la r\u00e9paration compl\u00e8te et r\u00e9active des centrifugeuses dans toute la r\u00e9gion de Dallas-Fort Worth, en s&#039;adaptant aux environnements d&#039;exploitation les plus exigeants.<\/p>\n<p data-start=\"5540\" data-end=\"5852\">Forte de son exp\u00e9rience aupr\u00e8s de clients aux \u00c9tats-Unis et au Canada, Sentrimax comprend l&#039;importance de d\u00e9lais d&#039;intervention fiables, d&#039;une communication claire et d&#039;une ex\u00e9cution experte. Qu&#039;il s&#039;agisse de r\u00e9parations d&#039;urgence ou de la planification de la maintenance, Sentrimax assure un soutien fiable du d\u00e9but \u00e0 la fin.<\/p>\n<p data-start=\"5854\" data-end=\"6040\">Les industries soutenues comprennent le traitement des eaux us\u00e9es municipales, la transformation industrielle, le p\u00e9trole et le gaz, la fabrication de produits alimentaires et de boissons et la production d&#039;\u00e9nergie.<br data-start=\"6004\" data-end=\"6007\" \/><a class=\"decorated-link\" href=\"https:\/\/sentrimax.com\/fr\/industries\/?utm_source=chatgpt.com\" target=\"_new\" rel=\"noopener\" data-start=\"6007\" data-end=\"6040\">https:\/\/sentrimax.com\/industries\/<\/a><\/p>\n<hr data-start=\"6042\" data-end=\"6045\" \/>\n<h2 data-start=\"6047\" data-end=\"6096\"><strong data-start=\"6050\" data-end=\"6096\">Maintenance pr\u00e9ventive et assistance tout au long du cycle de vie<\/strong><\/h2>\n<p data-start=\"6098\" data-end=\"6381\">Outre la r\u00e9paration compl\u00e8te des centrifugeuses, Sentrimax propose des programmes de maintenance pr\u00e9ventive et d&#039;assistance tout au long du cycle de vie con\u00e7us pour r\u00e9duire les pannes impr\u00e9vues. Les inspections r\u00e9guli\u00e8res, la surveillance des vibrations et la planification du remplacement des composants permettent aux installations de g\u00e9rer la maintenance de mani\u00e8re proactive.<\/p>\n<p data-start=\"6383\" data-end=\"6619\">Sentrimax propose \u00e9galement la remise \u00e0 neuf de centrifugeuses, la location d&#039;\u00e9quipements et des services de conseil technique pour les op\u00e9rations n\u00e9cessitant une capacit\u00e9 temporaire ou une planification \u00e0 long terme. Ces services contribuent \u00e0 maintenir la productivit\u00e9 tout en ma\u00eetrisant les co\u00fbts de maintenance.<\/p>\n<p data-start=\"6621\" data-end=\"6748\">Des informations compl\u00e9mentaires sur la fiabilit\u00e9 des \u00e9quipements industriels et le soutien des infrastructures sont disponibles \u00e0 l&#039;adresse suivante\u00a0:<br data-start=\"6722\" data-end=\"6725\" \/><a class=\"decorated-link\" href=\"https:\/\/www.energy.gov\/\" target=\"_new\" rel=\"noopener\" data-start=\"6725\" data-end=\"6748\">https:\/\/www.energy.gov\/<\/a><\/p>\n<hr data-start=\"6750\" data-end=\"6753\" \/>\n<h2 data-start=\"6755\" data-end=\"6814\"><strong data-start=\"6758\" data-end=\"6814\">Un partenaire de confiance pour la r\u00e9paration compl\u00e8te de centrifugeuses<\/strong><\/h2>\n<p data-start=\"6816\" data-end=\"7068\">Sentrimax combine expertise technique, processus certifi\u00e9s ISO et connaissance approfondie du secteur pour fournir des solutions fiables. <strong data-start=\"6931\" data-end=\"6978\">Service complet de r\u00e9paration de centrifugeuses \u00e0 Dallas, Texas<\/strong>. Chaque projet est r\u00e9alis\u00e9 en mettant l&#039;accent sur la s\u00e9curit\u00e9, la pr\u00e9cision et la performance \u00e0 long terme.<\/p>\n<hr data-start=\"7070\" data-end=\"7073\" \/>\n<h2 data-start=\"7075\" data-end=\"7134\"><strong data-start=\"7078\" data-end=\"7134\">Demandez d\u00e8s aujourd&#039;hui notre service complet de r\u00e9paration de centrifugeuses.<\/strong><\/h2>\n<p data-start=\"7136\" data-end=\"7324\">Lorsque les performances de votre centrifugeuse sont essentielles \u00e0 votre activit\u00e9, Sentrimax est l\u00e0 pour vous aider. Contactez un membre exp\u00e9riment\u00e9 de notre \u00e9quipe pour discuter de vos besoins en r\u00e9paration, des d\u00e9lais et des exigences techniques.<\/p>\n<p data-start=\"7326\" data-end=\"7380\" data-is-last-node=\"\" data-is-only-node=\"\"><strong data-start=\"7326\" data-end=\"7380\" data-is-last-node=\"\"><a class=\"decorated-link\" href=\"https:\/\/sentrimax.com\/fr\/contact\/\" target=\"_new\" rel=\"noopener\" data-start=\"7328\" data-end=\"7378\">Demandez un devis !<\/a><\/strong><\/p>","protected":false},"excerpt":{"rendered":"<p>Sentrimax provides professional full-service centrifuge repair in Dallas TX, supporting municipal, industrial, and energy-sector operations that rely on dependable separation equipment. With decades of experience servicing industrial centrifuges across North America, Sentrimax delivers comprehensive repair solutions that restore performance, reduce downtime, and extend equipment life. Industrial centrifuges operate in demanding environments where continuous operation, high [&hellip;]<\/p>\n","protected":false},"author":3,"featured_media":0,"parent":0,"menu_order":0,"comment_status":"closed","ping_status":"closed","template":"","meta":{"_acf_changed":false,"inline_featured_image":false,"footnotes":""},"class_list":["post-2342","page","type-page","status-publish","hentry"],"acf":[],"_links":{"self":[{"href":"https:\/\/sentrimax.com\/fr\/wp-json\/wp\/v2\/pages\/2342","targetHints":{"allow":["GET"]}}],"collection":[{"href":"https:\/\/sentrimax.com\/fr\/wp-json\/wp\/v2\/pages"}],"about":[{"href":"https:\/\/sentrimax.com\/fr\/wp-json\/wp\/v2\/types\/page"}],"author":[{"embeddable":true,"href":"https:\/\/sentrimax.com\/fr\/wp-json\/wp\/v2\/users\/3"}],"replies":[{"embeddable":true,"href":"https:\/\/sentrimax.com\/fr\/wp-json\/wp\/v2\/comments?post=2342"}],"version-history":[{"count":0,"href":"https:\/\/sentrimax.com\/fr\/wp-json\/wp\/v2\/pages\/2342\/revisions"}],"wp:attachment":[{"href":"https:\/\/sentrimax.com\/fr\/wp-json\/wp\/v2\/media?parent=2342"}],"curies":[{"name":"wp","href":"https:\/\/api.w.org\/{rel}","templated":true}]}}