{"id":2343,"date":"2026-01-07T18:09:57","date_gmt":"2026-01-07T18:09:57","guid":{"rendered":"https:\/\/sentrimax.com\/?page_id=2343"},"modified":"2026-04-21T21:13:34","modified_gmt":"2026-04-21T21:13:34","slug":"emergency-centrifuge-repair-in-denver-co","status":"publish","type":"page","link":"https:\/\/sentrimax.com\/fr\/emergency-centrifuge-repair-in-denver-co\/","title":{"rendered":"R\u00e9paration d&#039;urgence de centrifugeuses \u00e0 Denver, Colorado"},"content":{"rendered":"<p data-start=\"497\" data-end=\"930\"><span class=\"hover:entity-accent entity-underline inline cursor-pointer align-baseline\"><span class=\"whitespace-normal\"><img fetchpriority=\"high\" decoding=\"async\" class=\"aligncenter size-full wp-image-168\" src=\"https:\/\/sentrimax.com\/wp-content\/uploads\/2025\/05\/image-6.jpg\" alt=\"\" width=\"1269\" height=\"519\" srcset=\"https:\/\/sentrimax.com\/wp-content\/uploads\/2025\/05\/image-6.jpg 1269w, https:\/\/sentrimax.com\/wp-content\/uploads\/2025\/05\/image-6-600x245.jpg 600w, https:\/\/sentrimax.com\/wp-content\/uploads\/2025\/05\/image-6-300x123.jpg 300w, https:\/\/sentrimax.com\/wp-content\/uploads\/2025\/05\/image-6-1024x419.jpg 1024w, https:\/\/sentrimax.com\/wp-content\/uploads\/2025\/05\/image-6-768x314.jpg 768w\" sizes=\"(max-width: 1269px) 100vw, 1269px\" \/><\/span><\/span><\/p>\n<p data-start=\"497\" data-end=\"930\"><span class=\"hover:entity-accent entity-underline inline cursor-pointer align-baseline\"><span class=\"whitespace-normal\">Sentrimax<\/span><\/span> Sentrimax assure un d\u00e9pannage d&#039;urgence fiable des centrifugeuses \u00e0 Denver, dans le Colorado, et intervient aupr\u00e8s des secteurs industriel, municipal et \u00e9nerg\u00e9tique lorsque des pannes impr\u00e9vues menacent leur fonctionnement. Forte de plusieurs d\u00e9cennies d&#039;exp\u00e9rience dans la maintenance de centrifugeuses industrielles en Am\u00e9rique du Nord, Sentrimax propose des solutions de r\u00e9paration rapides con\u00e7ues pour stabiliser les \u00e9quipements, r\u00e9tablir leurs performances et minimiser les temps d&#039;arr\u00eat co\u00fbteux.<\/p>\n<p data-start=\"932\" data-end=\"1293\">Les pannes de centrifugeuses surviennent souvent sans pr\u00e9venir et peuvent rapidement perturber des processus critiques tels que le traitement des eaux us\u00e9es, la s\u00e9paration des solides et la production industrielle. En cas d&#039;arr\u00eat d&#039;une centrifugeuse, une intervention imm\u00e9diate d&#039;experts est essentielle. Sentrimax propose des services de r\u00e9paration d&#039;urgence ax\u00e9s sur un diagnostic rapide, une ex\u00e9cution s\u00e9curis\u00e9e des r\u00e9parations et un d\u00e9lai d&#039;intervention fiable.<\/p>\n<hr data-start=\"1295\" data-end=\"1298\" \/>\n<h2 data-start=\"1300\" data-end=\"1351\"><strong data-start=\"1303\" data-end=\"1351\">Services de centrifugeuse d&#039;urgence \u00e0 r\u00e9ponse rapide<\/strong><\/h2>\n<p data-start=\"1353\" data-end=\"1610\">La r\u00e9paration d&#039;urgence des centrifugeuses exige rapidit\u00e9, expertise technique et une prise de d\u00e9cision pr\u00e9cise. Sentrimax intervient rapidement pour les demandes d&#039;intervention urgentes gr\u00e2ce \u00e0 des techniciens exp\u00e9riment\u00e9s capables de diagnostiquer et de r\u00e9soudre les pannes dans des d\u00e9lais tr\u00e8s courts.<\/p>\n<p data-start=\"1612\" data-end=\"1856\">Les interventions d&#039;urgence comprennent l&#039;inspection sur site ou en atelier, le diagnostic des pannes, la stabilisation m\u00e9canique et les r\u00e9parations cibl\u00e9es. L&#039;objectif est de r\u00e9tablir un fonctionnement s\u00fbr le plus rapidement possible tout en pr\u00e9venant les dommages secondaires aux composants critiques.<\/p>\n<p data-start=\"1858\" data-end=\"2248\">Le fonctionnement s\u00fbr des centrifugeuses repose sur la force centrifuge et un \u00e9quilibre m\u00e9canique pr\u00e9cis. Toute d\u00e9faillance soudaine des roulements, des r\u00e9ducteurs, des syst\u00e8mes d&#039;entra\u00eenement ou des ensembles rotatifs peut entra\u00eener des vibrations, une surchauffe ou un arr\u00eat complet n\u00e9cessitant une intervention imm\u00e9diate.<br data-start=\"2123\" data-end=\"2126\" \/>Des informations techniques suppl\u00e9mentaires sur le fonctionnement des centrifugeuses sont disponibles \u00e0 l&#039;adresse suivante\u00a0:<br data-start=\"2197\" data-end=\"2200\" \/><a class=\"decorated-link\" href=\"https:\/\/www.britannica.com\/technology\/centrifuge\" target=\"_new\" rel=\"noopener\" data-start=\"2200\" data-end=\"2248\">https:\/\/www.britannica.com\/technology\/centrifuge<\/a><\/p>\n<hr data-start=\"2250\" data-end=\"2253\" \/>\n<h2 data-start=\"2255\" data-end=\"2308\"><strong data-start=\"2258\" data-end=\"2308\">Pannes courantes de centrifugeuses d&#039;urgence r\u00e9solues<\/strong><\/h2>\n<p data-start=\"2310\" data-end=\"2424\">Les \u00e9quipes de r\u00e9paration d&#039;urgence de Sentrimax sont exp\u00e9riment\u00e9es dans la r\u00e9solution d&#039;un large \u00e9ventail de probl\u00e8mes urgents li\u00e9s aux centrifugeuses, notamment\u00a0:<\/p>\n<ul data-start=\"2426\" data-end=\"2655\">\n<li data-start=\"2426\" data-end=\"2465\">\n<p data-start=\"2428\" data-end=\"2465\">Vibrations soudaines ou bruit excessif<\/p>\n<\/li>\n<li data-start=\"2466\" data-end=\"2496\">\n<p data-start=\"2468\" data-end=\"2496\">d\u00e9faillance de roulement ou de bo\u00eete de vitesses<\/p>\n<\/li>\n<li data-start=\"2497\" data-end=\"2534\">\n<p data-start=\"2499\" data-end=\"2534\">dysfonctionnement du syst\u00e8me d&#039;entra\u00eenement ou du moteur<\/p>\n<\/li>\n<li data-start=\"2535\" data-end=\"2572\">\n<p data-start=\"2537\" data-end=\"2572\">D\u00e9faillance du joint et perte de lubrification<\/p>\n<\/li>\n<li data-start=\"2573\" data-end=\"2612\">\n<p data-start=\"2575\" data-end=\"2612\">d\u00e9fauts des syst\u00e8mes \u00e9lectriques ou de contr\u00f4le<\/p>\n<\/li>\n<li data-start=\"2613\" data-end=\"2655\">\n<p data-start=\"2615\" data-end=\"2655\">Dommages structurels ou aux ensembles rotatifs<\/p>\n<\/li>\n<\/ul>\n<p data-start=\"2657\" data-end=\"2823\">Gr\u00e2ce \u00e0 une \u00e9valuation rapide et \u00e0 une analyse des causes profondes, Sentrimax identifie la m\u00e9thode de r\u00e9paration la plus efficace pour r\u00e9tablir le fonctionnement tout en maintenant la s\u00e9curit\u00e9 et la fiabilit\u00e9.<\/p>\n<hr data-start=\"2825\" data-end=\"2828\" \/>\n<h2 data-start=\"2830\" data-end=\"2876\"><strong data-start=\"2833\" data-end=\"2876\">Pourquoi la r\u00e9paration d&#039;urgence des centrifugeuses est importante<\/strong><\/h2>\n<p data-start=\"2878\" data-end=\"3078\">Un arr\u00eat impr\u00e9vu d&#039;une centrifugeuse peut entra\u00eener des pertes de production, des risques r\u00e9glementaires, des probl\u00e8mes environnementaux et une augmentation des co\u00fbts d&#039;exploitation. Les services de r\u00e9paration d&#039;urgence de centrifugeuses propos\u00e9s par Sentrimax aident les op\u00e9rateurs\u00a0:<\/p>\n<ul data-start=\"3080\" data-end=\"3290\">\n<li data-start=\"3080\" data-end=\"3123\">\n<p data-start=\"3082\" data-end=\"3123\">Minimisez les temps d&#039;arr\u00eat et les pertes de production.<\/p>\n<\/li>\n<li data-start=\"3124\" data-end=\"3173\">\n<p data-start=\"3126\" data-end=\"3173\">R\u00e9tablir rapidement les processus de s\u00e9paration critiques<\/p>\n<\/li>\n<li data-start=\"3174\" data-end=\"3211\">\n<p data-start=\"3176\" data-end=\"3211\">Pr\u00e9venir d&#039;autres dommages m\u00e9caniques<\/p>\n<\/li>\n<li data-start=\"3212\" data-end=\"3246\">\n<p data-start=\"3214\" data-end=\"3246\">Maintenir la s\u00e9curit\u00e9 et la conformit\u00e9<\/p>\n<\/li>\n<li data-start=\"3247\" data-end=\"3290\">\n<p data-start=\"3249\" data-end=\"3290\">\u00c9vitez le remplacement complet et co\u00fbteux de l&#039;\u00e9quipement<\/p>\n<\/li>\n<\/ul>\n<p data-start=\"3292\" data-end=\"3498\">Retarder les r\u00e9parations d&#039;urgence ou tenter des solutions temporaires peut aggraver les dommages et prolonger l&#039;indisponibilit\u00e9 du syst\u00e8me. Sentrimax applique des m\u00e9thodes de r\u00e9paration \u00e9prouv\u00e9es et des processus de contr\u00f4le qualit\u00e9 rigoureux, m\u00eame en situation d&#039;urgence.<\/p>\n<hr data-start=\"3500\" data-end=\"3503\" \/>\n<h2 data-start=\"3505\" data-end=\"3551\"><strong data-start=\"3508\" data-end=\"3551\">Capacit\u00e9s de r\u00e9paration d&#039;urgence de Sentrimax<\/strong><\/h2>\n<p data-start=\"3553\" data-end=\"3735\">Sentrimax propose des services complets de r\u00e9paration d&#039;urgence de centrifugeuses, s&#039;appuyant sur une expertise en ing\u00e9nierie, des capacit\u00e9s d&#039;usinage et des syst\u00e8mes de qualit\u00e9 certifi\u00e9s. Ses capacit\u00e9s comprennent\u00a0:<\/p>\n<ul data-start=\"3737\" data-end=\"4034\">\n<li data-start=\"3737\" data-end=\"3784\">\n<p data-start=\"3739\" data-end=\"3784\">Inspection et diagnostic rapides par centrifugation<\/p>\n<\/li>\n<li data-start=\"3785\" data-end=\"3830\">\n<p data-start=\"3787\" data-end=\"3830\">D\u00e9pannage m\u00e9canique et \u00e9lectrique<\/p>\n<\/li>\n<li data-start=\"3831\" data-end=\"3883\">\n<p data-start=\"3833\" data-end=\"3883\">R\u00e9paration ou remplacement des roulements, des joints et des bo\u00eetes de vitesses<\/p>\n<\/li>\n<li data-start=\"3884\" data-end=\"3933\">\n<p data-start=\"3886\" data-end=\"3933\">Stabilisation et alignement de l&#039;ensemble rotatif<\/p>\n<\/li>\n<li data-start=\"3934\" data-end=\"3983\">\n<p data-start=\"3936\" data-end=\"3983\">Tests fonctionnels avant la remise en service<\/p>\n<\/li>\n<li data-start=\"3984\" data-end=\"4034\">\n<p data-start=\"3986\" data-end=\"4034\">composants de remplacement conformes aux sp\u00e9cifications OEM et con\u00e7us sur mesure<\/p>\n<\/li>\n<\/ul>\n<p data-start=\"4036\" data-end=\"4241\">Lorsque des r\u00e9parations permanentes n\u00e9cessitent une planification suppl\u00e9mentaire, Sentrimax travaille avec les exploitants pour mettre en \u0153uvre des solutions de stabilisation temporaires permettant un fonctionnement s\u00fbr \u00e0 court terme pendant la planification des r\u00e9parations \u00e0 long terme.<\/p>\n<p data-start=\"4243\" data-end=\"4339\">Apprenez-en davantage sur les capacit\u00e9s de r\u00e9paration et d&#039;entretien des centrifugeuses sur<br data-start=\"4305\" data-end=\"4308\" \/><a class=\"decorated-link\" href=\"https:\/\/sentrimax.com\/fr\/services\/?utm_source=chatgpt.com\" target=\"_new\" rel=\"noopener\" data-start=\"4308\" data-end=\"4339\">https:\/\/sentrimax.com\/services\/<\/a><\/p>\n<hr data-start=\"4341\" data-end=\"4344\" \/>\n<h2 data-start=\"4346\" data-end=\"4394\"><strong data-start=\"4349\" data-end=\"4394\">Assistance technique et qualit\u00e9 certifi\u00e9e ISO<\/strong><\/h2>\n<p data-start=\"4396\" data-end=\"4660\">Sentrimax op\u00e8re selon un syst\u00e8me de gestion de la qualit\u00e9 certifi\u00e9 ISO 9001:2015, garantissant la constance, la tra\u00e7abilit\u00e9 et la fiabilit\u00e9 des r\u00e9sultats, m\u00eame en cas de r\u00e9paration d&#039;urgence. Chaque r\u00e9paration suit des proc\u00e9dures document\u00e9es, de l&#039;\u00e9valuation initiale \u00e0 la v\u00e9rification finale.<\/p>\n<p data-start=\"4662\" data-end=\"4865\">L&#039;assistance technique est int\u00e9gr\u00e9e aux interventions d&#039;urgence. Sentrimax \u00e9value les causes de d\u00e9faillance et les param\u00e8tres de fonctionnement afin de recommander des mesures correctives permettant de r\u00e9duire le risque de r\u00e9cidive.<\/p>\n<p data-start=\"4867\" data-end=\"4952\">Pour en savoir plus sur le processus de r\u00e9paration Sentrimax, consultez<br data-start=\"4915\" data-end=\"4918\" \/><a class=\"decorated-link\" href=\"https:\/\/sentrimax.com\/fr\/our-process\/?utm_source=chatgpt.com\" target=\"_new\" rel=\"noopener\" data-start=\"4918\" data-end=\"4952\">https:\/\/sentrimax.com\/our-process\/<\/a><\/p>\n<hr data-start=\"4954\" data-end=\"4957\" \/>\n<h2 data-start=\"4959\" data-end=\"5018\"><strong data-start=\"4962\" data-end=\"5018\">Assistance pour les r\u00e9parations d&#039;urgence de centrifugeuses \u00e0 Denver, Colorado<\/strong><\/h2>\n<p data-start=\"5020\" data-end=\"5329\">Denver, dans le Colorado, est un p\u00f4le majeur pour les infrastructures municipales, la transformation industrielle, la production d&#039;\u00e9nergie et les services environnementaux, secteurs o\u00f9 les centrifugeuses jouent un r\u00f4le essentiel. Sentrimax fournit aux installations de toute la r\u00e9gion de Denver des services de r\u00e9paration d&#039;urgence de centrifugeuses, adapt\u00e9s \u00e0 leurs besoins op\u00e9rationnels les plus urgents.<\/p>\n<p data-start=\"5331\" data-end=\"5534\">Forte de son exp\u00e9rience au service de clients aux \u00c9tats-Unis et au Canada, Sentrimax comprend l&#039;importance d&#039;une communication rapide, de d\u00e9lais clairs et d&#039;une ex\u00e9cution fiable en cas de panne d&#039;\u00e9quipement.<\/p>\n<p data-start=\"5536\" data-end=\"5722\">Les industries soutenues comprennent le traitement des eaux us\u00e9es municipales, la transformation industrielle, le p\u00e9trole et le gaz, la fabrication de produits alimentaires et de boissons et la production d&#039;\u00e9nergie.<br data-start=\"5686\" data-end=\"5689\" \/><a class=\"decorated-link\" href=\"https:\/\/sentrimax.com\/fr\/industries\/?utm_source=chatgpt.com\" target=\"_new\" rel=\"noopener\" data-start=\"5689\" data-end=\"5722\">https:\/\/sentrimax.com\/industries\/<\/a><\/p>\n<hr data-start=\"5724\" data-end=\"5727\" \/>\n<h2 data-start=\"5729\" data-end=\"5781\"><strong data-start=\"5732\" data-end=\"5781\">Maintenance pr\u00e9ventive apr\u00e8s r\u00e9paration d&#039;urgence<\/strong><\/h2>\n<p data-start=\"5783\" data-end=\"6052\">Suite \u00e0 une r\u00e9paration d&#039;urgence d&#039;une centrifugeuse, Sentrimax propose des services de maintenance pr\u00e9ventive et d&#039;assistance tout au long du cycle de vie afin d&#039;aider les op\u00e9rateurs \u00e0 \u00e9viter les pannes r\u00e9currentes. Les inspections, l&#039;analyse des vibrations et la planification du remplacement des composants contribuent \u00e0 stabiliser l&#039;\u00e9quipement et \u00e0 am\u00e9liorer sa fiabilit\u00e9 \u00e0 long terme.<\/p>\n<p data-start=\"6054\" data-end=\"6210\">Sentrimax propose \u00e9galement des services de remise \u00e0 neuf de centrifugeuses, des r\u00e9parations planifi\u00e9es et des consultations techniques pour r\u00e9soudre les probl\u00e8mes sous-jacents d\u00e9couverts lors des interventions d&#039;urgence.<\/p>\n<p data-start=\"6212\" data-end=\"6339\">Des informations compl\u00e9mentaires sur la fiabilit\u00e9 des \u00e9quipements industriels et le soutien aux infrastructures sont disponibles \u00e0 l&#039;adresse suivante\u00a0:<br data-start=\"6313\" data-end=\"6316\" \/><a class=\"decorated-link\" href=\"https:\/\/www.energy.gov\/\" target=\"_new\" rel=\"noopener\" data-start=\"6316\" data-end=\"6339\">https:\/\/www.energy.gov\/<\/a><\/p>\n<hr data-start=\"6341\" data-end=\"6344\" \/>\n<h2 data-start=\"6346\" data-end=\"6402\"><strong data-start=\"6349\" data-end=\"6402\">Un partenaire de confiance pour la r\u00e9paration d&#039;urgence des centrifugeuses<\/strong><\/h2>\n<p data-start=\"6404\" data-end=\"6635\">Sentrimax allie expertise technique, processus certifi\u00e9s ISO et connaissance approfondie du secteur pour assurer un service de r\u00e9paration d&#039;urgence fiable des centrifugeuses \u00e0 Denver, Colorado. Chaque intervention est ax\u00e9e sur la s\u00e9curit\u00e9, la rapidit\u00e9 et la performance \u00e0 long terme.<\/p>\n<hr data-start=\"6637\" data-end=\"6640\" \/>\n<h2 data-start=\"6642\" data-end=\"6698\"><strong data-start=\"6645\" data-end=\"6698\">Demandez une assistance urgente pour la r\u00e9paration de votre centrifugeuse d\u00e8s aujourd&#039;hui\u00a0!<\/strong><\/h2>\n<p data-start=\"6700\" data-end=\"6906\">En cas de panne impr\u00e9vue de votre centrifugeuse, Sentrimax est pr\u00eat \u00e0 intervenir. Contactez un membre exp\u00e9riment\u00e9 de notre \u00e9quipe pour discuter de vos besoins en r\u00e9paration d&#039;urgence, des d\u00e9lais et des exigences techniques.<\/p>\n<p data-start=\"6908\" data-end=\"6962\" data-is-last-node=\"\" data-is-only-node=\"\"><strong data-start=\"6908\" data-end=\"6962\" data-is-last-node=\"\"><a class=\"decorated-link\" href=\"https:\/\/sentrimax.com\/fr\/contact\/\" target=\"_new\" rel=\"noopener\" data-start=\"6910\" data-end=\"6960\">Demandez un devis !<\/a><\/strong><\/p>","protected":false},"excerpt":{"rendered":"<p>Sentrimax provides reliable emergency centrifuge repair in Denver CO, supporting industrial, municipal, and energy-sector operations when unexpected equipment failures threaten uptime. With decades of experience servicing industrial centrifuges across North America, Sentrimax delivers rapid-response repair solutions designed to stabilize equipment, restore performance, and minimize costly downtime. Centrifuge failures often occur without warning and can quickly [&hellip;]<\/p>\n","protected":false},"author":3,"featured_media":0,"parent":0,"menu_order":0,"comment_status":"closed","ping_status":"closed","template":"seo-page-template.php","meta":{"_acf_changed":false,"inline_featured_image":false,"footnotes":""},"class_list":["post-2343","page","type-page","status-publish","hentry"],"acf":[],"_links":{"self":[{"href":"https:\/\/sentrimax.com\/fr\/wp-json\/wp\/v2\/pages\/2343","targetHints":{"allow":["GET"]}}],"collection":[{"href":"https:\/\/sentrimax.com\/fr\/wp-json\/wp\/v2\/pages"}],"about":[{"href":"https:\/\/sentrimax.com\/fr\/wp-json\/wp\/v2\/types\/page"}],"author":[{"embeddable":true,"href":"https:\/\/sentrimax.com\/fr\/wp-json\/wp\/v2\/users\/3"}],"replies":[{"embeddable":true,"href":"https:\/\/sentrimax.com\/fr\/wp-json\/wp\/v2\/comments?post=2343"}],"version-history":[{"count":1,"href":"https:\/\/sentrimax.com\/fr\/wp-json\/wp\/v2\/pages\/2343\/revisions"}],"predecessor-version":[{"id":2484,"href":"https:\/\/sentrimax.com\/fr\/wp-json\/wp\/v2\/pages\/2343\/revisions\/2484"}],"wp:attachment":[{"href":"https:\/\/sentrimax.com\/fr\/wp-json\/wp\/v2\/media?parent=2343"}],"curies":[{"name":"wp","href":"https:\/\/api.w.org\/{rel}","templated":true}]}}