{"id":2344,"date":"2026-01-07T18:12:34","date_gmt":"2026-01-07T18:12:34","guid":{"rendered":"https:\/\/sentrimax.com\/?page_id=2344"},"modified":"2026-04-21T21:13:33","modified_gmt":"2026-04-21T21:13:33","slug":"on-site-centrifuge-service-in-atlanta-ga","status":"publish","type":"page","link":"https:\/\/sentrimax.com\/fr\/on-site-centrifuge-service-in-atlanta-ga\/","title":{"rendered":"Service de centrifugation sur site \u00e0 Atlanta, G\u00e9orgie"},"content":{"rendered":"<p data-start=\"500\" data-end=\"968\"><span class=\"hover:entity-accent entity-underline inline cursor-pointer align-baseline\"><span class=\"whitespace-normal\"><img fetchpriority=\"high\" decoding=\"async\" class=\"aligncenter size-full wp-image-47\" src=\"https:\/\/sentrimax.com\/wp-content\/uploads\/2025\/05\/image-5.jpg\" alt=\"\" width=\"1440\" height=\"694\" srcset=\"https:\/\/sentrimax.com\/wp-content\/uploads\/2025\/05\/image-5.jpg 1440w, https:\/\/sentrimax.com\/wp-content\/uploads\/2025\/05\/image-5-600x289.jpg 600w, https:\/\/sentrimax.com\/wp-content\/uploads\/2025\/05\/image-5-300x145.jpg 300w, https:\/\/sentrimax.com\/wp-content\/uploads\/2025\/05\/image-5-1024x494.jpg 1024w, https:\/\/sentrimax.com\/wp-content\/uploads\/2025\/05\/image-5-768x370.jpg 768w\" sizes=\"(max-width: 1440px) 100vw, 1440px\" \/><\/span><\/span><\/p>\n<p data-start=\"500\" data-end=\"968\"><span class=\"hover:entity-accent entity-underline inline cursor-pointer align-baseline\"><span class=\"whitespace-normal\">Sentrimax<\/span><\/span> fournit des services professionnels <strong data-start=\"560\" data-end=\"604\">Service de centrifugation sur site \u00e0 Atlanta, G\u00e9orgie<\/strong>, Sentrimax accompagne les op\u00e9rations industrielles, municipales et \u00e9nerg\u00e9tiques qui exigent une assistance rapide et fiable pour leurs \u00e9quipements, sans les d\u00e9lais li\u00e9s au transport hors site. Forte de plusieurs d\u00e9cennies d&#039;exp\u00e9rience dans la maintenance de centrifugeuses industrielles en Am\u00e9rique du Nord, Sentrimax propose des solutions de service sur site con\u00e7ues pour r\u00e9tablir les performances, minimiser les temps d&#039;arr\u00eat et garantir la s\u00e9curit\u00e9 d&#039;exploitation.<\/p>\n<p data-start=\"970\" data-end=\"1276\">Le service d&#039;entretien de centrifugeuses sur site est id\u00e9al pour les installations o\u00f9 le d\u00e9placement des \u00e9quipements est difficile, urgent ou trop co\u00fbteux. Les techniciens de Sentrimax se d\u00e9placent \u00e9quip\u00e9s pour diagnostiquer les probl\u00e8mes, effectuer les r\u00e9parations et assurer la maintenance directement sur votre site, garantissant ainsi la continuit\u00e9 de vos op\u00e9rations et minimisant les perturbations.<\/p>\n<hr data-start=\"1278\" data-end=\"1281\" \/>\n<h2 data-start=\"1283\" data-end=\"1331\"><strong data-start=\"1286\" data-end=\"1331\">Services complets de centrifugation sur site<\/strong><\/h2>\n<p data-start=\"1333\" data-end=\"1625\">Le service d&#039;entretien sur site des centrifugeuses permet de r\u00e9soudre un large \u00e9ventail de probl\u00e8mes op\u00e9rationnels et m\u00e9caniques sans d\u00e9montage de l&#039;\u00e9quipement. Sentrimax \u00e9value chaque syst\u00e8me de centrifugeuse afin de d\u00e9terminer la solution la plus adapt\u00e9e\u00a0: r\u00e9paration imm\u00e9diate, maintenance pr\u00e9ventive ou optimisation des performances.<\/p>\n<p data-start=\"1627\" data-end=\"1903\">Les services r\u00e9alis\u00e9s sur site comprennent l&#039;inspection, le diagnostic, le d\u00e9pannage, le r\u00e9glage m\u00e9canique, le remplacement de composants et la v\u00e9rification du fonctionnement. Cette approche permet de r\u00e9soudre rapidement de nombreux probl\u00e8mes tout en \u00e9vitant les temps d&#039;arr\u00eat prolong\u00e9s li\u00e9s au d\u00e9montage des \u00e9quipements.<\/p>\n<p data-start=\"1905\" data-end=\"2249\">Le fonctionnement s\u00fbr et efficace des centrifugeuses repose sur un \u00e9quilibre pr\u00e9cis, un alignement parfait et une force centrifuge ma\u00eetris\u00e9e. L&#039;intervention sur site permet d&#039;identifier et de corriger les probl\u00e8mes d\u00e8s leur apparition, avant qu&#039;ils ne s&#039;aggravent et ne provoquent des pannes majeures.<br data-start=\"2124\" data-end=\"2127\" \/>Des informations techniques suppl\u00e9mentaires sur le fonctionnement des centrifugeuses sont disponibles \u00e0 l&#039;adresse suivante\u00a0:<br data-start=\"2198\" data-end=\"2201\" \/><a class=\"decorated-link\" href=\"https:\/\/www.britannica.com\/technology\/centrifuge\" target=\"_new\" rel=\"noopener\" data-start=\"2201\" data-end=\"2249\">https:\/\/www.britannica.com\/technology\/centrifuge<\/a><\/p>\n<hr data-start=\"2251\" data-end=\"2254\" \/>\n<h2 data-start=\"2256\" data-end=\"2305\"><strong data-start=\"2259\" data-end=\"2305\">Probl\u00e8mes courants li\u00e9s aux centrifugeuses sur site\u00a0: solutions<\/strong><\/h2>\n<p data-start=\"2307\" data-end=\"2372\">Les \u00e9quipes d&#039;intervention sur site de Sentrimax r\u00e9solvent r\u00e9guli\u00e8rement des probl\u00e8mes tels que\u00a0:<\/p>\n<ul data-start=\"2374\" data-end=\"2626\">\n<li data-start=\"2374\" data-end=\"2415\">\n<p data-start=\"2376\" data-end=\"2415\">Vibrations excessives ou bruits anormaux<\/p>\n<\/li>\n<li data-start=\"2416\" data-end=\"2463\">\n<p data-start=\"2418\" data-end=\"2463\">R\u00e9duction de l&#039;efficacit\u00e9 de s\u00e9paration ou du d\u00e9bit<\/p>\n<\/li>\n<li data-start=\"2464\" data-end=\"2504\">\n<p data-start=\"2466\" data-end=\"2504\">Probl\u00e8mes de roulement, d&#039;\u00e9tanch\u00e9it\u00e9 ou de lubrification<\/p>\n<\/li>\n<li data-start=\"2505\" data-end=\"2547\">\n<p data-start=\"2507\" data-end=\"2547\">irr\u00e9gularit\u00e9s de la bo\u00eete de vitesses ou du syst\u00e8me de transmission<\/p>\n<\/li>\n<li data-start=\"2548\" data-end=\"2587\">\n<p data-start=\"2550\" data-end=\"2587\">d\u00e9fauts des syst\u00e8mes \u00e9lectriques ou de contr\u00f4le<\/p>\n<\/li>\n<li data-start=\"2588\" data-end=\"2626\">\n<p data-start=\"2590\" data-end=\"2626\">Probl\u00e8mes de d\u00e9salignement ou de d\u00e9s\u00e9quilibre<\/p>\n<\/li>\n<\/ul>\n<p data-start=\"2628\" data-end=\"2796\">Gr\u00e2ce \u00e0 des diagnostics en temps r\u00e9el et \u00e0 une \u00e9valuation pratique, Sentrimax identifie les causes profondes et applique des actions correctives qui stabilisent les \u00e9quipements et am\u00e9liorent leurs performances.<\/p>\n<hr data-start=\"2798\" data-end=\"2801\" \/>\n<h2 data-start=\"2803\" data-end=\"2848\"><strong data-start=\"2806\" data-end=\"2848\">Avantages du service de centrifugeuse sur site<\/strong><\/h2>\n<p data-start=\"2850\" data-end=\"2988\">Le service de centrifugation sur site offre des avantages op\u00e9rationnels consid\u00e9rables aux installations d&#039;Atlanta, en G\u00e9orgie. Les services de Sentrimax aident les op\u00e9rateurs \u00e0\u00a0:<\/p>\n<ul data-start=\"2990\" data-end=\"3204\">\n<li data-start=\"2990\" data-end=\"3045\">\n<p data-start=\"2992\" data-end=\"3045\">R\u00e9duire les temps d&#039;arr\u00eat li\u00e9s au transport des \u00e9quipements<\/p>\n<\/li>\n<li data-start=\"3046\" data-end=\"3088\">\n<p data-start=\"3048\" data-end=\"3088\">R\u00e9tablir rapidement les performances de la centrifugeuse<\/p>\n<\/li>\n<li data-start=\"3089\" data-end=\"3131\">\n<p data-start=\"3091\" data-end=\"3131\">R\u00e9duction des co\u00fbts de maintenance et de logistique<\/p>\n<\/li>\n<li data-start=\"3132\" data-end=\"3169\">\n<p data-start=\"3134\" data-end=\"3169\">Maintenir des conditions de travail plus s\u00fbres<\/p>\n<\/li>\n<li data-start=\"3170\" data-end=\"3204\">\n<p data-start=\"3172\" data-end=\"3204\">Prolongez la dur\u00e9e de vie de la centrifugeuse<\/p>\n<\/li>\n<\/ul>\n<p data-start=\"3206\" data-end=\"3417\">La r\u00e9solution des probl\u00e8mes li\u00e9s aux centrifugeuses sur le site permet une prise de d\u00e9cision plus rapide et minimise les interruptions de production. Sentrimax applique des m\u00e9thodologies de service \u00e9prouv\u00e9es et des contr\u00f4les de qualit\u00e9 rigoureux pour garantir des r\u00e9sultats fiables.<\/p>\n<hr data-start=\"3419\" data-end=\"3422\" \/>\n<h2 data-start=\"3424\" data-end=\"3469\"><strong data-start=\"3427\" data-end=\"3469\">Capacit\u00e9s de service sur site de Sentrimax<\/strong><\/h2>\n<p data-start=\"3471\" data-end=\"3639\">Sentrimax propose un service complet de centrifugation sur site, assur\u00e9 par des techniciens exp\u00e9riment\u00e9s, une expertise en ing\u00e9nierie et des syst\u00e8mes de qualit\u00e9 certifi\u00e9s. Ses capacit\u00e9s comprennent\u00a0:<\/p>\n<ul data-start=\"3641\" data-end=\"3916\">\n<li data-start=\"3641\" data-end=\"3690\">\n<p data-start=\"3643\" data-end=\"3690\">Inspection et diagnostic des centrifugeuses sur site<\/p>\n<\/li>\n<li data-start=\"3691\" data-end=\"3735\">\n<p data-start=\"3693\" data-end=\"3735\">R\u00e9glages m\u00e9caniques et r\u00e9parations mineures<\/p>\n<\/li>\n<li data-start=\"3736\" data-end=\"3785\">\n<p data-start=\"3738\" data-end=\"3785\">Service d&#039;entretien des roulements, des joints et des syst\u00e8mes de lubrification<\/p>\n<\/li>\n<li data-start=\"3786\" data-end=\"3825\">\n<p data-start=\"3788\" data-end=\"3825\">\u00c9valuation du syst\u00e8me d&#039;entra\u00eenement et de la bo\u00eete de vitesses<\/p>\n<\/li>\n<li data-start=\"3826\" data-end=\"3866\">\n<p data-start=\"3828\" data-end=\"3866\">Tests et v\u00e9rifications op\u00e9rationnels<\/p>\n<\/li>\n<li data-start=\"3867\" data-end=\"3916\">\n<p data-start=\"3869\" data-end=\"3916\">Stabilisation d&#039;urgence et mesures correctives<\/p>\n<\/li>\n<\/ul>\n<p data-start=\"3918\" data-end=\"4075\">Lorsque des r\u00e9parations ou des reconstructions plus importantes sont n\u00e9cessaires, Sentrimax coordonne les services hors site de mani\u00e8re transparente tout en maintenant une communication et une planification claires.<\/p>\n<p data-start=\"4077\" data-end=\"4162\">Apprenez-en davantage sur les capacit\u00e9s de service des centrifugeuses \u00e0<br data-start=\"4128\" data-end=\"4131\" \/><a class=\"decorated-link\" href=\"https:\/\/sentrimax.com\/fr\/services\/?utm_source=chatgpt.com\" target=\"_new\" rel=\"noopener\" data-start=\"4131\" data-end=\"4162\">https:\/\/sentrimax.com\/services\/<\/a><\/p>\n<hr data-start=\"4164\" data-end=\"4167\" \/>\n<h2 data-start=\"4169\" data-end=\"4217\"><strong data-start=\"4172\" data-end=\"4217\">Assistance technique et qualit\u00e9 certifi\u00e9e ISO<\/strong><\/h2>\n<p data-start=\"4219\" data-end=\"4504\">Sentrimax op\u00e8re selon un syst\u00e8me de gestion de la qualit\u00e9 certifi\u00e9 ISO 9001:2015, garantissant une qualit\u00e9 d&#039;ex\u00e9cution constante et des proc\u00e9dures de service document\u00e9es pour toutes ses interventions sur site. Chaque visite de service respecte des protocoles \u00e9tablis en mati\u00e8re de s\u00e9curit\u00e9, de pr\u00e9cision et de v\u00e9rification des performances.<\/p>\n<p data-start=\"4506\" data-end=\"4695\">L&#039;assistance technique est int\u00e9gr\u00e9e au service sur site, permettant aux techniciens de recommander des strat\u00e9gies de maintenance, des mises \u00e0 niveau de composants ou des ajustements op\u00e9rationnels qui r\u00e9duisent les pannes futures.<\/p>\n<p data-start=\"4697\" data-end=\"4775\">Pour en savoir plus sur le proc\u00e9d\u00e9 Sentrimax, consultez le site web.<br data-start=\"4738\" data-end=\"4741\" \/><a class=\"decorated-link\" href=\"https:\/\/sentrimax.com\/fr\/our-process\/?utm_source=chatgpt.com\" target=\"_new\" rel=\"noopener\" data-start=\"4741\" data-end=\"4775\">https:\/\/sentrimax.com\/our-process\/<\/a><\/p>\n<hr data-start=\"4777\" data-end=\"4780\" \/>\n<h2 data-start=\"4782\" data-end=\"4835\"><strong data-start=\"4785\" data-end=\"4835\">Soutien aux op\u00e9rations industrielles \u00e0 Atlanta, G\u00e9orgie<\/strong><\/h2>\n<p data-start=\"4837\" data-end=\"5168\">Atlanta (G\u00e9orgie) est un p\u00f4le majeur d&#039;infrastructures municipales, de production industrielle, d&#039;agroalimentaire, de logistique et d&#039;activit\u00e9s \u00e9nerg\u00e9tiques, secteurs o\u00f9 les centrifugeuses jouent un r\u00f4le essentiel. Sentrimax propose un service d&#039;entretien de centrifugeuses sur site, r\u00e9actif et adapt\u00e9 aux environnements d&#039;exploitation les plus exigeants, aux installations de toute la r\u00e9gion m\u00e9tropolitaine d&#039;Atlanta.<\/p>\n<p data-start=\"5170\" data-end=\"5350\">Forte de son exp\u00e9rience au service de clients \u00e0 travers les \u00c9tats-Unis et le Canada, Sentrimax comprend l&#039;importance d&#039;une r\u00e9ponse rapide, d&#039;une communication claire et d&#039;une ex\u00e9cution de service fiable.<\/p>\n<p data-start=\"5352\" data-end=\"5538\">Les industries soutenues comprennent le traitement des eaux us\u00e9es municipales, la transformation industrielle, le p\u00e9trole et le gaz, la fabrication de produits alimentaires et de boissons et la production d&#039;\u00e9nergie.<br data-start=\"5502\" data-end=\"5505\" \/><a class=\"decorated-link\" href=\"https:\/\/sentrimax.com\/fr\/industries\/?utm_source=chatgpt.com\" target=\"_new\" rel=\"noopener\" data-start=\"5505\" data-end=\"5538\">https:\/\/sentrimax.com\/industries\/<\/a><\/p>\n<hr data-start=\"5540\" data-end=\"5543\" \/>\n<h2 data-start=\"5545\" data-end=\"5594\"><strong data-start=\"5548\" data-end=\"5594\">Maintenance pr\u00e9ventive et assistance tout au long du cycle de vie<\/strong><\/h2>\n<p data-start=\"5596\" data-end=\"5863\">Outre le service d&#039;entretien sur site des centrifugeuses, Sentrimax propose des programmes de maintenance pr\u00e9ventive et de gestion du cycle de vie con\u00e7us pour r\u00e9duire les pannes impr\u00e9vues. Les inspections r\u00e9guli\u00e8res, la surveillance des vibrations et la planification de la maintenance permettent aux installations de g\u00e9rer leurs \u00e9quipements de mani\u00e8re proactive.<\/p>\n<p data-start=\"5865\" data-end=\"6029\">Sentrimax propose \u00e9galement des services de r\u00e9paration, de remise \u00e0 neuf, de location et de conseil technique pour les centrifugeuses destin\u00e9es aux installations n\u00e9cessitant un soutien suppl\u00e9mentaire ou une planification de maintenance \u00e0 long terme.<\/p>\n<p data-start=\"6031\" data-end=\"6158\">Des informations compl\u00e9mentaires sur la fiabilit\u00e9 des \u00e9quipements industriels et le soutien des infrastructures sont disponibles \u00e0 l&#039;adresse suivante\u00a0:<br data-start=\"6132\" data-end=\"6135\" \/><a class=\"decorated-link\" href=\"https:\/\/www.energy.gov\/\" target=\"_new\" rel=\"noopener\" data-start=\"6135\" data-end=\"6158\">https:\/\/www.energy.gov\/<\/a><\/p>\n<hr data-start=\"6160\" data-end=\"6163\" \/>\n<h2 data-start=\"6165\" data-end=\"6220\"><strong data-start=\"6168\" data-end=\"6220\">Un partenaire de confiance pour le service de centrifugeuses sur site<\/strong><\/h2>\n<p data-start=\"6222\" data-end=\"6479\">Sentrimax combine expertise technique, processus certifi\u00e9s ISO et connaissance approfondie du secteur pour fournir des solutions fiables. <strong data-start=\"6337\" data-end=\"6381\">Service de centrifugation sur site \u00e0 Atlanta, G\u00e9orgie<\/strong>. Chaque intervention de service est ax\u00e9e sur la s\u00e9curit\u00e9, la pr\u00e9cision et la fiabilit\u00e9 op\u00e9rationnelle \u00e0 long terme.<\/p>\n<hr data-start=\"6481\" data-end=\"6484\" \/>\n<h2 data-start=\"6486\" data-end=\"6533\"><strong data-start=\"6489\" data-end=\"6533\">Demandez d\u00e8s aujourd&#039;hui votre service de centrifugation sur site.<\/strong><\/h2>\n<p data-start=\"6535\" data-end=\"6751\">Lorsque les performances de votre centrifugeuse sont essentielles \u00e0 votre activit\u00e9, Sentrimax est l\u00e0 pour vous aider. Contactez un membre exp\u00e9riment\u00e9 de notre \u00e9quipe pour planifier une intervention sur site, discuter de vos besoins en maintenance ou r\u00e9soudre tout probl\u00e8me urgent concernant votre \u00e9quipement.<\/p>\n<p data-start=\"6753\" data-end=\"6807\" data-is-last-node=\"\" data-is-only-node=\"\"><strong data-start=\"6753\" data-end=\"6807\" data-is-last-node=\"\"><a class=\"decorated-link\" href=\"https:\/\/sentrimax.com\/fr\/contact\/\" target=\"_new\" rel=\"noopener\" data-start=\"6755\" data-end=\"6805\">Demandez un devis !<\/a><\/strong><\/p>","protected":false},"excerpt":{"rendered":"<p>Sentrimax provides professional on-site centrifuge service in Atlanta GA, supporting industrial, municipal, and energy-sector operations that require fast, reliable equipment support without the delays of off-site transport. With decades of experience servicing industrial centrifuges across North America, Sentrimax delivers field-based service solutions designed to restore performance, minimize downtime, and maintain safe operation. On-site centrifuge service [&hellip;]<\/p>\n","protected":false},"author":3,"featured_media":0,"parent":0,"menu_order":0,"comment_status":"closed","ping_status":"closed","template":"seo-page-template.php","meta":{"_acf_changed":false,"inline_featured_image":false,"footnotes":""},"class_list":["post-2344","page","type-page","status-publish","hentry"],"acf":[],"_links":{"self":[{"href":"https:\/\/sentrimax.com\/fr\/wp-json\/wp\/v2\/pages\/2344","targetHints":{"allow":["GET"]}}],"collection":[{"href":"https:\/\/sentrimax.com\/fr\/wp-json\/wp\/v2\/pages"}],"about":[{"href":"https:\/\/sentrimax.com\/fr\/wp-json\/wp\/v2\/types\/page"}],"author":[{"embeddable":true,"href":"https:\/\/sentrimax.com\/fr\/wp-json\/wp\/v2\/users\/3"}],"replies":[{"embeddable":true,"href":"https:\/\/sentrimax.com\/fr\/wp-json\/wp\/v2\/comments?post=2344"}],"version-history":[{"count":1,"href":"https:\/\/sentrimax.com\/fr\/wp-json\/wp\/v2\/pages\/2344\/revisions"}],"predecessor-version":[{"id":2483,"href":"https:\/\/sentrimax.com\/fr\/wp-json\/wp\/v2\/pages\/2344\/revisions\/2483"}],"wp:attachment":[{"href":"https:\/\/sentrimax.com\/fr\/wp-json\/wp\/v2\/media?parent=2344"}],"curies":[{"name":"wp","href":"https:\/\/api.w.org\/{rel}","templated":true}]}}