{"id":2345,"date":"2026-01-07T18:14:22","date_gmt":"2026-01-07T18:14:22","guid":{"rendered":"https:\/\/sentrimax.com\/?page_id=2345"},"modified":"2026-04-21T21:12:52","modified_gmt":"2026-04-21T21:12:52","slug":"industrial-centrifuge-parts-service-in-phoenix-az","status":"publish","type":"page","link":"https:\/\/sentrimax.com\/fr\/industrial-centrifuge-parts-service-in-phoenix-az\/","title":{"rendered":"Pi\u00e8ces et service pour centrifugeuses industrielles \u00e0 Phoenix, Arizona"},"content":{"rendered":"<p data-start=\"525\" data-end=\"950\"><span class=\"hover:entity-accent entity-underline inline cursor-pointer align-baseline\"><span class=\"whitespace-normal\"><img fetchpriority=\"high\" decoding=\"async\" class=\"aligncenter size-full wp-image-2204\" src=\"https:\/\/sentrimax.com\/wp-content\/uploads\/2025\/10\/Sentrimax-PM95000-scaled-e1761191933425.jpg\" alt=\"centrifuge 40&quot; sharples rental\" width=\"1000\" height=\"718\" \/><\/span><\/span><\/p>\n<p data-start=\"525\" data-end=\"950\"><span class=\"hover:entity-accent entity-underline inline cursor-pointer align-baseline\"><span class=\"whitespace-normal\">Sentrimax<\/span><\/span> Sentrimax fournit des pi\u00e8ces et un service fiables pour centrifugeuses industrielles \u00e0 Phoenix, en Arizona, et accompagne les municipalit\u00e9s, les industries et le secteur de l&#039;\u00e9nergie qui utilisent des \u00e9quipements de s\u00e9paration haute performance. Forte de plusieurs d\u00e9cennies d&#039;exp\u00e9rience dans la maintenance, la r\u00e9paration et la conception de composants pour centrifugeuses en Am\u00e9rique du Nord, Sentrimax contribue \u00e0 optimiser la disponibilit\u00e9, l&#039;efficacit\u00e9 et la fiabilit\u00e9 \u00e0 long terme des installations.<\/p>\n<p data-start=\"952\" data-end=\"1370\">Les centrifugeuses industrielles fonctionnent dans des environnements exigeants o\u00f9 les vitesses de rotation \u00e9lev\u00e9es, les cycles de fonctionnement continus et les mat\u00e9riaux abrasifs sollicitent fortement les syst\u00e8mes m\u00e9caniques et \u00e9lectriques. En cas d&#039;usure des composants ou de baisse de performance, il est essentiel de disposer rapidement de pi\u00e8ces de qualit\u00e9 et d&#039;un service d&#039;experts. Sentrimax propose des solutions compl\u00e8tes con\u00e7ues pour garantir le fonctionnement s\u00fbr et efficace des syst\u00e8mes de centrifugation.<\/p>\n<hr data-start=\"1372\" data-end=\"1375\" \/>\n<h2 data-start=\"1377\" data-end=\"1445\"><strong data-start=\"1380\" data-end=\"1445\">Solutions compl\u00e8tes de pi\u00e8ces et de services pour centrifugeuses industrielles<\/strong><\/h2>\n<p data-start=\"1447\" data-end=\"1774\">Sentrimax assure le support des syst\u00e8mes de centrifugeuses industrielles tout au long de leur cycle de vie, de la maintenance courante aux r\u00e9parations majeures et au remplacement de composants. Chaque intervention d\u00e9bute par une \u00e9valuation d\u00e9taill\u00e9e afin de d\u00e9terminer si une intervention cibl\u00e9e, le remplacement de pi\u00e8ces ou une strat\u00e9gie de r\u00e9paration plus globale permettra d&#039;obtenir le meilleur r\u00e9sultat.<\/p>\n<p data-start=\"1776\" data-end=\"2063\">Nos services pour centrifugeuses industrielles comprennent l&#039;inspection, le diagnostic, le d\u00e9pannage, la r\u00e9paration, la remise en \u00e9tat et l&#039;optimisation des performances. Les pi\u00e8ces de rechange sont fournies conform\u00e9ment aux sp\u00e9cifications du fabricant d&#039;origine ou con\u00e7ues pour r\u00e9pondre \u00e0 des conditions de fonctionnement sp\u00e9cifiques, garantissant ainsi un montage parfait et des performances fiables.<\/p>\n<p data-start=\"2065\" data-end=\"2456\">Les centrifugeuses s\u00e9parent les solides et les liquides gr\u00e2ce \u00e0 la force centrifuge\u00a0; l\u2019\u00e9quilibre, l\u2019alignement et l\u2019int\u00e9grit\u00e9 des composants sont donc essentiels. L\u2019usure m\u00e9canique ou des pi\u00e8ces de qualit\u00e9 inf\u00e9rieure peuvent entra\u00eener des vibrations, une r\u00e9duction de l\u2019efficacit\u00e9 de s\u00e9paration ou des arr\u00eats impr\u00e9vus si elles ne sont pas correctement prises en compte.<br data-start=\"2331\" data-end=\"2334\" \/>Des informations techniques suppl\u00e9mentaires sur le fonctionnement des centrifugeuses sont disponibles \u00e0 l&#039;adresse suivante\u00a0:<br data-start=\"2405\" data-end=\"2408\" \/><a class=\"decorated-link\" href=\"https:\/\/www.britannica.com\/technology\/centrifuge\" target=\"_new\" rel=\"noopener\" data-start=\"2408\" data-end=\"2456\">https:\/\/www.britannica.com\/technology\/centrifuge<\/a><\/p>\n<hr data-start=\"2458\" data-end=\"2461\" \/>\n<h2 data-start=\"2463\" data-end=\"2517\"><strong data-start=\"2466\" data-end=\"2517\">Pourquoi des pi\u00e8ces de qualit\u00e9 et un service professionnel sont importants<\/strong><\/h2>\n<p data-start=\"2519\" data-end=\"2698\">La fiabilit\u00e9 des centrifugeuses d\u00e9pend de la qualit\u00e9 de l&#039;entretien et des pi\u00e8ces de rechange. Les pi\u00e8ces et services pour centrifugeuses industrielles de Sentrimax aident les op\u00e9rateurs\u00a0:<\/p>\n<ul data-start=\"2700\" data-end=\"2903\">\n<li data-start=\"2700\" data-end=\"2731\">\n<p data-start=\"2702\" data-end=\"2731\">Minimisez les temps d&#039;arr\u00eat non planifi\u00e9s<\/p>\n<\/li>\n<li data-start=\"2732\" data-end=\"2777\">\n<p data-start=\"2734\" data-end=\"2777\">Maintenir une efficacit\u00e9 de s\u00e9paration constante<\/p>\n<\/li>\n<li data-start=\"2778\" data-end=\"2820\">\n<p data-start=\"2780\" data-end=\"2820\">R\u00e9duire les vibrations et les contraintes m\u00e9caniques<\/p>\n<\/li>\n<li data-start=\"2821\" data-end=\"2855\">\n<p data-start=\"2823\" data-end=\"2855\">Prolongez la dur\u00e9e de vie de la centrifugeuse<\/p>\n<\/li>\n<li data-start=\"2856\" data-end=\"2903\">\n<p data-start=\"2858\" data-end=\"2903\">R\u00e9duction des co\u00fbts totaux d&#039;entretien et d&#039;exploitation<\/p>\n<\/li>\n<\/ul>\n<p data-start=\"2905\" data-end=\"3143\">L&#039;utilisation de pi\u00e8ces de qualit\u00e9 inf\u00e9rieure ou le report des interventions de maintenance entra\u00eenent souvent des pannes r\u00e9currentes et des co\u00fbts plus \u00e9lev\u00e9s \u00e0 long terme. Sentrimax applique des contr\u00f4les qualit\u00e9 rigoureux et une analyse technique approfondie afin de garantir la durabilit\u00e9 de chaque pi\u00e8ce et de chaque solution de service.<\/p>\n<hr data-start=\"3145\" data-end=\"3148\" \/>\n<h2 data-start=\"3150\" data-end=\"3195\"><strong data-start=\"3153\" data-end=\"3195\">Capacit\u00e9s de pi\u00e8ces et de service de Sentrimax<\/strong><\/h2>\n<p data-start=\"3197\" data-end=\"3369\">Sentrimax propose une vaste gamme de pi\u00e8ces et de services pour centrifugeuses industrielles, s&#039;appuyant sur une expertise en usinage, fabrication et ing\u00e9nierie. Ses capacit\u00e9s comprennent\u00a0:<\/p>\n<ul data-start=\"3371\" data-end=\"3652\">\n<li data-start=\"3371\" data-end=\"3416\">\n<p data-start=\"3373\" data-end=\"3416\">Pi\u00e8ces de rechange conformes aux sp\u00e9cifications du fabricant et con\u00e7ues sur mesure<\/p>\n<\/li>\n<li data-start=\"3417\" data-end=\"3471\">\n<p data-start=\"3419\" data-end=\"3471\">Composants des roulements, des joints d&#039;\u00e9tanch\u00e9it\u00e9 et du syst\u00e8me de lubrification<\/p>\n<\/li>\n<li data-start=\"3472\" data-end=\"3508\">\n<p data-start=\"3474\" data-end=\"3508\">Service de bo\u00eete de vitesses et de syst\u00e8me de transmission<\/p>\n<\/li>\n<li data-start=\"3509\" data-end=\"3555\">\n<p data-start=\"3511\" data-end=\"3555\">Inspection et \u00e9quilibrage des ensembles rotatifs<\/p>\n<\/li>\n<li data-start=\"3556\" data-end=\"3601\">\n<p data-start=\"3558\" data-end=\"3601\">Diagnostic des syst\u00e8mes \u00e9lectriques et de contr\u00f4le<\/p>\n<\/li>\n<li data-start=\"3602\" data-end=\"3652\">\n<p data-start=\"3604\" data-end=\"3652\">Assistance compl\u00e8te pour la r\u00e9paration et la reconstruction des centrifugeuses<\/p>\n<\/li>\n<\/ul>\n<p data-start=\"3654\" data-end=\"3798\">Pour les composants obsol\u00e8tes ou difficiles \u00e0 trouver, Sentrimax propose des services de fabrication sur mesure et de r\u00e9tro-ing\u00e9nierie afin de r\u00e9tablir leur pleine fonctionnalit\u00e9.<\/p>\n<p data-start=\"3800\" data-end=\"3895\">Apprenez-en davantage sur les services et les pi\u00e8ces d\u00e9tach\u00e9es pour centrifugeuses disponibles sur<br data-start=\"3861\" data-end=\"3864\" \/><a class=\"decorated-link\" href=\"https:\/\/sentrimax.com\/fr\/services\/?utm_source=chatgpt.com\" target=\"_new\" rel=\"noopener\" data-start=\"3864\" data-end=\"3895\">https:\/\/sentrimax.com\/services\/<\/a><\/p>\n<hr data-start=\"3897\" data-end=\"3900\" \/>\n<h2 data-start=\"3902\" data-end=\"3952\"><strong data-start=\"3905\" data-end=\"3952\">Assistance qualit\u00e9 et ing\u00e9nierie certifi\u00e9e ISO<\/strong><\/h2>\n<p data-start=\"3954\" data-end=\"4235\">Sentrimax op\u00e8re selon un syst\u00e8me de gestion de la qualit\u00e9 certifi\u00e9 ISO 9001:2015, garantissant la coh\u00e9rence, la tra\u00e7abilit\u00e9 et la reproductibilit\u00e9 des r\u00e9sultats pour toutes les pi\u00e8ces et les prestations de service. Chaque composant et chaque processus de service suit des proc\u00e9dures document\u00e9es, de l&#039;inspection \u00e0 la v\u00e9rification finale.<\/p>\n<p data-start=\"4237\" data-end=\"4473\">L&#039;assistance technique est int\u00e9gr\u00e9e \u00e0 chaque projet. Sentrimax \u00e9value les conditions d&#039;exploitation, l&#039;historique des d\u00e9faillances et les exigences de performance afin de recommander des mat\u00e9riaux, des conceptions ou des strat\u00e9gies de maintenance am\u00e9lior\u00e9s qui r\u00e9duisent les probl\u00e8mes futurs.<\/p>\n<p data-start=\"4475\" data-end=\"4553\">Pour en savoir plus sur le proc\u00e9d\u00e9 Sentrimax, consultez le site web.<br data-start=\"4516\" data-end=\"4519\" \/><a class=\"decorated-link\" href=\"https:\/\/sentrimax.com\/fr\/our-process\/?utm_source=chatgpt.com\" target=\"_new\" rel=\"noopener\" data-start=\"4519\" data-end=\"4553\">https:\/\/sentrimax.com\/our-process\/<\/a><\/p>\n<hr data-start=\"4555\" data-end=\"4558\" \/>\n<h2 data-start=\"4560\" data-end=\"4613\"><strong data-start=\"4563\" data-end=\"4613\">Soutien aux op\u00e9rations industrielles \u00e0 Phoenix, Arizona<\/strong><\/h2>\n<p data-start=\"4615\" data-end=\"4953\">Phoenix (Arizona) est un p\u00f4le en pleine expansion pour la fabrication, les infrastructures municipales, l&#039;\u00e9nergie et les proc\u00e9d\u00e9s industriels, o\u00f9 les centrifugeuses jouent un r\u00f4le essentiel. Sentrimax fournit aux installations de toute la r\u00e9gion m\u00e9tropolitaine de Phoenix des pi\u00e8ces d\u00e9tach\u00e9es et un service apr\u00e8s-vente adapt\u00e9s aux conditions d&#039;exploitation les plus exigeantes.<\/p>\n<p data-start=\"4955\" data-end=\"5243\">Forte de son exp\u00e9rience aupr\u00e8s de clients aux \u00c9tats-Unis et au Canada, Sentrimax comprend l&#039;importance d&#039;une intervention rapide, d&#039;une communication claire et d&#039;une prestation fiable. Qu&#039;il s&#039;agisse de r\u00e9parations d&#039;urgence ou d&#039;entretien planifi\u00e9, Sentrimax vous accompagne \u00e0 chaque \u00e9tape.<\/p>\n<p data-start=\"5245\" data-end=\"5431\">Les industries soutenues comprennent le traitement des eaux us\u00e9es municipales, la transformation industrielle, le p\u00e9trole et le gaz, la fabrication de produits alimentaires et de boissons et la production d&#039;\u00e9nergie.<br data-start=\"5395\" data-end=\"5398\" \/><a class=\"decorated-link\" href=\"https:\/\/sentrimax.com\/fr\/industries\/?utm_source=chatgpt.com\" target=\"_new\" rel=\"noopener\" data-start=\"5398\" data-end=\"5431\">https:\/\/sentrimax.com\/industries\/<\/a><\/p>\n<hr data-start=\"5433\" data-end=\"5436\" \/>\n<h2 data-start=\"5438\" data-end=\"5487\"><strong data-start=\"5441\" data-end=\"5487\">Maintenance pr\u00e9ventive et assistance tout au long du cycle de vie<\/strong><\/h2>\n<p data-start=\"5489\" data-end=\"5778\">Outre la fourniture de pi\u00e8ces d\u00e9tach\u00e9es et la maintenance pour centrifugeuses industrielles, Sentrimax propose des programmes de maintenance pr\u00e9ventive et d&#039;assistance tout au long du cycle de vie, con\u00e7us pour r\u00e9duire les pannes impr\u00e9vues. Les inspections r\u00e9guli\u00e8res, l&#039;analyse des vibrations et le remplacement planifi\u00e9 des composants permettent aux installations de g\u00e9rer la maintenance de mani\u00e8re proactive.<\/p>\n<p data-start=\"5780\" data-end=\"6002\">Sentrimax propose \u00e9galement la remise \u00e0 neuf de centrifugeuses, la location et des services de conseil technique aux installations g\u00e9rant des \u00e9quipements vieillissants ou en expansion. Ces services contribuent \u00e0 maintenir la productivit\u00e9 tout en ma\u00eetrisant les co\u00fbts de maintenance.<\/p>\n<p data-start=\"6004\" data-end=\"6131\">Des informations compl\u00e9mentaires sur la fiabilit\u00e9 des \u00e9quipements industriels et le soutien des infrastructures sont disponibles \u00e0 l&#039;adresse suivante\u00a0:<br data-start=\"6105\" data-end=\"6108\" \/><a class=\"decorated-link\" href=\"https:\/\/www.energy.gov\/\" target=\"_new\" rel=\"noopener\" data-start=\"6108\" data-end=\"6131\">https:\/\/www.energy.gov\/<\/a><\/p>\n<hr data-start=\"6133\" data-end=\"6136\" \/>\n<h2 data-start=\"6138\" data-end=\"6196\"><strong data-start=\"6141\" data-end=\"6196\">Un partenaire de confiance pour le support des centrifugeuses industrielles<\/strong><\/h2>\n<p data-start=\"6198\" data-end=\"6456\">Sentrimax allie expertise technique, processus certifi\u00e9s ISO et connaissance approfondie du secteur pour fournir des pi\u00e8ces et un service fiables pour centrifugeuses industrielles \u00e0 Phoenix, en Arizona. Chaque solution est ax\u00e9e sur la pr\u00e9cision, la s\u00e9curit\u00e9 et la performance op\u00e9rationnelle \u00e0 long terme.<\/p>\n<hr data-start=\"6458\" data-end=\"6461\" \/>\n<h2 data-start=\"6463\" data-end=\"6521\"><strong data-start=\"6466\" data-end=\"6521\">Demandez d\u00e8s aujourd&#039;hui des pi\u00e8ces et un service pour votre centrifugeuse industrielle.<\/strong><\/h2>\n<p data-start=\"6523\" data-end=\"6734\">Lorsque la performance de votre centrifugeuse est essentielle \u00e0 votre activit\u00e9, Sentrimax est l\u00e0 pour vous aider. Contactez un membre exp\u00e9riment\u00e9 de notre \u00e9quipe pour discuter de vos besoins en pi\u00e8ces d\u00e9tach\u00e9es, services, d\u00e9lais et sp\u00e9cifications techniques.<\/p>\n<p data-start=\"6736\" data-end=\"6790\" data-is-last-node=\"\" data-is-only-node=\"\"><strong data-start=\"6736\" data-end=\"6790\" data-is-last-node=\"\"><a class=\"decorated-link\" href=\"https:\/\/sentrimax.com\/fr\/contact\/\" target=\"_new\" rel=\"noopener\" data-start=\"6738\" data-end=\"6788\">Demandez un devis !<\/a><\/strong><\/p>","protected":false},"excerpt":{"rendered":"<p>Sentrimax delivers dependable industrial centrifuge parts &amp; service in Phoenix AZ, supporting municipal, industrial, and energy-sector operations that rely on high-performance separation equipment. With decades of experience providing centrifuge service, repair, and engineered components across North America, Sentrimax helps facilities maintain uptime, efficiency, and long-term reliability. Industrial centrifuges operate in demanding environments where high rotational [&hellip;]<\/p>\n","protected":false},"author":3,"featured_media":0,"parent":0,"menu_order":0,"comment_status":"closed","ping_status":"closed","template":"seo-page-template.php","meta":{"_acf_changed":false,"inline_featured_image":false,"footnotes":""},"class_list":["post-2345","page","type-page","status-publish","hentry"],"acf":[],"_links":{"self":[{"href":"https:\/\/sentrimax.com\/fr\/wp-json\/wp\/v2\/pages\/2345","targetHints":{"allow":["GET"]}}],"collection":[{"href":"https:\/\/sentrimax.com\/fr\/wp-json\/wp\/v2\/pages"}],"about":[{"href":"https:\/\/sentrimax.com\/fr\/wp-json\/wp\/v2\/types\/page"}],"author":[{"embeddable":true,"href":"https:\/\/sentrimax.com\/fr\/wp-json\/wp\/v2\/users\/3"}],"replies":[{"embeddable":true,"href":"https:\/\/sentrimax.com\/fr\/wp-json\/wp\/v2\/comments?post=2345"}],"version-history":[{"count":1,"href":"https:\/\/sentrimax.com\/fr\/wp-json\/wp\/v2\/pages\/2345\/revisions"}],"predecessor-version":[{"id":2482,"href":"https:\/\/sentrimax.com\/fr\/wp-json\/wp\/v2\/pages\/2345\/revisions\/2482"}],"wp:attachment":[{"href":"https:\/\/sentrimax.com\/fr\/wp-json\/wp\/v2\/media?parent=2345"}],"curies":[{"name":"wp","href":"https:\/\/api.w.org\/{rel}","templated":true}]}}