{"id":2346,"date":"2026-01-07T18:16:06","date_gmt":"2026-01-07T18:16:06","guid":{"rendered":"https:\/\/sentrimax.com\/?page_id=2346"},"modified":"2026-01-07T18:32:37","modified_gmt":"2026-01-07T18:32:37","slug":"nationwide-centrifuge-repair-services-usa-canada","status":"publish","type":"page","link":"https:\/\/sentrimax.com\/fr\/nationwide-centrifuge-repair-services-usa-canada\/","title":{"rendered":"Services de r\u00e9paration de centrifugeuses \u00e0 l&#039;\u00e9chelle nationale aux \u00c9tats-Unis et au Canada"},"content":{"rendered":"<p data-start=\"525\" data-end=\"955\"><span class=\"hover:entity-accent entity-underline inline cursor-pointer align-baseline\"><span class=\"whitespace-normal\"><img fetchpriority=\"high\" decoding=\"async\" class=\"aligncenter size-full wp-image-2173\" src=\"https:\/\/sentrimax.com\/wp-content\/uploads\/2025\/07\/c1a73b_f3521b6db4d34f23972aa5e5d7ed0489mv2.png\" alt=\"\" width=\"980\" height=\"551\" srcset=\"https:\/\/sentrimax.com\/wp-content\/uploads\/2025\/07\/c1a73b_f3521b6db4d34f23972aa5e5d7ed0489mv2.png 980w, https:\/\/sentrimax.com\/wp-content\/uploads\/2025\/07\/c1a73b_f3521b6db4d34f23972aa5e5d7ed0489mv2-300x169.png 300w, https:\/\/sentrimax.com\/wp-content\/uploads\/2025\/07\/c1a73b_f3521b6db4d34f23972aa5e5d7ed0489mv2-768x432.png 768w, https:\/\/sentrimax.com\/wp-content\/uploads\/2025\/07\/c1a73b_f3521b6db4d34f23972aa5e5d7ed0489mv2-18x10.png 18w, https:\/\/sentrimax.com\/wp-content\/uploads\/2025\/07\/c1a73b_f3521b6db4d34f23972aa5e5d7ed0489mv2-600x337.png 600w\" sizes=\"(max-width: 980px) 100vw, 980px\" \/><\/span><\/span><\/p>\n<p data-start=\"525\" data-end=\"955\"><span class=\"hover:entity-accent entity-underline inline cursor-pointer align-baseline\"><span class=\"whitespace-normal\">Sentrimax<\/span><\/span> fournit des services professionnels <strong data-start=\"585\" data-end=\"650\">Services de r\u00e9paration de centrifugeuses \u00e0 l&#039;\u00e9chelle nationale aux \u00c9tats-Unis et au Canada<\/strong>, Sentrimax soutient les op\u00e9rations industrielles, municipales et \u00e9nerg\u00e9tiques qui d\u00e9pendent d&#039;\u00e9quipements de s\u00e9paration fiables. Forte de plusieurs d\u00e9cennies d&#039;exp\u00e9rience dans la maintenance de syst\u00e8mes de centrifugeuses en Am\u00e9rique du Nord, Sentrimax propose des solutions de r\u00e9paration rapides et de haute qualit\u00e9 partout o\u00f9 les arr\u00eats de production menacent la productivit\u00e9.<\/p>\n<p data-start=\"957\" data-end=\"1351\">Les centrifugeuses sont essentielles \u00e0 des proc\u00e9d\u00e9s tels que le traitement des eaux us\u00e9es, la s\u00e9paration du p\u00e9trole et du gaz, la production industrielle et l&#039;agroalimentaire. En cas de panne, une r\u00e9paration rapide et experte est indispensable. Sentrimax propose des services de r\u00e9paration modulables, con\u00e7us pour accompagner les installations aux \u00c9tats-Unis et au Canada, avec une qualit\u00e9 constante, une expertise technique pointue et des d\u00e9lais d&#039;intervention fiables.<\/p>\n<hr data-start=\"1353\" data-end=\"1356\" \/>\n<h2 data-start=\"1358\" data-end=\"1420\"><strong data-start=\"1361\" data-end=\"1420\">Capacit\u00e9s compl\u00e8tes de r\u00e9paration de centrifugeuses \u00e0 l&#039;\u00e9chelle nationale<\/strong><\/h2>\n<p data-start=\"1422\" data-end=\"1721\">Sentrimax propose des services de r\u00e9paration de centrifugeuses \u00e0 l&#039;\u00e9chelle nationale, couvrant aussi bien les pannes d&#039;urgence que la maintenance planifi\u00e9e. Chaque intervention d\u00e9bute par une \u00e9valuation d\u00e9taill\u00e9e afin de d\u00e9terminer la strat\u00e9gie de r\u00e9paration la plus efficace en fonction de l&#039;\u00e9tat de l&#039;\u00e9quipement, de son environnement d&#039;exploitation et des exigences du processus.<\/p>\n<p data-start=\"1723\" data-end=\"2040\">Nos services de r\u00e9paration comprennent l&#039;inspection m\u00e9canique, le diagnostic, le d\u00e9montage, la r\u00e9paration ou le remplacement de composants, le remontage et les tests de performance. Que les r\u00e9parations soient effectu\u00e9es sur site ou dans un centre de service Sentrimax, les m\u00eames proc\u00e9dures certifi\u00e9es ISO et les m\u00eames normes de qualit\u00e9 sont appliqu\u00e9es de mani\u00e8re uniforme dans toutes les r\u00e9gions.<\/p>\n<p data-start=\"2042\" data-end=\"2389\">Le fonctionnement s\u00fbr et efficace des centrifugeuses repose sur la force centrifuge, un \u00e9quilibrage pr\u00e9cis et une int\u00e9grit\u00e9 m\u00e9canique irr\u00e9prochable. L&#039;usure des composants, les vibrations ou un mauvais alignement peuvent rapidement compromettre leurs performances si ces probl\u00e8mes ne sont pas pris en compte.<br data-start=\"2264\" data-end=\"2267\" \/>Des informations techniques suppl\u00e9mentaires sur le fonctionnement des centrifugeuses sont disponibles \u00e0 l&#039;adresse suivante\u00a0:<br data-start=\"2338\" data-end=\"2341\" \/><a class=\"decorated-link\" href=\"https:\/\/www.britannica.com\/technology\/centrifuge\" target=\"_new\" rel=\"noopener\" data-start=\"2341\" data-end=\"2389\">https:\/\/www.britannica.com\/technology\/centrifuge<\/a><\/p>\n<hr data-start=\"2391\" data-end=\"2394\" \/>\n<h2 data-start=\"2396\" data-end=\"2444\"><strong data-start=\"2399\" data-end=\"2444\">Secteurs d&#039;activit\u00e9 soutenus en Am\u00e9rique du Nord<\/strong><\/h2>\n<p data-start=\"2446\" data-end=\"2544\">Sentrimax propose des services de r\u00e9paration de centrifugeuses \u00e0 l&#039;\u00e9chelle nationale \u00e0 un large \u00e9ventail de secteurs d&#039;activit\u00e9, notamment\u00a0:<\/p>\n<ul data-start=\"2546\" data-end=\"2767\">\n<li data-start=\"2546\" data-end=\"2594\">\n<p data-start=\"2548\" data-end=\"2594\">traitement des eaux us\u00e9es municipales et des biosolides<\/p>\n<\/li>\n<li data-start=\"2595\" data-end=\"2643\">\n<p data-start=\"2597\" data-end=\"2643\">Forage, traitement et raffinage du p\u00e9trole et du gaz<\/p>\n<\/li>\n<li data-start=\"2644\" data-end=\"2696\">\n<p data-start=\"2646\" data-end=\"2696\">fabrication industrielle et traitement chimique<\/p>\n<\/li>\n<li data-start=\"2697\" data-end=\"2729\">\n<p data-start=\"2699\" data-end=\"2729\">production alimentaire et de boissons<\/p>\n<\/li>\n<li data-start=\"2730\" data-end=\"2767\">\n<p data-start=\"2732\" data-end=\"2767\">Services \u00e9nerg\u00e9tiques et environnementaux<\/p>\n<\/li>\n<\/ul>\n<p data-start=\"2769\" data-end=\"2955\">Gr\u00e2ce \u00e0 leur exp\u00e9rience dans des applications vari\u00e9es, les techniciens de Sentrimax comprennent les d\u00e9fis uniques et les exigences r\u00e9glementaires de chaque secteur et adaptent les solutions de r\u00e9paration en cons\u00e9quence.<\/p>\n<hr data-start=\"2957\" data-end=\"2960\" \/>\n<h2 data-start=\"2962\" data-end=\"3009\"><strong data-start=\"2965\" data-end=\"3009\">Pourquoi la r\u00e9paration nationale des centrifugeuses est importante<\/strong><\/h2>\n<p data-start=\"3011\" data-end=\"3215\">Un acc\u00e8s fiable aux services de r\u00e9paration de centrifugeuses dans plusieurs r\u00e9gions est essentiel pour les organisations exploitant plusieurs installations ou sites distants. Les services de r\u00e9paration nationaux de Sentrimax aident les op\u00e9rateurs\u00a0:<\/p>\n<ul data-start=\"3217\" data-end=\"3472\">\n<li data-start=\"3217\" data-end=\"3280\">\n<p data-start=\"3219\" data-end=\"3280\">R\u00e9duisez au minimum les temps d&#039;arr\u00eat sur des sites g\u00e9ographiquement dispers\u00e9s.<\/p>\n<\/li>\n<li data-start=\"3281\" data-end=\"3337\">\n<p data-start=\"3283\" data-end=\"3337\">Maintenir une qualit\u00e9 de r\u00e9paration et une documentation constantes<\/p>\n<\/li>\n<li data-start=\"3338\" data-end=\"3393\">\n<p data-start=\"3340\" data-end=\"3393\">R\u00e9duire la complexit\u00e9 logistique et la variabilit\u00e9 des fournisseurs<\/p>\n<\/li>\n<li data-start=\"3394\" data-end=\"3428\">\n<p data-start=\"3396\" data-end=\"3428\">Prolongez la dur\u00e9e de vie de la centrifugeuse<\/p>\n<\/li>\n<li data-start=\"3429\" data-end=\"3472\">\n<p data-start=\"3431\" data-end=\"3472\">Contr\u00f4ler les co\u00fbts d&#039;entretien et d&#039;exploitation<\/p>\n<\/li>\n<\/ul>\n<p data-start=\"3474\" data-end=\"3644\">Plut\u00f4t que de coordonner plusieurs fournisseurs r\u00e9gionaux, les op\u00e9rateurs b\u00e9n\u00e9ficient d&#039;un partenaire de r\u00e9paration unique et fiable, capable d&#039;intervenir dans les installations partout aux \u00c9tats-Unis et au Canada.<\/p>\n<hr data-start=\"3646\" data-end=\"3649\" \/>\n<h2 data-start=\"3651\" data-end=\"3699\"><strong data-start=\"3654\" data-end=\"3699\">Expertise et capacit\u00e9s de r\u00e9paration Sentrimax<\/strong><\/h2>\n<p data-start=\"3701\" data-end=\"3864\">Sentrimax propose des services de r\u00e9paration de centrifugeuses complets, s&#039;appuyant sur une expertise en ing\u00e9nierie, un usinage de pointe et des syst\u00e8mes de qualit\u00e9 certifi\u00e9s. Ses capacit\u00e9s comprennent\u00a0:<\/p>\n<ul data-start=\"3866\" data-end=\"4173\">\n<li data-start=\"3866\" data-end=\"3913\">\n<p data-start=\"3868\" data-end=\"3913\">D\u00e9montage et inspection complets de la centrifugeuse<\/p>\n<\/li>\n<li data-start=\"3914\" data-end=\"3965\">\n<p data-start=\"3916\" data-end=\"3965\">R\u00e9paration de roulements, de joints d&#039;\u00e9tanch\u00e9it\u00e9, de bo\u00eetes de vitesses et de syst\u00e8mes d&#039;entra\u00eenement<\/p>\n<\/li>\n<li data-start=\"3966\" data-end=\"4024\">\n<p data-start=\"3968\" data-end=\"4024\">Inspection, alignement et \u00e9quilibrage des ensembles rotatifs<\/p>\n<\/li>\n<li data-start=\"4025\" data-end=\"4070\">\n<p data-start=\"4027\" data-end=\"4070\">Diagnostic des syst\u00e8mes \u00e9lectriques et de contr\u00f4le<\/p>\n<\/li>\n<li data-start=\"4071\" data-end=\"4121\">\n<p data-start=\"4073\" data-end=\"4121\">composants de remplacement conformes aux sp\u00e9cifications OEM et con\u00e7us sur mesure<\/p>\n<\/li>\n<li data-start=\"4122\" data-end=\"4173\">\n<p data-start=\"4124\" data-end=\"4173\">Tests fonctionnels et v\u00e9rification des performances<\/p>\n<\/li>\n<\/ul>\n<p data-start=\"4175\" data-end=\"4320\">Pour les composants obsol\u00e8tes ou difficiles \u00e0 trouver, Sentrimax propose des solutions de fabrication sur mesure et de r\u00e9tro-ing\u00e9nierie afin de r\u00e9tablir leur pleine fonctionnalit\u00e9.<\/p>\n<p data-start=\"4322\" data-end=\"4418\">Apprenez-en davantage sur les capacit\u00e9s de r\u00e9paration et d&#039;entretien des centrifugeuses sur<br data-start=\"4384\" data-end=\"4387\" \/><a class=\"decorated-link\" href=\"https:\/\/sentrimax.com\/fr\/services\/?utm_source=chatgpt.com\" target=\"_new\" rel=\"noopener\" data-start=\"4387\" data-end=\"4418\">https:\/\/sentrimax.com\/services\/<\/a><\/p>\n<hr data-start=\"4420\" data-end=\"4423\" \/>\n<h2 data-start=\"4425\" data-end=\"4475\"><strong data-start=\"4428\" data-end=\"4475\">Assistance qualit\u00e9 et ing\u00e9nierie certifi\u00e9e ISO<\/strong><\/h2>\n<p data-start=\"4477\" data-end=\"4750\">Sentrimax op\u00e8re selon un syst\u00e8me de gestion de la qualit\u00e9 certifi\u00e9 ISO 9001:2015, garantissant la coh\u00e9rence, la tra\u00e7abilit\u00e9 et la reproductibilit\u00e9 des r\u00e9parations sur tous ses sites. Chaque r\u00e9paration de centrifugeuse suit des proc\u00e9dures document\u00e9es, de l&#039;inspection initiale \u00e0 la v\u00e9rification finale.<\/p>\n<p data-start=\"4752\" data-end=\"5009\">L&#039;assistance technique est int\u00e9gr\u00e9e au processus de r\u00e9paration. Sentrimax \u00e9value les conditions de fonctionnement, les sch\u00e9mas de d\u00e9faillance et les exigences de performance afin de recommander des am\u00e9liorations de conception ou des strat\u00e9gies de maintenance permettant de r\u00e9duire les probl\u00e8mes futurs et d&#039;am\u00e9liorer la fiabilit\u00e9.<\/p>\n<p data-start=\"5011\" data-end=\"5089\">Pour en savoir plus sur le proc\u00e9d\u00e9 Sentrimax, consultez le site web.<br data-start=\"5052\" data-end=\"5055\" \/><a class=\"decorated-link\" href=\"https:\/\/sentrimax.com\/fr\/our-process\/?utm_source=chatgpt.com\" target=\"_new\" rel=\"noopener\" data-start=\"5055\" data-end=\"5089\">https:\/\/sentrimax.com\/our-process\/<\/a><\/p>\n<hr data-start=\"5091\" data-end=\"5094\" \/>\n<h2 data-start=\"5096\" data-end=\"5152\"><strong data-start=\"5099\" data-end=\"5152\">Installations de soutien partout aux \u00c9tats-Unis et au Canada<\/strong><\/h2>\n<p data-start=\"5154\" data-end=\"5433\">Pr\u00e9sente aux \u00c9tats-Unis et au Canada, Sentrimax accompagne aussi bien les entreprises \u00e0 site unique que les organisations multi-sites. Ses techniciens sont d\u00e9ploy\u00e9s de mani\u00e8re strat\u00e9gique afin d&#039;assurer un service r\u00e9actif et de garantir des standards de qualit\u00e9 constants, quel que soit l&#039;emplacement.<\/p>\n<p data-start=\"5435\" data-end=\"5642\">Qu\u2019il s\u2019agisse de r\u00e9parations d\u2019urgence, de maintenance planifi\u00e9e ou de programmes de fiabilit\u00e9 \u00e0 long terme, Sentrimax fournit des services de r\u00e9paration de centrifugeuses fiables, appuy\u00e9s par une communication claire et une expertise technique.<\/p>\n<p data-start=\"5644\" data-end=\"5832\">Les secteurs d&#039;activit\u00e9 desservis \u00e0 l&#039;\u00e9chelle nationale comprennent les infrastructures municipales, la transformation industrielle, le p\u00e9trole et le gaz, la fabrication de produits alimentaires et de boissons et la production d&#039;\u00e9nergie.<br data-start=\"5796\" data-end=\"5799\" \/><a class=\"decorated-link\" href=\"https:\/\/sentrimax.com\/fr\/industries\/?utm_source=chatgpt.com\" target=\"_new\" rel=\"noopener\" data-start=\"5799\" data-end=\"5832\">https:\/\/sentrimax.com\/industries\/<\/a><\/p>\n<hr data-start=\"5834\" data-end=\"5837\" \/>\n<h2 data-start=\"5839\" data-end=\"5888\"><strong data-start=\"5842\" data-end=\"5888\">Maintenance pr\u00e9ventive et assistance tout au long du cycle de vie<\/strong><\/h2>\n<p data-start=\"5890\" data-end=\"6194\">Outre ses services de r\u00e9paration de centrifugeuses \u00e0 l&#039;\u00e9chelle nationale, Sentrimax propose des programmes de maintenance pr\u00e9ventive et d&#039;assistance tout au long du cycle de vie afin d&#039;aider les op\u00e9rateurs \u00e0 \u00e9viter les pannes impr\u00e9vues. Les inspections r\u00e9guli\u00e8res, la surveillance des vibrations et le remplacement planifi\u00e9 des composants contribuent \u00e0 stabiliser les performances des \u00e9quipements et \u00e0 r\u00e9duire les temps d&#039;arr\u00eat.<\/p>\n<p data-start=\"6196\" data-end=\"6356\">Sentrimax propose \u00e9galement des services de remise \u00e0 neuf de centrifugeuses, de location d&#039;\u00e9quipements et de conseil technique pour soutenir la planification de la maintenance \u00e0 long terme et la continuit\u00e9 des op\u00e9rations.<\/p>\n<p data-start=\"6358\" data-end=\"6485\">Des informations compl\u00e9mentaires sur la fiabilit\u00e9 des \u00e9quipements industriels et le soutien des infrastructures sont disponibles \u00e0 l&#039;adresse suivante\u00a0:<br data-start=\"6459\" data-end=\"6462\" \/><a class=\"decorated-link\" href=\"https:\/\/www.energy.gov\/\" target=\"_new\" rel=\"noopener\" data-start=\"6462\" data-end=\"6485\">https:\/\/www.energy.gov\/<\/a><\/p>\n<hr data-start=\"6487\" data-end=\"6490\" \/>\n<h2 data-start=\"6492\" data-end=\"6545\"><strong data-start=\"6495\" data-end=\"6545\">Un partenaire de confiance pour la r\u00e9paration de centrifugeuses \u00e0 l&#039;\u00e9chelle nationale<\/strong><\/h2>\n<p data-start=\"6547\" data-end=\"6826\">Sentrimax combine expertise technique, processus certifi\u00e9s ISO et large couverture g\u00e9ographique pour fournir des services fiables <strong data-start=\"6664\" data-end=\"6725\">Services de r\u00e9paration de centrifugeuses \u00e0 l&#039;\u00e9chelle nationale aux \u00c9tats-Unis et au Canada<\/strong>. Chaque r\u00e9paration est effectu\u00e9e en mettant l&#039;accent sur la s\u00e9curit\u00e9, la pr\u00e9cision et la performance op\u00e9rationnelle \u00e0 long terme.<\/p>\n<hr data-start=\"6828\" data-end=\"6831\" \/>\n<h2 data-start=\"6833\" data-end=\"6890\"><strong data-start=\"6836\" data-end=\"6890\">Demandez d\u00e8s aujourd&#039;hui une assistance nationale pour la r\u00e9paration de votre centrifugeuse.<\/strong><\/h2>\n<p data-start=\"6892\" data-end=\"7120\">Lorsque la performance de votre centrifugeuse est essentielle \u00e0 votre activit\u00e9, quel que soit l&#039;emplacement, Sentrimax est l\u00e0 pour vous aider. Contactez un membre exp\u00e9riment\u00e9 de notre \u00e9quipe pour discuter de vos besoins en r\u00e9paration, de la couverture de service, des d\u00e9lais et des exigences techniques.<\/p>\n<p data-start=\"7122\" data-end=\"7176\" data-is-last-node=\"\" data-is-only-node=\"\"><strong data-start=\"7122\" data-end=\"7176\" data-is-last-node=\"\"><a class=\"decorated-link\" href=\"https:\/\/sentrimax.com\/fr\/contact\/\" target=\"_new\" rel=\"noopener\" data-start=\"7124\" data-end=\"7174\">Demandez un devis !<\/a><\/strong><\/p>","protected":false},"excerpt":{"rendered":"<p>Sentrimax provides professional nationwide centrifuge repair services across the USA &amp; Canada, supporting industrial, municipal, and energy-sector operations that depend on reliable separation equipment. With decades of experience servicing centrifuge systems throughout North America, Sentrimax delivers responsive, high-quality repair solutions wherever equipment downtime threatens productivity. Centrifuges are critical to processes such as wastewater treatment, oil [&hellip;]<\/p>\n","protected":false},"author":3,"featured_media":0,"parent":0,"menu_order":0,"comment_status":"closed","ping_status":"closed","template":"","meta":{"_acf_changed":false,"inline_featured_image":false,"footnotes":""},"class_list":["post-2346","page","type-page","status-publish","hentry"],"acf":[],"_links":{"self":[{"href":"https:\/\/sentrimax.com\/fr\/wp-json\/wp\/v2\/pages\/2346","targetHints":{"allow":["GET"]}}],"collection":[{"href":"https:\/\/sentrimax.com\/fr\/wp-json\/wp\/v2\/pages"}],"about":[{"href":"https:\/\/sentrimax.com\/fr\/wp-json\/wp\/v2\/types\/page"}],"author":[{"embeddable":true,"href":"https:\/\/sentrimax.com\/fr\/wp-json\/wp\/v2\/users\/3"}],"replies":[{"embeddable":true,"href":"https:\/\/sentrimax.com\/fr\/wp-json\/wp\/v2\/comments?post=2346"}],"version-history":[{"count":0,"href":"https:\/\/sentrimax.com\/fr\/wp-json\/wp\/v2\/pages\/2346\/revisions"}],"wp:attachment":[{"href":"https:\/\/sentrimax.com\/fr\/wp-json\/wp\/v2\/media?parent=2346"}],"curies":[{"name":"wp","href":"https:\/\/api.w.org\/{rel}","templated":true}]}}