{"id":2347,"date":"2026-01-07T18:18:02","date_gmt":"2026-01-07T18:18:02","guid":{"rendered":"https:\/\/sentrimax.com\/?page_id=2347"},"modified":"2026-04-21T21:12:51","modified_gmt":"2026-04-21T21:12:51","slug":"industrial-centrifuge-service-experts-north-america","status":"publish","type":"page","link":"https:\/\/sentrimax.com\/fr\/industrial-centrifuge-service-experts-north-america\/","title":{"rendered":"Experts en entretien de centrifugeuses industrielles en Am\u00e9rique du Nord"},"content":{"rendered":"<p data-start=\"522\" data-end=\"973\"><span class=\"hover:entity-accent entity-underline inline cursor-pointer align-baseline\"><span class=\"whitespace-normal\"><img fetchpriority=\"high\" decoding=\"async\" class=\"aligncenter size-full wp-image-2026\" src=\"https:\/\/sentrimax.com\/wp-content\/uploads\/2025\/07\/imgi_4_c1a73b_67d9bd780e544ea3924fdef1b967ae4fmv2-1.webp\" alt=\"\" width=\"980\" height=\"551\" srcset=\"https:\/\/sentrimax.com\/wp-content\/uploads\/2025\/07\/imgi_4_c1a73b_67d9bd780e544ea3924fdef1b967ae4fmv2-1.webp 980w, https:\/\/sentrimax.com\/wp-content\/uploads\/2025\/07\/imgi_4_c1a73b_67d9bd780e544ea3924fdef1b967ae4fmv2-1-300x169.webp 300w, https:\/\/sentrimax.com\/wp-content\/uploads\/2025\/07\/imgi_4_c1a73b_67d9bd780e544ea3924fdef1b967ae4fmv2-1-768x432.webp 768w, https:\/\/sentrimax.com\/wp-content\/uploads\/2025\/07\/imgi_4_c1a73b_67d9bd780e544ea3924fdef1b967ae4fmv2-1-18x10.webp 18w, https:\/\/sentrimax.com\/wp-content\/uploads\/2025\/07\/imgi_4_c1a73b_67d9bd780e544ea3924fdef1b967ae4fmv2-1-600x337.webp 600w\" sizes=\"(max-width: 980px) 100vw, 980px\" \/><\/span><\/span><\/p>\n<p data-start=\"522\" data-end=\"973\"><span class=\"hover:entity-accent entity-underline inline cursor-pointer align-baseline\"><span class=\"whitespace-normal\">Sentrimax<\/span><\/span> Sentrimax est reconnue comme l&#039;une des entreprises leaders en Am\u00e9rique du Nord dans le domaine de la maintenance des centrifugeuses industrielles. Elle assure le support des \u00e9quipements de s\u00e9paration critiques pour les secteurs industriel, municipal et \u00e9nerg\u00e9tique. Forte de plusieurs d\u00e9cennies d&#039;exp\u00e9rience pratique dans la maintenance de syst\u00e8mes de centrifugeuses aux \u00c9tats-Unis et au Canada, Sentrimax propose des solutions de service fiables qui optimisent la disponibilit\u00e9, am\u00e9liorent les performances et prolongent la dur\u00e9e de vie des \u00e9quipements.<\/p>\n<p data-start=\"975\" data-end=\"1388\">Les centrifugeuses industrielles sont essentielles \u00e0 des proc\u00e9d\u00e9s tels que le traitement des eaux us\u00e9es, la s\u00e9paration du p\u00e9trole et du gaz, la transformation chimique, la production alimentaire et les services environnementaux. En cas de baisse de performance ou de panne, l&#039;intervention d&#039;experts est indispensable pour r\u00e9tablir rapidement et en toute s\u00e9curit\u00e9 la fiabilit\u00e9 des centrifugeuses. Sentrimax propose une gamme compl\u00e8te de services d&#039;entretien et de maintenance de centrifugeuses, s&#039;appuyant sur une expertise technique pointue et des syst\u00e8mes de qualit\u00e9 certifi\u00e9s ISO.<\/p>\n<hr data-start=\"1390\" data-end=\"1393\" \/>\n<h2 data-start=\"1395\" data-end=\"1467\"><strong data-start=\"1398\" data-end=\"1467\">Services complets de centrifugeuses industrielles partout en Am\u00e9rique du Nord<\/strong><\/h2>\n<p data-start=\"1469\" data-end=\"1811\">En tant qu&#039;expert en centrifugeuses, Sentrimax assure la maintenance compl\u00e8te des \u00e9quipements tout au long de leur cycle de vie, des inspections de routine aux r\u00e9parations complexes et aux remises \u00e0 neuf compl\u00e8tes. Chaque intervention d\u00e9bute par une \u00e9valuation d\u00e9taill\u00e9e afin de d\u00e9terminer la strat\u00e9gie de service la plus adapt\u00e9e \u00e0 l&#039;\u00e9tat de l&#039;\u00e9quipement, \u00e0 son environnement d&#039;exploitation et aux exigences du proc\u00e9d\u00e9.<\/p>\n<p data-start=\"1813\" data-end=\"2130\">Nos services comprennent le diagnostic, la maintenance pr\u00e9ventive, les r\u00e9parations m\u00e9caniques et \u00e9lectriques, l&#039;entretien des bo\u00eetes de vitesses, l&#039;\u00e9quilibrage des ensembles rotatifs et l&#039;optimisation des performances. Que les interventions soient r\u00e9alis\u00e9es sur site ou dans un centre de service Sentrimax, les m\u00eames normes de qualit\u00e9 \u00e9lev\u00e9es sont appliqu\u00e9es de mani\u00e8re constante sur tous nos sites.<\/p>\n<p data-start=\"2132\" data-end=\"2478\">Les centrifugeuses industrielles fonctionnent en toute s\u00e9curit\u00e9 et efficacement gr\u00e2ce \u00e0 la force centrifuge, \u00e0 un \u00e9quilibrage pr\u00e9cis et \u00e0 une int\u00e9grit\u00e9 m\u00e9canique irr\u00e9prochable. L&#039;usure, les vibrations ou un mauvais alignement peuvent rapidement compromettre leurs performances si ces probl\u00e8mes ne sont pas r\u00e9solus sans d\u00e9lai.<br data-start=\"2353\" data-end=\"2356\" \/>Des informations techniques suppl\u00e9mentaires sur le fonctionnement des centrifugeuses sont disponibles \u00e0 l&#039;adresse suivante\u00a0:<br data-start=\"2427\" data-end=\"2430\" \/><a class=\"decorated-link\" href=\"https:\/\/www.britannica.com\/technology\/centrifuge\" target=\"_new\" rel=\"noopener\" data-start=\"2430\" data-end=\"2478\">https:\/\/www.britannica.com\/technology\/centrifuge<\/a><\/p>\n<hr data-start=\"2480\" data-end=\"2483\" \/>\n<h2 data-start=\"2485\" data-end=\"2537\"><strong data-start=\"2488\" data-end=\"2537\">Secteurs d&#039;activit\u00e9 desservis aux \u00c9tats-Unis et au Canada<\/strong><\/h2>\n<p data-start=\"2539\" data-end=\"2652\">Sentrimax fournit des services de centrifugation industrielle \u00e0 travers l&#039;Am\u00e9rique du Nord pour un large \u00e9ventail de secteurs, notamment\u00a0:<\/p>\n<ul data-start=\"2654\" data-end=\"2866\">\n<li data-start=\"2654\" data-end=\"2702\">\n<p data-start=\"2656\" data-end=\"2702\">traitement des eaux us\u00e9es municipales et des biosolides<\/p>\n<\/li>\n<li data-start=\"2703\" data-end=\"2753\">\n<p data-start=\"2705\" data-end=\"2753\">Forage, production et traitement du p\u00e9trole et du gaz<\/p>\n<\/li>\n<li data-start=\"2754\" data-end=\"2795\">\n<p data-start=\"2756\" data-end=\"2795\">fabrication chimique et industrielle<\/p>\n<\/li>\n<li data-start=\"2796\" data-end=\"2828\">\n<p data-start=\"2798\" data-end=\"2828\">transformation des aliments et des boissons<\/p>\n<\/li>\n<li data-start=\"2829\" data-end=\"2866\">\n<p data-start=\"2831\" data-end=\"2866\">Services \u00e9nerg\u00e9tiques et environnementaux<\/p>\n<\/li>\n<\/ul>\n<p data-start=\"2868\" data-end=\"3064\">Gr\u00e2ce \u00e0 leur exp\u00e9rience dans des applications vari\u00e9es, les techniciens de Sentrimax comprennent les exigences op\u00e9rationnelles, r\u00e9glementaires et de s\u00e9curit\u00e9 propres \u00e0 chaque secteur et adaptent leurs solutions de service en cons\u00e9quence.<\/p>\n<hr data-start=\"3066\" data-end=\"3069\" \/>\n<h2 data-start=\"3071\" data-end=\"3126\"><strong data-start=\"3074\" data-end=\"3126\">Pourquoi choisir des experts en entretien de centrifugeuses industrielles ?<\/strong><\/h2>\n<p data-start=\"3128\" data-end=\"3263\">Collaborer avec des experts chevronn\u00e9s en maintenance de centrifugeuses industrielles offre des avantages op\u00e9rationnels consid\u00e9rables. Sentrimax aide les op\u00e9rateurs \u00e0\u00a0:<\/p>\n<ul data-start=\"3265\" data-end=\"3508\">\n<li data-start=\"3265\" data-end=\"3321\">\n<p data-start=\"3267\" data-end=\"3321\">R\u00e9duire les temps d&#039;arr\u00eat non planifi\u00e9s dans plusieurs installations<\/p>\n<\/li>\n<li data-start=\"3322\" data-end=\"3379\">\n<p data-start=\"3324\" data-end=\"3379\">Maintenir une qualit\u00e9 de service et une documentation constantes<\/p>\n<\/li>\n<li data-start=\"3380\" data-end=\"3414\">\n<p data-start=\"3382\" data-end=\"3414\">Prolongez la dur\u00e9e de vie de la centrifugeuse<\/p>\n<\/li>\n<li data-start=\"3415\" data-end=\"3464\">\n<p data-start=\"3417\" data-end=\"3464\">Am\u00e9liorer l&#039;efficacit\u00e9 et la fiabilit\u00e9 de la s\u00e9paration<\/p>\n<\/li>\n<li data-start=\"3465\" data-end=\"3508\">\n<p data-start=\"3467\" data-end=\"3508\">Ma\u00eetriser les co\u00fbts de maintenance et de cycle de vie<\/p>\n<\/li>\n<\/ul>\n<p data-start=\"3510\" data-end=\"3677\">Au lieu de g\u00e9rer plusieurs prestataires de services, les organisations b\u00e9n\u00e9ficient d&#039;un partenaire unique et de confiance, capable de prendre en charge les syst\u00e8mes de centrifugeuses partout en Am\u00e9rique du Nord.<\/p>\n<hr data-start=\"3679\" data-end=\"3682\" \/>\n<h2 data-start=\"3684\" data-end=\"3735\"><strong data-start=\"3687\" data-end=\"3735\">Expertise et capacit\u00e9s techniques de Sentrimax<\/strong><\/h2>\n<p data-start=\"3737\" data-end=\"3904\">Sentrimax propose des services complets de centrifugation industrielle, s&#039;appuyant sur une expertise en ing\u00e9nierie, un usinage de pointe et des syst\u00e8mes de qualit\u00e9 certifi\u00e9s. Ses capacit\u00e9s comprennent\u00a0:<\/p>\n<ul data-start=\"3906\" data-end=\"4209\">\n<li data-start=\"3906\" data-end=\"3953\">\n<p data-start=\"3908\" data-end=\"3953\">D\u00e9montage et inspection complets de la centrifugeuse<\/p>\n<\/li>\n<li data-start=\"3954\" data-end=\"4006\">\n<p data-start=\"3956\" data-end=\"4006\">Entretien des roulements, des joints d&#039;\u00e9tanch\u00e9it\u00e9, des bo\u00eetes de vitesses et des syst\u00e8mes d&#039;entra\u00eenement<\/p>\n<\/li>\n<li data-start=\"4007\" data-end=\"4065\">\n<p data-start=\"4009\" data-end=\"4065\">Inspection, alignement et \u00e9quilibrage des ensembles rotatifs<\/p>\n<\/li>\n<li data-start=\"4066\" data-end=\"4111\">\n<p data-start=\"4068\" data-end=\"4111\">Diagnostic des syst\u00e8mes \u00e9lectriques et de contr\u00f4le<\/p>\n<\/li>\n<li data-start=\"4112\" data-end=\"4157\">\n<p data-start=\"4114\" data-end=\"4157\">Pi\u00e8ces de rechange conformes aux sp\u00e9cifications du fabricant et con\u00e7ues sur mesure<\/p>\n<\/li>\n<li data-start=\"4158\" data-end=\"4209\">\n<p data-start=\"4160\" data-end=\"4209\">Tests fonctionnels et v\u00e9rification des performances<\/p>\n<\/li>\n<\/ul>\n<p data-start=\"4211\" data-end=\"4379\">Pour les composants obsol\u00e8tes ou difficiles \u00e0 trouver, Sentrimax propose des solutions de fabrication sur mesure et de r\u00e9tro-ing\u00e9nierie afin de restaurer leur pleine fonctionnalit\u00e9 et d&#039;am\u00e9liorer leur durabilit\u00e9.<\/p>\n<p data-start=\"4381\" data-end=\"4477\">Apprenez-en davantage sur les capacit\u00e9s de service et de r\u00e9paration des centrifugeuses sur<br data-start=\"4443\" data-end=\"4446\" \/><a class=\"decorated-link\" href=\"https:\/\/sentrimax.com\/fr\/services\/?utm_source=chatgpt.com\" target=\"_new\" rel=\"noopener\" data-start=\"4446\" data-end=\"4477\">https:\/\/sentrimax.com\/services\/<\/a><\/p>\n<hr data-start=\"4479\" data-end=\"4482\" \/>\n<h2 data-start=\"4484\" data-end=\"4534\"><strong data-start=\"4487\" data-end=\"4534\">Assistance qualit\u00e9 et ing\u00e9nierie certifi\u00e9e ISO<\/strong><\/h2>\n<p data-start=\"4536\" data-end=\"4821\">Sentrimax op\u00e8re selon un syst\u00e8me de gestion de la qualit\u00e9 certifi\u00e9 ISO 9001:2015, garantissant une qualit\u00e9 d&#039;ex\u00e9cution constante, une tra\u00e7abilit\u00e9 et des r\u00e9sultats reproductibles pour tous ses projets de maintenance de centrifugeuses. Chaque intervention suit des proc\u00e9dures document\u00e9es, de l&#039;inspection initiale \u00e0 la v\u00e9rification finale.<\/p>\n<p data-start=\"4823\" data-end=\"5052\">L&#039;assistance technique est int\u00e9gr\u00e9e \u00e0 chaque mission. Sentrimax \u00e9value les conditions d&#039;exploitation, les tendances de d\u00e9faillance et les exigences de performance afin de recommander des am\u00e9liorations de conception ou des strat\u00e9gies de maintenance permettant de r\u00e9duire les probl\u00e8mes futurs.<\/p>\n<p data-start=\"5054\" data-end=\"5132\">Pour en savoir plus sur le proc\u00e9d\u00e9 Sentrimax, consultez le site web.<br data-start=\"5095\" data-end=\"5098\" \/><a class=\"decorated-link\" href=\"https:\/\/sentrimax.com\/fr\/our-process\/?utm_source=chatgpt.com\" target=\"_new\" rel=\"noopener\" data-start=\"5098\" data-end=\"5132\">https:\/\/sentrimax.com\/our-process\/<\/a><\/p>\n<hr data-start=\"5134\" data-end=\"5137\" \/>\n<h2 data-start=\"5139\" data-end=\"5181\"><strong data-start=\"5142\" data-end=\"5181\">Couverture de service \u00e0 l&#039;\u00e9chelle de l&#039;Am\u00e9rique du Nord<\/strong><\/h2>\n<p data-start=\"5183\" data-end=\"5462\">Pr\u00e9sente sur l&#039;ensemble du territoire des \u00c9tats-Unis et du Canada, Sentrimax accompagne aussi bien les entreprises \u00e0 site unique que les organisations multi-sites. Ses techniciens sont d\u00e9ploy\u00e9s de mani\u00e8re strat\u00e9gique afin d&#039;assurer un service r\u00e9actif tout en maintenant des normes de qualit\u00e9 constantes, quel que soit l&#039;emplacement.<\/p>\n<p data-start=\"5464\" data-end=\"5664\">Qu\u2019il s\u2019agisse de r\u00e9parations d\u2019urgence, d\u2019entretien programm\u00e9 ou de planification de la fiabilit\u00e9 \u00e0 long terme, Sentrimax fournit des services de centrifugeuses fiables, appuy\u00e9s par une communication claire et une expertise technique.<\/p>\n<p data-start=\"5666\" data-end=\"5871\">Les secteurs d&#039;activit\u00e9 soutenus en Am\u00e9rique du Nord comprennent les infrastructures municipales, la transformation industrielle, le p\u00e9trole et le gaz, la fabrication de produits alimentaires et de boissons et la production d&#039;\u00e9nergie.<br data-start=\"5835\" data-end=\"5838\" \/><a class=\"decorated-link\" href=\"https:\/\/sentrimax.com\/fr\/industries\/?utm_source=chatgpt.com\" target=\"_new\" rel=\"noopener\" data-start=\"5838\" data-end=\"5871\">https:\/\/sentrimax.com\/industries\/<\/a><\/p>\n<hr data-start=\"5873\" data-end=\"5876\" \/>\n<h2 data-start=\"5878\" data-end=\"5927\"><strong data-start=\"5881\" data-end=\"5927\">Maintenance pr\u00e9ventive et assistance tout au long du cycle de vie<\/strong><\/h2>\n<p data-start=\"5929\" data-end=\"6220\">Outre les services de r\u00e9paration, Sentrimax propose des programmes de maintenance pr\u00e9ventive et d&#039;assistance tout au long du cycle de vie con\u00e7us pour r\u00e9duire les pannes impr\u00e9vues. Les inspections r\u00e9guli\u00e8res, la surveillance des vibrations et le remplacement planifi\u00e9 des composants contribuent \u00e0 stabiliser les performances des \u00e9quipements et \u00e0 am\u00e9liorer leur fiabilit\u00e9 \u00e0 long terme.<\/p>\n<p data-start=\"6222\" data-end=\"6369\">Sentrimax propose \u00e9galement des services de remise \u00e0 neuf de centrifugeuses, de location et de conseil technique pour r\u00e9pondre \u00e0 l&#039;\u00e9volution des besoins op\u00e9rationnels et des exigences de capacit\u00e9.<\/p>\n<p data-start=\"6371\" data-end=\"6498\">Des informations compl\u00e9mentaires sur la fiabilit\u00e9 des \u00e9quipements industriels et le soutien des infrastructures sont disponibles \u00e0 l&#039;adresse suivante\u00a0:<br data-start=\"6472\" data-end=\"6475\" \/><a class=\"decorated-link\" href=\"https:\/\/www.energy.gov\/\" target=\"_new\" rel=\"noopener\" data-start=\"6475\" data-end=\"6498\">https:\/\/www.energy.gov\/<\/a><\/p>\n<hr data-start=\"6500\" data-end=\"6503\" \/>\n<h2 data-start=\"6505\" data-end=\"6559\"><strong data-start=\"6508\" data-end=\"6559\">Un partenaire de confiance pour les services de centrifugeuses industrielles<\/strong><\/h2>\n<p data-start=\"6561\" data-end=\"6832\">Sentrimax allie expertise technique, processus certifi\u00e9s ISO et couverture continentale pour offrir des services fiables de centrifugation industrielle partout en Am\u00e9rique du Nord. Chaque intervention est r\u00e9alis\u00e9e dans le respect des normes de s\u00e9curit\u00e9, de pr\u00e9cision et de performance \u00e0 long terme.<\/p>\n<hr data-start=\"6834\" data-end=\"6837\" \/>\n<h2 data-start=\"6839\" data-end=\"6897\"><strong data-start=\"6842\" data-end=\"6897\">Demandez d\u00e8s aujourd&#039;hui une assistance pour votre centrifugeuse industrielle.<\/strong><\/h2>\n<p data-start=\"6899\" data-end=\"7124\">Lorsque la performance de votre centrifugeuse est essentielle \u00e0 vos op\u00e9rations partout en Am\u00e9rique du Nord, Sentrimax est l\u00e0 pour vous aider. Contactez un membre exp\u00e9riment\u00e9 de notre \u00e9quipe pour discuter de vos besoins en mati\u00e8re de service, de couverture, de d\u00e9lais et d&#039;exigences techniques.<\/p>\n<p data-start=\"7126\" data-end=\"7180\" data-is-last-node=\"\" data-is-only-node=\"\"><strong data-start=\"7126\" data-end=\"7180\" data-is-last-node=\"\"><a class=\"decorated-link\" href=\"https:\/\/sentrimax.com\/fr\/contact\/\" target=\"_new\" rel=\"noopener\" data-start=\"7128\" data-end=\"7178\">Demandez un devis !<\/a><\/strong><\/p>","protected":false},"excerpt":{"rendered":"<p>Sentrimax is recognized as one of the leading industrial centrifuge service experts in North America, supporting critical separation equipment for industrial, municipal, and energy-sector operations. With decades of hands-on experience servicing centrifuge systems across the United States and Canada, Sentrimax delivers dependable service solutions that maximize uptime, improve performance, and extend equipment life. Industrial centrifuges [&hellip;]<\/p>\n","protected":false},"author":3,"featured_media":0,"parent":0,"menu_order":0,"comment_status":"closed","ping_status":"closed","template":"seo-page-template.php","meta":{"_acf_changed":false,"inline_featured_image":false,"footnotes":""},"class_list":["post-2347","page","type-page","status-publish","hentry"],"acf":[],"_links":{"self":[{"href":"https:\/\/sentrimax.com\/fr\/wp-json\/wp\/v2\/pages\/2347","targetHints":{"allow":["GET"]}}],"collection":[{"href":"https:\/\/sentrimax.com\/fr\/wp-json\/wp\/v2\/pages"}],"about":[{"href":"https:\/\/sentrimax.com\/fr\/wp-json\/wp\/v2\/types\/page"}],"author":[{"embeddable":true,"href":"https:\/\/sentrimax.com\/fr\/wp-json\/wp\/v2\/users\/3"}],"replies":[{"embeddable":true,"href":"https:\/\/sentrimax.com\/fr\/wp-json\/wp\/v2\/comments?post=2347"}],"version-history":[{"count":1,"href":"https:\/\/sentrimax.com\/fr\/wp-json\/wp\/v2\/pages\/2347\/revisions"}],"predecessor-version":[{"id":2480,"href":"https:\/\/sentrimax.com\/fr\/wp-json\/wp\/v2\/pages\/2347\/revisions\/2480"}],"wp:attachment":[{"href":"https:\/\/sentrimax.com\/fr\/wp-json\/wp\/v2\/media?parent=2347"}],"curies":[{"name":"wp","href":"https:\/\/api.w.org\/{rel}","templated":true}]}}