{"id":2348,"date":"2026-01-07T18:20:15","date_gmt":"2026-01-07T18:20:15","guid":{"rendered":"https:\/\/sentrimax.com\/?page_id=2348"},"modified":"2026-04-21T21:12:50","modified_gmt":"2026-04-21T21:12:50","slug":"centrifuge-gearbox-repair-parts-service-detroit-mi","status":"publish","type":"page","link":"https:\/\/sentrimax.com\/fr\/centrifuge-gearbox-repair-parts-service-detroit-mi\/","title":{"rendered":"R\u00e9paration, pi\u00e8ces et service de bo\u00eetes de vitesses de centrifugeuses \u00e0 D\u00e9troit, Michigan"},"content":{"rendered":"<p data-start=\"534\" data-end=\"1029\"><span class=\"hover:entity-accent entity-underline inline cursor-pointer align-baseline\"><span class=\"whitespace-normal\"><img fetchpriority=\"high\" decoding=\"async\" class=\"aligncenter size-full wp-image-1614\" src=\"https:\/\/sentrimax.com\/wp-content\/uploads\/2025\/07\/Manufacturing-1.png\" alt=\"\" width=\"1536\" height=\"1024\" srcset=\"https:\/\/sentrimax.com\/wp-content\/uploads\/2025\/07\/Manufacturing-1.png 1536w, https:\/\/sentrimax.com\/wp-content\/uploads\/2025\/07\/Manufacturing-1-300x200.png 300w, https:\/\/sentrimax.com\/wp-content\/uploads\/2025\/07\/Manufacturing-1-1024x683.png 1024w, https:\/\/sentrimax.com\/wp-content\/uploads\/2025\/07\/Manufacturing-1-768x512.png 768w, https:\/\/sentrimax.com\/wp-content\/uploads\/2025\/07\/Manufacturing-1-600x400.png 600w\" sizes=\"(max-width: 1536px) 100vw, 1536px\" \/><\/span><\/span><\/p>\n<p data-start=\"534\" data-end=\"1029\"><span class=\"hover:entity-accent entity-underline inline cursor-pointer align-baseline\"><span class=\"whitespace-normal\">Sentrimax<\/span><\/span> fournit des services professionnels <strong data-start=\"594\" data-end=\"657\">R\u00e9paration, pi\u00e8ces et entretien de r\u00e9ducteurs de centrifugeuses \u00e0 Detroit, Michigan<\/strong>, Sentrimax fournit des solutions compl\u00e8tes de r\u00e9ducteurs aux syst\u00e8mes de centrifugeuses, assurant ainsi une transmission de puissance fiable et un contr\u00f4le pr\u00e9cis de la vitesse. Fort de plusieurs d\u00e9cennies d&#039;exp\u00e9rience dans la maintenance de centrifugeuses industrielles en Am\u00e9rique du Nord, Sentrimax propose \u00e9galement des solutions de transmission de puissance fiables et pr\u00e9cises pour les op\u00e9rations industrielles, municipales et \u00e9nerg\u00e9tiques qui d\u00e9pendent de syst\u00e8mes de centrifugation performants. Ces solutions sont con\u00e7ues pour optimiser les performances, minimiser les temps d&#039;arr\u00eat et prolonger la dur\u00e9e de vie des \u00e9quipements.<\/p>\n<p data-start=\"1031\" data-end=\"1412\">Les r\u00e9ducteurs de centrifugeuses sont des composants essentiels qui contr\u00f4lent le couple, la vitesse diff\u00e9rentielle et la stabilit\u00e9 de rotation. En cas d&#039;usure ou de d\u00e9faillance de leurs composants, le rendement de la centrifugeuse diminue et le risque de dommages secondaires augmente. Sentrimax propose des services complets de r\u00e9paration de r\u00e9ducteurs et des pi\u00e8ces de rechange conformes aux sp\u00e9cifications d&#039;origine pour garantir un fonctionnement fiable m\u00eame dans des conditions exigeantes.<\/p>\n<hr data-start=\"1414\" data-end=\"1417\" \/>\n<h2 data-start=\"1419\" data-end=\"1474\"><strong data-start=\"1422\" data-end=\"1474\">Services complets de r\u00e9paration de bo\u00eetes de vitesses de centrifugeuses<\/strong><\/h2>\n<p data-start=\"1476\" data-end=\"1767\">Les services de r\u00e9paration de r\u00e9ducteurs de centrifugeuses propos\u00e9s par Sentrimax prennent en charge aussi bien les pannes m\u00e9caniques imm\u00e9diates que les probl\u00e8mes de performance sous-jacents. Chaque r\u00e9paration d\u00e9bute par une inspection d\u00e9taill\u00e9e afin d&#039;identifier les signes d&#039;usure, les probl\u00e8mes d&#039;alignement, les d\u00e9faillances de lubrification ou la fatigue des mat\u00e9riaux affectant le fonctionnement du r\u00e9ducteur.<\/p>\n<p data-start=\"1769\" data-end=\"2043\">Nos services de r\u00e9paration comprennent le d\u00e9montage complet de la bo\u00eete de vitesses, les mesures de pr\u00e9cision, le remplacement des engrenages et des roulements, la r\u00e9paration des joints et le remontage contr\u00f4l\u00e9. Toutes les r\u00e9parations sont effectu\u00e9es conform\u00e9ment aux sp\u00e9cifications du constructeur ou aux tol\u00e9rances d&#039;ing\u00e9nierie afin de garantir une capacit\u00e9 de charge optimale et une fiabilit\u00e9 \u00e0 long terme.<\/p>\n<p data-start=\"2045\" data-end=\"2271\">Les bo\u00eetes de vitesses jouent un r\u00f4le essentiel dans le maintien de vitesses pr\u00e9cises pour le bol et le diff\u00e9rentiel. Tout \u00e9cart m\u00e9canique au sein de la bo\u00eete de vitesses peut entra\u00eener des vibrations, une r\u00e9duction de l&#039;efficacit\u00e9 de s\u00e9paration et une usure acc\u00e9l\u00e9r\u00e9e s&#039;il n&#039;est pas corrig\u00e9 rapidement.<\/p>\n<p data-start=\"2273\" data-end=\"2395\">Des informations techniques suppl\u00e9mentaires sur le fonctionnement des centrifugeuses sont disponibles \u00e0 l&#039;adresse suivante\u00a0:<br data-start=\"2344\" data-end=\"2347\" \/><a class=\"decorated-link\" href=\"https:\/\/www.britannica.com\/technology\/centrifuge\" target=\"_new\" rel=\"noopener\" data-start=\"2347\" data-end=\"2395\">https:\/\/www.britannica.com\/technology\/centrifuge<\/a><\/p>\n<hr data-start=\"2397\" data-end=\"2400\" \/>\n<h2 data-start=\"2402\" data-end=\"2451\"><strong data-start=\"2405\" data-end=\"2451\">Fourniture de pi\u00e8ces d\u00e9tach\u00e9es pour bo\u00eetes de vitesses de centrifugeuses industrielles<\/strong><\/h2>\n<p data-start=\"2453\" data-end=\"2731\">En plus des services de r\u00e9paration, Sentrimax propose une gamme compl\u00e8te de <strong data-start=\"2520\" data-end=\"2559\">pi\u00e8ces de bo\u00eete de vitesses pour centrifugeuse industrielle<\/strong> Pour les installations de Detroit, Michigan. Les pi\u00e8ces sont fabriqu\u00e9es ou approvisionn\u00e9es conform\u00e9ment aux sp\u00e9cifications du fabricant d&#039;origine et sont inspect\u00e9es avant livraison afin de v\u00e9rifier leur pr\u00e9cision dimensionnelle et la qualit\u00e9 des mat\u00e9riaux.<\/p>\n<p data-start=\"2733\" data-end=\"2765\">Les pi\u00e8ces de bo\u00eete de vitesses disponibles comprennent\u00a0:<\/p>\n<ul data-start=\"2767\" data-end=\"3026\">\n<li data-start=\"2767\" data-end=\"2800\">\n<p data-start=\"2769\" data-end=\"2800\">Engrenages et jeux d&#039;engrenages de pr\u00e9cision<\/p>\n<\/li>\n<li data-start=\"2801\" data-end=\"2836\">\n<p data-start=\"2803\" data-end=\"2836\">Roulements et ensembles de roulements<\/p>\n<\/li>\n<li data-start=\"2837\" data-end=\"2880\">\n<p data-start=\"2839\" data-end=\"2880\">Arbres, accouplements et interfaces d&#039;entra\u00eenement<\/p>\n<\/li>\n<li data-start=\"2881\" data-end=\"2924\">\n<p data-start=\"2883\" data-end=\"2924\">Composants des joints et du syst\u00e8me de lubrification<\/p>\n<\/li>\n<li data-start=\"2925\" data-end=\"2971\">\n<p data-start=\"2927\" data-end=\"2971\">Carter de bo\u00eete de vitesses et composants structurels<\/p>\n<\/li>\n<li data-start=\"2972\" data-end=\"3026\">\n<p data-start=\"2974\" data-end=\"3026\">Pi\u00e8ces de rechange techniques et pi\u00e8ces fabriqu\u00e9es sur mesure<\/p>\n<\/li>\n<\/ul>\n<p data-start=\"3028\" data-end=\"3169\">Pour les composants obsol\u00e8tes ou difficiles \u00e0 trouver, Sentrimax propose la r\u00e9tro-ing\u00e9nierie et la fabrication sur mesure afin de restaurer la pleine fonctionnalit\u00e9 de la bo\u00eete de vitesses.<\/p>\n<hr data-start=\"3171\" data-end=\"3174\" \/>\n<h2 data-start=\"3176\" data-end=\"3224\"><strong data-start=\"3179\" data-end=\"3224\">Pourquoi la qualit\u00e9 des r\u00e9parations et des pi\u00e8ces de bo\u00eete de vitesses est importante<\/strong><\/h2>\n<p data-start=\"3226\" data-end=\"3402\">L&#039;utilisation de services de r\u00e9paration et de composants de haute qualit\u00e9 pour les r\u00e9ducteurs est essentielle au maintien de la fiabilit\u00e9 des centrifugeuses et de l&#039;efficacit\u00e9 des processus. Les solutions de r\u00e9ducteurs Sentrimax aident les op\u00e9rateurs \u00e0\u00a0:<\/p>\n<ul data-start=\"3404\" data-end=\"3639\">\n<li data-start=\"3404\" data-end=\"3449\">\n<p data-start=\"3406\" data-end=\"3449\">R\u00e9tablir une commande pr\u00e9cise de la vitesse et du couple<\/p>\n<\/li>\n<li data-start=\"3450\" data-end=\"3492\">\n<p data-start=\"3452\" data-end=\"3492\">R\u00e9duire les vibrations et les contraintes m\u00e9caniques<\/p>\n<\/li>\n<li data-start=\"3493\" data-end=\"3544\">\n<p data-start=\"3495\" data-end=\"3544\">Pr\u00e9venir les dommages secondaires aux ensembles rotatifs<\/p>\n<\/li>\n<li data-start=\"3545\" data-end=\"3591\">\n<p data-start=\"3547\" data-end=\"3591\">Prolongez la dur\u00e9e de vie de la bo\u00eete de vitesses et de la centrifugeuse.<\/p>\n<\/li>\n<li data-start=\"3592\" data-end=\"3639\">\n<p data-start=\"3594\" data-end=\"3639\">R\u00e9duction des co\u00fbts totaux d&#039;entretien et de cycle de vie<\/p>\n<\/li>\n<\/ul>\n<p data-start=\"3641\" data-end=\"3850\">Retarder les r\u00e9parations de bo\u00eetes de vitesses ou installer des pi\u00e8ces de qualit\u00e9 inf\u00e9rieure entra\u00eene souvent des pannes r\u00e9p\u00e9t\u00e9es et une augmentation des temps d&#039;arr\u00eat. Sentrimax applique un contr\u00f4le qualit\u00e9 rigoureux et une v\u00e9rification technique \u00e0 chaque r\u00e9paration et pi\u00e8ce fournie.<\/p>\n<hr data-start=\"3852\" data-end=\"3855\" \/>\n<h2 data-start=\"3857\" data-end=\"3902\"><strong data-start=\"3860\" data-end=\"3902\">Capacit\u00e9s de service des bo\u00eetes de vitesses Sentrimax<\/strong><\/h2>\n<p data-start=\"3904\" data-end=\"4086\">Sentrimax propose des services complets de r\u00e9paration, de pi\u00e8ces d\u00e9tach\u00e9es et d&#039;entretien de r\u00e9ducteurs de centrifugeuses, s&#039;appuyant sur une expertise de pointe en usinage et en ing\u00e9nierie, ainsi que sur des syst\u00e8mes de qualit\u00e9 certifi\u00e9s. Ses capacit\u00e9s comprennent\u00a0:<\/p>\n<ul data-start=\"4088\" data-end=\"4381\">\n<li data-start=\"4088\" data-end=\"4132\">\n<p data-start=\"4090\" data-end=\"4132\">Inspection et d\u00e9montage complets de la bo\u00eete de vitesses<\/p>\n<\/li>\n<li data-start=\"4133\" data-end=\"4179\">\n<p data-start=\"4135\" data-end=\"4179\">Remplacement des engrenages, roulements, arbres et joints<\/p>\n<\/li>\n<li data-start=\"4180\" data-end=\"4229\">\n<p data-start=\"4182\" data-end=\"4229\">Alignement pr\u00e9cis et r\u00e9assemblage contr\u00f4l\u00e9<\/p>\n<\/li>\n<li data-start=\"4230\" data-end=\"4278\">\n<p data-start=\"4232\" data-end=\"4278\">\u00c9valuation et correction du syst\u00e8me de lubrification<\/p>\n<\/li>\n<li data-start=\"4279\" data-end=\"4330\">\n<p data-start=\"4281\" data-end=\"4330\">Tests fonctionnels et v\u00e9rification des performances<\/p>\n<\/li>\n<li data-start=\"4331\" data-end=\"4381\">\n<p data-start=\"4333\" data-end=\"4381\">composants de remplacement conformes aux sp\u00e9cifications OEM et con\u00e7us sur mesure<\/p>\n<\/li>\n<\/ul>\n<p data-start=\"4383\" data-end=\"4541\">Lorsque des probl\u00e8mes de bo\u00eete de vitesses sont identifi\u00e9s lors de projets plus vastes d&#039;entretien ou de reconstruction de centrifugeuses, Sentrimax int\u00e8gre les r\u00e9parations de mani\u00e8re transparente afin de r\u00e9duire les temps d&#039;arr\u00eat et les co\u00fbts.<\/p>\n<p data-start=\"4543\" data-end=\"4639\">Apprenez-en davantage sur les capacit\u00e9s de service et de r\u00e9paration des centrifugeuses sur<br data-start=\"4605\" data-end=\"4608\" \/><a class=\"decorated-link\" href=\"https:\/\/sentrimax.com\/fr\/services\/?utm_source=chatgpt.com\" target=\"_new\" rel=\"noopener\" data-start=\"4608\" data-end=\"4639\">https:\/\/sentrimax.com\/services\/<\/a><\/p>\n<hr data-start=\"4641\" data-end=\"4644\" \/>\n<h2 data-start=\"4646\" data-end=\"4696\"><strong data-start=\"4649\" data-end=\"4696\">Assistance qualit\u00e9 et ing\u00e9nierie certifi\u00e9e ISO<\/strong><\/h2>\n<p data-start=\"4698\" data-end=\"4984\">Sentrimax op\u00e8re selon un syst\u00e8me de gestion de la qualit\u00e9 certifi\u00e9 ISO 9001:2015, garantissant une qualit\u00e9 d&#039;ex\u00e9cution constante, une tra\u00e7abilit\u00e9 et des r\u00e9sultats reproductibles pour toutes les r\u00e9parations de bo\u00eetes de vitesses et la fourniture de pi\u00e8ces d\u00e9tach\u00e9es. Chaque projet suit des proc\u00e9dures document\u00e9es, de l&#039;\u00e9valuation initiale \u00e0 l&#039;inspection finale.<\/p>\n<p data-start=\"4986\" data-end=\"5232\">L&#039;assistance technique est int\u00e9gr\u00e9e tout au long du processus de service. Sentrimax \u00e9value les conditions de fonctionnement, les exigences de charge et les donn\u00e9es historiques de d\u00e9faillance afin de recommander des am\u00e9liorations de conception ou des strat\u00e9gies de maintenance permettant de r\u00e9duire les probl\u00e8mes futurs de la bo\u00eete de vitesses.<\/p>\n<p data-start=\"5234\" data-end=\"5312\">Pour en savoir plus sur le proc\u00e9d\u00e9 Sentrimax, consultez le site web.<br data-start=\"5275\" data-end=\"5278\" \/><a class=\"decorated-link\" href=\"https:\/\/sentrimax.com\/fr\/our-process\/?utm_source=chatgpt.com\" target=\"_new\" rel=\"noopener\" data-start=\"5278\" data-end=\"5312\">https:\/\/sentrimax.com\/our-process\/<\/a><\/p>\n<hr data-start=\"5314\" data-end=\"5317\" \/>\n<h2 data-start=\"5319\" data-end=\"5372\"><strong data-start=\"5322\" data-end=\"5372\">Soutien aux op\u00e9rations industrielles \u00e0 D\u00e9troit, Michigan<\/strong><\/h2>\n<p data-start=\"5374\" data-end=\"5680\">Detroit (Michigan) est un p\u00f4le majeur de production, d&#039;infrastructures municipales, de production d&#039;\u00e9nergie et de transformation industrielle, o\u00f9 les syst\u00e8mes de centrifugation jouent un r\u00f4le essentiel. Sentrimax fournit aux installations de toute la r\u00e9gion m\u00e9tropolitaine de Detroit des services de r\u00e9paration de r\u00e9ducteurs rapides et un approvisionnement fiable en pi\u00e8ces d\u00e9tach\u00e9es.<\/p>\n<p data-start=\"5682\" data-end=\"5982\">Forte de son exp\u00e9rience aupr\u00e8s de clients aux \u00c9tats-Unis et au Canada, Sentrimax comprend l&#039;importance d&#039;une intervention rapide, d&#039;une communication claire et d&#039;un d\u00e9lai d&#039;ex\u00e9cution fiable. Qu&#039;il s&#039;agisse de r\u00e9parations d&#039;urgence de bo\u00eetes de vitesses ou de maintenance planifi\u00e9e, Sentrimax propose des solutions expertes \u00e0 chaque \u00e9tape.<\/p>\n<p data-start=\"5984\" data-end=\"6170\">Les secteurs d&#039;activit\u00e9 soutenus comprennent le traitement des eaux us\u00e9es municipales, la fabrication industrielle, le p\u00e9trole et le gaz, la transformation des aliments et des boissons et la production d&#039;\u00e9nergie.<br data-start=\"6134\" data-end=\"6137\" \/><a class=\"decorated-link\" href=\"https:\/\/sentrimax.com\/fr\/industries\/?utm_source=chatgpt.com\" target=\"_new\" rel=\"noopener\" data-start=\"6137\" data-end=\"6170\">https:\/\/sentrimax.com\/industries\/<\/a><\/p>\n<hr data-start=\"6172\" data-end=\"6175\" \/>\n<h2 data-start=\"6177\" data-end=\"6234\"><strong data-start=\"6180\" data-end=\"6234\">Maintenance pr\u00e9ventive et assistance tout au long du cycle de vie des bo\u00eetes de vitesses<\/strong><\/h2>\n<p data-start=\"6236\" data-end=\"6566\">Outre la r\u00e9paration des r\u00e9ducteurs de centrifugeuses et la fourniture de pi\u00e8ces d\u00e9tach\u00e9es, Sentrimax propose des services de maintenance pr\u00e9ventive et d&#039;assistance tout au long du cycle de vie, con\u00e7us pour r\u00e9duire les pannes impr\u00e9vues. Les inspections r\u00e9guli\u00e8res, l&#039;analyse des vibrations, le contr\u00f4le de la lubrification et le remplacement planifi\u00e9 des composants contribuent \u00e0 stabiliser les performances des r\u00e9ducteurs et \u00e0 prolonger la dur\u00e9e de vie des \u00e9quipements.<\/p>\n<p data-start=\"6568\" data-end=\"6740\">Sentrimax propose \u00e9galement des services de reconstruction compl\u00e8te de centrifugeuses, de r\u00e9vision de bo\u00eetes de vitesses et de conseil technique pour les installations g\u00e9rant des \u00e9quipements vieillissants ou des exigences de production accrues.<\/p>\n<p data-start=\"6742\" data-end=\"6869\">Des informations compl\u00e9mentaires sur la fiabilit\u00e9 des \u00e9quipements industriels et le soutien des infrastructures sont disponibles \u00e0 l&#039;adresse suivante\u00a0:<br data-start=\"6843\" data-end=\"6846\" \/><a class=\"decorated-link\" href=\"https:\/\/www.energy.gov\/\" target=\"_new\" rel=\"noopener\" data-start=\"6846\" data-end=\"6869\">https:\/\/www.energy.gov\/<\/a><\/p>\n<hr data-start=\"6871\" data-end=\"6874\" \/>\n<h2 data-start=\"6876\" data-end=\"6933\"><strong data-start=\"6879\" data-end=\"6933\">Un partenaire de confiance pour les solutions de bo\u00eetes de vitesses pour centrifugeuses<\/strong><\/h2>\n<p data-start=\"6935\" data-end=\"7202\">Sentrimax combine expertise technique, processus certifi\u00e9s ISO et connaissance approfondie du secteur pour fournir des solutions fiables. <strong data-start=\"7050\" data-end=\"7110\">R\u00e9paration, pi\u00e8ces et entretien de bo\u00eetes de vitesses de centrifugeuses \u00e0 Detroit, Michigan<\/strong>. Chaque solution est ax\u00e9e sur la pr\u00e9cision, la durabilit\u00e9 et la performance op\u00e9rationnelle \u00e0 long terme.<\/p>\n<hr data-start=\"7204\" data-end=\"7207\" \/>\n<h2 data-start=\"7209\" data-end=\"7256\"><strong data-start=\"7212\" data-end=\"7256\">Demandez d\u00e8s aujourd&#039;hui une assistance pour votre r\u00e9ducteur de centrifugeuse.<\/strong><\/h2>\n<p data-start=\"7258\" data-end=\"7481\">Lorsque les performances d&#039;une centrifugeuse d\u00e9pendent d&#039;une bo\u00eete de vitesses fiable, Sentrimax est l\u00e0 pour vous aider. Contactez un membre exp\u00e9riment\u00e9 de notre \u00e9quipe pour discuter de vos besoins en r\u00e9paration de bo\u00eete de vitesses, des pi\u00e8ces de rechange, des d\u00e9lais d&#039;intervention et des exigences techniques.<\/p>\n<p data-start=\"7483\" data-end=\"7537\" data-is-last-node=\"\" data-is-only-node=\"\"><strong data-start=\"7483\" data-end=\"7537\" data-is-last-node=\"\"><a class=\"decorated-link\" href=\"https:\/\/sentrimax.com\/fr\/contact\/\" target=\"_new\" rel=\"noopener\" data-start=\"7485\" data-end=\"7535\">Demandez un devis !<\/a><\/strong><\/p>","protected":false},"excerpt":{"rendered":"<p>Sentrimax provides professional centrifuge gearbox repair, parts, and service in Detroit MI, supporting industrial, municipal, and energy-sector operations that depend on reliable power transmission and precise speed control within centrifuge systems. With decades of experience servicing industrial centrifuges across North America, Sentrimax delivers comprehensive gearbox solutions designed to restore performance, minimize downtime, and extend equipment [&hellip;]<\/p>\n","protected":false},"author":3,"featured_media":0,"parent":0,"menu_order":0,"comment_status":"closed","ping_status":"closed","template":"seo-page-template.php","meta":{"_acf_changed":false,"inline_featured_image":false,"footnotes":""},"class_list":["post-2348","page","type-page","status-publish","hentry"],"acf":[],"_links":{"self":[{"href":"https:\/\/sentrimax.com\/fr\/wp-json\/wp\/v2\/pages\/2348","targetHints":{"allow":["GET"]}}],"collection":[{"href":"https:\/\/sentrimax.com\/fr\/wp-json\/wp\/v2\/pages"}],"about":[{"href":"https:\/\/sentrimax.com\/fr\/wp-json\/wp\/v2\/types\/page"}],"author":[{"embeddable":true,"href":"https:\/\/sentrimax.com\/fr\/wp-json\/wp\/v2\/users\/3"}],"replies":[{"embeddable":true,"href":"https:\/\/sentrimax.com\/fr\/wp-json\/wp\/v2\/comments?post=2348"}],"version-history":[{"count":1,"href":"https:\/\/sentrimax.com\/fr\/wp-json\/wp\/v2\/pages\/2348\/revisions"}],"predecessor-version":[{"id":2479,"href":"https:\/\/sentrimax.com\/fr\/wp-json\/wp\/v2\/pages\/2348\/revisions\/2479"}],"wp:attachment":[{"href":"https:\/\/sentrimax.com\/fr\/wp-json\/wp\/v2\/media?parent=2348"}],"curies":[{"name":"wp","href":"https:\/\/api.w.org\/{rel}","templated":true}]}}