{"id":2349,"date":"2026-01-07T18:22:17","date_gmt":"2026-01-07T18:22:17","guid":{"rendered":"https:\/\/sentrimax.com\/?page_id=2349"},"modified":"2026-04-21T21:12:50","modified_gmt":"2026-04-21T21:12:50","slug":"industrial-centrifuge-repair-services-in-detroit-mi","status":"publish","type":"page","link":"https:\/\/sentrimax.com\/fr\/industrial-centrifuge-repair-services-in-detroit-mi\/","title":{"rendered":"Services de r\u00e9paration de centrifugeuses industrielles \u00e0 D\u00e9troit, Michigan"},"content":{"rendered":"<p data-start=\"523\" data-end=\"957\"><span class=\"hover:entity-accent entity-underline inline cursor-pointer align-baseline\"><span class=\"whitespace-normal\"><img fetchpriority=\"high\" decoding=\"async\" class=\"aligncenter size-full wp-image-1613\" src=\"https:\/\/sentrimax.com\/wp-content\/uploads\/2025\/07\/Food-Bev.png\" alt=\"\" width=\"1536\" height=\"1024\" srcset=\"https:\/\/sentrimax.com\/wp-content\/uploads\/2025\/07\/Food-Bev.png 1536w, https:\/\/sentrimax.com\/wp-content\/uploads\/2025\/07\/Food-Bev-300x200.png 300w, https:\/\/sentrimax.com\/wp-content\/uploads\/2025\/07\/Food-Bev-1024x683.png 1024w, https:\/\/sentrimax.com\/wp-content\/uploads\/2025\/07\/Food-Bev-768x512.png 768w, https:\/\/sentrimax.com\/wp-content\/uploads\/2025\/07\/Food-Bev-600x400.png 600w\" sizes=\"(max-width: 1536px) 100vw, 1536px\" \/><\/span><\/span><\/p>\n<p data-start=\"523\" data-end=\"957\"><span class=\"hover:entity-accent entity-underline inline cursor-pointer align-baseline\"><span class=\"whitespace-normal\">Sentrimax<\/span><\/span> fournit des services professionnels <strong data-start=\"583\" data-end=\"638\">Services de r\u00e9paration de centrifugeuses industrielles \u00e0 D\u00e9troit, Michigan<\/strong>, Sentrimax soutient les op\u00e9rations des secteurs manufacturier, municipal et \u00e9nerg\u00e9tique qui d\u00e9pendent d&#039;\u00e9quipements de s\u00e9paration fiables. Forte de plusieurs d\u00e9cennies d&#039;exp\u00e9rience dans la maintenance de centrifugeuses industrielles en Am\u00e9rique du Nord, Sentrimax propose des solutions de r\u00e9paration fiables con\u00e7ues pour r\u00e9tablir les performances, r\u00e9duire les temps d&#039;arr\u00eat et prolonger la dur\u00e9e de vie des \u00e9quipements.<\/p>\n<p data-start=\"959\" data-end=\"1349\">Les centrifugeuses industrielles fonctionnent dans des conditions exigeantes, avec des cycles de fonctionnement continus, des vitesses de rotation \u00e9lev\u00e9es et des mat\u00e9riaux abrasifs. Au fil du temps, l&#039;usure m\u00e9canique, les d\u00e9s\u00e9quilibres ou les d\u00e9faillances de composants peuvent compromettre l&#039;efficacit\u00e9 et la s\u00e9curit\u00e9 du syst\u00e8me. Sentrimax propose des services de r\u00e9paration complets pour remettre les centrifugeuses en \u00e9tat de fonctionnement stable et fiable, tout en respectant des normes de qualit\u00e9 strictes.<\/p>\n<hr data-start=\"1351\" data-end=\"1354\" \/>\n<h2 data-start=\"1356\" data-end=\"1415\"><strong data-start=\"1359\" data-end=\"1415\">Solutions compl\u00e8tes de r\u00e9paration de centrifugeuses industrielles<\/strong><\/h2>\n<p data-start=\"1417\" data-end=\"1688\">Les services de r\u00e9paration de centrifugeuses industrielles Sentrimax prennent en charge les pannes imm\u00e9diates ainsi que les probl\u00e8mes de performance sous-jacents. Chaque intervention d\u00e9bute par une inspection et un diagnostic approfondis afin d&#039;identifier les causes profondes et de d\u00e9terminer la strat\u00e9gie de r\u00e9paration la plus efficace.<\/p>\n<p data-start=\"1690\" data-end=\"1991\">Les services de r\u00e9paration comprennent le d\u00e9montage m\u00e9canique, l&#039;inspection, la r\u00e9paration ou le remplacement des composants, le remontage et les tests fonctionnels. Qu&#039;il s&#039;agisse de roulements, de joints d&#039;\u00e9tanch\u00e9it\u00e9, de bo\u00eetes de vitesses, de syst\u00e8mes d&#039;entra\u00eenement ou d&#039;ensembles rotatifs, Sentrimax applique des m\u00e9thodes de r\u00e9paration \u00e9prouv\u00e9es pour garantir une fiabilit\u00e9 \u00e0 long terme.<\/p>\n<p data-start=\"1993\" data-end=\"2367\">Le fonctionnement s\u00fbr et efficace des centrifugeuses repose sur la force centrifuge, un \u00e9quilibrage pr\u00e9cis et une int\u00e9grit\u00e9 m\u00e9canique irr\u00e9prochable. M\u00eame de l\u00e9gers d\u00e9fauts m\u00e9caniques peuvent entra\u00eener des vibrations, une baisse de l&#039;efficacit\u00e9 de s\u00e9paration ou des dommages secondaires s&#039;ils ne sont pas corrig\u00e9s rapidement.<br data-start=\"2242\" data-end=\"2245\" \/>Des informations techniques suppl\u00e9mentaires sur le fonctionnement des centrifugeuses sont disponibles \u00e0 l&#039;adresse suivante\u00a0:<br data-start=\"2316\" data-end=\"2319\" \/><a class=\"decorated-link\" href=\"https:\/\/www.britannica.com\/technology\/centrifuge\" target=\"_new\" rel=\"noopener\" data-start=\"2319\" data-end=\"2367\">https:\/\/www.britannica.com\/technology\/centrifuge<\/a><\/p>\n<hr data-start=\"2369\" data-end=\"2372\" \/>\n<h2 data-start=\"2374\" data-end=\"2425\"><strong data-start=\"2377\" data-end=\"2425\">R\u00e9paration des probl\u00e8mes courants des centrifugeuses industrielles<\/strong><\/h2>\n<p data-start=\"2427\" data-end=\"2558\">Les techniciens de r\u00e9paration de Sentrimax traitent r\u00e9guli\u00e8rement un large \u00e9ventail de probl\u00e8mes de centrifugeuses rencontr\u00e9s dans les applications industrielles, notamment\u00a0:<\/p>\n<ul data-start=\"2560\" data-end=\"2825\">\n<li data-start=\"2560\" data-end=\"2601\">\n<p data-start=\"2562\" data-end=\"2601\">Vibrations excessives ou bruits anormaux<\/p>\n<\/li>\n<li data-start=\"2602\" data-end=\"2649\">\n<p data-start=\"2604\" data-end=\"2649\">R\u00e9duction de l&#039;efficacit\u00e9 de s\u00e9paration ou du d\u00e9bit<\/p>\n<\/li>\n<li data-start=\"2650\" data-end=\"2699\">\n<p data-start=\"2652\" data-end=\"2699\">D\u00e9faillances des roulements, des joints d&#039;\u00e9tanch\u00e9it\u00e9 ou du syst\u00e8me de lubrification<\/p>\n<\/li>\n<li data-start=\"2700\" data-end=\"2733\">\n<p data-start=\"2702\" data-end=\"2733\">usure de la bo\u00eete de vitesses et du syst\u00e8me de transmission<\/p>\n<\/li>\n<li data-start=\"2734\" data-end=\"2779\">\n<p data-start=\"2736\" data-end=\"2779\">dysfonctionnements des syst\u00e8mes \u00e9lectriques ou de contr\u00f4le<\/p>\n<\/li>\n<li data-start=\"2780\" data-end=\"2825\">\n<p data-start=\"2782\" data-end=\"2825\">Fatigue structurelle dans les ensembles rotatifs<\/p>\n<\/li>\n<\/ul>\n<p data-start=\"2827\" data-end=\"2958\">Gr\u00e2ce \u00e0 une analyse approfondie des causes et \u00e0 des r\u00e9parations de pr\u00e9cision, Sentrimax garantit que les probl\u00e8mes sont corrig\u00e9s en profondeur plut\u00f4t que masqu\u00e9s temporairement.<\/p>\n<hr data-start=\"2960\" data-end=\"2963\" \/>\n<h2 data-start=\"2965\" data-end=\"3014\"><strong data-start=\"2968\" data-end=\"3014\">Pourquoi la r\u00e9paration professionnelle des centrifugeuses est importante<\/strong><\/h2>\n<p data-start=\"3016\" data-end=\"3186\">Les services professionnels de r\u00e9paration de centrifugeuses industrielles jouent un r\u00f4le essentiel pour garantir la disponibilit\u00e9, la s\u00e9curit\u00e9 et la constance des processus. Les solutions de r\u00e9paration Sentrimax aident les op\u00e9rateurs \u00e0\u00a0:<\/p>\n<ul data-start=\"3188\" data-end=\"3388\">\n<li data-start=\"3188\" data-end=\"3219\">\n<p data-start=\"3190\" data-end=\"3219\">Minimisez les temps d&#039;arr\u00eat non planifi\u00e9s<\/p>\n<\/li>\n<li data-start=\"3220\" data-end=\"3267\">\n<p data-start=\"3222\" data-end=\"3267\">R\u00e9tablir les sp\u00e9cifications de performance d&#039;origine<\/p>\n<\/li>\n<li data-start=\"3268\" data-end=\"3302\">\n<p data-start=\"3270\" data-end=\"3302\">Prolongez la dur\u00e9e de vie de la centrifugeuse<\/p>\n<\/li>\n<li data-start=\"3303\" data-end=\"3341\">\n<p data-start=\"3305\" data-end=\"3341\">R\u00e9duire les co\u00fbts d&#039;entretien \u00e0 long terme<\/p>\n<\/li>\n<li data-start=\"3342\" data-end=\"3388\">\n<p data-start=\"3344\" data-end=\"3388\">Am\u00e9liorer la fiabilit\u00e9 et la s\u00e9curit\u00e9 op\u00e9rationnelles<\/p>\n<\/li>\n<\/ul>\n<p data-start=\"3390\" data-end=\"3580\">Retarder les r\u00e9parations ou se contenter de solutions incompl\u00e8tes entra\u00eene souvent une aggravation des d\u00e9g\u00e2ts et une augmentation des co\u00fbts. Sentrimax applique un contr\u00f4le qualit\u00e9 rigoureux et une supervision technique \u00e0 chaque projet de r\u00e9paration.<\/p>\n<hr data-start=\"3582\" data-end=\"3585\" \/>\n<h2 data-start=\"3587\" data-end=\"3634\"><strong data-start=\"3590\" data-end=\"3634\">Capacit\u00e9s de r\u00e9paration industrielle de Sentrimax<\/strong><\/h2>\n<p data-start=\"3636\" data-end=\"3796\">Sentrimax propose des services complets de r\u00e9paration de centrifugeuses industrielles, s&#039;appuyant sur une expertise pointue en usinage, fabrication et ing\u00e9nierie. Ses capacit\u00e9s comprennent\u00a0:<\/p>\n<ul data-start=\"3798\" data-end=\"4089\">\n<li data-start=\"3798\" data-end=\"3845\">\n<p data-start=\"3800\" data-end=\"3845\">D\u00e9montage et inspection complets de la centrifugeuse<\/p>\n<\/li>\n<li data-start=\"3846\" data-end=\"3908\">\n<p data-start=\"3848\" data-end=\"3908\">r\u00e9paration ou remplacement des roulements, des joints et des ensembles rotatifs<\/p>\n<\/li>\n<li data-start=\"3909\" data-end=\"3945\">\n<p data-start=\"3911\" data-end=\"3945\">Service de bo\u00eete de vitesses et de syst\u00e8me de transmission<\/p>\n<\/li>\n<li data-start=\"3946\" data-end=\"3991\">\n<p data-start=\"3948\" data-end=\"3991\">Alignement de pr\u00e9cision et \u00e9quilibrage dynamique<\/p>\n<\/li>\n<li data-start=\"3992\" data-end=\"4037\">\n<p data-start=\"3994\" data-end=\"4037\">Diagnostic des syst\u00e8mes \u00e9lectriques et de contr\u00f4le<\/p>\n<\/li>\n<li data-start=\"4038\" data-end=\"4089\">\n<p data-start=\"4040\" data-end=\"4089\">Tests fonctionnels et v\u00e9rification des performances<\/p>\n<\/li>\n<\/ul>\n<p data-start=\"4091\" data-end=\"4303\">Des composants de rechange conformes aux sp\u00e9cifications du fabricant ou con\u00e7us par un ing\u00e9nieur sont utilis\u00e9s pour garantir un montage parfait et un fonctionnement fiable. Pour les pi\u00e8ces obsol\u00e8tes ou difficiles \u00e0 trouver, Sentrimax propose des solutions de fabrication sur mesure et de r\u00e9tro-ing\u00e9nierie.<\/p>\n<p data-start=\"4305\" data-end=\"4401\">Apprenez-en davantage sur les capacit\u00e9s de r\u00e9paration et d&#039;entretien des centrifugeuses sur<br data-start=\"4367\" data-end=\"4370\" \/><a class=\"decorated-link\" href=\"https:\/\/sentrimax.com\/fr\/services\/?utm_source=chatgpt.com\" target=\"_new\" rel=\"noopener\" data-start=\"4370\" data-end=\"4401\">https:\/\/sentrimax.com\/services\/<\/a><\/p>\n<hr data-start=\"4403\" data-end=\"4406\" \/>\n<h2 data-start=\"4408\" data-end=\"4458\"><strong data-start=\"4411\" data-end=\"4458\">Assistance qualit\u00e9 et ing\u00e9nierie certifi\u00e9e ISO<\/strong><\/h2>\n<p data-start=\"4460\" data-end=\"4750\">Sentrimax op\u00e8re selon un syst\u00e8me de gestion de la qualit\u00e9 certifi\u00e9 ISO 9001:2015, garantissant une qualit\u00e9 d&#039;ex\u00e9cution constante, une tra\u00e7abilit\u00e9 et des r\u00e9sultats reproductibles pour tous ses projets de r\u00e9paration de centrifugeuses industrielles. Chaque r\u00e9paration suit des proc\u00e9dures document\u00e9es, de l&#039;\u00e9valuation initiale \u00e0 l&#039;inspection finale.<\/p>\n<p data-start=\"4752\" data-end=\"5007\">L&#039;assistance technique est int\u00e9gr\u00e9e au processus de r\u00e9paration. Sentrimax \u00e9value les conditions d&#039;exploitation, les tendances de d\u00e9faillance et les exigences de performance afin de recommander des am\u00e9liorations de conception ou des strat\u00e9gies de maintenance permettant de r\u00e9duire les probl\u00e8mes futurs et d&#039;am\u00e9liorer la fiabilit\u00e9.<\/p>\n<p data-start=\"5009\" data-end=\"5087\">Pour en savoir plus sur le proc\u00e9d\u00e9 Sentrimax, consultez le site web.<br data-start=\"5050\" data-end=\"5053\" \/><a class=\"decorated-link\" href=\"https:\/\/sentrimax.com\/fr\/our-process\/?utm_source=chatgpt.com\" target=\"_new\" rel=\"noopener\" data-start=\"5053\" data-end=\"5087\">https:\/\/sentrimax.com\/our-process\/<\/a><\/p>\n<hr data-start=\"5089\" data-end=\"5092\" \/>\n<h2 data-start=\"5094\" data-end=\"5147\"><strong data-start=\"5097\" data-end=\"5147\">Soutien aux op\u00e9rations industrielles \u00e0 D\u00e9troit, Michigan<\/strong><\/h2>\n<p data-start=\"5149\" data-end=\"5475\">Detroit (Michigan) est un p\u00f4le majeur de production manufacturi\u00e8re, d&#039;infrastructures municipales, de production d&#039;\u00e9nergie et de transformation industrielle, o\u00f9 les centrifugeuses jouent un r\u00f4le essentiel. Sentrimax fournit aux installations de toute la r\u00e9gion m\u00e9tropolitaine de Detroit des services de r\u00e9paration de centrifugeuses industrielles r\u00e9actifs et adapt\u00e9s aux environnements d&#039;exploitation les plus exigeants.<\/p>\n<p data-start=\"5477\" data-end=\"5780\">Forte de son exp\u00e9rience aupr\u00e8s de clients aux \u00c9tats-Unis et au Canada, Sentrimax comprend l&#039;importance de d\u00e9lais d&#039;intervention fiables, d&#039;une communication claire et d&#039;une ex\u00e9cution experte. Qu&#039;il s&#039;agisse de r\u00e9parations d&#039;urgence ou d&#039;entretien planifi\u00e9, Sentrimax assure un soutien fiable du d\u00e9but \u00e0 la fin.<\/p>\n<p data-start=\"5782\" data-end=\"5983\">Les industries soutenues comprennent le traitement des eaux us\u00e9es municipales, la fabrication automobile et industrielle, le p\u00e9trole et le gaz, la transformation des aliments et des boissons et la production d&#039;\u00e9nergie.<br data-start=\"5947\" data-end=\"5950\" \/><a class=\"decorated-link\" href=\"https:\/\/sentrimax.com\/fr\/industries\/?utm_source=chatgpt.com\" target=\"_new\" rel=\"noopener\" data-start=\"5950\" data-end=\"5983\">https:\/\/sentrimax.com\/industries\/<\/a><\/p>\n<hr data-start=\"5985\" data-end=\"5988\" \/>\n<h2 data-start=\"5990\" data-end=\"6039\"><strong data-start=\"5993\" data-end=\"6039\">Maintenance pr\u00e9ventive et assistance tout au long du cycle de vie<\/strong><\/h2>\n<p data-start=\"6041\" data-end=\"6364\">Outre ses services de r\u00e9paration de centrifugeuses industrielles, Sentrimax propose des programmes de maintenance pr\u00e9ventive et d&#039;assistance tout au long du cycle de vie con\u00e7us pour r\u00e9duire les pannes impr\u00e9vues. Les inspections r\u00e9guli\u00e8res, la surveillance des vibrations et le remplacement planifi\u00e9 des composants permettent aux installations de g\u00e9rer la maintenance de mani\u00e8re proactive et d&#039;am\u00e9liorer la fiabilit\u00e9 \u00e0 long terme.<\/p>\n<p data-start=\"6366\" data-end=\"6529\">Sentrimax propose \u00e9galement des services de remise \u00e0 neuf de centrifugeuses, de location d&#039;\u00e9quipements et de conseil technique pour les installations g\u00e9rant des \u00e9quipements vieillissants ou des exigences de production accrues.<\/p>\n<p data-start=\"6531\" data-end=\"6658\">Des informations compl\u00e9mentaires sur la fiabilit\u00e9 des \u00e9quipements industriels et le soutien des infrastructures sont disponibles \u00e0 l&#039;adresse suivante\u00a0:<br data-start=\"6632\" data-end=\"6635\" \/><a class=\"decorated-link\" href=\"https:\/\/www.energy.gov\/\" target=\"_new\" rel=\"noopener\" data-start=\"6635\" data-end=\"6658\">https:\/\/www.energy.gov\/<\/a><\/p>\n<hr data-start=\"6660\" data-end=\"6663\" \/>\n<h2 data-start=\"6665\" data-end=\"6722\"><strong data-start=\"6668\" data-end=\"6722\">Un partenaire de confiance pour la r\u00e9paration de centrifugeuses industrielles<\/strong><\/h2>\n<p data-start=\"6724\" data-end=\"6995\">Sentrimax combine expertise technique, processus certifi\u00e9s ISO et connaissance approfondie du secteur pour fournir des solutions fiables. <strong data-start=\"6839\" data-end=\"6894\">Services de r\u00e9paration de centrifugeuses industrielles \u00e0 D\u00e9troit, Michigan<\/strong>. Chaque r\u00e9paration est effectu\u00e9e en mettant l&#039;accent sur la s\u00e9curit\u00e9, la pr\u00e9cision et la performance op\u00e9rationnelle \u00e0 long terme.<\/p>\n<hr data-start=\"6997\" data-end=\"7000\" \/>\n<h2 data-start=\"7002\" data-end=\"7059\"><strong data-start=\"7005\" data-end=\"7059\">Demandez d\u00e8s aujourd&#039;hui une assistance pour la r\u00e9paration de votre centrifugeuse industrielle.<\/strong><\/h2>\n<p data-start=\"7061\" data-end=\"7249\">Lorsque les performances de votre centrifugeuse sont essentielles \u00e0 votre activit\u00e9, Sentrimax est l\u00e0 pour vous aider. Contactez un membre exp\u00e9riment\u00e9 de notre \u00e9quipe pour discuter de vos besoins en r\u00e9paration, des d\u00e9lais et des exigences techniques.<\/p>\n<p data-start=\"7251\" data-end=\"7305\" data-is-last-node=\"\" data-is-only-node=\"\"><strong data-start=\"7251\" data-end=\"7305\" data-is-last-node=\"\"><a class=\"decorated-link\" href=\"https:\/\/sentrimax.com\/fr\/contact\/\" target=\"_new\" rel=\"noopener\" data-start=\"7253\" data-end=\"7303\">Demandez un devis !<\/a><\/strong><\/p>","protected":false},"excerpt":{"rendered":"<p>Sentrimax provides professional industrial centrifuge repair services in Detroit MI, supporting manufacturing, municipal, and energy-sector operations that depend on reliable separation equipment. With decades of experience servicing industrial centrifuges across North America, Sentrimax delivers dependable repair solutions designed to restore performance, reduce downtime, and extend equipment life. Industrial centrifuges operate under demanding conditions involving continuous [&hellip;]<\/p>\n","protected":false},"author":3,"featured_media":0,"parent":0,"menu_order":0,"comment_status":"closed","ping_status":"closed","template":"seo-page-template.php","meta":{"_acf_changed":false,"inline_featured_image":false,"footnotes":""},"class_list":["post-2349","page","type-page","status-publish","hentry"],"acf":[],"_links":{"self":[{"href":"https:\/\/sentrimax.com\/fr\/wp-json\/wp\/v2\/pages\/2349","targetHints":{"allow":["GET"]}}],"collection":[{"href":"https:\/\/sentrimax.com\/fr\/wp-json\/wp\/v2\/pages"}],"about":[{"href":"https:\/\/sentrimax.com\/fr\/wp-json\/wp\/v2\/types\/page"}],"author":[{"embeddable":true,"href":"https:\/\/sentrimax.com\/fr\/wp-json\/wp\/v2\/users\/3"}],"replies":[{"embeddable":true,"href":"https:\/\/sentrimax.com\/fr\/wp-json\/wp\/v2\/comments?post=2349"}],"version-history":[{"count":1,"href":"https:\/\/sentrimax.com\/fr\/wp-json\/wp\/v2\/pages\/2349\/revisions"}],"predecessor-version":[{"id":2478,"href":"https:\/\/sentrimax.com\/fr\/wp-json\/wp\/v2\/pages\/2349\/revisions\/2478"}],"wp:attachment":[{"href":"https:\/\/sentrimax.com\/fr\/wp-json\/wp\/v2\/media?parent=2349"}],"curies":[{"name":"wp","href":"https:\/\/api.w.org\/{rel}","templated":true}]}}